{"id":24713,"date":"2023-08-14T05:40:20","date_gmt":"2023-08-14T05:40:20","guid":{"rendered":"https:\/\/www.artestar.eu\/al-por-mayor\/sechseckiges-haengendes-steinprisma\/"},"modified":"2024-11-09T02:54:03","modified_gmt":"2024-11-09T02:54:03","slug":"sechskant-hexagonal-pendant-stein-prisma","status":"publish","type":"product","link":"https:\/\/www.artestar.eu\/de\/gro\u00dfhandel\/sechskant-hexagonal-pendant-stein-prisma\/","title":{"rendered":"Sechseckiges h\u00e4ngendes Steinprisma"},"content":{"rendered":"<p>Sechseckiger Prisma-Steinanh\u00e4nger: Diese Natursteinperlen-Anh\u00e4nger haben eine sechseckige Prismenform, die sowohl modern als auch klassisch ist und sich f\u00fcr verschiedene Anl\u00e4sse eignet. Sie sind glatt poliert und sehr angenehm zu tragen. Au\u00dferdem hat jeder Edelstein seine eigene einzigartige Farbe und Energie.<\/p>\n<ul>\n<li>Das Tragen unserer nat\u00fcrlichen Halbedelstein-Anh\u00e4nger kann Stress und \u00c4ngste lindern. Sie vermitteln positive psychologische Botschaften und eine optimistische Lebenseinstellung und sollen kosmische Energie auf den K\u00f6rper \u00fcbertragen.<\/li>\n<li>Das Loch aus rostfreiem Stahl an der Oberseite des Schmuckanh\u00e4ngers ist f\u00fcr ein Gewinde ausgelegt. Es wird h\u00e4ufig mit anderen Produkten wie Ketten, Befestigungselementen usw. kombiniert. So k\u00f6nnen Sie Ihr eigenes handgefertigtes Projekt verwirklichen: Genie\u00dfen Sie den Spa\u00df am handgefertigten Schmuck!<\/li>\n<li>Diese filigranen Steinanh\u00e4nger lassen sich mit anderem Metallzubeh\u00f6r, Kristallen, Perlen und Muscheln kombinieren, um Modeschmuck, Halsketten, Armb\u00e4nder, Ohrringe, Wohnaccessoires und vieles mehr zu kreieren, das Sie sich w\u00fcnschen. Wenn Sie diesen Anh\u00e4nger bei wichtigen Anl\u00e4ssen wie Abendessen, Partys oder Feiern tragen, ziehen Sie die Aufmerksamkeit auf sich und zeigen Ihren einzigartigen Geschmack und Stil. Es ist nicht nur ein perfektes Geschenk, sondern wird auch mit den besten W\u00fcnschen geliefert.<\/li>\n<\/ul>\n<p><img decoding=\"async\" class=\"alignnone size-full wp-image-9979\" src=\"https:\/\/www.artestar.eu%E2%80%8B%E2%80%8B%E2%80%8B%E2%80%8B\/wp-content\/uploads\/2023\/08\/Hexagonal-prism-stone-pendant-02.jpg\" alt=\"Sechseckiges h\u00e4ngendes Steinprisma\" width=\"600\" height=\"600\" srcset=\"https:\/\/www.artestar.eu\/wp-content\/uploads\/2023\/08\/Hexagonal-prism-stone-pendant-02.jpg 600w, https:\/\/www.artestar.eu\/wp-content\/uploads\/2023\/08\/Hexagonal-prism-stone-pendant-02-300x300.jpg 300w, https:\/\/www.artestar.eu\/wp-content\/uploads\/2023\/08\/Hexagonal-prism-stone-pendant-02-150x150.jpg 150w, https:\/\/www.artestar.eu\/wp-content\/uploads\/2023\/08\/Hexagonal-prism-stone-pendant-02-450x450.jpg 450w, https:\/\/www.artestar.eu\/wp-content\/uploads\/2023\/08\/Hexagonal-prism-stone-pendant-02-54x54.jpg 54w\" sizes=\"(max-width: 600px) 100vw, 600px\" \/><\/p>\n<h5>H\u00e4ngendes sechseckiges Prisma aus Naturstein<\/h5>\n<ul>\n<li>Verschiedene Halbedelsteine haben unterschiedliche Energien und k\u00f6nnen f\u00fcr sich allein ausgew\u00e4hlt werden. So gilt der Amethyst oft als Symbol f\u00fcr Ruhe, Gelassenheit und Weisheit, der gr\u00fcne Stein wird mit geistigem Gleichgewicht, Kreativit\u00e4t und Heilenergie in Verbindung gebracht, und der Saphir symbolisiert wahre Liebe und Treue.<\/li>\n<\/ul>\n<p><strong>Vorsichtsma\u00dfnahmen:<\/strong><\/p>\n<ul>\n<li>Aufgrund von Unterschieden bei Monitoren und Aufl\u00f6sung k\u00f6nnen die Farben der Bilder geringf\u00fcgig von den tats\u00e4chlichen Farben abweichen.<\/li>\n<li>Steinperlen sollten vor intensiver Sonneneinstrahlung gesch\u00fctzt werden, um die Textur und Farbe des Steins nicht zu besch\u00e4digen.<\/li>\n<\/ul>\n","protected":false},"excerpt":{"rendered":"<ul>\n<li>Menge: 1 Stk.<\/li>\n<li>Gr\u00f6\u00dfe: ca. 31 x 8 x 8 x 8 mm, Bohrung: ca. 5 x 3 mm<\/li>\n<li>Aufgrund von Faktoren wie Licht oder nat\u00fcrlichen Schwankungen der verwendeten Materialien kann das Produkt in Farbe und Form leicht variieren.<\/li>\n<\/ul>\n","protected":false},"featured_media":23690,"comment_status":"open","ping_status":"closed","template":"","meta":[],"product_cat":[1088,1100],"product_tag":[],"yoast_head":"<!-- This site is optimized with the Yoast SEO Premium plugin v20.5 (Yoast SEO v21.5) - https:\/\/yoast.com\/wordpress\/plugins\/seo\/ -->\n<title>Sechseckiger Prismenstein-Anh\u00e4nger -sitename%%%%<\/title>\n<meta name=\"description\" content=\"Der sechseckige Prismenstein-Anh\u00e4nger ist ein zartes Schmuckst\u00fcck mit einzigartigem Design und sch\u00f6nem Aussehen.\" \/>\n<meta name=\"robots\" content=\"index, follow, max-snippet:-1, max-image-preview:large, max-video-preview:-1\" \/>\n<link rel=\"canonical\" href=\"https:\/\/www.artestar.eu\/de\/gro\u00dfhandel\/sechskant-hexagonal-pendant-stein-prisma\/\" \/>\n<meta property=\"og:locale\" content=\"de_DE\" \/>\n<meta property=\"og:type\" content=\"article\" \/>\n<meta property=\"og:title\" content=\"Sechseckiges h\u00e4ngendes Steinprisma\" \/>\n<meta property=\"og:description\" content=\"Der sechseckige Prismenstein-Anh\u00e4nger ist ein zartes Schmuckst\u00fcck mit einzigartigem Design und sch\u00f6nem Aussehen.\" \/>\n<meta property=\"og:url\" content=\"https:\/\/www.artestar.eu\/de\/gro\u00dfhandel\/sechskant-hexagonal-pendant-stein-prisma\/\" \/>\n<meta property=\"og:site_name\" content=\"Artestar\" \/>\n<meta property=\"article:publisher\" content=\"https:\/\/www.facebook.com\/ARTESTAREU\" \/>\n<meta property=\"article:modified_time\" content=\"2024-11-09T02:54:03+00:00\" \/>\n<meta property=\"og:image\" content=\"https:\/\/www.artestar.eu\/wp-content\/uploads\/2023\/08\/Hexagonal-prism-stone-pendant.jpg\" \/>\n\t<meta property=\"og:image:width\" content=\"600\" \/>\n\t<meta property=\"og:image:height\" content=\"600\" \/>\n\t<meta property=\"og:image:type\" content=\"image\/jpeg\" \/>\n<meta name=\"twitter:card\" content=\"summary_large_image\" \/>\n<meta name=\"twitter:label1\" content=\"Availability\" \/>\n\t<meta name=\"twitter:data1\" content=\"Auf Lager\" \/>\n<script type=\"application\/ld+json\" class=\"yoast-schema-graph\">{\"@context\":\"https:\/\/schema.org\",\"@graph\":[{\"@type\":\"WebPage\",\"@id\":\"https:\/\/www.artestar.eu\/de\/gro\u00dfhandel\/sechskant-hexagonal-pendant-stein-prisma\/\",\"url\":\"https:\/\/www.artestar.eu\/de\/gro\u00dfhandel\/sechskant-hexagonal-pendant-stein-prisma\/\",\"name\":\"Sechseckiger Prismenstein-Anh\u00e4nger -sitename%%%%\",\"isPartOf\":{\"@id\":\"https:\/\/www.artestar.eu\/de\/#website\"},\"datePublished\":\"2023-08-14T05:40:20+00:00\",\"dateModified\":\"2024-11-09T02:54:03+00:00\",\"description\":\"Der sechseckige Prismenstein-Anh\u00e4nger ist ein zartes Schmuckst\u00fcck mit einzigartigem Design und sch\u00f6nem Aussehen.\",\"breadcrumb\":{\"@id\":\"https:\/\/www.artestar.eu\/de\/gro\u00dfhandel\/sechskant-hexagonal-pendant-stein-prisma\/#breadcrumb\"},\"inLanguage\":\"de-DE\",\"potentialAction\":[{\"@type\":\"ReadAction\",\"target\":[\"https:\/\/www.artestar.eu\/de\/gro\u00dfhandel\/sechskant-hexagonal-pendant-stein-prisma\/\"]}]},{\"@type\":\"BreadcrumbList\",\"@id\":\"https:\/\/www.artestar.eu\/de\/gro\u00dfhandel\/sechskant-hexagonal-pendant-stein-prisma\/#breadcrumb\",\"itemListElement\":[{\"@type\":\"ListItem\",\"position\":1,\"name\":\"Artestar\",\"item\":\"https:\/\/www.artestar.eu\/de\/\"},{\"@type\":\"ListItem\",\"position\":2,\"name\":\"Gro\u00dfhandel\",\"item\":\"https:\/\/www.artestar.eu\/de\/grosshandel\/\"},{\"@type\":\"ListItem\",\"position\":3,\"name\":\"Sechseckiges h\u00e4ngendes Steinprisma\"}]},{\"@type\":\"WebSite\",\"@id\":\"https:\/\/www.artestar.eu\/de\/#website\",\"url\":\"https:\/\/www.artestar.eu\/de\/\",\"name\":\"Artestar\",\"description\":\"Mayorista en abalorios y joyer\u00eda\",\"publisher\":{\"@id\":\"https:\/\/www.artestar.eu\/de\/#organization\"},\"alternateName\":\"Artestar-EU\",\"potentialAction\":[{\"@type\":\"SearchAction\",\"target\":{\"@type\":\"EntryPoint\",\"urlTemplate\":\"https:\/\/www.artestar.eu\/de\/?s={search_term_string}\"},\"query-input\":\"required name=search_term_string\"}],\"inLanguage\":\"de-DE\"},{\"@type\":[\"Organization\",\"Place\"],\"@id\":\"https:\/\/www.artestar.eu\/de\/#organization\",\"name\":\"RUBY ABALORIO S.L.\",\"alternateName\":\"Artestar\",\"url\":\"https:\/\/www.artestar.eu\/de\/\",\"logo\":{\"@id\":\"https:\/\/www.artestar.eu\/de\/gro\u00dfhandel\/sechskant-hexagonal-pendant-stein-prisma\/#local-main-organization-logo\"},\"image\":{\"@id\":\"https:\/\/www.artestar.eu\/de\/gro\u00dfhandel\/sechskant-hexagonal-pendant-stein-prisma\/#local-main-organization-logo\"},\"sameAs\":[\"https:\/\/www.facebook.com\/ARTESTAREU\",\"https:\/\/www.instagram.com\/artestareu\/\",\"https:\/\/www.pinterest.es\/artestar_eu\/\",\"https:\/\/www.tiktok.com\/@artestar_wholesale\"],\"openingHoursSpecification\":[{\"@type\":\"OpeningHoursSpecification\",\"dayOfWeek\":[\"Monday\",\"Tuesday\",\"Wednesday\",\"Thursday\",\"Friday\",\"Saturday\",\"Sunday\"],\"opens\":\"09:00\",\"closes\":\"17:00\"}]},{\"@type\":\"ImageObject\",\"inLanguage\":\"de-DE\",\"@id\":\"https:\/\/www.artestar.eu\/de\/gro\u00dfhandel\/sechskant-hexagonal-pendant-stein-prisma\/#local-main-organization-logo\",\"url\":\"https:\/\/www.artestar.eu\/wp-content\/uploads\/2023\/05\/cropped-png.png\",\"contentUrl\":\"https:\/\/www.artestar.eu\/wp-content\/uploads\/2023\/05\/cropped-png.png\",\"width\":512,\"height\":512,\"caption\":\"RUBY ABALORIO S.L.\"}]}<\/script>\n<meta property=\"og:availability\" content=\"instock\" \/>\n<meta property=\"product:availability\" content=\"instock\" \/>\n<meta property=\"product:retailer_item_id\" content=\"BS-GZ-LJZ0001-LJZ0032\" \/>\n<meta property=\"product:condition\" content=\"new\" \/>\n<!-- \/ Yoast SEO Premium plugin. -->","yoast_head_json":{"title":"Sechseckiger Prismenstein-Anh\u00e4nger -sitename%%%%","description":"Der sechseckige Prismenstein-Anh\u00e4nger ist ein zartes Schmuckst\u00fcck mit einzigartigem Design und sch\u00f6nem Aussehen.","robots":{"index":"index","follow":"follow","max-snippet":"max-snippet:-1","max-image-preview":"max-image-preview:large","max-video-preview":"max-video-preview:-1"},"canonical":"https:\/\/www.artestar.eu\/de\/gro\u00dfhandel\/sechskant-hexagonal-pendant-stein-prisma\/","og_locale":"de_DE","og_type":"article","og_title":"Sechseckiges h\u00e4ngendes Steinprisma","og_description":"Der sechseckige Prismenstein-Anh\u00e4nger ist ein zartes Schmuckst\u00fcck mit einzigartigem Design und sch\u00f6nem Aussehen.","og_url":"https:\/\/www.artestar.eu\/de\/gro\u00dfhandel\/sechskant-hexagonal-pendant-stein-prisma\/","og_site_name":"Artestar","article_publisher":"https:\/\/www.facebook.com\/ARTESTAREU","article_modified_time":"2024-11-09T02:54:03+00:00","og_image":[{"width":600,"height":600,"url":"https:\/\/www.artestar.eu\/wp-content\/uploads\/2023\/08\/Hexagonal-prism-stone-pendant.jpg","type":"image\/jpeg"}],"twitter_card":"summary_large_image","twitter_misc":{"Availability":"Auf Lager"},"schema":{"@context":"https:\/\/schema.org","@graph":[{"@type":"WebPage","@id":"https:\/\/www.artestar.eu\/de\/gro\u00dfhandel\/sechskant-hexagonal-pendant-stein-prisma\/","url":"https:\/\/www.artestar.eu\/de\/gro\u00dfhandel\/sechskant-hexagonal-pendant-stein-prisma\/","name":"Sechseckiger Prismenstein-Anh\u00e4nger -sitename%%%%","isPartOf":{"@id":"https:\/\/www.artestar.eu\/de\/#website"},"datePublished":"2023-08-14T05:40:20+00:00","dateModified":"2024-11-09T02:54:03+00:00","description":"Der sechseckige Prismenstein-Anh\u00e4nger ist ein zartes Schmuckst\u00fcck mit einzigartigem Design und sch\u00f6nem Aussehen.","breadcrumb":{"@id":"https:\/\/www.artestar.eu\/de\/gro\u00dfhandel\/sechskant-hexagonal-pendant-stein-prisma\/#breadcrumb"},"inLanguage":"de-DE","potentialAction":[{"@type":"ReadAction","target":["https:\/\/www.artestar.eu\/de\/gro\u00dfhandel\/sechskant-hexagonal-pendant-stein-prisma\/"]}]},{"@type":"BreadcrumbList","@id":"https:\/\/www.artestar.eu\/de\/gro\u00dfhandel\/sechskant-hexagonal-pendant-stein-prisma\/#breadcrumb","itemListElement":[{"@type":"ListItem","position":1,"name":"Artestar","item":"https:\/\/www.artestar.eu\/de\/"},{"@type":"ListItem","position":2,"name":"Gro\u00dfhandel","item":"https:\/\/www.artestar.eu\/de\/grosshandel\/"},{"@type":"ListItem","position":3,"name":"Sechseckiges h\u00e4ngendes Steinprisma"}]},{"@type":"WebSite","@id":"https:\/\/www.artestar.eu\/de\/#website","url":"https:\/\/www.artestar.eu\/de\/","name":"Artestar","description":"Mayorista en abalorios y joyer\u00eda","publisher":{"@id":"https:\/\/www.artestar.eu\/de\/#organization"},"alternateName":"Artestar-EU","potentialAction":[{"@type":"SearchAction","target":{"@type":"EntryPoint","urlTemplate":"https:\/\/www.artestar.eu\/de\/?s={search_term_string}"},"query-input":"required name=search_term_string"}],"inLanguage":"de-DE"},{"@type":["Organization","Place"],"@id":"https:\/\/www.artestar.eu\/de\/#organization","name":"RUBY ABALORIO S.L.","alternateName":"Artestar","url":"https:\/\/www.artestar.eu\/de\/","logo":{"@id":"https:\/\/www.artestar.eu\/de\/gro\u00dfhandel\/sechskant-hexagonal-pendant-stein-prisma\/#local-main-organization-logo"},"image":{"@id":"https:\/\/www.artestar.eu\/de\/gro\u00dfhandel\/sechskant-hexagonal-pendant-stein-prisma\/#local-main-organization-logo"},"sameAs":["https:\/\/www.facebook.com\/ARTESTAREU","https:\/\/www.instagram.com\/artestareu\/","https:\/\/www.pinterest.es\/artestar_eu\/","https:\/\/www.tiktok.com\/@artestar_wholesale"],"openingHoursSpecification":[{"@type":"OpeningHoursSpecification","dayOfWeek":["Monday","Tuesday","Wednesday","Thursday","Friday","Saturday","Sunday"],"opens":"09:00","closes":"17:00"}]},{"@type":"ImageObject","inLanguage":"de-DE","@id":"https:\/\/www.artestar.eu\/de\/gro\u00dfhandel\/sechskant-hexagonal-pendant-stein-prisma\/#local-main-organization-logo","url":"https:\/\/www.artestar.eu\/wp-content\/uploads\/2023\/05\/cropped-png.png","contentUrl":"https:\/\/www.artestar.eu\/wp-content\/uploads\/2023\/05\/cropped-png.png","width":512,"height":512,"caption":"RUBY ABALORIO S.L."}]},"og_availability":"instock","product_availability":"instock","product_retailer_item_id":"BS-GZ-LJZ0001-LJZ0032","product_condition":"new"},"tiered_pricing_type":"fixed","tiered_pricing_fixed_rules":[],"tiered_pricing_percentage_rules":[],"tiered_pricing_minimum":null,"_administrator_tiered_pricing_type":"fixed","_administrator_tiered_pricing_fixed_rules":[],"_editor_tiered_pricing_type":"fixed","_editor_tiered_pricing_fixed_rules":[],"_author_tiered_pricing_type":"fixed","_author_tiered_pricing_fixed_rules":[],"_contributor_tiered_pricing_type":"fixed","_contributor_tiered_pricing_fixed_rules":[],"_subscriber_tiered_pricing_type":"fixed","_subscriber_tiered_pricing_fixed_rules":[],"_wpseo_manager_tiered_pricing_type":"fixed","_wpseo_manager_tiered_pricing_fixed_rules":[],"_wpseo_editor_tiered_pricing_type":"fixed","_wpseo_editor_tiered_pricing_fixed_rules":[],"_customer_tiered_pricing_type":"fixed","_customer_tiered_pricing_fixed_rules":[],"_shop_manager_tiered_pricing_type":"fixed","_shop_manager_tiered_pricing_fixed_rules":[],"_product_manager_tiered_pricing_type":"fixed","_product_manager_tiered_pricing_fixed_rules":[],"_links":{"self":[{"href":"https:\/\/www.artestar.eu\/de\/wp-json\/wp\/v2\/product\/24713"}],"collection":[{"href":"https:\/\/www.artestar.eu\/de\/wp-json\/wp\/v2\/product"}],"about":[{"href":"https:\/\/www.artestar.eu\/de\/wp-json\/wp\/v2\/types\/product"}],"replies":[{"embeddable":true,"href":"https:\/\/www.artestar.eu\/de\/wp-json\/wp\/v2\/comments?post=24713"}],"version-history":[{"count":2,"href":"https:\/\/www.artestar.eu\/de\/wp-json\/wp\/v2\/product\/24713\/revisions"}],"predecessor-version":[{"id":35329,"href":"https:\/\/www.artestar.eu\/de\/wp-json\/wp\/v2\/product\/24713\/revisions\/35329"}],"wp:featuredmedia":[{"embeddable":true,"href":"https:\/\/www.artestar.eu\/de\/wp-json\/wp\/v2\/media\/23690"}],"wp:attachment":[{"href":"https:\/\/www.artestar.eu\/de\/wp-json\/wp\/v2\/media?parent=24713"}],"wp:term":[{"taxonomy":"product_cat","embeddable":true,"href":"https:\/\/www.artestar.eu\/de\/wp-json\/wp\/v2\/product_cat?post=24713"},{"taxonomy":"product_tag","embeddable":true,"href":"https:\/\/www.artestar.eu\/de\/wp-json\/wp\/v2\/product_tag?post=24713"}],"curies":[{"name":"wp","href":"https:\/\/api.w.org\/{rel}","templated":true}]}}