{"id":25390,"date":"2023-05-26T02:51:16","date_gmt":"2023-05-26T02:51:16","guid":{"rendered":"https:\/\/www.artestar.eu\/al-por-mayor\/piedras-sueltas-grandes-500g\/"},"modified":"2023-10-26T06:20:26","modified_gmt":"2023-10-26T06:20:26","slug":"lose-halbedelsteine","status":"publish","type":"product","link":"https:\/\/www.artestar.eu\/de\/gro\u00dfhandel\/lose-halbedelsteine\/","title":{"rendered":"Gro\u00dfe lose Steine 500g"},"content":{"rendered":"<h3>Lose Halbedelsteine durch zuf\u00e4llige Vermischung<\/h3>\n<ul>\n<li>Gro\u00dfe lose Steine: Die meisten haben eine quadratische Form und messen ca. 25mm x 20mm x 20mm.<\/li>\n<li>Kleine lose Steine: Jeder hat eine andere Form und misst ca. halb so gro\u00dfe lose Steine.<\/li>\n<\/ul>\n<h5>Charaktereigenschaften:<\/h5>\n<p>Gr\u00f6\u00dfenvergleich zwischen gro\u00df (links) und klein (rechts)<\/p>\n<p><img decoding=\"async\" class=\"wp-image-4577\" src=\"https:\/\/www.artestar.eu%E2%80%8B%E2%80%8B%E2%80%8B%E2%80%8B\/wp-content\/uploads\/2023\/05\/semi-precious-stones-beads-healing-crystals-polishing-mixed.jpg\" alt=\"Heilkristalle aus Halbedelsteinkies\" width=\"450\" height=\"450\" srcset=\"https:\/\/www.artestar.eu\/wp-content\/uploads\/2023\/05\/semi-precious-stones-beads-healing-crystals-polishing-mixed.jpg 600w, https:\/\/www.artestar.eu\/wp-content\/uploads\/2023\/05\/semi-precious-stones-beads-healing-crystals-polishing-mixed-300x300.jpg 300w, https:\/\/www.artestar.eu\/wp-content\/uploads\/2023\/05\/semi-precious-stones-beads-healing-crystals-polishing-mixed-150x150.jpg 150w, https:\/\/www.artestar.eu\/wp-content\/uploads\/2023\/05\/semi-precious-stones-beads-healing-crystals-polishing-mixed-450x450.jpg 450w, https:\/\/www.artestar.eu\/wp-content\/uploads\/2023\/05\/semi-precious-stones-beads-healing-crystals-polishing-mixed-54x54.jpg 54w\" sizes=\"(max-width: 450px) 100vw, 450px\" \/><\/p>\n<h4>Die Rolle des Halbedelsteinkieses:<\/h4>\n<ul>\n<li>Nat\u00fcrliche lose Halbedelsteine sind Heilkristalle, die seit der Antike verwendet werden, um die k\u00f6rperliche, emotionale und spirituelle Gesundheit zu verbessern. Diese Steine sind in der Natur entstanden und wurden aufgrund ihrer heilenden Eigenschaften auf der ganzen Welt verwendet.<\/li>\n<li>Lose Halbedelsteine haben eine einzigartige Energie und es wird angenommen, dass sie verschiedene Lebensbereiche positiv beeinflussen. Zum Beispiel wird Amethyst mit Entspannung und geistiger Klarheit in Verbindung gebracht, w\u00e4hrend Rosenquarz mit Liebe und emotionaler Heilung in Verbindung gebracht wird.<\/li>\n<li>Manche Menschen tragen Halbedelsteine mit sich, legen sie in ihr Haus oder verwenden sie w\u00e4hrend der Meditation, um die heilenden Vorteile zu nutzen, und sie k\u00f6nnen auch in Heiltherapien verwendet werden, um die Chakren auszugleichen und Stress abzubauen.<\/li>\n<li>Neben ihren heilenden Eigenschaften werden nat\u00fcrliche Halbedelsteine auch wegen ihrer Sch\u00f6nheit gesch\u00e4tzt. Viele Menschen verwenden sie als Schmuck oder um sch\u00f6nen Schmuck herzustellen. Diese Kristalle sind in einer Vielzahl von Farben und Formen zu finden, was sie einzigartig und attraktiv macht.<\/li>\n<li>Zu den beliebtesten nat\u00fcrlichen Halbedelsteinen geh\u00f6ren Rosenquarz, Amethyst, Tigerauge, schwarzer Turmalin und Citrin. Jeder hat einzigartige Eigenschaften und kann f\u00fcr unterschiedliche Zwecke verwendet werden.<\/li>\n<li>Kurz gesagt, nat\u00fcrliche Halbedelsteine sind Edelsteine, die seit Jahrhunderten wegen ihrer heilenden Eigenschaften und Sch\u00f6nheit verwendet werden. Diese Kristalle k\u00f6nnen verwendet werden, um die k\u00f6rperliche, emotionale und spirituelle Gesundheit zu verbessern sowie um sch\u00f6nen und einzigartigen Schmuck herzustellen.<\/li>\n<\/ul>\n<p>&nbsp;<\/p>\n","protected":false},"excerpt":{"rendered":"<ul>\n<li><strong><span class=\"\" data-slate-node=\"text\"><span class=\"11\" data-slate-leaf=\"true\">Das Gewicht jedes St\u00fccks betr\u00e4gt ca. 490 ~ 510 g<\/span><\/span><\/strong><\/li>\n<li data-slate-node=\"element\"><strong><span class=\"\" data-slate-node=\"text\"><span class=\"21\" data-slate-leaf=\"true\">Anzahl der kleinen Steine: ca. 68 ~ 72 St\u00fcck<\/span><\/span><\/strong><\/li>\n<li data-slate-node=\"element\" data-slate-fragment=\"JTVCJTdCJTIydHlwZSUyMiUzQSUyMnBhcmFncmFwaCUyMiUyQyUyMmNoaWxkcmVuJTIyJTNBJTVCJTdCJTIydGV4dCUyMiUzQSUyMlBhcXVldGUlMjBkZSUyMG1lemNsYSUyMGFsZWF0b3JpYSUyMiUyQyUyMnNlbnRlbmNlJTIyJTNBMCUyQyUyMmNoaWxkU2VudGVuY2UlMjIlM0EwJTdEJTVEJTdEJTJDJTdCJTIydHlwZSUyMiUzQSUyMnBhcmFncmFwaCUyMiUyQyUyMmNoaWxkcmVuJTIyJTNBJTVCJTdCJTIydGV4dCUyMiUzQSUyMkVsJTIwcGVzbyUyMGRlJTIwY2FkYSUyMHBpZXphJTIwZXMlMjBkZSUyMHVub3MlMjA0OTB+NTEwZyUyMiUyQyUyMnNlbnRlbmNlJTIyJTNBMSUyQyUyMmNoaWxkU2VudGVuY2UlMjIlM0ExJTdEJTVEJTdEJTJDJTdCJTIydHlwZSUyMiUzQSUyMnBhcmFncmFwaCUyMiUyQyUyMmNoaWxkcmVuJTIyJTNBJTVCJTdCJTIydGV4dCUyMiUzQSUyMk4lQzMlQkFtZXJvJTIwZGUlMjBwaWVkcmFzJTIwcGVxdWUlQzMlQjFhcyUzQSUyMHVuYXMlMjA2OCUyMH4lMjA3MiUyMHVuaWRzJTIyJTJDJTIyc2VudGVuY2UlMjIlM0EyJTJDJTIyY2hpbGRTZW50ZW5jZSUyMiUzQTElN0QlNUQlN0QlMkMlN0IlMjJ0eXBlJTIyJTNBJTIycGFyYWdyYXBoJTIyJTJDJTIyY2hpbGRyZW4lMjIlM0ElNUIlN0IlMjJ0ZXh0JTIyJTNBJTIyTiVDMyVCQW1lcm8lMjBkZSUyMHBpZWRyYXMlMjBncmFuZGVzJTNBJTIwdW5hcyUyMDMwfjM1JTIwdW5pZHMlMjIlMkMlMjJzZW50ZW5jZSUyMiUzQTMlMkMlMjJjaGlsZFNlbnRlbmNlJTIyJTNBMSU3RCU1RCU3RCU1RA==\"><strong><span class=\"\" data-slate-node=\"text\"><span class=\"31\" data-slate-leaf=\"true\">Anzahl der gro\u00dfen Steine: ca. 30 ~ 35 St\u00fcck<\/span><\/span><\/strong><\/li>\n<\/ul>\n","protected":false},"featured_media":11893,"comment_status":"open","ping_status":"closed","template":"","meta":[],"product_cat":[1494,1492,1493],"product_tag":[],"yoast_head":"<!-- This site is optimized with the Yoast SEO Premium plugin v20.5 (Yoast SEO v21.5) - https:\/\/yoast.com\/wordpress\/plugins\/seo\/ -->\n<title>- Artestar Lose Halbedelsteine<\/title>\n<meta name=\"description\" content=\"\ud83d\uded2Gro\u00dfhandel Nat\u00fcrliche Lose Halbedelsteine, Halbedelsteine Kies Heilkristalle, Lose Steine, \ud83d\ude9aFabrik Direktlieferung\" \/>\n<meta name=\"robots\" content=\"index, follow, max-snippet:-1, max-image-preview:large, max-video-preview:-1\" \/>\n<link rel=\"canonical\" href=\"https:\/\/www.artestar.eu\/de\/gro\u00dfhandel\/lose-halbedelsteine\/\" \/>\n<meta property=\"og:locale\" content=\"de_DE\" \/>\n<meta property=\"og:type\" content=\"article\" \/>\n<meta property=\"og:title\" content=\"Gro\u00dfe lose Steine 500g\" \/>\n<meta property=\"og:description\" content=\"\ud83d\uded2Gro\u00dfhandel Nat\u00fcrliche Lose Halbedelsteine, Halbedelsteine Kies Heilkristalle, Lose Steine, \ud83d\ude9aFabrik Direktlieferung\" \/>\n<meta property=\"og:url\" content=\"https:\/\/www.artestar.eu\/de\/gro\u00dfhandel\/lose-halbedelsteine\/\" \/>\n<meta property=\"og:site_name\" content=\"Artestar\" \/>\n<meta property=\"article:publisher\" content=\"https:\/\/www.facebook.com\/ARTESTAREU\" \/>\n<meta property=\"article:modified_time\" content=\"2023-10-26T06:20:26+00:00\" \/>\n<meta property=\"og:image\" content=\"https:\/\/www.artestar.eu\/wp-content\/uploads\/2023\/05\/semi-precious-stones-beads-healing-crystals-polishing-mixed-irregular-01.jpg\" \/>\n\t<meta property=\"og:image:width\" content=\"600\" \/>\n\t<meta property=\"og:image:height\" content=\"600\" \/>\n\t<meta property=\"og:image:type\" content=\"image\/jpeg\" \/>\n<meta name=\"twitter:card\" content=\"summary_large_image\" \/>\n<meta name=\"twitter:label1\" content=\"Preis\" \/>\n\t<meta name=\"twitter:data1\" content=\"11,44&nbsp;&euro; (Ohne MwSt)\" \/>\n\t<meta name=\"twitter:label2\" content=\"Availability\" \/>\n\t<meta name=\"twitter:data2\" content=\"Auf Lager\" \/>\n<script type=\"application\/ld+json\" class=\"yoast-schema-graph\">{\"@context\":\"https:\/\/schema.org\",\"@graph\":[{\"@type\":\"WebPage\",\"@id\":\"https:\/\/www.artestar.eu\/de\/gro\u00dfhandel\/lose-halbedelsteine\/\",\"url\":\"https:\/\/www.artestar.eu\/de\/gro\u00dfhandel\/lose-halbedelsteine\/\",\"name\":\"- Artestar Lose Halbedelsteine\",\"isPartOf\":{\"@id\":\"https:\/\/www.artestar.eu\/de\/#website\"},\"datePublished\":\"2023-05-26T02:51:16+00:00\",\"dateModified\":\"2023-10-26T06:20:26+00:00\",\"description\":\"\ud83d\uded2Gro\u00dfhandel Nat\u00fcrliche Lose Halbedelsteine, Halbedelsteine Kies Heilkristalle, Lose Steine, \ud83d\ude9aFabrik Direktlieferung\",\"breadcrumb\":{\"@id\":\"https:\/\/www.artestar.eu\/de\/gro\u00dfhandel\/lose-halbedelsteine\/#breadcrumb\"},\"inLanguage\":\"de-DE\",\"potentialAction\":[{\"@type\":\"ReadAction\",\"target\":[\"https:\/\/www.artestar.eu\/de\/gro\u00dfhandel\/lose-halbedelsteine\/\"]}]},{\"@type\":\"BreadcrumbList\",\"@id\":\"https:\/\/www.artestar.eu\/de\/gro\u00dfhandel\/lose-halbedelsteine\/#breadcrumb\",\"itemListElement\":[{\"@type\":\"ListItem\",\"position\":1,\"name\":\"Artestar\",\"item\":\"https:\/\/www.artestar.eu\/de\/\"},{\"@type\":\"ListItem\",\"position\":2,\"name\":\"Gro\u00dfhandel\",\"item\":\"https:\/\/www.artestar.eu\/de\/grosshandel\/\"},{\"@type\":\"ListItem\",\"position\":3,\"name\":\"Gro\u00dfe lose Steine 500g\"}]},{\"@type\":\"WebSite\",\"@id\":\"https:\/\/www.artestar.eu\/de\/#website\",\"url\":\"https:\/\/www.artestar.eu\/de\/\",\"name\":\"Artestar\",\"description\":\"Mayorista en abalorios y joyer\u00eda\",\"publisher\":{\"@id\":\"https:\/\/www.artestar.eu\/de\/#organization\"},\"alternateName\":\"Artestar-EU\",\"potentialAction\":[{\"@type\":\"SearchAction\",\"target\":{\"@type\":\"EntryPoint\",\"urlTemplate\":\"https:\/\/www.artestar.eu\/de\/?s={search_term_string}\"},\"query-input\":\"required name=search_term_string\"}],\"inLanguage\":\"de-DE\"},{\"@type\":[\"Organization\",\"Place\"],\"@id\":\"https:\/\/www.artestar.eu\/de\/#organization\",\"name\":\"RUBY ABALORIO S.L.\",\"alternateName\":\"Artestar\",\"url\":\"https:\/\/www.artestar.eu\/de\/\",\"logo\":{\"@id\":\"https:\/\/www.artestar.eu\/de\/gro\u00dfhandel\/lose-halbedelsteine\/#local-main-organization-logo\"},\"image\":{\"@id\":\"https:\/\/www.artestar.eu\/de\/gro\u00dfhandel\/lose-halbedelsteine\/#local-main-organization-logo\"},\"sameAs\":[\"https:\/\/www.facebook.com\/ARTESTAREU\",\"https:\/\/www.instagram.com\/artestareu\/\",\"https:\/\/www.pinterest.es\/artestar_eu\/\",\"https:\/\/www.tiktok.com\/@artestar_wholesale\"],\"openingHoursSpecification\":[{\"@type\":\"OpeningHoursSpecification\",\"dayOfWeek\":[\"Monday\",\"Tuesday\",\"Wednesday\",\"Thursday\",\"Friday\",\"Saturday\",\"Sunday\"],\"opens\":\"09:00\",\"closes\":\"17:00\"}]},{\"@type\":\"ImageObject\",\"inLanguage\":\"de-DE\",\"@id\":\"https:\/\/www.artestar.eu\/de\/gro\u00dfhandel\/lose-halbedelsteine\/#local-main-organization-logo\",\"url\":\"https:\/\/www.artestar.eu\/wp-content\/uploads\/2023\/05\/cropped-png.png\",\"contentUrl\":\"https:\/\/www.artestar.eu\/wp-content\/uploads\/2023\/05\/cropped-png.png\",\"width\":512,\"height\":512,\"caption\":\"RUBY ABALORIO S.L.\"}]}<\/script>\n<meta property=\"product:price:amount\" content=\"11.44\" \/>\n<meta property=\"product:price:currency\" content=\"EUR\" \/>\n<meta property=\"og:availability\" content=\"instock\" \/>\n<meta property=\"product:availability\" content=\"instock\" \/>\n<meta property=\"product:retailer_item_id\" content=\"BS-ZY-0001-0061\" \/>\n<meta property=\"product:condition\" content=\"new\" \/>\n<!-- \/ Yoast SEO Premium plugin. -->","yoast_head_json":{"title":"- Artestar Lose Halbedelsteine","description":"\ud83d\uded2Gro\u00dfhandel Nat\u00fcrliche Lose Halbedelsteine, Halbedelsteine Kies Heilkristalle, Lose Steine, \ud83d\ude9aFabrik Direktlieferung","robots":{"index":"index","follow":"follow","max-snippet":"max-snippet:-1","max-image-preview":"max-image-preview:large","max-video-preview":"max-video-preview:-1"},"canonical":"https:\/\/www.artestar.eu\/de\/gro\u00dfhandel\/lose-halbedelsteine\/","og_locale":"de_DE","og_type":"article","og_title":"Gro\u00dfe lose Steine 500g","og_description":"\ud83d\uded2Gro\u00dfhandel Nat\u00fcrliche Lose Halbedelsteine, Halbedelsteine Kies Heilkristalle, Lose Steine, \ud83d\ude9aFabrik Direktlieferung","og_url":"https:\/\/www.artestar.eu\/de\/gro\u00dfhandel\/lose-halbedelsteine\/","og_site_name":"Artestar","article_publisher":"https:\/\/www.facebook.com\/ARTESTAREU","article_modified_time":"2023-10-26T06:20:26+00:00","og_image":[{"width":600,"height":600,"url":"https:\/\/www.artestar.eu\/wp-content\/uploads\/2023\/05\/semi-precious-stones-beads-healing-crystals-polishing-mixed-irregular-01.jpg","type":"image\/jpeg"}],"twitter_card":"summary_large_image","twitter_misc":{"Preis":"11,44&nbsp;&euro; (Ohne MwSt)","Availability":"Auf Lager"},"schema":{"@context":"https:\/\/schema.org","@graph":[{"@type":"WebPage","@id":"https:\/\/www.artestar.eu\/de\/gro\u00dfhandel\/lose-halbedelsteine\/","url":"https:\/\/www.artestar.eu\/de\/gro\u00dfhandel\/lose-halbedelsteine\/","name":"- Artestar Lose Halbedelsteine","isPartOf":{"@id":"https:\/\/www.artestar.eu\/de\/#website"},"datePublished":"2023-05-26T02:51:16+00:00","dateModified":"2023-10-26T06:20:26+00:00","description":"\ud83d\uded2Gro\u00dfhandel Nat\u00fcrliche Lose Halbedelsteine, Halbedelsteine Kies Heilkristalle, Lose Steine, \ud83d\ude9aFabrik Direktlieferung","breadcrumb":{"@id":"https:\/\/www.artestar.eu\/de\/gro\u00dfhandel\/lose-halbedelsteine\/#breadcrumb"},"inLanguage":"de-DE","potentialAction":[{"@type":"ReadAction","target":["https:\/\/www.artestar.eu\/de\/gro\u00dfhandel\/lose-halbedelsteine\/"]}]},{"@type":"BreadcrumbList","@id":"https:\/\/www.artestar.eu\/de\/gro\u00dfhandel\/lose-halbedelsteine\/#breadcrumb","itemListElement":[{"@type":"ListItem","position":1,"name":"Artestar","item":"https:\/\/www.artestar.eu\/de\/"},{"@type":"ListItem","position":2,"name":"Gro\u00dfhandel","item":"https:\/\/www.artestar.eu\/de\/grosshandel\/"},{"@type":"ListItem","position":3,"name":"Gro\u00dfe lose Steine 500g"}]},{"@type":"WebSite","@id":"https:\/\/www.artestar.eu\/de\/#website","url":"https:\/\/www.artestar.eu\/de\/","name":"Artestar","description":"Mayorista en abalorios y joyer\u00eda","publisher":{"@id":"https:\/\/www.artestar.eu\/de\/#organization"},"alternateName":"Artestar-EU","potentialAction":[{"@type":"SearchAction","target":{"@type":"EntryPoint","urlTemplate":"https:\/\/www.artestar.eu\/de\/?s={search_term_string}"},"query-input":"required name=search_term_string"}],"inLanguage":"de-DE"},{"@type":["Organization","Place"],"@id":"https:\/\/www.artestar.eu\/de\/#organization","name":"RUBY ABALORIO S.L.","alternateName":"Artestar","url":"https:\/\/www.artestar.eu\/de\/","logo":{"@id":"https:\/\/www.artestar.eu\/de\/gro\u00dfhandel\/lose-halbedelsteine\/#local-main-organization-logo"},"image":{"@id":"https:\/\/www.artestar.eu\/de\/gro\u00dfhandel\/lose-halbedelsteine\/#local-main-organization-logo"},"sameAs":["https:\/\/www.facebook.com\/ARTESTAREU","https:\/\/www.instagram.com\/artestareu\/","https:\/\/www.pinterest.es\/artestar_eu\/","https:\/\/www.tiktok.com\/@artestar_wholesale"],"openingHoursSpecification":[{"@type":"OpeningHoursSpecification","dayOfWeek":["Monday","Tuesday","Wednesday","Thursday","Friday","Saturday","Sunday"],"opens":"09:00","closes":"17:00"}]},{"@type":"ImageObject","inLanguage":"de-DE","@id":"https:\/\/www.artestar.eu\/de\/gro\u00dfhandel\/lose-halbedelsteine\/#local-main-organization-logo","url":"https:\/\/www.artestar.eu\/wp-content\/uploads\/2023\/05\/cropped-png.png","contentUrl":"https:\/\/www.artestar.eu\/wp-content\/uploads\/2023\/05\/cropped-png.png","width":512,"height":512,"caption":"RUBY ABALORIO S.L."}]},"product_price_amount":"11.44","product_price_currency":"EUR","og_availability":"instock","product_availability":"instock","product_retailer_item_id":"BS-ZY-0001-0061","product_condition":"new"},"tiered_pricing_type":"percentage","tiered_pricing_fixed_rules":[],"tiered_pricing_percentage_rules":[],"tiered_pricing_minimum":null,"_administrator_tiered_pricing_type":"fixed","_administrator_tiered_pricing_fixed_rules":[],"_editor_tiered_pricing_type":"fixed","_editor_tiered_pricing_fixed_rules":[],"_author_tiered_pricing_type":"fixed","_author_tiered_pricing_fixed_rules":[],"_contributor_tiered_pricing_type":"fixed","_contributor_tiered_pricing_fixed_rules":[],"_subscriber_tiered_pricing_type":"fixed","_subscriber_tiered_pricing_fixed_rules":[],"_wpseo_manager_tiered_pricing_type":"fixed","_wpseo_manager_tiered_pricing_fixed_rules":[],"_wpseo_editor_tiered_pricing_type":"fixed","_wpseo_editor_tiered_pricing_fixed_rules":[],"_customer_tiered_pricing_type":"fixed","_customer_tiered_pricing_fixed_rules":[],"_shop_manager_tiered_pricing_type":"fixed","_shop_manager_tiered_pricing_fixed_rules":[],"_product_manager_tiered_pricing_type":"fixed","_product_manager_tiered_pricing_fixed_rules":[],"_links":{"self":[{"href":"https:\/\/www.artestar.eu\/de\/wp-json\/wp\/v2\/product\/25390"}],"collection":[{"href":"https:\/\/www.artestar.eu\/de\/wp-json\/wp\/v2\/product"}],"about":[{"href":"https:\/\/www.artestar.eu\/de\/wp-json\/wp\/v2\/types\/product"}],"replies":[{"embeddable":true,"href":"https:\/\/www.artestar.eu\/de\/wp-json\/wp\/v2\/comments?post=25390"}],"version-history":[{"count":2,"href":"https:\/\/www.artestar.eu\/de\/wp-json\/wp\/v2\/product\/25390\/revisions"}],"predecessor-version":[{"id":32086,"href":"https:\/\/www.artestar.eu\/de\/wp-json\/wp\/v2\/product\/25390\/revisions\/32086"}],"wp:featuredmedia":[{"embeddable":true,"href":"https:\/\/www.artestar.eu\/de\/wp-json\/wp\/v2\/media\/11893"}],"wp:attachment":[{"href":"https:\/\/www.artestar.eu\/de\/wp-json\/wp\/v2\/media?parent=25390"}],"wp:term":[{"taxonomy":"product_cat","embeddable":true,"href":"https:\/\/www.artestar.eu\/de\/wp-json\/wp\/v2\/product_cat?post=25390"},{"taxonomy":"product_tag","embeddable":true,"href":"https:\/\/www.artestar.eu\/de\/wp-json\/wp\/v2\/product_tag?post=25390"}],"curies":[{"name":"wp","href":"https:\/\/api.w.org\/{rel}","templated":true}]}}