{"id":25497,"date":"2023-05-30T06:42:14","date_gmt":"2023-05-30T06:42:14","guid":{"rendered":"https:\/\/www.artestar.eu\/al-por-mayor\/perlas-cultivadas-medio-perforados-56-pares\/"},"modified":"2023-10-26T06:12:33","modified_gmt":"2023-10-26T06:12:33","slug":"perlen-zucht-mittel-perforiert-56-paar","status":"publish","type":"product","link":"https:\/\/www.artestar.eu\/de\/gro\u00dfhandel\/perlen-zucht-mittel-perforiert-56-paar\/","title":{"rendered":"Halbperforierte Zuchtperlen 56 Paar"},"content":{"rendered":"<p>Nat\u00fcrliche Zuchtperlen mittel perforiert : 6 mm.<\/p>\n<ul>\n<li>Mittelperforierte Naturzuchtperlen sind in verschiedenen Gr\u00f6\u00dfen erh\u00e4ltlich. So k\u00f6nnen Sie die Gr\u00f6\u00dfe oder Gr\u00f6\u00dfen ausw\u00e4hlen, die am besten zu Ihnen passen, und selbst machen, um jeden Stil von Ohrringen herzustellen, den Sie m\u00f6gen.<\/li>\n<li>100% nat\u00fcrliche S\u00fc\u00dfwasserzuchtperlen stammen von Austern, die eine nat\u00fcrliche runde Form haben. Alle nat\u00fcrlichen S\u00fc\u00dfwasserperlen sind Unikate und haben eine runde und glatte Oberfl\u00e4che, wodurch sie sehr angenehm zu tragen sind. Wenn Sie genau hinsehen, werden Sie auch die einzigartige Oberfl\u00e4chenstruktur nat\u00fcrlicher Zuchtperlen erkennen, die ihnen eine nat\u00fcrliche und elegante Note verleiht.<\/li>\n<li>Nat\u00fcrliche S\u00fc\u00dfwasserzuchtperlen sind nicht nur frisch, bequem und elegant, sondern auch vielseitig. Diese halbperforierten und losen Perlen eignen sich in der Regel f\u00fcr Ohrringe, Rei\u00dfzwecken und vieles mehr. Da wir diese Perlen in halbfl\u00fcgeligen L\u00f6chern haben, m\u00fcssen Sie sich nicht abm\u00fchen, sie zu bohren.<\/li>\n<li>S\u00fc\u00dfwasserzuchtperlen sind tolle Accessoires zum Basteln. Wir k\u00f6nnen diese Accessoires f\u00fcr Ohrringe verwenden, um jedes kreative Handwerk herzustellen, das wir m\u00f6gen. Das fertige Produkt kann zu Hochzeiten, Geburtstagen, Jubil\u00e4en und vielen anderen Anl\u00e4ssen an Freunde und Familie verschenkt werden. Wir sind sicher, dass sie sie lieben werden, da sie das Selbstvertrauen und den Charme einer Frau leicht steigern werden.<\/li>\n<\/ul>\n<h5>  Nat\u00fcrliche Zuchtperlen medium perforiert<\/h5>\n<ul>\n<li>Alle nat\u00fcrlichen Zuchtperlen sind Unikate. Aufgrund der Beleuchtung und der Computereinstellungen kann das erhaltene Produkt leicht variieren. Lesen Sie vor dem Kauf die Gr\u00f6\u00dfen der verschiedenen Halbdiamantperlen und w\u00e4hlen Sie die Karte, die Ihnen am besten gef\u00e4llt.<\/li>\n<li>Perlmutt stammt von verschiedenen Arten von Meeresweichtieren, wie z. B. Austern. Wenn Sie versuchen, eine Austernschale zu \u00f6ffnen und sich die Innenseite genau anzusehen, werden Sie feststellen, dass sie leicht gl\u00e4nzt und funkelt. Damit k\u00f6nnen Sie sch\u00f6ne Dekorationsobjekte herstellen, die viel Aufmerksamkeit auf sich ziehen.<\/li>\n<li>Nat\u00fcrliche S\u00fc\u00dfwasserzuchtperlen sollen nicht nur sch\u00f6n sein, sondern werden auch heilende Kr\u00e4fte zugeschrieben. Sie k\u00f6nnen helfen, das Herz zu beruhigen; soziale Phobien oder Panikattacken und Depressionen loszuwerden, die durch einen niedrigen Serotoninspiegel verursacht werden; Verbesserung des Ged\u00e4chtnisses durch Aktivierung der Produktion von Wachstumsfaktoren in Nervenzellen im Gehirn; und stimulieren die Produktion von Kollagen, das die Hautschicht unseres K\u00f6rpers schnell regeneriert und uns sch\u00f6n und lebendig f\u00fchlen l\u00e4sst.<\/li>\n<\/ul>\n","protected":false},"excerpt":{"rendered":"<ul>\n<li>Gr\u00f6\u00dfe: ca. \u03a66 mm<\/li>\n<li>Menge: ca. 56 Paar (112 Stk.)<\/li>\n<li>Material: Nat\u00fcrliche S\u00fc\u00dfwasserzuchtperlen<\/li>\n<li>Wird zur Herstellung von Ohrringen, Armb\u00e4ndern und anderem Schmuck verwendet<\/li>\n<\/ul>\n","protected":false},"featured_media":12043,"comment_status":"open","ping_status":"closed","template":"","meta":[],"product_cat":[1515,1492,1514],"product_tag":[],"yoast_head":"<!-- This site is optimized with the Yoast SEO Premium plugin v20.5 (Yoast SEO v21.5) - https:\/\/yoast.com\/wordpress\/plugins\/seo\/ -->\n<title>Mittelgro\u00dfe perforierte Zuchtperlen - Artestar<\/title>\n<meta name=\"description\" content=\"Halbperforierte 100% nat\u00fcrliche S\u00fc\u00dfwasserzuchtperlen stammen von Austern, die eine nat\u00fcrliche runde Form haben.\" \/>\n<meta name=\"robots\" content=\"index, follow, max-snippet:-1, max-image-preview:large, max-video-preview:-1\" \/>\n<link rel=\"canonical\" href=\"https:\/\/www.artestar.eu\/de\/gro\u00dfhandel\/perlen-zucht-mittel-perforiert-56-paar\/\" \/>\n<meta property=\"og:locale\" content=\"de_DE\" \/>\n<meta property=\"og:type\" content=\"article\" \/>\n<meta property=\"og:title\" content=\"Halbperforierte Zuchtperlen 56 Paar\" \/>\n<meta property=\"og:description\" content=\"Halbperforierte 100% nat\u00fcrliche S\u00fc\u00dfwasserzuchtperlen stammen von Austern, die eine nat\u00fcrliche runde Form haben.\" \/>\n<meta property=\"og:url\" content=\"https:\/\/www.artestar.eu\/de\/gro\u00dfhandel\/perlen-zucht-mittel-perforiert-56-paar\/\" \/>\n<meta property=\"og:site_name\" content=\"Artestar\" \/>\n<meta property=\"article:publisher\" content=\"https:\/\/www.facebook.com\/ARTESTAREU\" \/>\n<meta property=\"article:modified_time\" content=\"2023-10-26T06:12:33+00:00\" \/>\n<meta property=\"og:image\" content=\"https:\/\/www.artestar.eu\/wp-content\/uploads\/2023\/05\/cultured-pearls-accessories-for-earrings-half-perforated-56-pairs.jpg\" \/>\n\t<meta property=\"og:image:width\" content=\"600\" \/>\n\t<meta property=\"og:image:height\" content=\"600\" \/>\n\t<meta property=\"og:image:type\" content=\"image\/jpeg\" \/>\n<meta name=\"twitter:card\" content=\"summary_large_image\" \/>\n<meta name=\"twitter:label1\" content=\"Preis\" \/>\n\t<meta name=\"twitter:data1\" content=\"12,82&nbsp;&euro; (Ohne MwSt)\" \/>\n\t<meta name=\"twitter:label2\" content=\"Availability\" \/>\n\t<meta name=\"twitter:data2\" content=\"Auf Lager\" \/>\n<script type=\"application\/ld+json\" class=\"yoast-schema-graph\">{\"@context\":\"https:\/\/schema.org\",\"@graph\":[{\"@type\":\"WebPage\",\"@id\":\"https:\/\/www.artestar.eu\/de\/gro\u00dfhandel\/perlen-zucht-mittel-perforiert-56-paar\/\",\"url\":\"https:\/\/www.artestar.eu\/de\/gro\u00dfhandel\/perlen-zucht-mittel-perforiert-56-paar\/\",\"name\":\"Mittelgro\u00dfe perforierte Zuchtperlen - Artestar\",\"isPartOf\":{\"@id\":\"https:\/\/www.artestar.eu\/de\/#website\"},\"datePublished\":\"2023-05-30T06:42:14+00:00\",\"dateModified\":\"2023-10-26T06:12:33+00:00\",\"description\":\"Halbperforierte 100% nat\u00fcrliche S\u00fc\u00dfwasserzuchtperlen stammen von Austern, die eine nat\u00fcrliche runde Form haben.\",\"breadcrumb\":{\"@id\":\"https:\/\/www.artestar.eu\/de\/gro\u00dfhandel\/perlen-zucht-mittel-perforiert-56-paar\/#breadcrumb\"},\"inLanguage\":\"de-DE\",\"potentialAction\":[{\"@type\":\"ReadAction\",\"target\":[\"https:\/\/www.artestar.eu\/de\/gro\u00dfhandel\/perlen-zucht-mittel-perforiert-56-paar\/\"]}]},{\"@type\":\"BreadcrumbList\",\"@id\":\"https:\/\/www.artestar.eu\/de\/gro\u00dfhandel\/perlen-zucht-mittel-perforiert-56-paar\/#breadcrumb\",\"itemListElement\":[{\"@type\":\"ListItem\",\"position\":1,\"name\":\"Artestar\",\"item\":\"https:\/\/www.artestar.eu\/de\/\"},{\"@type\":\"ListItem\",\"position\":2,\"name\":\"Gro\u00dfhandel\",\"item\":\"https:\/\/www.artestar.eu\/de\/grosshandel\/\"},{\"@type\":\"ListItem\",\"position\":3,\"name\":\"Halbperforierte Zuchtperlen 56 Paar\"}]},{\"@type\":\"WebSite\",\"@id\":\"https:\/\/www.artestar.eu\/de\/#website\",\"url\":\"https:\/\/www.artestar.eu\/de\/\",\"name\":\"Artestar\",\"description\":\"Mayorista en abalorios y joyer\u00eda\",\"publisher\":{\"@id\":\"https:\/\/www.artestar.eu\/de\/#organization\"},\"alternateName\":\"Artestar-EU\",\"potentialAction\":[{\"@type\":\"SearchAction\",\"target\":{\"@type\":\"EntryPoint\",\"urlTemplate\":\"https:\/\/www.artestar.eu\/de\/?s={search_term_string}\"},\"query-input\":\"required name=search_term_string\"}],\"inLanguage\":\"de-DE\"},{\"@type\":[\"Organization\",\"Place\"],\"@id\":\"https:\/\/www.artestar.eu\/de\/#organization\",\"name\":\"RUBY ABALORIO S.L.\",\"alternateName\":\"Artestar\",\"url\":\"https:\/\/www.artestar.eu\/de\/\",\"logo\":{\"@id\":\"https:\/\/www.artestar.eu\/de\/gro\u00dfhandel\/perlen-zucht-mittel-perforiert-56-paar\/#local-main-organization-logo\"},\"image\":{\"@id\":\"https:\/\/www.artestar.eu\/de\/gro\u00dfhandel\/perlen-zucht-mittel-perforiert-56-paar\/#local-main-organization-logo\"},\"sameAs\":[\"https:\/\/www.facebook.com\/ARTESTAREU\",\"https:\/\/www.instagram.com\/artestareu\/\",\"https:\/\/www.pinterest.es\/artestar_eu\/\",\"https:\/\/www.tiktok.com\/@artestar_wholesale\"],\"openingHoursSpecification\":[{\"@type\":\"OpeningHoursSpecification\",\"dayOfWeek\":[\"Monday\",\"Tuesday\",\"Wednesday\",\"Thursday\",\"Friday\",\"Saturday\",\"Sunday\"],\"opens\":\"09:00\",\"closes\":\"17:00\"}]},{\"@type\":\"ImageObject\",\"inLanguage\":\"de-DE\",\"@id\":\"https:\/\/www.artestar.eu\/de\/gro\u00dfhandel\/perlen-zucht-mittel-perforiert-56-paar\/#local-main-organization-logo\",\"url\":\"https:\/\/www.artestar.eu\/wp-content\/uploads\/2023\/05\/cropped-png.png\",\"contentUrl\":\"https:\/\/www.artestar.eu\/wp-content\/uploads\/2023\/05\/cropped-png.png\",\"width\":512,\"height\":512,\"caption\":\"RUBY ABALORIO S.L.\"}]}<\/script>\n<meta property=\"product:price:amount\" content=\"12.82\" \/>\n<meta property=\"product:price:currency\" content=\"EUR\" \/>\n<meta property=\"og:availability\" content=\"instock\" \/>\n<meta property=\"product:availability\" content=\"instock\" \/>\n<meta property=\"product:retailer_item_id\" content=\"ZZ-ES-0005\" \/>\n<meta property=\"product:condition\" content=\"new\" \/>\n<!-- \/ Yoast SEO Premium plugin. -->","yoast_head_json":{"title":"Mittelgro\u00dfe perforierte Zuchtperlen - Artestar","description":"Halbperforierte 100% nat\u00fcrliche S\u00fc\u00dfwasserzuchtperlen stammen von Austern, die eine nat\u00fcrliche runde Form haben.","robots":{"index":"index","follow":"follow","max-snippet":"max-snippet:-1","max-image-preview":"max-image-preview:large","max-video-preview":"max-video-preview:-1"},"canonical":"https:\/\/www.artestar.eu\/de\/gro\u00dfhandel\/perlen-zucht-mittel-perforiert-56-paar\/","og_locale":"de_DE","og_type":"article","og_title":"Halbperforierte Zuchtperlen 56 Paar","og_description":"Halbperforierte 100% nat\u00fcrliche S\u00fc\u00dfwasserzuchtperlen stammen von Austern, die eine nat\u00fcrliche runde Form haben.","og_url":"https:\/\/www.artestar.eu\/de\/gro\u00dfhandel\/perlen-zucht-mittel-perforiert-56-paar\/","og_site_name":"Artestar","article_publisher":"https:\/\/www.facebook.com\/ARTESTAREU","article_modified_time":"2023-10-26T06:12:33+00:00","og_image":[{"width":600,"height":600,"url":"https:\/\/www.artestar.eu\/wp-content\/uploads\/2023\/05\/cultured-pearls-accessories-for-earrings-half-perforated-56-pairs.jpg","type":"image\/jpeg"}],"twitter_card":"summary_large_image","twitter_misc":{"Preis":"12,82&nbsp;&euro; (Ohne MwSt)","Availability":"Auf Lager"},"schema":{"@context":"https:\/\/schema.org","@graph":[{"@type":"WebPage","@id":"https:\/\/www.artestar.eu\/de\/gro\u00dfhandel\/perlen-zucht-mittel-perforiert-56-paar\/","url":"https:\/\/www.artestar.eu\/de\/gro\u00dfhandel\/perlen-zucht-mittel-perforiert-56-paar\/","name":"Mittelgro\u00dfe perforierte Zuchtperlen - Artestar","isPartOf":{"@id":"https:\/\/www.artestar.eu\/de\/#website"},"datePublished":"2023-05-30T06:42:14+00:00","dateModified":"2023-10-26T06:12:33+00:00","description":"Halbperforierte 100% nat\u00fcrliche S\u00fc\u00dfwasserzuchtperlen stammen von Austern, die eine nat\u00fcrliche runde Form haben.","breadcrumb":{"@id":"https:\/\/www.artestar.eu\/de\/gro\u00dfhandel\/perlen-zucht-mittel-perforiert-56-paar\/#breadcrumb"},"inLanguage":"de-DE","potentialAction":[{"@type":"ReadAction","target":["https:\/\/www.artestar.eu\/de\/gro\u00dfhandel\/perlen-zucht-mittel-perforiert-56-paar\/"]}]},{"@type":"BreadcrumbList","@id":"https:\/\/www.artestar.eu\/de\/gro\u00dfhandel\/perlen-zucht-mittel-perforiert-56-paar\/#breadcrumb","itemListElement":[{"@type":"ListItem","position":1,"name":"Artestar","item":"https:\/\/www.artestar.eu\/de\/"},{"@type":"ListItem","position":2,"name":"Gro\u00dfhandel","item":"https:\/\/www.artestar.eu\/de\/grosshandel\/"},{"@type":"ListItem","position":3,"name":"Halbperforierte Zuchtperlen 56 Paar"}]},{"@type":"WebSite","@id":"https:\/\/www.artestar.eu\/de\/#website","url":"https:\/\/www.artestar.eu\/de\/","name":"Artestar","description":"Mayorista en abalorios y joyer\u00eda","publisher":{"@id":"https:\/\/www.artestar.eu\/de\/#organization"},"alternateName":"Artestar-EU","potentialAction":[{"@type":"SearchAction","target":{"@type":"EntryPoint","urlTemplate":"https:\/\/www.artestar.eu\/de\/?s={search_term_string}"},"query-input":"required name=search_term_string"}],"inLanguage":"de-DE"},{"@type":["Organization","Place"],"@id":"https:\/\/www.artestar.eu\/de\/#organization","name":"RUBY ABALORIO S.L.","alternateName":"Artestar","url":"https:\/\/www.artestar.eu\/de\/","logo":{"@id":"https:\/\/www.artestar.eu\/de\/gro\u00dfhandel\/perlen-zucht-mittel-perforiert-56-paar\/#local-main-organization-logo"},"image":{"@id":"https:\/\/www.artestar.eu\/de\/gro\u00dfhandel\/perlen-zucht-mittel-perforiert-56-paar\/#local-main-organization-logo"},"sameAs":["https:\/\/www.facebook.com\/ARTESTAREU","https:\/\/www.instagram.com\/artestareu\/","https:\/\/www.pinterest.es\/artestar_eu\/","https:\/\/www.tiktok.com\/@artestar_wholesale"],"openingHoursSpecification":[{"@type":"OpeningHoursSpecification","dayOfWeek":["Monday","Tuesday","Wednesday","Thursday","Friday","Saturday","Sunday"],"opens":"09:00","closes":"17:00"}]},{"@type":"ImageObject","inLanguage":"de-DE","@id":"https:\/\/www.artestar.eu\/de\/gro\u00dfhandel\/perlen-zucht-mittel-perforiert-56-paar\/#local-main-organization-logo","url":"https:\/\/www.artestar.eu\/wp-content\/uploads\/2023\/05\/cropped-png.png","contentUrl":"https:\/\/www.artestar.eu\/wp-content\/uploads\/2023\/05\/cropped-png.png","width":512,"height":512,"caption":"RUBY ABALORIO S.L."}]},"product_price_amount":"12.82","product_price_currency":"EUR","og_availability":"instock","product_availability":"instock","product_retailer_item_id":"ZZ-ES-0005","product_condition":"new"},"tiered_pricing_type":"fixed","tiered_pricing_fixed_rules":[],"tiered_pricing_percentage_rules":[],"tiered_pricing_minimum":null,"_administrator_tiered_pricing_type":"fixed","_administrator_tiered_pricing_fixed_rules":[],"_editor_tiered_pricing_type":"fixed","_editor_tiered_pricing_fixed_rules":[],"_author_tiered_pricing_type":"fixed","_author_tiered_pricing_fixed_rules":[],"_contributor_tiered_pricing_type":"fixed","_contributor_tiered_pricing_fixed_rules":[],"_subscriber_tiered_pricing_type":"fixed","_subscriber_tiered_pricing_fixed_rules":[],"_wpseo_manager_tiered_pricing_type":"fixed","_wpseo_manager_tiered_pricing_fixed_rules":[],"_wpseo_editor_tiered_pricing_type":"fixed","_wpseo_editor_tiered_pricing_fixed_rules":[],"_customer_tiered_pricing_type":"fixed","_customer_tiered_pricing_fixed_rules":[],"_shop_manager_tiered_pricing_type":"fixed","_shop_manager_tiered_pricing_fixed_rules":[],"_product_manager_tiered_pricing_type":"fixed","_product_manager_tiered_pricing_fixed_rules":[],"_links":{"self":[{"href":"https:\/\/www.artestar.eu\/de\/wp-json\/wp\/v2\/product\/25497"}],"collection":[{"href":"https:\/\/www.artestar.eu\/de\/wp-json\/wp\/v2\/product"}],"about":[{"href":"https:\/\/www.artestar.eu\/de\/wp-json\/wp\/v2\/types\/product"}],"replies":[{"embeddable":true,"href":"https:\/\/www.artestar.eu\/de\/wp-json\/wp\/v2\/comments?post=25497"}],"version-history":[{"count":2,"href":"https:\/\/www.artestar.eu\/de\/wp-json\/wp\/v2\/product\/25497\/revisions"}],"predecessor-version":[{"id":37265,"href":"https:\/\/www.artestar.eu\/de\/wp-json\/wp\/v2\/product\/25497\/revisions\/37265"}],"wp:featuredmedia":[{"embeddable":true,"href":"https:\/\/www.artestar.eu\/de\/wp-json\/wp\/v2\/media\/12043"}],"wp:attachment":[{"href":"https:\/\/www.artestar.eu\/de\/wp-json\/wp\/v2\/media?parent=25497"}],"wp:term":[{"taxonomy":"product_cat","embeddable":true,"href":"https:\/\/www.artestar.eu\/de\/wp-json\/wp\/v2\/product_cat?post=25497"},{"taxonomy":"product_tag","embeddable":true,"href":"https:\/\/www.artestar.eu\/de\/wp-json\/wp\/v2\/product_tag?post=25497"}],"curies":[{"name":"wp","href":"https:\/\/api.w.org\/{rel}","templated":true}]}}