{"id":25777,"date":"2023-05-31T03:44:46","date_gmt":"2023-05-31T03:44:46","guid":{"rendered":"https:\/\/www.artestar.eu\/al-por-mayor\/tapones-transparentes-pendientes-de-acero-110-unids\/"},"modified":"2023-10-26T06:03:25","modified_gmt":"2023-10-26T06:03:25","slug":"stecker-transparente-ohrringe-aus-stahl","status":"publish","type":"product","link":"https:\/\/www.artestar.eu\/de\/gro\u00dfhandel\/stecker-transparente-ohrringe-aus-stahl\/","title":{"rendered":"Transparente Ohrringe aus Stahl 110Stk."},"content":{"rendered":"<p>Transparente Ohrring-Stahlstecker: Der Sicherheitsverschluss der anstehenden transparenten Stecker besteht aus durchsichtigem Kunststoff und Edelstahl, ist rost- und lichtbest\u00e4ndig, was ihn sicher macht.<\/p>\n<ul>\n<li>Es gibt gen\u00fcgend Edelstahl-B\u00f6schungsmuttern mit durchsichtigem Kunststoff f\u00fcr den t\u00e4glichen Weg zur Arbeit und zum Nachf\u00fcllen. Sie m\u00fcssen sich auch keine Sorgen um Verlust oder Besch\u00e4digung machen.<\/li>\n<li>Die Ohrringe haben ein klassisches Design und sind leicht und einfach zu tragen. Sie sind auch einfach zu bedienen, schieben Sie einfach die griffigen Pads \u00fcber die Pfosten und befestigen Sie die Ohrringe.<\/li>\n<li>Da sie leicht an- und auszuziehen, sind Sicherheitsohrringe aus Silikon f\u00fcr Damen zur Stabilisierung von Ohrringen klein und leicht zu tragen, angenehm zu tragen und k\u00f6nnen problemlos mit den meisten allt\u00e4glichen Ohrringen und Outfits getragen werden.<\/li>\n<li>Diese Bullet-Clutch-Ohrringe mit Pad zur Stabilisierung schwerer Stangenohrringe k\u00f6nnen verwendet werden, um neuen Schmuck herzustellen, alte oder verlorene Ohrringe jederzeit zu ersetzen oder Freunden und Familie, die sie gerne als Geschenk von Ihnen erhalten, ein Extra zu geben.<\/li>\n<\/ul>\n<p><a href=\"https:\/\/s01.pic4net.com\/di-NV9DUR.jpeg\"> <img decoding=\"async\" class=\"alignnone wp-image-4748 size-full\" src=\"https:\/\/www.artestar.eu%E2%80%8B%E2%80%8B%E2%80%8B%E2%80%8B\/wp-content\/uploads\/2023\/05\/stainless-steel-earring-accessories-silver-earring-nuts-02.jpg\" alt=\"Ohrringe aus transparentem Stahl\" width=\"600\" height=\"600\" srcset=\"https:\/\/www.artestar.eu\/wp-content\/uploads\/2023\/05\/stainless-steel-earring-accessories-silver-earring-nuts-02.jpg 600w, https:\/\/www.artestar.eu\/wp-content\/uploads\/2023\/05\/stainless-steel-earring-accessories-silver-earring-nuts-02-300x300.jpg 300w, https:\/\/www.artestar.eu\/wp-content\/uploads\/2023\/05\/stainless-steel-earring-accessories-silver-earring-nuts-02-150x150.jpg 150w, https:\/\/www.artestar.eu\/wp-content\/uploads\/2023\/05\/stainless-steel-earring-accessories-silver-earring-nuts-02-450x450.jpg 450w, https:\/\/www.artestar.eu\/wp-content\/uploads\/2023\/05\/stainless-steel-earring-accessories-silver-earring-nuts-02-54x54.jpg 54w\" sizes=\"(max-width: 600px) 100vw, 600px\" \/><\/a><\/p>\n<h5>Edelstahl-B\u00f6schungsmutter mit transparentem Kunststoff<\/h5>\n<ul>\n<li>Achtung: Da es sich bei diesem Edelstahlzubeh\u00f6r um Kleinteile handelt, bewahren Sie diese bitte au\u00dferhalb der Reichweite von Kindern auf.<\/li>\n<li>Unser Edelstahlzubeh\u00f6r ist in zwei Farben erh\u00e4ltlich, Gold und Stahl. Jedes ist reichlich vorhanden und hat eine einheitliche Gr\u00f6\u00dfe, sodass Sie die Freiheit haben, Ihren Lieblingsschmuck zu kreieren.<\/li>\n<\/ul>\n","protected":false},"excerpt":{"rendered":"<ul>\n<li>Material: Edelstahl<\/li>\n<li>Menge: 110 Stk.<\/li>\n<li>Durchmesser des Sockels : \u00d8 12mm ; Innenring : \u00d8 1mm<\/li>\n<li>Ohrringe, Edelstahl-Ohrringmutter mit Hartplastik<\/li>\n<\/ul>\n","protected":false},"featured_media":12083,"comment_status":"open","ping_status":"closed","template":"","meta":[],"product_cat":[1670,1669],"product_tag":[],"yoast_head":"<!-- This site is optimized with the Yoast SEO Premium plugin v20.5 (Yoast SEO v21.5) - https:\/\/yoast.com\/wordpress\/plugins\/seo\/ -->\n<title>Transparente Ohrringe aus Stahl - Artestar<\/title>\n<meta name=\"description\" content=\"Leicht zu greifende, transparente Stahlohrringe stecken leicht in Pfosten und bleiben auf sicheren H\u00e4ngen nicht verloren.\" \/>\n<meta name=\"robots\" content=\"index, follow, max-snippet:-1, max-image-preview:large, max-video-preview:-1\" \/>\n<link rel=\"canonical\" href=\"https:\/\/www.artestar.eu\/de\/gro\u00dfhandel\/stecker-transparente-ohrringe-aus-stahl\/\" \/>\n<meta property=\"og:locale\" content=\"de_DE\" \/>\n<meta property=\"og:type\" content=\"article\" \/>\n<meta property=\"og:title\" content=\"Transparente Ohrringe aus Stahl 110Stk.\" \/>\n<meta property=\"og:description\" content=\"Leicht zu greifende, transparente Stahlohrringe stecken leicht in Pfosten und bleiben auf sicheren H\u00e4ngen nicht verloren.\" \/>\n<meta property=\"og:url\" content=\"https:\/\/www.artestar.eu\/de\/gro\u00dfhandel\/stecker-transparente-ohrringe-aus-stahl\/\" \/>\n<meta property=\"og:site_name\" content=\"Artestar\" \/>\n<meta property=\"article:publisher\" content=\"https:\/\/www.facebook.com\/ARTESTAREU\" \/>\n<meta property=\"article:modified_time\" content=\"2023-10-26T06:03:25+00:00\" \/>\n<meta property=\"og:image\" content=\"https:\/\/www.artestar.eu\/wp-content\/uploads\/2023\/05\/stainless-steel-earring-accessories-silver-earring-nuts.jpg\" \/>\n\t<meta property=\"og:image:width\" content=\"600\" \/>\n\t<meta property=\"og:image:height\" content=\"600\" \/>\n\t<meta property=\"og:image:type\" content=\"image\/jpeg\" \/>\n<meta name=\"twitter:card\" content=\"summary_large_image\" \/>\n<meta name=\"twitter:label1\" content=\"Preis\" \/>\n\t<meta name=\"twitter:data1\" content=\"1,12&nbsp;&euro; (Ohne MwSt)\" \/>\n\t<meta name=\"twitter:label2\" content=\"Availability\" \/>\n\t<meta name=\"twitter:data2\" content=\"Auf Lager\" \/>\n<script type=\"application\/ld+json\" class=\"yoast-schema-graph\">{\"@context\":\"https:\/\/schema.org\",\"@graph\":[{\"@type\":\"WebPage\",\"@id\":\"https:\/\/www.artestar.eu\/de\/gro\u00dfhandel\/stecker-transparente-ohrringe-aus-stahl\/\",\"url\":\"https:\/\/www.artestar.eu\/de\/gro\u00dfhandel\/stecker-transparente-ohrringe-aus-stahl\/\",\"name\":\"Transparente Ohrringe aus Stahl - Artestar\",\"isPartOf\":{\"@id\":\"https:\/\/www.artestar.eu\/de\/#website\"},\"datePublished\":\"2023-05-31T03:44:46+00:00\",\"dateModified\":\"2023-10-26T06:03:25+00:00\",\"description\":\"Leicht zu greifende, transparente Stahlohrringe stecken leicht in Pfosten und bleiben auf sicheren H\u00e4ngen nicht verloren.\",\"breadcrumb\":{\"@id\":\"https:\/\/www.artestar.eu\/de\/gro\u00dfhandel\/stecker-transparente-ohrringe-aus-stahl\/#breadcrumb\"},\"inLanguage\":\"de-DE\",\"potentialAction\":[{\"@type\":\"ReadAction\",\"target\":[\"https:\/\/www.artestar.eu\/de\/gro\u00dfhandel\/stecker-transparente-ohrringe-aus-stahl\/\"]}]},{\"@type\":\"BreadcrumbList\",\"@id\":\"https:\/\/www.artestar.eu\/de\/gro\u00dfhandel\/stecker-transparente-ohrringe-aus-stahl\/#breadcrumb\",\"itemListElement\":[{\"@type\":\"ListItem\",\"position\":1,\"name\":\"Artestar\",\"item\":\"https:\/\/www.artestar.eu\/de\/\"},{\"@type\":\"ListItem\",\"position\":2,\"name\":\"Gro\u00dfhandel\",\"item\":\"https:\/\/www.artestar.eu\/de\/grosshandel\/\"},{\"@type\":\"ListItem\",\"position\":3,\"name\":\"Transparente Ohrringe aus Stahl 110Stk.\"}]},{\"@type\":\"WebSite\",\"@id\":\"https:\/\/www.artestar.eu\/de\/#website\",\"url\":\"https:\/\/www.artestar.eu\/de\/\",\"name\":\"Artestar\",\"description\":\"Mayorista en abalorios y joyer\u00eda\",\"publisher\":{\"@id\":\"https:\/\/www.artestar.eu\/de\/#organization\"},\"alternateName\":\"Artestar-EU\",\"potentialAction\":[{\"@type\":\"SearchAction\",\"target\":{\"@type\":\"EntryPoint\",\"urlTemplate\":\"https:\/\/www.artestar.eu\/de\/?s={search_term_string}\"},\"query-input\":\"required name=search_term_string\"}],\"inLanguage\":\"de-DE\"},{\"@type\":[\"Organization\",\"Place\"],\"@id\":\"https:\/\/www.artestar.eu\/de\/#organization\",\"name\":\"RUBY ABALORIO S.L.\",\"alternateName\":\"Artestar\",\"url\":\"https:\/\/www.artestar.eu\/de\/\",\"logo\":{\"@id\":\"https:\/\/www.artestar.eu\/de\/gro\u00dfhandel\/stecker-transparente-ohrringe-aus-stahl\/#local-main-organization-logo\"},\"image\":{\"@id\":\"https:\/\/www.artestar.eu\/de\/gro\u00dfhandel\/stecker-transparente-ohrringe-aus-stahl\/#local-main-organization-logo\"},\"sameAs\":[\"https:\/\/www.facebook.com\/ARTESTAREU\",\"https:\/\/www.instagram.com\/artestareu\/\",\"https:\/\/www.pinterest.es\/artestar_eu\/\",\"https:\/\/www.tiktok.com\/@artestar_wholesale\"],\"openingHoursSpecification\":[{\"@type\":\"OpeningHoursSpecification\",\"dayOfWeek\":[\"Monday\",\"Tuesday\",\"Wednesday\",\"Thursday\",\"Friday\",\"Saturday\",\"Sunday\"],\"opens\":\"09:00\",\"closes\":\"17:00\"}]},{\"@type\":\"ImageObject\",\"inLanguage\":\"de-DE\",\"@id\":\"https:\/\/www.artestar.eu\/de\/gro\u00dfhandel\/stecker-transparente-ohrringe-aus-stahl\/#local-main-organization-logo\",\"url\":\"https:\/\/www.artestar.eu\/wp-content\/uploads\/2023\/05\/cropped-png.png\",\"contentUrl\":\"https:\/\/www.artestar.eu\/wp-content\/uploads\/2023\/05\/cropped-png.png\",\"width\":512,\"height\":512,\"caption\":\"RUBY ABALORIO S.L.\"}]}<\/script>\n<meta property=\"product:price:amount\" content=\"1.12\" \/>\n<meta property=\"product:price:currency\" content=\"EUR\" \/>\n<meta property=\"og:availability\" content=\"instock\" \/>\n<meta property=\"product:availability\" content=\"instock\" \/>\n<meta property=\"product:retailer_item_id\" content=\"BXG-0001\" \/>\n<meta property=\"product:condition\" content=\"new\" \/>\n<!-- \/ Yoast SEO Premium plugin. -->","yoast_head_json":{"title":"Transparente Ohrringe aus Stahl - Artestar","description":"Leicht zu greifende, transparente Stahlohrringe stecken leicht in Pfosten und bleiben auf sicheren H\u00e4ngen nicht verloren.","robots":{"index":"index","follow":"follow","max-snippet":"max-snippet:-1","max-image-preview":"max-image-preview:large","max-video-preview":"max-video-preview:-1"},"canonical":"https:\/\/www.artestar.eu\/de\/gro\u00dfhandel\/stecker-transparente-ohrringe-aus-stahl\/","og_locale":"de_DE","og_type":"article","og_title":"Transparente Ohrringe aus Stahl 110Stk.","og_description":"Leicht zu greifende, transparente Stahlohrringe stecken leicht in Pfosten und bleiben auf sicheren H\u00e4ngen nicht verloren.","og_url":"https:\/\/www.artestar.eu\/de\/gro\u00dfhandel\/stecker-transparente-ohrringe-aus-stahl\/","og_site_name":"Artestar","article_publisher":"https:\/\/www.facebook.com\/ARTESTAREU","article_modified_time":"2023-10-26T06:03:25+00:00","og_image":[{"width":600,"height":600,"url":"https:\/\/www.artestar.eu\/wp-content\/uploads\/2023\/05\/stainless-steel-earring-accessories-silver-earring-nuts.jpg","type":"image\/jpeg"}],"twitter_card":"summary_large_image","twitter_misc":{"Preis":"1,12&nbsp;&euro; (Ohne MwSt)","Availability":"Auf Lager"},"schema":{"@context":"https:\/\/schema.org","@graph":[{"@type":"WebPage","@id":"https:\/\/www.artestar.eu\/de\/gro\u00dfhandel\/stecker-transparente-ohrringe-aus-stahl\/","url":"https:\/\/www.artestar.eu\/de\/gro\u00dfhandel\/stecker-transparente-ohrringe-aus-stahl\/","name":"Transparente Ohrringe aus Stahl - Artestar","isPartOf":{"@id":"https:\/\/www.artestar.eu\/de\/#website"},"datePublished":"2023-05-31T03:44:46+00:00","dateModified":"2023-10-26T06:03:25+00:00","description":"Leicht zu greifende, transparente Stahlohrringe stecken leicht in Pfosten und bleiben auf sicheren H\u00e4ngen nicht verloren.","breadcrumb":{"@id":"https:\/\/www.artestar.eu\/de\/gro\u00dfhandel\/stecker-transparente-ohrringe-aus-stahl\/#breadcrumb"},"inLanguage":"de-DE","potentialAction":[{"@type":"ReadAction","target":["https:\/\/www.artestar.eu\/de\/gro\u00dfhandel\/stecker-transparente-ohrringe-aus-stahl\/"]}]},{"@type":"BreadcrumbList","@id":"https:\/\/www.artestar.eu\/de\/gro\u00dfhandel\/stecker-transparente-ohrringe-aus-stahl\/#breadcrumb","itemListElement":[{"@type":"ListItem","position":1,"name":"Artestar","item":"https:\/\/www.artestar.eu\/de\/"},{"@type":"ListItem","position":2,"name":"Gro\u00dfhandel","item":"https:\/\/www.artestar.eu\/de\/grosshandel\/"},{"@type":"ListItem","position":3,"name":"Transparente Ohrringe aus Stahl 110Stk."}]},{"@type":"WebSite","@id":"https:\/\/www.artestar.eu\/de\/#website","url":"https:\/\/www.artestar.eu\/de\/","name":"Artestar","description":"Mayorista en abalorios y joyer\u00eda","publisher":{"@id":"https:\/\/www.artestar.eu\/de\/#organization"},"alternateName":"Artestar-EU","potentialAction":[{"@type":"SearchAction","target":{"@type":"EntryPoint","urlTemplate":"https:\/\/www.artestar.eu\/de\/?s={search_term_string}"},"query-input":"required name=search_term_string"}],"inLanguage":"de-DE"},{"@type":["Organization","Place"],"@id":"https:\/\/www.artestar.eu\/de\/#organization","name":"RUBY ABALORIO S.L.","alternateName":"Artestar","url":"https:\/\/www.artestar.eu\/de\/","logo":{"@id":"https:\/\/www.artestar.eu\/de\/gro\u00dfhandel\/stecker-transparente-ohrringe-aus-stahl\/#local-main-organization-logo"},"image":{"@id":"https:\/\/www.artestar.eu\/de\/gro\u00dfhandel\/stecker-transparente-ohrringe-aus-stahl\/#local-main-organization-logo"},"sameAs":["https:\/\/www.facebook.com\/ARTESTAREU","https:\/\/www.instagram.com\/artestareu\/","https:\/\/www.pinterest.es\/artestar_eu\/","https:\/\/www.tiktok.com\/@artestar_wholesale"],"openingHoursSpecification":[{"@type":"OpeningHoursSpecification","dayOfWeek":["Monday","Tuesday","Wednesday","Thursday","Friday","Saturday","Sunday"],"opens":"09:00","closes":"17:00"}]},{"@type":"ImageObject","inLanguage":"de-DE","@id":"https:\/\/www.artestar.eu\/de\/gro\u00dfhandel\/stecker-transparente-ohrringe-aus-stahl\/#local-main-organization-logo","url":"https:\/\/www.artestar.eu\/wp-content\/uploads\/2023\/05\/cropped-png.png","contentUrl":"https:\/\/www.artestar.eu\/wp-content\/uploads\/2023\/05\/cropped-png.png","width":512,"height":512,"caption":"RUBY ABALORIO S.L."}]},"product_price_amount":"1.12","product_price_currency":"EUR","og_availability":"instock","product_availability":"instock","product_retailer_item_id":"BXG-0001","product_condition":"new"},"tiered_pricing_type":"percentage","tiered_pricing_fixed_rules":{"5":"10"},"tiered_pricing_percentage_rules":[],"tiered_pricing_minimum":null,"_administrator_tiered_pricing_type":"fixed","_administrator_tiered_pricing_fixed_rules":[],"_editor_tiered_pricing_type":"fixed","_editor_tiered_pricing_fixed_rules":[],"_author_tiered_pricing_type":"fixed","_author_tiered_pricing_fixed_rules":[],"_contributor_tiered_pricing_type":"fixed","_contributor_tiered_pricing_fixed_rules":[],"_subscriber_tiered_pricing_type":"fixed","_subscriber_tiered_pricing_fixed_rules":[],"_wpseo_manager_tiered_pricing_type":"fixed","_wpseo_manager_tiered_pricing_fixed_rules":[],"_wpseo_editor_tiered_pricing_type":"fixed","_wpseo_editor_tiered_pricing_fixed_rules":[],"_customer_tiered_pricing_type":"fixed","_customer_tiered_pricing_fixed_rules":[],"_shop_manager_tiered_pricing_type":"fixed","_shop_manager_tiered_pricing_fixed_rules":[],"_product_manager_tiered_pricing_type":"fixed","_product_manager_tiered_pricing_fixed_rules":[],"_links":{"self":[{"href":"https:\/\/www.artestar.eu\/de\/wp-json\/wp\/v2\/product\/25777"}],"collection":[{"href":"https:\/\/www.artestar.eu\/de\/wp-json\/wp\/v2\/product"}],"about":[{"href":"https:\/\/www.artestar.eu\/de\/wp-json\/wp\/v2\/types\/product"}],"replies":[{"embeddable":true,"href":"https:\/\/www.artestar.eu\/de\/wp-json\/wp\/v2\/comments?post=25777"}],"version-history":[{"count":1,"href":"https:\/\/www.artestar.eu\/de\/wp-json\/wp\/v2\/product\/25777\/revisions"}],"predecessor-version":[{"id":32216,"href":"https:\/\/www.artestar.eu\/de\/wp-json\/wp\/v2\/product\/25777\/revisions\/32216"}],"wp:featuredmedia":[{"embeddable":true,"href":"https:\/\/www.artestar.eu\/de\/wp-json\/wp\/v2\/media\/12083"}],"wp:attachment":[{"href":"https:\/\/www.artestar.eu\/de\/wp-json\/wp\/v2\/media?parent=25777"}],"wp:term":[{"taxonomy":"product_cat","embeddable":true,"href":"https:\/\/www.artestar.eu\/de\/wp-json\/wp\/v2\/product_cat?post=25777"},{"taxonomy":"product_tag","embeddable":true,"href":"https:\/\/www.artestar.eu\/de\/wp-json\/wp\/v2\/product_tag?post=25777"}],"curies":[{"name":"wp","href":"https:\/\/api.w.org\/{rel}","templated":true}]}}