{"id":25967,"date":"2023-05-31T07:42:21","date_gmt":"2023-05-31T07:42:21","guid":{"rendered":"https:\/\/www.artestar.eu\/al-por-mayor\/colgantes-hojas-perlas-cultivadas\/"},"modified":"2023-10-26T05:46:03","modified_gmt":"2023-10-26T05:46:03","slug":"anhanger-blatter-perlen-zucht","status":"publish","type":"product","link":"https:\/\/www.artestar.eu\/de\/gro\u00dfhandel\/anhanger-blatter-perlen-zucht\/","title":{"rendered":"H\u00e4ngende Perlenzuchtbl\u00e4tter"},"content":{"rendered":"<p>H\u00e4ngende Zuchtperlenbl\u00e4tter: Aufgrund der unregelm\u00e4\u00dfigen Form nat\u00fcrlicher S\u00fc\u00dfwasserperlen k\u00f6nnen die Gr\u00f6\u00dfen leicht variieren. Die klassische Muschelfarbe ist stilvoll und elegant und eignet sich hervorragend f\u00fcr kreative Geschenke.<\/p>\n<ul>\n<li>Eine 100% nat\u00fcrliche S\u00fc\u00dfwasserzuchtperle aus einer Auster, sie hat eine nat\u00fcrliche Form und alle nat\u00fcrlichen S\u00fc\u00dfwasserperlen sind einzigartig. Auf seiner Oberfl\u00e4che k\u00f6nnen Sie die einzigartige Textur nat\u00fcrlicher Zuchtperlen sehen, die ihm eine nat\u00fcrliche und elegante Note verleiht.<\/li>\n<li>Nat\u00fcrliche S\u00fc\u00dfwasserzuchtperlen k\u00f6nnen mit Edelstahl-Metallbeschl\u00e4gen kombiniert werden. Edelsteinperlen und vieles mehr, um jeden gew\u00fcnschten Stil zu kreieren und glamour\u00f6se St\u00fccke zu kreieren, die Sie nicht erwarten w\u00fcrden. Einige Beispiele sind Ohrringe, Halsketten, Anh\u00e4nger und Armb\u00e4nder.<\/li>\n<li>Alle Perlenanh\u00e4nger werden mit Edelstahlringen auf der Oberseite geliefert, und da die L\u00f6cher der Anh\u00e4nger die richtige Gr\u00f6\u00dfe haben, k\u00f6nnen Sie ohne Anstrengung hindurchgehen. Dar\u00fcber hinaus k\u00f6nnen sie als Haarschmuck, Zubeh\u00f6rmaterial f\u00fcr Kleidung und Schl\u00fcsselanh\u00e4nger verwendet werden.<\/li>\n<li>Anh\u00e4nger aus nat\u00fcrlichem Perlmutt gibt es in verschiedenen Gr\u00f6\u00dfen und Formen. So k\u00f6nnen Sie sich eine oder mehrere der wertvollsten Perlen aussuchen und auf jeden Fall eines unserer Einzelst\u00fccke oder ein passendes fertiges Produkt an Ihre Freunde und Familie verschenken, die es sehr bedeutungsvoll finden und lieben werden.<\/li>\n<\/ul>\n<div id=\"attachment_12303\" style=\"width: 610px\" class=\"wp-caption alignnone\"><img aria-describedby=\"caption-attachment-12303\" decoding=\"async\" class=\"size-full wp-image-4856\" src=\"https:\/\/www.artestar.eu%E2%80%8B%E2%80%8B%E2%80%8B%E2%80%8B\/wp-content\/uploads\/2023\/05\/cultured-pearls-pendants-leaf-gold-01.jpg\" alt=\"H\u00e4ngende Perlenzuchtbl\u00e4tter\" width=\"600\" height=\"600\" srcset=\"https:\/\/www.artestar.eu\/wp-content\/uploads\/2023\/05\/cultured-pearls-pendants-leaf-gold-01.jpg 600w, https:\/\/www.artestar.eu\/wp-content\/uploads\/2023\/05\/cultured-pearls-pendants-leaf-gold-01-300x300.jpg 300w, https:\/\/www.artestar.eu\/wp-content\/uploads\/2023\/05\/cultured-pearls-pendants-leaf-gold-01-150x150.jpg 150w, https:\/\/www.artestar.eu\/wp-content\/uploads\/2023\/05\/cultured-pearls-pendants-leaf-gold-01-450x450.jpg 450w, https:\/\/www.artestar.eu\/wp-content\/uploads\/2023\/05\/cultured-pearls-pendants-leaf-gold-01-54x54.jpg 54w\" sizes=\"(max-width: 600px) 100vw, 600px\" \/><p id=\"caption-attachment-12303\" class=\"wp-caption-text\">H\u00e4ngende Perlenzuchtbl\u00e4tter<\/p><\/div>\n<ul>\n<li>Sie k\u00f6nnen aufgrund von Lichteffekten und Computereinstellungen leicht variieren. Lesen Sie also bitte vor dem Kauf die Gr\u00f6\u00dfen der verschiedenen Perlenf\u00e4den und w\u00e4hlen Sie diejenige aus, die Ihnen am besten gef\u00e4llt.<\/li>\n<\/ul>\n","protected":false},"excerpt":{"rendered":"<ul>\n<li>Gr\u00f6\u00dfe: ca. 22 x 31 mm<\/li>\n<li>Material: Nat\u00fcrliche S\u00fc\u00dfwasserzuchtperlen<\/li>\n<li>Wird zur Herstellung von Halsketten, Anh\u00e4ngern und anderem Schmuck verwendet<\/li>\n<\/ul>\n","protected":false},"featured_media":12293,"comment_status":"open","ping_status":"closed","template":"","meta":[],"product_cat":[1088,1585],"product_tag":[],"yoast_head":"<!-- This site is optimized with the Yoast SEO Premium plugin v20.5 (Yoast SEO v21.5) - https:\/\/yoast.com\/wordpress\/plugins\/seo\/ -->\n<title>H\u00e4ngende Perlenzuchtbl\u00e4tter - Artestar<\/title>\n<meta name=\"description\" content=\"Perlmutt stammt aus verschiedenen Arten von Meeresmollusken, Zuchtperlenanh\u00e4nger k\u00f6nnen sch\u00f6ne Ornamente herstellen, die viel Aufmerksamkeit auf sich ziehen.\" \/>\n<meta name=\"robots\" content=\"index, follow, max-snippet:-1, max-image-preview:large, max-video-preview:-1\" \/>\n<link rel=\"canonical\" href=\"https:\/\/www.artestar.eu\/de\/gro\u00dfhandel\/anhanger-blatter-perlen-zucht\/\" \/>\n<meta property=\"og:locale\" content=\"de_DE\" \/>\n<meta property=\"og:type\" content=\"article\" \/>\n<meta property=\"og:title\" content=\"H\u00e4ngende Perlenzuchtbl\u00e4tter\" \/>\n<meta property=\"og:description\" content=\"Perlmutt stammt aus verschiedenen Arten von Meeresmollusken, Zuchtperlenanh\u00e4nger k\u00f6nnen sch\u00f6ne Ornamente herstellen, die viel Aufmerksamkeit auf sich ziehen.\" \/>\n<meta property=\"og:url\" content=\"https:\/\/www.artestar.eu\/de\/gro\u00dfhandel\/anhanger-blatter-perlen-zucht\/\" \/>\n<meta property=\"og:site_name\" content=\"Artestar\" \/>\n<meta property=\"article:publisher\" content=\"https:\/\/www.facebook.com\/ARTESTAREU\" \/>\n<meta property=\"article:modified_time\" content=\"2023-10-26T05:46:03+00:00\" \/>\n<meta property=\"og:image\" content=\"https:\/\/www.artestar.eu\/wp-content\/uploads\/2023\/05\/cultured-pearls-pendants-leaf-gold.jpg\" \/>\n\t<meta property=\"og:image:width\" content=\"600\" \/>\n\t<meta property=\"og:image:height\" content=\"600\" \/>\n\t<meta property=\"og:image:type\" content=\"image\/jpeg\" \/>\n<meta name=\"twitter:card\" content=\"summary_large_image\" \/>\n<meta name=\"twitter:label1\" content=\"Preis\" \/>\n\t<meta name=\"twitter:data1\" content=\"1,53&nbsp;&euro; (Ohne MwSt)\" \/>\n\t<meta name=\"twitter:label2\" content=\"Availability\" \/>\n\t<meta name=\"twitter:data2\" content=\"Auf Lager\" \/>\n<script type=\"application\/ld+json\" class=\"yoast-schema-graph\">{\"@context\":\"https:\/\/schema.org\",\"@graph\":[{\"@type\":\"WebPage\",\"@id\":\"https:\/\/www.artestar.eu\/de\/gro\u00dfhandel\/anhanger-blatter-perlen-zucht\/\",\"url\":\"https:\/\/www.artestar.eu\/de\/gro\u00dfhandel\/anhanger-blatter-perlen-zucht\/\",\"name\":\"H\u00e4ngende Perlenzuchtbl\u00e4tter - Artestar\",\"isPartOf\":{\"@id\":\"https:\/\/www.artestar.eu\/de\/#website\"},\"datePublished\":\"2023-05-31T07:42:21+00:00\",\"dateModified\":\"2023-10-26T05:46:03+00:00\",\"description\":\"Perlmutt stammt aus verschiedenen Arten von Meeresmollusken, Zuchtperlenanh\u00e4nger k\u00f6nnen sch\u00f6ne Ornamente herstellen, die viel Aufmerksamkeit auf sich ziehen.\",\"breadcrumb\":{\"@id\":\"https:\/\/www.artestar.eu\/de\/gro\u00dfhandel\/anhanger-blatter-perlen-zucht\/#breadcrumb\"},\"inLanguage\":\"de-DE\",\"potentialAction\":[{\"@type\":\"ReadAction\",\"target\":[\"https:\/\/www.artestar.eu\/de\/gro\u00dfhandel\/anhanger-blatter-perlen-zucht\/\"]}]},{\"@type\":\"BreadcrumbList\",\"@id\":\"https:\/\/www.artestar.eu\/de\/gro\u00dfhandel\/anhanger-blatter-perlen-zucht\/#breadcrumb\",\"itemListElement\":[{\"@type\":\"ListItem\",\"position\":1,\"name\":\"Artestar\",\"item\":\"https:\/\/www.artestar.eu\/de\/\"},{\"@type\":\"ListItem\",\"position\":2,\"name\":\"Gro\u00dfhandel\",\"item\":\"https:\/\/www.artestar.eu\/de\/grosshandel\/\"},{\"@type\":\"ListItem\",\"position\":3,\"name\":\"H\u00e4ngende Perlenzuchtbl\u00e4tter\"}]},{\"@type\":\"WebSite\",\"@id\":\"https:\/\/www.artestar.eu\/de\/#website\",\"url\":\"https:\/\/www.artestar.eu\/de\/\",\"name\":\"Artestar\",\"description\":\"Mayorista en abalorios y joyer\u00eda\",\"publisher\":{\"@id\":\"https:\/\/www.artestar.eu\/de\/#organization\"},\"alternateName\":\"Artestar-EU\",\"potentialAction\":[{\"@type\":\"SearchAction\",\"target\":{\"@type\":\"EntryPoint\",\"urlTemplate\":\"https:\/\/www.artestar.eu\/de\/?s={search_term_string}\"},\"query-input\":\"required name=search_term_string\"}],\"inLanguage\":\"de-DE\"},{\"@type\":[\"Organization\",\"Place\"],\"@id\":\"https:\/\/www.artestar.eu\/de\/#organization\",\"name\":\"RUBY ABALORIO S.L.\",\"alternateName\":\"Artestar\",\"url\":\"https:\/\/www.artestar.eu\/de\/\",\"logo\":{\"@id\":\"https:\/\/www.artestar.eu\/de\/gro\u00dfhandel\/anhanger-blatter-perlen-zucht\/#local-main-organization-logo\"},\"image\":{\"@id\":\"https:\/\/www.artestar.eu\/de\/gro\u00dfhandel\/anhanger-blatter-perlen-zucht\/#local-main-organization-logo\"},\"sameAs\":[\"https:\/\/www.facebook.com\/ARTESTAREU\",\"https:\/\/www.instagram.com\/artestareu\/\",\"https:\/\/www.pinterest.es\/artestar_eu\/\",\"https:\/\/www.tiktok.com\/@artestar_wholesale\"],\"openingHoursSpecification\":[{\"@type\":\"OpeningHoursSpecification\",\"dayOfWeek\":[\"Monday\",\"Tuesday\",\"Wednesday\",\"Thursday\",\"Friday\",\"Saturday\",\"Sunday\"],\"opens\":\"09:00\",\"closes\":\"17:00\"}]},{\"@type\":\"ImageObject\",\"inLanguage\":\"de-DE\",\"@id\":\"https:\/\/www.artestar.eu\/de\/gro\u00dfhandel\/anhanger-blatter-perlen-zucht\/#local-main-organization-logo\",\"url\":\"https:\/\/www.artestar.eu\/wp-content\/uploads\/2023\/05\/cropped-png.png\",\"contentUrl\":\"https:\/\/www.artestar.eu\/wp-content\/uploads\/2023\/05\/cropped-png.png\",\"width\":512,\"height\":512,\"caption\":\"RUBY ABALORIO S.L.\"}]}<\/script>\n<meta property=\"product:price:amount\" content=\"1.53\" \/>\n<meta property=\"product:price:currency\" content=\"EUR\" \/>\n<meta property=\"og:availability\" content=\"instock\" \/>\n<meta property=\"product:availability\" content=\"instock\" \/>\n<meta property=\"product:retailer_item_id\" content=\"ZZ-DZ-0009\" \/>\n<meta property=\"product:condition\" content=\"new\" \/>\n<!-- \/ Yoast SEO Premium plugin. -->","yoast_head_json":{"title":"H\u00e4ngende Perlenzuchtbl\u00e4tter - Artestar","description":"Perlmutt stammt aus verschiedenen Arten von Meeresmollusken, Zuchtperlenanh\u00e4nger k\u00f6nnen sch\u00f6ne Ornamente herstellen, die viel Aufmerksamkeit auf sich ziehen.","robots":{"index":"index","follow":"follow","max-snippet":"max-snippet:-1","max-image-preview":"max-image-preview:large","max-video-preview":"max-video-preview:-1"},"canonical":"https:\/\/www.artestar.eu\/de\/gro\u00dfhandel\/anhanger-blatter-perlen-zucht\/","og_locale":"de_DE","og_type":"article","og_title":"H\u00e4ngende Perlenzuchtbl\u00e4tter","og_description":"Perlmutt stammt aus verschiedenen Arten von Meeresmollusken, Zuchtperlenanh\u00e4nger k\u00f6nnen sch\u00f6ne Ornamente herstellen, die viel Aufmerksamkeit auf sich ziehen.","og_url":"https:\/\/www.artestar.eu\/de\/gro\u00dfhandel\/anhanger-blatter-perlen-zucht\/","og_site_name":"Artestar","article_publisher":"https:\/\/www.facebook.com\/ARTESTAREU","article_modified_time":"2023-10-26T05:46:03+00:00","og_image":[{"width":600,"height":600,"url":"https:\/\/www.artestar.eu\/wp-content\/uploads\/2023\/05\/cultured-pearls-pendants-leaf-gold.jpg","type":"image\/jpeg"}],"twitter_card":"summary_large_image","twitter_misc":{"Preis":"1,53&nbsp;&euro; (Ohne MwSt)","Availability":"Auf Lager"},"schema":{"@context":"https:\/\/schema.org","@graph":[{"@type":"WebPage","@id":"https:\/\/www.artestar.eu\/de\/gro\u00dfhandel\/anhanger-blatter-perlen-zucht\/","url":"https:\/\/www.artestar.eu\/de\/gro\u00dfhandel\/anhanger-blatter-perlen-zucht\/","name":"H\u00e4ngende Perlenzuchtbl\u00e4tter - Artestar","isPartOf":{"@id":"https:\/\/www.artestar.eu\/de\/#website"},"datePublished":"2023-05-31T07:42:21+00:00","dateModified":"2023-10-26T05:46:03+00:00","description":"Perlmutt stammt aus verschiedenen Arten von Meeresmollusken, Zuchtperlenanh\u00e4nger k\u00f6nnen sch\u00f6ne Ornamente herstellen, die viel Aufmerksamkeit auf sich ziehen.","breadcrumb":{"@id":"https:\/\/www.artestar.eu\/de\/gro\u00dfhandel\/anhanger-blatter-perlen-zucht\/#breadcrumb"},"inLanguage":"de-DE","potentialAction":[{"@type":"ReadAction","target":["https:\/\/www.artestar.eu\/de\/gro\u00dfhandel\/anhanger-blatter-perlen-zucht\/"]}]},{"@type":"BreadcrumbList","@id":"https:\/\/www.artestar.eu\/de\/gro\u00dfhandel\/anhanger-blatter-perlen-zucht\/#breadcrumb","itemListElement":[{"@type":"ListItem","position":1,"name":"Artestar","item":"https:\/\/www.artestar.eu\/de\/"},{"@type":"ListItem","position":2,"name":"Gro\u00dfhandel","item":"https:\/\/www.artestar.eu\/de\/grosshandel\/"},{"@type":"ListItem","position":3,"name":"H\u00e4ngende Perlenzuchtbl\u00e4tter"}]},{"@type":"WebSite","@id":"https:\/\/www.artestar.eu\/de\/#website","url":"https:\/\/www.artestar.eu\/de\/","name":"Artestar","description":"Mayorista en abalorios y joyer\u00eda","publisher":{"@id":"https:\/\/www.artestar.eu\/de\/#organization"},"alternateName":"Artestar-EU","potentialAction":[{"@type":"SearchAction","target":{"@type":"EntryPoint","urlTemplate":"https:\/\/www.artestar.eu\/de\/?s={search_term_string}"},"query-input":"required name=search_term_string"}],"inLanguage":"de-DE"},{"@type":["Organization","Place"],"@id":"https:\/\/www.artestar.eu\/de\/#organization","name":"RUBY ABALORIO S.L.","alternateName":"Artestar","url":"https:\/\/www.artestar.eu\/de\/","logo":{"@id":"https:\/\/www.artestar.eu\/de\/gro\u00dfhandel\/anhanger-blatter-perlen-zucht\/#local-main-organization-logo"},"image":{"@id":"https:\/\/www.artestar.eu\/de\/gro\u00dfhandel\/anhanger-blatter-perlen-zucht\/#local-main-organization-logo"},"sameAs":["https:\/\/www.facebook.com\/ARTESTAREU","https:\/\/www.instagram.com\/artestareu\/","https:\/\/www.pinterest.es\/artestar_eu\/","https:\/\/www.tiktok.com\/@artestar_wholesale"],"openingHoursSpecification":[{"@type":"OpeningHoursSpecification","dayOfWeek":["Monday","Tuesday","Wednesday","Thursday","Friday","Saturday","Sunday"],"opens":"09:00","closes":"17:00"}]},{"@type":"ImageObject","inLanguage":"de-DE","@id":"https:\/\/www.artestar.eu\/de\/gro\u00dfhandel\/anhanger-blatter-perlen-zucht\/#local-main-organization-logo","url":"https:\/\/www.artestar.eu\/wp-content\/uploads\/2023\/05\/cropped-png.png","contentUrl":"https:\/\/www.artestar.eu\/wp-content\/uploads\/2023\/05\/cropped-png.png","width":512,"height":512,"caption":"RUBY ABALORIO S.L."}]},"product_price_amount":"1.53","product_price_currency":"EUR","og_availability":"instock","product_availability":"instock","product_retailer_item_id":"ZZ-DZ-0009","product_condition":"new"},"tiered_pricing_type":"percentage","tiered_pricing_fixed_rules":{"5":"10"},"tiered_pricing_percentage_rules":[],"tiered_pricing_minimum":null,"_administrator_tiered_pricing_type":"fixed","_administrator_tiered_pricing_fixed_rules":[],"_editor_tiered_pricing_type":"fixed","_editor_tiered_pricing_fixed_rules":[],"_author_tiered_pricing_type":"fixed","_author_tiered_pricing_fixed_rules":[],"_contributor_tiered_pricing_type":"fixed","_contributor_tiered_pricing_fixed_rules":[],"_subscriber_tiered_pricing_type":"fixed","_subscriber_tiered_pricing_fixed_rules":[],"_wpseo_manager_tiered_pricing_type":"fixed","_wpseo_manager_tiered_pricing_fixed_rules":[],"_wpseo_editor_tiered_pricing_type":"fixed","_wpseo_editor_tiered_pricing_fixed_rules":[],"_customer_tiered_pricing_type":"fixed","_customer_tiered_pricing_fixed_rules":[],"_shop_manager_tiered_pricing_type":"fixed","_shop_manager_tiered_pricing_fixed_rules":[],"_product_manager_tiered_pricing_type":"fixed","_product_manager_tiered_pricing_fixed_rules":[],"_links":{"self":[{"href":"https:\/\/www.artestar.eu\/de\/wp-json\/wp\/v2\/product\/25967"}],"collection":[{"href":"https:\/\/www.artestar.eu\/de\/wp-json\/wp\/v2\/product"}],"about":[{"href":"https:\/\/www.artestar.eu\/de\/wp-json\/wp\/v2\/types\/product"}],"replies":[{"embeddable":true,"href":"https:\/\/www.artestar.eu\/de\/wp-json\/wp\/v2\/comments?post=25967"}],"version-history":[{"count":2,"href":"https:\/\/www.artestar.eu\/de\/wp-json\/wp\/v2\/product\/25967\/revisions"}],"predecessor-version":[{"id":37222,"href":"https:\/\/www.artestar.eu\/de\/wp-json\/wp\/v2\/product\/25967\/revisions\/37222"}],"wp:featuredmedia":[{"embeddable":true,"href":"https:\/\/www.artestar.eu\/de\/wp-json\/wp\/v2\/media\/12293"}],"wp:attachment":[{"href":"https:\/\/www.artestar.eu\/de\/wp-json\/wp\/v2\/media?parent=25967"}],"wp:term":[{"taxonomy":"product_cat","embeddable":true,"href":"https:\/\/www.artestar.eu\/de\/wp-json\/wp\/v2\/product_cat?post=25967"},{"taxonomy":"product_tag","embeddable":true,"href":"https:\/\/www.artestar.eu\/de\/wp-json\/wp\/v2\/product_tag?post=25967"}],"curies":[{"name":"wp","href":"https:\/\/api.w.org\/{rel}","templated":true}]}}