{"id":25975,"date":"2023-06-10T06:03:56","date_gmt":"2023-06-10T06:03:56","guid":{"rendered":"https:\/\/www.artestar.eu\/al-por-mayor\/aventurina-verde-irregular-cuentas-de-piedra\/"},"modified":"2023-10-18T02:51:55","modified_gmt":"2023-10-18T02:51:55","slug":"aventurin-grun-unregelmasige-steinperlen","status":"publish","type":"product","link":"https:\/\/www.artestar.eu\/de\/gro\u00dfhandel\/aventurin-grun-unregelmasige-steinperlen\/","title":{"rendered":"Unregelm\u00e4\u00dfige gr\u00fcne Aventurin-Steinperlen"},"content":{"rendered":"<p>Unregelm\u00e4\u00dfige gr\u00fcne Aventurinsteinperlen: 8 &#8211; 12 mm.<\/p>\n<ul>\n<li>Jede Edelsteinperle ist aus reinen Naturmaterialien gefertigt und sorgt f\u00fcr einen einzigartigen Look.<\/li>\n<li>Natursteinperlen sind nach dem Polieren glatt und rund, wodurch sie angenehm zu tragen sind. Dar\u00fcber hinaus machen ihre einheitliche Gr\u00f6\u00dfe und einzigartige Textur und Farbe Edelsteinperlen einzigartig.<\/li>\n<li>Unregelm\u00e4\u00dfige nat\u00fcrliche Halbedelsteinperlen k\u00f6nnen Stress und \u00c4ngste abbauen, eine positive psychologische Botschaft vermitteln, eine optimistische Lebenseinstellung vermitteln und sollen die Energie des Universums auf den K\u00f6rper \u00fcbertragen.<\/li>\n<li>Denn jede dieser wundersch\u00f6nen, unregelm\u00e4\u00dfigen losen Steinperlen ist perforiert und eignet sich perfekt zum Einf\u00e4deln. F\u00e4deln Sie einfach einen Perlenfaden durch die L\u00f6cher in den Perlen und f\u00fcgen Sie sie ganz einfach zu Ihren Strickprojekten hinzu \u2013 viel Spa\u00df beim Basteln von Modeschmuck!<\/li>\n<li>Diese zarten perforierten Perlen k\u00f6nnen mit anderen Metallaccessoires, Kristallen, Perlen, Muscheln und mehr kombiniert werden, um jedes Kunsthandwerk, jede Halskette, jedes Armband, jede Ohrringe, Wohnkultur und vieles mehr herzustellen. Verschenken Sie es an handwerksbegeisterte Familie und Freunde. Es ist nicht nur ein perfektes Geschenk, sondern enth\u00e4lt auch die besten W\u00fcnsche.<\/li>\n<\/ul>\n<p><img decoding=\"async\" class=\"alignnone size-full wp-image-5926\" src=\"https:\/\/www.artestar.eu%E2%80%8B%E2%80%8B%E2%80%8B%E2%80%8B\/wp-content\/uploads\/2023\/06\/natural-gemstone-1.jpg\" alt=\"Nat\u00fcrliche, unregelm\u00e4\u00dfige Steinperlen\" width=\"600\" height=\"600\" srcset=\"https:\/\/www.artestar.eu\/wp-content\/uploads\/2023\/06\/natural-gemstone-1.jpg 600w, https:\/\/www.artestar.eu\/wp-content\/uploads\/2023\/06\/natural-gemstone-1-300x300.jpg 300w, https:\/\/www.artestar.eu\/wp-content\/uploads\/2023\/06\/natural-gemstone-1-150x150.jpg 150w, https:\/\/www.artestar.eu\/wp-content\/uploads\/2023\/06\/natural-gemstone-1-450x450.jpg 450w, https:\/\/www.artestar.eu\/wp-content\/uploads\/2023\/06\/natural-gemstone-1-54x54.jpg 54w\" sizes=\"(max-width: 600px) 100vw, 600px\" \/><\/p>\n<h5>Unregelm\u00e4\u00dfige gr\u00fcne Aventurin-Steinperlen<\/h5>\n<p><strong>Vorsichtsma\u00dfnahmen:<\/strong><\/p>\n<ul>\n<li>Aufgrund von Unterschieden zwischen Monitoren und Aufl\u00f6sungen k\u00f6nnen die Bildfarben geringf\u00fcgig von den tats\u00e4chlichen Farben abweichen.<\/li>\n<li>Aufgrund von Faktoren wie Beleuchtung oder nat\u00fcrlichen Variationen der verwendeten Materialien kann das Produkt in Farbe und Form leicht variieren.<\/li>\n<li>Steinperlen sollten vor intensiver Sonneneinstrahlung gesch\u00fctzt werden, um die Textur und Farbe des Steins nicht zu besch\u00e4digen.<\/li>\n<\/ul>\n<p><strong>Warnung: <\/strong><\/p>\n<ul>\n<li>Kinder unter drei Jahren sollten Kontakt und Erstickungsgefahr vermeiden.<\/li>\n<\/ul>\n","protected":false},"excerpt":{"rendered":"<ul>\n<li>Gr\u00f6\u00dfe: ca. 8 &#8211; 12 mm, Bohrung: 1 mm<\/li>\n<li>Menge: ca. 30 ~ 45 Stk. Der Betrag kann aufgrund unterschiedlicher Kontogr\u00f6\u00dfen variieren.<\/li>\n<\/ul>\n","protected":false},"featured_media":14470,"comment_status":"open","ping_status":"closed","template":"","meta":[],"product_cat":[1565,1492,1493],"product_tag":[],"yoast_head":"<!-- This site is optimized with the Yoast SEO Premium plugin v20.5 (Yoast SEO v21.5) - https:\/\/yoast.com\/wordpress\/plugins\/seo\/ -->\n<title>Unregelm\u00e4\u00dfige gr\u00fcne Aventurin-Steinperlen - Artestar<\/title>\n<meta name=\"description\" content=\"Die unregelm\u00e4\u00dfigen gr\u00fcnen Aventurin-Steinperlen sind vorteilhaft, um das Erwachen zur Natur zu f\u00f6rdern und die geistige Gesundheit und St\u00e4rke zu verbessern.\" \/>\n<meta name=\"robots\" content=\"index, follow, max-snippet:-1, max-image-preview:large, max-video-preview:-1\" \/>\n<link rel=\"canonical\" href=\"https:\/\/www.artestar.eu\/de\/gro\u00dfhandel\/aventurin-grun-unregelmasige-steinperlen\/\" \/>\n<meta property=\"og:locale\" content=\"de_DE\" \/>\n<meta property=\"og:type\" content=\"article\" \/>\n<meta property=\"og:title\" content=\"Unregelm\u00e4\u00dfige gr\u00fcne Aventurin-Steinperlen\" \/>\n<meta property=\"og:description\" content=\"Die unregelm\u00e4\u00dfigen gr\u00fcnen Aventurin-Steinperlen sind vorteilhaft, um das Erwachen zur Natur zu f\u00f6rdern und die geistige Gesundheit und St\u00e4rke zu verbessern.\" \/>\n<meta property=\"og:url\" content=\"https:\/\/www.artestar.eu\/de\/gro\u00dfhandel\/aventurin-grun-unregelmasige-steinperlen\/\" \/>\n<meta property=\"og:site_name\" content=\"Artestar\" \/>\n<meta property=\"article:publisher\" content=\"https:\/\/www.facebook.com\/ARTESTAREU\" \/>\n<meta property=\"article:modified_time\" content=\"2023-10-18T02:51:55+00:00\" \/>\n<meta property=\"og:image\" content=\"https:\/\/www.artestar.eu\/wp-content\/uploads\/2023\/06\/natural-semi-precious-gemstone-beads-green-aventurine.jpg\" \/>\n\t<meta property=\"og:image:width\" content=\"600\" \/>\n\t<meta property=\"og:image:height\" content=\"600\" \/>\n\t<meta property=\"og:image:type\" content=\"image\/jpeg\" \/>\n<meta name=\"twitter:card\" content=\"summary_large_image\" \/>\n<meta name=\"twitter:label1\" content=\"Preis\" \/>\n\t<meta name=\"twitter:data1\" content=\"1,65&nbsp;&euro; (Ohne MwSt)\" \/>\n\t<meta name=\"twitter:label2\" content=\"Availability\" \/>\n\t<meta name=\"twitter:data2\" content=\"Auf Lager\" \/>\n<script type=\"application\/ld+json\" class=\"yoast-schema-graph\">{\"@context\":\"https:\/\/schema.org\",\"@graph\":[{\"@type\":\"WebPage\",\"@id\":\"https:\/\/www.artestar.eu\/de\/gro\u00dfhandel\/aventurin-grun-unregelmasige-steinperlen\/\",\"url\":\"https:\/\/www.artestar.eu\/de\/gro\u00dfhandel\/aventurin-grun-unregelmasige-steinperlen\/\",\"name\":\"Unregelm\u00e4\u00dfige gr\u00fcne Aventurin-Steinperlen - Artestar\",\"isPartOf\":{\"@id\":\"https:\/\/www.artestar.eu\/de\/#website\"},\"datePublished\":\"2023-06-10T06:03:56+00:00\",\"dateModified\":\"2023-10-18T02:51:55+00:00\",\"description\":\"Die unregelm\u00e4\u00dfigen gr\u00fcnen Aventurin-Steinperlen sind vorteilhaft, um das Erwachen zur Natur zu f\u00f6rdern und die geistige Gesundheit und St\u00e4rke zu verbessern.\",\"breadcrumb\":{\"@id\":\"https:\/\/www.artestar.eu\/de\/gro\u00dfhandel\/aventurin-grun-unregelmasige-steinperlen\/#breadcrumb\"},\"inLanguage\":\"de-DE\",\"potentialAction\":[{\"@type\":\"ReadAction\",\"target\":[\"https:\/\/www.artestar.eu\/de\/gro\u00dfhandel\/aventurin-grun-unregelmasige-steinperlen\/\"]}]},{\"@type\":\"BreadcrumbList\",\"@id\":\"https:\/\/www.artestar.eu\/de\/gro\u00dfhandel\/aventurin-grun-unregelmasige-steinperlen\/#breadcrumb\",\"itemListElement\":[{\"@type\":\"ListItem\",\"position\":1,\"name\":\"Artestar\",\"item\":\"https:\/\/www.artestar.eu\/de\/\"},{\"@type\":\"ListItem\",\"position\":2,\"name\":\"Gro\u00dfhandel\",\"item\":\"https:\/\/www.artestar.eu\/de\/grosshandel\/\"},{\"@type\":\"ListItem\",\"position\":3,\"name\":\"Unregelm\u00e4\u00dfige gr\u00fcne Aventurin-Steinperlen\"}]},{\"@type\":\"WebSite\",\"@id\":\"https:\/\/www.artestar.eu\/de\/#website\",\"url\":\"https:\/\/www.artestar.eu\/de\/\",\"name\":\"Artestar\",\"description\":\"Mayorista en abalorios y joyer\u00eda\",\"publisher\":{\"@id\":\"https:\/\/www.artestar.eu\/de\/#organization\"},\"alternateName\":\"Artestar-EU\",\"potentialAction\":[{\"@type\":\"SearchAction\",\"target\":{\"@type\":\"EntryPoint\",\"urlTemplate\":\"https:\/\/www.artestar.eu\/de\/?s={search_term_string}\"},\"query-input\":\"required name=search_term_string\"}],\"inLanguage\":\"de-DE\"},{\"@type\":[\"Organization\",\"Place\"],\"@id\":\"https:\/\/www.artestar.eu\/de\/#organization\",\"name\":\"RUBY ABALORIO S.L.\",\"alternateName\":\"Artestar\",\"url\":\"https:\/\/www.artestar.eu\/de\/\",\"logo\":{\"@id\":\"https:\/\/www.artestar.eu\/de\/gro\u00dfhandel\/aventurin-grun-unregelmasige-steinperlen\/#local-main-organization-logo\"},\"image\":{\"@id\":\"https:\/\/www.artestar.eu\/de\/gro\u00dfhandel\/aventurin-grun-unregelmasige-steinperlen\/#local-main-organization-logo\"},\"sameAs\":[\"https:\/\/www.facebook.com\/ARTESTAREU\",\"https:\/\/www.instagram.com\/artestareu\/\",\"https:\/\/www.pinterest.es\/artestar_eu\/\",\"https:\/\/www.tiktok.com\/@artestar_wholesale\"],\"openingHoursSpecification\":[{\"@type\":\"OpeningHoursSpecification\",\"dayOfWeek\":[\"Monday\",\"Tuesday\",\"Wednesday\",\"Thursday\",\"Friday\",\"Saturday\",\"Sunday\"],\"opens\":\"09:00\",\"closes\":\"17:00\"}]},{\"@type\":\"ImageObject\",\"inLanguage\":\"de-DE\",\"@id\":\"https:\/\/www.artestar.eu\/de\/gro\u00dfhandel\/aventurin-grun-unregelmasige-steinperlen\/#local-main-organization-logo\",\"url\":\"https:\/\/www.artestar.eu\/wp-content\/uploads\/2023\/05\/cropped-png.png\",\"contentUrl\":\"https:\/\/www.artestar.eu\/wp-content\/uploads\/2023\/05\/cropped-png.png\",\"width\":512,\"height\":512,\"caption\":\"RUBY ABALORIO S.L.\"}]}<\/script>\n<meta property=\"product:price:amount\" content=\"1.65\" \/>\n<meta property=\"product:price:currency\" content=\"EUR\" \/>\n<meta property=\"og:availability\" content=\"instock\" \/>\n<meta property=\"product:availability\" content=\"instock\" \/>\n<meta property=\"product:retailer_item_id\" content=\"BS-YZ-SX0009\" \/>\n<meta property=\"product:condition\" content=\"new\" \/>\n<!-- \/ Yoast SEO Premium plugin. -->","yoast_head_json":{"title":"Unregelm\u00e4\u00dfige gr\u00fcne Aventurin-Steinperlen - Artestar","description":"Die unregelm\u00e4\u00dfigen gr\u00fcnen Aventurin-Steinperlen sind vorteilhaft, um das Erwachen zur Natur zu f\u00f6rdern und die geistige Gesundheit und St\u00e4rke zu verbessern.","robots":{"index":"index","follow":"follow","max-snippet":"max-snippet:-1","max-image-preview":"max-image-preview:large","max-video-preview":"max-video-preview:-1"},"canonical":"https:\/\/www.artestar.eu\/de\/gro\u00dfhandel\/aventurin-grun-unregelmasige-steinperlen\/","og_locale":"de_DE","og_type":"article","og_title":"Unregelm\u00e4\u00dfige gr\u00fcne Aventurin-Steinperlen","og_description":"Die unregelm\u00e4\u00dfigen gr\u00fcnen Aventurin-Steinperlen sind vorteilhaft, um das Erwachen zur Natur zu f\u00f6rdern und die geistige Gesundheit und St\u00e4rke zu verbessern.","og_url":"https:\/\/www.artestar.eu\/de\/gro\u00dfhandel\/aventurin-grun-unregelmasige-steinperlen\/","og_site_name":"Artestar","article_publisher":"https:\/\/www.facebook.com\/ARTESTAREU","article_modified_time":"2023-10-18T02:51:55+00:00","og_image":[{"width":600,"height":600,"url":"https:\/\/www.artestar.eu\/wp-content\/uploads\/2023\/06\/natural-semi-precious-gemstone-beads-green-aventurine.jpg","type":"image\/jpeg"}],"twitter_card":"summary_large_image","twitter_misc":{"Preis":"1,65&nbsp;&euro; (Ohne MwSt)","Availability":"Auf Lager"},"schema":{"@context":"https:\/\/schema.org","@graph":[{"@type":"WebPage","@id":"https:\/\/www.artestar.eu\/de\/gro\u00dfhandel\/aventurin-grun-unregelmasige-steinperlen\/","url":"https:\/\/www.artestar.eu\/de\/gro\u00dfhandel\/aventurin-grun-unregelmasige-steinperlen\/","name":"Unregelm\u00e4\u00dfige gr\u00fcne Aventurin-Steinperlen - Artestar","isPartOf":{"@id":"https:\/\/www.artestar.eu\/de\/#website"},"datePublished":"2023-06-10T06:03:56+00:00","dateModified":"2023-10-18T02:51:55+00:00","description":"Die unregelm\u00e4\u00dfigen gr\u00fcnen Aventurin-Steinperlen sind vorteilhaft, um das Erwachen zur Natur zu f\u00f6rdern und die geistige Gesundheit und St\u00e4rke zu verbessern.","breadcrumb":{"@id":"https:\/\/www.artestar.eu\/de\/gro\u00dfhandel\/aventurin-grun-unregelmasige-steinperlen\/#breadcrumb"},"inLanguage":"de-DE","potentialAction":[{"@type":"ReadAction","target":["https:\/\/www.artestar.eu\/de\/gro\u00dfhandel\/aventurin-grun-unregelmasige-steinperlen\/"]}]},{"@type":"BreadcrumbList","@id":"https:\/\/www.artestar.eu\/de\/gro\u00dfhandel\/aventurin-grun-unregelmasige-steinperlen\/#breadcrumb","itemListElement":[{"@type":"ListItem","position":1,"name":"Artestar","item":"https:\/\/www.artestar.eu\/de\/"},{"@type":"ListItem","position":2,"name":"Gro\u00dfhandel","item":"https:\/\/www.artestar.eu\/de\/grosshandel\/"},{"@type":"ListItem","position":3,"name":"Unregelm\u00e4\u00dfige gr\u00fcne Aventurin-Steinperlen"}]},{"@type":"WebSite","@id":"https:\/\/www.artestar.eu\/de\/#website","url":"https:\/\/www.artestar.eu\/de\/","name":"Artestar","description":"Mayorista en abalorios y joyer\u00eda","publisher":{"@id":"https:\/\/www.artestar.eu\/de\/#organization"},"alternateName":"Artestar-EU","potentialAction":[{"@type":"SearchAction","target":{"@type":"EntryPoint","urlTemplate":"https:\/\/www.artestar.eu\/de\/?s={search_term_string}"},"query-input":"required name=search_term_string"}],"inLanguage":"de-DE"},{"@type":["Organization","Place"],"@id":"https:\/\/www.artestar.eu\/de\/#organization","name":"RUBY ABALORIO S.L.","alternateName":"Artestar","url":"https:\/\/www.artestar.eu\/de\/","logo":{"@id":"https:\/\/www.artestar.eu\/de\/gro\u00dfhandel\/aventurin-grun-unregelmasige-steinperlen\/#local-main-organization-logo"},"image":{"@id":"https:\/\/www.artestar.eu\/de\/gro\u00dfhandel\/aventurin-grun-unregelmasige-steinperlen\/#local-main-organization-logo"},"sameAs":["https:\/\/www.facebook.com\/ARTESTAREU","https:\/\/www.instagram.com\/artestareu\/","https:\/\/www.pinterest.es\/artestar_eu\/","https:\/\/www.tiktok.com\/@artestar_wholesale"],"openingHoursSpecification":[{"@type":"OpeningHoursSpecification","dayOfWeek":["Monday","Tuesday","Wednesday","Thursday","Friday","Saturday","Sunday"],"opens":"09:00","closes":"17:00"}]},{"@type":"ImageObject","inLanguage":"de-DE","@id":"https:\/\/www.artestar.eu\/de\/gro\u00dfhandel\/aventurin-grun-unregelmasige-steinperlen\/#local-main-organization-logo","url":"https:\/\/www.artestar.eu\/wp-content\/uploads\/2023\/05\/cropped-png.png","contentUrl":"https:\/\/www.artestar.eu\/wp-content\/uploads\/2023\/05\/cropped-png.png","width":512,"height":512,"caption":"RUBY ABALORIO S.L."}]},"product_price_amount":"1.65","product_price_currency":"EUR","og_availability":"instock","product_availability":"instock","product_retailer_item_id":"BS-YZ-SX0009","product_condition":"new"},"tiered_pricing_type":"percentage","tiered_pricing_fixed_rules":{"10":"10"},"tiered_pricing_percentage_rules":[],"tiered_pricing_minimum":null,"_administrator_tiered_pricing_type":"fixed","_administrator_tiered_pricing_fixed_rules":[],"_editor_tiered_pricing_type":"fixed","_editor_tiered_pricing_fixed_rules":[],"_author_tiered_pricing_type":"fixed","_author_tiered_pricing_fixed_rules":[],"_contributor_tiered_pricing_type":"fixed","_contributor_tiered_pricing_fixed_rules":[],"_subscriber_tiered_pricing_type":"fixed","_subscriber_tiered_pricing_fixed_rules":[],"_wpseo_manager_tiered_pricing_type":"fixed","_wpseo_manager_tiered_pricing_fixed_rules":[],"_wpseo_editor_tiered_pricing_type":"fixed","_wpseo_editor_tiered_pricing_fixed_rules":[],"_customer_tiered_pricing_type":"fixed","_customer_tiered_pricing_fixed_rules":[],"_shop_manager_tiered_pricing_type":"fixed","_shop_manager_tiered_pricing_fixed_rules":[],"_product_manager_tiered_pricing_type":"fixed","_product_manager_tiered_pricing_fixed_rules":[],"_links":{"self":[{"href":"https:\/\/www.artestar.eu\/de\/wp-json\/wp\/v2\/product\/25975"}],"collection":[{"href":"https:\/\/www.artestar.eu\/de\/wp-json\/wp\/v2\/product"}],"about":[{"href":"https:\/\/www.artestar.eu\/de\/wp-json\/wp\/v2\/types\/product"}],"replies":[{"embeddable":true,"href":"https:\/\/www.artestar.eu\/de\/wp-json\/wp\/v2\/comments?post=25975"}],"version-history":[{"count":2,"href":"https:\/\/www.artestar.eu\/de\/wp-json\/wp\/v2\/product\/25975\/revisions"}],"predecessor-version":[{"id":36831,"href":"https:\/\/www.artestar.eu\/de\/wp-json\/wp\/v2\/product\/25975\/revisions\/36831"}],"wp:featuredmedia":[{"embeddable":true,"href":"https:\/\/www.artestar.eu\/de\/wp-json\/wp\/v2\/media\/14470"}],"wp:attachment":[{"href":"https:\/\/www.artestar.eu\/de\/wp-json\/wp\/v2\/media?parent=25975"}],"wp:term":[{"taxonomy":"product_cat","embeddable":true,"href":"https:\/\/www.artestar.eu\/de\/wp-json\/wp\/v2\/product_cat?post=25975"},{"taxonomy":"product_tag","embeddable":true,"href":"https:\/\/www.artestar.eu\/de\/wp-json\/wp\/v2\/product_tag?post=25975"}],"curies":[{"name":"wp","href":"https:\/\/api.w.org\/{rel}","templated":true}]}}