{"id":26059,"date":"2023-06-09T08:24:32","date_gmt":"2023-06-09T08:24:32","guid":{"rendered":"https:\/\/www.artestar.eu\/al-por-mayor\/cuentas-de-conchas-de-paua-rectangulo\/"},"modified":"2023-10-20T02:21:11","modified_gmt":"2023-10-20T02:21:11","slug":"rechteck-muschel-perlen","status":"publish","type":"product","link":"https:\/\/www.artestar.eu\/de\/gro\u00dfhandel\/rechteck-muschel-perlen\/","title":{"rendered":"Rechteckige Paua-Muschelperlen"},"content":{"rendered":"<p>Rechteckige Paua-Muschelperlen sind ein Klassiker. Einzigartige Designs k\u00f6nnen Ihre Kreationen einzigartig und auff\u00e4llig machen. Und weil Abalone-Muschelperlen eine glatte, strukturierte Oberfl\u00e4che f\u00fcr zus\u00e4tzlichen Tragekomfort haben.<\/p>\n<h5>Charaktereigenschaften<\/h5>\n<ul>\n<li>Gr\u00f6\u00dfe: Weil rechteckige Paua-Muschelperlen in einer Vielzahl von Gr\u00f6\u00dfen erh\u00e4ltlich sind. 8 x 12 mm, 10 x14 mm, 12 x16 mm. Genug, um Ihren verschiedenen Bed\u00fcrfnissen gerecht zu werden.<\/li>\n<li>Denn Muschelperlen mit L\u00f6chern zum einfachen Einf\u00e4deln. Perfekt f\u00fcr Perlen, Halsketten, Armb\u00e4nder, Ohrringe und andere Modeschmuckdesigns; Auch f\u00fcr DIY-Geschenke, Basteln, Wohnkultur und Hochzeiten usw.<\/li>\n<li>Verwenden Sie diese einzigartigen Paua-Muschelperlen, um einzigartige Geschenke f\u00fcr Ihre Freunde und Familie zu machen und die besten und w\u00e4rmsten W\u00fcnsche zu Geburtstagen, Jubil\u00e4en, Weihnachten, Muttertag und Valentinstag auszudr\u00fccken.<\/li>\n<li>Denn die Zeichnung jeder Perle ist ein Unikat, was sie zu einem besonderen Element des Schmuckst\u00fccks macht.<\/li>\n<li>Im Inneren der Abalone-Muscheln verbirgt sich eine Reihe von schillernden Farben. Von k\u00fchlen Blaut\u00f6nen, Marinegr\u00fcn und tiefem Violett \u00fcber sanfte Gelb- und Rosat\u00f6ne bis hin zu schimmernden Gold- und Silbert\u00f6nen.<\/li>\n<li>Denn neben ihren auff\u00e4lligen Farben verf\u00fcgen sie \u00fcber ein faszinierendes Bandmuster, das an das Meer erinnert, was sie ideal f\u00fcr maritime Kreationen macht.<\/li>\n<li>Paua Muschelperlen sind ein nat\u00fcrliches Nebenprodukt, das verarbeitet werden kann. Da sie leicht zu schneiden und zu formen sind, k\u00f6nnen sie zu einer Vielzahl sch\u00f6ner Produkte verarbeitet werden, und wir haben eine Vielzahl von charakteristischen Formen zur Auswahl.<\/li>\n<\/ul>\n<p><img decoding=\"async\" class=\"alignnone size-full wp-image-5901\" src=\"https:\/\/www.artestar.eu%E2%80%8B%E2%80%8B%E2%80%8B%E2%80%8B\/wp-content\/uploads\/2023\/06\/Rectangle-paua-shell-beads-01-1.jpg\" alt=\"Rechteckige Paua-Muschelperlen\" width=\"600\" height=\"600\" srcset=\"https:\/\/www.artestar.eu\/wp-content\/uploads\/2023\/06\/Rectangle-paua-shell-beads-01-1.jpg 600w, https:\/\/www.artestar.eu\/wp-content\/uploads\/2023\/06\/Rectangle-paua-shell-beads-01-1-300x300.jpg 300w, https:\/\/www.artestar.eu\/wp-content\/uploads\/2023\/06\/Rectangle-paua-shell-beads-01-1-150x150.jpg 150w, https:\/\/www.artestar.eu\/wp-content\/uploads\/2023\/06\/Rectangle-paua-shell-beads-01-1-450x450.jpg 450w, https:\/\/www.artestar.eu\/wp-content\/uploads\/2023\/06\/Rectangle-paua-shell-beads-01-1-54x54.jpg 54w\" sizes=\"(max-width: 600px) 100vw, 600px\" \/><\/p>\n<h6>Warnung:<\/h6>\n<ul>\n<li>Aufgrund der unterschiedlichen Anzeigeger\u00e4te sind leichte Farbabweichungen erlaubt.<\/li>\n<li>Kinder unter drei Jahren sollten den Kontakt mit dem Produkt aufgrund der Erstickungsgefahr vermeiden.<\/li>\n<\/ul>\n","protected":false},"excerpt":{"rendered":"<ul>\n<li>8 x 12 mm : ca. 33 Stk.<\/li>\n<li>10 x14 mm : ca. 28 Stk.<\/li>\n<li>12 x16 mm : ca. 25 Stk.<\/li>\n<li>Einzigartige Regenbogenfarben<\/li>\n<li>Wird zur Herstellung von Halsketten, Armb\u00e4ndern und anderem Schmuck verwendet<\/li>\n<\/ul>\n","protected":false},"featured_media":14260,"comment_status":"open","ping_status":"closed","template":"","meta":[],"product_cat":[1689,1690,1492],"product_tag":[],"yoast_head":"<!-- This site is optimized with the Yoast SEO Premium plugin v20.5 (Yoast SEO v21.5) - https:\/\/yoast.com\/wordpress\/plugins\/seo\/ -->\n<title>Paua Muschelperlen Rechteck - Artestar<\/title>\n<meta name=\"description\" content=\"Paua Muschelperlen sind ein nat\u00fcrliches Nebenprodukt, das verarbeitet werden kann. Sie zeichnen sich durch ein faszinierendes Bandmuster aus, das an das Meer erinnert.\" \/>\n<meta name=\"robots\" content=\"index, follow, max-snippet:-1, max-image-preview:large, max-video-preview:-1\" \/>\n<link rel=\"canonical\" href=\"https:\/\/www.artestar.eu\/de\/gro\u00dfhandel\/rechteck-muschel-perlen\/\" \/>\n<meta property=\"og:locale\" content=\"de_DE\" \/>\n<meta property=\"og:type\" content=\"article\" \/>\n<meta property=\"og:title\" content=\"Rechteckige Paua-Muschelperlen\" \/>\n<meta property=\"og:description\" content=\"Paua Muschelperlen sind ein nat\u00fcrliches Nebenprodukt, das verarbeitet werden kann. Sie zeichnen sich durch ein faszinierendes Bandmuster aus, das an das Meer erinnert.\" \/>\n<meta property=\"og:url\" content=\"https:\/\/www.artestar.eu\/de\/gro\u00dfhandel\/rechteck-muschel-perlen\/\" \/>\n<meta property=\"og:site_name\" content=\"Artestar\" \/>\n<meta property=\"article:publisher\" content=\"https:\/\/www.facebook.com\/ARTESTAREU\" \/>\n<meta property=\"article:modified_time\" content=\"2023-10-20T02:21:11+00:00\" \/>\n<meta property=\"og:image\" content=\"https:\/\/www.artestar.eu\/wp-content\/uploads\/2023\/06\/Rectangle-paua-shell-beads.jpg\" \/>\n\t<meta property=\"og:image:width\" content=\"600\" \/>\n\t<meta property=\"og:image:height\" content=\"600\" \/>\n\t<meta property=\"og:image:type\" content=\"image\/jpeg\" \/>\n<meta name=\"twitter:card\" content=\"summary_large_image\" \/>\n<meta name=\"twitter:label1\" content=\"Availability\" \/>\n\t<meta name=\"twitter:data1\" content=\"Auf Lager\" \/>\n<script type=\"application\/ld+json\" class=\"yoast-schema-graph\">{\"@context\":\"https:\/\/schema.org\",\"@graph\":[{\"@type\":\"WebPage\",\"@id\":\"https:\/\/www.artestar.eu\/de\/gro\u00dfhandel\/rechteck-muschel-perlen\/\",\"url\":\"https:\/\/www.artestar.eu\/de\/gro\u00dfhandel\/rechteck-muschel-perlen\/\",\"name\":\"Paua Muschelperlen Rechteck - Artestar\",\"isPartOf\":{\"@id\":\"https:\/\/www.artestar.eu\/de\/#website\"},\"datePublished\":\"2023-06-09T08:24:32+00:00\",\"dateModified\":\"2023-10-20T02:21:11+00:00\",\"description\":\"Paua Muschelperlen sind ein nat\u00fcrliches Nebenprodukt, das verarbeitet werden kann. Sie zeichnen sich durch ein faszinierendes Bandmuster aus, das an das Meer erinnert.\",\"breadcrumb\":{\"@id\":\"https:\/\/www.artestar.eu\/de\/gro\u00dfhandel\/rechteck-muschel-perlen\/#breadcrumb\"},\"inLanguage\":\"de-DE\",\"potentialAction\":[{\"@type\":\"ReadAction\",\"target\":[\"https:\/\/www.artestar.eu\/de\/gro\u00dfhandel\/rechteck-muschel-perlen\/\"]}]},{\"@type\":\"BreadcrumbList\",\"@id\":\"https:\/\/www.artestar.eu\/de\/gro\u00dfhandel\/rechteck-muschel-perlen\/#breadcrumb\",\"itemListElement\":[{\"@type\":\"ListItem\",\"position\":1,\"name\":\"Artestar\",\"item\":\"https:\/\/www.artestar.eu\/de\/\"},{\"@type\":\"ListItem\",\"position\":2,\"name\":\"Gro\u00dfhandel\",\"item\":\"https:\/\/www.artestar.eu\/de\/grosshandel\/\"},{\"@type\":\"ListItem\",\"position\":3,\"name\":\"Rechteckige Paua-Muschelperlen\"}]},{\"@type\":\"WebSite\",\"@id\":\"https:\/\/www.artestar.eu\/de\/#website\",\"url\":\"https:\/\/www.artestar.eu\/de\/\",\"name\":\"Artestar\",\"description\":\"Mayorista en abalorios y joyer\u00eda\",\"publisher\":{\"@id\":\"https:\/\/www.artestar.eu\/de\/#organization\"},\"alternateName\":\"Artestar-EU\",\"potentialAction\":[{\"@type\":\"SearchAction\",\"target\":{\"@type\":\"EntryPoint\",\"urlTemplate\":\"https:\/\/www.artestar.eu\/de\/?s={search_term_string}\"},\"query-input\":\"required name=search_term_string\"}],\"inLanguage\":\"de-DE\"},{\"@type\":[\"Organization\",\"Place\"],\"@id\":\"https:\/\/www.artestar.eu\/de\/#organization\",\"name\":\"RUBY ABALORIO S.L.\",\"alternateName\":\"Artestar\",\"url\":\"https:\/\/www.artestar.eu\/de\/\",\"logo\":{\"@id\":\"https:\/\/www.artestar.eu\/de\/gro\u00dfhandel\/rechteck-muschel-perlen\/#local-main-organization-logo\"},\"image\":{\"@id\":\"https:\/\/www.artestar.eu\/de\/gro\u00dfhandel\/rechteck-muschel-perlen\/#local-main-organization-logo\"},\"sameAs\":[\"https:\/\/www.facebook.com\/ARTESTAREU\",\"https:\/\/www.instagram.com\/artestareu\/\",\"https:\/\/www.pinterest.es\/artestar_eu\/\",\"https:\/\/www.tiktok.com\/@artestar_wholesale\"],\"openingHoursSpecification\":[{\"@type\":\"OpeningHoursSpecification\",\"dayOfWeek\":[\"Monday\",\"Tuesday\",\"Wednesday\",\"Thursday\",\"Friday\",\"Saturday\",\"Sunday\"],\"opens\":\"09:00\",\"closes\":\"17:00\"}]},{\"@type\":\"ImageObject\",\"inLanguage\":\"de-DE\",\"@id\":\"https:\/\/www.artestar.eu\/de\/gro\u00dfhandel\/rechteck-muschel-perlen\/#local-main-organization-logo\",\"url\":\"https:\/\/www.artestar.eu\/wp-content\/uploads\/2023\/05\/cropped-png.png\",\"contentUrl\":\"https:\/\/www.artestar.eu\/wp-content\/uploads\/2023\/05\/cropped-png.png\",\"width\":512,\"height\":512,\"caption\":\"RUBY ABALORIO S.L.\"}]}<\/script>\n<meta property=\"og:availability\" content=\"instock\" \/>\n<meta property=\"product:availability\" content=\"instock\" \/>\n<meta property=\"product:retailer_item_id\" content=\"BK-BY-FX0004-0006\" \/>\n<meta property=\"product:condition\" content=\"new\" \/>\n<!-- \/ Yoast SEO Premium plugin. -->","yoast_head_json":{"title":"Paua Muschelperlen Rechteck - Artestar","description":"Paua Muschelperlen sind ein nat\u00fcrliches Nebenprodukt, das verarbeitet werden kann. Sie zeichnen sich durch ein faszinierendes Bandmuster aus, das an das Meer erinnert.","robots":{"index":"index","follow":"follow","max-snippet":"max-snippet:-1","max-image-preview":"max-image-preview:large","max-video-preview":"max-video-preview:-1"},"canonical":"https:\/\/www.artestar.eu\/de\/gro\u00dfhandel\/rechteck-muschel-perlen\/","og_locale":"de_DE","og_type":"article","og_title":"Rechteckige Paua-Muschelperlen","og_description":"Paua Muschelperlen sind ein nat\u00fcrliches Nebenprodukt, das verarbeitet werden kann. Sie zeichnen sich durch ein faszinierendes Bandmuster aus, das an das Meer erinnert.","og_url":"https:\/\/www.artestar.eu\/de\/gro\u00dfhandel\/rechteck-muschel-perlen\/","og_site_name":"Artestar","article_publisher":"https:\/\/www.facebook.com\/ARTESTAREU","article_modified_time":"2023-10-20T02:21:11+00:00","og_image":[{"width":600,"height":600,"url":"https:\/\/www.artestar.eu\/wp-content\/uploads\/2023\/06\/Rectangle-paua-shell-beads.jpg","type":"image\/jpeg"}],"twitter_card":"summary_large_image","twitter_misc":{"Availability":"Auf Lager"},"schema":{"@context":"https:\/\/schema.org","@graph":[{"@type":"WebPage","@id":"https:\/\/www.artestar.eu\/de\/gro\u00dfhandel\/rechteck-muschel-perlen\/","url":"https:\/\/www.artestar.eu\/de\/gro\u00dfhandel\/rechteck-muschel-perlen\/","name":"Paua Muschelperlen Rechteck - Artestar","isPartOf":{"@id":"https:\/\/www.artestar.eu\/de\/#website"},"datePublished":"2023-06-09T08:24:32+00:00","dateModified":"2023-10-20T02:21:11+00:00","description":"Paua Muschelperlen sind ein nat\u00fcrliches Nebenprodukt, das verarbeitet werden kann. Sie zeichnen sich durch ein faszinierendes Bandmuster aus, das an das Meer erinnert.","breadcrumb":{"@id":"https:\/\/www.artestar.eu\/de\/gro\u00dfhandel\/rechteck-muschel-perlen\/#breadcrumb"},"inLanguage":"de-DE","potentialAction":[{"@type":"ReadAction","target":["https:\/\/www.artestar.eu\/de\/gro\u00dfhandel\/rechteck-muschel-perlen\/"]}]},{"@type":"BreadcrumbList","@id":"https:\/\/www.artestar.eu\/de\/gro\u00dfhandel\/rechteck-muschel-perlen\/#breadcrumb","itemListElement":[{"@type":"ListItem","position":1,"name":"Artestar","item":"https:\/\/www.artestar.eu\/de\/"},{"@type":"ListItem","position":2,"name":"Gro\u00dfhandel","item":"https:\/\/www.artestar.eu\/de\/grosshandel\/"},{"@type":"ListItem","position":3,"name":"Rechteckige Paua-Muschelperlen"}]},{"@type":"WebSite","@id":"https:\/\/www.artestar.eu\/de\/#website","url":"https:\/\/www.artestar.eu\/de\/","name":"Artestar","description":"Mayorista en abalorios y joyer\u00eda","publisher":{"@id":"https:\/\/www.artestar.eu\/de\/#organization"},"alternateName":"Artestar-EU","potentialAction":[{"@type":"SearchAction","target":{"@type":"EntryPoint","urlTemplate":"https:\/\/www.artestar.eu\/de\/?s={search_term_string}"},"query-input":"required name=search_term_string"}],"inLanguage":"de-DE"},{"@type":["Organization","Place"],"@id":"https:\/\/www.artestar.eu\/de\/#organization","name":"RUBY ABALORIO S.L.","alternateName":"Artestar","url":"https:\/\/www.artestar.eu\/de\/","logo":{"@id":"https:\/\/www.artestar.eu\/de\/gro\u00dfhandel\/rechteck-muschel-perlen\/#local-main-organization-logo"},"image":{"@id":"https:\/\/www.artestar.eu\/de\/gro\u00dfhandel\/rechteck-muschel-perlen\/#local-main-organization-logo"},"sameAs":["https:\/\/www.facebook.com\/ARTESTAREU","https:\/\/www.instagram.com\/artestareu\/","https:\/\/www.pinterest.es\/artestar_eu\/","https:\/\/www.tiktok.com\/@artestar_wholesale"],"openingHoursSpecification":[{"@type":"OpeningHoursSpecification","dayOfWeek":["Monday","Tuesday","Wednesday","Thursday","Friday","Saturday","Sunday"],"opens":"09:00","closes":"17:00"}]},{"@type":"ImageObject","inLanguage":"de-DE","@id":"https:\/\/www.artestar.eu\/de\/gro\u00dfhandel\/rechteck-muschel-perlen\/#local-main-organization-logo","url":"https:\/\/www.artestar.eu\/wp-content\/uploads\/2023\/05\/cropped-png.png","contentUrl":"https:\/\/www.artestar.eu\/wp-content\/uploads\/2023\/05\/cropped-png.png","width":512,"height":512,"caption":"RUBY ABALORIO S.L."}]},"og_availability":"instock","product_availability":"instock","product_retailer_item_id":"BK-BY-FX0004-0006","product_condition":"new"},"tiered_pricing_type":"fixed","tiered_pricing_fixed_rules":[],"tiered_pricing_percentage_rules":[],"tiered_pricing_minimum":null,"_administrator_tiered_pricing_type":"fixed","_administrator_tiered_pricing_fixed_rules":[],"_editor_tiered_pricing_type":"fixed","_editor_tiered_pricing_fixed_rules":[],"_author_tiered_pricing_type":"fixed","_author_tiered_pricing_fixed_rules":[],"_contributor_tiered_pricing_type":"fixed","_contributor_tiered_pricing_fixed_rules":[],"_subscriber_tiered_pricing_type":"fixed","_subscriber_tiered_pricing_fixed_rules":[],"_wpseo_manager_tiered_pricing_type":"fixed","_wpseo_manager_tiered_pricing_fixed_rules":[],"_wpseo_editor_tiered_pricing_type":"fixed","_wpseo_editor_tiered_pricing_fixed_rules":[],"_customer_tiered_pricing_type":"fixed","_customer_tiered_pricing_fixed_rules":[],"_shop_manager_tiered_pricing_type":"fixed","_shop_manager_tiered_pricing_fixed_rules":[],"_product_manager_tiered_pricing_type":"fixed","_product_manager_tiered_pricing_fixed_rules":[],"_links":{"self":[{"href":"https:\/\/www.artestar.eu\/de\/wp-json\/wp\/v2\/product\/26059"}],"collection":[{"href":"https:\/\/www.artestar.eu\/de\/wp-json\/wp\/v2\/product"}],"about":[{"href":"https:\/\/www.artestar.eu\/de\/wp-json\/wp\/v2\/types\/product"}],"replies":[{"embeddable":true,"href":"https:\/\/www.artestar.eu\/de\/wp-json\/wp\/v2\/comments?post=26059"}],"version-history":[{"count":2,"href":"https:\/\/www.artestar.eu\/de\/wp-json\/wp\/v2\/product\/26059\/revisions"}],"predecessor-version":[{"id":36945,"href":"https:\/\/www.artestar.eu\/de\/wp-json\/wp\/v2\/product\/26059\/revisions\/36945"}],"wp:featuredmedia":[{"embeddable":true,"href":"https:\/\/www.artestar.eu\/de\/wp-json\/wp\/v2\/media\/14260"}],"wp:attachment":[{"href":"https:\/\/www.artestar.eu\/de\/wp-json\/wp\/v2\/media?parent=26059"}],"wp:term":[{"taxonomy":"product_cat","embeddable":true,"href":"https:\/\/www.artestar.eu\/de\/wp-json\/wp\/v2\/product_cat?post=26059"},{"taxonomy":"product_tag","embeddable":true,"href":"https:\/\/www.artestar.eu\/de\/wp-json\/wp\/v2\/product_tag?post=26059"}],"curies":[{"name":"wp","href":"https:\/\/api.w.org\/{rel}","templated":true}]}}