{"id":26128,"date":"2023-06-09T05:41:15","date_gmt":"2023-06-09T05:41:15","guid":{"rendered":"https:\/\/www.artestar.eu\/al-por-mayor\/piedras-semipreciosas-planas-para-colgantes\/"},"modified":"2023-10-20T02:31:12","modified_gmt":"2023-10-20T02:31:12","slug":"halbedelsteine-fur-anhanger","status":"publish","type":"product","link":"https:\/\/www.artestar.eu\/de\/gro\u00dfhandel\/halbedelsteine-fur-anhanger\/","title":{"rendered":"Flache Halbedelsteine f\u00fcr Anh\u00e4nger"},"content":{"rendered":"<p>Flache Halbedelsteine f\u00fcr Anh\u00e4nger: Jeder Steinperlenanh\u00e4nger ist aus reinen Naturmaterialien gefertigt und hat eine einzigartige Optik.<\/p>\n<ul>\n<li>Mit einer polierten Oberfl\u00e4che haben diese Naturstein-Perlenanh\u00e4nger eine glatte Oberfl\u00e4che und sind sehr angenehm zu tragen. Dar\u00fcber hinaus machen ihr Aussehen sowie ihre nat\u00fcrliche Struktur und Farbe die Edelsteinperlen einzigartig.<\/li>\n<li>Unsere Anh\u00e4nger aus nat\u00fcrlichen Halbedelsteinen lindern Stress und \u00c4ngste, da sie positive psychologische Botschaften und eine optimistische Lebenseinstellung vermitteln und kosmische Energie auf den K\u00f6rper \u00fcbertragen sollen.<\/li>\n<li>Die Edelstahll\u00f6cher auf der Oberseite der Steinanh\u00e4nger haben die richtige Gr\u00f6\u00dfe zum Einf\u00e4deln. Oft geht es nur darum, eine Kette oder Schnur mit Zubeh\u00f6r wie einem Karabinerverschluss aus Edelstahl einzuf\u00e4deln, um Ihr eigenes Bastelprojekt zu vervollst\u00e4ndigen \u2013 viel Spa\u00df beim Basteln mit Schmuck!<\/li>\n<li>Diese filigranen Perlenanh\u00e4nger aus Stein lassen sich mit anderem Metallzubeh\u00f6r, Kristallen, Perlen und Muscheln zu jedem beliebigen Modeschmuckst\u00fcck, Halsketten, Armb\u00e4ndern, Ohrringen, Wohndekorationen und vielem mehr kombinieren. Schenken Sie es Ihren Freunden und Ihrer Familie, die Handwerk lieben. Es ist nicht nur ein perfektes Geschenk, sondern wird auch mit den besten W\u00fcnschen geliefert.<\/li>\n<li>Unsere Edelsteinperlenanh\u00e4nger gibt es in einer Vielzahl von Gr\u00f6\u00dfen und Formen, was sie sehr vielseitig macht. Dar\u00fcber hinaus sind die reinen nat\u00fcrlichen Farben, die jede Edelsteinperle besitzt, eine Augenweide; Die Vielfalt ist sehr bemerkenswert; Es f\u00fchlt sich k\u00fchl an; Stilvoll und elegant, was es zur perfekten Wahl f\u00fcr einen Sommerausflug macht.<\/li>\n<\/ul>\n<p><img decoding=\"async\" class=\"alignnone size-full wp-image-5809\" src=\"https:\/\/www.artestar.eu%E2%80%8B%E2%80%8B%E2%80%8B%E2%80%8B\/wp-content\/uploads\/2023\/06\/stone-pendants.jpg\" alt=\"Anh\u00e4nger aus nat\u00fcrlichem flachem Stein\" width=\"600\" height=\"600\" srcset=\"https:\/\/www.artestar.eu\/wp-content\/uploads\/2023\/06\/stone-pendants.jpg 600w, https:\/\/www.artestar.eu\/wp-content\/uploads\/2023\/06\/stone-pendants-300x300.jpg 300w, https:\/\/www.artestar.eu\/wp-content\/uploads\/2023\/06\/stone-pendants-150x150.jpg 150w, https:\/\/www.artestar.eu\/wp-content\/uploads\/2023\/06\/stone-pendants-450x450.jpg 450w, https:\/\/www.artestar.eu\/wp-content\/uploads\/2023\/06\/stone-pendants-54x54.jpg 54w\" sizes=\"(max-width: 600px) 100vw, 600px\" \/><\/p>\n<h5>Flache Halbedelsteine f\u00fcr nat\u00fcrliche Anh\u00e4nger<\/h5>\n<h6>Vorsichtsma\u00dfnahmen:<\/h6>\n<ul>\n<li>Aufgrund von Unterschieden bei Monitoren und Aufl\u00f6sungen k\u00f6nnen die Farben auf den Bildern leicht von den tats\u00e4chlichen Farben abweichen.<\/li>\n<li>Steinperlen sollten vor intensiver Sonneneinstrahlung gesch\u00fctzt werden, um die Textur und Farbe des Steins nicht zu besch\u00e4digen.<\/li>\n<\/ul>\n<h6>Warnung:<\/h6>\n<ul>\n<li>Kinder unter drei Jahren sollten Kontakt und Erstickungsgefahr vermeiden.<\/li>\n<\/ul>\n","protected":false},"excerpt":{"rendered":"<ul>\n<li>Menge: 1 Stk.<\/li>\n<li>Gr\u00f6\u00dfe: ca. 30 x 20 x 8 mm, Bohrung: ca. 4 mm<\/li>\n<li>Aufgrund von Faktoren wie Beleuchtung oder nat\u00fcrlichen Variationen der verwendeten Materialien kann das Produkt in Farbe und Form leicht variieren.<\/li>\n<\/ul>\n","protected":false},"featured_media":22590,"comment_status":"open","ping_status":"closed","template":"","meta":[],"product_cat":[1088,1100],"product_tag":[],"yoast_head":"<!-- This site is optimized with the Yoast SEO Premium plugin v20.5 (Yoast SEO v21.5) - https:\/\/yoast.com\/wordpress\/plugins\/seo\/ -->\n<title>Flache Halbedelsteine f\u00fcr Anh\u00e4nger - Artestar<\/title>\n<meta name=\"description\" content=\"Unsere Edelstein-Flachsteinanh\u00e4nger gibt es in einer Vielzahl von Variationen und sind sehr selektiv. Unverzichtbar f\u00fcr den Sommer.\" \/>\n<meta name=\"robots\" content=\"index, follow, max-snippet:-1, max-image-preview:large, max-video-preview:-1\" \/>\n<link rel=\"canonical\" href=\"https:\/\/www.artestar.eu\/de\/gro\u00dfhandel\/halbedelsteine-fur-anhanger\/\" \/>\n<meta property=\"og:locale\" content=\"de_DE\" \/>\n<meta property=\"og:type\" content=\"article\" \/>\n<meta property=\"og:title\" content=\"Flache Halbedelsteine f\u00fcr Anh\u00e4nger\" \/>\n<meta property=\"og:description\" content=\"Unsere Edelstein-Flachsteinanh\u00e4nger gibt es in einer Vielzahl von Variationen und sind sehr selektiv. Unverzichtbar f\u00fcr den Sommer.\" \/>\n<meta property=\"og:url\" content=\"https:\/\/www.artestar.eu\/de\/gro\u00dfhandel\/halbedelsteine-fur-anhanger\/\" \/>\n<meta property=\"og:site_name\" content=\"Artestar\" \/>\n<meta property=\"article:publisher\" content=\"https:\/\/www.facebook.com\/ARTESTAREU\" \/>\n<meta property=\"article:modified_time\" content=\"2023-10-20T02:31:12+00:00\" \/>\n<meta property=\"og:image\" content=\"https:\/\/www.artestar.eu\/wp-content\/uploads\/2023\/06\/natural-semi-precious-gemstone-pendants.jpg\" \/>\n\t<meta property=\"og:image:width\" content=\"600\" \/>\n\t<meta property=\"og:image:height\" content=\"600\" \/>\n\t<meta property=\"og:image:type\" content=\"image\/jpeg\" \/>\n<meta name=\"twitter:card\" content=\"summary_large_image\" \/>\n<meta name=\"twitter:label1\" content=\"Availability\" \/>\n\t<meta name=\"twitter:data1\" content=\"Auf Lager\" \/>\n<script type=\"application\/ld+json\" class=\"yoast-schema-graph\">{\"@context\":\"https:\/\/schema.org\",\"@graph\":[{\"@type\":\"WebPage\",\"@id\":\"https:\/\/www.artestar.eu\/de\/gro\u00dfhandel\/halbedelsteine-fur-anhanger\/\",\"url\":\"https:\/\/www.artestar.eu\/de\/gro\u00dfhandel\/halbedelsteine-fur-anhanger\/\",\"name\":\"Flache Halbedelsteine f\u00fcr Anh\u00e4nger - Artestar\",\"isPartOf\":{\"@id\":\"https:\/\/www.artestar.eu\/de\/#website\"},\"datePublished\":\"2023-06-09T05:41:15+00:00\",\"dateModified\":\"2023-10-20T02:31:12+00:00\",\"description\":\"Unsere Edelstein-Flachsteinanh\u00e4nger gibt es in einer Vielzahl von Variationen und sind sehr selektiv. Unverzichtbar f\u00fcr den Sommer.\",\"breadcrumb\":{\"@id\":\"https:\/\/www.artestar.eu\/de\/gro\u00dfhandel\/halbedelsteine-fur-anhanger\/#breadcrumb\"},\"inLanguage\":\"de-DE\",\"potentialAction\":[{\"@type\":\"ReadAction\",\"target\":[\"https:\/\/www.artestar.eu\/de\/gro\u00dfhandel\/halbedelsteine-fur-anhanger\/\"]}]},{\"@type\":\"BreadcrumbList\",\"@id\":\"https:\/\/www.artestar.eu\/de\/gro\u00dfhandel\/halbedelsteine-fur-anhanger\/#breadcrumb\",\"itemListElement\":[{\"@type\":\"ListItem\",\"position\":1,\"name\":\"Artestar\",\"item\":\"https:\/\/www.artestar.eu\/de\/\"},{\"@type\":\"ListItem\",\"position\":2,\"name\":\"Gro\u00dfhandel\",\"item\":\"https:\/\/www.artestar.eu\/de\/grosshandel\/\"},{\"@type\":\"ListItem\",\"position\":3,\"name\":\"Flache Halbedelsteine f\u00fcr Anh\u00e4nger\"}]},{\"@type\":\"WebSite\",\"@id\":\"https:\/\/www.artestar.eu\/de\/#website\",\"url\":\"https:\/\/www.artestar.eu\/de\/\",\"name\":\"Artestar\",\"description\":\"Mayorista en abalorios y joyer\u00eda\",\"publisher\":{\"@id\":\"https:\/\/www.artestar.eu\/de\/#organization\"},\"alternateName\":\"Artestar-EU\",\"potentialAction\":[{\"@type\":\"SearchAction\",\"target\":{\"@type\":\"EntryPoint\",\"urlTemplate\":\"https:\/\/www.artestar.eu\/de\/?s={search_term_string}\"},\"query-input\":\"required name=search_term_string\"}],\"inLanguage\":\"de-DE\"},{\"@type\":[\"Organization\",\"Place\"],\"@id\":\"https:\/\/www.artestar.eu\/de\/#organization\",\"name\":\"RUBY ABALORIO S.L.\",\"alternateName\":\"Artestar\",\"url\":\"https:\/\/www.artestar.eu\/de\/\",\"logo\":{\"@id\":\"https:\/\/www.artestar.eu\/de\/gro\u00dfhandel\/halbedelsteine-fur-anhanger\/#local-main-organization-logo\"},\"image\":{\"@id\":\"https:\/\/www.artestar.eu\/de\/gro\u00dfhandel\/halbedelsteine-fur-anhanger\/#local-main-organization-logo\"},\"sameAs\":[\"https:\/\/www.facebook.com\/ARTESTAREU\",\"https:\/\/www.instagram.com\/artestareu\/\",\"https:\/\/www.pinterest.es\/artestar_eu\/\",\"https:\/\/www.tiktok.com\/@artestar_wholesale\"],\"openingHoursSpecification\":[{\"@type\":\"OpeningHoursSpecification\",\"dayOfWeek\":[\"Monday\",\"Tuesday\",\"Wednesday\",\"Thursday\",\"Friday\",\"Saturday\",\"Sunday\"],\"opens\":\"09:00\",\"closes\":\"17:00\"}]},{\"@type\":\"ImageObject\",\"inLanguage\":\"de-DE\",\"@id\":\"https:\/\/www.artestar.eu\/de\/gro\u00dfhandel\/halbedelsteine-fur-anhanger\/#local-main-organization-logo\",\"url\":\"https:\/\/www.artestar.eu\/wp-content\/uploads\/2023\/05\/cropped-png.png\",\"contentUrl\":\"https:\/\/www.artestar.eu\/wp-content\/uploads\/2023\/05\/cropped-png.png\",\"width\":512,\"height\":512,\"caption\":\"RUBY ABALORIO S.L.\"}]}<\/script>\n<meta property=\"og:availability\" content=\"instock\" \/>\n<meta property=\"product:availability\" content=\"instock\" \/>\n<meta property=\"product:retailer_item_id\" content=\"BS-GZ-PZ-0001-0016\" \/>\n<meta property=\"product:condition\" content=\"new\" \/>\n<!-- \/ Yoast SEO Premium plugin. -->","yoast_head_json":{"title":"Flache Halbedelsteine f\u00fcr Anh\u00e4nger - Artestar","description":"Unsere Edelstein-Flachsteinanh\u00e4nger gibt es in einer Vielzahl von Variationen und sind sehr selektiv. Unverzichtbar f\u00fcr den Sommer.","robots":{"index":"index","follow":"follow","max-snippet":"max-snippet:-1","max-image-preview":"max-image-preview:large","max-video-preview":"max-video-preview:-1"},"canonical":"https:\/\/www.artestar.eu\/de\/gro\u00dfhandel\/halbedelsteine-fur-anhanger\/","og_locale":"de_DE","og_type":"article","og_title":"Flache Halbedelsteine f\u00fcr Anh\u00e4nger","og_description":"Unsere Edelstein-Flachsteinanh\u00e4nger gibt es in einer Vielzahl von Variationen und sind sehr selektiv. Unverzichtbar f\u00fcr den Sommer.","og_url":"https:\/\/www.artestar.eu\/de\/gro\u00dfhandel\/halbedelsteine-fur-anhanger\/","og_site_name":"Artestar","article_publisher":"https:\/\/www.facebook.com\/ARTESTAREU","article_modified_time":"2023-10-20T02:31:12+00:00","og_image":[{"width":600,"height":600,"url":"https:\/\/www.artestar.eu\/wp-content\/uploads\/2023\/06\/natural-semi-precious-gemstone-pendants.jpg","type":"image\/jpeg"}],"twitter_card":"summary_large_image","twitter_misc":{"Availability":"Auf Lager"},"schema":{"@context":"https:\/\/schema.org","@graph":[{"@type":"WebPage","@id":"https:\/\/www.artestar.eu\/de\/gro\u00dfhandel\/halbedelsteine-fur-anhanger\/","url":"https:\/\/www.artestar.eu\/de\/gro\u00dfhandel\/halbedelsteine-fur-anhanger\/","name":"Flache Halbedelsteine f\u00fcr Anh\u00e4nger - Artestar","isPartOf":{"@id":"https:\/\/www.artestar.eu\/de\/#website"},"datePublished":"2023-06-09T05:41:15+00:00","dateModified":"2023-10-20T02:31:12+00:00","description":"Unsere Edelstein-Flachsteinanh\u00e4nger gibt es in einer Vielzahl von Variationen und sind sehr selektiv. Unverzichtbar f\u00fcr den Sommer.","breadcrumb":{"@id":"https:\/\/www.artestar.eu\/de\/gro\u00dfhandel\/halbedelsteine-fur-anhanger\/#breadcrumb"},"inLanguage":"de-DE","potentialAction":[{"@type":"ReadAction","target":["https:\/\/www.artestar.eu\/de\/gro\u00dfhandel\/halbedelsteine-fur-anhanger\/"]}]},{"@type":"BreadcrumbList","@id":"https:\/\/www.artestar.eu\/de\/gro\u00dfhandel\/halbedelsteine-fur-anhanger\/#breadcrumb","itemListElement":[{"@type":"ListItem","position":1,"name":"Artestar","item":"https:\/\/www.artestar.eu\/de\/"},{"@type":"ListItem","position":2,"name":"Gro\u00dfhandel","item":"https:\/\/www.artestar.eu\/de\/grosshandel\/"},{"@type":"ListItem","position":3,"name":"Flache Halbedelsteine f\u00fcr Anh\u00e4nger"}]},{"@type":"WebSite","@id":"https:\/\/www.artestar.eu\/de\/#website","url":"https:\/\/www.artestar.eu\/de\/","name":"Artestar","description":"Mayorista en abalorios y joyer\u00eda","publisher":{"@id":"https:\/\/www.artestar.eu\/de\/#organization"},"alternateName":"Artestar-EU","potentialAction":[{"@type":"SearchAction","target":{"@type":"EntryPoint","urlTemplate":"https:\/\/www.artestar.eu\/de\/?s={search_term_string}"},"query-input":"required name=search_term_string"}],"inLanguage":"de-DE"},{"@type":["Organization","Place"],"@id":"https:\/\/www.artestar.eu\/de\/#organization","name":"RUBY ABALORIO S.L.","alternateName":"Artestar","url":"https:\/\/www.artestar.eu\/de\/","logo":{"@id":"https:\/\/www.artestar.eu\/de\/gro\u00dfhandel\/halbedelsteine-fur-anhanger\/#local-main-organization-logo"},"image":{"@id":"https:\/\/www.artestar.eu\/de\/gro\u00dfhandel\/halbedelsteine-fur-anhanger\/#local-main-organization-logo"},"sameAs":["https:\/\/www.facebook.com\/ARTESTAREU","https:\/\/www.instagram.com\/artestareu\/","https:\/\/www.pinterest.es\/artestar_eu\/","https:\/\/www.tiktok.com\/@artestar_wholesale"],"openingHoursSpecification":[{"@type":"OpeningHoursSpecification","dayOfWeek":["Monday","Tuesday","Wednesday","Thursday","Friday","Saturday","Sunday"],"opens":"09:00","closes":"17:00"}]},{"@type":"ImageObject","inLanguage":"de-DE","@id":"https:\/\/www.artestar.eu\/de\/gro\u00dfhandel\/halbedelsteine-fur-anhanger\/#local-main-organization-logo","url":"https:\/\/www.artestar.eu\/wp-content\/uploads\/2023\/05\/cropped-png.png","contentUrl":"https:\/\/www.artestar.eu\/wp-content\/uploads\/2023\/05\/cropped-png.png","width":512,"height":512,"caption":"RUBY ABALORIO S.L."}]},"og_availability":"instock","product_availability":"instock","product_retailer_item_id":"BS-GZ-PZ-0001-0016","product_condition":"new"},"tiered_pricing_type":"fixed","tiered_pricing_fixed_rules":[],"tiered_pricing_percentage_rules":[],"tiered_pricing_minimum":null,"_administrator_tiered_pricing_type":"fixed","_administrator_tiered_pricing_fixed_rules":[],"_editor_tiered_pricing_type":"fixed","_editor_tiered_pricing_fixed_rules":[],"_author_tiered_pricing_type":"fixed","_author_tiered_pricing_fixed_rules":[],"_contributor_tiered_pricing_type":"fixed","_contributor_tiered_pricing_fixed_rules":[],"_subscriber_tiered_pricing_type":"fixed","_subscriber_tiered_pricing_fixed_rules":[],"_wpseo_manager_tiered_pricing_type":"fixed","_wpseo_manager_tiered_pricing_fixed_rules":[],"_wpseo_editor_tiered_pricing_type":"fixed","_wpseo_editor_tiered_pricing_fixed_rules":[],"_customer_tiered_pricing_type":"fixed","_customer_tiered_pricing_fixed_rules":[],"_shop_manager_tiered_pricing_type":"fixed","_shop_manager_tiered_pricing_fixed_rules":[],"_product_manager_tiered_pricing_type":"fixed","_product_manager_tiered_pricing_fixed_rules":[],"_links":{"self":[{"href":"https:\/\/www.artestar.eu\/de\/wp-json\/wp\/v2\/product\/26128"}],"collection":[{"href":"https:\/\/www.artestar.eu\/de\/wp-json\/wp\/v2\/product"}],"about":[{"href":"https:\/\/www.artestar.eu\/de\/wp-json\/wp\/v2\/types\/product"}],"replies":[{"embeddable":true,"href":"https:\/\/www.artestar.eu\/de\/wp-json\/wp\/v2\/comments?post=26128"}],"version-history":[{"count":2,"href":"https:\/\/www.artestar.eu\/de\/wp-json\/wp\/v2\/product\/26128\/revisions"}],"predecessor-version":[{"id":36962,"href":"https:\/\/www.artestar.eu\/de\/wp-json\/wp\/v2\/product\/26128\/revisions\/36962"}],"wp:featuredmedia":[{"embeddable":true,"href":"https:\/\/www.artestar.eu\/de\/wp-json\/wp\/v2\/media\/22590"}],"wp:attachment":[{"href":"https:\/\/www.artestar.eu\/de\/wp-json\/wp\/v2\/media?parent=26128"}],"wp:term":[{"taxonomy":"product_cat","embeddable":true,"href":"https:\/\/www.artestar.eu\/de\/wp-json\/wp\/v2\/product_cat?post=26128"},{"taxonomy":"product_tag","embeddable":true,"href":"https:\/\/www.artestar.eu\/de\/wp-json\/wp\/v2\/product_tag?post=26128"}],"curies":[{"name":"wp","href":"https:\/\/api.w.org\/{rel}","templated":true}]}}