{"id":26980,"date":"2023-06-15T06:53:24","date_gmt":"2023-06-15T06:53:24","guid":{"rendered":"https:\/\/www.artestar.eu\/al-por-mayor\/cuentas-de-nacar-%e2%88%854mm\/"},"modified":"2023-10-17T03:27:32","modified_gmt":"2023-10-17T03:27:32","slug":"naturfarbene-perlmuttperlen","status":"publish","type":"product","link":"https:\/\/www.artestar.eu\/de\/gro\u00dfhandel\/naturfarbene-perlmuttperlen\/","title":{"rendered":"Perlen aus Perlmutt \u22054mm"},"content":{"rendered":"<p>4 mm nat\u00fcrliche, runde Perlmuttperlen. Denn diese bunten Muschelperlen gibt es in verschiedenen Farben. So k\u00f6nnen Sie eine Farbe w\u00e4hlen, die am besten zu Ihnen passt, und selbst jede Art von Modeschmuckzubeh\u00f6r herstellen, die Ihnen gef\u00e4llt.<\/p>\n<h5>Charaktereigenschaften:<\/h5>\n<ul>\n<li>Unsere nat\u00fcrlichen runden farbigen Perlmuttperlen sind in vielen sch\u00f6nen Farben erh\u00e4ltlich. Denn mit einer glatten Oberfl\u00e4che und einer k\u00fchlen Haptik sind diese bunten Muschelperlen h\u00fcbsch, leicht und angenehm zu tragen.<\/li>\n<li>Diese naturfarbenen runden Perlen sind das perfekte Perlenzubeh\u00f6r. Sie k\u00f6nnen einen einzigartigen Stil kreieren, um Ihren Schmuck atemberaubend zu machen. Diese losen Perlen eignen sich f\u00fcr die Herstellung von Modeschmuckdesigns und DIY-Geschenken. Und Halsketten, Anh\u00e4nger, Armb\u00e4nder, Ohrringe, Bekleidungsaccessoires, Wohnkultur und Hochzeitsdesigns.<\/li>\n<li>Da die naturfarbenen runden Muschelperlen mit einem Faden fixiert werden, m\u00fcssen Sie sich nicht anstrengen, um sie zu durchstechen. Sie k\u00f6nnen auch mit Metallketten und Kristalledelsteinperlen verwendet werden, um stilvollen Haarschmuck, Kleidungszubeh\u00f6r und mehr herzustellen.<\/li>\n<li>Verwenden Sie diese Muschelperlen, um verschiedene handgefertigte Geschenke herzustellen. Schenken Sie sie Familie und Freunden an Geburtstagen, Weihnachten, Thanksgiving und anderen besonderen Feiertagen. Oder du kreierst mit deinen Freunden, die gerne basteln. Dies verbessert nicht nur Ihre handwerklichen F\u00e4higkeiten, sondern f\u00f6rdert auch die Kameradschaft zwischen Ihnen und Ihren Freunden.<\/li>\n<\/ul>\n<h6>Warnung:<\/h6>\n<ul>\n<li>Aufgrund der unterschiedlichen Anzeigeger\u00e4te sind leichte Farbabweichungen zul\u00e4ssig.<\/li>\n<li>Kinder unter drei Jahren sollten den Kontakt mit dem Produkt aufgrund der Erstickungsgefahr vermeiden.<\/li>\n<li>Wenn Sie Perlmuttschmuck tragen, wird empfohlen, ihn keinen Chemikalien wie Parf\u00fcms, Badegels und Reinigungsmitteln auszusetzen, da diese die nat\u00fcrliche Farbe von Perlmutt ver\u00e4ndern oder sogar besch\u00e4digen k\u00f6nnen. Um Perlmutt zu reinigen, wischen Sie es einfach mit einem weichen Tuch oder Mikrofasertuch ab.<\/li>\n<\/ul>\n","protected":false},"excerpt":{"rendered":"<ul>\n<li>Gr\u00f6\u00dfe: \u22054mm<\/li>\n<li>Menge: ca. 97 Stk.<\/li>\n<li>Breiter Farbraum<\/li>\n<li>Es wird zur Herstellung von Halsketten, Ohrringen, Armb\u00e4ndern und anderem Schmuck verwendet<\/li>\n<\/ul>\n","protected":false},"featured_media":15686,"comment_status":"open","ping_status":"closed","template":"","meta":[],"product_cat":[1689,1690,1492],"product_tag":[],"yoast_head":"<!-- This site is optimized with the Yoast SEO Premium plugin v20.5 (Yoast SEO v21.5) - https:\/\/yoast.com\/wordpress\/plugins\/seo\/ -->\n<title>Nat\u00fcrliche runde farbige Perlmuttperlen - Artestar<\/title>\n<meta name=\"description\" content=\"Diese nat\u00fcrlichen runden Muschelperlen sind das perfekte Perlenzubeh\u00f6r. Sie k\u00f6nnen einen einzigartigen Stil kreieren, um Ihren Schmuck atemberaubend zu machen.\" \/>\n<meta name=\"robots\" content=\"index, follow, max-snippet:-1, max-image-preview:large, max-video-preview:-1\" \/>\n<link rel=\"canonical\" href=\"https:\/\/www.artestar.eu\/de\/gro\u00dfhandel\/naturfarbene-perlmuttperlen\/\" \/>\n<meta property=\"og:locale\" content=\"de_DE\" \/>\n<meta property=\"og:type\" content=\"article\" \/>\n<meta property=\"og:title\" content=\"Perlen aus Perlmutt \u22054mm\" \/>\n<meta property=\"og:description\" content=\"Diese nat\u00fcrlichen runden Muschelperlen sind das perfekte Perlenzubeh\u00f6r. Sie k\u00f6nnen einen einzigartigen Stil kreieren, um Ihren Schmuck atemberaubend zu machen.\" \/>\n<meta property=\"og:url\" content=\"https:\/\/www.artestar.eu\/de\/gro\u00dfhandel\/naturfarbene-perlmuttperlen\/\" \/>\n<meta property=\"og:site_name\" content=\"Artestar\" \/>\n<meta property=\"article:publisher\" content=\"https:\/\/www.facebook.com\/ARTESTAREU\" \/>\n<meta property=\"article:modified_time\" content=\"2023-10-17T03:27:32+00:00\" \/>\n<meta property=\"og:image\" content=\"https:\/\/www.artestar.eu\/wp-content\/uploads\/2023\/06\/round-beads-shell-beads-1.jpg\" \/>\n\t<meta property=\"og:image:width\" content=\"600\" \/>\n\t<meta property=\"og:image:height\" content=\"600\" \/>\n\t<meta property=\"og:image:type\" content=\"image\/jpeg\" \/>\n<meta name=\"twitter:card\" content=\"summary_large_image\" \/>\n<meta name=\"twitter:label1\" content=\"Availability\" \/>\n\t<meta name=\"twitter:data1\" content=\"Auf Lager\" \/>\n<script type=\"application\/ld+json\" class=\"yoast-schema-graph\">{\"@context\":\"https:\/\/schema.org\",\"@graph\":[{\"@type\":\"WebPage\",\"@id\":\"https:\/\/www.artestar.eu\/de\/gro\u00dfhandel\/naturfarbene-perlmuttperlen\/\",\"url\":\"https:\/\/www.artestar.eu\/de\/gro\u00dfhandel\/naturfarbene-perlmuttperlen\/\",\"name\":\"Nat\u00fcrliche runde farbige Perlmuttperlen - Artestar\",\"isPartOf\":{\"@id\":\"https:\/\/www.artestar.eu\/de\/#website\"},\"datePublished\":\"2023-06-15T06:53:24+00:00\",\"dateModified\":\"2023-10-17T03:27:32+00:00\",\"description\":\"Diese nat\u00fcrlichen runden Muschelperlen sind das perfekte Perlenzubeh\u00f6r. Sie k\u00f6nnen einen einzigartigen Stil kreieren, um Ihren Schmuck atemberaubend zu machen.\",\"breadcrumb\":{\"@id\":\"https:\/\/www.artestar.eu\/de\/gro\u00dfhandel\/naturfarbene-perlmuttperlen\/#breadcrumb\"},\"inLanguage\":\"de-DE\",\"potentialAction\":[{\"@type\":\"ReadAction\",\"target\":[\"https:\/\/www.artestar.eu\/de\/gro\u00dfhandel\/naturfarbene-perlmuttperlen\/\"]}]},{\"@type\":\"BreadcrumbList\",\"@id\":\"https:\/\/www.artestar.eu\/de\/gro\u00dfhandel\/naturfarbene-perlmuttperlen\/#breadcrumb\",\"itemListElement\":[{\"@type\":\"ListItem\",\"position\":1,\"name\":\"Artestar\",\"item\":\"https:\/\/www.artestar.eu\/de\/\"},{\"@type\":\"ListItem\",\"position\":2,\"name\":\"Gro\u00dfhandel\",\"item\":\"https:\/\/www.artestar.eu\/de\/grosshandel\/\"},{\"@type\":\"ListItem\",\"position\":3,\"name\":\"Perlen aus Perlmutt \u22054mm\"}]},{\"@type\":\"WebSite\",\"@id\":\"https:\/\/www.artestar.eu\/de\/#website\",\"url\":\"https:\/\/www.artestar.eu\/de\/\",\"name\":\"Artestar\",\"description\":\"Mayorista en abalorios y joyer\u00eda\",\"publisher\":{\"@id\":\"https:\/\/www.artestar.eu\/de\/#organization\"},\"alternateName\":\"Artestar-EU\",\"potentialAction\":[{\"@type\":\"SearchAction\",\"target\":{\"@type\":\"EntryPoint\",\"urlTemplate\":\"https:\/\/www.artestar.eu\/de\/?s={search_term_string}\"},\"query-input\":\"required name=search_term_string\"}],\"inLanguage\":\"de-DE\"},{\"@type\":[\"Organization\",\"Place\"],\"@id\":\"https:\/\/www.artestar.eu\/de\/#organization\",\"name\":\"RUBY ABALORIO S.L.\",\"alternateName\":\"Artestar\",\"url\":\"https:\/\/www.artestar.eu\/de\/\",\"logo\":{\"@id\":\"https:\/\/www.artestar.eu\/de\/gro\u00dfhandel\/naturfarbene-perlmuttperlen\/#local-main-organization-logo\"},\"image\":{\"@id\":\"https:\/\/www.artestar.eu\/de\/gro\u00dfhandel\/naturfarbene-perlmuttperlen\/#local-main-organization-logo\"},\"sameAs\":[\"https:\/\/www.facebook.com\/ARTESTAREU\",\"https:\/\/www.instagram.com\/artestareu\/\",\"https:\/\/www.pinterest.es\/artestar_eu\/\",\"https:\/\/www.tiktok.com\/@artestar_wholesale\"],\"openingHoursSpecification\":[{\"@type\":\"OpeningHoursSpecification\",\"dayOfWeek\":[\"Monday\",\"Tuesday\",\"Wednesday\",\"Thursday\",\"Friday\",\"Saturday\",\"Sunday\"],\"opens\":\"09:00\",\"closes\":\"17:00\"}]},{\"@type\":\"ImageObject\",\"inLanguage\":\"de-DE\",\"@id\":\"https:\/\/www.artestar.eu\/de\/gro\u00dfhandel\/naturfarbene-perlmuttperlen\/#local-main-organization-logo\",\"url\":\"https:\/\/www.artestar.eu\/wp-content\/uploads\/2023\/05\/cropped-png.png\",\"contentUrl\":\"https:\/\/www.artestar.eu\/wp-content\/uploads\/2023\/05\/cropped-png.png\",\"width\":512,\"height\":512,\"caption\":\"RUBY ABALORIO S.L.\"}]}<\/script>\n<meta property=\"og:availability\" content=\"instock\" \/>\n<meta property=\"product:availability\" content=\"instock\" \/>\n<meta property=\"product:retailer_item_id\" content=\"BK-YZ-0001-0016\" \/>\n<meta property=\"product:condition\" content=\"new\" \/>\n<!-- \/ Yoast SEO Premium plugin. -->","yoast_head_json":{"title":"Nat\u00fcrliche runde farbige Perlmuttperlen - Artestar","description":"Diese nat\u00fcrlichen runden Muschelperlen sind das perfekte Perlenzubeh\u00f6r. Sie k\u00f6nnen einen einzigartigen Stil kreieren, um Ihren Schmuck atemberaubend zu machen.","robots":{"index":"index","follow":"follow","max-snippet":"max-snippet:-1","max-image-preview":"max-image-preview:large","max-video-preview":"max-video-preview:-1"},"canonical":"https:\/\/www.artestar.eu\/de\/gro\u00dfhandel\/naturfarbene-perlmuttperlen\/","og_locale":"de_DE","og_type":"article","og_title":"Perlen aus Perlmutt \u22054mm","og_description":"Diese nat\u00fcrlichen runden Muschelperlen sind das perfekte Perlenzubeh\u00f6r. Sie k\u00f6nnen einen einzigartigen Stil kreieren, um Ihren Schmuck atemberaubend zu machen.","og_url":"https:\/\/www.artestar.eu\/de\/gro\u00dfhandel\/naturfarbene-perlmuttperlen\/","og_site_name":"Artestar","article_publisher":"https:\/\/www.facebook.com\/ARTESTAREU","article_modified_time":"2023-10-17T03:27:32+00:00","og_image":[{"width":600,"height":600,"url":"https:\/\/www.artestar.eu\/wp-content\/uploads\/2023\/06\/round-beads-shell-beads-1.jpg","type":"image\/jpeg"}],"twitter_card":"summary_large_image","twitter_misc":{"Availability":"Auf Lager"},"schema":{"@context":"https:\/\/schema.org","@graph":[{"@type":"WebPage","@id":"https:\/\/www.artestar.eu\/de\/gro\u00dfhandel\/naturfarbene-perlmuttperlen\/","url":"https:\/\/www.artestar.eu\/de\/gro\u00dfhandel\/naturfarbene-perlmuttperlen\/","name":"Nat\u00fcrliche runde farbige Perlmuttperlen - Artestar","isPartOf":{"@id":"https:\/\/www.artestar.eu\/de\/#website"},"datePublished":"2023-06-15T06:53:24+00:00","dateModified":"2023-10-17T03:27:32+00:00","description":"Diese nat\u00fcrlichen runden Muschelperlen sind das perfekte Perlenzubeh\u00f6r. Sie k\u00f6nnen einen einzigartigen Stil kreieren, um Ihren Schmuck atemberaubend zu machen.","breadcrumb":{"@id":"https:\/\/www.artestar.eu\/de\/gro\u00dfhandel\/naturfarbene-perlmuttperlen\/#breadcrumb"},"inLanguage":"de-DE","potentialAction":[{"@type":"ReadAction","target":["https:\/\/www.artestar.eu\/de\/gro\u00dfhandel\/naturfarbene-perlmuttperlen\/"]}]},{"@type":"BreadcrumbList","@id":"https:\/\/www.artestar.eu\/de\/gro\u00dfhandel\/naturfarbene-perlmuttperlen\/#breadcrumb","itemListElement":[{"@type":"ListItem","position":1,"name":"Artestar","item":"https:\/\/www.artestar.eu\/de\/"},{"@type":"ListItem","position":2,"name":"Gro\u00dfhandel","item":"https:\/\/www.artestar.eu\/de\/grosshandel\/"},{"@type":"ListItem","position":3,"name":"Perlen aus Perlmutt \u22054mm"}]},{"@type":"WebSite","@id":"https:\/\/www.artestar.eu\/de\/#website","url":"https:\/\/www.artestar.eu\/de\/","name":"Artestar","description":"Mayorista en abalorios y joyer\u00eda","publisher":{"@id":"https:\/\/www.artestar.eu\/de\/#organization"},"alternateName":"Artestar-EU","potentialAction":[{"@type":"SearchAction","target":{"@type":"EntryPoint","urlTemplate":"https:\/\/www.artestar.eu\/de\/?s={search_term_string}"},"query-input":"required name=search_term_string"}],"inLanguage":"de-DE"},{"@type":["Organization","Place"],"@id":"https:\/\/www.artestar.eu\/de\/#organization","name":"RUBY ABALORIO S.L.","alternateName":"Artestar","url":"https:\/\/www.artestar.eu\/de\/","logo":{"@id":"https:\/\/www.artestar.eu\/de\/gro\u00dfhandel\/naturfarbene-perlmuttperlen\/#local-main-organization-logo"},"image":{"@id":"https:\/\/www.artestar.eu\/de\/gro\u00dfhandel\/naturfarbene-perlmuttperlen\/#local-main-organization-logo"},"sameAs":["https:\/\/www.facebook.com\/ARTESTAREU","https:\/\/www.instagram.com\/artestareu\/","https:\/\/www.pinterest.es\/artestar_eu\/","https:\/\/www.tiktok.com\/@artestar_wholesale"],"openingHoursSpecification":[{"@type":"OpeningHoursSpecification","dayOfWeek":["Monday","Tuesday","Wednesday","Thursday","Friday","Saturday","Sunday"],"opens":"09:00","closes":"17:00"}]},{"@type":"ImageObject","inLanguage":"de-DE","@id":"https:\/\/www.artestar.eu\/de\/gro\u00dfhandel\/naturfarbene-perlmuttperlen\/#local-main-organization-logo","url":"https:\/\/www.artestar.eu\/wp-content\/uploads\/2023\/05\/cropped-png.png","contentUrl":"https:\/\/www.artestar.eu\/wp-content\/uploads\/2023\/05\/cropped-png.png","width":512,"height":512,"caption":"RUBY ABALORIO S.L."}]},"og_availability":"instock","product_availability":"instock","product_retailer_item_id":"BK-YZ-0001-0016","product_condition":"new"},"tiered_pricing_type":"fixed","tiered_pricing_fixed_rules":[],"tiered_pricing_percentage_rules":[],"tiered_pricing_minimum":null,"_administrator_tiered_pricing_type":"fixed","_administrator_tiered_pricing_fixed_rules":[],"_editor_tiered_pricing_type":"fixed","_editor_tiered_pricing_fixed_rules":[],"_author_tiered_pricing_type":"fixed","_author_tiered_pricing_fixed_rules":[],"_contributor_tiered_pricing_type":"fixed","_contributor_tiered_pricing_fixed_rules":[],"_subscriber_tiered_pricing_type":"fixed","_subscriber_tiered_pricing_fixed_rules":[],"_wpseo_manager_tiered_pricing_type":"fixed","_wpseo_manager_tiered_pricing_fixed_rules":[],"_wpseo_editor_tiered_pricing_type":"fixed","_wpseo_editor_tiered_pricing_fixed_rules":[],"_customer_tiered_pricing_type":"fixed","_customer_tiered_pricing_fixed_rules":[],"_shop_manager_tiered_pricing_type":"fixed","_shop_manager_tiered_pricing_fixed_rules":[],"_product_manager_tiered_pricing_type":"fixed","_product_manager_tiered_pricing_fixed_rules":[],"_links":{"self":[{"href":"https:\/\/www.artestar.eu\/de\/wp-json\/wp\/v2\/product\/26980"}],"collection":[{"href":"https:\/\/www.artestar.eu\/de\/wp-json\/wp\/v2\/product"}],"about":[{"href":"https:\/\/www.artestar.eu\/de\/wp-json\/wp\/v2\/types\/product"}],"replies":[{"embeddable":true,"href":"https:\/\/www.artestar.eu\/de\/wp-json\/wp\/v2\/comments?post=26980"}],"version-history":[{"count":2,"href":"https:\/\/www.artestar.eu\/de\/wp-json\/wp\/v2\/product\/26980\/revisions"}],"predecessor-version":[{"id":36652,"href":"https:\/\/www.artestar.eu\/de\/wp-json\/wp\/v2\/product\/26980\/revisions\/36652"}],"wp:featuredmedia":[{"embeddable":true,"href":"https:\/\/www.artestar.eu\/de\/wp-json\/wp\/v2\/media\/15686"}],"wp:attachment":[{"href":"https:\/\/www.artestar.eu\/de\/wp-json\/wp\/v2\/media?parent=26980"}],"wp:term":[{"taxonomy":"product_cat","embeddable":true,"href":"https:\/\/www.artestar.eu\/de\/wp-json\/wp\/v2\/product_cat?post=26980"},{"taxonomy":"product_tag","embeddable":true,"href":"https:\/\/www.artestar.eu\/de\/wp-json\/wp\/v2\/product_tag?post=26980"}],"curies":[{"name":"wp","href":"https:\/\/api.w.org\/{rel}","templated":true}]}}