{"id":27132,"date":"2023-06-01T05:08:54","date_gmt":"2023-06-01T05:08:54","guid":{"rendered":"https:\/\/www.artestar.eu\/al-por-mayor\/cierres-de-langosta-de-acero\/"},"modified":"2023-10-26T06:32:55","modified_gmt":"2023-10-26T06:32:55","slug":"stahl-karabiner-verschlusse","status":"publish","type":"product","link":"https:\/\/www.artestar.eu\/de\/gro\u00dfhandel\/stahl-karabiner-verschlusse\/","title":{"rendered":"Hummerverschl\u00fcsse aus Stahl"},"content":{"rendered":"<p>Karabinerverschl\u00fcsse aus Stahl: 9 mm &#8211; 10 mm &#8211; 11 mm &#8211; 12 mm &#8211; 13 mm &#8211; 15 mm.<\/p>\n<ul>\n<li>Karabinerverschl\u00fcsse aus Stahl sind in einer Vielzahl von Gr\u00f6\u00dfen erh\u00e4ltlich und haben eine glatte Oberfl\u00e4che f\u00fcr eine bequeme Passform.<\/li>\n<li>Der geschwungene Karabinerverschluss ist aus hochwertigem Edelstahl gefertigt. Im Vergleich zu anderen Metalllegierungen ist es stabil und korrosionsbest\u00e4ndig, langlebig und langlebig. Und mit geringen Wartungskosten ist es ideal f\u00fcr viele Schmuckdesigns.<\/li>\n<li>Die Karabinerkrallenhalterungen sind kompakt und flexibel und daher einfach zu bedienen. Es l\u00e4sst sich leicht \u00f6ffnen und schlie\u00dfen. Am Ende des Hummerverschlusses befindet sich ein kleines Loch zum Einf\u00e4deln oder Einhaken eines Spaltrings. Legen Sie einfach einen B\u00f6rdelring an die Unterseite des Papageien-Abzugsverschlusses und verschlie\u00dfen Sie ihn mit einer Zange. Platzieren Sie eine Kette und verwenden Sie sie als Verl\u00e4ngerung, ein praktisches Accessoire zur Herstellung von Modeschmuck.<\/li>\n<li>Karabinerverschl\u00fcsse aus Edelstahl haben ein breites Anwendungsspektrum, es kann verwendet werden, um vorhandenen Schmuck, Modeschmuckzubeh\u00f6r usw. zu reparieren. Es eignet sich auch f\u00fcr die Herstellung kreativer St\u00fccke mit Biegeringen, Verl\u00e4ngerungen, Ketten und anderem Edelstahlzubeh\u00f6r sowie verschiedenen Edelsteinkristallen, Perlen und DIY-Muschelperlen. Enth\u00e4lt Ohrringe, Armb\u00e4nder, Fu\u00dfkettchen, Halsketten, Anh\u00e4nger, Taillenketten, Schl\u00fcsselanh\u00e4ngerhaken, Brillenketten und Kunsthandwerk.<\/li>\n<li>Sie k\u00f6nnen das exquisite DIY an Familie und Freunde verschenken, die das Basteln lieben, da sie f\u00fcr viele Anl\u00e4sse geeignet sind. Wie Hochzeiten, Thanksgiving, Weihnachten, Geburtstagsfeiern, Abschlussfeiern und vieles mehr. Es ist nicht nur ein sch\u00f6nes Geschenk, sondern auch eine wunderbare Botschaft der Zuneigung und Liebe.<\/li>\n<\/ul>\n<p><img decoding=\"async\" class=\"alignnone wp-image-5061\" src=\"https:\/\/www.artestar.eu%E2%80%8B%E2%80%8B%E2%80%8B%E2%80%8B\/wp-content\/uploads\/2023\/06\/stainless-steel-lobster-clasp-silver-parrot-trigger-locks-01.jpg\" alt=\"Hummerverschl\u00fcsse aus Stahl\" width=\"600\" height=\"600\" srcset=\"https:\/\/www.artestar.eu\/wp-content\/uploads\/2023\/06\/stainless-steel-lobster-clasp-silver-parrot-trigger-locks-01.jpg 1000w, https:\/\/www.artestar.eu\/wp-content\/uploads\/2023\/06\/stainless-steel-lobster-clasp-silver-parrot-trigger-locks-01-300x300.jpg 300w, https:\/\/www.artestar.eu\/wp-content\/uploads\/2023\/06\/stainless-steel-lobster-clasp-silver-parrot-trigger-locks-01-150x150.jpg 150w, https:\/\/www.artestar.eu\/wp-content\/uploads\/2023\/06\/stainless-steel-lobster-clasp-silver-parrot-trigger-locks-01-768x768.jpg 768w, https:\/\/www.artestar.eu\/wp-content\/uploads\/2023\/06\/stainless-steel-lobster-clasp-silver-parrot-trigger-locks-01-450x450.jpg 450w, https:\/\/www.artestar.eu\/wp-content\/uploads\/2023\/06\/stainless-steel-lobster-clasp-silver-parrot-trigger-locks-01-600x600.jpg 600w, https:\/\/www.artestar.eu\/wp-content\/uploads\/2023\/06\/stainless-steel-lobster-clasp-silver-parrot-trigger-locks-01-54x54.jpg 54w\" sizes=\"(max-width: 600px) 100vw, 600px\" \/><\/p>\n<h5>Hummerverschl\u00fcsse aus Stahl<\/h5>\n<ul>\n<li>Achtung: Bei diesem Edelstahlzubeh\u00f6r handelt es sich um Kleinteile, bitte au\u00dferhalb der Reichweite von Kindern aufbewahren.<\/li>\n<li>Alle unsere Edelstahlzubeh\u00f6rteile sind in zwei Farben erh\u00e4ltlich, Gold und Stahl. Jedes ist in verschiedenen Gr\u00f6\u00dfen, in gro\u00dfen Mengen und in einheitlichen Gr\u00f6\u00dfen erh\u00e4ltlich, so dass Sie Ihr Lieblingsschmuckaccessoire kreieren k\u00f6nnen.<\/li>\n<\/ul>\n","protected":false},"excerpt":{"rendered":"<p><img decoding=\"async\" class=\"alignnone size-full wp-image-6378\" src=\"https:\/\/www.artestar.eu%E2%80%8B%E2%80%8B%E2%80%8B%E2%80%8B\/wp-content\/uploads\/2023\/06\/size-lobster-clasps-silver-2.jpg\" alt=\"Hummerverschl\u00fcsse aus Stahl\" width=\"1000\" height=\"180\" srcset=\"https:\/\/www.artestar.eu\/wp-content\/uploads\/2023\/06\/size-lobster-clasps-silver-2.jpg 1000w, https:\/\/www.artestar.eu\/wp-content\/uploads\/2023\/06\/size-lobster-clasps-silver-2-300x54.jpg 300w, https:\/\/www.artestar.eu\/wp-content\/uploads\/2023\/06\/size-lobster-clasps-silver-2-768x138.jpg 768w, https:\/\/www.artestar.eu\/wp-content\/uploads\/2023\/06\/size-lobster-clasps-silver-2-600x108.jpg 600w, https:\/\/www.artestar.eu\/wp-content\/uploads\/2023\/06\/size-lobster-clasps-silver-2-90x16.jpg 90w\" sizes=\"(max-width: 1000px) 100vw, 1000px\" \/>Ungef\u00e4hrer Betrag<\/p>\n<ul>\n<li>Material: Edelstahl<\/li>\n<li>Egal, ob Sie Schmuck herstellen oder tragen, eine Hummerbrosche aus Edelstahl ist ein praktisches und zuverl\u00e4ssiges St\u00fcck.<\/li>\n<\/ul>\n","protected":false},"featured_media":12533,"comment_status":"open","ping_status":"closed","template":"","meta":[],"product_cat":[2010,1669],"product_tag":[],"yoast_head":"<!-- This site is optimized with the Yoast SEO Premium plugin v20.5 (Yoast SEO v21.5) - https:\/\/yoast.com\/wordpress\/plugins\/seo\/ -->\n<title>Hummerverschl\u00fcsse aus Stahl - Artestar<\/title>\n<meta name=\"description\" content=\"Der Karabinerverschluss aus Stahl kann zum Einhaken von Ketten und zum Einstellen von L\u00e4ngen verwendet werden und ist ein gro\u00dfartiges Accessoire, um Accessoires zu vervollst\u00e4ndigen.\" \/>\n<meta name=\"robots\" content=\"index, follow, max-snippet:-1, max-image-preview:large, max-video-preview:-1\" \/>\n<link rel=\"canonical\" href=\"https:\/\/www.artestar.eu\/de\/gro\u00dfhandel\/stahl-karabiner-verschlusse\/\" \/>\n<meta property=\"og:locale\" content=\"de_DE\" \/>\n<meta property=\"og:type\" content=\"article\" \/>\n<meta property=\"og:title\" content=\"Hummerverschl\u00fcsse aus Stahl\" \/>\n<meta property=\"og:description\" content=\"Der Karabinerverschluss aus Stahl kann zum Einhaken von Ketten und zum Einstellen von L\u00e4ngen verwendet werden und ist ein gro\u00dfartiges Accessoire, um Accessoires zu vervollst\u00e4ndigen.\" \/>\n<meta property=\"og:url\" content=\"https:\/\/www.artestar.eu\/de\/gro\u00dfhandel\/stahl-karabiner-verschlusse\/\" \/>\n<meta property=\"og:site_name\" content=\"Artestar\" \/>\n<meta property=\"article:publisher\" content=\"https:\/\/www.facebook.com\/ARTESTAREU\" \/>\n<meta property=\"article:modified_time\" content=\"2023-10-26T06:32:55+00:00\" \/>\n<meta property=\"og:image\" content=\"https:\/\/www.artestar.eu\/wp-content\/uploads\/2023\/06\/stainless-steel-lobster-clasp-silver-parrot-trigger-locks.jpg\" \/>\n\t<meta property=\"og:image:width\" content=\"600\" \/>\n\t<meta property=\"og:image:height\" content=\"600\" \/>\n\t<meta property=\"og:image:type\" content=\"image\/jpeg\" \/>\n<meta name=\"twitter:card\" content=\"summary_large_image\" \/>\n<meta name=\"twitter:label1\" content=\"Availability\" \/>\n\t<meta name=\"twitter:data1\" content=\"Auf Lager\" \/>\n<script type=\"application\/ld+json\" class=\"yoast-schema-graph\">{\"@context\":\"https:\/\/schema.org\",\"@graph\":[{\"@type\":\"WebPage\",\"@id\":\"https:\/\/www.artestar.eu\/de\/gro\u00dfhandel\/stahl-karabiner-verschlusse\/\",\"url\":\"https:\/\/www.artestar.eu\/de\/gro\u00dfhandel\/stahl-karabiner-verschlusse\/\",\"name\":\"Hummerverschl\u00fcsse aus Stahl - Artestar\",\"isPartOf\":{\"@id\":\"https:\/\/www.artestar.eu\/de\/#website\"},\"datePublished\":\"2023-06-01T05:08:54+00:00\",\"dateModified\":\"2023-10-26T06:32:55+00:00\",\"description\":\"Der Karabinerverschluss aus Stahl kann zum Einhaken von Ketten und zum Einstellen von L\u00e4ngen verwendet werden und ist ein gro\u00dfartiges Accessoire, um Accessoires zu vervollst\u00e4ndigen.\",\"breadcrumb\":{\"@id\":\"https:\/\/www.artestar.eu\/de\/gro\u00dfhandel\/stahl-karabiner-verschlusse\/#breadcrumb\"},\"inLanguage\":\"de-DE\",\"potentialAction\":[{\"@type\":\"ReadAction\",\"target\":[\"https:\/\/www.artestar.eu\/de\/gro\u00dfhandel\/stahl-karabiner-verschlusse\/\"]}]},{\"@type\":\"BreadcrumbList\",\"@id\":\"https:\/\/www.artestar.eu\/de\/gro\u00dfhandel\/stahl-karabiner-verschlusse\/#breadcrumb\",\"itemListElement\":[{\"@type\":\"ListItem\",\"position\":1,\"name\":\"Artestar\",\"item\":\"https:\/\/www.artestar.eu\/de\/\"},{\"@type\":\"ListItem\",\"position\":2,\"name\":\"Gro\u00dfhandel\",\"item\":\"https:\/\/www.artestar.eu\/de\/grosshandel\/\"},{\"@type\":\"ListItem\",\"position\":3,\"name\":\"Hummerverschl\u00fcsse aus Stahl\"}]},{\"@type\":\"WebSite\",\"@id\":\"https:\/\/www.artestar.eu\/de\/#website\",\"url\":\"https:\/\/www.artestar.eu\/de\/\",\"name\":\"Artestar\",\"description\":\"Mayorista en abalorios y joyer\u00eda\",\"publisher\":{\"@id\":\"https:\/\/www.artestar.eu\/de\/#organization\"},\"alternateName\":\"Artestar-EU\",\"potentialAction\":[{\"@type\":\"SearchAction\",\"target\":{\"@type\":\"EntryPoint\",\"urlTemplate\":\"https:\/\/www.artestar.eu\/de\/?s={search_term_string}\"},\"query-input\":\"required name=search_term_string\"}],\"inLanguage\":\"de-DE\"},{\"@type\":[\"Organization\",\"Place\"],\"@id\":\"https:\/\/www.artestar.eu\/de\/#organization\",\"name\":\"RUBY ABALORIO S.L.\",\"alternateName\":\"Artestar\",\"url\":\"https:\/\/www.artestar.eu\/de\/\",\"logo\":{\"@id\":\"https:\/\/www.artestar.eu\/de\/gro\u00dfhandel\/stahl-karabiner-verschlusse\/#local-main-organization-logo\"},\"image\":{\"@id\":\"https:\/\/www.artestar.eu\/de\/gro\u00dfhandel\/stahl-karabiner-verschlusse\/#local-main-organization-logo\"},\"sameAs\":[\"https:\/\/www.facebook.com\/ARTESTAREU\",\"https:\/\/www.instagram.com\/artestareu\/\",\"https:\/\/www.pinterest.es\/artestar_eu\/\",\"https:\/\/www.tiktok.com\/@artestar_wholesale\"],\"openingHoursSpecification\":[{\"@type\":\"OpeningHoursSpecification\",\"dayOfWeek\":[\"Monday\",\"Tuesday\",\"Wednesday\",\"Thursday\",\"Friday\",\"Saturday\",\"Sunday\"],\"opens\":\"09:00\",\"closes\":\"17:00\"}]},{\"@type\":\"ImageObject\",\"inLanguage\":\"de-DE\",\"@id\":\"https:\/\/www.artestar.eu\/de\/gro\u00dfhandel\/stahl-karabiner-verschlusse\/#local-main-organization-logo\",\"url\":\"https:\/\/www.artestar.eu\/wp-content\/uploads\/2023\/05\/cropped-png.png\",\"contentUrl\":\"https:\/\/www.artestar.eu\/wp-content\/uploads\/2023\/05\/cropped-png.png\",\"width\":512,\"height\":512,\"caption\":\"RUBY ABALORIO S.L.\"}]}<\/script>\n<meta property=\"og:availability\" content=\"instock\" \/>\n<meta property=\"product:availability\" content=\"instock\" \/>\n<meta property=\"product:retailer_item_id\" content=\"BXG0003-0008\" \/>\n<meta property=\"product:condition\" content=\"new\" \/>\n<!-- \/ Yoast SEO Premium plugin. -->","yoast_head_json":{"title":"Hummerverschl\u00fcsse aus Stahl - Artestar","description":"Der Karabinerverschluss aus Stahl kann zum Einhaken von Ketten und zum Einstellen von L\u00e4ngen verwendet werden und ist ein gro\u00dfartiges Accessoire, um Accessoires zu vervollst\u00e4ndigen.","robots":{"index":"index","follow":"follow","max-snippet":"max-snippet:-1","max-image-preview":"max-image-preview:large","max-video-preview":"max-video-preview:-1"},"canonical":"https:\/\/www.artestar.eu\/de\/gro\u00dfhandel\/stahl-karabiner-verschlusse\/","og_locale":"de_DE","og_type":"article","og_title":"Hummerverschl\u00fcsse aus Stahl","og_description":"Der Karabinerverschluss aus Stahl kann zum Einhaken von Ketten und zum Einstellen von L\u00e4ngen verwendet werden und ist ein gro\u00dfartiges Accessoire, um Accessoires zu vervollst\u00e4ndigen.","og_url":"https:\/\/www.artestar.eu\/de\/gro\u00dfhandel\/stahl-karabiner-verschlusse\/","og_site_name":"Artestar","article_publisher":"https:\/\/www.facebook.com\/ARTESTAREU","article_modified_time":"2023-10-26T06:32:55+00:00","og_image":[{"width":600,"height":600,"url":"https:\/\/www.artestar.eu\/wp-content\/uploads\/2023\/06\/stainless-steel-lobster-clasp-silver-parrot-trigger-locks.jpg","type":"image\/jpeg"}],"twitter_card":"summary_large_image","twitter_misc":{"Availability":"Auf Lager"},"schema":{"@context":"https:\/\/schema.org","@graph":[{"@type":"WebPage","@id":"https:\/\/www.artestar.eu\/de\/gro\u00dfhandel\/stahl-karabiner-verschlusse\/","url":"https:\/\/www.artestar.eu\/de\/gro\u00dfhandel\/stahl-karabiner-verschlusse\/","name":"Hummerverschl\u00fcsse aus Stahl - Artestar","isPartOf":{"@id":"https:\/\/www.artestar.eu\/de\/#website"},"datePublished":"2023-06-01T05:08:54+00:00","dateModified":"2023-10-26T06:32:55+00:00","description":"Der Karabinerverschluss aus Stahl kann zum Einhaken von Ketten und zum Einstellen von L\u00e4ngen verwendet werden und ist ein gro\u00dfartiges Accessoire, um Accessoires zu vervollst\u00e4ndigen.","breadcrumb":{"@id":"https:\/\/www.artestar.eu\/de\/gro\u00dfhandel\/stahl-karabiner-verschlusse\/#breadcrumb"},"inLanguage":"de-DE","potentialAction":[{"@type":"ReadAction","target":["https:\/\/www.artestar.eu\/de\/gro\u00dfhandel\/stahl-karabiner-verschlusse\/"]}]},{"@type":"BreadcrumbList","@id":"https:\/\/www.artestar.eu\/de\/gro\u00dfhandel\/stahl-karabiner-verschlusse\/#breadcrumb","itemListElement":[{"@type":"ListItem","position":1,"name":"Artestar","item":"https:\/\/www.artestar.eu\/de\/"},{"@type":"ListItem","position":2,"name":"Gro\u00dfhandel","item":"https:\/\/www.artestar.eu\/de\/grosshandel\/"},{"@type":"ListItem","position":3,"name":"Hummerverschl\u00fcsse aus Stahl"}]},{"@type":"WebSite","@id":"https:\/\/www.artestar.eu\/de\/#website","url":"https:\/\/www.artestar.eu\/de\/","name":"Artestar","description":"Mayorista en abalorios y joyer\u00eda","publisher":{"@id":"https:\/\/www.artestar.eu\/de\/#organization"},"alternateName":"Artestar-EU","potentialAction":[{"@type":"SearchAction","target":{"@type":"EntryPoint","urlTemplate":"https:\/\/www.artestar.eu\/de\/?s={search_term_string}"},"query-input":"required name=search_term_string"}],"inLanguage":"de-DE"},{"@type":["Organization","Place"],"@id":"https:\/\/www.artestar.eu\/de\/#organization","name":"RUBY ABALORIO S.L.","alternateName":"Artestar","url":"https:\/\/www.artestar.eu\/de\/","logo":{"@id":"https:\/\/www.artestar.eu\/de\/gro\u00dfhandel\/stahl-karabiner-verschlusse\/#local-main-organization-logo"},"image":{"@id":"https:\/\/www.artestar.eu\/de\/gro\u00dfhandel\/stahl-karabiner-verschlusse\/#local-main-organization-logo"},"sameAs":["https:\/\/www.facebook.com\/ARTESTAREU","https:\/\/www.instagram.com\/artestareu\/","https:\/\/www.pinterest.es\/artestar_eu\/","https:\/\/www.tiktok.com\/@artestar_wholesale"],"openingHoursSpecification":[{"@type":"OpeningHoursSpecification","dayOfWeek":["Monday","Tuesday","Wednesday","Thursday","Friday","Saturday","Sunday"],"opens":"09:00","closes":"17:00"}]},{"@type":"ImageObject","inLanguage":"de-DE","@id":"https:\/\/www.artestar.eu\/de\/gro\u00dfhandel\/stahl-karabiner-verschlusse\/#local-main-organization-logo","url":"https:\/\/www.artestar.eu\/wp-content\/uploads\/2023\/05\/cropped-png.png","contentUrl":"https:\/\/www.artestar.eu\/wp-content\/uploads\/2023\/05\/cropped-png.png","width":512,"height":512,"caption":"RUBY ABALORIO S.L."}]},"og_availability":"instock","product_availability":"instock","product_retailer_item_id":"BXG0003-0008","product_condition":"new"},"tiered_pricing_type":"fixed","tiered_pricing_fixed_rules":[],"tiered_pricing_percentage_rules":[],"tiered_pricing_minimum":null,"_administrator_tiered_pricing_type":"fixed","_administrator_tiered_pricing_fixed_rules":[],"_editor_tiered_pricing_type":"fixed","_editor_tiered_pricing_fixed_rules":[],"_author_tiered_pricing_type":"fixed","_author_tiered_pricing_fixed_rules":[],"_contributor_tiered_pricing_type":"fixed","_contributor_tiered_pricing_fixed_rules":[],"_subscriber_tiered_pricing_type":"fixed","_subscriber_tiered_pricing_fixed_rules":[],"_wpseo_manager_tiered_pricing_type":"fixed","_wpseo_manager_tiered_pricing_fixed_rules":[],"_wpseo_editor_tiered_pricing_type":"fixed","_wpseo_editor_tiered_pricing_fixed_rules":[],"_customer_tiered_pricing_type":"fixed","_customer_tiered_pricing_fixed_rules":[],"_shop_manager_tiered_pricing_type":"fixed","_shop_manager_tiered_pricing_fixed_rules":[],"_product_manager_tiered_pricing_type":"fixed","_product_manager_tiered_pricing_fixed_rules":[],"_links":{"self":[{"href":"https:\/\/www.artestar.eu\/de\/wp-json\/wp\/v2\/product\/27132"}],"collection":[{"href":"https:\/\/www.artestar.eu\/de\/wp-json\/wp\/v2\/product"}],"about":[{"href":"https:\/\/www.artestar.eu\/de\/wp-json\/wp\/v2\/types\/product"}],"replies":[{"embeddable":true,"href":"https:\/\/www.artestar.eu\/de\/wp-json\/wp\/v2\/comments?post=27132"}],"version-history":[{"count":1,"href":"https:\/\/www.artestar.eu\/de\/wp-json\/wp\/v2\/product\/27132\/revisions"}],"predecessor-version":[{"id":32179,"href":"https:\/\/www.artestar.eu\/de\/wp-json\/wp\/v2\/product\/27132\/revisions\/32179"}],"wp:featuredmedia":[{"embeddable":true,"href":"https:\/\/www.artestar.eu\/de\/wp-json\/wp\/v2\/media\/12533"}],"wp:attachment":[{"href":"https:\/\/www.artestar.eu\/de\/wp-json\/wp\/v2\/media?parent=27132"}],"wp:term":[{"taxonomy":"product_cat","embeddable":true,"href":"https:\/\/www.artestar.eu\/de\/wp-json\/wp\/v2\/product_cat?post=27132"},{"taxonomy":"product_tag","embeddable":true,"href":"https:\/\/www.artestar.eu\/de\/wp-json\/wp\/v2\/product_tag?post=27132"}],"curies":[{"name":"wp","href":"https:\/\/api.w.org\/{rel}","templated":true}]}}