{"id":27285,"date":"2023-06-02T02:21:24","date_gmt":"2023-06-02T02:21:24","guid":{"rendered":"https:\/\/www.artestar.eu\/al-por-mayor\/separadores-perlas-cultivadas\/"},"modified":"2023-10-25T03:41:22","modified_gmt":"2023-10-25T03:41:22","slug":"separatoren-perlen-zucht-2","status":"publish","type":"product","link":"https:\/\/www.artestar.eu\/de\/gro\u00dfhandel\/separatoren-perlen-zucht-2\/","title":{"rendered":"Separatoren f\u00fcr Zuchtperlen"},"content":{"rendered":"<p>Separatoren f\u00fcr nat\u00fcrliche Zuchtperlen: Abstandshalter aus nat\u00fcrlichem Perlmutt gibt es in vielen verschiedenen Gr\u00f6\u00dfen. So k\u00f6nnen Sie die Gr\u00f6\u00dfe w\u00e4hlen, die am besten zu Ihnen passt, und mit jedem gew\u00fcnschten Schmuckstil basteln.<\/p>\n<ul>\n<li>100% nat\u00fcrliche S\u00fc\u00dfwasserzuchtperlen stammen von Austern und haben eine nat\u00fcrliche Form. Diese Perlentrenner haben eine runde und k\u00fchle Oberfl\u00e4che und sind sehr angenehm und stilvoll zu tragen. Wenn Sie genau hinsehen, werden Sie auch feststellen, dass nat\u00fcrliche Zuchtperlen eine einzigartige Textur haben, die ihnen eine elegante Note verleiht.<\/li>\n<li>Da diese Perlen, die wir haben, perforiert sind, m\u00fcssen Sie sich nicht anstrengen, um sie zu durchstechen. Sie k\u00f6nnen aus verschiedenen Perlengr\u00f6\u00dfen, -formen und -farben mit spezifischen Abstandshalter-Designs w\u00e4hlen, um einzigartige Schmuckst\u00fccke zu kreieren. So kann jeder seinen ganz besonderen Perlenschmuck haben.<\/li>\n<li>S\u00fc\u00dfwasser-Zuchtperlentrenner sind ein gro\u00dfartiges Zubeh\u00f6r f\u00fcr das Handwerk. Ob formelles Abendkleid, l\u00e4ssiger Alltagslook oder stilvolles Party-Outfit, ein Perlentrenner setzt einen hellen Akzent. Es bringt Klasse und Eleganz in das Ensemble und verleiht Ihrem Modesinn einen Hauch von Erhabenheit.<\/li>\n<li>Ob Geburtstag, Jubil\u00e4um, Hochzeit oder ein anderer besonderer Anlass, ein Accessoire aus der Perlenperlenkollektion ist ein wertvolles und bedeutungsvolles Geschenk. Sie dr\u00fccken besondere Zuneigung und gute W\u00fcnsche f\u00fcr den Beschenkten aus und werden zu einem unverg\u00e4nglichen Schatz.<\/li>\n<\/ul>\n<p><img decoding=\"async\" class=\"alignnone wp-image-8472 size-full\" src=\"https:\/\/www.artestar.eu%E2%80%8B%E2%80%8B%E2%80%8B%E2%80%8B\/wp-content\/uploads\/2023\/06\/freshwater-cultured-pearls-21.jpg\" alt=\"Separatoren f\u00fcr nat\u00fcrliche Zuchtperlen\" width=\"600\" height=\"600\" srcset=\"https:\/\/www.artestar.eu\/wp-content\/uploads\/2023\/06\/freshwater-cultured-pearls-21.jpg 600w, https:\/\/www.artestar.eu\/wp-content\/uploads\/2023\/06\/freshwater-cultured-pearls-21-300x300.jpg 300w, https:\/\/www.artestar.eu\/wp-content\/uploads\/2023\/06\/freshwater-cultured-pearls-21-150x150.jpg 150w, https:\/\/www.artestar.eu\/wp-content\/uploads\/2023\/06\/freshwater-cultured-pearls-21-450x450.jpg 450w, https:\/\/www.artestar.eu\/wp-content\/uploads\/2023\/06\/freshwater-cultured-pearls-21-54x54.jpg 54w\" sizes=\"(max-width: 600px) 100vw, 600px\" \/><\/p>\n<h5>Separatoren f\u00fcr nat\u00fcrliche Zuchtperlen<\/h5>\n<ul>\n<li>Alle nat\u00fcrlichen Zuchtperlen sind Unikate. Aufgrund der Beleuchtung und der Computereinstellungen kann das erhaltene Produkt leicht variieren, bitte lesen Sie vor dem Kauf die Gr\u00f6\u00dfen der verschiedenen Perlentrenner.<\/li>\n<li>Verbessern Sie das Ged\u00e4chtnis, indem Sie die Produktion von Wachstumsfaktoren in Nervenzellen im Gehirn aktivieren. Und stimulieren die Produktion von Kollagen, das die Hautschicht unseres K\u00f6rpers schnell regeneriert und uns sch\u00f6n und lebendig f\u00fchlen l\u00e4sst.<\/li>\n<\/ul>\n","protected":false},"excerpt":{"rendered":"<p><img decoding=\"async\" class=\"alignnone size-full wp-image-8529\" src=\"https:\/\/www.artestar.eu%E2%80%8B%E2%80%8B%E2%80%8B%E2%80%8B\/wp-content\/uploads\/2023\/06\/cultured-pearl-spacers-2.jpg\" alt=\"Gr\u00f6\u00dfe Separatoren f\u00fcr Zuchtperlen\" width=\"1000\" height=\"180\" srcset=\"https:\/\/www.artestar.eu\/wp-content\/uploads\/2023\/06\/cultured-pearl-spacers-2.jpg 1000w, https:\/\/www.artestar.eu\/wp-content\/uploads\/2023\/06\/cultured-pearl-spacers-2-300x54.jpg 300w, https:\/\/www.artestar.eu\/wp-content\/uploads\/2023\/06\/cultured-pearl-spacers-2-768x138.jpg 768w, https:\/\/www.artestar.eu\/wp-content\/uploads\/2023\/06\/cultured-pearl-spacers-2-600x108.jpg 600w, https:\/\/www.artestar.eu\/wp-content\/uploads\/2023\/06\/cultured-pearl-spacers-2-90x16.jpg 90w\" sizes=\"(max-width: 1000px) 100vw, 1000px\" \/>Ungef\u00e4hrer Betrag<\/p>\n<ul>\n<li>Material: Nat\u00fcrliche S\u00fc\u00dfwasserzuchtperlen<\/li>\n<li>Wird zur Herstellung von Halsketten, Armb\u00e4ndern und anderem Schmuck verwendet<\/li>\n<li>Alle nat\u00fcrlichen Zuchtperlen sind Unikate.<\/li>\n<\/ul>\n","protected":false},"featured_media":12453,"comment_status":"open","ping_status":"closed","template":"","meta":[],"product_cat":[1492,1514,1994],"product_tag":[],"yoast_head":"<!-- This site is optimized with the Yoast SEO Premium plugin v20.5 (Yoast SEO v21.5) - https:\/\/yoast.com\/wordpress\/plugins\/seo\/ -->\n<title>Separatoren f\u00fcr nat\u00fcrliche Zuchtperlen- Artestar<\/title>\n<meta name=\"description\" content=\"S\u00fc\u00dfwasser-Zuchtperlentrenner sind ein gro\u00dfartiges Zubeh\u00f6r f\u00fcr das Handwerk. Alle nat\u00fcrlichen Zuchtperlen sind Unikate.\" \/>\n<meta name=\"robots\" content=\"index, follow, max-snippet:-1, max-image-preview:large, max-video-preview:-1\" \/>\n<link rel=\"canonical\" href=\"https:\/\/www.artestar.eu\/de\/gro\u00dfhandel\/separatoren-perlen-zucht-2\/\" \/>\n<meta property=\"og:locale\" content=\"de_DE\" \/>\n<meta property=\"og:type\" content=\"article\" \/>\n<meta property=\"og:title\" content=\"Separatoren f\u00fcr Zuchtperlen\" \/>\n<meta property=\"og:description\" content=\"S\u00fc\u00dfwasser-Zuchtperlentrenner sind ein gro\u00dfartiges Zubeh\u00f6r f\u00fcr das Handwerk. Alle nat\u00fcrlichen Zuchtperlen sind Unikate.\" \/>\n<meta property=\"og:url\" content=\"https:\/\/www.artestar.eu\/de\/gro\u00dfhandel\/separatoren-perlen-zucht-2\/\" \/>\n<meta property=\"og:site_name\" content=\"Artestar\" \/>\n<meta property=\"article:publisher\" content=\"https:\/\/www.facebook.com\/ARTESTAREU\" \/>\n<meta property=\"article:modified_time\" content=\"2023-10-25T03:41:22+00:00\" \/>\n<meta property=\"og:image\" content=\"https:\/\/www.artestar.eu\/wp-content\/uploads\/2023\/06\/freshwater-cultured-pearls-1.jpg\" \/>\n\t<meta property=\"og:image:width\" content=\"600\" \/>\n\t<meta property=\"og:image:height\" content=\"600\" \/>\n\t<meta property=\"og:image:type\" content=\"image\/jpeg\" \/>\n<meta name=\"twitter:card\" content=\"summary_large_image\" \/>\n<meta name=\"twitter:label1\" content=\"Availability\" \/>\n\t<meta name=\"twitter:data1\" content=\"Auf Lager\" \/>\n<script type=\"application\/ld+json\" class=\"yoast-schema-graph\">{\"@context\":\"https:\/\/schema.org\",\"@graph\":[{\"@type\":\"WebPage\",\"@id\":\"https:\/\/www.artestar.eu\/de\/gro\u00dfhandel\/separatoren-perlen-zucht-2\/\",\"url\":\"https:\/\/www.artestar.eu\/de\/gro\u00dfhandel\/separatoren-perlen-zucht-2\/\",\"name\":\"Separatoren f\u00fcr nat\u00fcrliche Zuchtperlen- Artestar\",\"isPartOf\":{\"@id\":\"https:\/\/www.artestar.eu\/de\/#website\"},\"datePublished\":\"2023-06-02T02:21:24+00:00\",\"dateModified\":\"2023-10-25T03:41:22+00:00\",\"description\":\"S\u00fc\u00dfwasser-Zuchtperlentrenner sind ein gro\u00dfartiges Zubeh\u00f6r f\u00fcr das Handwerk. Alle nat\u00fcrlichen Zuchtperlen sind Unikate.\",\"breadcrumb\":{\"@id\":\"https:\/\/www.artestar.eu\/de\/gro\u00dfhandel\/separatoren-perlen-zucht-2\/#breadcrumb\"},\"inLanguage\":\"de-DE\",\"potentialAction\":[{\"@type\":\"ReadAction\",\"target\":[\"https:\/\/www.artestar.eu\/de\/gro\u00dfhandel\/separatoren-perlen-zucht-2\/\"]}]},{\"@type\":\"BreadcrumbList\",\"@id\":\"https:\/\/www.artestar.eu\/de\/gro\u00dfhandel\/separatoren-perlen-zucht-2\/#breadcrumb\",\"itemListElement\":[{\"@type\":\"ListItem\",\"position\":1,\"name\":\"Artestar\",\"item\":\"https:\/\/www.artestar.eu\/de\/\"},{\"@type\":\"ListItem\",\"position\":2,\"name\":\"Gro\u00dfhandel\",\"item\":\"https:\/\/www.artestar.eu\/de\/grosshandel\/\"},{\"@type\":\"ListItem\",\"position\":3,\"name\":\"Separatoren f\u00fcr Zuchtperlen\"}]},{\"@type\":\"WebSite\",\"@id\":\"https:\/\/www.artestar.eu\/de\/#website\",\"url\":\"https:\/\/www.artestar.eu\/de\/\",\"name\":\"Artestar\",\"description\":\"Mayorista en abalorios y joyer\u00eda\",\"publisher\":{\"@id\":\"https:\/\/www.artestar.eu\/de\/#organization\"},\"alternateName\":\"Artestar-EU\",\"potentialAction\":[{\"@type\":\"SearchAction\",\"target\":{\"@type\":\"EntryPoint\",\"urlTemplate\":\"https:\/\/www.artestar.eu\/de\/?s={search_term_string}\"},\"query-input\":\"required name=search_term_string\"}],\"inLanguage\":\"de-DE\"},{\"@type\":[\"Organization\",\"Place\"],\"@id\":\"https:\/\/www.artestar.eu\/de\/#organization\",\"name\":\"RUBY ABALORIO S.L.\",\"alternateName\":\"Artestar\",\"url\":\"https:\/\/www.artestar.eu\/de\/\",\"logo\":{\"@id\":\"https:\/\/www.artestar.eu\/de\/gro\u00dfhandel\/separatoren-perlen-zucht-2\/#local-main-organization-logo\"},\"image\":{\"@id\":\"https:\/\/www.artestar.eu\/de\/gro\u00dfhandel\/separatoren-perlen-zucht-2\/#local-main-organization-logo\"},\"sameAs\":[\"https:\/\/www.facebook.com\/ARTESTAREU\",\"https:\/\/www.instagram.com\/artestareu\/\",\"https:\/\/www.pinterest.es\/artestar_eu\/\",\"https:\/\/www.tiktok.com\/@artestar_wholesale\"],\"openingHoursSpecification\":[{\"@type\":\"OpeningHoursSpecification\",\"dayOfWeek\":[\"Monday\",\"Tuesday\",\"Wednesday\",\"Thursday\",\"Friday\",\"Saturday\",\"Sunday\"],\"opens\":\"09:00\",\"closes\":\"17:00\"}]},{\"@type\":\"ImageObject\",\"inLanguage\":\"de-DE\",\"@id\":\"https:\/\/www.artestar.eu\/de\/gro\u00dfhandel\/separatoren-perlen-zucht-2\/#local-main-organization-logo\",\"url\":\"https:\/\/www.artestar.eu\/wp-content\/uploads\/2023\/05\/cropped-png.png\",\"contentUrl\":\"https:\/\/www.artestar.eu\/wp-content\/uploads\/2023\/05\/cropped-png.png\",\"width\":512,\"height\":512,\"caption\":\"RUBY ABALORIO S.L.\"}]}<\/script>\n<meta property=\"og:availability\" content=\"instock\" \/>\n<meta property=\"product:availability\" content=\"instock\" \/>\n<meta property=\"product:retailer_item_id\" content=\"ZZ-GZ-0001-0004\" \/>\n<meta property=\"product:condition\" content=\"new\" \/>\n<!-- \/ Yoast SEO Premium plugin. -->","yoast_head_json":{"title":"Separatoren f\u00fcr nat\u00fcrliche Zuchtperlen- Artestar","description":"S\u00fc\u00dfwasser-Zuchtperlentrenner sind ein gro\u00dfartiges Zubeh\u00f6r f\u00fcr das Handwerk. Alle nat\u00fcrlichen Zuchtperlen sind Unikate.","robots":{"index":"index","follow":"follow","max-snippet":"max-snippet:-1","max-image-preview":"max-image-preview:large","max-video-preview":"max-video-preview:-1"},"canonical":"https:\/\/www.artestar.eu\/de\/gro\u00dfhandel\/separatoren-perlen-zucht-2\/","og_locale":"de_DE","og_type":"article","og_title":"Separatoren f\u00fcr Zuchtperlen","og_description":"S\u00fc\u00dfwasser-Zuchtperlentrenner sind ein gro\u00dfartiges Zubeh\u00f6r f\u00fcr das Handwerk. Alle nat\u00fcrlichen Zuchtperlen sind Unikate.","og_url":"https:\/\/www.artestar.eu\/de\/gro\u00dfhandel\/separatoren-perlen-zucht-2\/","og_site_name":"Artestar","article_publisher":"https:\/\/www.facebook.com\/ARTESTAREU","article_modified_time":"2023-10-25T03:41:22+00:00","og_image":[{"width":600,"height":600,"url":"https:\/\/www.artestar.eu\/wp-content\/uploads\/2023\/06\/freshwater-cultured-pearls-1.jpg","type":"image\/jpeg"}],"twitter_card":"summary_large_image","twitter_misc":{"Availability":"Auf Lager"},"schema":{"@context":"https:\/\/schema.org","@graph":[{"@type":"WebPage","@id":"https:\/\/www.artestar.eu\/de\/gro\u00dfhandel\/separatoren-perlen-zucht-2\/","url":"https:\/\/www.artestar.eu\/de\/gro\u00dfhandel\/separatoren-perlen-zucht-2\/","name":"Separatoren f\u00fcr nat\u00fcrliche Zuchtperlen- Artestar","isPartOf":{"@id":"https:\/\/www.artestar.eu\/de\/#website"},"datePublished":"2023-06-02T02:21:24+00:00","dateModified":"2023-10-25T03:41:22+00:00","description":"S\u00fc\u00dfwasser-Zuchtperlentrenner sind ein gro\u00dfartiges Zubeh\u00f6r f\u00fcr das Handwerk. Alle nat\u00fcrlichen Zuchtperlen sind Unikate.","breadcrumb":{"@id":"https:\/\/www.artestar.eu\/de\/gro\u00dfhandel\/separatoren-perlen-zucht-2\/#breadcrumb"},"inLanguage":"de-DE","potentialAction":[{"@type":"ReadAction","target":["https:\/\/www.artestar.eu\/de\/gro\u00dfhandel\/separatoren-perlen-zucht-2\/"]}]},{"@type":"BreadcrumbList","@id":"https:\/\/www.artestar.eu\/de\/gro\u00dfhandel\/separatoren-perlen-zucht-2\/#breadcrumb","itemListElement":[{"@type":"ListItem","position":1,"name":"Artestar","item":"https:\/\/www.artestar.eu\/de\/"},{"@type":"ListItem","position":2,"name":"Gro\u00dfhandel","item":"https:\/\/www.artestar.eu\/de\/grosshandel\/"},{"@type":"ListItem","position":3,"name":"Separatoren f\u00fcr Zuchtperlen"}]},{"@type":"WebSite","@id":"https:\/\/www.artestar.eu\/de\/#website","url":"https:\/\/www.artestar.eu\/de\/","name":"Artestar","description":"Mayorista en abalorios y joyer\u00eda","publisher":{"@id":"https:\/\/www.artestar.eu\/de\/#organization"},"alternateName":"Artestar-EU","potentialAction":[{"@type":"SearchAction","target":{"@type":"EntryPoint","urlTemplate":"https:\/\/www.artestar.eu\/de\/?s={search_term_string}"},"query-input":"required name=search_term_string"}],"inLanguage":"de-DE"},{"@type":["Organization","Place"],"@id":"https:\/\/www.artestar.eu\/de\/#organization","name":"RUBY ABALORIO S.L.","alternateName":"Artestar","url":"https:\/\/www.artestar.eu\/de\/","logo":{"@id":"https:\/\/www.artestar.eu\/de\/gro\u00dfhandel\/separatoren-perlen-zucht-2\/#local-main-organization-logo"},"image":{"@id":"https:\/\/www.artestar.eu\/de\/gro\u00dfhandel\/separatoren-perlen-zucht-2\/#local-main-organization-logo"},"sameAs":["https:\/\/www.facebook.com\/ARTESTAREU","https:\/\/www.instagram.com\/artestareu\/","https:\/\/www.pinterest.es\/artestar_eu\/","https:\/\/www.tiktok.com\/@artestar_wholesale"],"openingHoursSpecification":[{"@type":"OpeningHoursSpecification","dayOfWeek":["Monday","Tuesday","Wednesday","Thursday","Friday","Saturday","Sunday"],"opens":"09:00","closes":"17:00"}]},{"@type":"ImageObject","inLanguage":"de-DE","@id":"https:\/\/www.artestar.eu\/de\/gro\u00dfhandel\/separatoren-perlen-zucht-2\/#local-main-organization-logo","url":"https:\/\/www.artestar.eu\/wp-content\/uploads\/2023\/05\/cropped-png.png","contentUrl":"https:\/\/www.artestar.eu\/wp-content\/uploads\/2023\/05\/cropped-png.png","width":512,"height":512,"caption":"RUBY ABALORIO S.L."}]},"og_availability":"instock","product_availability":"instock","product_retailer_item_id":"ZZ-GZ-0001-0004","product_condition":"new"},"tiered_pricing_type":"fixed","tiered_pricing_fixed_rules":[],"tiered_pricing_percentage_rules":[],"tiered_pricing_minimum":null,"_administrator_tiered_pricing_type":"fixed","_administrator_tiered_pricing_fixed_rules":[],"_editor_tiered_pricing_type":"fixed","_editor_tiered_pricing_fixed_rules":[],"_author_tiered_pricing_type":"fixed","_author_tiered_pricing_fixed_rules":[],"_contributor_tiered_pricing_type":"fixed","_contributor_tiered_pricing_fixed_rules":[],"_subscriber_tiered_pricing_type":"fixed","_subscriber_tiered_pricing_fixed_rules":[],"_wpseo_manager_tiered_pricing_type":"fixed","_wpseo_manager_tiered_pricing_fixed_rules":[],"_wpseo_editor_tiered_pricing_type":"fixed","_wpseo_editor_tiered_pricing_fixed_rules":[],"_customer_tiered_pricing_type":"fixed","_customer_tiered_pricing_fixed_rules":[],"_shop_manager_tiered_pricing_type":"fixed","_shop_manager_tiered_pricing_fixed_rules":[],"_product_manager_tiered_pricing_type":"fixed","_product_manager_tiered_pricing_fixed_rules":[],"_links":{"self":[{"href":"https:\/\/www.artestar.eu\/de\/wp-json\/wp\/v2\/product\/27285"}],"collection":[{"href":"https:\/\/www.artestar.eu\/de\/wp-json\/wp\/v2\/product"}],"about":[{"href":"https:\/\/www.artestar.eu\/de\/wp-json\/wp\/v2\/types\/product"}],"replies":[{"embeddable":true,"href":"https:\/\/www.artestar.eu\/de\/wp-json\/wp\/v2\/comments?post=27285"}],"version-history":[{"count":2,"href":"https:\/\/www.artestar.eu\/de\/wp-json\/wp\/v2\/product\/27285\/revisions"}],"predecessor-version":[{"id":33809,"href":"https:\/\/www.artestar.eu\/de\/wp-json\/wp\/v2\/product\/27285\/revisions\/33809"}],"wp:featuredmedia":[{"embeddable":true,"href":"https:\/\/www.artestar.eu\/de\/wp-json\/wp\/v2\/media\/12453"}],"wp:attachment":[{"href":"https:\/\/www.artestar.eu\/de\/wp-json\/wp\/v2\/media?parent=27285"}],"wp:term":[{"taxonomy":"product_cat","embeddable":true,"href":"https:\/\/www.artestar.eu\/de\/wp-json\/wp\/v2\/product_cat?post=27285"},{"taxonomy":"product_tag","embeddable":true,"href":"https:\/\/www.artestar.eu\/de\/wp-json\/wp\/v2\/product_tag?post=27285"}],"curies":[{"name":"wp","href":"https:\/\/api.w.org\/{rel}","templated":true}]}}