{"id":27344,"date":"2023-06-02T02:44:26","date_gmt":"2023-06-02T02:44:26","guid":{"rendered":"https:\/\/www.artestar.eu\/al-por-mayor\/ganchos-para-pendientes-de-acero-125-unids\/"},"modified":"2023-10-25T03:39:43","modified_gmt":"2023-10-25T03:39:43","slug":"stahl-ohrring-haken","status":"publish","type":"product","link":"https:\/\/www.artestar.eu\/de\/gro\u00dfhandel\/stahl-ohrring-haken\/","title":{"rendered":"Haken f\u00fcr Stahlohrringe 125 Stk."},"content":{"rendered":"<p>Ohrringhaken aus Stahl: 125 Stk.<\/p>\n<ul>\n<li>Die Ohrhaken sind aus hochwertigem Metall gefertigt, leicht, einfach zu bedienen, robust und langlebig, rosten nicht so leicht, perfekt f\u00fcr Modeschmuck, insbesondere f\u00fcr Ohrringe.<\/li>\n<li>Ohrringhaken aus Stahl sind gl\u00e4nzend und auff\u00e4llig. Mit einer glatten und abgerundeten Oberfl\u00e4che, leicht und angenehm zu tragen und einem klassischen und eleganten Design sind sie ein gro\u00dfartiges Schmuckaccessoire f\u00fcr Sie.<\/li>\n<li>Die Ohrhaken haben eine \u00d6ffnungs\u00f6se, so dass Sie den \u00d6ffnungsring, die Kette und den Anh\u00e4nger einfach befestigen k\u00f6nnen. Wenn Sie fertig sind, verwenden Sie einfach eine Zange, um die Schlaufe zu schlie\u00dfen.<\/li>\n<li>Unsere schlichten und filigranen Ohrringhaken aus Stahl in Form eines Angelhakens eignen sich perfekt f\u00fcr Ohrringe, glamour\u00f6sen Schmuck oder feine Dekorationsst\u00fccke.<\/li>\n<li>Diese sch\u00f6nen Haken eignen sich f\u00fcr fast jeden Anlass, bei dem Ohrringe getragen werden, und schaffen ein perfektes Endprodukt f\u00fcr den Alltag, Hochzeiten, Partys und vieles mehr.<\/li>\n<li>Wenn Sie Ihre Lieblingsverzierungen an Ohrringhaken aus Stahl anbringen. Ihr Look wird fr\u00f6hlicher und Sie k\u00f6nnen sie verwenden, um Ihre eigenen Ohrringe herzustellen oder die alten zu restaurieren.<\/li>\n<\/ul>\n<p><img decoding=\"async\" class=\"alignnone size-full wp-image-5141\" src=\"https:\/\/www.artestar.eu%E2%80%8B%E2%80%8B%E2%80%8B%E2%80%8B\/wp-content\/uploads\/2023\/06\/stainless-steel-earring-accessories-earring-hook-gold-and-silver.jpg\" alt=\"Ohrringhaken aus Stahl\" width=\"600\" height=\"600\" srcset=\"https:\/\/www.artestar.eu\/wp-content\/uploads\/2023\/06\/stainless-steel-earring-accessories-earring-hook-gold-and-silver.jpg 600w, https:\/\/www.artestar.eu\/wp-content\/uploads\/2023\/06\/stainless-steel-earring-accessories-earring-hook-gold-and-silver-300x300.jpg 300w, https:\/\/www.artestar.eu\/wp-content\/uploads\/2023\/06\/stainless-steel-earring-accessories-earring-hook-gold-and-silver-150x150.jpg 150w, https:\/\/www.artestar.eu\/wp-content\/uploads\/2023\/06\/stainless-steel-earring-accessories-earring-hook-gold-and-silver-450x450.jpg 450w, https:\/\/www.artestar.eu\/wp-content\/uploads\/2023\/06\/stainless-steel-earring-accessories-earring-hook-gold-and-silver-54x54.jpg 54w\" sizes=\"(max-width: 600px) 100vw, 600px\" \/><\/p>\n<h5>Ohrringhaken aus Stahl<\/h5>\n<ul>\n<li>Der Prozess der Schmuckherstellung ist einfach und macht Spa\u00df, also lassen Sie Ihr Telefon in Ihrer Freizeit, lassen Sie Ihrer Fantasie freien Lauf und haben Sie Spa\u00df beim Heimwerken.<\/li>\n<li>Diese filigranen DIY-Artikel eignen sich hervorragend als Geschenk f\u00fcr bastelbegeisterte Freunde und Familie und dienen zu vielen Anl\u00e4ssen. Wie Hochzeiten, Thanksgiving, Weihnachten, Geburtstagsfeiern, Abschlussfeiern und vieles mehr. Es ist nicht nur ein sch\u00f6nes Geschenk, sondern auch eine wunderbare Botschaft der Zuneigung und Liebe.<\/li>\n<\/ul>\n","protected":false},"excerpt":{"rendered":"<ul>\n<li>Material: Edelstahl<\/li>\n<li>L\u00e4nge: ca. 20 Millimeter ; Breite: ca. 19 Millimeter<\/li>\n<li>Menge in jeder Packung: 125 Stk.<\/li>\n<li>Klassisches Edelstahl-Mode-Ohrring-Accessoire<\/li>\n<\/ul>\n","protected":false},"featured_media":12648,"comment_status":"open","ping_status":"closed","template":"","meta":[],"product_cat":[1670,1669],"product_tag":[],"yoast_head":"<!-- This site is optimized with the Yoast SEO Premium plugin v20.5 (Yoast SEO v21.5) - https:\/\/yoast.com\/wordpress\/plugins\/seo\/ -->\n<title>Haken f\u00fcr Stahlohrringe - Artestar<\/title>\n<meta name=\"description\" content=\"Ohrringhaken aus Stahl: ein modisches Accessoire mit pers\u00f6nlicher Note, das sich jedem Anlass und Stil anpasst. Zubeh\u00f6r f\u00fcr Ohrringe.\" \/>\n<meta name=\"robots\" content=\"index, follow, max-snippet:-1, max-image-preview:large, max-video-preview:-1\" \/>\n<link rel=\"canonical\" href=\"https:\/\/www.artestar.eu\/de\/gro\u00dfhandel\/stahl-ohrring-haken\/\" \/>\n<meta property=\"og:locale\" content=\"de_DE\" \/>\n<meta property=\"og:type\" content=\"article\" \/>\n<meta property=\"og:title\" content=\"Haken f\u00fcr Stahlohrringe 125 Stk.\" \/>\n<meta property=\"og:description\" content=\"Ohrringhaken aus Stahl: ein modisches Accessoire mit pers\u00f6nlicher Note, das sich jedem Anlass und Stil anpasst. Zubeh\u00f6r f\u00fcr Ohrringe.\" \/>\n<meta property=\"og:url\" content=\"https:\/\/www.artestar.eu\/de\/gro\u00dfhandel\/stahl-ohrring-haken\/\" \/>\n<meta property=\"og:site_name\" content=\"Artestar\" \/>\n<meta property=\"article:publisher\" content=\"https:\/\/www.facebook.com\/ARTESTAREU\" \/>\n<meta property=\"article:modified_time\" content=\"2023-10-25T03:39:43+00:00\" \/>\n<meta property=\"og:image\" content=\"https:\/\/www.artestar.eu\/wp-content\/uploads\/2023\/06\/stainless-steel-earring-accessories-silver-earring-hook.jpg\" \/>\n\t<meta property=\"og:image:width\" content=\"600\" \/>\n\t<meta property=\"og:image:height\" content=\"600\" \/>\n\t<meta property=\"og:image:type\" content=\"image\/jpeg\" \/>\n<meta name=\"twitter:card\" content=\"summary_large_image\" \/>\n<meta name=\"twitter:label1\" content=\"Preis\" \/>\n\t<meta name=\"twitter:data1\" content=\"1,16&nbsp;&euro; (Ohne MwSt)\" \/>\n\t<meta name=\"twitter:label2\" content=\"Availability\" \/>\n\t<meta name=\"twitter:data2\" content=\"Auf Lager\" \/>\n<script type=\"application\/ld+json\" class=\"yoast-schema-graph\">{\"@context\":\"https:\/\/schema.org\",\"@graph\":[{\"@type\":\"WebPage\",\"@id\":\"https:\/\/www.artestar.eu\/de\/gro\u00dfhandel\/stahl-ohrring-haken\/\",\"url\":\"https:\/\/www.artestar.eu\/de\/gro\u00dfhandel\/stahl-ohrring-haken\/\",\"name\":\"Haken f\u00fcr Stahlohrringe - Artestar\",\"isPartOf\":{\"@id\":\"https:\/\/www.artestar.eu\/de\/#website\"},\"datePublished\":\"2023-06-02T02:44:26+00:00\",\"dateModified\":\"2023-10-25T03:39:43+00:00\",\"description\":\"Ohrringhaken aus Stahl: ein modisches Accessoire mit pers\u00f6nlicher Note, das sich jedem Anlass und Stil anpasst. Zubeh\u00f6r f\u00fcr Ohrringe.\",\"breadcrumb\":{\"@id\":\"https:\/\/www.artestar.eu\/de\/gro\u00dfhandel\/stahl-ohrring-haken\/#breadcrumb\"},\"inLanguage\":\"de-DE\",\"potentialAction\":[{\"@type\":\"ReadAction\",\"target\":[\"https:\/\/www.artestar.eu\/de\/gro\u00dfhandel\/stahl-ohrring-haken\/\"]}]},{\"@type\":\"BreadcrumbList\",\"@id\":\"https:\/\/www.artestar.eu\/de\/gro\u00dfhandel\/stahl-ohrring-haken\/#breadcrumb\",\"itemListElement\":[{\"@type\":\"ListItem\",\"position\":1,\"name\":\"Artestar\",\"item\":\"https:\/\/www.artestar.eu\/de\/\"},{\"@type\":\"ListItem\",\"position\":2,\"name\":\"Gro\u00dfhandel\",\"item\":\"https:\/\/www.artestar.eu\/de\/grosshandel\/\"},{\"@type\":\"ListItem\",\"position\":3,\"name\":\"Haken f\u00fcr Stahlohrringe 125 Stk.\"}]},{\"@type\":\"WebSite\",\"@id\":\"https:\/\/www.artestar.eu\/de\/#website\",\"url\":\"https:\/\/www.artestar.eu\/de\/\",\"name\":\"Artestar\",\"description\":\"Mayorista en abalorios y joyer\u00eda\",\"publisher\":{\"@id\":\"https:\/\/www.artestar.eu\/de\/#organization\"},\"alternateName\":\"Artestar-EU\",\"potentialAction\":[{\"@type\":\"SearchAction\",\"target\":{\"@type\":\"EntryPoint\",\"urlTemplate\":\"https:\/\/www.artestar.eu\/de\/?s={search_term_string}\"},\"query-input\":\"required name=search_term_string\"}],\"inLanguage\":\"de-DE\"},{\"@type\":[\"Organization\",\"Place\"],\"@id\":\"https:\/\/www.artestar.eu\/de\/#organization\",\"name\":\"RUBY ABALORIO S.L.\",\"alternateName\":\"Artestar\",\"url\":\"https:\/\/www.artestar.eu\/de\/\",\"logo\":{\"@id\":\"https:\/\/www.artestar.eu\/de\/gro\u00dfhandel\/stahl-ohrring-haken\/#local-main-organization-logo\"},\"image\":{\"@id\":\"https:\/\/www.artestar.eu\/de\/gro\u00dfhandel\/stahl-ohrring-haken\/#local-main-organization-logo\"},\"sameAs\":[\"https:\/\/www.facebook.com\/ARTESTAREU\",\"https:\/\/www.instagram.com\/artestareu\/\",\"https:\/\/www.pinterest.es\/artestar_eu\/\",\"https:\/\/www.tiktok.com\/@artestar_wholesale\"],\"openingHoursSpecification\":[{\"@type\":\"OpeningHoursSpecification\",\"dayOfWeek\":[\"Monday\",\"Tuesday\",\"Wednesday\",\"Thursday\",\"Friday\",\"Saturday\",\"Sunday\"],\"opens\":\"09:00\",\"closes\":\"17:00\"}]},{\"@type\":\"ImageObject\",\"inLanguage\":\"de-DE\",\"@id\":\"https:\/\/www.artestar.eu\/de\/gro\u00dfhandel\/stahl-ohrring-haken\/#local-main-organization-logo\",\"url\":\"https:\/\/www.artestar.eu\/wp-content\/uploads\/2023\/05\/cropped-png.png\",\"contentUrl\":\"https:\/\/www.artestar.eu\/wp-content\/uploads\/2023\/05\/cropped-png.png\",\"width\":512,\"height\":512,\"caption\":\"RUBY ABALORIO S.L.\"}]}<\/script>\n<meta property=\"product:price:amount\" content=\"1.16\" \/>\n<meta property=\"product:price:currency\" content=\"EUR\" \/>\n<meta property=\"og:availability\" content=\"instock\" \/>\n<meta property=\"product:availability\" content=\"instock\" \/>\n<meta property=\"product:retailer_item_id\" content=\"BXG-0058\" \/>\n<meta property=\"product:condition\" content=\"new\" \/>\n<!-- \/ Yoast SEO Premium plugin. -->","yoast_head_json":{"title":"Haken f\u00fcr Stahlohrringe - Artestar","description":"Ohrringhaken aus Stahl: ein modisches Accessoire mit pers\u00f6nlicher Note, das sich jedem Anlass und Stil anpasst. Zubeh\u00f6r f\u00fcr Ohrringe.","robots":{"index":"index","follow":"follow","max-snippet":"max-snippet:-1","max-image-preview":"max-image-preview:large","max-video-preview":"max-video-preview:-1"},"canonical":"https:\/\/www.artestar.eu\/de\/gro\u00dfhandel\/stahl-ohrring-haken\/","og_locale":"de_DE","og_type":"article","og_title":"Haken f\u00fcr Stahlohrringe 125 Stk.","og_description":"Ohrringhaken aus Stahl: ein modisches Accessoire mit pers\u00f6nlicher Note, das sich jedem Anlass und Stil anpasst. Zubeh\u00f6r f\u00fcr Ohrringe.","og_url":"https:\/\/www.artestar.eu\/de\/gro\u00dfhandel\/stahl-ohrring-haken\/","og_site_name":"Artestar","article_publisher":"https:\/\/www.facebook.com\/ARTESTAREU","article_modified_time":"2023-10-25T03:39:43+00:00","og_image":[{"width":600,"height":600,"url":"https:\/\/www.artestar.eu\/wp-content\/uploads\/2023\/06\/stainless-steel-earring-accessories-silver-earring-hook.jpg","type":"image\/jpeg"}],"twitter_card":"summary_large_image","twitter_misc":{"Preis":"1,16&nbsp;&euro; (Ohne MwSt)","Availability":"Auf Lager"},"schema":{"@context":"https:\/\/schema.org","@graph":[{"@type":"WebPage","@id":"https:\/\/www.artestar.eu\/de\/gro\u00dfhandel\/stahl-ohrring-haken\/","url":"https:\/\/www.artestar.eu\/de\/gro\u00dfhandel\/stahl-ohrring-haken\/","name":"Haken f\u00fcr Stahlohrringe - Artestar","isPartOf":{"@id":"https:\/\/www.artestar.eu\/de\/#website"},"datePublished":"2023-06-02T02:44:26+00:00","dateModified":"2023-10-25T03:39:43+00:00","description":"Ohrringhaken aus Stahl: ein modisches Accessoire mit pers\u00f6nlicher Note, das sich jedem Anlass und Stil anpasst. Zubeh\u00f6r f\u00fcr Ohrringe.","breadcrumb":{"@id":"https:\/\/www.artestar.eu\/de\/gro\u00dfhandel\/stahl-ohrring-haken\/#breadcrumb"},"inLanguage":"de-DE","potentialAction":[{"@type":"ReadAction","target":["https:\/\/www.artestar.eu\/de\/gro\u00dfhandel\/stahl-ohrring-haken\/"]}]},{"@type":"BreadcrumbList","@id":"https:\/\/www.artestar.eu\/de\/gro\u00dfhandel\/stahl-ohrring-haken\/#breadcrumb","itemListElement":[{"@type":"ListItem","position":1,"name":"Artestar","item":"https:\/\/www.artestar.eu\/de\/"},{"@type":"ListItem","position":2,"name":"Gro\u00dfhandel","item":"https:\/\/www.artestar.eu\/de\/grosshandel\/"},{"@type":"ListItem","position":3,"name":"Haken f\u00fcr Stahlohrringe 125 Stk."}]},{"@type":"WebSite","@id":"https:\/\/www.artestar.eu\/de\/#website","url":"https:\/\/www.artestar.eu\/de\/","name":"Artestar","description":"Mayorista en abalorios y joyer\u00eda","publisher":{"@id":"https:\/\/www.artestar.eu\/de\/#organization"},"alternateName":"Artestar-EU","potentialAction":[{"@type":"SearchAction","target":{"@type":"EntryPoint","urlTemplate":"https:\/\/www.artestar.eu\/de\/?s={search_term_string}"},"query-input":"required name=search_term_string"}],"inLanguage":"de-DE"},{"@type":["Organization","Place"],"@id":"https:\/\/www.artestar.eu\/de\/#organization","name":"RUBY ABALORIO S.L.","alternateName":"Artestar","url":"https:\/\/www.artestar.eu\/de\/","logo":{"@id":"https:\/\/www.artestar.eu\/de\/gro\u00dfhandel\/stahl-ohrring-haken\/#local-main-organization-logo"},"image":{"@id":"https:\/\/www.artestar.eu\/de\/gro\u00dfhandel\/stahl-ohrring-haken\/#local-main-organization-logo"},"sameAs":["https:\/\/www.facebook.com\/ARTESTAREU","https:\/\/www.instagram.com\/artestareu\/","https:\/\/www.pinterest.es\/artestar_eu\/","https:\/\/www.tiktok.com\/@artestar_wholesale"],"openingHoursSpecification":[{"@type":"OpeningHoursSpecification","dayOfWeek":["Monday","Tuesday","Wednesday","Thursday","Friday","Saturday","Sunday"],"opens":"09:00","closes":"17:00"}]},{"@type":"ImageObject","inLanguage":"de-DE","@id":"https:\/\/www.artestar.eu\/de\/gro\u00dfhandel\/stahl-ohrring-haken\/#local-main-organization-logo","url":"https:\/\/www.artestar.eu\/wp-content\/uploads\/2023\/05\/cropped-png.png","contentUrl":"https:\/\/www.artestar.eu\/wp-content\/uploads\/2023\/05\/cropped-png.png","width":512,"height":512,"caption":"RUBY ABALORIO S.L."}]},"product_price_amount":"1.16","product_price_currency":"EUR","og_availability":"instock","product_availability":"instock","product_retailer_item_id":"BXG-0058","product_condition":"new"},"tiered_pricing_type":"percentage","tiered_pricing_fixed_rules":{"5":"10"},"tiered_pricing_percentage_rules":[],"tiered_pricing_minimum":null,"_administrator_tiered_pricing_type":"fixed","_administrator_tiered_pricing_fixed_rules":[],"_editor_tiered_pricing_type":"fixed","_editor_tiered_pricing_fixed_rules":[],"_author_tiered_pricing_type":"fixed","_author_tiered_pricing_fixed_rules":[],"_contributor_tiered_pricing_type":"fixed","_contributor_tiered_pricing_fixed_rules":[],"_subscriber_tiered_pricing_type":"fixed","_subscriber_tiered_pricing_fixed_rules":[],"_wpseo_manager_tiered_pricing_type":"fixed","_wpseo_manager_tiered_pricing_fixed_rules":[],"_wpseo_editor_tiered_pricing_type":"fixed","_wpseo_editor_tiered_pricing_fixed_rules":[],"_customer_tiered_pricing_type":"fixed","_customer_tiered_pricing_fixed_rules":[],"_shop_manager_tiered_pricing_type":"fixed","_shop_manager_tiered_pricing_fixed_rules":[],"_product_manager_tiered_pricing_type":"fixed","_product_manager_tiered_pricing_fixed_rules":[],"_links":{"self":[{"href":"https:\/\/www.artestar.eu\/de\/wp-json\/wp\/v2\/product\/27344"}],"collection":[{"href":"https:\/\/www.artestar.eu\/de\/wp-json\/wp\/v2\/product"}],"about":[{"href":"https:\/\/www.artestar.eu\/de\/wp-json\/wp\/v2\/types\/product"}],"replies":[{"embeddable":true,"href":"https:\/\/www.artestar.eu\/de\/wp-json\/wp\/v2\/comments?post=27344"}],"version-history":[{"count":2,"href":"https:\/\/www.artestar.eu\/de\/wp-json\/wp\/v2\/product\/27344\/revisions"}],"predecessor-version":[{"id":37155,"href":"https:\/\/www.artestar.eu\/de\/wp-json\/wp\/v2\/product\/27344\/revisions\/37155"}],"wp:featuredmedia":[{"embeddable":true,"href":"https:\/\/www.artestar.eu\/de\/wp-json\/wp\/v2\/media\/12648"}],"wp:attachment":[{"href":"https:\/\/www.artestar.eu\/de\/wp-json\/wp\/v2\/media?parent=27344"}],"wp:term":[{"taxonomy":"product_cat","embeddable":true,"href":"https:\/\/www.artestar.eu\/de\/wp-json\/wp\/v2\/product_cat?post=27344"},{"taxonomy":"product_tag","embeddable":true,"href":"https:\/\/www.artestar.eu\/de\/wp-json\/wp\/v2\/product_tag?post=27344"}],"curies":[{"name":"wp","href":"https:\/\/api.w.org\/{rel}","templated":true}]}}