{"id":27349,"date":"2023-06-13T05:36:41","date_gmt":"2023-06-13T05:36:41","guid":{"rendered":"https:\/\/www.artestar.eu\/al-por-mayor\/cuentas-de-concha-de-labio-negro-trebol\/"},"modified":"2023-10-17T06:19:02","modified_gmt":"2023-10-17T06:19:02","slug":"schwarze-lippe-muschel-perlen-klee","status":"publish","type":"product","link":"https:\/\/www.artestar.eu\/de\/gro\u00dfhandel\/schwarze-lippe-muschel-perlen-klee\/","title":{"rendered":"Schwarze Kleeblatt-Lippenperlen"},"content":{"rendered":"<p>Die kleeschwarzen Lippenperlen sind insgesamt silbergrau mit schillernden Highlights, sie haben ein glattes und langlebiges Finish.<\/p>\n<h5>Charaktereigenschaften:<\/h5>\n<ul>\n<li>Gr\u00f6\u00dfe: Weil kleeschwarze Lippenperlen in verschiedenen Gr\u00f6\u00dfen erh\u00e4ltlich sind. 10 mm, 12 mm, 15 mm. Genug, um Ihren verschiedenen Bed\u00fcrfnissen gerecht zu werden.<\/li>\n<li>Nat\u00fcrliche schwarze Lippenmuschelperlen k\u00f6nnen mit Ohrringhaken kombiniert werden, um sch\u00f6ne Ohrringe, andere kreative Schmuckhandwerke, Halsketten und Armb\u00e4nder usw. zu kreieren.<\/li>\n<li>Sie k\u00f6nnen auch f\u00fcr Zifferbl\u00e4tter, edlen Schmuck, Luxusmesser, Lampen, Wandmalereien, Wohnkultur und Hochzeiten verwendet werden.<\/li>\n<li>Als Symbol f\u00fcr Gl\u00fcck und gute W\u00fcnsche. Perlmuttschmuck ist das perfekte Geschenk f\u00fcr Geburtstage, Jubil\u00e4en, Weihnachten, Muttertag und Valentinstag.<\/li>\n<li>Schwarze Lippenschalen sind ein nat\u00fcrliches Nebenprodukt, das verarbeitet werden kann. Leicht zuschneiden und formen, um eine Vielzahl sch\u00f6ner Produkte zu schaffen. Eine Vielzahl von charakteristischen Formen steht Ihnen zur Auswahl.<\/li>\n<li>Perlmutt vermittelt ein Gef\u00fchl von Leichtigkeit und St\u00e4rke. Es hilft Ihnen, sich an Ihr wahres Selbst zu erinnern und gibt Ihnen eine gesunde Portion Selbstvertrauen, wenn Sie es brauchen.<\/li>\n<\/ul>\n<h6>Warnung:<\/h6>\n<ul>\n<li>Aufgrund der unterschiedlichen Anzeigeger\u00e4te sind leichte Farbabweichungen erlaubt.<\/li>\n<li>Kinder unter drei Jahren sollten den Kontakt mit dem Produkt aufgrund der Erstickungsgefahr vermeiden.<\/li>\n<li>Beim Tragen von Perlmuttschmuck wird empfohlen, ihn nicht Chemikalien wie Parf\u00fcms, Duschgels und Reinigungsmitteln auszusetzen, da diese die nat\u00fcrliche Farbe des Perlmutts ver\u00e4ndern oder sogar besch\u00e4digen k\u00f6nnen. Um Perlmutt zu reinigen, wischen Sie es einfach mit einem weichen Tuch oder Mikrofasertuch ab.<\/li>\n<\/ul>\n","protected":false},"excerpt":{"rendered":"<p><img decoding=\"async\" class=\"alignnone wp-image-8584 size-full\" src=\"https:\/\/www.artestar.eu%E2%80%8B%E2%80%8B%E2%80%8B%E2%80%8B\/wp-content\/uploads\/2023\/06\/clover-black-lip-shell-beads-size-10-15mm-3.jpg\" alt=\"Schwarzklee-Lippen-Muschelperlen Gr\u00f6\u00dfe\" width=\"1000\" height=\"180\" srcset=\"https:\/\/www.artestar.eu\/wp-content\/uploads\/2023\/06\/clover-black-lip-shell-beads-size-10-15mm-3.jpg 1000w, https:\/\/www.artestar.eu\/wp-content\/uploads\/2023\/06\/clover-black-lip-shell-beads-size-10-15mm-3-300x54.jpg 300w, https:\/\/www.artestar.eu\/wp-content\/uploads\/2023\/06\/clover-black-lip-shell-beads-size-10-15mm-3-768x138.jpg 768w, https:\/\/www.artestar.eu\/wp-content\/uploads\/2023\/06\/clover-black-lip-shell-beads-size-10-15mm-3-600x108.jpg 600w, https:\/\/www.artestar.eu\/wp-content\/uploads\/2023\/06\/clover-black-lip-shell-beads-size-10-15mm-3-90x16.jpg 90w\" sizes=\"(max-width: 1000px) 100vw, 1000px\" \/>Ungef\u00e4hrer Betrag<\/p>\n<ul>\n<li>Die Farben des Regenbogens sind einzigartig und ver\u00e4ndern sich mit dem Licht<\/li>\n<li>Wird zur Herstellung von Halsketten, Armb\u00e4ndern und anderem Schmuck verwendet<\/li>\n<\/ul>\n","protected":false},"featured_media":37491,"comment_status":"open","ping_status":"closed","template":"","meta":[],"product_cat":[1689,1690,1492],"product_tag":[],"yoast_head":"<!-- This site is optimized with the Yoast SEO Premium plugin v20.5 (Yoast SEO v21.5) - https:\/\/yoast.com\/wordpress\/plugins\/seo\/ -->\n<title>Black Lip Shell Perlen Klee - Artestar<\/title>\n<meta name=\"description\" content=\"Die kleeschwarzen Lippenperlen sind insgesamt silbergrau mit schillernden Highlights, sie haben ein glattes und langlebiges Finish.\" \/>\n<meta name=\"robots\" content=\"index, follow, max-snippet:-1, max-image-preview:large, max-video-preview:-1\" \/>\n<link rel=\"canonical\" href=\"https:\/\/www.artestar.eu\/de\/gro\u00dfhandel\/schwarze-lippe-muschel-perlen-klee\/\" \/>\n<meta property=\"og:locale\" content=\"de_DE\" \/>\n<meta property=\"og:type\" content=\"article\" \/>\n<meta property=\"og:title\" content=\"Schwarze Kleeblatt-Lippenperlen\" \/>\n<meta property=\"og:description\" content=\"Die kleeschwarzen Lippenperlen sind insgesamt silbergrau mit schillernden Highlights, sie haben ein glattes und langlebiges Finish.\" \/>\n<meta property=\"og:url\" content=\"https:\/\/www.artestar.eu\/de\/gro\u00dfhandel\/schwarze-lippe-muschel-perlen-klee\/\" \/>\n<meta property=\"og:site_name\" content=\"Artestar\" \/>\n<meta property=\"article:publisher\" content=\"https:\/\/www.facebook.com\/ARTESTAREU\" \/>\n<meta property=\"article:modified_time\" content=\"2023-10-17T06:19:02+00:00\" \/>\n<meta property=\"og:image\" content=\"https:\/\/www.artestar.eu\/wp-content\/uploads\/2023\/06\/clover-black-lip-shell-beads.jpg\" \/>\n\t<meta property=\"og:image:width\" content=\"600\" \/>\n\t<meta property=\"og:image:height\" content=\"600\" \/>\n\t<meta property=\"og:image:type\" content=\"image\/jpeg\" \/>\n<meta name=\"twitter:card\" content=\"summary_large_image\" \/>\n<meta name=\"twitter:label1\" content=\"Availability\" \/>\n\t<meta name=\"twitter:data1\" content=\"Auf Lager\" \/>\n<script type=\"application\/ld+json\" class=\"yoast-schema-graph\">{\"@context\":\"https:\/\/schema.org\",\"@graph\":[{\"@type\":\"WebPage\",\"@id\":\"https:\/\/www.artestar.eu\/de\/gro\u00dfhandel\/schwarze-lippe-muschel-perlen-klee\/\",\"url\":\"https:\/\/www.artestar.eu\/de\/gro\u00dfhandel\/schwarze-lippe-muschel-perlen-klee\/\",\"name\":\"Black Lip Shell Perlen Klee - Artestar\",\"isPartOf\":{\"@id\":\"https:\/\/www.artestar.eu\/de\/#website\"},\"datePublished\":\"2023-06-13T05:36:41+00:00\",\"dateModified\":\"2023-10-17T06:19:02+00:00\",\"description\":\"Die kleeschwarzen Lippenperlen sind insgesamt silbergrau mit schillernden Highlights, sie haben ein glattes und langlebiges Finish.\",\"breadcrumb\":{\"@id\":\"https:\/\/www.artestar.eu\/de\/gro\u00dfhandel\/schwarze-lippe-muschel-perlen-klee\/#breadcrumb\"},\"inLanguage\":\"de-DE\",\"potentialAction\":[{\"@type\":\"ReadAction\",\"target\":[\"https:\/\/www.artestar.eu\/de\/gro\u00dfhandel\/schwarze-lippe-muschel-perlen-klee\/\"]}]},{\"@type\":\"BreadcrumbList\",\"@id\":\"https:\/\/www.artestar.eu\/de\/gro\u00dfhandel\/schwarze-lippe-muschel-perlen-klee\/#breadcrumb\",\"itemListElement\":[{\"@type\":\"ListItem\",\"position\":1,\"name\":\"Artestar\",\"item\":\"https:\/\/www.artestar.eu\/de\/\"},{\"@type\":\"ListItem\",\"position\":2,\"name\":\"Gro\u00dfhandel\",\"item\":\"https:\/\/www.artestar.eu\/de\/grosshandel\/\"},{\"@type\":\"ListItem\",\"position\":3,\"name\":\"Schwarze Kleeblatt-Lippenperlen\"}]},{\"@type\":\"WebSite\",\"@id\":\"https:\/\/www.artestar.eu\/de\/#website\",\"url\":\"https:\/\/www.artestar.eu\/de\/\",\"name\":\"Artestar\",\"description\":\"Mayorista en abalorios y joyer\u00eda\",\"publisher\":{\"@id\":\"https:\/\/www.artestar.eu\/de\/#organization\"},\"alternateName\":\"Artestar-EU\",\"potentialAction\":[{\"@type\":\"SearchAction\",\"target\":{\"@type\":\"EntryPoint\",\"urlTemplate\":\"https:\/\/www.artestar.eu\/de\/?s={search_term_string}\"},\"query-input\":\"required name=search_term_string\"}],\"inLanguage\":\"de-DE\"},{\"@type\":[\"Organization\",\"Place\"],\"@id\":\"https:\/\/www.artestar.eu\/de\/#organization\",\"name\":\"RUBY ABALORIO S.L.\",\"alternateName\":\"Artestar\",\"url\":\"https:\/\/www.artestar.eu\/de\/\",\"logo\":{\"@id\":\"https:\/\/www.artestar.eu\/de\/gro\u00dfhandel\/schwarze-lippe-muschel-perlen-klee\/#local-main-organization-logo\"},\"image\":{\"@id\":\"https:\/\/www.artestar.eu\/de\/gro\u00dfhandel\/schwarze-lippe-muschel-perlen-klee\/#local-main-organization-logo\"},\"sameAs\":[\"https:\/\/www.facebook.com\/ARTESTAREU\",\"https:\/\/www.instagram.com\/artestareu\/\",\"https:\/\/www.pinterest.es\/artestar_eu\/\",\"https:\/\/www.tiktok.com\/@artestar_wholesale\"],\"openingHoursSpecification\":[{\"@type\":\"OpeningHoursSpecification\",\"dayOfWeek\":[\"Monday\",\"Tuesday\",\"Wednesday\",\"Thursday\",\"Friday\",\"Saturday\",\"Sunday\"],\"opens\":\"09:00\",\"closes\":\"17:00\"}]},{\"@type\":\"ImageObject\",\"inLanguage\":\"de-DE\",\"@id\":\"https:\/\/www.artestar.eu\/de\/gro\u00dfhandel\/schwarze-lippe-muschel-perlen-klee\/#local-main-organization-logo\",\"url\":\"https:\/\/www.artestar.eu\/wp-content\/uploads\/2023\/05\/cropped-png.png\",\"contentUrl\":\"https:\/\/www.artestar.eu\/wp-content\/uploads\/2023\/05\/cropped-png.png\",\"width\":512,\"height\":512,\"caption\":\"RUBY ABALORIO S.L.\"}]}<\/script>\n<meta property=\"og:availability\" content=\"instock\" \/>\n<meta property=\"product:availability\" content=\"instock\" \/>\n<meta property=\"product:retailer_item_id\" content=\"BK-MS-0001-0003\" \/>\n<meta property=\"product:condition\" content=\"new\" \/>\n<!-- \/ Yoast SEO Premium plugin. -->","yoast_head_json":{"title":"Black Lip Shell Perlen Klee - Artestar","description":"Die kleeschwarzen Lippenperlen sind insgesamt silbergrau mit schillernden Highlights, sie haben ein glattes und langlebiges Finish.","robots":{"index":"index","follow":"follow","max-snippet":"max-snippet:-1","max-image-preview":"max-image-preview:large","max-video-preview":"max-video-preview:-1"},"canonical":"https:\/\/www.artestar.eu\/de\/gro\u00dfhandel\/schwarze-lippe-muschel-perlen-klee\/","og_locale":"de_DE","og_type":"article","og_title":"Schwarze Kleeblatt-Lippenperlen","og_description":"Die kleeschwarzen Lippenperlen sind insgesamt silbergrau mit schillernden Highlights, sie haben ein glattes und langlebiges Finish.","og_url":"https:\/\/www.artestar.eu\/de\/gro\u00dfhandel\/schwarze-lippe-muschel-perlen-klee\/","og_site_name":"Artestar","article_publisher":"https:\/\/www.facebook.com\/ARTESTAREU","article_modified_time":"2023-10-17T06:19:02+00:00","og_image":[{"width":600,"height":600,"url":"https:\/\/www.artestar.eu\/wp-content\/uploads\/2023\/06\/clover-black-lip-shell-beads.jpg","type":"image\/jpeg"}],"twitter_card":"summary_large_image","twitter_misc":{"Availability":"Auf Lager"},"schema":{"@context":"https:\/\/schema.org","@graph":[{"@type":"WebPage","@id":"https:\/\/www.artestar.eu\/de\/gro\u00dfhandel\/schwarze-lippe-muschel-perlen-klee\/","url":"https:\/\/www.artestar.eu\/de\/gro\u00dfhandel\/schwarze-lippe-muschel-perlen-klee\/","name":"Black Lip Shell Perlen Klee - Artestar","isPartOf":{"@id":"https:\/\/www.artestar.eu\/de\/#website"},"datePublished":"2023-06-13T05:36:41+00:00","dateModified":"2023-10-17T06:19:02+00:00","description":"Die kleeschwarzen Lippenperlen sind insgesamt silbergrau mit schillernden Highlights, sie haben ein glattes und langlebiges Finish.","breadcrumb":{"@id":"https:\/\/www.artestar.eu\/de\/gro\u00dfhandel\/schwarze-lippe-muschel-perlen-klee\/#breadcrumb"},"inLanguage":"de-DE","potentialAction":[{"@type":"ReadAction","target":["https:\/\/www.artestar.eu\/de\/gro\u00dfhandel\/schwarze-lippe-muschel-perlen-klee\/"]}]},{"@type":"BreadcrumbList","@id":"https:\/\/www.artestar.eu\/de\/gro\u00dfhandel\/schwarze-lippe-muschel-perlen-klee\/#breadcrumb","itemListElement":[{"@type":"ListItem","position":1,"name":"Artestar","item":"https:\/\/www.artestar.eu\/de\/"},{"@type":"ListItem","position":2,"name":"Gro\u00dfhandel","item":"https:\/\/www.artestar.eu\/de\/grosshandel\/"},{"@type":"ListItem","position":3,"name":"Schwarze Kleeblatt-Lippenperlen"}]},{"@type":"WebSite","@id":"https:\/\/www.artestar.eu\/de\/#website","url":"https:\/\/www.artestar.eu\/de\/","name":"Artestar","description":"Mayorista en abalorios y joyer\u00eda","publisher":{"@id":"https:\/\/www.artestar.eu\/de\/#organization"},"alternateName":"Artestar-EU","potentialAction":[{"@type":"SearchAction","target":{"@type":"EntryPoint","urlTemplate":"https:\/\/www.artestar.eu\/de\/?s={search_term_string}"},"query-input":"required name=search_term_string"}],"inLanguage":"de-DE"},{"@type":["Organization","Place"],"@id":"https:\/\/www.artestar.eu\/de\/#organization","name":"RUBY ABALORIO S.L.","alternateName":"Artestar","url":"https:\/\/www.artestar.eu\/de\/","logo":{"@id":"https:\/\/www.artestar.eu\/de\/gro\u00dfhandel\/schwarze-lippe-muschel-perlen-klee\/#local-main-organization-logo"},"image":{"@id":"https:\/\/www.artestar.eu\/de\/gro\u00dfhandel\/schwarze-lippe-muschel-perlen-klee\/#local-main-organization-logo"},"sameAs":["https:\/\/www.facebook.com\/ARTESTAREU","https:\/\/www.instagram.com\/artestareu\/","https:\/\/www.pinterest.es\/artestar_eu\/","https:\/\/www.tiktok.com\/@artestar_wholesale"],"openingHoursSpecification":[{"@type":"OpeningHoursSpecification","dayOfWeek":["Monday","Tuesday","Wednesday","Thursday","Friday","Saturday","Sunday"],"opens":"09:00","closes":"17:00"}]},{"@type":"ImageObject","inLanguage":"de-DE","@id":"https:\/\/www.artestar.eu\/de\/gro\u00dfhandel\/schwarze-lippe-muschel-perlen-klee\/#local-main-organization-logo","url":"https:\/\/www.artestar.eu\/wp-content\/uploads\/2023\/05\/cropped-png.png","contentUrl":"https:\/\/www.artestar.eu\/wp-content\/uploads\/2023\/05\/cropped-png.png","width":512,"height":512,"caption":"RUBY ABALORIO S.L."}]},"og_availability":"instock","product_availability":"instock","product_retailer_item_id":"BK-MS-0001-0003","product_condition":"new"},"tiered_pricing_type":"fixed","tiered_pricing_fixed_rules":[],"tiered_pricing_percentage_rules":[],"tiered_pricing_minimum":null,"_administrator_tiered_pricing_type":"fixed","_administrator_tiered_pricing_fixed_rules":[],"_editor_tiered_pricing_type":"fixed","_editor_tiered_pricing_fixed_rules":[],"_author_tiered_pricing_type":"fixed","_author_tiered_pricing_fixed_rules":[],"_contributor_tiered_pricing_type":"fixed","_contributor_tiered_pricing_fixed_rules":[],"_subscriber_tiered_pricing_type":"fixed","_subscriber_tiered_pricing_fixed_rules":[],"_wpseo_manager_tiered_pricing_type":"fixed","_wpseo_manager_tiered_pricing_fixed_rules":[],"_wpseo_editor_tiered_pricing_type":"fixed","_wpseo_editor_tiered_pricing_fixed_rules":[],"_customer_tiered_pricing_type":"fixed","_customer_tiered_pricing_fixed_rules":[],"_shop_manager_tiered_pricing_type":"fixed","_shop_manager_tiered_pricing_fixed_rules":[],"_product_manager_tiered_pricing_type":"fixed","_product_manager_tiered_pricing_fixed_rules":[],"_links":{"self":[{"href":"https:\/\/www.artestar.eu\/de\/wp-json\/wp\/v2\/product\/27349"}],"collection":[{"href":"https:\/\/www.artestar.eu\/de\/wp-json\/wp\/v2\/product"}],"about":[{"href":"https:\/\/www.artestar.eu\/de\/wp-json\/wp\/v2\/types\/product"}],"replies":[{"embeddable":true,"href":"https:\/\/www.artestar.eu\/de\/wp-json\/wp\/v2\/comments?post=27349"}],"version-history":[{"count":2,"href":"https:\/\/www.artestar.eu\/de\/wp-json\/wp\/v2\/product\/27349\/revisions"}],"predecessor-version":[{"id":36703,"href":"https:\/\/www.artestar.eu\/de\/wp-json\/wp\/v2\/product\/27349\/revisions\/36703"}],"wp:featuredmedia":[{"embeddable":true,"href":"https:\/\/www.artestar.eu\/de\/wp-json\/wp\/v2\/media\/37491"}],"wp:attachment":[{"href":"https:\/\/www.artestar.eu\/de\/wp-json\/wp\/v2\/media?parent=27349"}],"wp:term":[{"taxonomy":"product_cat","embeddable":true,"href":"https:\/\/www.artestar.eu\/de\/wp-json\/wp\/v2\/product_cat?post=27349"},{"taxonomy":"product_tag","embeddable":true,"href":"https:\/\/www.artestar.eu\/de\/wp-json\/wp\/v2\/product_tag?post=27349"}],"curies":[{"name":"wp","href":"https:\/\/api.w.org\/{rel}","templated":true}]}}