{"id":27685,"date":"2023-06-02T09:46:46","date_gmt":"2023-06-02T09:46:46","guid":{"rendered":"https:\/\/www.artestar.eu\/al-por-mayor\/perlas-barrocas-cultivadas-rectangulo\/"},"modified":"2023-10-26T06:00:54","modified_gmt":"2023-10-26T06:00:54","slug":"perlen-barock-kultur-rechteck","status":"publish","type":"product","link":"https:\/\/www.artestar.eu\/de\/gro\u00dfhandel\/perlen-barock-kultur-rechteck\/","title":{"rendered":"Barocke Zuchtperlen Rechteck"},"content":{"rendered":"<p>Rechteckige Zuchtperlen aus dem Barock: Nat\u00fcrliche Barockperlmuttperlen haben eine unregelm\u00e4\u00dfige und charakteristische Form. Sie k\u00f6nnen verschiedene Formen annehmen, wie z. B. unregelm\u00e4\u00dfige Unebenheiten, abgeflachte Formen oder unregelm\u00e4\u00dfige nat\u00fcrliche Konturen.<\/p>\n<ul>\n<li>Barockperlen, die zu 100 % im S\u00fc\u00dfwasser von Austern gez\u00fcchtet werden, werden wegen ihrer nat\u00fcrlichen und organischen Sch\u00f6nheit gesch\u00e4tzt. Sie zeichnen sich durch markante Formen, Oberfl\u00e4chenstrukturen und Konturen aus, die einen einzigartigen Charme und eine einzigartige Pers\u00f6nlichkeit in sich tragen. Es gibt auch eine gro\u00dfe Auswahl an Farben, wie Wei\u00df und Pink.<\/li>\n<li>Da diese Perlen aus unserer Kollektion perforierbar sind, m\u00fcssen Sie sich nicht abm\u00fchen, sie zu durchstechen. Dank ihrer einzigartigen Form bieten Barockperlen noch mehr Spielraum f\u00fcr Kreativit\u00e4t in der Schmuckgestaltung. Designer k\u00f6nnen einzigartige und individuelle St\u00fccke kreieren, die auf der Form und dem Aussehen der Perlen basieren. Daher sind Barockperlen eine einzigartige, k\u00fcnstlerische und elegante Wahl.<\/li>\n<li>Barocke S\u00fc\u00dfwasserzuchtperlen sind pr\u00e4chtige Bastelaccessoires. Diese Perlen k\u00f6nnen in einer Vielzahl von Schmuckkreationen wie Halsketten, Armb\u00e4ndern, Anh\u00e4ngern, Ohrringen und Ringen verwendet werden. Seine einzigartige Form und sein Aussehen k\u00f6nnen einem Schmuckst\u00fcck eine schicke und elegante Note verleihen.<\/li>\n<li>Ob Geburtstag, Jubil\u00e4um, Hochzeit oder ein anderer besonderer Anlass, die Schmuckst\u00fccke der Baroque Pearls-Kollektion sind ein wundersch\u00f6nes Geschenk voller Bedeutung. Sie dr\u00fccken ein besonderes Gef\u00fchl und gute W\u00fcnsche f\u00fcr den Beschenkten aus und werden zu einem zeitlosen Schatz.<\/li>\n<li>Alle nat\u00fcrlichen Zuchtperlen sind Unikate. Aufgrund der Beleuchtung und der Computereinstellungen kann das erhaltene Produkt leicht variieren, bitte lesen Sie vor dem Kauf die Gr\u00f6\u00dfen der verschiedenen Barockperlen.<\/li>\n<\/ul>\n<p><img decoding=\"async\" class=\"size-full wp-image-5246\" src=\"https:\/\/www.artestar.eu%E2%80%8B%E2%80%8B%E2%80%8B%E2%80%8B\/wp-content\/uploads\/2023\/06\/cultured-pearls-baroque-rectangle-01.jpg\" alt=\"Barocke Zuchtperlen Rechteck\" width=\"600\" height=\"600\" srcset=\"https:\/\/www.artestar.eu\/wp-content\/uploads\/2023\/06\/cultured-pearls-baroque-rectangle-01.jpg 600w, https:\/\/www.artestar.eu\/wp-content\/uploads\/2023\/06\/cultured-pearls-baroque-rectangle-01-300x300.jpg 300w, https:\/\/www.artestar.eu\/wp-content\/uploads\/2023\/06\/cultured-pearls-baroque-rectangle-01-150x150.jpg 150w, https:\/\/www.artestar.eu\/wp-content\/uploads\/2023\/06\/cultured-pearls-baroque-rectangle-01-450x450.jpg 450w, https:\/\/www.artestar.eu\/wp-content\/uploads\/2023\/06\/cultured-pearls-baroque-rectangle-01-54x54.jpg 54w\" sizes=\"(max-width: 600px) 100vw, 600px\" \/><\/p>\n<h5>Barocke Zuchtperlen Rechteck<\/h5>\n<ul>\n<li>Nat\u00fcrlich gewachsene S\u00fc\u00dfwasserperlen sollen nicht nur sch\u00f6n sein, sondern auch heilende Kr\u00e4fte haben. Sie k\u00f6nnen helfen, das Herz zu beruhigen; Befreien Sie sich von Depressionen, die durch soziale Phobie oder Panikattacken und einen niedrigen Serotoninspiegel verursacht werden.<\/li>\n<li>Verbesserung des Ged\u00e4chtnisses durch Aktivierung der Produktion von Wachstumsfaktoren in den Nervenzellen des Gehirns; und stimulieren die Produktion von Kollagen, das die Hautschicht unseres K\u00f6rpers schnell regeneriert und uns sch\u00f6n und lebendig f\u00fchlen l\u00e4sst.<\/li>\n<\/ul>\n","protected":false},"excerpt":{"rendered":"<ul>\n<li>Gr\u00f6\u00dfe: ca. 13 x 21 mm<\/li>\n<li>Menge: ca. 18 Stk.<\/li>\n<li>Material: Nat\u00fcrliche S\u00fc\u00dfwasserzuchtperlen<\/li>\n<li>Wird zur Herstellung von Halsketten, Armb\u00e4ndern und anderem Schmuck verwendet<\/li>\n<\/ul>\n<p>&nbsp;<\/p>\n","protected":false},"featured_media":12768,"comment_status":"open","ping_status":"closed","template":"","meta":[],"product_cat":[1492,1514,1994],"product_tag":[],"yoast_head":"<!-- This site is optimized with the Yoast SEO Premium plugin v20.5 (Yoast SEO v21.5) - https:\/\/yoast.com\/wordpress\/plugins\/seo\/ -->\n<title>Barocke Zuchtperlen Rechteck - Artestar<\/title>\n<meta name=\"description\" content=\"Barocke S\u00fc\u00dfwasserzuchtperlen eignen sich hervorragend als Bastelzubeh\u00f6r. Alle nat\u00fcrlichen Zuchtperlen sind Unikate.\" \/>\n<meta name=\"robots\" content=\"index, follow, max-snippet:-1, max-image-preview:large, max-video-preview:-1\" \/>\n<link rel=\"canonical\" href=\"https:\/\/www.artestar.eu\/de\/gro\u00dfhandel\/perlen-barock-kultur-rechteck\/\" \/>\n<meta property=\"og:locale\" content=\"de_DE\" \/>\n<meta property=\"og:type\" content=\"article\" \/>\n<meta property=\"og:title\" content=\"Barocke Zuchtperlen Rechteck\" \/>\n<meta property=\"og:description\" content=\"Barocke S\u00fc\u00dfwasserzuchtperlen eignen sich hervorragend als Bastelzubeh\u00f6r. Alle nat\u00fcrlichen Zuchtperlen sind Unikate.\" \/>\n<meta property=\"og:url\" content=\"https:\/\/www.artestar.eu\/de\/gro\u00dfhandel\/perlen-barock-kultur-rechteck\/\" \/>\n<meta property=\"og:site_name\" content=\"Artestar\" \/>\n<meta property=\"article:publisher\" content=\"https:\/\/www.facebook.com\/ARTESTAREU\" \/>\n<meta property=\"article:modified_time\" content=\"2023-10-26T06:00:54+00:00\" \/>\n<meta property=\"og:image\" content=\"https:\/\/www.artestar.eu\/wp-content\/uploads\/2023\/06\/cultured-pearls-baroque-rectangle.jpg\" \/>\n\t<meta property=\"og:image:width\" content=\"600\" \/>\n\t<meta property=\"og:image:height\" content=\"600\" \/>\n\t<meta property=\"og:image:type\" content=\"image\/jpeg\" \/>\n<meta name=\"twitter:card\" content=\"summary_large_image\" \/>\n<meta name=\"twitter:label1\" content=\"Preis\" \/>\n\t<meta name=\"twitter:data1\" content=\"13,99&nbsp;&euro; (Ohne MwSt)\" \/>\n\t<meta name=\"twitter:label2\" content=\"Availability\" \/>\n\t<meta name=\"twitter:data2\" content=\"Auf Lager\" \/>\n<script type=\"application\/ld+json\" class=\"yoast-schema-graph\">{\"@context\":\"https:\/\/schema.org\",\"@graph\":[{\"@type\":\"WebPage\",\"@id\":\"https:\/\/www.artestar.eu\/de\/gro\u00dfhandel\/perlen-barock-kultur-rechteck\/\",\"url\":\"https:\/\/www.artestar.eu\/de\/gro\u00dfhandel\/perlen-barock-kultur-rechteck\/\",\"name\":\"Barocke Zuchtperlen Rechteck - Artestar\",\"isPartOf\":{\"@id\":\"https:\/\/www.artestar.eu\/de\/#website\"},\"datePublished\":\"2023-06-02T09:46:46+00:00\",\"dateModified\":\"2023-10-26T06:00:54+00:00\",\"description\":\"Barocke S\u00fc\u00dfwasserzuchtperlen eignen sich hervorragend als Bastelzubeh\u00f6r. Alle nat\u00fcrlichen Zuchtperlen sind Unikate.\",\"breadcrumb\":{\"@id\":\"https:\/\/www.artestar.eu\/de\/gro\u00dfhandel\/perlen-barock-kultur-rechteck\/#breadcrumb\"},\"inLanguage\":\"de-DE\",\"potentialAction\":[{\"@type\":\"ReadAction\",\"target\":[\"https:\/\/www.artestar.eu\/de\/gro\u00dfhandel\/perlen-barock-kultur-rechteck\/\"]}]},{\"@type\":\"BreadcrumbList\",\"@id\":\"https:\/\/www.artestar.eu\/de\/gro\u00dfhandel\/perlen-barock-kultur-rechteck\/#breadcrumb\",\"itemListElement\":[{\"@type\":\"ListItem\",\"position\":1,\"name\":\"Artestar\",\"item\":\"https:\/\/www.artestar.eu\/de\/\"},{\"@type\":\"ListItem\",\"position\":2,\"name\":\"Gro\u00dfhandel\",\"item\":\"https:\/\/www.artestar.eu\/de\/grosshandel\/\"},{\"@type\":\"ListItem\",\"position\":3,\"name\":\"Barocke Zuchtperlen Rechteck\"}]},{\"@type\":\"WebSite\",\"@id\":\"https:\/\/www.artestar.eu\/de\/#website\",\"url\":\"https:\/\/www.artestar.eu\/de\/\",\"name\":\"Artestar\",\"description\":\"Mayorista en abalorios y joyer\u00eda\",\"publisher\":{\"@id\":\"https:\/\/www.artestar.eu\/de\/#organization\"},\"alternateName\":\"Artestar-EU\",\"potentialAction\":[{\"@type\":\"SearchAction\",\"target\":{\"@type\":\"EntryPoint\",\"urlTemplate\":\"https:\/\/www.artestar.eu\/de\/?s={search_term_string}\"},\"query-input\":\"required name=search_term_string\"}],\"inLanguage\":\"de-DE\"},{\"@type\":[\"Organization\",\"Place\"],\"@id\":\"https:\/\/www.artestar.eu\/de\/#organization\",\"name\":\"RUBY ABALORIO S.L.\",\"alternateName\":\"Artestar\",\"url\":\"https:\/\/www.artestar.eu\/de\/\",\"logo\":{\"@id\":\"https:\/\/www.artestar.eu\/de\/gro\u00dfhandel\/perlen-barock-kultur-rechteck\/#local-main-organization-logo\"},\"image\":{\"@id\":\"https:\/\/www.artestar.eu\/de\/gro\u00dfhandel\/perlen-barock-kultur-rechteck\/#local-main-organization-logo\"},\"sameAs\":[\"https:\/\/www.facebook.com\/ARTESTAREU\",\"https:\/\/www.instagram.com\/artestareu\/\",\"https:\/\/www.pinterest.es\/artestar_eu\/\",\"https:\/\/www.tiktok.com\/@artestar_wholesale\"],\"openingHoursSpecification\":[{\"@type\":\"OpeningHoursSpecification\",\"dayOfWeek\":[\"Monday\",\"Tuesday\",\"Wednesday\",\"Thursday\",\"Friday\",\"Saturday\",\"Sunday\"],\"opens\":\"09:00\",\"closes\":\"17:00\"}]},{\"@type\":\"ImageObject\",\"inLanguage\":\"de-DE\",\"@id\":\"https:\/\/www.artestar.eu\/de\/gro\u00dfhandel\/perlen-barock-kultur-rechteck\/#local-main-organization-logo\",\"url\":\"https:\/\/www.artestar.eu\/wp-content\/uploads\/2023\/05\/cropped-png.png\",\"contentUrl\":\"https:\/\/www.artestar.eu\/wp-content\/uploads\/2023\/05\/cropped-png.png\",\"width\":512,\"height\":512,\"caption\":\"RUBY ABALORIO S.L.\"}]}<\/script>\n<meta property=\"product:price:amount\" content=\"13.99\" \/>\n<meta property=\"product:price:currency\" content=\"EUR\" \/>\n<meta property=\"og:availability\" content=\"instock\" \/>\n<meta property=\"product:availability\" content=\"instock\" \/>\n<meta property=\"product:retailer_item_id\" content=\"ZZ-YX-0018\" \/>\n<meta property=\"product:condition\" content=\"new\" \/>\n<!-- \/ Yoast SEO Premium plugin. -->","yoast_head_json":{"title":"Barocke Zuchtperlen Rechteck - Artestar","description":"Barocke S\u00fc\u00dfwasserzuchtperlen eignen sich hervorragend als Bastelzubeh\u00f6r. Alle nat\u00fcrlichen Zuchtperlen sind Unikate.","robots":{"index":"index","follow":"follow","max-snippet":"max-snippet:-1","max-image-preview":"max-image-preview:large","max-video-preview":"max-video-preview:-1"},"canonical":"https:\/\/www.artestar.eu\/de\/gro\u00dfhandel\/perlen-barock-kultur-rechteck\/","og_locale":"de_DE","og_type":"article","og_title":"Barocke Zuchtperlen Rechteck","og_description":"Barocke S\u00fc\u00dfwasserzuchtperlen eignen sich hervorragend als Bastelzubeh\u00f6r. Alle nat\u00fcrlichen Zuchtperlen sind Unikate.","og_url":"https:\/\/www.artestar.eu\/de\/gro\u00dfhandel\/perlen-barock-kultur-rechteck\/","og_site_name":"Artestar","article_publisher":"https:\/\/www.facebook.com\/ARTESTAREU","article_modified_time":"2023-10-26T06:00:54+00:00","og_image":[{"width":600,"height":600,"url":"https:\/\/www.artestar.eu\/wp-content\/uploads\/2023\/06\/cultured-pearls-baroque-rectangle.jpg","type":"image\/jpeg"}],"twitter_card":"summary_large_image","twitter_misc":{"Preis":"13,99&nbsp;&euro; (Ohne MwSt)","Availability":"Auf Lager"},"schema":{"@context":"https:\/\/schema.org","@graph":[{"@type":"WebPage","@id":"https:\/\/www.artestar.eu\/de\/gro\u00dfhandel\/perlen-barock-kultur-rechteck\/","url":"https:\/\/www.artestar.eu\/de\/gro\u00dfhandel\/perlen-barock-kultur-rechteck\/","name":"Barocke Zuchtperlen Rechteck - Artestar","isPartOf":{"@id":"https:\/\/www.artestar.eu\/de\/#website"},"datePublished":"2023-06-02T09:46:46+00:00","dateModified":"2023-10-26T06:00:54+00:00","description":"Barocke S\u00fc\u00dfwasserzuchtperlen eignen sich hervorragend als Bastelzubeh\u00f6r. Alle nat\u00fcrlichen Zuchtperlen sind Unikate.","breadcrumb":{"@id":"https:\/\/www.artestar.eu\/de\/gro\u00dfhandel\/perlen-barock-kultur-rechteck\/#breadcrumb"},"inLanguage":"de-DE","potentialAction":[{"@type":"ReadAction","target":["https:\/\/www.artestar.eu\/de\/gro\u00dfhandel\/perlen-barock-kultur-rechteck\/"]}]},{"@type":"BreadcrumbList","@id":"https:\/\/www.artestar.eu\/de\/gro\u00dfhandel\/perlen-barock-kultur-rechteck\/#breadcrumb","itemListElement":[{"@type":"ListItem","position":1,"name":"Artestar","item":"https:\/\/www.artestar.eu\/de\/"},{"@type":"ListItem","position":2,"name":"Gro\u00dfhandel","item":"https:\/\/www.artestar.eu\/de\/grosshandel\/"},{"@type":"ListItem","position":3,"name":"Barocke Zuchtperlen Rechteck"}]},{"@type":"WebSite","@id":"https:\/\/www.artestar.eu\/de\/#website","url":"https:\/\/www.artestar.eu\/de\/","name":"Artestar","description":"Mayorista en abalorios y joyer\u00eda","publisher":{"@id":"https:\/\/www.artestar.eu\/de\/#organization"},"alternateName":"Artestar-EU","potentialAction":[{"@type":"SearchAction","target":{"@type":"EntryPoint","urlTemplate":"https:\/\/www.artestar.eu\/de\/?s={search_term_string}"},"query-input":"required name=search_term_string"}],"inLanguage":"de-DE"},{"@type":["Organization","Place"],"@id":"https:\/\/www.artestar.eu\/de\/#organization","name":"RUBY ABALORIO S.L.","alternateName":"Artestar","url":"https:\/\/www.artestar.eu\/de\/","logo":{"@id":"https:\/\/www.artestar.eu\/de\/gro\u00dfhandel\/perlen-barock-kultur-rechteck\/#local-main-organization-logo"},"image":{"@id":"https:\/\/www.artestar.eu\/de\/gro\u00dfhandel\/perlen-barock-kultur-rechteck\/#local-main-organization-logo"},"sameAs":["https:\/\/www.facebook.com\/ARTESTAREU","https:\/\/www.instagram.com\/artestareu\/","https:\/\/www.pinterest.es\/artestar_eu\/","https:\/\/www.tiktok.com\/@artestar_wholesale"],"openingHoursSpecification":[{"@type":"OpeningHoursSpecification","dayOfWeek":["Monday","Tuesday","Wednesday","Thursday","Friday","Saturday","Sunday"],"opens":"09:00","closes":"17:00"}]},{"@type":"ImageObject","inLanguage":"de-DE","@id":"https:\/\/www.artestar.eu\/de\/gro\u00dfhandel\/perlen-barock-kultur-rechteck\/#local-main-organization-logo","url":"https:\/\/www.artestar.eu\/wp-content\/uploads\/2023\/05\/cropped-png.png","contentUrl":"https:\/\/www.artestar.eu\/wp-content\/uploads\/2023\/05\/cropped-png.png","width":512,"height":512,"caption":"RUBY ABALORIO S.L."}]},"product_price_amount":"13.99","product_price_currency":"EUR","og_availability":"instock","product_availability":"instock","product_retailer_item_id":"ZZ-YX-0018","product_condition":"new"},"tiered_pricing_type":"fixed","tiered_pricing_fixed_rules":[],"tiered_pricing_percentage_rules":[],"tiered_pricing_minimum":null,"_administrator_tiered_pricing_type":"fixed","_administrator_tiered_pricing_fixed_rules":[],"_editor_tiered_pricing_type":"fixed","_editor_tiered_pricing_fixed_rules":[],"_author_tiered_pricing_type":"fixed","_author_tiered_pricing_fixed_rules":[],"_contributor_tiered_pricing_type":"fixed","_contributor_tiered_pricing_fixed_rules":[],"_subscriber_tiered_pricing_type":"fixed","_subscriber_tiered_pricing_fixed_rules":[],"_wpseo_manager_tiered_pricing_type":"fixed","_wpseo_manager_tiered_pricing_fixed_rules":[],"_wpseo_editor_tiered_pricing_type":"fixed","_wpseo_editor_tiered_pricing_fixed_rules":[],"_customer_tiered_pricing_type":"fixed","_customer_tiered_pricing_fixed_rules":[],"_shop_manager_tiered_pricing_type":"fixed","_shop_manager_tiered_pricing_fixed_rules":[],"_product_manager_tiered_pricing_type":"fixed","_product_manager_tiered_pricing_fixed_rules":[],"_links":{"self":[{"href":"https:\/\/www.artestar.eu\/de\/wp-json\/wp\/v2\/product\/27685"}],"collection":[{"href":"https:\/\/www.artestar.eu\/de\/wp-json\/wp\/v2\/product"}],"about":[{"href":"https:\/\/www.artestar.eu\/de\/wp-json\/wp\/v2\/types\/product"}],"replies":[{"embeddable":true,"href":"https:\/\/www.artestar.eu\/de\/wp-json\/wp\/v2\/comments?post=27685"}],"version-history":[{"count":3,"href":"https:\/\/www.artestar.eu\/de\/wp-json\/wp\/v2\/product\/27685\/revisions"}],"predecessor-version":[{"id":37247,"href":"https:\/\/www.artestar.eu\/de\/wp-json\/wp\/v2\/product\/27685\/revisions\/37247"}],"wp:featuredmedia":[{"embeddable":true,"href":"https:\/\/www.artestar.eu\/de\/wp-json\/wp\/v2\/media\/12768"}],"wp:attachment":[{"href":"https:\/\/www.artestar.eu\/de\/wp-json\/wp\/v2\/media?parent=27685"}],"wp:term":[{"taxonomy":"product_cat","embeddable":true,"href":"https:\/\/www.artestar.eu\/de\/wp-json\/wp\/v2\/product_cat?post=27685"},{"taxonomy":"product_tag","embeddable":true,"href":"https:\/\/www.artestar.eu\/de\/wp-json\/wp\/v2\/product_tag?post=27685"}],"curies":[{"name":"wp","href":"https:\/\/api.w.org\/{rel}","templated":true}]}}