{"id":27964,"date":"2023-07-31T05:12:44","date_gmt":"2023-07-31T05:12:44","guid":{"rendered":"https:\/\/www.artestar.eu\/al-por-mayor\/jaspe-rojo-colgante-de-piedra-en-bruto\/"},"modified":"2023-09-23T02:06:01","modified_gmt":"2023-09-23T02:06:01","slug":"jaspis-roter-anhanger-stein-im-rohzustand","status":"publish","type":"product","link":"https:\/\/www.artestar.eu\/de\/gro\u00dfhandel\/jaspis-roter-anhanger-stein-im-rohzustand\/","title":{"rendered":"Roter Jaspis-Anh\u00e4nger aus rauem Stein"},"content":{"rendered":"<p>Roter Jaspis-Rohsteinanh\u00e4nger: Jeder Anh\u00e4nger besteht aus rohen nat\u00fcrlichen Halbedelsteinen, die ihre einzigartige Form, Textur und Farbe beibehalten und den faszinierenden Charme unverarbeiteter nat\u00fcrlicher Edelsteine zur Geltung bringen und jedes St\u00fcck einzigartig machen.<\/p>\n<ul>\n<li>Vielseitiges Design: Mit seinem schlichten, aber auff\u00e4lligen Design ist dieser Naturstein-Anh\u00e4nger das ideale Accessoire f\u00fcr jeden Anlass. Neutrale und nat\u00fcrliche T\u00f6ne erm\u00f6glichen es Ihnen, es sowohl zu l\u00e4ssigen als auch zu formellen Outfits zu tragen und Ihrem Stil einen Hauch von Raffinesse zu verleihen.<\/li>\n<li>Energie und Heilung: Nat\u00fcrliche Halbedelsteine sind bekannt f\u00fcr ihre einzigartigen metaphysischen Eigenschaften und Energien. Es wird angenommen, dass das Tragen dieses Anh\u00e4ngers Positivit\u00e4t, Ausgeglichenheit und Schutz f\u00f6rdert, sodass Sie die Kraft der Natur \u00fcberall hin mitnehmen k\u00f6nnen.<\/li>\n<li>Charm: Dieser Anh\u00e4nger mit universeller Anziehungskraft ist das perfekte Geschenk f\u00fcr alle, die eine Verbindung zur Natur suchen oder Individualit\u00e4t genie\u00dfen m\u00f6chten.<\/li>\n<li>Genie\u00dfen Sie die nat\u00fcrliche Sch\u00f6nheit und uralte Energie von Edelsteinen mit unserem rohen Naturstein-Anh\u00e4nger. Sie k\u00f6nnen es als einzigartiges Schmuckst\u00fcck tragen oder mit anderen Halsketten kombinieren, um einen pers\u00f6nlichen Look zu erhalten. Egal, ob Sie ein Naturliebhaber, ein Kristallliebhaber oder jemand sind, der Ihrer Schmucksammlung ein einzigartiges Element hinzuf\u00fcgen m\u00f6chte, dieser Anh\u00e4nger ist die perfekte Verk\u00f6rperung von Eleganz. Besitzen Sie ein Kunstwerk in der Natur und machen Sie es zu einem integralen Bestandteil Ihrer Lebensreise.<\/li>\n<\/ul>\n<p><img decoding=\"async\" class=\"alignnone size-full wp-image-9519\" src=\"https:\/\/www.artestar.eu%E2%80%8B%E2%80%8B%E2%80%8B%E2%80%8B\/wp-content\/uploads\/2023\/07\/natural-semi-precious-gemstone-pendants-rough-raw-03.jpg\" alt=\"Anh\u00e4nger aus rauem Stein\" width=\"600\" height=\"600\" srcset=\"https:\/\/www.artestar.eu\/wp-content\/uploads\/2023\/07\/natural-semi-precious-gemstone-pendants-rough-raw-03.jpg 600w, https:\/\/www.artestar.eu\/wp-content\/uploads\/2023\/07\/natural-semi-precious-gemstone-pendants-rough-raw-03-300x300.jpg 300w, https:\/\/www.artestar.eu\/wp-content\/uploads\/2023\/07\/natural-semi-precious-gemstone-pendants-rough-raw-03-150x150.jpg 150w, https:\/\/www.artestar.eu\/wp-content\/uploads\/2023\/07\/natural-semi-precious-gemstone-pendants-rough-raw-03-450x450.jpg 450w, https:\/\/www.artestar.eu\/wp-content\/uploads\/2023\/07\/natural-semi-precious-gemstone-pendants-rough-raw-03-54x54.jpg 54w\" sizes=\"(max-width: 600px) 100vw, 600px\" \/><\/p>\n<h5>Roter Jaspis-Anh\u00e4nger aus rauem Stein<\/h5>\n<ul>\n<li>Achtung: Aufgrund von Unterschieden bei Monitoren und Aufl\u00f6sung k\u00f6nnen die Bildfarben geringf\u00fcgig von den tats\u00e4chlichen Farben abweichen.<\/li>\n<li>Steinperlen sollten vor intensiver Sonneneinstrahlung gesch\u00fctzt werden, um die Textur und Farbe des Steins nicht zu besch\u00e4digen.<\/li>\n<\/ul>\n","protected":false},"excerpt":{"rendered":"<ul>\n<li>Menge: 1 Stk.<\/li>\n<li>Gr\u00f6\u00dfe: ca. 22 ~ 34 x 20 ~ 24 x 11 ~ 16mm, Loch: ca. \u2205 2 mm<\/li>\n<li>Da es sich um einen Naturstein handelt, k\u00f6nnen Formen und Gr\u00f6\u00dfen variieren. Die Bema\u00dfungen dienen nur als Referenz.<\/li>\n<\/ul>\n","protected":false},"featured_media":23055,"comment_status":"open","ping_status":"closed","template":"","meta":[],"product_cat":[1088,1100],"product_tag":[],"yoast_head":"<!-- This site is optimized with the Yoast SEO Premium plugin v20.5 (Yoast SEO v21.5) - https:\/\/yoast.com\/wordpress\/plugins\/seo\/ -->\n<title>Roter Jaspis-Anh\u00e4nger aus rauem Stein - Artestar<\/title>\n<meta name=\"description\" content=\"Unsere edlen Rohsteinanh\u00e4nger sind in einer gro\u00dfen Vielfalt erh\u00e4ltlich und sehr selektiv. Unverzichtbar f\u00fcr den Sommer.\" \/>\n<meta name=\"robots\" content=\"index, follow, max-snippet:-1, max-image-preview:large, max-video-preview:-1\" \/>\n<link rel=\"canonical\" href=\"https:\/\/www.artestar.eu\/de\/gro\u00dfhandel\/jaspis-roter-anhanger-stein-im-rohzustand\/\" \/>\n<meta property=\"og:locale\" content=\"de_DE\" \/>\n<meta property=\"og:type\" content=\"article\" \/>\n<meta property=\"og:title\" content=\"Roter Jaspis-Anh\u00e4nger aus rauem Stein\" \/>\n<meta property=\"og:description\" content=\"Unsere edlen Rohsteinanh\u00e4nger sind in einer gro\u00dfen Vielfalt erh\u00e4ltlich und sehr selektiv. Unverzichtbar f\u00fcr den Sommer.\" \/>\n<meta property=\"og:url\" content=\"https:\/\/www.artestar.eu\/de\/gro\u00dfhandel\/jaspis-roter-anhanger-stein-im-rohzustand\/\" \/>\n<meta property=\"og:site_name\" content=\"Artestar\" \/>\n<meta property=\"article:publisher\" content=\"https:\/\/www.facebook.com\/ARTESTAREU\" \/>\n<meta property=\"article:modified_time\" content=\"2023-09-23T02:06:01+00:00\" \/>\n<meta property=\"og:image\" content=\"https:\/\/www.artestar.eu\/wp-content\/uploads\/2023\/07\/natural-semi-precious-gemstone-pendants-rough-raw-red-jasper.jpg\" \/>\n\t<meta property=\"og:image:width\" content=\"600\" \/>\n\t<meta property=\"og:image:height\" content=\"600\" \/>\n\t<meta property=\"og:image:type\" content=\"image\/jpeg\" \/>\n<meta name=\"twitter:card\" content=\"summary_large_image\" \/>\n<meta name=\"twitter:label1\" content=\"Preis\" \/>\n\t<meta name=\"twitter:data1\" content=\"0,25&nbsp;&euro; (Ohne MwSt)\" \/>\n\t<meta name=\"twitter:label2\" content=\"Availability\" \/>\n\t<meta name=\"twitter:data2\" content=\"Auf Lager\" \/>\n<script type=\"application\/ld+json\" class=\"yoast-schema-graph\">{\"@context\":\"https:\/\/schema.org\",\"@graph\":[{\"@type\":\"WebPage\",\"@id\":\"https:\/\/www.artestar.eu\/de\/gro\u00dfhandel\/jaspis-roter-anhanger-stein-im-rohzustand\/\",\"url\":\"https:\/\/www.artestar.eu\/de\/gro\u00dfhandel\/jaspis-roter-anhanger-stein-im-rohzustand\/\",\"name\":\"Roter Jaspis-Anh\u00e4nger aus rauem Stein - Artestar\",\"isPartOf\":{\"@id\":\"https:\/\/www.artestar.eu\/de\/#website\"},\"datePublished\":\"2023-07-31T05:12:44+00:00\",\"dateModified\":\"2023-09-23T02:06:01+00:00\",\"description\":\"Unsere edlen Rohsteinanh\u00e4nger sind in einer gro\u00dfen Vielfalt erh\u00e4ltlich und sehr selektiv. Unverzichtbar f\u00fcr den Sommer.\",\"breadcrumb\":{\"@id\":\"https:\/\/www.artestar.eu\/de\/gro\u00dfhandel\/jaspis-roter-anhanger-stein-im-rohzustand\/#breadcrumb\"},\"inLanguage\":\"de-DE\",\"potentialAction\":[{\"@type\":\"ReadAction\",\"target\":[\"https:\/\/www.artestar.eu\/de\/gro\u00dfhandel\/jaspis-roter-anhanger-stein-im-rohzustand\/\"]}]},{\"@type\":\"BreadcrumbList\",\"@id\":\"https:\/\/www.artestar.eu\/de\/gro\u00dfhandel\/jaspis-roter-anhanger-stein-im-rohzustand\/#breadcrumb\",\"itemListElement\":[{\"@type\":\"ListItem\",\"position\":1,\"name\":\"Artestar\",\"item\":\"https:\/\/www.artestar.eu\/de\/\"},{\"@type\":\"ListItem\",\"position\":2,\"name\":\"Gro\u00dfhandel\",\"item\":\"https:\/\/www.artestar.eu\/de\/grosshandel\/\"},{\"@type\":\"ListItem\",\"position\":3,\"name\":\"Roter Jaspis-Anh\u00e4nger aus rauem Stein\"}]},{\"@type\":\"WebSite\",\"@id\":\"https:\/\/www.artestar.eu\/de\/#website\",\"url\":\"https:\/\/www.artestar.eu\/de\/\",\"name\":\"Artestar\",\"description\":\"Mayorista en abalorios y joyer\u00eda\",\"publisher\":{\"@id\":\"https:\/\/www.artestar.eu\/de\/#organization\"},\"alternateName\":\"Artestar-EU\",\"potentialAction\":[{\"@type\":\"SearchAction\",\"target\":{\"@type\":\"EntryPoint\",\"urlTemplate\":\"https:\/\/www.artestar.eu\/de\/?s={search_term_string}\"},\"query-input\":\"required name=search_term_string\"}],\"inLanguage\":\"de-DE\"},{\"@type\":[\"Organization\",\"Place\"],\"@id\":\"https:\/\/www.artestar.eu\/de\/#organization\",\"name\":\"RUBY ABALORIO S.L.\",\"alternateName\":\"Artestar\",\"url\":\"https:\/\/www.artestar.eu\/de\/\",\"logo\":{\"@id\":\"https:\/\/www.artestar.eu\/de\/gro\u00dfhandel\/jaspis-roter-anhanger-stein-im-rohzustand\/#local-main-organization-logo\"},\"image\":{\"@id\":\"https:\/\/www.artestar.eu\/de\/gro\u00dfhandel\/jaspis-roter-anhanger-stein-im-rohzustand\/#local-main-organization-logo\"},\"sameAs\":[\"https:\/\/www.facebook.com\/ARTESTAREU\",\"https:\/\/www.instagram.com\/artestareu\/\",\"https:\/\/www.pinterest.es\/artestar_eu\/\",\"https:\/\/www.tiktok.com\/@artestar_wholesale\"],\"openingHoursSpecification\":[{\"@type\":\"OpeningHoursSpecification\",\"dayOfWeek\":[\"Monday\",\"Tuesday\",\"Wednesday\",\"Thursday\",\"Friday\",\"Saturday\",\"Sunday\"],\"opens\":\"09:00\",\"closes\":\"17:00\"}]},{\"@type\":\"ImageObject\",\"inLanguage\":\"de-DE\",\"@id\":\"https:\/\/www.artestar.eu\/de\/gro\u00dfhandel\/jaspis-roter-anhanger-stein-im-rohzustand\/#local-main-organization-logo\",\"url\":\"https:\/\/www.artestar.eu\/wp-content\/uploads\/2023\/05\/cropped-png.png\",\"contentUrl\":\"https:\/\/www.artestar.eu\/wp-content\/uploads\/2023\/05\/cropped-png.png\",\"width\":512,\"height\":512,\"caption\":\"RUBY ABALORIO S.L.\"}]}<\/script>\n<meta property=\"product:price:amount\" content=\"0.25\" \/>\n<meta property=\"product:price:currency\" content=\"EUR\" \/>\n<meta property=\"og:availability\" content=\"instock\" \/>\n<meta property=\"product:availability\" content=\"instock\" \/>\n<meta property=\"product:retailer_item_id\" content=\"BS-GZ-M0001\" \/>\n<meta property=\"product:condition\" content=\"new\" \/>\n<!-- \/ Yoast SEO Premium plugin. -->","yoast_head_json":{"title":"Roter Jaspis-Anh\u00e4nger aus rauem Stein - Artestar","description":"Unsere edlen Rohsteinanh\u00e4nger sind in einer gro\u00dfen Vielfalt erh\u00e4ltlich und sehr selektiv. Unverzichtbar f\u00fcr den Sommer.","robots":{"index":"index","follow":"follow","max-snippet":"max-snippet:-1","max-image-preview":"max-image-preview:large","max-video-preview":"max-video-preview:-1"},"canonical":"https:\/\/www.artestar.eu\/de\/gro\u00dfhandel\/jaspis-roter-anhanger-stein-im-rohzustand\/","og_locale":"de_DE","og_type":"article","og_title":"Roter Jaspis-Anh\u00e4nger aus rauem Stein","og_description":"Unsere edlen Rohsteinanh\u00e4nger sind in einer gro\u00dfen Vielfalt erh\u00e4ltlich und sehr selektiv. Unverzichtbar f\u00fcr den Sommer.","og_url":"https:\/\/www.artestar.eu\/de\/gro\u00dfhandel\/jaspis-roter-anhanger-stein-im-rohzustand\/","og_site_name":"Artestar","article_publisher":"https:\/\/www.facebook.com\/ARTESTAREU","article_modified_time":"2023-09-23T02:06:01+00:00","og_image":[{"width":600,"height":600,"url":"https:\/\/www.artestar.eu\/wp-content\/uploads\/2023\/07\/natural-semi-precious-gemstone-pendants-rough-raw-red-jasper.jpg","type":"image\/jpeg"}],"twitter_card":"summary_large_image","twitter_misc":{"Preis":"0,25&nbsp;&euro; (Ohne MwSt)","Availability":"Auf Lager"},"schema":{"@context":"https:\/\/schema.org","@graph":[{"@type":"WebPage","@id":"https:\/\/www.artestar.eu\/de\/gro\u00dfhandel\/jaspis-roter-anhanger-stein-im-rohzustand\/","url":"https:\/\/www.artestar.eu\/de\/gro\u00dfhandel\/jaspis-roter-anhanger-stein-im-rohzustand\/","name":"Roter Jaspis-Anh\u00e4nger aus rauem Stein - Artestar","isPartOf":{"@id":"https:\/\/www.artestar.eu\/de\/#website"},"datePublished":"2023-07-31T05:12:44+00:00","dateModified":"2023-09-23T02:06:01+00:00","description":"Unsere edlen Rohsteinanh\u00e4nger sind in einer gro\u00dfen Vielfalt erh\u00e4ltlich und sehr selektiv. Unverzichtbar f\u00fcr den Sommer.","breadcrumb":{"@id":"https:\/\/www.artestar.eu\/de\/gro\u00dfhandel\/jaspis-roter-anhanger-stein-im-rohzustand\/#breadcrumb"},"inLanguage":"de-DE","potentialAction":[{"@type":"ReadAction","target":["https:\/\/www.artestar.eu\/de\/gro\u00dfhandel\/jaspis-roter-anhanger-stein-im-rohzustand\/"]}]},{"@type":"BreadcrumbList","@id":"https:\/\/www.artestar.eu\/de\/gro\u00dfhandel\/jaspis-roter-anhanger-stein-im-rohzustand\/#breadcrumb","itemListElement":[{"@type":"ListItem","position":1,"name":"Artestar","item":"https:\/\/www.artestar.eu\/de\/"},{"@type":"ListItem","position":2,"name":"Gro\u00dfhandel","item":"https:\/\/www.artestar.eu\/de\/grosshandel\/"},{"@type":"ListItem","position":3,"name":"Roter Jaspis-Anh\u00e4nger aus rauem Stein"}]},{"@type":"WebSite","@id":"https:\/\/www.artestar.eu\/de\/#website","url":"https:\/\/www.artestar.eu\/de\/","name":"Artestar","description":"Mayorista en abalorios y joyer\u00eda","publisher":{"@id":"https:\/\/www.artestar.eu\/de\/#organization"},"alternateName":"Artestar-EU","potentialAction":[{"@type":"SearchAction","target":{"@type":"EntryPoint","urlTemplate":"https:\/\/www.artestar.eu\/de\/?s={search_term_string}"},"query-input":"required name=search_term_string"}],"inLanguage":"de-DE"},{"@type":["Organization","Place"],"@id":"https:\/\/www.artestar.eu\/de\/#organization","name":"RUBY ABALORIO S.L.","alternateName":"Artestar","url":"https:\/\/www.artestar.eu\/de\/","logo":{"@id":"https:\/\/www.artestar.eu\/de\/gro\u00dfhandel\/jaspis-roter-anhanger-stein-im-rohzustand\/#local-main-organization-logo"},"image":{"@id":"https:\/\/www.artestar.eu\/de\/gro\u00dfhandel\/jaspis-roter-anhanger-stein-im-rohzustand\/#local-main-organization-logo"},"sameAs":["https:\/\/www.facebook.com\/ARTESTAREU","https:\/\/www.instagram.com\/artestareu\/","https:\/\/www.pinterest.es\/artestar_eu\/","https:\/\/www.tiktok.com\/@artestar_wholesale"],"openingHoursSpecification":[{"@type":"OpeningHoursSpecification","dayOfWeek":["Monday","Tuesday","Wednesday","Thursday","Friday","Saturday","Sunday"],"opens":"09:00","closes":"17:00"}]},{"@type":"ImageObject","inLanguage":"de-DE","@id":"https:\/\/www.artestar.eu\/de\/gro\u00dfhandel\/jaspis-roter-anhanger-stein-im-rohzustand\/#local-main-organization-logo","url":"https:\/\/www.artestar.eu\/wp-content\/uploads\/2023\/05\/cropped-png.png","contentUrl":"https:\/\/www.artestar.eu\/wp-content\/uploads\/2023\/05\/cropped-png.png","width":512,"height":512,"caption":"RUBY ABALORIO S.L."}]},"product_price_amount":"0.25","product_price_currency":"EUR","og_availability":"instock","product_availability":"instock","product_retailer_item_id":"BS-GZ-M0001","product_condition":"new"},"tiered_pricing_type":"percentage","tiered_pricing_fixed_rules":{"20":"10"},"tiered_pricing_percentage_rules":[],"tiered_pricing_minimum":null,"_administrator_tiered_pricing_type":"fixed","_administrator_tiered_pricing_fixed_rules":[],"_editor_tiered_pricing_type":"fixed","_editor_tiered_pricing_fixed_rules":[],"_author_tiered_pricing_type":"fixed","_author_tiered_pricing_fixed_rules":[],"_contributor_tiered_pricing_type":"fixed","_contributor_tiered_pricing_fixed_rules":[],"_subscriber_tiered_pricing_type":"fixed","_subscriber_tiered_pricing_fixed_rules":[],"_wpseo_manager_tiered_pricing_type":"fixed","_wpseo_manager_tiered_pricing_fixed_rules":[],"_wpseo_editor_tiered_pricing_type":"fixed","_wpseo_editor_tiered_pricing_fixed_rules":[],"_customer_tiered_pricing_type":"fixed","_customer_tiered_pricing_fixed_rules":[],"_shop_manager_tiered_pricing_type":"fixed","_shop_manager_tiered_pricing_fixed_rules":[],"_product_manager_tiered_pricing_type":"fixed","_product_manager_tiered_pricing_fixed_rules":[],"_links":{"self":[{"href":"https:\/\/www.artestar.eu\/de\/wp-json\/wp\/v2\/product\/27964"}],"collection":[{"href":"https:\/\/www.artestar.eu\/de\/wp-json\/wp\/v2\/product"}],"about":[{"href":"https:\/\/www.artestar.eu\/de\/wp-json\/wp\/v2\/types\/product"}],"replies":[{"embeddable":true,"href":"https:\/\/www.artestar.eu\/de\/wp-json\/wp\/v2\/comments?post=27964"}],"version-history":[{"count":2,"href":"https:\/\/www.artestar.eu\/de\/wp-json\/wp\/v2\/product\/27964\/revisions"}],"predecessor-version":[{"id":35531,"href":"https:\/\/www.artestar.eu\/de\/wp-json\/wp\/v2\/product\/27964\/revisions\/35531"}],"wp:featuredmedia":[{"embeddable":true,"href":"https:\/\/www.artestar.eu\/de\/wp-json\/wp\/v2\/media\/23055"}],"wp:attachment":[{"href":"https:\/\/www.artestar.eu\/de\/wp-json\/wp\/v2\/media?parent=27964"}],"wp:term":[{"taxonomy":"product_cat","embeddable":true,"href":"https:\/\/www.artestar.eu\/de\/wp-json\/wp\/v2\/product_cat?post=27964"},{"taxonomy":"product_tag","embeddable":true,"href":"https:\/\/www.artestar.eu\/de\/wp-json\/wp\/v2\/product_tag?post=27964"}],"curies":[{"name":"wp","href":"https:\/\/api.w.org\/{rel}","templated":true}]}}