{"id":28269,"date":"2023-07-18T08:15:42","date_gmt":"2023-07-18T08:15:42","guid":{"rendered":"https:\/\/www.artestar.eu\/al-por-mayor\/pilar-de-cuarzo-blanco-colgante-de-piedra-alambre-de-cobre-envuelto\/"},"modified":"2023-09-23T03:10:21","modified_gmt":"2023-09-23T03:10:21","slug":"weise-quarzdraht-goldene-umwickelte-kupfersaule","status":"publish","type":"product","link":"https:\/\/www.artestar.eu\/de\/gro\u00dfhandel\/weise-quarzdraht-goldene-umwickelte-kupfersaule\/","title":{"rendered":"Wei\u00dfer Quarz-S\u00e4ulenstein-Anh\u00e4nger Kupferdraht umwickelt"},"content":{"rendered":"<p>Wei\u00dfer Quarz-S\u00e4ulensteinanh\u00e4nger mit umwickeltem Kupferdraht: Da jeder Steinperlenanh\u00e4nger aus reinen Naturmaterialien besteht, ist er ein Unikat.<\/p>\n<ul>\n<li data-slate-node=\"element\"><span data-slate-node=\"text\"><span class=\"21\" data-slate-leaf=\"true\">Mit einer polierten Oberfl\u00e4che haben diese Naturstein-Perlenanh\u00e4nger eine glatte Oberfl\u00e4che und sind sehr angenehm zu tragen. <\/span><\/span><span data-slate-node=\"text\"><span class=\"22\" data-slate-leaf=\"true\">Dar\u00fcber hinaus machen ihr Aussehen, zusammen mit ihrer nat\u00fcrlichen Textur und Farbe, Edelsteinperlen einzigartig<\/span><\/span><span data-slate-node=\"text\"><span class=\"23\" data-slate-leaf=\"true\">.<\/span><\/span><\/li>\n<li data-slate-node=\"element\"><span class=\"41\" data-slate-leaf=\"true\">Das Tragen unserer Anh\u00e4nger aus nat\u00fcrlichen Halbedelsteinen lindert Stress und \u00c4ngste, <span data-slate-fragment=\"JTVCJTdCJTIydHlwZSUyMiUzQSUyMnBhcmFncmFwaCUyMiUyQyUyMmNoaWxkcmVuJTIyJTNBJTVCJTdCJTIydGV4dCUyMiUzQSUyMnBvcnF1ZSUyMiUyQyUyMnNlbnRlbmNlJTIyJTNBNCUyQyUyMmNoaWxkU2VudGVuY2UlMjIlM0ExJTdEJTVEJTdEJTVE\">denn<\/span> sie vermitteln positive psychologische Botschaften und eine optimistische Lebenseinstellung und sollen kosmische Energie auf den K\u00f6rper \u00fcbertragen<\/span><span data-slate-node=\"text\"><span class=\"42\" data-slate-leaf=\"true\">.<\/span><\/span><\/li>\n<li data-slate-node=\"element\"><span class=\"61\" data-slate-leaf=\"true\">Die Edelstahll\u00f6cher auf der Oberseite der Steinanh\u00e4nger haben die richtige Gr\u00f6\u00dfe zum Einf\u00e4deln.  <\/span><span data-slate-node=\"text\"><span class=\"62\" data-slate-leaf=\"true\">Oft geht es nur darum, eine Kette oder Schnur einzuf\u00e4deln.  <\/span><\/span><span data-slate-node=\"text\"><span class=\"63\" data-slate-leaf=\"true\">Mit Zubeh\u00f6r wie einem Karabinerverschluss aus Edelstahl, um Ihr eigenes Bastelprojekt zu vervollst\u00e4ndigen \u2013 viel Spa\u00df beim Basteln mit Schmuck!<\/span><\/span><\/li>\n<li data-slate-node=\"element\"><span class=\"81\" data-slate-leaf=\"true\"><span data-slate-string=\"true\">Diese zarten Edelsteinanh\u00e4nger k\u00f6nnen mit anderen Accessoires aus Metall, Kristall, Perlen und Muscheln kombiniert werden. Sie k\u00f6nnen jedes gew\u00fcnschte Schmuckhandwerk, Halsketten, Armb\u00e4nder, Ohrringe, Wohnaccessoires und mehr herstellen.  <\/span><\/span><span class=\"\" data-slate-node=\"text\"><br \/>\n  <span class=\"82\" data-slate-leaf=\"true\"><br \/>\n    <span data-slate-string=\"true\">Schenken Sie es Ihren Freunden und Ihrer Familie, die Handwerk lieben. <\/span><br \/>\n  <\/span><br \/>\n<\/span><span data-slate-node=\"text\"><br \/>\n  <span class=\"83\" data-slate-leaf=\"true\">Es ist nicht nur ein perfektes Geschenk, sondern wird auch mit den besten W\u00fcnschen geliefert<\/span><br \/>\n<\/span><span data-slate-node=\"text\"><br \/>\n  <span class=\"84\" data-slate-leaf=\"true\">.<\/span><br \/>\n<\/span><\/li>\n<\/ul>\n<p><img decoding=\"async\" class=\"alignnone wp-image-9192 size-full\" src=\"https:\/\/www.artestar.eu%E2%80%8B%E2%80%8B%E2%80%8B%E2%80%8B\/wp-content\/uploads\/2023\/07\/natural-semi-precious-gemstone-pendants-gold-copper-wire-wrapped-white-quartz-pillar-03.jpg\" alt=\"Wei\u00dfer Quarz-S\u00e4ulenstein-Anh\u00e4nger Kupferdraht umwickelt\" width=\"600\" height=\"600\" srcset=\"https:\/\/www.artestar.eu\/wp-content\/uploads\/2023\/07\/natural-semi-precious-gemstone-pendants-gold-copper-wire-wrapped-white-quartz-pillar-03.jpg 600w, https:\/\/www.artestar.eu\/wp-content\/uploads\/2023\/07\/natural-semi-precious-gemstone-pendants-gold-copper-wire-wrapped-white-quartz-pillar-03-300x300.jpg 300w, https:\/\/www.artestar.eu\/wp-content\/uploads\/2023\/07\/natural-semi-precious-gemstone-pendants-gold-copper-wire-wrapped-white-quartz-pillar-03-150x150.jpg 150w, https:\/\/www.artestar.eu\/wp-content\/uploads\/2023\/07\/natural-semi-precious-gemstone-pendants-gold-copper-wire-wrapped-white-quartz-pillar-03-450x450.jpg 450w, https:\/\/www.artestar.eu\/wp-content\/uploads\/2023\/07\/natural-semi-precious-gemstone-pendants-gold-copper-wire-wrapped-white-quartz-pillar-03-54x54.jpg 54w\" sizes=\"(max-width: 600px) 100vw, 600px\" \/><\/p>\n<h5 data-slate-node=\"element\">Wei\u00dfer Quarz-S\u00e4ulenstein-Anh\u00e4nger Kupferdraht umwickelt<\/h5>\n<ul>\n<li data-slate-node=\"element\"><span data-slate-node=\"text\"><span class=\"101\" data-slate-leaf=\"true\">Achtung: Aufgrund von Unterschieden bei Monitoren und Aufl\u00f6sung k\u00f6nnen die Bildfarben geringf\u00fcgig von den tats\u00e4chlichen Farben abweichen<\/span><\/span><span data-slate-node=\"text\"><span class=\"102\" data-slate-leaf=\"true\">.<\/span><\/span><\/li>\n<li data-slate-node=\"element\"><span class=\"121\" data-slate-leaf=\"true\">Steinperlen sollten vor intensiver Sonneneinstrahlung gesch\u00fctzt werden, um die Textur und Farbe des Steins nicht zu besch\u00e4digen<\/span><span data-slate-node=\"text\"><span class=\"122\" data-slate-leaf=\"true\">.<\/span><\/span><\/li>\n<li data-slate-node=\"element\">Warnung: Kinder unter drei Jahren sollten Kontakt vermeiden, Erstickungsgefahr.<\/li>\n<\/ul>\n","protected":false},"excerpt":{"rendered":"<ul>\n<li>Menge: 1 Stk.<\/li>\n<li>Gr\u00f6\u00dfe: ca. 35~55 x 10~18 x 16~22 mm, agujero: aprox. \u2205 4 ~ 6 mm<\/li>\n<li>Da es sich um einen Naturstein handelt, k\u00f6nnen Formen und Gr\u00f6\u00dfen variieren. Die Bema\u00dfungen dienen nur als Referenz.<\/li>\n<\/ul>\n","protected":false},"featured_media":22470,"comment_status":"open","ping_status":"closed","template":"","meta":[],"product_cat":[1088,1100],"product_tag":[],"yoast_head":"<!-- This site is optimized with the Yoast SEO Premium plugin v20.5 (Yoast SEO v21.5) - https:\/\/yoast.com\/wordpress\/plugins\/seo\/ -->\n<title>Wei\u00dfer Quarz-S\u00e4ulenstein-Anh\u00e4nger Kupferdraht umwickelt<\/title>\n<meta name=\"description\" content=\"Quarz gilt als der Meisterkristall, der das spirituelle Bewusstsein und das Energieniveau auf h\u00f6chstem Niveau erh\u00f6hen kann.\" \/>\n<meta name=\"robots\" content=\"index, follow, max-snippet:-1, max-image-preview:large, max-video-preview:-1\" \/>\n<link rel=\"canonical\" href=\"https:\/\/www.artestar.eu\/de\/gro\u00dfhandel\/weise-quarzdraht-goldene-umwickelte-kupfersaule\/\" \/>\n<meta property=\"og:locale\" content=\"de_DE\" \/>\n<meta property=\"og:type\" content=\"article\" \/>\n<meta property=\"og:title\" content=\"Wei\u00dfer Quarz-S\u00e4ulenstein-Anh\u00e4nger Kupferdraht umwickelt\" \/>\n<meta property=\"og:description\" content=\"Quarz gilt als der Meisterkristall, der das spirituelle Bewusstsein und das Energieniveau auf h\u00f6chstem Niveau erh\u00f6hen kann.\" \/>\n<meta property=\"og:url\" content=\"https:\/\/www.artestar.eu\/de\/gro\u00dfhandel\/weise-quarzdraht-goldene-umwickelte-kupfersaule\/\" \/>\n<meta property=\"og:site_name\" content=\"Artestar\" \/>\n<meta property=\"article:publisher\" content=\"https:\/\/www.facebook.com\/ARTESTAREU\" \/>\n<meta property=\"article:modified_time\" content=\"2023-09-23T03:10:21+00:00\" \/>\n<meta property=\"og:image\" content=\"https:\/\/www.artestar.eu\/wp-content\/uploads\/2023\/07\/natural-semi-precious-gemstone-pendants-gold-copper-wire-wrapped-white-quartz-pillar.jpg\" \/>\n\t<meta property=\"og:image:width\" content=\"600\" \/>\n\t<meta property=\"og:image:height\" content=\"600\" \/>\n\t<meta property=\"og:image:type\" content=\"image\/jpeg\" \/>\n<meta name=\"twitter:card\" content=\"summary_large_image\" \/>\n<meta name=\"twitter:label1\" content=\"Preis\" \/>\n\t<meta name=\"twitter:data1\" content=\"0,64&nbsp;&euro; (Ohne MwSt)\" \/>\n\t<meta name=\"twitter:label2\" content=\"Availability\" \/>\n\t<meta name=\"twitter:data2\" content=\"Auf Lager\" \/>\n<script type=\"application\/ld+json\" class=\"yoast-schema-graph\">{\"@context\":\"https:\/\/schema.org\",\"@graph\":[{\"@type\":\"WebPage\",\"@id\":\"https:\/\/www.artestar.eu\/de\/gro\u00dfhandel\/weise-quarzdraht-goldene-umwickelte-kupfersaule\/\",\"url\":\"https:\/\/www.artestar.eu\/de\/gro\u00dfhandel\/weise-quarzdraht-goldene-umwickelte-kupfersaule\/\",\"name\":\"Wei\u00dfer Quarz-S\u00e4ulenstein-Anh\u00e4nger Kupferdraht umwickelt\",\"isPartOf\":{\"@id\":\"https:\/\/www.artestar.eu\/de\/#website\"},\"datePublished\":\"2023-07-18T08:15:42+00:00\",\"dateModified\":\"2023-09-23T03:10:21+00:00\",\"description\":\"Quarz gilt als der Meisterkristall, der das spirituelle Bewusstsein und das Energieniveau auf h\u00f6chstem Niveau erh\u00f6hen kann.\",\"breadcrumb\":{\"@id\":\"https:\/\/www.artestar.eu\/de\/gro\u00dfhandel\/weise-quarzdraht-goldene-umwickelte-kupfersaule\/#breadcrumb\"},\"inLanguage\":\"de-DE\",\"potentialAction\":[{\"@type\":\"ReadAction\",\"target\":[\"https:\/\/www.artestar.eu\/de\/gro\u00dfhandel\/weise-quarzdraht-goldene-umwickelte-kupfersaule\/\"]}]},{\"@type\":\"BreadcrumbList\",\"@id\":\"https:\/\/www.artestar.eu\/de\/gro\u00dfhandel\/weise-quarzdraht-goldene-umwickelte-kupfersaule\/#breadcrumb\",\"itemListElement\":[{\"@type\":\"ListItem\",\"position\":1,\"name\":\"Artestar\",\"item\":\"https:\/\/www.artestar.eu\/de\/\"},{\"@type\":\"ListItem\",\"position\":2,\"name\":\"Gro\u00dfhandel\",\"item\":\"https:\/\/www.artestar.eu\/de\/grosshandel\/\"},{\"@type\":\"ListItem\",\"position\":3,\"name\":\"Wei\u00dfer Quarz-S\u00e4ulenstein-Anh\u00e4nger Kupferdraht umwickelt\"}]},{\"@type\":\"WebSite\",\"@id\":\"https:\/\/www.artestar.eu\/de\/#website\",\"url\":\"https:\/\/www.artestar.eu\/de\/\",\"name\":\"Artestar\",\"description\":\"Mayorista en abalorios y joyer\u00eda\",\"publisher\":{\"@id\":\"https:\/\/www.artestar.eu\/de\/#organization\"},\"alternateName\":\"Artestar-EU\",\"potentialAction\":[{\"@type\":\"SearchAction\",\"target\":{\"@type\":\"EntryPoint\",\"urlTemplate\":\"https:\/\/www.artestar.eu\/de\/?s={search_term_string}\"},\"query-input\":\"required name=search_term_string\"}],\"inLanguage\":\"de-DE\"},{\"@type\":[\"Organization\",\"Place\"],\"@id\":\"https:\/\/www.artestar.eu\/de\/#organization\",\"name\":\"RUBY ABALORIO S.L.\",\"alternateName\":\"Artestar\",\"url\":\"https:\/\/www.artestar.eu\/de\/\",\"logo\":{\"@id\":\"https:\/\/www.artestar.eu\/de\/gro\u00dfhandel\/weise-quarzdraht-goldene-umwickelte-kupfersaule\/#local-main-organization-logo\"},\"image\":{\"@id\":\"https:\/\/www.artestar.eu\/de\/gro\u00dfhandel\/weise-quarzdraht-goldene-umwickelte-kupfersaule\/#local-main-organization-logo\"},\"sameAs\":[\"https:\/\/www.facebook.com\/ARTESTAREU\",\"https:\/\/www.instagram.com\/artestareu\/\",\"https:\/\/www.pinterest.es\/artestar_eu\/\",\"https:\/\/www.tiktok.com\/@artestar_wholesale\"],\"openingHoursSpecification\":[{\"@type\":\"OpeningHoursSpecification\",\"dayOfWeek\":[\"Monday\",\"Tuesday\",\"Wednesday\",\"Thursday\",\"Friday\",\"Saturday\",\"Sunday\"],\"opens\":\"09:00\",\"closes\":\"17:00\"}]},{\"@type\":\"ImageObject\",\"inLanguage\":\"de-DE\",\"@id\":\"https:\/\/www.artestar.eu\/de\/gro\u00dfhandel\/weise-quarzdraht-goldene-umwickelte-kupfersaule\/#local-main-organization-logo\",\"url\":\"https:\/\/www.artestar.eu\/wp-content\/uploads\/2023\/05\/cropped-png.png\",\"contentUrl\":\"https:\/\/www.artestar.eu\/wp-content\/uploads\/2023\/05\/cropped-png.png\",\"width\":512,\"height\":512,\"caption\":\"RUBY ABALORIO S.L.\"}]}<\/script>\n<meta property=\"product:price:amount\" content=\"0.64\" \/>\n<meta property=\"product:price:currency\" content=\"EUR\" \/>\n<meta property=\"og:availability\" content=\"instock\" \/>\n<meta property=\"product:availability\" content=\"instock\" \/>\n<meta property=\"product:retailer_item_id\" content=\"BS-GZ-RX-0038\" \/>\n<meta property=\"product:condition\" content=\"new\" \/>\n<!-- \/ Yoast SEO Premium plugin. -->","yoast_head_json":{"title":"Wei\u00dfer Quarz-S\u00e4ulenstein-Anh\u00e4nger Kupferdraht umwickelt","description":"Quarz gilt als der Meisterkristall, der das spirituelle Bewusstsein und das Energieniveau auf h\u00f6chstem Niveau erh\u00f6hen kann.","robots":{"index":"index","follow":"follow","max-snippet":"max-snippet:-1","max-image-preview":"max-image-preview:large","max-video-preview":"max-video-preview:-1"},"canonical":"https:\/\/www.artestar.eu\/de\/gro\u00dfhandel\/weise-quarzdraht-goldene-umwickelte-kupfersaule\/","og_locale":"de_DE","og_type":"article","og_title":"Wei\u00dfer Quarz-S\u00e4ulenstein-Anh\u00e4nger Kupferdraht umwickelt","og_description":"Quarz gilt als der Meisterkristall, der das spirituelle Bewusstsein und das Energieniveau auf h\u00f6chstem Niveau erh\u00f6hen kann.","og_url":"https:\/\/www.artestar.eu\/de\/gro\u00dfhandel\/weise-quarzdraht-goldene-umwickelte-kupfersaule\/","og_site_name":"Artestar","article_publisher":"https:\/\/www.facebook.com\/ARTESTAREU","article_modified_time":"2023-09-23T03:10:21+00:00","og_image":[{"width":600,"height":600,"url":"https:\/\/www.artestar.eu\/wp-content\/uploads\/2023\/07\/natural-semi-precious-gemstone-pendants-gold-copper-wire-wrapped-white-quartz-pillar.jpg","type":"image\/jpeg"}],"twitter_card":"summary_large_image","twitter_misc":{"Preis":"0,64&nbsp;&euro; (Ohne MwSt)","Availability":"Auf Lager"},"schema":{"@context":"https:\/\/schema.org","@graph":[{"@type":"WebPage","@id":"https:\/\/www.artestar.eu\/de\/gro\u00dfhandel\/weise-quarzdraht-goldene-umwickelte-kupfersaule\/","url":"https:\/\/www.artestar.eu\/de\/gro\u00dfhandel\/weise-quarzdraht-goldene-umwickelte-kupfersaule\/","name":"Wei\u00dfer Quarz-S\u00e4ulenstein-Anh\u00e4nger Kupferdraht umwickelt","isPartOf":{"@id":"https:\/\/www.artestar.eu\/de\/#website"},"datePublished":"2023-07-18T08:15:42+00:00","dateModified":"2023-09-23T03:10:21+00:00","description":"Quarz gilt als der Meisterkristall, der das spirituelle Bewusstsein und das Energieniveau auf h\u00f6chstem Niveau erh\u00f6hen kann.","breadcrumb":{"@id":"https:\/\/www.artestar.eu\/de\/gro\u00dfhandel\/weise-quarzdraht-goldene-umwickelte-kupfersaule\/#breadcrumb"},"inLanguage":"de-DE","potentialAction":[{"@type":"ReadAction","target":["https:\/\/www.artestar.eu\/de\/gro\u00dfhandel\/weise-quarzdraht-goldene-umwickelte-kupfersaule\/"]}]},{"@type":"BreadcrumbList","@id":"https:\/\/www.artestar.eu\/de\/gro\u00dfhandel\/weise-quarzdraht-goldene-umwickelte-kupfersaule\/#breadcrumb","itemListElement":[{"@type":"ListItem","position":1,"name":"Artestar","item":"https:\/\/www.artestar.eu\/de\/"},{"@type":"ListItem","position":2,"name":"Gro\u00dfhandel","item":"https:\/\/www.artestar.eu\/de\/grosshandel\/"},{"@type":"ListItem","position":3,"name":"Wei\u00dfer Quarz-S\u00e4ulenstein-Anh\u00e4nger Kupferdraht umwickelt"}]},{"@type":"WebSite","@id":"https:\/\/www.artestar.eu\/de\/#website","url":"https:\/\/www.artestar.eu\/de\/","name":"Artestar","description":"Mayorista en abalorios y joyer\u00eda","publisher":{"@id":"https:\/\/www.artestar.eu\/de\/#organization"},"alternateName":"Artestar-EU","potentialAction":[{"@type":"SearchAction","target":{"@type":"EntryPoint","urlTemplate":"https:\/\/www.artestar.eu\/de\/?s={search_term_string}"},"query-input":"required name=search_term_string"}],"inLanguage":"de-DE"},{"@type":["Organization","Place"],"@id":"https:\/\/www.artestar.eu\/de\/#organization","name":"RUBY ABALORIO S.L.","alternateName":"Artestar","url":"https:\/\/www.artestar.eu\/de\/","logo":{"@id":"https:\/\/www.artestar.eu\/de\/gro\u00dfhandel\/weise-quarzdraht-goldene-umwickelte-kupfersaule\/#local-main-organization-logo"},"image":{"@id":"https:\/\/www.artestar.eu\/de\/gro\u00dfhandel\/weise-quarzdraht-goldene-umwickelte-kupfersaule\/#local-main-organization-logo"},"sameAs":["https:\/\/www.facebook.com\/ARTESTAREU","https:\/\/www.instagram.com\/artestareu\/","https:\/\/www.pinterest.es\/artestar_eu\/","https:\/\/www.tiktok.com\/@artestar_wholesale"],"openingHoursSpecification":[{"@type":"OpeningHoursSpecification","dayOfWeek":["Monday","Tuesday","Wednesday","Thursday","Friday","Saturday","Sunday"],"opens":"09:00","closes":"17:00"}]},{"@type":"ImageObject","inLanguage":"de-DE","@id":"https:\/\/www.artestar.eu\/de\/gro\u00dfhandel\/weise-quarzdraht-goldene-umwickelte-kupfersaule\/#local-main-organization-logo","url":"https:\/\/www.artestar.eu\/wp-content\/uploads\/2023\/05\/cropped-png.png","contentUrl":"https:\/\/www.artestar.eu\/wp-content\/uploads\/2023\/05\/cropped-png.png","width":512,"height":512,"caption":"RUBY ABALORIO S.L."}]},"product_price_amount":"0.64","product_price_currency":"EUR","og_availability":"instock","product_availability":"instock","product_retailer_item_id":"BS-GZ-RX-0038","product_condition":"new"},"tiered_pricing_type":"percentage","tiered_pricing_fixed_rules":{"10":"10"},"tiered_pricing_percentage_rules":[],"tiered_pricing_minimum":null,"_administrator_tiered_pricing_type":"fixed","_administrator_tiered_pricing_fixed_rules":[],"_editor_tiered_pricing_type":"fixed","_editor_tiered_pricing_fixed_rules":[],"_author_tiered_pricing_type":"fixed","_author_tiered_pricing_fixed_rules":[],"_contributor_tiered_pricing_type":"fixed","_contributor_tiered_pricing_fixed_rules":[],"_subscriber_tiered_pricing_type":"fixed","_subscriber_tiered_pricing_fixed_rules":[],"_wpseo_manager_tiered_pricing_type":"fixed","_wpseo_manager_tiered_pricing_fixed_rules":[],"_wpseo_editor_tiered_pricing_type":"fixed","_wpseo_editor_tiered_pricing_fixed_rules":[],"_customer_tiered_pricing_type":"fixed","_customer_tiered_pricing_fixed_rules":[],"_shop_manager_tiered_pricing_type":"fixed","_shop_manager_tiered_pricing_fixed_rules":[],"_product_manager_tiered_pricing_type":"fixed","_product_manager_tiered_pricing_fixed_rules":[],"_links":{"self":[{"href":"https:\/\/www.artestar.eu\/de\/wp-json\/wp\/v2\/product\/28269"}],"collection":[{"href":"https:\/\/www.artestar.eu\/de\/wp-json\/wp\/v2\/product"}],"about":[{"href":"https:\/\/www.artestar.eu\/de\/wp-json\/wp\/v2\/types\/product"}],"replies":[{"embeddable":true,"href":"https:\/\/www.artestar.eu\/de\/wp-json\/wp\/v2\/comments?post=28269"}],"version-history":[{"count":3,"href":"https:\/\/www.artestar.eu\/de\/wp-json\/wp\/v2\/product\/28269\/revisions"}],"predecessor-version":[{"id":35588,"href":"https:\/\/www.artestar.eu\/de\/wp-json\/wp\/v2\/product\/28269\/revisions\/35588"}],"wp:featuredmedia":[{"embeddable":true,"href":"https:\/\/www.artestar.eu\/de\/wp-json\/wp\/v2\/media\/22470"}],"wp:attachment":[{"href":"https:\/\/www.artestar.eu\/de\/wp-json\/wp\/v2\/media?parent=28269"}],"wp:term":[{"taxonomy":"product_cat","embeddable":true,"href":"https:\/\/www.artestar.eu\/de\/wp-json\/wp\/v2\/product_cat?post=28269"},{"taxonomy":"product_tag","embeddable":true,"href":"https:\/\/www.artestar.eu\/de\/wp-json\/wp\/v2\/product_tag?post=28269"}],"curies":[{"name":"wp","href":"https:\/\/api.w.org\/{rel}","templated":true}]}}