{"id":28426,"date":"2023-06-19T05:13:31","date_gmt":"2023-06-19T05:13:31","guid":{"rendered":"https:\/\/www.artestar.eu\/al-por-mayor\/turmalina-flor-de-ciruelo-cuentas-de-piedra\/"},"modified":"2023-10-16T02:53:02","modified_gmt":"2023-10-16T02:53:02","slug":"turmalin-pflaumen-bluten-steinperlen","status":"publish","type":"product","link":"https:\/\/www.artestar.eu\/de\/gro\u00dfhandel\/turmalin-pflaumen-bluten-steinperlen\/","title":{"rendered":"Turmalin Pflaume Bl\u00fcten Steinperlen"},"content":{"rendered":"<p>Turmalin Pflaumenbl\u00fcte Steinperlen: 6mm &#8211; 8mm &#8211; 10mm, Loch: 1mm.<\/p>\n<ul>\n<li>Denn jede Edelsteinperle ist aus reinen Naturmaterialien gefertigt und sorgt f\u00fcr einen einzigartigen Look.<\/li>\n<li>Natursteinperlen sind nach dem Polieren weich und rund, wodurch sie angenehm zu verwenden sind. Dar\u00fcber hinaus machen ihre einheitliche Gr\u00f6\u00dfe und einzigartige Textur und Farbe Edelsteinperlen einzigartig.<\/li>\n<li>Nat\u00fcrliche Halbedelsteinperlen k\u00f6nnen Stress und \u00c4ngste abbauen, eine positive mentale Note geben, eine optimistische Lebenseinstellung vermitteln und sollen die Energie des Universums auf den K\u00f6rper \u00fcbertragen.<\/li>\n<li>Diese sch\u00f6nen Steinperlen eignen sich perfekt zum Einf\u00e4deln, verwenden Sie einfach Perlenfaden durch das Perlenloch und verwenden Sie sie in Ihren Projekten. Viel Spa\u00df beim Basteln von Schmuck!<\/li>\n<li>Diese perforierten Perlen k\u00f6nnen mit anderen Metallaccessoires, Kristallen, Perlen, Muscheln usw. kombiniert werden, um Kunsthandwerk, Halsketten, Armb\u00e4nder, Ohrringe, Wohndekorationen usw. herzustellen. Schenken Sie es Familie und Freunden, die gerne basteln. Es ist nicht nur ein perfektes Geschenk, sondern enth\u00e4lt auch die besten W\u00fcnsche.<\/li>\n<\/ul>\n<p><img decoding=\"async\" class=\"alignnone size-full wp-image-6843\" src=\"https:\/\/www.artestar.eu%E2%80%8B%E2%80%8B%E2%80%8B%E2%80%8B\/wp-content\/uploads\/2023\/06\/semi-precious-stones-round-gemstone-beads-3.jpg\" alt=\"Turmalin runde Pflaumenbl\u00fcte\" width=\"600\" height=\"600\" srcset=\"https:\/\/www.artestar.eu\/wp-content\/uploads\/2023\/06\/semi-precious-stones-round-gemstone-beads-3.jpg 600w, https:\/\/www.artestar.eu\/wp-content\/uploads\/2023\/06\/semi-precious-stones-round-gemstone-beads-3-300x300.jpg 300w, https:\/\/www.artestar.eu\/wp-content\/uploads\/2023\/06\/semi-precious-stones-round-gemstone-beads-3-150x150.jpg 150w, https:\/\/www.artestar.eu\/wp-content\/uploads\/2023\/06\/semi-precious-stones-round-gemstone-beads-3-450x450.jpg 450w, https:\/\/www.artestar.eu\/wp-content\/uploads\/2023\/06\/semi-precious-stones-round-gemstone-beads-3-54x54.jpg 54w\" sizes=\"(max-width: 600px) 100vw, 600px\" \/><\/p>\n<h5>Turmalina flor de ciruelo cuentas de piedra redonda natural<\/h5>\n<p><strong>Vorsichtsma\u00dfnahmen:<\/strong><\/p>\n<ul>\n<li>Aufgrund unterschiedlicher Monitore und Aufl\u00f6sungen kann die Farbe des Bildes geringf\u00fcgig von der tats\u00e4chlichen Farbe abweichen.<\/li>\n<li>In einer Kette von Konten gleicher L\u00e4nge. Die Anzahl der Perlen kann aufgrund von Unterschieden in der Handwerkskunst oder den Produktionschargen leicht variieren.<\/li>\n<li>Steinperlen sollten vor intensiver Sonneneinstrahlung gesch\u00fctzt werden, um die Textur und Farbe des Edelsteins nicht zu besch\u00e4digen.<\/li>\n<li>Warnung: Kinder unter drei Jahren vermeiden Kontakt, es besteht Erstickungsgefahr.<\/li>\n<\/ul>\n","protected":false},"excerpt":{"rendered":"<p><img decoding=\"async\" class=\"alignnone size-full wp-image-9012\" src=\"https:\/\/www.artestar.eu%E2%80%8B%E2%80%8B%E2%80%8B%E2%80%8B\/wp-content\/uploads\/2023\/06\/gemstone-beads-plum-blossom-tourmaline-size.jpg\" alt=\"Turmalin-Pflaumenbl\u00fcten-Perlen\" width=\"1000\" height=\"180\" srcset=\"https:\/\/www.artestar.eu\/wp-content\/uploads\/2023\/06\/gemstone-beads-plum-blossom-tourmaline-size.jpg 1000w, https:\/\/www.artestar.eu\/wp-content\/uploads\/2023\/06\/gemstone-beads-plum-blossom-tourmaline-size-300x54.jpg 300w, https:\/\/www.artestar.eu\/wp-content\/uploads\/2023\/06\/gemstone-beads-plum-blossom-tourmaline-size-768x138.jpg 768w, https:\/\/www.artestar.eu\/wp-content\/uploads\/2023\/06\/gemstone-beads-plum-blossom-tourmaline-size-600x108.jpg 600w, https:\/\/www.artestar.eu\/wp-content\/uploads\/2023\/06\/gemstone-beads-plum-blossom-tourmaline-size-90x16.jpg 90w\" sizes=\"(max-width: 1000px) 100vw, 1000px\" \/>Ungef\u00e4hrer Betrag<\/p>\n<ul>\n<li>Perlen aus nat\u00fcrlichen Halbedelsteinen, kleine Unvollkommenheiten sind erlaubt.<\/li>\n<li>Aufgrund der unterschiedlichen Anzeigeger\u00e4te kommt es zu einer leichten Farbabweichung.<\/li>\n<\/ul>\n","protected":false},"featured_media":17164,"comment_status":"open","ping_status":"closed","template":"","meta":[],"product_cat":[1565,1492,1493],"product_tag":[],"yoast_head":"<!-- This site is optimized with the Yoast SEO Premium plugin v20.5 (Yoast SEO v21.5) - https:\/\/yoast.com\/wordpress\/plugins\/seo\/ -->\n<title>Turmalin Pflaumenbl\u00fcte Steinperlen - Artestar<\/title>\n<meta name=\"description\" content=\"Turmalin f\u00f6rdert spirituelles Erwachen, Harmonie, Toleranz und Freundlichkeit. Es hilft, mit den h\u00f6heren Energien zu kommunizieren.\" \/>\n<meta name=\"robots\" content=\"index, follow, max-snippet:-1, max-image-preview:large, max-video-preview:-1\" \/>\n<link rel=\"canonical\" href=\"https:\/\/www.artestar.eu\/de\/gro\u00dfhandel\/turmalin-pflaumen-bluten-steinperlen\/\" \/>\n<meta property=\"og:locale\" content=\"de_DE\" \/>\n<meta property=\"og:type\" content=\"article\" \/>\n<meta property=\"og:title\" content=\"Turmalin Pflaume Bl\u00fcten Steinperlen\" \/>\n<meta property=\"og:description\" content=\"Turmalin f\u00f6rdert spirituelles Erwachen, Harmonie, Toleranz und Freundlichkeit. Es hilft, mit den h\u00f6heren Energien zu kommunizieren.\" \/>\n<meta property=\"og:url\" content=\"https:\/\/www.artestar.eu\/de\/gro\u00dfhandel\/turmalin-pflaumen-bluten-steinperlen\/\" \/>\n<meta property=\"og:site_name\" content=\"Artestar\" \/>\n<meta property=\"article:publisher\" content=\"https:\/\/www.facebook.com\/ARTESTAREU\" \/>\n<meta property=\"article:modified_time\" content=\"2023-10-16T02:53:02+00:00\" \/>\n<meta property=\"og:image\" content=\"https:\/\/www.artestar.eu\/wp-content\/uploads\/2023\/06\/semi-precious-gemstone-beads-plum-blossom-tourmaline.jpg\" \/>\n\t<meta property=\"og:image:width\" content=\"600\" \/>\n\t<meta property=\"og:image:height\" content=\"600\" \/>\n\t<meta property=\"og:image:type\" content=\"image\/jpeg\" \/>\n<meta name=\"twitter:card\" content=\"summary_large_image\" \/>\n<meta name=\"twitter:label1\" content=\"Availability\" \/>\n\t<meta name=\"twitter:data1\" content=\"Auf Lager\" \/>\n<script type=\"application\/ld+json\" class=\"yoast-schema-graph\">{\"@context\":\"https:\/\/schema.org\",\"@graph\":[{\"@type\":\"WebPage\",\"@id\":\"https:\/\/www.artestar.eu\/de\/gro\u00dfhandel\/turmalin-pflaumen-bluten-steinperlen\/\",\"url\":\"https:\/\/www.artestar.eu\/de\/gro\u00dfhandel\/turmalin-pflaumen-bluten-steinperlen\/\",\"name\":\"Turmalin Pflaumenbl\u00fcte Steinperlen - Artestar\",\"isPartOf\":{\"@id\":\"https:\/\/www.artestar.eu\/de\/#website\"},\"datePublished\":\"2023-06-19T05:13:31+00:00\",\"dateModified\":\"2023-10-16T02:53:02+00:00\",\"description\":\"Turmalin f\u00f6rdert spirituelles Erwachen, Harmonie, Toleranz und Freundlichkeit. Es hilft, mit den h\u00f6heren Energien zu kommunizieren.\",\"breadcrumb\":{\"@id\":\"https:\/\/www.artestar.eu\/de\/gro\u00dfhandel\/turmalin-pflaumen-bluten-steinperlen\/#breadcrumb\"},\"inLanguage\":\"de-DE\",\"potentialAction\":[{\"@type\":\"ReadAction\",\"target\":[\"https:\/\/www.artestar.eu\/de\/gro\u00dfhandel\/turmalin-pflaumen-bluten-steinperlen\/\"]}]},{\"@type\":\"BreadcrumbList\",\"@id\":\"https:\/\/www.artestar.eu\/de\/gro\u00dfhandel\/turmalin-pflaumen-bluten-steinperlen\/#breadcrumb\",\"itemListElement\":[{\"@type\":\"ListItem\",\"position\":1,\"name\":\"Artestar\",\"item\":\"https:\/\/www.artestar.eu\/de\/\"},{\"@type\":\"ListItem\",\"position\":2,\"name\":\"Gro\u00dfhandel\",\"item\":\"https:\/\/www.artestar.eu\/de\/grosshandel\/\"},{\"@type\":\"ListItem\",\"position\":3,\"name\":\"Turmalin Pflaume Bl\u00fcten Steinperlen\"}]},{\"@type\":\"WebSite\",\"@id\":\"https:\/\/www.artestar.eu\/de\/#website\",\"url\":\"https:\/\/www.artestar.eu\/de\/\",\"name\":\"Artestar\",\"description\":\"Mayorista en abalorios y joyer\u00eda\",\"publisher\":{\"@id\":\"https:\/\/www.artestar.eu\/de\/#organization\"},\"alternateName\":\"Artestar-EU\",\"potentialAction\":[{\"@type\":\"SearchAction\",\"target\":{\"@type\":\"EntryPoint\",\"urlTemplate\":\"https:\/\/www.artestar.eu\/de\/?s={search_term_string}\"},\"query-input\":\"required name=search_term_string\"}],\"inLanguage\":\"de-DE\"},{\"@type\":[\"Organization\",\"Place\"],\"@id\":\"https:\/\/www.artestar.eu\/de\/#organization\",\"name\":\"RUBY ABALORIO S.L.\",\"alternateName\":\"Artestar\",\"url\":\"https:\/\/www.artestar.eu\/de\/\",\"logo\":{\"@id\":\"https:\/\/www.artestar.eu\/de\/gro\u00dfhandel\/turmalin-pflaumen-bluten-steinperlen\/#local-main-organization-logo\"},\"image\":{\"@id\":\"https:\/\/www.artestar.eu\/de\/gro\u00dfhandel\/turmalin-pflaumen-bluten-steinperlen\/#local-main-organization-logo\"},\"sameAs\":[\"https:\/\/www.facebook.com\/ARTESTAREU\",\"https:\/\/www.instagram.com\/artestareu\/\",\"https:\/\/www.pinterest.es\/artestar_eu\/\",\"https:\/\/www.tiktok.com\/@artestar_wholesale\"],\"openingHoursSpecification\":[{\"@type\":\"OpeningHoursSpecification\",\"dayOfWeek\":[\"Monday\",\"Tuesday\",\"Wednesday\",\"Thursday\",\"Friday\",\"Saturday\",\"Sunday\"],\"opens\":\"09:00\",\"closes\":\"17:00\"}]},{\"@type\":\"ImageObject\",\"inLanguage\":\"de-DE\",\"@id\":\"https:\/\/www.artestar.eu\/de\/gro\u00dfhandel\/turmalin-pflaumen-bluten-steinperlen\/#local-main-organization-logo\",\"url\":\"https:\/\/www.artestar.eu\/wp-content\/uploads\/2023\/05\/cropped-png.png\",\"contentUrl\":\"https:\/\/www.artestar.eu\/wp-content\/uploads\/2023\/05\/cropped-png.png\",\"width\":512,\"height\":512,\"caption\":\"RUBY ABALORIO S.L.\"}]}<\/script>\n<meta property=\"og:availability\" content=\"instock\" \/>\n<meta property=\"product:availability\" content=\"instock\" \/>\n<meta property=\"product:retailer_item_id\" content=\"BS-YZ-0093-0095\" \/>\n<meta property=\"product:condition\" content=\"new\" \/>\n<!-- \/ Yoast SEO Premium plugin. -->","yoast_head_json":{"title":"Turmalin Pflaumenbl\u00fcte Steinperlen - Artestar","description":"Turmalin f\u00f6rdert spirituelles Erwachen, Harmonie, Toleranz und Freundlichkeit. Es hilft, mit den h\u00f6heren Energien zu kommunizieren.","robots":{"index":"index","follow":"follow","max-snippet":"max-snippet:-1","max-image-preview":"max-image-preview:large","max-video-preview":"max-video-preview:-1"},"canonical":"https:\/\/www.artestar.eu\/de\/gro\u00dfhandel\/turmalin-pflaumen-bluten-steinperlen\/","og_locale":"de_DE","og_type":"article","og_title":"Turmalin Pflaume Bl\u00fcten Steinperlen","og_description":"Turmalin f\u00f6rdert spirituelles Erwachen, Harmonie, Toleranz und Freundlichkeit. Es hilft, mit den h\u00f6heren Energien zu kommunizieren.","og_url":"https:\/\/www.artestar.eu\/de\/gro\u00dfhandel\/turmalin-pflaumen-bluten-steinperlen\/","og_site_name":"Artestar","article_publisher":"https:\/\/www.facebook.com\/ARTESTAREU","article_modified_time":"2023-10-16T02:53:02+00:00","og_image":[{"width":600,"height":600,"url":"https:\/\/www.artestar.eu\/wp-content\/uploads\/2023\/06\/semi-precious-gemstone-beads-plum-blossom-tourmaline.jpg","type":"image\/jpeg"}],"twitter_card":"summary_large_image","twitter_misc":{"Availability":"Auf Lager"},"schema":{"@context":"https:\/\/schema.org","@graph":[{"@type":"WebPage","@id":"https:\/\/www.artestar.eu\/de\/gro\u00dfhandel\/turmalin-pflaumen-bluten-steinperlen\/","url":"https:\/\/www.artestar.eu\/de\/gro\u00dfhandel\/turmalin-pflaumen-bluten-steinperlen\/","name":"Turmalin Pflaumenbl\u00fcte Steinperlen - Artestar","isPartOf":{"@id":"https:\/\/www.artestar.eu\/de\/#website"},"datePublished":"2023-06-19T05:13:31+00:00","dateModified":"2023-10-16T02:53:02+00:00","description":"Turmalin f\u00f6rdert spirituelles Erwachen, Harmonie, Toleranz und Freundlichkeit. Es hilft, mit den h\u00f6heren Energien zu kommunizieren.","breadcrumb":{"@id":"https:\/\/www.artestar.eu\/de\/gro\u00dfhandel\/turmalin-pflaumen-bluten-steinperlen\/#breadcrumb"},"inLanguage":"de-DE","potentialAction":[{"@type":"ReadAction","target":["https:\/\/www.artestar.eu\/de\/gro\u00dfhandel\/turmalin-pflaumen-bluten-steinperlen\/"]}]},{"@type":"BreadcrumbList","@id":"https:\/\/www.artestar.eu\/de\/gro\u00dfhandel\/turmalin-pflaumen-bluten-steinperlen\/#breadcrumb","itemListElement":[{"@type":"ListItem","position":1,"name":"Artestar","item":"https:\/\/www.artestar.eu\/de\/"},{"@type":"ListItem","position":2,"name":"Gro\u00dfhandel","item":"https:\/\/www.artestar.eu\/de\/grosshandel\/"},{"@type":"ListItem","position":3,"name":"Turmalin Pflaume Bl\u00fcten Steinperlen"}]},{"@type":"WebSite","@id":"https:\/\/www.artestar.eu\/de\/#website","url":"https:\/\/www.artestar.eu\/de\/","name":"Artestar","description":"Mayorista en abalorios y joyer\u00eda","publisher":{"@id":"https:\/\/www.artestar.eu\/de\/#organization"},"alternateName":"Artestar-EU","potentialAction":[{"@type":"SearchAction","target":{"@type":"EntryPoint","urlTemplate":"https:\/\/www.artestar.eu\/de\/?s={search_term_string}"},"query-input":"required name=search_term_string"}],"inLanguage":"de-DE"},{"@type":["Organization","Place"],"@id":"https:\/\/www.artestar.eu\/de\/#organization","name":"RUBY ABALORIO S.L.","alternateName":"Artestar","url":"https:\/\/www.artestar.eu\/de\/","logo":{"@id":"https:\/\/www.artestar.eu\/de\/gro\u00dfhandel\/turmalin-pflaumen-bluten-steinperlen\/#local-main-organization-logo"},"image":{"@id":"https:\/\/www.artestar.eu\/de\/gro\u00dfhandel\/turmalin-pflaumen-bluten-steinperlen\/#local-main-organization-logo"},"sameAs":["https:\/\/www.facebook.com\/ARTESTAREU","https:\/\/www.instagram.com\/artestareu\/","https:\/\/www.pinterest.es\/artestar_eu\/","https:\/\/www.tiktok.com\/@artestar_wholesale"],"openingHoursSpecification":[{"@type":"OpeningHoursSpecification","dayOfWeek":["Monday","Tuesday","Wednesday","Thursday","Friday","Saturday","Sunday"],"opens":"09:00","closes":"17:00"}]},{"@type":"ImageObject","inLanguage":"de-DE","@id":"https:\/\/www.artestar.eu\/de\/gro\u00dfhandel\/turmalin-pflaumen-bluten-steinperlen\/#local-main-organization-logo","url":"https:\/\/www.artestar.eu\/wp-content\/uploads\/2023\/05\/cropped-png.png","contentUrl":"https:\/\/www.artestar.eu\/wp-content\/uploads\/2023\/05\/cropped-png.png","width":512,"height":512,"caption":"RUBY ABALORIO S.L."}]},"og_availability":"instock","product_availability":"instock","product_retailer_item_id":"BS-YZ-0093-0095","product_condition":"new"},"tiered_pricing_type":"fixed","tiered_pricing_fixed_rules":[],"tiered_pricing_percentage_rules":[],"tiered_pricing_minimum":null,"_administrator_tiered_pricing_type":"fixed","_administrator_tiered_pricing_fixed_rules":[],"_editor_tiered_pricing_type":"fixed","_editor_tiered_pricing_fixed_rules":[],"_author_tiered_pricing_type":"fixed","_author_tiered_pricing_fixed_rules":[],"_contributor_tiered_pricing_type":"fixed","_contributor_tiered_pricing_fixed_rules":[],"_subscriber_tiered_pricing_type":"fixed","_subscriber_tiered_pricing_fixed_rules":[],"_wpseo_manager_tiered_pricing_type":"fixed","_wpseo_manager_tiered_pricing_fixed_rules":[],"_wpseo_editor_tiered_pricing_type":"fixed","_wpseo_editor_tiered_pricing_fixed_rules":[],"_customer_tiered_pricing_type":"fixed","_customer_tiered_pricing_fixed_rules":[],"_shop_manager_tiered_pricing_type":"fixed","_shop_manager_tiered_pricing_fixed_rules":[],"_product_manager_tiered_pricing_type":"fixed","_product_manager_tiered_pricing_fixed_rules":[],"_links":{"self":[{"href":"https:\/\/www.artestar.eu\/de\/wp-json\/wp\/v2\/product\/28426"}],"collection":[{"href":"https:\/\/www.artestar.eu\/de\/wp-json\/wp\/v2\/product"}],"about":[{"href":"https:\/\/www.artestar.eu\/de\/wp-json\/wp\/v2\/types\/product"}],"replies":[{"embeddable":true,"href":"https:\/\/www.artestar.eu\/de\/wp-json\/wp\/v2\/comments?post=28426"}],"version-history":[{"count":2,"href":"https:\/\/www.artestar.eu\/de\/wp-json\/wp\/v2\/product\/28426\/revisions"}],"predecessor-version":[{"id":36464,"href":"https:\/\/www.artestar.eu\/de\/wp-json\/wp\/v2\/product\/28426\/revisions\/36464"}],"wp:featuredmedia":[{"embeddable":true,"href":"https:\/\/www.artestar.eu\/de\/wp-json\/wp\/v2\/media\/17164"}],"wp:attachment":[{"href":"https:\/\/www.artestar.eu\/de\/wp-json\/wp\/v2\/media?parent=28426"}],"wp:term":[{"taxonomy":"product_cat","embeddable":true,"href":"https:\/\/www.artestar.eu\/de\/wp-json\/wp\/v2\/product_cat?post=28426"},{"taxonomy":"product_tag","embeddable":true,"href":"https:\/\/www.artestar.eu\/de\/wp-json\/wp\/v2\/product_tag?post=28426"}],"curies":[{"name":"wp","href":"https:\/\/api.w.org\/{rel}","templated":true}]}}