{"id":28544,"date":"2023-06-19T01:21:49","date_gmt":"2023-06-19T01:21:49","guid":{"rendered":"https:\/\/www.artestar.eu\/al-por-mayor\/cuentas-de-nacar-abalorios-heishi\/"},"modified":"2023-10-17T05:03:44","modified_gmt":"2023-10-17T05:03:44","slug":"perlmutt-perlen-heishi-perlen","status":"publish","type":"product","link":"https:\/\/www.artestar.eu\/de\/gro\u00dfhandel\/perlmutt-perlen-heishi-perlen\/","title":{"rendered":"Perlmuttperlen heishi Perlen"},"content":{"rendered":"<p>Perlmuttperlen naturfarbene Heishi-Perlen gibt es in vielen h\u00fcbschen Farben und einer Vielzahl von Formen, was sie sehr selektiv macht. F\u00fchlen Sie sich frei, Ihre Lieblingsfarbe und -form zu w\u00e4hlen, um Ihren eigenen kreativen DIY-Schmuck zu kreieren.<\/p>\n<h5>Charaktereigenschaften:<\/h5>\n<ul>\n<li>Die Oberfl\u00e4che dieser naturfarbenen Perlmuttperlen ist nicht nur weich, frisch und sch\u00f6n, sondern auch leicht und angenehm zu tragen.<\/li>\n<li>Denn diese bunten Muschelscheibenperlen sind das perfekte Perlenzubeh\u00f6r. Und Sie k\u00f6nnen einen einzigartigen Stil kreieren und Ihren Schmuck atemberaubend machen. Diese losen Perlen eignen sich f\u00fcr Modeschmuckdesigns, DIY-Geschenke, Halsketten, Anh\u00e4nger, Armb\u00e4nder, Ohrringe, Kleideraccessoires, Wohnkultur und Hochzeitsdesigns.<\/li>\n<li>Da die Muschelperlen mit Faden befestigt sind, m\u00fcssen Sie sich nicht anstrengen, um sie zu durchstechen. Sie k\u00f6nnen auch mit Metallketten und Kristall-Edelsteinperlen verwendet werden, um stilvollen Haarschmuck, Kleideraccessoires und mehr herzustellen.<\/li>\n<li>Verwenden Sie diese Perlmuttperlen Heishi-Perlen, um verschiedene handgefertigte Geschenke herzustellen. Sie k\u00f6nnen als wertvolle Geschenke f\u00fcr Ihre Familie und Freunde an Geburtstagen, Weihnachten, Thanksgiving und anderen besonderen Feiertagsjubil\u00e4en usw. verwendet werden. Oder verschenke sie an deine handwerksbegeisterten Freunde. Es wird nicht nur deine handwerklichen F\u00e4higkeiten verbessern, sondern auch ein Band der Freundschaft zwischen dir und deinem Freund schaffen.<\/li>\n<li>Perlmutt ist wohl ein nat\u00fcrliches Muschelmaterial, das nat\u00fcrlicherweise in bestimmten Muscheln vorkommt. Wer schon einmal eine Austernschale ge\u00f6ffnet und hineingeschaut hat, dem wird leicht auffallen, dass Perlmutt Schmuckkreationen mit schimmernden Reflexen schm\u00fcckt, ihnen einen weichen, femininen Charme verleiht und Schutz symbolisiert.<\/li>\n<\/ul>\n<h6>Warnung:<\/h6>\n<ul>\n<li>Aufgrund der unterschiedlichen Anzeigeger\u00e4te sind leichte Farbabweichungen erlaubt.<\/li>\n<li>Kinder unter drei Jahren sollten den Kontakt mit dem Produkt aufgrund der Erstickungsgefahr vermeiden.<\/li>\n<li>Beim Tragen von Perlmuttschmuck wird empfohlen, ihn nicht Chemikalien wie Parf\u00fcms, Duschgels und Reinigungsmitteln auszusetzen, da diese die nat\u00fcrliche Farbe des Perlmutts ver\u00e4ndern oder sogar besch\u00e4digen k\u00f6nnen. Um Perlmutt zu reinigen, wischen Sie es einfach mit einem weichen Tuch oder Mikrofasertuch ab.<\/li>\n<\/ul>\n","protected":false},"excerpt":{"rendered":"<ul>\n<li>Durchmesser: ca. 4.5 ~5mm<\/li>\n<li>St\u00e4rke: ca. 0.4 ~ 6mm<\/li>\n<li>Die L\u00e4nge einer Perlenkette: ca. 60~ 62cm<\/li>\n<li>Es wird zur Herstellung von Halsketten, Ohrringen, Armb\u00e4ndern und anderem Schmuck verwendet<\/li>\n<\/ul>\n","protected":false},"featured_media":16971,"comment_status":"open","ping_status":"closed","template":"","meta":[],"product_cat":[1689,1690,1492],"product_tag":[],"yoast_head":"<!-- This site is optimized with the Yoast SEO Premium plugin v20.5 (Yoast SEO v21.5) - https:\/\/yoast.com\/wordpress\/plugins\/seo\/ -->\n<title>Perlen aus Perlmutt heishi - Artestar<\/title>\n<meta name=\"description\" content=\"Diese Perlmutt-Heishi-Perlenperlen sind das perfekte Perlenzubeh\u00f6r. Sie k\u00f6nnen einen einzigartigen Stil kreieren, um Ihren Schmuck atemberaubend zu machen.\" \/>\n<meta name=\"robots\" content=\"index, follow, max-snippet:-1, max-image-preview:large, max-video-preview:-1\" \/>\n<link rel=\"canonical\" href=\"https:\/\/www.artestar.eu\/de\/gro\u00dfhandel\/perlmutt-perlen-heishi-perlen\/\" \/>\n<meta property=\"og:locale\" content=\"de_DE\" \/>\n<meta property=\"og:type\" content=\"article\" \/>\n<meta property=\"og:title\" content=\"Perlmuttperlen heishi Perlen\" \/>\n<meta property=\"og:description\" content=\"Diese Perlmutt-Heishi-Perlenperlen sind das perfekte Perlenzubeh\u00f6r. Sie k\u00f6nnen einen einzigartigen Stil kreieren, um Ihren Schmuck atemberaubend zu machen.\" \/>\n<meta property=\"og:url\" content=\"https:\/\/www.artestar.eu\/de\/gro\u00dfhandel\/perlmutt-perlen-heishi-perlen\/\" \/>\n<meta property=\"og:site_name\" content=\"Artestar\" \/>\n<meta property=\"article:publisher\" content=\"https:\/\/www.facebook.com\/ARTESTAREU\" \/>\n<meta property=\"article:modified_time\" content=\"2023-10-17T05:03:44+00:00\" \/>\n<meta property=\"og:image\" content=\"https:\/\/www.artestar.eu\/wp-content\/uploads\/2023\/06\/disc-beads-shell-beads.jpg\" \/>\n\t<meta property=\"og:image:width\" content=\"600\" \/>\n\t<meta property=\"og:image:height\" content=\"600\" \/>\n\t<meta property=\"og:image:type\" content=\"image\/jpeg\" \/>\n<meta name=\"twitter:card\" content=\"summary_large_image\" \/>\n<meta name=\"twitter:label1\" content=\"Availability\" \/>\n\t<meta name=\"twitter:data1\" content=\"Auf Lager\" \/>\n<script type=\"application\/ld+json\" class=\"yoast-schema-graph\">{\"@context\":\"https:\/\/schema.org\",\"@graph\":[{\"@type\":\"WebPage\",\"@id\":\"https:\/\/www.artestar.eu\/de\/gro\u00dfhandel\/perlmutt-perlen-heishi-perlen\/\",\"url\":\"https:\/\/www.artestar.eu\/de\/gro\u00dfhandel\/perlmutt-perlen-heishi-perlen\/\",\"name\":\"Perlen aus Perlmutt heishi - Artestar\",\"isPartOf\":{\"@id\":\"https:\/\/www.artestar.eu\/de\/#website\"},\"datePublished\":\"2023-06-19T01:21:49+00:00\",\"dateModified\":\"2023-10-17T05:03:44+00:00\",\"description\":\"Diese Perlmutt-Heishi-Perlenperlen sind das perfekte Perlenzubeh\u00f6r. Sie k\u00f6nnen einen einzigartigen Stil kreieren, um Ihren Schmuck atemberaubend zu machen.\",\"breadcrumb\":{\"@id\":\"https:\/\/www.artestar.eu\/de\/gro\u00dfhandel\/perlmutt-perlen-heishi-perlen\/#breadcrumb\"},\"inLanguage\":\"de-DE\",\"potentialAction\":[{\"@type\":\"ReadAction\",\"target\":[\"https:\/\/www.artestar.eu\/de\/gro\u00dfhandel\/perlmutt-perlen-heishi-perlen\/\"]}]},{\"@type\":\"BreadcrumbList\",\"@id\":\"https:\/\/www.artestar.eu\/de\/gro\u00dfhandel\/perlmutt-perlen-heishi-perlen\/#breadcrumb\",\"itemListElement\":[{\"@type\":\"ListItem\",\"position\":1,\"name\":\"Artestar\",\"item\":\"https:\/\/www.artestar.eu\/de\/\"},{\"@type\":\"ListItem\",\"position\":2,\"name\":\"Gro\u00dfhandel\",\"item\":\"https:\/\/www.artestar.eu\/de\/grosshandel\/\"},{\"@type\":\"ListItem\",\"position\":3,\"name\":\"Perlmuttperlen heishi Perlen\"}]},{\"@type\":\"WebSite\",\"@id\":\"https:\/\/www.artestar.eu\/de\/#website\",\"url\":\"https:\/\/www.artestar.eu\/de\/\",\"name\":\"Artestar\",\"description\":\"Mayorista en abalorios y joyer\u00eda\",\"publisher\":{\"@id\":\"https:\/\/www.artestar.eu\/de\/#organization\"},\"alternateName\":\"Artestar-EU\",\"potentialAction\":[{\"@type\":\"SearchAction\",\"target\":{\"@type\":\"EntryPoint\",\"urlTemplate\":\"https:\/\/www.artestar.eu\/de\/?s={search_term_string}\"},\"query-input\":\"required name=search_term_string\"}],\"inLanguage\":\"de-DE\"},{\"@type\":[\"Organization\",\"Place\"],\"@id\":\"https:\/\/www.artestar.eu\/de\/#organization\",\"name\":\"RUBY ABALORIO S.L.\",\"alternateName\":\"Artestar\",\"url\":\"https:\/\/www.artestar.eu\/de\/\",\"logo\":{\"@id\":\"https:\/\/www.artestar.eu\/de\/gro\u00dfhandel\/perlmutt-perlen-heishi-perlen\/#local-main-organization-logo\"},\"image\":{\"@id\":\"https:\/\/www.artestar.eu\/de\/gro\u00dfhandel\/perlmutt-perlen-heishi-perlen\/#local-main-organization-logo\"},\"sameAs\":[\"https:\/\/www.facebook.com\/ARTESTAREU\",\"https:\/\/www.instagram.com\/artestareu\/\",\"https:\/\/www.pinterest.es\/artestar_eu\/\",\"https:\/\/www.tiktok.com\/@artestar_wholesale\"],\"openingHoursSpecification\":[{\"@type\":\"OpeningHoursSpecification\",\"dayOfWeek\":[\"Monday\",\"Tuesday\",\"Wednesday\",\"Thursday\",\"Friday\",\"Saturday\",\"Sunday\"],\"opens\":\"09:00\",\"closes\":\"17:00\"}]},{\"@type\":\"ImageObject\",\"inLanguage\":\"de-DE\",\"@id\":\"https:\/\/www.artestar.eu\/de\/gro\u00dfhandel\/perlmutt-perlen-heishi-perlen\/#local-main-organization-logo\",\"url\":\"https:\/\/www.artestar.eu\/wp-content\/uploads\/2023\/05\/cropped-png.png\",\"contentUrl\":\"https:\/\/www.artestar.eu\/wp-content\/uploads\/2023\/05\/cropped-png.png\",\"width\":512,\"height\":512,\"caption\":\"RUBY ABALORIO S.L.\"}]}<\/script>\n<meta property=\"og:availability\" content=\"instock\" \/>\n<meta property=\"product:availability\" content=\"instock\" \/>\n<meta property=\"product:retailer_item_id\" content=\"BK-YZ-YP-0001-0013\" \/>\n<meta property=\"product:condition\" content=\"new\" \/>\n<!-- \/ Yoast SEO Premium plugin. -->","yoast_head_json":{"title":"Perlen aus Perlmutt heishi - Artestar","description":"Diese Perlmutt-Heishi-Perlenperlen sind das perfekte Perlenzubeh\u00f6r. Sie k\u00f6nnen einen einzigartigen Stil kreieren, um Ihren Schmuck atemberaubend zu machen.","robots":{"index":"index","follow":"follow","max-snippet":"max-snippet:-1","max-image-preview":"max-image-preview:large","max-video-preview":"max-video-preview:-1"},"canonical":"https:\/\/www.artestar.eu\/de\/gro\u00dfhandel\/perlmutt-perlen-heishi-perlen\/","og_locale":"de_DE","og_type":"article","og_title":"Perlmuttperlen heishi Perlen","og_description":"Diese Perlmutt-Heishi-Perlenperlen sind das perfekte Perlenzubeh\u00f6r. Sie k\u00f6nnen einen einzigartigen Stil kreieren, um Ihren Schmuck atemberaubend zu machen.","og_url":"https:\/\/www.artestar.eu\/de\/gro\u00dfhandel\/perlmutt-perlen-heishi-perlen\/","og_site_name":"Artestar","article_publisher":"https:\/\/www.facebook.com\/ARTESTAREU","article_modified_time":"2023-10-17T05:03:44+00:00","og_image":[{"width":600,"height":600,"url":"https:\/\/www.artestar.eu\/wp-content\/uploads\/2023\/06\/disc-beads-shell-beads.jpg","type":"image\/jpeg"}],"twitter_card":"summary_large_image","twitter_misc":{"Availability":"Auf Lager"},"schema":{"@context":"https:\/\/schema.org","@graph":[{"@type":"WebPage","@id":"https:\/\/www.artestar.eu\/de\/gro\u00dfhandel\/perlmutt-perlen-heishi-perlen\/","url":"https:\/\/www.artestar.eu\/de\/gro\u00dfhandel\/perlmutt-perlen-heishi-perlen\/","name":"Perlen aus Perlmutt heishi - Artestar","isPartOf":{"@id":"https:\/\/www.artestar.eu\/de\/#website"},"datePublished":"2023-06-19T01:21:49+00:00","dateModified":"2023-10-17T05:03:44+00:00","description":"Diese Perlmutt-Heishi-Perlenperlen sind das perfekte Perlenzubeh\u00f6r. Sie k\u00f6nnen einen einzigartigen Stil kreieren, um Ihren Schmuck atemberaubend zu machen.","breadcrumb":{"@id":"https:\/\/www.artestar.eu\/de\/gro\u00dfhandel\/perlmutt-perlen-heishi-perlen\/#breadcrumb"},"inLanguage":"de-DE","potentialAction":[{"@type":"ReadAction","target":["https:\/\/www.artestar.eu\/de\/gro\u00dfhandel\/perlmutt-perlen-heishi-perlen\/"]}]},{"@type":"BreadcrumbList","@id":"https:\/\/www.artestar.eu\/de\/gro\u00dfhandel\/perlmutt-perlen-heishi-perlen\/#breadcrumb","itemListElement":[{"@type":"ListItem","position":1,"name":"Artestar","item":"https:\/\/www.artestar.eu\/de\/"},{"@type":"ListItem","position":2,"name":"Gro\u00dfhandel","item":"https:\/\/www.artestar.eu\/de\/grosshandel\/"},{"@type":"ListItem","position":3,"name":"Perlmuttperlen heishi Perlen"}]},{"@type":"WebSite","@id":"https:\/\/www.artestar.eu\/de\/#website","url":"https:\/\/www.artestar.eu\/de\/","name":"Artestar","description":"Mayorista en abalorios y joyer\u00eda","publisher":{"@id":"https:\/\/www.artestar.eu\/de\/#organization"},"alternateName":"Artestar-EU","potentialAction":[{"@type":"SearchAction","target":{"@type":"EntryPoint","urlTemplate":"https:\/\/www.artestar.eu\/de\/?s={search_term_string}"},"query-input":"required name=search_term_string"}],"inLanguage":"de-DE"},{"@type":["Organization","Place"],"@id":"https:\/\/www.artestar.eu\/de\/#organization","name":"RUBY ABALORIO S.L.","alternateName":"Artestar","url":"https:\/\/www.artestar.eu\/de\/","logo":{"@id":"https:\/\/www.artestar.eu\/de\/gro\u00dfhandel\/perlmutt-perlen-heishi-perlen\/#local-main-organization-logo"},"image":{"@id":"https:\/\/www.artestar.eu\/de\/gro\u00dfhandel\/perlmutt-perlen-heishi-perlen\/#local-main-organization-logo"},"sameAs":["https:\/\/www.facebook.com\/ARTESTAREU","https:\/\/www.instagram.com\/artestareu\/","https:\/\/www.pinterest.es\/artestar_eu\/","https:\/\/www.tiktok.com\/@artestar_wholesale"],"openingHoursSpecification":[{"@type":"OpeningHoursSpecification","dayOfWeek":["Monday","Tuesday","Wednesday","Thursday","Friday","Saturday","Sunday"],"opens":"09:00","closes":"17:00"}]},{"@type":"ImageObject","inLanguage":"de-DE","@id":"https:\/\/www.artestar.eu\/de\/gro\u00dfhandel\/perlmutt-perlen-heishi-perlen\/#local-main-organization-logo","url":"https:\/\/www.artestar.eu\/wp-content\/uploads\/2023\/05\/cropped-png.png","contentUrl":"https:\/\/www.artestar.eu\/wp-content\/uploads\/2023\/05\/cropped-png.png","width":512,"height":512,"caption":"RUBY ABALORIO S.L."}]},"og_availability":"instock","product_availability":"instock","product_retailer_item_id":"BK-YZ-YP-0001-0013","product_condition":"new"},"tiered_pricing_type":"fixed","tiered_pricing_fixed_rules":[],"tiered_pricing_percentage_rules":[],"tiered_pricing_minimum":null,"_administrator_tiered_pricing_type":"fixed","_administrator_tiered_pricing_fixed_rules":[],"_editor_tiered_pricing_type":"fixed","_editor_tiered_pricing_fixed_rules":[],"_author_tiered_pricing_type":"fixed","_author_tiered_pricing_fixed_rules":[],"_contributor_tiered_pricing_type":"fixed","_contributor_tiered_pricing_fixed_rules":[],"_subscriber_tiered_pricing_type":"fixed","_subscriber_tiered_pricing_fixed_rules":[],"_wpseo_manager_tiered_pricing_type":"fixed","_wpseo_manager_tiered_pricing_fixed_rules":[],"_wpseo_editor_tiered_pricing_type":"fixed","_wpseo_editor_tiered_pricing_fixed_rules":[],"_customer_tiered_pricing_type":"fixed","_customer_tiered_pricing_fixed_rules":[],"_shop_manager_tiered_pricing_type":"fixed","_shop_manager_tiered_pricing_fixed_rules":[],"_product_manager_tiered_pricing_type":"fixed","_product_manager_tiered_pricing_fixed_rules":[],"_links":{"self":[{"href":"https:\/\/www.artestar.eu\/de\/wp-json\/wp\/v2\/product\/28544"}],"collection":[{"href":"https:\/\/www.artestar.eu\/de\/wp-json\/wp\/v2\/product"}],"about":[{"href":"https:\/\/www.artestar.eu\/de\/wp-json\/wp\/v2\/types\/product"}],"replies":[{"embeddable":true,"href":"https:\/\/www.artestar.eu\/de\/wp-json\/wp\/v2\/comments?post=28544"}],"version-history":[{"count":2,"href":"https:\/\/www.artestar.eu\/de\/wp-json\/wp\/v2\/product\/28544\/revisions"}],"predecessor-version":[{"id":36662,"href":"https:\/\/www.artestar.eu\/de\/wp-json\/wp\/v2\/product\/28544\/revisions\/36662"}],"wp:featuredmedia":[{"embeddable":true,"href":"https:\/\/www.artestar.eu\/de\/wp-json\/wp\/v2\/media\/16971"}],"wp:attachment":[{"href":"https:\/\/www.artestar.eu\/de\/wp-json\/wp\/v2\/media?parent=28544"}],"wp:term":[{"taxonomy":"product_cat","embeddable":true,"href":"https:\/\/www.artestar.eu\/de\/wp-json\/wp\/v2\/product_cat?post=28544"},{"taxonomy":"product_tag","embeddable":true,"href":"https:\/\/www.artestar.eu\/de\/wp-json\/wp\/v2\/product_tag?post=28544"}],"curies":[{"name":"wp","href":"https:\/\/api.w.org\/{rel}","templated":true}]}}