{"id":30206,"date":"2023-06-21T05:45:20","date_gmt":"2023-06-21T05:45:20","guid":{"rendered":"https:\/\/www.artestar.eu\/al-por-mayor\/cuarzo-rosa-cuentas-heishi-de-piedra\/"},"modified":"2023-10-10T07:14:19","modified_gmt":"2023-10-10T07:14:19","slug":"quarz-rosenperlen-heishi-aus-stein","status":"publish","type":"product","link":"https:\/\/www.artestar.eu\/de\/gro\u00dfhandel\/quarz-rosenperlen-heishi-aus-stein\/","title":{"rendered":"Rosenquarz Stein Heishi Perlen"},"content":{"rendered":"<p>Rosenquarzstein-Heishi-Perlen: \u2205 4,5 ~ 5 mm, Loch: 1 mm, Dicke: 2,5 mm.<\/p>\n<ul>\n<li>Mit einer polierten Oberfl\u00e4che haben diese Natursteinperlen eine glatte Oberfl\u00e4che und sind sehr angenehm zu tragen. Dar\u00fcber hinaus machen ihre einheitliche Gr\u00f6\u00dfe und einzigartige Textur sowie ihre nat\u00fcrliche Textur und Farbe Halbedelsteinperlen einzigartig.<\/li>\n<li>Unsere nat\u00fcrlichen Heishi-Perlen lindern Stress und Angstzust\u00e4nde. Sie vermitteln positive psychologische Botschaften, eine optimistische Lebenseinstellung und sollen kosmische Energie auf den K\u00f6rper \u00fcbertragen.<\/li>\n<li>Denn jede dieser kostbaren losen Steinperlen ist perforiert und perfekt zum Einf\u00e4deln. F\u00e4deln Sie einfach eine Perlenkette durch die kleinen L\u00f6cher in den Perlen und f\u00fcgen Sie sie ganz einfach zu Ihren Strickprojekten hinzu: Viel Spa\u00df beim Basteln von Modeschmuck!<\/li>\n<li>Denn diese zarten perforierten Perlen k\u00f6nnen mit anderen Metallaccessoires, Kristallen, Perlen und Muscheln kombiniert werden, um Ihre Lieblingsmodeschmuck-Bastelarbeiten, Halsketten, Armb\u00e4nder, Ohrringe, Wohnaccessoires und vieles mehr zu kreieren. Schenken Sie es Ihren Freunden und Ihrer Familie, die Handwerk lieben. Es ist nicht nur ein perfektes Geschenk, sondern wird auch mit den besten W\u00fcnschen geliefert.<\/li>\n<li>Unsere Edelsteinperlen gibt es in einer Vielzahl von Gr\u00f6\u00dfen und Formen, was sie sehr selektiv macht. Dar\u00fcber hinaus tragen die rein nat\u00fcrlichen Farben der Edelsteinperlen zur Freude des Auges bei; vielfalt; die Frische im Griff, die f\u00fcr den Sommer unerl\u00e4sslich ist; und die Eleganz des Stils, perfekt f\u00fcr einen Sommerausflug.<\/li>\n<\/ul>\n<p><img decoding=\"async\" class=\"alignnone size-full wp-image-7291\" src=\"https:\/\/www.artestar.eu%E2%80%8B%E2%80%8B%E2%80%8B%E2%80%8B\/wp-content\/uploads\/2023\/06\/jewel-beads.jpg\" alt=\"Rosenquarz Stein Heishi Perlen\" width=\"600\" height=\"600\" srcset=\"https:\/\/www.artestar.eu\/wp-content\/uploads\/2023\/06\/jewel-beads.jpg 600w, https:\/\/www.artestar.eu\/wp-content\/uploads\/2023\/06\/jewel-beads-300x300.jpg 300w, https:\/\/www.artestar.eu\/wp-content\/uploads\/2023\/06\/jewel-beads-150x150.jpg 150w, https:\/\/www.artestar.eu\/wp-content\/uploads\/2023\/06\/jewel-beads-450x450.jpg 450w, https:\/\/www.artestar.eu\/wp-content\/uploads\/2023\/06\/jewel-beads-54x54.jpg 54w\" sizes=\"(max-width: 600px) 100vw, 600px\" \/><\/p>\n<h5>Rosenquarz Perlen heishi Naturstein<\/h5>\n<p><strong>Vorsichtsma\u00dfnahmen:<\/strong><\/p>\n<ul>\n<li>Aufgrund unterschiedlicher Monitore und Aufl\u00f6sungen kann die Farbe des Bildes geringf\u00fcgig von der tats\u00e4chlichen Farbe abweichen.<\/li>\n<li>In einer Kette von Konten gleicher L\u00e4nge. Die Anzahl der Perlen kann aufgrund von Unterschieden in der Handwerkskunst oder den Produktionschargen leicht variieren.<\/li>\n<li>Steinperlen sollten vor intensiver Sonneneinstrahlung gesch\u00fctzt werden, um die Textur und Farbe des Edelsteins nicht zu besch\u00e4digen.<\/li>\n<li>Warnung: Kinder unter drei Jahren vermeiden Kontakt, es besteht Erstickungsgefahr.<\/li>\n<\/ul>\n","protected":false},"excerpt":{"rendered":"<ul>\n<li>Menge: ca. 155 Stk.<\/li>\n<li>Gr\u00f6\u00dfe: \u2205 4,5 ~ 5 mm, Loch: 1 mm, Dicke: 2,5 mm.<\/li>\n<li>Perlen aus nat\u00fcrlichen Halbedelsteinen, kleine Unvollkommenheiten sind erlaubt.<\/li>\n<li>Aufgrund der unterschiedlichen Anzeigeger\u00e4te kommt es zu einer leichten Farbabweichung.<\/li>\n<\/ul>\n","protected":false},"featured_media":18138,"comment_status":"open","ping_status":"closed","template":"","meta":[],"product_cat":[1565,1492,1493],"product_tag":[],"yoast_head":"<!-- This site is optimized with the Yoast SEO Premium plugin v20.5 (Yoast SEO v21.5) - https:\/\/yoast.com\/wordpress\/plugins\/seo\/ -->\n<title>Rosenquarz Perlen Stein heishi - Artestar<\/title>\n<meta name=\"description\" content=\"Rosenquarz hilft, Liebe, Leidenschaft, Freundschaft und Kameradschaft anzuziehen. Es f\u00f6rdert auch das Selbstwertgef\u00fchl und ein starkes Selbstwertgef\u00fchl.\" \/>\n<meta name=\"robots\" content=\"index, follow, max-snippet:-1, max-image-preview:large, max-video-preview:-1\" \/>\n<link rel=\"canonical\" href=\"https:\/\/www.artestar.eu\/de\/gro\u00dfhandel\/quarz-rosenperlen-heishi-aus-stein\/\" \/>\n<meta property=\"og:locale\" content=\"de_DE\" \/>\n<meta property=\"og:type\" content=\"article\" \/>\n<meta property=\"og:title\" content=\"Rosenquarz Stein Heishi Perlen\" \/>\n<meta property=\"og:description\" content=\"Rosenquarz hilft, Liebe, Leidenschaft, Freundschaft und Kameradschaft anzuziehen. Es f\u00f6rdert auch das Selbstwertgef\u00fchl und ein starkes Selbstwertgef\u00fchl.\" \/>\n<meta property=\"og:url\" content=\"https:\/\/www.artestar.eu\/de\/gro\u00dfhandel\/quarz-rosenperlen-heishi-aus-stein\/\" \/>\n<meta property=\"og:site_name\" content=\"Artestar\" \/>\n<meta property=\"article:publisher\" content=\"https:\/\/www.facebook.com\/ARTESTAREU\" \/>\n<meta property=\"article:modified_time\" content=\"2023-10-10T07:14:19+00:00\" \/>\n<meta property=\"og:image\" content=\"https:\/\/www.artestar.eu\/wp-content\/uploads\/2023\/06\/natural-semi-precious-gemstone-beads-column-rose-pink-quartz-crystal.jpg\" \/>\n\t<meta property=\"og:image:width\" content=\"600\" \/>\n\t<meta property=\"og:image:height\" content=\"600\" \/>\n\t<meta property=\"og:image:type\" content=\"image\/jpeg\" \/>\n<meta name=\"twitter:card\" content=\"summary_large_image\" \/>\n<meta name=\"twitter:label1\" content=\"Preis\" \/>\n\t<meta name=\"twitter:data1\" content=\"2,16&nbsp;&euro; (Ohne MwSt)\" \/>\n\t<meta name=\"twitter:label2\" content=\"Availability\" \/>\n\t<meta name=\"twitter:data2\" content=\"Auf Lager\" \/>\n<script type=\"application\/ld+json\" class=\"yoast-schema-graph\">{\"@context\":\"https:\/\/schema.org\",\"@graph\":[{\"@type\":\"WebPage\",\"@id\":\"https:\/\/www.artestar.eu\/de\/gro\u00dfhandel\/quarz-rosenperlen-heishi-aus-stein\/\",\"url\":\"https:\/\/www.artestar.eu\/de\/gro\u00dfhandel\/quarz-rosenperlen-heishi-aus-stein\/\",\"name\":\"Rosenquarz Perlen Stein heishi - Artestar\",\"isPartOf\":{\"@id\":\"https:\/\/www.artestar.eu\/de\/#website\"},\"datePublished\":\"2023-06-21T05:45:20+00:00\",\"dateModified\":\"2023-10-10T07:14:19+00:00\",\"description\":\"Rosenquarz hilft, Liebe, Leidenschaft, Freundschaft und Kameradschaft anzuziehen. Es f\u00f6rdert auch das Selbstwertgef\u00fchl und ein starkes Selbstwertgef\u00fchl.\",\"breadcrumb\":{\"@id\":\"https:\/\/www.artestar.eu\/de\/gro\u00dfhandel\/quarz-rosenperlen-heishi-aus-stein\/#breadcrumb\"},\"inLanguage\":\"de-DE\",\"potentialAction\":[{\"@type\":\"ReadAction\",\"target\":[\"https:\/\/www.artestar.eu\/de\/gro\u00dfhandel\/quarz-rosenperlen-heishi-aus-stein\/\"]}]},{\"@type\":\"BreadcrumbList\",\"@id\":\"https:\/\/www.artestar.eu\/de\/gro\u00dfhandel\/quarz-rosenperlen-heishi-aus-stein\/#breadcrumb\",\"itemListElement\":[{\"@type\":\"ListItem\",\"position\":1,\"name\":\"Artestar\",\"item\":\"https:\/\/www.artestar.eu\/de\/\"},{\"@type\":\"ListItem\",\"position\":2,\"name\":\"Gro\u00dfhandel\",\"item\":\"https:\/\/www.artestar.eu\/de\/grosshandel\/\"},{\"@type\":\"ListItem\",\"position\":3,\"name\":\"Rosenquarz Stein Heishi Perlen\"}]},{\"@type\":\"WebSite\",\"@id\":\"https:\/\/www.artestar.eu\/de\/#website\",\"url\":\"https:\/\/www.artestar.eu\/de\/\",\"name\":\"Artestar\",\"description\":\"Mayorista en abalorios y joyer\u00eda\",\"publisher\":{\"@id\":\"https:\/\/www.artestar.eu\/de\/#organization\"},\"alternateName\":\"Artestar-EU\",\"potentialAction\":[{\"@type\":\"SearchAction\",\"target\":{\"@type\":\"EntryPoint\",\"urlTemplate\":\"https:\/\/www.artestar.eu\/de\/?s={search_term_string}\"},\"query-input\":\"required name=search_term_string\"}],\"inLanguage\":\"de-DE\"},{\"@type\":[\"Organization\",\"Place\"],\"@id\":\"https:\/\/www.artestar.eu\/de\/#organization\",\"name\":\"RUBY ABALORIO S.L.\",\"alternateName\":\"Artestar\",\"url\":\"https:\/\/www.artestar.eu\/de\/\",\"logo\":{\"@id\":\"https:\/\/www.artestar.eu\/de\/gro\u00dfhandel\/quarz-rosenperlen-heishi-aus-stein\/#local-main-organization-logo\"},\"image\":{\"@id\":\"https:\/\/www.artestar.eu\/de\/gro\u00dfhandel\/quarz-rosenperlen-heishi-aus-stein\/#local-main-organization-logo\"},\"sameAs\":[\"https:\/\/www.facebook.com\/ARTESTAREU\",\"https:\/\/www.instagram.com\/artestareu\/\",\"https:\/\/www.pinterest.es\/artestar_eu\/\",\"https:\/\/www.tiktok.com\/@artestar_wholesale\"],\"openingHoursSpecification\":[{\"@type\":\"OpeningHoursSpecification\",\"dayOfWeek\":[\"Monday\",\"Tuesday\",\"Wednesday\",\"Thursday\",\"Friday\",\"Saturday\",\"Sunday\"],\"opens\":\"09:00\",\"closes\":\"17:00\"}]},{\"@type\":\"ImageObject\",\"inLanguage\":\"de-DE\",\"@id\":\"https:\/\/www.artestar.eu\/de\/gro\u00dfhandel\/quarz-rosenperlen-heishi-aus-stein\/#local-main-organization-logo\",\"url\":\"https:\/\/www.artestar.eu\/wp-content\/uploads\/2023\/05\/cropped-png.png\",\"contentUrl\":\"https:\/\/www.artestar.eu\/wp-content\/uploads\/2023\/05\/cropped-png.png\",\"width\":512,\"height\":512,\"caption\":\"RUBY ABALORIO S.L.\"}]}<\/script>\n<meta property=\"product:price:amount\" content=\"2.16\" \/>\n<meta property=\"product:price:currency\" content=\"EUR\" \/>\n<meta property=\"og:availability\" content=\"instock\" \/>\n<meta property=\"product:availability\" content=\"instock\" \/>\n<meta property=\"product:retailer_item_id\" content=\"BS-YZ-GZ0014\" \/>\n<meta property=\"product:condition\" content=\"new\" \/>\n<!-- \/ Yoast SEO Premium plugin. -->","yoast_head_json":{"title":"Rosenquarz Perlen Stein heishi - Artestar","description":"Rosenquarz hilft, Liebe, Leidenschaft, Freundschaft und Kameradschaft anzuziehen. Es f\u00f6rdert auch das Selbstwertgef\u00fchl und ein starkes Selbstwertgef\u00fchl.","robots":{"index":"index","follow":"follow","max-snippet":"max-snippet:-1","max-image-preview":"max-image-preview:large","max-video-preview":"max-video-preview:-1"},"canonical":"https:\/\/www.artestar.eu\/de\/gro\u00dfhandel\/quarz-rosenperlen-heishi-aus-stein\/","og_locale":"de_DE","og_type":"article","og_title":"Rosenquarz Stein Heishi Perlen","og_description":"Rosenquarz hilft, Liebe, Leidenschaft, Freundschaft und Kameradschaft anzuziehen. Es f\u00f6rdert auch das Selbstwertgef\u00fchl und ein starkes Selbstwertgef\u00fchl.","og_url":"https:\/\/www.artestar.eu\/de\/gro\u00dfhandel\/quarz-rosenperlen-heishi-aus-stein\/","og_site_name":"Artestar","article_publisher":"https:\/\/www.facebook.com\/ARTESTAREU","article_modified_time":"2023-10-10T07:14:19+00:00","og_image":[{"width":600,"height":600,"url":"https:\/\/www.artestar.eu\/wp-content\/uploads\/2023\/06\/natural-semi-precious-gemstone-beads-column-rose-pink-quartz-crystal.jpg","type":"image\/jpeg"}],"twitter_card":"summary_large_image","twitter_misc":{"Preis":"2,16&nbsp;&euro; (Ohne MwSt)","Availability":"Auf Lager"},"schema":{"@context":"https:\/\/schema.org","@graph":[{"@type":"WebPage","@id":"https:\/\/www.artestar.eu\/de\/gro\u00dfhandel\/quarz-rosenperlen-heishi-aus-stein\/","url":"https:\/\/www.artestar.eu\/de\/gro\u00dfhandel\/quarz-rosenperlen-heishi-aus-stein\/","name":"Rosenquarz Perlen Stein heishi - Artestar","isPartOf":{"@id":"https:\/\/www.artestar.eu\/de\/#website"},"datePublished":"2023-06-21T05:45:20+00:00","dateModified":"2023-10-10T07:14:19+00:00","description":"Rosenquarz hilft, Liebe, Leidenschaft, Freundschaft und Kameradschaft anzuziehen. Es f\u00f6rdert auch das Selbstwertgef\u00fchl und ein starkes Selbstwertgef\u00fchl.","breadcrumb":{"@id":"https:\/\/www.artestar.eu\/de\/gro\u00dfhandel\/quarz-rosenperlen-heishi-aus-stein\/#breadcrumb"},"inLanguage":"de-DE","potentialAction":[{"@type":"ReadAction","target":["https:\/\/www.artestar.eu\/de\/gro\u00dfhandel\/quarz-rosenperlen-heishi-aus-stein\/"]}]},{"@type":"BreadcrumbList","@id":"https:\/\/www.artestar.eu\/de\/gro\u00dfhandel\/quarz-rosenperlen-heishi-aus-stein\/#breadcrumb","itemListElement":[{"@type":"ListItem","position":1,"name":"Artestar","item":"https:\/\/www.artestar.eu\/de\/"},{"@type":"ListItem","position":2,"name":"Gro\u00dfhandel","item":"https:\/\/www.artestar.eu\/de\/grosshandel\/"},{"@type":"ListItem","position":3,"name":"Rosenquarz Stein Heishi Perlen"}]},{"@type":"WebSite","@id":"https:\/\/www.artestar.eu\/de\/#website","url":"https:\/\/www.artestar.eu\/de\/","name":"Artestar","description":"Mayorista en abalorios y joyer\u00eda","publisher":{"@id":"https:\/\/www.artestar.eu\/de\/#organization"},"alternateName":"Artestar-EU","potentialAction":[{"@type":"SearchAction","target":{"@type":"EntryPoint","urlTemplate":"https:\/\/www.artestar.eu\/de\/?s={search_term_string}"},"query-input":"required name=search_term_string"}],"inLanguage":"de-DE"},{"@type":["Organization","Place"],"@id":"https:\/\/www.artestar.eu\/de\/#organization","name":"RUBY ABALORIO S.L.","alternateName":"Artestar","url":"https:\/\/www.artestar.eu\/de\/","logo":{"@id":"https:\/\/www.artestar.eu\/de\/gro\u00dfhandel\/quarz-rosenperlen-heishi-aus-stein\/#local-main-organization-logo"},"image":{"@id":"https:\/\/www.artestar.eu\/de\/gro\u00dfhandel\/quarz-rosenperlen-heishi-aus-stein\/#local-main-organization-logo"},"sameAs":["https:\/\/www.facebook.com\/ARTESTAREU","https:\/\/www.instagram.com\/artestareu\/","https:\/\/www.pinterest.es\/artestar_eu\/","https:\/\/www.tiktok.com\/@artestar_wholesale"],"openingHoursSpecification":[{"@type":"OpeningHoursSpecification","dayOfWeek":["Monday","Tuesday","Wednesday","Thursday","Friday","Saturday","Sunday"],"opens":"09:00","closes":"17:00"}]},{"@type":"ImageObject","inLanguage":"de-DE","@id":"https:\/\/www.artestar.eu\/de\/gro\u00dfhandel\/quarz-rosenperlen-heishi-aus-stein\/#local-main-organization-logo","url":"https:\/\/www.artestar.eu\/wp-content\/uploads\/2023\/05\/cropped-png.png","contentUrl":"https:\/\/www.artestar.eu\/wp-content\/uploads\/2023\/05\/cropped-png.png","width":512,"height":512,"caption":"RUBY ABALORIO S.L."}]},"product_price_amount":"2.16","product_price_currency":"EUR","og_availability":"instock","product_availability":"instock","product_retailer_item_id":"BS-YZ-GZ0014","product_condition":"new"},"tiered_pricing_type":"percentage","tiered_pricing_fixed_rules":{"10":"10"},"tiered_pricing_percentage_rules":[],"tiered_pricing_minimum":null,"_administrator_tiered_pricing_type":"fixed","_administrator_tiered_pricing_fixed_rules":[],"_editor_tiered_pricing_type":"fixed","_editor_tiered_pricing_fixed_rules":[],"_author_tiered_pricing_type":"fixed","_author_tiered_pricing_fixed_rules":[],"_contributor_tiered_pricing_type":"fixed","_contributor_tiered_pricing_fixed_rules":[],"_subscriber_tiered_pricing_type":"fixed","_subscriber_tiered_pricing_fixed_rules":[],"_wpseo_manager_tiered_pricing_type":"fixed","_wpseo_manager_tiered_pricing_fixed_rules":[],"_wpseo_editor_tiered_pricing_type":"fixed","_wpseo_editor_tiered_pricing_fixed_rules":[],"_customer_tiered_pricing_type":"fixed","_customer_tiered_pricing_fixed_rules":[],"_shop_manager_tiered_pricing_type":"fixed","_shop_manager_tiered_pricing_fixed_rules":[],"_product_manager_tiered_pricing_type":"fixed","_product_manager_tiered_pricing_fixed_rules":[],"_links":{"self":[{"href":"https:\/\/www.artestar.eu\/de\/wp-json\/wp\/v2\/product\/30206"}],"collection":[{"href":"https:\/\/www.artestar.eu\/de\/wp-json\/wp\/v2\/product"}],"about":[{"href":"https:\/\/www.artestar.eu\/de\/wp-json\/wp\/v2\/types\/product"}],"replies":[{"embeddable":true,"href":"https:\/\/www.artestar.eu\/de\/wp-json\/wp\/v2\/comments?post=30206"}],"version-history":[{"count":2,"href":"https:\/\/www.artestar.eu\/de\/wp-json\/wp\/v2\/product\/30206\/revisions"}],"predecessor-version":[{"id":36011,"href":"https:\/\/www.artestar.eu\/de\/wp-json\/wp\/v2\/product\/30206\/revisions\/36011"}],"wp:featuredmedia":[{"embeddable":true,"href":"https:\/\/www.artestar.eu\/de\/wp-json\/wp\/v2\/media\/18138"}],"wp:attachment":[{"href":"https:\/\/www.artestar.eu\/de\/wp-json\/wp\/v2\/media?parent=30206"}],"wp:term":[{"taxonomy":"product_cat","embeddable":true,"href":"https:\/\/www.artestar.eu\/de\/wp-json\/wp\/v2\/product_cat?post=30206"},{"taxonomy":"product_tag","embeddable":true,"href":"https:\/\/www.artestar.eu\/de\/wp-json\/wp\/v2\/product_tag?post=30206"}],"curies":[{"name":"wp","href":"https:\/\/api.w.org\/{rel}","templated":true}]}}