{"id":30322,"date":"2023-07-11T05:32:58","date_gmt":"2023-07-11T05:32:58","guid":{"rendered":"https:\/\/www.artestar.eu\/al-por-mayor\/turquesa-blanco-colgante-corazon\/"},"modified":"2023-09-27T02:01:38","modified_gmt":"2023-09-27T02:01:38","slug":"turkis-weiser-anhanger-herz","status":"publish","type":"product","link":"https:\/\/www.artestar.eu\/de\/gro\u00dfhandel\/turkis-weiser-anhanger-herz\/","title":{"rendered":"T\u00fcrkiswei\u00dfer Herzanh\u00e4nger"},"content":{"rendered":"<p>T\u00fcrkiswei\u00dfer Herzanh\u00e4nger: Jeder Steinperlenanh\u00e4nger besteht aus reinen Naturmaterialien und hat einen einzigartigen Look.<\/p>\n<ul>\n<li>Denn mit einer polierten Oberfl\u00e4che haben diese Naturstein-Perlenanh\u00e4nger eine glatte Oberfl\u00e4che und sind sehr angenehm zu tragen. Dar\u00fcber hinaus machen ihr Aussehen sowie ihre nat\u00fcrliche Struktur und Farbe die Edelsteinperlen einzigartig.<\/li>\n<li>Unsere Anh\u00e4nger aus nat\u00fcrlichen Halbedelsteinen lindern Stress und \u00c4ngste, da sie positive psychologische Botschaften und eine optimistische Lebenseinstellung vermitteln und kosmische Energie auf den K\u00f6rper \u00fcbertragen sollen.<\/li>\n<li>Da das Edelstahlloch an der Oberseite des Steinanh\u00e4ngers die richtige Gr\u00f6\u00dfe hat, um ihn einzuf\u00e4deln, wird lediglich eine Kette oder ein Seil ben\u00f6tigt. Und mit Zubeh\u00f6r wie einem Karabinerverschluss aus Edelstahl, um Ihr eigenes Bastelprojekt zu vervollst\u00e4ndigen &#8211; viel Spa\u00df beim Basteln mit Schmuck!<\/li>\n<li>Diese filigranen Perlenanh\u00e4nger aus Stein lassen sich mit anderem Metallzubeh\u00f6r, Kristallen, Perlen und Muscheln zu jedem beliebigen Modeschmuckst\u00fcck, Halsketten, Armb\u00e4ndern, Ohrringen, Wohndekorationen und vielem mehr kombinieren. Verschenken Sie es auch an Ihre Freunde und Familie, die Kunsthandwerk lieben. Es ist nicht nur ein perfektes Geschenk, sondern wird auch mit den besten W\u00fcnschen geliefert.<\/li>\n<\/ul>\n<h5>T\u00fcrkiswei\u00dfer Herzanh\u00e4nger<\/h5>\n<h6>Vorsichtsma\u00dfnahmen:<\/h6>\n<ul>\n<li>Aufgrund von Unterschieden bei Monitoren und Aufl\u00f6sungen k\u00f6nnen die Farben auf den Bildern leicht von den tats\u00e4chlichen Farben abweichen.<\/li>\n<li>Warnung: Kinder unter drei Jahren sollten Kontakt vermeiden, Erstickungsgefahr.<\/li>\n<\/ul>\n","protected":false},"excerpt":{"rendered":"<p>Gr\u00f6\u00dfe:<\/p>\n<ul>\n<li>Klein: ca. 20 x 22 x 9 mm<\/li>\n<li>Medium: ca. 25 x 27 x 9 mm<\/li>\n<li>Gro\u00df: ca. 30 x 31 x 9 mm<\/li>\n<li>Bohrung: \u00d8 2 mm<\/li>\n<\/ul>\n<p>Menge: 1 Stk.<\/p>\n","protected":false},"featured_media":21370,"comment_status":"open","ping_status":"closed","template":"","meta":[],"product_cat":[1088,1100],"product_tag":[],"yoast_head":"<!-- This site is optimized with the Yoast SEO Premium plugin v20.5 (Yoast SEO v21.5) - https:\/\/yoast.com\/wordpress\/plugins\/seo\/ -->\n<title>T\u00fcrkiswei\u00dfer Herzanh\u00e4nger - Artestar<\/title>\n<meta name=\"description\" content=\"Unsere kostbaren Herzsteinanh\u00e4nger sind in einer gro\u00dfen Vielfalt erh\u00e4ltlich und sehr selektiv. Unverzichtbar f\u00fcr den Sommer.\" \/>\n<meta name=\"robots\" content=\"index, follow, max-snippet:-1, max-image-preview:large, max-video-preview:-1\" \/>\n<link rel=\"canonical\" href=\"https:\/\/www.artestar.eu\/de\/gro\u00dfhandel\/turkis-weiser-anhanger-herz\/\" \/>\n<meta property=\"og:locale\" content=\"de_DE\" \/>\n<meta property=\"og:type\" content=\"article\" \/>\n<meta property=\"og:title\" content=\"T\u00fcrkiswei\u00dfer Herzanh\u00e4nger\" \/>\n<meta property=\"og:description\" content=\"Unsere kostbaren Herzsteinanh\u00e4nger sind in einer gro\u00dfen Vielfalt erh\u00e4ltlich und sehr selektiv. Unverzichtbar f\u00fcr den Sommer.\" \/>\n<meta property=\"og:url\" content=\"https:\/\/www.artestar.eu\/de\/gro\u00dfhandel\/turkis-weiser-anhanger-herz\/\" \/>\n<meta property=\"og:site_name\" content=\"Artestar\" \/>\n<meta property=\"article:publisher\" content=\"https:\/\/www.facebook.com\/ARTESTAREU\" \/>\n<meta property=\"article:modified_time\" content=\"2023-09-27T02:01:38+00:00\" \/>\n<meta property=\"og:image\" content=\"https:\/\/www.artestar.eu\/wp-content\/uploads\/2023\/07\/natural-semi-precious-gemstone-pendants-heart-white-turquoise.jpg\" \/>\n\t<meta property=\"og:image:width\" content=\"600\" \/>\n\t<meta property=\"og:image:height\" content=\"600\" \/>\n\t<meta property=\"og:image:type\" content=\"image\/jpeg\" \/>\n<meta name=\"twitter:card\" content=\"summary_large_image\" \/>\n<meta name=\"twitter:label1\" content=\"Availability\" \/>\n\t<meta name=\"twitter:data1\" content=\"Auf Lager\" \/>\n<script type=\"application\/ld+json\" class=\"yoast-schema-graph\">{\"@context\":\"https:\/\/schema.org\",\"@graph\":[{\"@type\":\"WebPage\",\"@id\":\"https:\/\/www.artestar.eu\/de\/gro\u00dfhandel\/turkis-weiser-anhanger-herz\/\",\"url\":\"https:\/\/www.artestar.eu\/de\/gro\u00dfhandel\/turkis-weiser-anhanger-herz\/\",\"name\":\"T\u00fcrkiswei\u00dfer Herzanh\u00e4nger - Artestar\",\"isPartOf\":{\"@id\":\"https:\/\/www.artestar.eu\/de\/#website\"},\"datePublished\":\"2023-07-11T05:32:58+00:00\",\"dateModified\":\"2023-09-27T02:01:38+00:00\",\"description\":\"Unsere kostbaren Herzsteinanh\u00e4nger sind in einer gro\u00dfen Vielfalt erh\u00e4ltlich und sehr selektiv. Unverzichtbar f\u00fcr den Sommer.\",\"breadcrumb\":{\"@id\":\"https:\/\/www.artestar.eu\/de\/gro\u00dfhandel\/turkis-weiser-anhanger-herz\/#breadcrumb\"},\"inLanguage\":\"de-DE\",\"potentialAction\":[{\"@type\":\"ReadAction\",\"target\":[\"https:\/\/www.artestar.eu\/de\/gro\u00dfhandel\/turkis-weiser-anhanger-herz\/\"]}]},{\"@type\":\"BreadcrumbList\",\"@id\":\"https:\/\/www.artestar.eu\/de\/gro\u00dfhandel\/turkis-weiser-anhanger-herz\/#breadcrumb\",\"itemListElement\":[{\"@type\":\"ListItem\",\"position\":1,\"name\":\"Artestar\",\"item\":\"https:\/\/www.artestar.eu\/de\/\"},{\"@type\":\"ListItem\",\"position\":2,\"name\":\"Gro\u00dfhandel\",\"item\":\"https:\/\/www.artestar.eu\/de\/grosshandel\/\"},{\"@type\":\"ListItem\",\"position\":3,\"name\":\"T\u00fcrkiswei\u00dfer Herzanh\u00e4nger\"}]},{\"@type\":\"WebSite\",\"@id\":\"https:\/\/www.artestar.eu\/de\/#website\",\"url\":\"https:\/\/www.artestar.eu\/de\/\",\"name\":\"Artestar\",\"description\":\"Mayorista en abalorios y joyer\u00eda\",\"publisher\":{\"@id\":\"https:\/\/www.artestar.eu\/de\/#organization\"},\"alternateName\":\"Artestar-EU\",\"potentialAction\":[{\"@type\":\"SearchAction\",\"target\":{\"@type\":\"EntryPoint\",\"urlTemplate\":\"https:\/\/www.artestar.eu\/de\/?s={search_term_string}\"},\"query-input\":\"required name=search_term_string\"}],\"inLanguage\":\"de-DE\"},{\"@type\":[\"Organization\",\"Place\"],\"@id\":\"https:\/\/www.artestar.eu\/de\/#organization\",\"name\":\"RUBY ABALORIO S.L.\",\"alternateName\":\"Artestar\",\"url\":\"https:\/\/www.artestar.eu\/de\/\",\"logo\":{\"@id\":\"https:\/\/www.artestar.eu\/de\/gro\u00dfhandel\/turkis-weiser-anhanger-herz\/#local-main-organization-logo\"},\"image\":{\"@id\":\"https:\/\/www.artestar.eu\/de\/gro\u00dfhandel\/turkis-weiser-anhanger-herz\/#local-main-organization-logo\"},\"sameAs\":[\"https:\/\/www.facebook.com\/ARTESTAREU\",\"https:\/\/www.instagram.com\/artestareu\/\",\"https:\/\/www.pinterest.es\/artestar_eu\/\",\"https:\/\/www.tiktok.com\/@artestar_wholesale\"],\"openingHoursSpecification\":[{\"@type\":\"OpeningHoursSpecification\",\"dayOfWeek\":[\"Monday\",\"Tuesday\",\"Wednesday\",\"Thursday\",\"Friday\",\"Saturday\",\"Sunday\"],\"opens\":\"09:00\",\"closes\":\"17:00\"}]},{\"@type\":\"ImageObject\",\"inLanguage\":\"de-DE\",\"@id\":\"https:\/\/www.artestar.eu\/de\/gro\u00dfhandel\/turkis-weiser-anhanger-herz\/#local-main-organization-logo\",\"url\":\"https:\/\/www.artestar.eu\/wp-content\/uploads\/2023\/05\/cropped-png.png\",\"contentUrl\":\"https:\/\/www.artestar.eu\/wp-content\/uploads\/2023\/05\/cropped-png.png\",\"width\":512,\"height\":512,\"caption\":\"RUBY ABALORIO S.L.\"}]}<\/script>\n<meta property=\"og:availability\" content=\"instock\" \/>\n<meta property=\"product:availability\" content=\"instock\" \/>\n<meta property=\"product:retailer_item_id\" content=\"BS-GZ-XX-L0010SM\" \/>\n<meta property=\"product:condition\" content=\"new\" \/>\n<!-- \/ Yoast SEO Premium plugin. -->","yoast_head_json":{"title":"T\u00fcrkiswei\u00dfer Herzanh\u00e4nger - Artestar","description":"Unsere kostbaren Herzsteinanh\u00e4nger sind in einer gro\u00dfen Vielfalt erh\u00e4ltlich und sehr selektiv. Unverzichtbar f\u00fcr den Sommer.","robots":{"index":"index","follow":"follow","max-snippet":"max-snippet:-1","max-image-preview":"max-image-preview:large","max-video-preview":"max-video-preview:-1"},"canonical":"https:\/\/www.artestar.eu\/de\/gro\u00dfhandel\/turkis-weiser-anhanger-herz\/","og_locale":"de_DE","og_type":"article","og_title":"T\u00fcrkiswei\u00dfer Herzanh\u00e4nger","og_description":"Unsere kostbaren Herzsteinanh\u00e4nger sind in einer gro\u00dfen Vielfalt erh\u00e4ltlich und sehr selektiv. Unverzichtbar f\u00fcr den Sommer.","og_url":"https:\/\/www.artestar.eu\/de\/gro\u00dfhandel\/turkis-weiser-anhanger-herz\/","og_site_name":"Artestar","article_publisher":"https:\/\/www.facebook.com\/ARTESTAREU","article_modified_time":"2023-09-27T02:01:38+00:00","og_image":[{"width":600,"height":600,"url":"https:\/\/www.artestar.eu\/wp-content\/uploads\/2023\/07\/natural-semi-precious-gemstone-pendants-heart-white-turquoise.jpg","type":"image\/jpeg"}],"twitter_card":"summary_large_image","twitter_misc":{"Availability":"Auf Lager"},"schema":{"@context":"https:\/\/schema.org","@graph":[{"@type":"WebPage","@id":"https:\/\/www.artestar.eu\/de\/gro\u00dfhandel\/turkis-weiser-anhanger-herz\/","url":"https:\/\/www.artestar.eu\/de\/gro\u00dfhandel\/turkis-weiser-anhanger-herz\/","name":"T\u00fcrkiswei\u00dfer Herzanh\u00e4nger - Artestar","isPartOf":{"@id":"https:\/\/www.artestar.eu\/de\/#website"},"datePublished":"2023-07-11T05:32:58+00:00","dateModified":"2023-09-27T02:01:38+00:00","description":"Unsere kostbaren Herzsteinanh\u00e4nger sind in einer gro\u00dfen Vielfalt erh\u00e4ltlich und sehr selektiv. Unverzichtbar f\u00fcr den Sommer.","breadcrumb":{"@id":"https:\/\/www.artestar.eu\/de\/gro\u00dfhandel\/turkis-weiser-anhanger-herz\/#breadcrumb"},"inLanguage":"de-DE","potentialAction":[{"@type":"ReadAction","target":["https:\/\/www.artestar.eu\/de\/gro\u00dfhandel\/turkis-weiser-anhanger-herz\/"]}]},{"@type":"BreadcrumbList","@id":"https:\/\/www.artestar.eu\/de\/gro\u00dfhandel\/turkis-weiser-anhanger-herz\/#breadcrumb","itemListElement":[{"@type":"ListItem","position":1,"name":"Artestar","item":"https:\/\/www.artestar.eu\/de\/"},{"@type":"ListItem","position":2,"name":"Gro\u00dfhandel","item":"https:\/\/www.artestar.eu\/de\/grosshandel\/"},{"@type":"ListItem","position":3,"name":"T\u00fcrkiswei\u00dfer Herzanh\u00e4nger"}]},{"@type":"WebSite","@id":"https:\/\/www.artestar.eu\/de\/#website","url":"https:\/\/www.artestar.eu\/de\/","name":"Artestar","description":"Mayorista en abalorios y joyer\u00eda","publisher":{"@id":"https:\/\/www.artestar.eu\/de\/#organization"},"alternateName":"Artestar-EU","potentialAction":[{"@type":"SearchAction","target":{"@type":"EntryPoint","urlTemplate":"https:\/\/www.artestar.eu\/de\/?s={search_term_string}"},"query-input":"required name=search_term_string"}],"inLanguage":"de-DE"},{"@type":["Organization","Place"],"@id":"https:\/\/www.artestar.eu\/de\/#organization","name":"RUBY ABALORIO S.L.","alternateName":"Artestar","url":"https:\/\/www.artestar.eu\/de\/","logo":{"@id":"https:\/\/www.artestar.eu\/de\/gro\u00dfhandel\/turkis-weiser-anhanger-herz\/#local-main-organization-logo"},"image":{"@id":"https:\/\/www.artestar.eu\/de\/gro\u00dfhandel\/turkis-weiser-anhanger-herz\/#local-main-organization-logo"},"sameAs":["https:\/\/www.facebook.com\/ARTESTAREU","https:\/\/www.instagram.com\/artestareu\/","https:\/\/www.pinterest.es\/artestar_eu\/","https:\/\/www.tiktok.com\/@artestar_wholesale"],"openingHoursSpecification":[{"@type":"OpeningHoursSpecification","dayOfWeek":["Monday","Tuesday","Wednesday","Thursday","Friday","Saturday","Sunday"],"opens":"09:00","closes":"17:00"}]},{"@type":"ImageObject","inLanguage":"de-DE","@id":"https:\/\/www.artestar.eu\/de\/gro\u00dfhandel\/turkis-weiser-anhanger-herz\/#local-main-organization-logo","url":"https:\/\/www.artestar.eu\/wp-content\/uploads\/2023\/05\/cropped-png.png","contentUrl":"https:\/\/www.artestar.eu\/wp-content\/uploads\/2023\/05\/cropped-png.png","width":512,"height":512,"caption":"RUBY ABALORIO S.L."}]},"og_availability":"instock","product_availability":"instock","product_retailer_item_id":"BS-GZ-XX-L0010SM","product_condition":"new"},"tiered_pricing_type":"fixed","tiered_pricing_fixed_rules":[],"tiered_pricing_percentage_rules":[],"tiered_pricing_minimum":null,"_administrator_tiered_pricing_type":"fixed","_administrator_tiered_pricing_fixed_rules":[],"_editor_tiered_pricing_type":"fixed","_editor_tiered_pricing_fixed_rules":[],"_author_tiered_pricing_type":"fixed","_author_tiered_pricing_fixed_rules":[],"_contributor_tiered_pricing_type":"fixed","_contributor_tiered_pricing_fixed_rules":[],"_subscriber_tiered_pricing_type":"fixed","_subscriber_tiered_pricing_fixed_rules":[],"_wpseo_manager_tiered_pricing_type":"fixed","_wpseo_manager_tiered_pricing_fixed_rules":[],"_wpseo_editor_tiered_pricing_type":"fixed","_wpseo_editor_tiered_pricing_fixed_rules":[],"_customer_tiered_pricing_type":"fixed","_customer_tiered_pricing_fixed_rules":[],"_shop_manager_tiered_pricing_type":"fixed","_shop_manager_tiered_pricing_fixed_rules":[],"_product_manager_tiered_pricing_type":"fixed","_product_manager_tiered_pricing_fixed_rules":[],"_links":{"self":[{"href":"https:\/\/www.artestar.eu\/de\/wp-json\/wp\/v2\/product\/30322"}],"collection":[{"href":"https:\/\/www.artestar.eu\/de\/wp-json\/wp\/v2\/product"}],"about":[{"href":"https:\/\/www.artestar.eu\/de\/wp-json\/wp\/v2\/types\/product"}],"replies":[{"embeddable":true,"href":"https:\/\/www.artestar.eu\/de\/wp-json\/wp\/v2\/comments?post=30322"}],"version-history":[{"count":2,"href":"https:\/\/www.artestar.eu\/de\/wp-json\/wp\/v2\/product\/30322\/revisions"}],"predecessor-version":[{"id":35722,"href":"https:\/\/www.artestar.eu\/de\/wp-json\/wp\/v2\/product\/30322\/revisions\/35722"}],"wp:featuredmedia":[{"embeddable":true,"href":"https:\/\/www.artestar.eu\/de\/wp-json\/wp\/v2\/media\/21370"}],"wp:attachment":[{"href":"https:\/\/www.artestar.eu\/de\/wp-json\/wp\/v2\/media?parent=30322"}],"wp:term":[{"taxonomy":"product_cat","embeddable":true,"href":"https:\/\/www.artestar.eu\/de\/wp-json\/wp\/v2\/product_cat?post=30322"},{"taxonomy":"product_tag","embeddable":true,"href":"https:\/\/www.artestar.eu\/de\/wp-json\/wp\/v2\/product_tag?post=30322"}],"curies":[{"name":"wp","href":"https:\/\/api.w.org\/{rel}","templated":true}]}}