{"id":30395,"date":"2023-07-03T06:03:36","date_gmt":"2023-07-03T06:03:36","guid":{"rendered":"https:\/\/www.artestar.eu\/al-por-mayor\/bolas-de-nacar-blanco\/"},"modified":"2023-09-27T02:14:01","modified_gmt":"2023-09-27T02:14:01","slug":"perlen-kugeln-von-perlweiss","status":"publish","type":"product","link":"https:\/\/www.artestar.eu\/de\/gro\u00dfhandel\/perlen-kugeln-von-perlweiss\/","title":{"rendered":"Wei\u00dfe Perlmuttkugeln"},"content":{"rendered":"<p>Wei\u00dfe Perlmuttkugeln: Perlmuttperlen, diese Muschelperlen gibt es in verschiedenen Gr\u00f6\u00dfen. So k\u00f6nnen Sie eine Gr\u00f6\u00dfe w\u00e4hlen, die am besten zu Ihnen passt, und selbst machen, um jeden Stil von Schmuckzubeh\u00f6r herzustellen, das Ihnen gef\u00e4llt.<\/p>\n<ul>\n<li>Da Sie eine glatte Oberfl\u00e4che und einen frischen Touch auftragen, sind diese Muschelperlen sch\u00f6n, leicht und angenehm zu tragen.<\/li>\n<li>Diese runden Perlen sind das perfekte Accessoire f\u00fcr Perlen. Sie k\u00f6nnen einen einzigartigen Stil kreieren, um Ihren Schmuck atemberaubend zu machen. Und diese losen Perlen eignen sich f\u00fcr die Herstellung von Modeschmuckdesigns, DIY-Geschenken, Halsketten, Anh\u00e4ngern, Armb\u00e4ndern, Ohrringen, Kleiderzubeh\u00f6r, Heimdekoration und Hochzeitsdesigns.<\/li>\n<li>Da die Muschelperlen mit Faden befestigt sind, m\u00fcssen Sie sich nicht anstrengen, um sie zu durchstechen. Sie k\u00f6nnen auch mit Metallketten und Kristalledelsteinperlen verwendet werden, um stilvollen Haarschmuck, Bekleidungszubeh\u00f6r und vieles mehr herzustellen.<\/li>\n<\/ul>\n<h5>Nat\u00fcrliche Kugelperlen aus wei\u00dfem Perlmutt<\/h5>\n<ul>\n<li>Verwenden Sie diese Muschelperlen, um verschiedene handgefertigte Geschenke herzustellen. Schenken Sie sie Familie und Freunden an Geburtstagen, Weihnachten, Thanksgiving und anderen besonderen Feiertagen.<\/li>\n<li>Oder du kreierst mit deinen Freunden, die gerne basteln. Dies verbessert nicht nur Ihre handwerklichen F\u00e4higkeiten, sondern f\u00f6rdert auch die Kameradschaft zwischen Ihnen und Ihren Freunden.<\/li>\n<\/ul>\n","protected":false},"excerpt":{"rendered":"<p><img decoding=\"async\" class=\"alignnone size-full wp-image-8148\" src=\"https:\/\/www.artestar.eu%E2%80%8B%E2%80%8B%E2%80%8B%E2%80%8B\/wp-content\/uploads\/2023\/07\/shell-beads-round-beads-2-10mm-1.jpg\" alt=\"Gr\u00f6\u00dfe der Perlmuttperlen\" width=\"1000\" height=\"180\" srcset=\"https:\/\/www.artestar.eu\/wp-content\/uploads\/2023\/07\/shell-beads-round-beads-2-10mm-1.jpg 1000w, https:\/\/www.artestar.eu\/wp-content\/uploads\/2023\/07\/shell-beads-round-beads-2-10mm-1-300x54.jpg 300w, https:\/\/www.artestar.eu\/wp-content\/uploads\/2023\/07\/shell-beads-round-beads-2-10mm-1-768x138.jpg 768w, https:\/\/www.artestar.eu\/wp-content\/uploads\/2023\/07\/shell-beads-round-beads-2-10mm-1-600x108.jpg 600w, https:\/\/www.artestar.eu\/wp-content\/uploads\/2023\/07\/shell-beads-round-beads-2-10mm-1-90x16.jpg 90w\" sizes=\"(max-width: 1000px) 100vw, 1000px\" \/>Ungef\u00e4hrer Betrag<\/p>\n<ul>\n<li>Wird zur Herstellung von Halsketten, Armb\u00e4ndern und anderem Schmuck verwendet<\/li>\n<li>Naturwei\u00dfe Perlmuttkugeln, die Ihre Stimmung beruhigen und Sie sch\u00f6n und selbstbewusst machen.<\/li>\n<\/ul>\n","protected":false},"featured_media":19856,"comment_status":"open","ping_status":"closed","template":"","meta":[],"product_cat":[1689,1690,1492],"product_tag":[],"yoast_head":"<!-- This site is optimized with the Yoast SEO Premium plugin v20.5 (Yoast SEO v21.5) - https:\/\/yoast.com\/wordpress\/plugins\/seo\/ -->\n<title>Wei\u00dfe Perlmuttkugelperlen- Artestar<\/title>\n<meta name=\"description\" content=\"Als Symbol f\u00fcr Gl\u00fcck und gute W\u00fcnsche. Wei\u00dfe Perlmuttkugeln sind das perfekte Geschenk f\u00fcr Geburtstage, Weihnachten, Valentinstag.\" \/>\n<meta name=\"robots\" content=\"index, follow, max-snippet:-1, max-image-preview:large, max-video-preview:-1\" \/>\n<link rel=\"canonical\" href=\"https:\/\/www.artestar.eu\/de\/gro\u00dfhandel\/perlen-kugeln-von-perlweiss\/\" \/>\n<meta property=\"og:locale\" content=\"de_DE\" \/>\n<meta property=\"og:type\" content=\"article\" \/>\n<meta property=\"og:title\" content=\"Wei\u00dfe Perlmuttkugeln\" \/>\n<meta property=\"og:description\" content=\"Als Symbol f\u00fcr Gl\u00fcck und gute W\u00fcnsche. Wei\u00dfe Perlmuttkugeln sind das perfekte Geschenk f\u00fcr Geburtstage, Weihnachten, Valentinstag.\" \/>\n<meta property=\"og:url\" content=\"https:\/\/www.artestar.eu\/de\/gro\u00dfhandel\/perlen-kugeln-von-perlweiss\/\" \/>\n<meta property=\"og:site_name\" content=\"Artestar\" \/>\n<meta property=\"article:publisher\" content=\"https:\/\/www.facebook.com\/ARTESTAREU\" \/>\n<meta property=\"article:modified_time\" content=\"2023-09-27T02:14:01+00:00\" \/>\n<meta property=\"og:image\" content=\"https:\/\/www.artestar.eu\/wp-content\/uploads\/2023\/07\/shell-beads-round-beads.jpg\" \/>\n\t<meta property=\"og:image:width\" content=\"600\" \/>\n\t<meta property=\"og:image:height\" content=\"600\" \/>\n\t<meta property=\"og:image:type\" content=\"image\/jpeg\" \/>\n<meta name=\"twitter:card\" content=\"summary_large_image\" \/>\n<meta name=\"twitter:label1\" content=\"Availability\" \/>\n\t<meta name=\"twitter:data1\" content=\"Auf Lager\" \/>\n<script type=\"application\/ld+json\" class=\"yoast-schema-graph\">{\"@context\":\"https:\/\/schema.org\",\"@graph\":[{\"@type\":\"WebPage\",\"@id\":\"https:\/\/www.artestar.eu\/de\/gro\u00dfhandel\/perlen-kugeln-von-perlweiss\/\",\"url\":\"https:\/\/www.artestar.eu\/de\/gro\u00dfhandel\/perlen-kugeln-von-perlweiss\/\",\"name\":\"Wei\u00dfe Perlmuttkugelperlen- Artestar\",\"isPartOf\":{\"@id\":\"https:\/\/www.artestar.eu\/de\/#website\"},\"datePublished\":\"2023-07-03T06:03:36+00:00\",\"dateModified\":\"2023-09-27T02:14:01+00:00\",\"description\":\"Als Symbol f\u00fcr Gl\u00fcck und gute W\u00fcnsche. Wei\u00dfe Perlmuttkugeln sind das perfekte Geschenk f\u00fcr Geburtstage, Weihnachten, Valentinstag.\",\"breadcrumb\":{\"@id\":\"https:\/\/www.artestar.eu\/de\/gro\u00dfhandel\/perlen-kugeln-von-perlweiss\/#breadcrumb\"},\"inLanguage\":\"de-DE\",\"potentialAction\":[{\"@type\":\"ReadAction\",\"target\":[\"https:\/\/www.artestar.eu\/de\/gro\u00dfhandel\/perlen-kugeln-von-perlweiss\/\"]}]},{\"@type\":\"BreadcrumbList\",\"@id\":\"https:\/\/www.artestar.eu\/de\/gro\u00dfhandel\/perlen-kugeln-von-perlweiss\/#breadcrumb\",\"itemListElement\":[{\"@type\":\"ListItem\",\"position\":1,\"name\":\"Artestar\",\"item\":\"https:\/\/www.artestar.eu\/de\/\"},{\"@type\":\"ListItem\",\"position\":2,\"name\":\"Gro\u00dfhandel\",\"item\":\"https:\/\/www.artestar.eu\/de\/grosshandel\/\"},{\"@type\":\"ListItem\",\"position\":3,\"name\":\"Wei\u00dfe Perlmuttkugeln\"}]},{\"@type\":\"WebSite\",\"@id\":\"https:\/\/www.artestar.eu\/de\/#website\",\"url\":\"https:\/\/www.artestar.eu\/de\/\",\"name\":\"Artestar\",\"description\":\"Mayorista en abalorios y joyer\u00eda\",\"publisher\":{\"@id\":\"https:\/\/www.artestar.eu\/de\/#organization\"},\"alternateName\":\"Artestar-EU\",\"potentialAction\":[{\"@type\":\"SearchAction\",\"target\":{\"@type\":\"EntryPoint\",\"urlTemplate\":\"https:\/\/www.artestar.eu\/de\/?s={search_term_string}\"},\"query-input\":\"required name=search_term_string\"}],\"inLanguage\":\"de-DE\"},{\"@type\":[\"Organization\",\"Place\"],\"@id\":\"https:\/\/www.artestar.eu\/de\/#organization\",\"name\":\"RUBY ABALORIO S.L.\",\"alternateName\":\"Artestar\",\"url\":\"https:\/\/www.artestar.eu\/de\/\",\"logo\":{\"@id\":\"https:\/\/www.artestar.eu\/de\/gro\u00dfhandel\/perlen-kugeln-von-perlweiss\/#local-main-organization-logo\"},\"image\":{\"@id\":\"https:\/\/www.artestar.eu\/de\/gro\u00dfhandel\/perlen-kugeln-von-perlweiss\/#local-main-organization-logo\"},\"sameAs\":[\"https:\/\/www.facebook.com\/ARTESTAREU\",\"https:\/\/www.instagram.com\/artestareu\/\",\"https:\/\/www.pinterest.es\/artestar_eu\/\",\"https:\/\/www.tiktok.com\/@artestar_wholesale\"],\"openingHoursSpecification\":[{\"@type\":\"OpeningHoursSpecification\",\"dayOfWeek\":[\"Monday\",\"Tuesday\",\"Wednesday\",\"Thursday\",\"Friday\",\"Saturday\",\"Sunday\"],\"opens\":\"09:00\",\"closes\":\"17:00\"}]},{\"@type\":\"ImageObject\",\"inLanguage\":\"de-DE\",\"@id\":\"https:\/\/www.artestar.eu\/de\/gro\u00dfhandel\/perlen-kugeln-von-perlweiss\/#local-main-organization-logo\",\"url\":\"https:\/\/www.artestar.eu\/wp-content\/uploads\/2023\/05\/cropped-png.png\",\"contentUrl\":\"https:\/\/www.artestar.eu\/wp-content\/uploads\/2023\/05\/cropped-png.png\",\"width\":512,\"height\":512,\"caption\":\"RUBY ABALORIO S.L.\"}]}<\/script>\n<meta property=\"og:availability\" content=\"instock\" \/>\n<meta property=\"product:availability\" content=\"instock\" \/>\n<meta property=\"product:retailer_item_id\" content=\"BK-YZ-0017-0024\" \/>\n<meta property=\"product:condition\" content=\"new\" \/>\n<!-- \/ Yoast SEO Premium plugin. -->","yoast_head_json":{"title":"Wei\u00dfe Perlmuttkugelperlen- Artestar","description":"Als Symbol f\u00fcr Gl\u00fcck und gute W\u00fcnsche. Wei\u00dfe Perlmuttkugeln sind das perfekte Geschenk f\u00fcr Geburtstage, Weihnachten, Valentinstag.","robots":{"index":"index","follow":"follow","max-snippet":"max-snippet:-1","max-image-preview":"max-image-preview:large","max-video-preview":"max-video-preview:-1"},"canonical":"https:\/\/www.artestar.eu\/de\/gro\u00dfhandel\/perlen-kugeln-von-perlweiss\/","og_locale":"de_DE","og_type":"article","og_title":"Wei\u00dfe Perlmuttkugeln","og_description":"Als Symbol f\u00fcr Gl\u00fcck und gute W\u00fcnsche. Wei\u00dfe Perlmuttkugeln sind das perfekte Geschenk f\u00fcr Geburtstage, Weihnachten, Valentinstag.","og_url":"https:\/\/www.artestar.eu\/de\/gro\u00dfhandel\/perlen-kugeln-von-perlweiss\/","og_site_name":"Artestar","article_publisher":"https:\/\/www.facebook.com\/ARTESTAREU","article_modified_time":"2023-09-27T02:14:01+00:00","og_image":[{"width":600,"height":600,"url":"https:\/\/www.artestar.eu\/wp-content\/uploads\/2023\/07\/shell-beads-round-beads.jpg","type":"image\/jpeg"}],"twitter_card":"summary_large_image","twitter_misc":{"Availability":"Auf Lager"},"schema":{"@context":"https:\/\/schema.org","@graph":[{"@type":"WebPage","@id":"https:\/\/www.artestar.eu\/de\/gro\u00dfhandel\/perlen-kugeln-von-perlweiss\/","url":"https:\/\/www.artestar.eu\/de\/gro\u00dfhandel\/perlen-kugeln-von-perlweiss\/","name":"Wei\u00dfe Perlmuttkugelperlen- Artestar","isPartOf":{"@id":"https:\/\/www.artestar.eu\/de\/#website"},"datePublished":"2023-07-03T06:03:36+00:00","dateModified":"2023-09-27T02:14:01+00:00","description":"Als Symbol f\u00fcr Gl\u00fcck und gute W\u00fcnsche. Wei\u00dfe Perlmuttkugeln sind das perfekte Geschenk f\u00fcr Geburtstage, Weihnachten, Valentinstag.","breadcrumb":{"@id":"https:\/\/www.artestar.eu\/de\/gro\u00dfhandel\/perlen-kugeln-von-perlweiss\/#breadcrumb"},"inLanguage":"de-DE","potentialAction":[{"@type":"ReadAction","target":["https:\/\/www.artestar.eu\/de\/gro\u00dfhandel\/perlen-kugeln-von-perlweiss\/"]}]},{"@type":"BreadcrumbList","@id":"https:\/\/www.artestar.eu\/de\/gro\u00dfhandel\/perlen-kugeln-von-perlweiss\/#breadcrumb","itemListElement":[{"@type":"ListItem","position":1,"name":"Artestar","item":"https:\/\/www.artestar.eu\/de\/"},{"@type":"ListItem","position":2,"name":"Gro\u00dfhandel","item":"https:\/\/www.artestar.eu\/de\/grosshandel\/"},{"@type":"ListItem","position":3,"name":"Wei\u00dfe Perlmuttkugeln"}]},{"@type":"WebSite","@id":"https:\/\/www.artestar.eu\/de\/#website","url":"https:\/\/www.artestar.eu\/de\/","name":"Artestar","description":"Mayorista en abalorios y joyer\u00eda","publisher":{"@id":"https:\/\/www.artestar.eu\/de\/#organization"},"alternateName":"Artestar-EU","potentialAction":[{"@type":"SearchAction","target":{"@type":"EntryPoint","urlTemplate":"https:\/\/www.artestar.eu\/de\/?s={search_term_string}"},"query-input":"required name=search_term_string"}],"inLanguage":"de-DE"},{"@type":["Organization","Place"],"@id":"https:\/\/www.artestar.eu\/de\/#organization","name":"RUBY ABALORIO S.L.","alternateName":"Artestar","url":"https:\/\/www.artestar.eu\/de\/","logo":{"@id":"https:\/\/www.artestar.eu\/de\/gro\u00dfhandel\/perlen-kugeln-von-perlweiss\/#local-main-organization-logo"},"image":{"@id":"https:\/\/www.artestar.eu\/de\/gro\u00dfhandel\/perlen-kugeln-von-perlweiss\/#local-main-organization-logo"},"sameAs":["https:\/\/www.facebook.com\/ARTESTAREU","https:\/\/www.instagram.com\/artestareu\/","https:\/\/www.pinterest.es\/artestar_eu\/","https:\/\/www.tiktok.com\/@artestar_wholesale"],"openingHoursSpecification":[{"@type":"OpeningHoursSpecification","dayOfWeek":["Monday","Tuesday","Wednesday","Thursday","Friday","Saturday","Sunday"],"opens":"09:00","closes":"17:00"}]},{"@type":"ImageObject","inLanguage":"de-DE","@id":"https:\/\/www.artestar.eu\/de\/gro\u00dfhandel\/perlen-kugeln-von-perlweiss\/#local-main-organization-logo","url":"https:\/\/www.artestar.eu\/wp-content\/uploads\/2023\/05\/cropped-png.png","contentUrl":"https:\/\/www.artestar.eu\/wp-content\/uploads\/2023\/05\/cropped-png.png","width":512,"height":512,"caption":"RUBY ABALORIO S.L."}]},"og_availability":"instock","product_availability":"instock","product_retailer_item_id":"BK-YZ-0017-0024","product_condition":"new"},"tiered_pricing_type":"fixed","tiered_pricing_fixed_rules":[],"tiered_pricing_percentage_rules":[],"tiered_pricing_minimum":null,"_administrator_tiered_pricing_type":"fixed","_administrator_tiered_pricing_fixed_rules":[],"_editor_tiered_pricing_type":"fixed","_editor_tiered_pricing_fixed_rules":[],"_author_tiered_pricing_type":"fixed","_author_tiered_pricing_fixed_rules":[],"_contributor_tiered_pricing_type":"fixed","_contributor_tiered_pricing_fixed_rules":[],"_subscriber_tiered_pricing_type":"fixed","_subscriber_tiered_pricing_fixed_rules":[],"_wpseo_manager_tiered_pricing_type":"fixed","_wpseo_manager_tiered_pricing_fixed_rules":[],"_wpseo_editor_tiered_pricing_type":"fixed","_wpseo_editor_tiered_pricing_fixed_rules":[],"_customer_tiered_pricing_type":"fixed","_customer_tiered_pricing_fixed_rules":[],"_shop_manager_tiered_pricing_type":"fixed","_shop_manager_tiered_pricing_fixed_rules":[],"_product_manager_tiered_pricing_type":"fixed","_product_manager_tiered_pricing_fixed_rules":[],"_links":{"self":[{"href":"https:\/\/www.artestar.eu\/de\/wp-json\/wp\/v2\/product\/30395"}],"collection":[{"href":"https:\/\/www.artestar.eu\/de\/wp-json\/wp\/v2\/product"}],"about":[{"href":"https:\/\/www.artestar.eu\/de\/wp-json\/wp\/v2\/types\/product"}],"replies":[{"embeddable":true,"href":"https:\/\/www.artestar.eu\/de\/wp-json\/wp\/v2\/comments?post=30395"}],"version-history":[{"count":2,"href":"https:\/\/www.artestar.eu\/de\/wp-json\/wp\/v2\/product\/30395\/revisions"}],"predecessor-version":[{"id":35732,"href":"https:\/\/www.artestar.eu\/de\/wp-json\/wp\/v2\/product\/30395\/revisions\/35732"}],"wp:featuredmedia":[{"embeddable":true,"href":"https:\/\/www.artestar.eu\/de\/wp-json\/wp\/v2\/media\/19856"}],"wp:attachment":[{"href":"https:\/\/www.artestar.eu\/de\/wp-json\/wp\/v2\/media?parent=30395"}],"wp:term":[{"taxonomy":"product_cat","embeddable":true,"href":"https:\/\/www.artestar.eu\/de\/wp-json\/wp\/v2\/product_cat?post=30395"},{"taxonomy":"product_tag","embeddable":true,"href":"https:\/\/www.artestar.eu\/de\/wp-json\/wp\/v2\/product_tag?post=30395"}],"curies":[{"name":"wp","href":"https:\/\/api.w.org\/{rel}","templated":true}]}}