{"id":30635,"date":"2023-06-08T05:39:21","date_gmt":"2023-06-08T05:39:21","guid":{"rendered":"https:\/\/www.artestar.eu\/al-por-mayor\/terminales-con-cadena-de-acero\/"},"modified":"2023-10-20T03:39:41","modified_gmt":"2023-10-20T03:39:41","slug":"kettenklemmen-aus-stahl","status":"publish","type":"product","link":"https:\/\/www.artestar.eu\/de\/gro\u00dfhandel\/kettenklemmen-aus-stahl\/","title":{"rendered":"Kettenklemmen aus Stahl"},"content":{"rendered":"<p>Kettenklemmen aus Stahl: Das dreiteilige Edelstahl-Set ist in 2 Gr\u00f6\u00dfen erh\u00e4ltlich. Mit unterschiedlichen Gr\u00f6\u00dfen und ausreichenden Mengen, um den unterschiedlichen Bed\u00fcrfnissen Ihres t\u00e4glichen Lebens gerecht zu werden. Sie k\u00f6nnen die f\u00fcr Ihre DIY-Schmuckherstellung am besten geeignete ausw\u00e4hlen.<\/p>\n<ul>\n<li>Die Kettenterminals sind aus hochwertigem Edelstahlmaterial gefertigt. Im Vergleich zu anderen Metalllegierungen bietet es eine gute Stabilit\u00e4t und Korrosionsbest\u00e4ndigkeit, Haltbarkeit und lange Lebensdauer. Und mit geringen Wartungskosten ist es ideal f\u00fcr viele Schmuckdesigns.<\/li>\n<li>Das kleine Set fixiert den Verschluss an der Schmuckschnur aus Leder oder Stoff, die die Schnur h\u00e4lt, um ein Verrutschen zu verhindern, und l\u00e4sst sich sehr einfach mit dem Ende der Schnur und dem Karabinerverschluss kombinieren. Denn einfach und unkompliziert, schlie\u00dfen Sie einfach die Verl\u00e4ngerungskette zu Ihrem Lieblingsschmuckst\u00fcck. Sie k\u00f6nnen es auch verwenden, um Ihre Halsketten und Armb\u00e4nder zu reparieren und zu ersetzen oder als Erweiterung Ihres Schmucks.<\/li>\n<li>Denn diese Verl\u00e4ngerungskettenverbinder eignen sich f\u00fcr Verl\u00e4ngerungen und sind kompatibel mit Schn\u00fcrsenkeln, Halsketten oder Halsketten aus Leder, Wildleder, Quaste, Spitze, Hanf oder Klapperschlangensatin, perfekt f\u00fcr die Herstellung von Armb\u00e4ndern, Halsketten, Halsketten und vielem mehr.<\/li>\n<li>Sie k\u00f6nnen diese Schmuckaccessoires an Freunde verschenken, die sich f\u00fcr DIY interessieren, oder Sie k\u00f6nnen Ihr Lieblingshandwerk mit Ihren Freunden und Ihrer Familie fertigstellen, es wird eine gro\u00dfartige Erfahrung sein, die Bindungen zu st\u00e4rken. Sie k\u00f6nnen auch Ihre fertigen Produkte wie Armb\u00e4nder, Halsketten und andere Arten von Perlen verschenken. Verschenken Sie sie an Familie oder Freunde zum Valentinstag, Muttertag, zu Hochzeiten, Jubil\u00e4en, Thanksgiving oder Geburtstagen. Sie werden angenehm \u00fcberrascht sein und es lieben.<\/li>\n<\/ul>\n<h3>Kettenklemmen aus Stahl<\/h3>\n<ul>\n<li>Die Kettenterminals haben ein schlichtes, klassisches und elegantes Design. Es enth\u00e4lt einen Karabinerverschluss, einen \u00d6ffnungsring, ein Quetschende und eine Kettenverl\u00e4ngerung. Und weil es gut verarbeitet ist, mit einer glatten und angenehmen Oberfl\u00e4che zum Tragen. Es sieht beeindruckend aus und wird Sie von der Masse abheben.<\/li>\n<li>Erh\u00e4ltlich in 2 Farben (Gold und Stahl). Denn verschiedene Farben k\u00f6nnen mit verschiedenen Schmuckaccessoires kombiniert werden, um Ihren Ausfl\u00fcgen einen auff\u00e4lligen Akzent zu verleihen.<\/li>\n<\/ul>\n","protected":false},"excerpt":{"rendered":"<ul>\n<li>Material aus rostfreiem Stahl<\/li>\n<li>Bitte beachten Sie das Produktbild f\u00fcr die detaillierte Gr\u00f6\u00dfe und Menge.<\/li>\n<li>Stahlkettenklemmen eignen sich perfekt f\u00fcr die Herstellung von Armb\u00e4ndern, Halsketten, Charms und mehr.<\/li>\n<\/ul>\n","protected":false},"featured_media":13885,"comment_status":"open","ping_status":"closed","template":"","meta":[],"product_cat":[1669,2375],"product_tag":[],"yoast_head":"<!-- This site is optimized with the Yoast SEO Premium plugin v20.5 (Yoast SEO v21.5) - https:\/\/yoast.com\/wordpress\/plugins\/seo\/ -->\n<title>Stahlkettenklemmen - Artestar<\/title>\n<meta name=\"description\" content=\"Das Kettenterminal aus Stahl besteht aus einem Karabinerverschluss, einem offenen Ring, einem gewickelten Ende und einer Kettenverl\u00e4ngerung.\" \/>\n<meta name=\"robots\" content=\"index, follow, max-snippet:-1, max-image-preview:large, max-video-preview:-1\" \/>\n<link rel=\"canonical\" href=\"https:\/\/www.artestar.eu\/de\/gro\u00dfhandel\/kettenklemmen-aus-stahl\/\" \/>\n<meta property=\"og:locale\" content=\"de_DE\" \/>\n<meta property=\"og:type\" content=\"article\" \/>\n<meta property=\"og:title\" content=\"Kettenklemmen aus Stahl\" \/>\n<meta property=\"og:description\" content=\"Das Kettenterminal aus Stahl besteht aus einem Karabinerverschluss, einem offenen Ring, einem gewickelten Ende und einer Kettenverl\u00e4ngerung.\" \/>\n<meta property=\"og:url\" content=\"https:\/\/www.artestar.eu\/de\/gro\u00dfhandel\/kettenklemmen-aus-stahl\/\" \/>\n<meta property=\"og:site_name\" content=\"Artestar\" \/>\n<meta property=\"article:publisher\" content=\"https:\/\/www.facebook.com\/ARTESTAREU\" \/>\n<meta property=\"article:modified_time\" content=\"2023-10-20T03:39:41+00:00\" \/>\n<meta property=\"og:image\" content=\"https:\/\/www.artestar.eu\/wp-content\/uploads\/2023\/06\/Stainless-steel-fittings-metal-extension-chain-with-terminals-and-clasp-silver.jpg\" \/>\n\t<meta property=\"og:image:width\" content=\"600\" \/>\n\t<meta property=\"og:image:height\" content=\"600\" \/>\n\t<meta property=\"og:image:type\" content=\"image\/jpeg\" \/>\n<meta name=\"twitter:card\" content=\"summary_large_image\" \/>\n<meta name=\"twitter:label1\" content=\"Availability\" \/>\n\t<meta name=\"twitter:data1\" content=\"Auf Lager\" \/>\n<script type=\"application\/ld+json\" class=\"yoast-schema-graph\">{\"@context\":\"https:\/\/schema.org\",\"@graph\":[{\"@type\":\"WebPage\",\"@id\":\"https:\/\/www.artestar.eu\/de\/gro\u00dfhandel\/kettenklemmen-aus-stahl\/\",\"url\":\"https:\/\/www.artestar.eu\/de\/gro\u00dfhandel\/kettenklemmen-aus-stahl\/\",\"name\":\"Stahlkettenklemmen - Artestar\",\"isPartOf\":{\"@id\":\"https:\/\/www.artestar.eu\/de\/#website\"},\"datePublished\":\"2023-06-08T05:39:21+00:00\",\"dateModified\":\"2023-10-20T03:39:41+00:00\",\"description\":\"Das Kettenterminal aus Stahl besteht aus einem Karabinerverschluss, einem offenen Ring, einem gewickelten Ende und einer Kettenverl\u00e4ngerung.\",\"breadcrumb\":{\"@id\":\"https:\/\/www.artestar.eu\/de\/gro\u00dfhandel\/kettenklemmen-aus-stahl\/#breadcrumb\"},\"inLanguage\":\"de-DE\",\"potentialAction\":[{\"@type\":\"ReadAction\",\"target\":[\"https:\/\/www.artestar.eu\/de\/gro\u00dfhandel\/kettenklemmen-aus-stahl\/\"]}]},{\"@type\":\"BreadcrumbList\",\"@id\":\"https:\/\/www.artestar.eu\/de\/gro\u00dfhandel\/kettenklemmen-aus-stahl\/#breadcrumb\",\"itemListElement\":[{\"@type\":\"ListItem\",\"position\":1,\"name\":\"Artestar\",\"item\":\"https:\/\/www.artestar.eu\/de\/\"},{\"@type\":\"ListItem\",\"position\":2,\"name\":\"Gro\u00dfhandel\",\"item\":\"https:\/\/www.artestar.eu\/de\/grosshandel\/\"},{\"@type\":\"ListItem\",\"position\":3,\"name\":\"Kettenklemmen aus Stahl\"}]},{\"@type\":\"WebSite\",\"@id\":\"https:\/\/www.artestar.eu\/de\/#website\",\"url\":\"https:\/\/www.artestar.eu\/de\/\",\"name\":\"Artestar\",\"description\":\"Mayorista en abalorios y joyer\u00eda\",\"publisher\":{\"@id\":\"https:\/\/www.artestar.eu\/de\/#organization\"},\"alternateName\":\"Artestar-EU\",\"potentialAction\":[{\"@type\":\"SearchAction\",\"target\":{\"@type\":\"EntryPoint\",\"urlTemplate\":\"https:\/\/www.artestar.eu\/de\/?s={search_term_string}\"},\"query-input\":\"required name=search_term_string\"}],\"inLanguage\":\"de-DE\"},{\"@type\":[\"Organization\",\"Place\"],\"@id\":\"https:\/\/www.artestar.eu\/de\/#organization\",\"name\":\"RUBY ABALORIO S.L.\",\"alternateName\":\"Artestar\",\"url\":\"https:\/\/www.artestar.eu\/de\/\",\"logo\":{\"@id\":\"https:\/\/www.artestar.eu\/de\/gro\u00dfhandel\/kettenklemmen-aus-stahl\/#local-main-organization-logo\"},\"image\":{\"@id\":\"https:\/\/www.artestar.eu\/de\/gro\u00dfhandel\/kettenklemmen-aus-stahl\/#local-main-organization-logo\"},\"sameAs\":[\"https:\/\/www.facebook.com\/ARTESTAREU\",\"https:\/\/www.instagram.com\/artestareu\/\",\"https:\/\/www.pinterest.es\/artestar_eu\/\",\"https:\/\/www.tiktok.com\/@artestar_wholesale\"],\"openingHoursSpecification\":[{\"@type\":\"OpeningHoursSpecification\",\"dayOfWeek\":[\"Monday\",\"Tuesday\",\"Wednesday\",\"Thursday\",\"Friday\",\"Saturday\",\"Sunday\"],\"opens\":\"09:00\",\"closes\":\"17:00\"}]},{\"@type\":\"ImageObject\",\"inLanguage\":\"de-DE\",\"@id\":\"https:\/\/www.artestar.eu\/de\/gro\u00dfhandel\/kettenklemmen-aus-stahl\/#local-main-organization-logo\",\"url\":\"https:\/\/www.artestar.eu\/wp-content\/uploads\/2023\/05\/cropped-png.png\",\"contentUrl\":\"https:\/\/www.artestar.eu\/wp-content\/uploads\/2023\/05\/cropped-png.png\",\"width\":512,\"height\":512,\"caption\":\"RUBY ABALORIO S.L.\"}]}<\/script>\n<meta property=\"og:availability\" content=\"instock\" \/>\n<meta property=\"product:availability\" content=\"instock\" \/>\n<meta property=\"product:retailer_item_id\" content=\"BXG0106-0107\" \/>\n<meta property=\"product:condition\" content=\"new\" \/>\n<!-- \/ Yoast SEO Premium plugin. -->","yoast_head_json":{"title":"Stahlkettenklemmen - Artestar","description":"Das Kettenterminal aus Stahl besteht aus einem Karabinerverschluss, einem offenen Ring, einem gewickelten Ende und einer Kettenverl\u00e4ngerung.","robots":{"index":"index","follow":"follow","max-snippet":"max-snippet:-1","max-image-preview":"max-image-preview:large","max-video-preview":"max-video-preview:-1"},"canonical":"https:\/\/www.artestar.eu\/de\/gro\u00dfhandel\/kettenklemmen-aus-stahl\/","og_locale":"de_DE","og_type":"article","og_title":"Kettenklemmen aus Stahl","og_description":"Das Kettenterminal aus Stahl besteht aus einem Karabinerverschluss, einem offenen Ring, einem gewickelten Ende und einer Kettenverl\u00e4ngerung.","og_url":"https:\/\/www.artestar.eu\/de\/gro\u00dfhandel\/kettenklemmen-aus-stahl\/","og_site_name":"Artestar","article_publisher":"https:\/\/www.facebook.com\/ARTESTAREU","article_modified_time":"2023-10-20T03:39:41+00:00","og_image":[{"width":600,"height":600,"url":"https:\/\/www.artestar.eu\/wp-content\/uploads\/2023\/06\/Stainless-steel-fittings-metal-extension-chain-with-terminals-and-clasp-silver.jpg","type":"image\/jpeg"}],"twitter_card":"summary_large_image","twitter_misc":{"Availability":"Auf Lager"},"schema":{"@context":"https:\/\/schema.org","@graph":[{"@type":"WebPage","@id":"https:\/\/www.artestar.eu\/de\/gro\u00dfhandel\/kettenklemmen-aus-stahl\/","url":"https:\/\/www.artestar.eu\/de\/gro\u00dfhandel\/kettenklemmen-aus-stahl\/","name":"Stahlkettenklemmen - Artestar","isPartOf":{"@id":"https:\/\/www.artestar.eu\/de\/#website"},"datePublished":"2023-06-08T05:39:21+00:00","dateModified":"2023-10-20T03:39:41+00:00","description":"Das Kettenterminal aus Stahl besteht aus einem Karabinerverschluss, einem offenen Ring, einem gewickelten Ende und einer Kettenverl\u00e4ngerung.","breadcrumb":{"@id":"https:\/\/www.artestar.eu\/de\/gro\u00dfhandel\/kettenklemmen-aus-stahl\/#breadcrumb"},"inLanguage":"de-DE","potentialAction":[{"@type":"ReadAction","target":["https:\/\/www.artestar.eu\/de\/gro\u00dfhandel\/kettenklemmen-aus-stahl\/"]}]},{"@type":"BreadcrumbList","@id":"https:\/\/www.artestar.eu\/de\/gro\u00dfhandel\/kettenklemmen-aus-stahl\/#breadcrumb","itemListElement":[{"@type":"ListItem","position":1,"name":"Artestar","item":"https:\/\/www.artestar.eu\/de\/"},{"@type":"ListItem","position":2,"name":"Gro\u00dfhandel","item":"https:\/\/www.artestar.eu\/de\/grosshandel\/"},{"@type":"ListItem","position":3,"name":"Kettenklemmen aus Stahl"}]},{"@type":"WebSite","@id":"https:\/\/www.artestar.eu\/de\/#website","url":"https:\/\/www.artestar.eu\/de\/","name":"Artestar","description":"Mayorista en abalorios y joyer\u00eda","publisher":{"@id":"https:\/\/www.artestar.eu\/de\/#organization"},"alternateName":"Artestar-EU","potentialAction":[{"@type":"SearchAction","target":{"@type":"EntryPoint","urlTemplate":"https:\/\/www.artestar.eu\/de\/?s={search_term_string}"},"query-input":"required name=search_term_string"}],"inLanguage":"de-DE"},{"@type":["Organization","Place"],"@id":"https:\/\/www.artestar.eu\/de\/#organization","name":"RUBY ABALORIO S.L.","alternateName":"Artestar","url":"https:\/\/www.artestar.eu\/de\/","logo":{"@id":"https:\/\/www.artestar.eu\/de\/gro\u00dfhandel\/kettenklemmen-aus-stahl\/#local-main-organization-logo"},"image":{"@id":"https:\/\/www.artestar.eu\/de\/gro\u00dfhandel\/kettenklemmen-aus-stahl\/#local-main-organization-logo"},"sameAs":["https:\/\/www.facebook.com\/ARTESTAREU","https:\/\/www.instagram.com\/artestareu\/","https:\/\/www.pinterest.es\/artestar_eu\/","https:\/\/www.tiktok.com\/@artestar_wholesale"],"openingHoursSpecification":[{"@type":"OpeningHoursSpecification","dayOfWeek":["Monday","Tuesday","Wednesday","Thursday","Friday","Saturday","Sunday"],"opens":"09:00","closes":"17:00"}]},{"@type":"ImageObject","inLanguage":"de-DE","@id":"https:\/\/www.artestar.eu\/de\/gro\u00dfhandel\/kettenklemmen-aus-stahl\/#local-main-organization-logo","url":"https:\/\/www.artestar.eu\/wp-content\/uploads\/2023\/05\/cropped-png.png","contentUrl":"https:\/\/www.artestar.eu\/wp-content\/uploads\/2023\/05\/cropped-png.png","width":512,"height":512,"caption":"RUBY ABALORIO S.L."}]},"og_availability":"instock","product_availability":"instock","product_retailer_item_id":"BXG0106-0107","product_condition":"new"},"tiered_pricing_type":"fixed","tiered_pricing_fixed_rules":[],"tiered_pricing_percentage_rules":[],"tiered_pricing_minimum":null,"_administrator_tiered_pricing_type":"fixed","_administrator_tiered_pricing_fixed_rules":[],"_editor_tiered_pricing_type":"fixed","_editor_tiered_pricing_fixed_rules":[],"_author_tiered_pricing_type":"fixed","_author_tiered_pricing_fixed_rules":[],"_contributor_tiered_pricing_type":"fixed","_contributor_tiered_pricing_fixed_rules":[],"_subscriber_tiered_pricing_type":"fixed","_subscriber_tiered_pricing_fixed_rules":[],"_wpseo_manager_tiered_pricing_type":"fixed","_wpseo_manager_tiered_pricing_fixed_rules":[],"_wpseo_editor_tiered_pricing_type":"fixed","_wpseo_editor_tiered_pricing_fixed_rules":[],"_customer_tiered_pricing_type":"fixed","_customer_tiered_pricing_fixed_rules":[],"_shop_manager_tiered_pricing_type":"fixed","_shop_manager_tiered_pricing_fixed_rules":[],"_product_manager_tiered_pricing_type":"fixed","_product_manager_tiered_pricing_fixed_rules":[],"_links":{"self":[{"href":"https:\/\/www.artestar.eu\/de\/wp-json\/wp\/v2\/product\/30635"}],"collection":[{"href":"https:\/\/www.artestar.eu\/de\/wp-json\/wp\/v2\/product"}],"about":[{"href":"https:\/\/www.artestar.eu\/de\/wp-json\/wp\/v2\/types\/product"}],"replies":[{"embeddable":true,"href":"https:\/\/www.artestar.eu\/de\/wp-json\/wp\/v2\/comments?post=30635"}],"version-history":[{"count":2,"href":"https:\/\/www.artestar.eu\/de\/wp-json\/wp\/v2\/product\/30635\/revisions"}],"predecessor-version":[{"id":36986,"href":"https:\/\/www.artestar.eu\/de\/wp-json\/wp\/v2\/product\/30635\/revisions\/36986"}],"wp:featuredmedia":[{"embeddable":true,"href":"https:\/\/www.artestar.eu\/de\/wp-json\/wp\/v2\/media\/13885"}],"wp:attachment":[{"href":"https:\/\/www.artestar.eu\/de\/wp-json\/wp\/v2\/media?parent=30635"}],"wp:term":[{"taxonomy":"product_cat","embeddable":true,"href":"https:\/\/www.artestar.eu\/de\/wp-json\/wp\/v2\/product_cat?post=30635"},{"taxonomy":"product_tag","embeddable":true,"href":"https:\/\/www.artestar.eu\/de\/wp-json\/wp\/v2\/product_tag?post=30635"}],"curies":[{"name":"wp","href":"https:\/\/api.w.org\/{rel}","templated":true}]}}