{"id":30790,"date":"2023-06-08T01:57:16","date_gmt":"2023-06-08T01:57:16","guid":{"rendered":"https:\/\/www.artestar.eu\/al-por-mayor\/pendiente-redondo-con-perno-de-acero\/"},"modified":"2023-10-20T05:00:17","modified_gmt":"2023-10-20T05:00:17","slug":"pendiente-redondo-con-perno-de-acero","status":"publish","type":"product","link":"https:\/\/www.artestar.eu\/de\/gro\u00dfhandel\/pendiente-redondo-con-perno-de-acero\/","title":{"rendered":"Pendiente redondo con perno de acero"},"content":{"rendered":"<p>Pendiente redondo con perno de acero: Las postes de pendiente de bola est\u00e1n disponibles en 3 tama\u00f1os, 30 mm (34 unids), 4o mm (34 unids) y 50 mm (32 unids).<\/p>\n<ul>\n<li>Porque una amplia gama de tama\u00f1os para elegir, con suficientes tama\u00f1os y cantidades diferentes para satisfacer las distintas necesidades de su d\u00eda a d\u00eda. Puede elegir el m\u00e1s adecuado para sus trabajos de bricolaje.<\/li>\n<li>La postes de pendiente de bola est\u00e1 fabricada con material de acero inoxidable de alta calidad. Im Vergleich zu anderen Metalllegierungen bietet es eine gute Stabilit\u00e4t und Korrosionsbest\u00e4ndigkeit, Haltbarkeit und lange Lebensdauer. Y porque con bajos costes de mantenimiento, es ideal para muchos dise\u00f1os de joyer\u00eda.<\/li>\n<li>Las aretes de poste de bola tienen un aspecto sencillo y cl\u00e1sico con un dise\u00f1o elegante. Y est\u00e1n bien hechas, con una superficie lisa y c\u00f3moda de llevar. Son muy atractivas de llevar y te har\u00e1n destacar entre la multitud.<\/li>\n<li>Porque cada postes para bola tipo arete tiene una anilla en la parte superior. Se puede abrir para a\u00f1adir ganchos. Incluso puede a\u00f1adir cadenas, cuentas, borlas o colgantes para conseguir un accesorio de estilo diferente.<\/li>\n<li>Adecuado para la mayor\u00eda de los principiantes y muchos pasatiempos creativos. Ya que ayuda a que la fabricaci\u00f3n de joyas sea m\u00e1s f\u00e1cil y divertida.<\/li>\n<\/ul>\n<h5>Pendiente redondo con perno de acero<\/h5>\n<ul>\n<li>Los porque pendientes de poste de bola se pueden combinar con una variedad de piedras preciosas, perlas, cristales y otras piezas de joyer\u00eda. El regalo perfecto para su hija, amante, madre o para usted misma en San Valent\u00edn, Navidad, D\u00eda de la Madre, aniversarios o cumplea\u00f1os.<\/li>\n<li>Disponible en 2 colores (dorado y acero). Los porque diferentes colores se pueden llevar con diferentes atuendos y para diferentes ocasiones. A\u00f1adiendo un acento llamativo a sus salidas.<\/li>\n<\/ul>\n","protected":false},"excerpt":{"rendered":"<p><img decoding=\"async\" class=\"alignnone size-full wp-image-25205\" src=\"https:\/\/www.artestar.eu\/wp-content\/uploads\/2023\/06\/ball-post-stud-earring-silver-size-1.jpg\" alt=\"Pendiente redondo con perno\" width=\"1000\" height=\"180\" srcset=\"https:\/\/www.artestar.eu\/wp-content\/uploads\/2023\/06\/ball-post-stud-earring-silver-size-1.jpg 1000w, https:\/\/www.artestar.eu\/wp-content\/uploads\/2023\/06\/ball-post-stud-earring-silver-size-1-300x54.jpg 300w, https:\/\/www.artestar.eu\/wp-content\/uploads\/2023\/06\/ball-post-stud-earring-silver-size-1-768x138.jpg 768w, https:\/\/www.artestar.eu\/wp-content\/uploads\/2023\/06\/ball-post-stud-earring-silver-size-1-600x108.jpg 600w, https:\/\/www.artestar.eu\/wp-content\/uploads\/2023\/06\/ball-post-stud-earring-silver-size-1-90x16.jpg 90w\" sizes=\"(max-width: 1000px) 100vw, 1000px\" \/><\/p>\n<ul>\n<li>Bitte beachten Sie das Produktbild f\u00fcr die detaillierte Gr\u00f6\u00dfe und Menge.<\/li>\n<li>Es wird zur Herstellung von Schmuck, Dekorationen, Kunsthandwerk usw. verwendet.<\/li>\n<\/ul>\n","protected":false},"featured_media":13749,"comment_status":"open","ping_status":"closed","template":"","meta":[],"product_cat":[1670,1669],"product_tag":[],"yoast_head":"<!-- This site is optimized with the Yoast SEO Premium plugin v20.5 (Yoast SEO v21.5) - https:\/\/yoast.com\/wordpress\/plugins\/seo\/ -->\n<title>Pendiente redondo con perno de acero - Artestar<\/title>\n<meta name=\"description\" content=\"Las postes de pendiente de bola de acero funcionan con todos los diferentes tipos y estilos de aretes. Como aretes, alambres para los o\u00eddos etc.\" \/>\n<meta name=\"robots\" content=\"index, follow, max-snippet:-1, max-image-preview:large, max-video-preview:-1\" \/>\n<link rel=\"canonical\" href=\"https:\/\/www.artestar.eu\/de\/gro\u00dfhandel\/pendiente-redondo-con-perno-de-acero\/\" \/>\n<meta property=\"og:locale\" content=\"de_DE\" \/>\n<meta property=\"og:type\" content=\"article\" \/>\n<meta property=\"og:title\" content=\"Pendiente redondo con perno de acero\" \/>\n<meta property=\"og:description\" content=\"Las postes de pendiente de bola de acero funcionan con todos los diferentes tipos y estilos de aretes. Como aretes, alambres para los o\u00eddos etc.\" \/>\n<meta property=\"og:url\" content=\"https:\/\/www.artestar.eu\/de\/gro\u00dfhandel\/pendiente-redondo-con-perno-de-acero\/\" \/>\n<meta property=\"og:site_name\" content=\"Artestar\" \/>\n<meta property=\"article:publisher\" content=\"https:\/\/www.facebook.com\/ARTESTAREU\" \/>\n<meta property=\"article:modified_time\" content=\"2023-10-20T05:00:17+00:00\" \/>\n<meta property=\"og:image\" content=\"https:\/\/www.artestar.eu\/wp-content\/uploads\/2023\/06\/stainless-steel-earring-accessories-ball-post-stud-earring-silver.jpg\" \/>\n\t<meta property=\"og:image:width\" content=\"600\" \/>\n\t<meta property=\"og:image:height\" content=\"600\" \/>\n\t<meta property=\"og:image:type\" content=\"image\/jpeg\" \/>\n<meta name=\"twitter:card\" content=\"summary_large_image\" \/>\n<meta name=\"twitter:label1\" content=\"Availability\" \/>\n\t<meta name=\"twitter:data1\" content=\"Auf Lager\" \/>\n<script type=\"application\/ld+json\" class=\"yoast-schema-graph\">{\"@context\":\"https:\/\/schema.org\",\"@graph\":[{\"@type\":\"WebPage\",\"@id\":\"https:\/\/www.artestar.eu\/de\/gro\u00dfhandel\/pendiente-redondo-con-perno-de-acero\/\",\"url\":\"https:\/\/www.artestar.eu\/de\/gro\u00dfhandel\/pendiente-redondo-con-perno-de-acero\/\",\"name\":\"Pendiente redondo con perno de acero - Artestar\",\"isPartOf\":{\"@id\":\"https:\/\/www.artestar.eu\/de\/#website\"},\"datePublished\":\"2023-06-08T01:57:16+00:00\",\"dateModified\":\"2023-10-20T05:00:17+00:00\",\"description\":\"Las postes de pendiente de bola de acero funcionan con todos los diferentes tipos y estilos de aretes. Como aretes, alambres para los o\u00eddos etc.\",\"breadcrumb\":{\"@id\":\"https:\/\/www.artestar.eu\/de\/gro\u00dfhandel\/pendiente-redondo-con-perno-de-acero\/#breadcrumb\"},\"inLanguage\":\"de-DE\",\"potentialAction\":[{\"@type\":\"ReadAction\",\"target\":[\"https:\/\/www.artestar.eu\/de\/gro\u00dfhandel\/pendiente-redondo-con-perno-de-acero\/\"]}]},{\"@type\":\"BreadcrumbList\",\"@id\":\"https:\/\/www.artestar.eu\/de\/gro\u00dfhandel\/pendiente-redondo-con-perno-de-acero\/#breadcrumb\",\"itemListElement\":[{\"@type\":\"ListItem\",\"position\":1,\"name\":\"Artestar\",\"item\":\"https:\/\/www.artestar.eu\/de\/\"},{\"@type\":\"ListItem\",\"position\":2,\"name\":\"Gro\u00dfhandel\",\"item\":\"https:\/\/www.artestar.eu\/de\/grosshandel\/\"},{\"@type\":\"ListItem\",\"position\":3,\"name\":\"Pendiente redondo con perno de acero\"}]},{\"@type\":\"WebSite\",\"@id\":\"https:\/\/www.artestar.eu\/de\/#website\",\"url\":\"https:\/\/www.artestar.eu\/de\/\",\"name\":\"Artestar\",\"description\":\"Mayorista en abalorios y joyer\u00eda\",\"publisher\":{\"@id\":\"https:\/\/www.artestar.eu\/de\/#organization\"},\"alternateName\":\"Artestar-EU\",\"potentialAction\":[{\"@type\":\"SearchAction\",\"target\":{\"@type\":\"EntryPoint\",\"urlTemplate\":\"https:\/\/www.artestar.eu\/de\/?s={search_term_string}\"},\"query-input\":\"required name=search_term_string\"}],\"inLanguage\":\"de-DE\"},{\"@type\":[\"Organization\",\"Place\"],\"@id\":\"https:\/\/www.artestar.eu\/de\/#organization\",\"name\":\"RUBY ABALORIO S.L.\",\"alternateName\":\"Artestar\",\"url\":\"https:\/\/www.artestar.eu\/de\/\",\"logo\":{\"@id\":\"https:\/\/www.artestar.eu\/de\/gro\u00dfhandel\/pendiente-redondo-con-perno-de-acero\/#local-main-organization-logo\"},\"image\":{\"@id\":\"https:\/\/www.artestar.eu\/de\/gro\u00dfhandel\/pendiente-redondo-con-perno-de-acero\/#local-main-organization-logo\"},\"sameAs\":[\"https:\/\/www.facebook.com\/ARTESTAREU\",\"https:\/\/www.instagram.com\/artestareu\/\",\"https:\/\/www.pinterest.es\/artestar_eu\/\",\"https:\/\/www.tiktok.com\/@artestar_wholesale\"],\"openingHoursSpecification\":[{\"@type\":\"OpeningHoursSpecification\",\"dayOfWeek\":[\"Monday\",\"Tuesday\",\"Wednesday\",\"Thursday\",\"Friday\",\"Saturday\",\"Sunday\"],\"opens\":\"09:00\",\"closes\":\"17:00\"}]},{\"@type\":\"ImageObject\",\"inLanguage\":\"de-DE\",\"@id\":\"https:\/\/www.artestar.eu\/de\/gro\u00dfhandel\/pendiente-redondo-con-perno-de-acero\/#local-main-organization-logo\",\"url\":\"https:\/\/www.artestar.eu\/wp-content\/uploads\/2023\/05\/cropped-png.png\",\"contentUrl\":\"https:\/\/www.artestar.eu\/wp-content\/uploads\/2023\/05\/cropped-png.png\",\"width\":512,\"height\":512,\"caption\":\"RUBY ABALORIO S.L.\"}]}<\/script>\n<meta property=\"og:availability\" content=\"instock\" \/>\n<meta property=\"product:availability\" content=\"instock\" \/>\n<meta property=\"product:retailer_item_id\" content=\"BXG0097-0099\" \/>\n<meta property=\"product:condition\" content=\"new\" \/>\n<!-- \/ Yoast SEO Premium plugin. -->","yoast_head_json":{"title":"Pendiente redondo con perno de acero - Artestar","description":"Las postes de pendiente de bola de acero funcionan con todos los diferentes tipos y estilos de aretes. Como aretes, alambres para los o\u00eddos etc.","robots":{"index":"index","follow":"follow","max-snippet":"max-snippet:-1","max-image-preview":"max-image-preview:large","max-video-preview":"max-video-preview:-1"},"canonical":"https:\/\/www.artestar.eu\/de\/gro\u00dfhandel\/pendiente-redondo-con-perno-de-acero\/","og_locale":"de_DE","og_type":"article","og_title":"Pendiente redondo con perno de acero","og_description":"Las postes de pendiente de bola de acero funcionan con todos los diferentes tipos y estilos de aretes. Como aretes, alambres para los o\u00eddos etc.","og_url":"https:\/\/www.artestar.eu\/de\/gro\u00dfhandel\/pendiente-redondo-con-perno-de-acero\/","og_site_name":"Artestar","article_publisher":"https:\/\/www.facebook.com\/ARTESTAREU","article_modified_time":"2023-10-20T05:00:17+00:00","og_image":[{"width":600,"height":600,"url":"https:\/\/www.artestar.eu\/wp-content\/uploads\/2023\/06\/stainless-steel-earring-accessories-ball-post-stud-earring-silver.jpg","type":"image\/jpeg"}],"twitter_card":"summary_large_image","twitter_misc":{"Availability":"Auf Lager"},"schema":{"@context":"https:\/\/schema.org","@graph":[{"@type":"WebPage","@id":"https:\/\/www.artestar.eu\/de\/gro\u00dfhandel\/pendiente-redondo-con-perno-de-acero\/","url":"https:\/\/www.artestar.eu\/de\/gro\u00dfhandel\/pendiente-redondo-con-perno-de-acero\/","name":"Pendiente redondo con perno de acero - Artestar","isPartOf":{"@id":"https:\/\/www.artestar.eu\/de\/#website"},"datePublished":"2023-06-08T01:57:16+00:00","dateModified":"2023-10-20T05:00:17+00:00","description":"Las postes de pendiente de bola de acero funcionan con todos los diferentes tipos y estilos de aretes. Como aretes, alambres para los o\u00eddos etc.","breadcrumb":{"@id":"https:\/\/www.artestar.eu\/de\/gro\u00dfhandel\/pendiente-redondo-con-perno-de-acero\/#breadcrumb"},"inLanguage":"de-DE","potentialAction":[{"@type":"ReadAction","target":["https:\/\/www.artestar.eu\/de\/gro\u00dfhandel\/pendiente-redondo-con-perno-de-acero\/"]}]},{"@type":"BreadcrumbList","@id":"https:\/\/www.artestar.eu\/de\/gro\u00dfhandel\/pendiente-redondo-con-perno-de-acero\/#breadcrumb","itemListElement":[{"@type":"ListItem","position":1,"name":"Artestar","item":"https:\/\/www.artestar.eu\/de\/"},{"@type":"ListItem","position":2,"name":"Gro\u00dfhandel","item":"https:\/\/www.artestar.eu\/de\/grosshandel\/"},{"@type":"ListItem","position":3,"name":"Pendiente redondo con perno de acero"}]},{"@type":"WebSite","@id":"https:\/\/www.artestar.eu\/de\/#website","url":"https:\/\/www.artestar.eu\/de\/","name":"Artestar","description":"Mayorista en abalorios y joyer\u00eda","publisher":{"@id":"https:\/\/www.artestar.eu\/de\/#organization"},"alternateName":"Artestar-EU","potentialAction":[{"@type":"SearchAction","target":{"@type":"EntryPoint","urlTemplate":"https:\/\/www.artestar.eu\/de\/?s={search_term_string}"},"query-input":"required name=search_term_string"}],"inLanguage":"de-DE"},{"@type":["Organization","Place"],"@id":"https:\/\/www.artestar.eu\/de\/#organization","name":"RUBY ABALORIO S.L.","alternateName":"Artestar","url":"https:\/\/www.artestar.eu\/de\/","logo":{"@id":"https:\/\/www.artestar.eu\/de\/gro\u00dfhandel\/pendiente-redondo-con-perno-de-acero\/#local-main-organization-logo"},"image":{"@id":"https:\/\/www.artestar.eu\/de\/gro\u00dfhandel\/pendiente-redondo-con-perno-de-acero\/#local-main-organization-logo"},"sameAs":["https:\/\/www.facebook.com\/ARTESTAREU","https:\/\/www.instagram.com\/artestareu\/","https:\/\/www.pinterest.es\/artestar_eu\/","https:\/\/www.tiktok.com\/@artestar_wholesale"],"openingHoursSpecification":[{"@type":"OpeningHoursSpecification","dayOfWeek":["Monday","Tuesday","Wednesday","Thursday","Friday","Saturday","Sunday"],"opens":"09:00","closes":"17:00"}]},{"@type":"ImageObject","inLanguage":"de-DE","@id":"https:\/\/www.artestar.eu\/de\/gro\u00dfhandel\/pendiente-redondo-con-perno-de-acero\/#local-main-organization-logo","url":"https:\/\/www.artestar.eu\/wp-content\/uploads\/2023\/05\/cropped-png.png","contentUrl":"https:\/\/www.artestar.eu\/wp-content\/uploads\/2023\/05\/cropped-png.png","width":512,"height":512,"caption":"RUBY ABALORIO S.L."}]},"og_availability":"instock","product_availability":"instock","product_retailer_item_id":"BXG0097-0099","product_condition":"new"},"tiered_pricing_type":"fixed","tiered_pricing_fixed_rules":[],"tiered_pricing_percentage_rules":[],"tiered_pricing_minimum":null,"_administrator_tiered_pricing_type":"fixed","_administrator_tiered_pricing_fixed_rules":[],"_editor_tiered_pricing_type":"fixed","_editor_tiered_pricing_fixed_rules":[],"_author_tiered_pricing_type":"fixed","_author_tiered_pricing_fixed_rules":[],"_contributor_tiered_pricing_type":"fixed","_contributor_tiered_pricing_fixed_rules":[],"_subscriber_tiered_pricing_type":"fixed","_subscriber_tiered_pricing_fixed_rules":[],"_wpseo_manager_tiered_pricing_type":"fixed","_wpseo_manager_tiered_pricing_fixed_rules":[],"_wpseo_editor_tiered_pricing_type":"fixed","_wpseo_editor_tiered_pricing_fixed_rules":[],"_customer_tiered_pricing_type":"fixed","_customer_tiered_pricing_fixed_rules":[],"_shop_manager_tiered_pricing_type":"fixed","_shop_manager_tiered_pricing_fixed_rules":[],"_product_manager_tiered_pricing_type":"fixed","_product_manager_tiered_pricing_fixed_rules":[],"_links":{"self":[{"href":"https:\/\/www.artestar.eu\/de\/wp-json\/wp\/v2\/product\/30790"}],"collection":[{"href":"https:\/\/www.artestar.eu\/de\/wp-json\/wp\/v2\/product"}],"about":[{"href":"https:\/\/www.artestar.eu\/de\/wp-json\/wp\/v2\/types\/product"}],"replies":[{"embeddable":true,"href":"https:\/\/www.artestar.eu\/de\/wp-json\/wp\/v2\/comments?post=30790"}],"version-history":[{"count":2,"href":"https:\/\/www.artestar.eu\/de\/wp-json\/wp\/v2\/product\/30790\/revisions"}],"predecessor-version":[{"id":36999,"href":"https:\/\/www.artestar.eu\/de\/wp-json\/wp\/v2\/product\/30790\/revisions\/36999"}],"wp:featuredmedia":[{"embeddable":true,"href":"https:\/\/www.artestar.eu\/de\/wp-json\/wp\/v2\/media\/13749"}],"wp:attachment":[{"href":"https:\/\/www.artestar.eu\/de\/wp-json\/wp\/v2\/media?parent=30790"}],"wp:term":[{"taxonomy":"product_cat","embeddable":true,"href":"https:\/\/www.artestar.eu\/de\/wp-json\/wp\/v2\/product_cat?post=30790"},{"taxonomy":"product_tag","embeddable":true,"href":"https:\/\/www.artestar.eu\/de\/wp-json\/wp\/v2\/product_tag?post=30790"}],"curies":[{"name":"wp","href":"https:\/\/api.w.org\/{rel}","templated":true}]}}