{"id":30884,"date":"2023-06-07T07:36:17","date_gmt":"2023-06-07T07:36:17","guid":{"rendered":"https:\/\/www.artestar.eu\/al-por-mayor\/pendiente-alfiler-cabeza-redonda-de-acero\/"},"modified":"2023-10-20T05:06:18","modified_gmt":"2023-10-20T05:06:18","slug":"pendiente-alfiler-cabeza-redonda-de-acero","status":"publish","type":"product","link":"https:\/\/www.artestar.eu\/de\/gro\u00dfhandel\/pendiente-alfiler-cabeza-redonda-de-acero\/","title":{"rendered":"Pendiente alfiler cabeza redonda de acero"},"content":{"rendered":"<p>Pendiente alfiler cabeza redonda de acero<\/p>\n<ul>\n<li>La alfileres de cabeza de bolas est\u00e1 fabricada en acero inoxidable de alta calidad. Im Vergleich zu anderen Metalllegierungen bietet es eine gute Stabilit\u00e4t und Korrosionsbest\u00e4ndigkeit, Haltbarkeit und lange Lebensdauer. Und mit geringen Wartungskosten ist es ideal f\u00fcr viele Schmuckdesigns.<\/li>\n<li>Tama\u00f1o: las alfileres de cabeza de bolas est\u00e1n disponibles en 3 tama\u00f1os, 30 mm (150 unids), 40 mm (150 unids) y 50 mm (150 unids). Porque con una amplia gama de tama\u00f1os para elegir, puede seleccionar el m\u00e1s adecuado para su fabricaci\u00f3n de joyas DIY.<\/li>\n<li>Las alfileres de cabeza de bolas son f\u00e1ciles de hacer, s\u00f3lo tiene que introducir las cuentas, strass y cristales adecuados en los pasadores de las bolas y luego dise\u00f1ar y crear diferentes estilos de joyas a su gusto.<\/li>\n<li>Utiliza las bolas en tu tiempo libre para hacer exquisitas manualidades para tu familia y seres queridos en San Valent\u00edn, el D\u00eda de la Madre, aniversarios, Acci\u00f3n de Gracias o cumplea\u00f1os. Se quedar\u00e1n asombrados y les encantar\u00e1.<\/li>\n<li>Los dise\u00f1os sencillos y elegantes son perfectos para combinarlos con piedras preciosas y perlas y crear una gran variedad de bonitas joyas. Si llevas estos encantadores accesorios a tus amigas, ser\u00e1n un gran complemento para vuestras salidas.<\/li>\n<\/ul>\n<p><img decoding=\"async\" class=\"alignnone size-full wp-image-5565\" src=\"https:\/\/www.artestar.eu%E2%80%8B%E2%80%8B%E2%80%8B%E2%80%8B\/wp-content\/uploads\/2023\/06\/stainless-steel-accessories-ball-head-pins-mixed-color-2.jpg\" alt=\"Alfileres de cabeza de bolas de acero\" width=\"600\" height=\"600\" srcset=\"https:\/\/www.artestar.eu\/wp-content\/uploads\/2023\/06\/stainless-steel-accessories-ball-head-pins-mixed-color-2.jpg 600w, https:\/\/www.artestar.eu\/wp-content\/uploads\/2023\/06\/stainless-steel-accessories-ball-head-pins-mixed-color-2-300x300.jpg 300w, https:\/\/www.artestar.eu\/wp-content\/uploads\/2023\/06\/stainless-steel-accessories-ball-head-pins-mixed-color-2-150x150.jpg 150w, https:\/\/www.artestar.eu\/wp-content\/uploads\/2023\/06\/stainless-steel-accessories-ball-head-pins-mixed-color-2-450x450.jpg 450w, https:\/\/www.artestar.eu\/wp-content\/uploads\/2023\/06\/stainless-steel-accessories-ball-head-pins-mixed-color-2-54x54.jpg 54w\" sizes=\"(max-width: 600px) 100vw, 600px\" \/><\/p>\n<h5>Pendiente alfiler cabeza redonda de acero<\/h5>\n<ul>\n<li>Porque nuestros accesorios de acero inoxidable est\u00e1n disponibles en dos colores, dorado y plateado. Cada uno est\u00e1 disponible en una variedad de tama\u00f1os, en cantidades amplias y de tama\u00f1o uniforme, lo que le da libertad para crear su accesorio de bisuter\u00eda favorito.<\/li>\n<li>Las acero inoxidable con acabado dorado y plateado complementan el resto de accesorios de joyer\u00eda. Las alfileres de cabeza de bolas tienen una superficie lisa y redondeada y son f\u00e1ciles de doblar o enderezar.<\/li>\n<li>Porque a continuaci\u00f3n, basta con deslizar las cuentas en estos pasadores con cabeza de bola para que se asienten en el extremo de los pasadores. A continuaci\u00f3n, doble el otro extremo del alfiler formando un bucle y f\u00edjelo al alambre decorativo.<\/li>\n<\/ul>\n","protected":false},"excerpt":{"rendered":"<p><img decoding=\"async\" class=\"alignnone size-full wp-image-8897\" src=\"https:\/\/www.artestar.eu%E2%80%8B%E2%80%8B%E2%80%8B%E2%80%8B\/wp-content\/uploads\/2023\/06\/ball-head-pins-silver-size.jpg\" alt=\"Pendiente alfiler cabeza redonda\" width=\"1000\" height=\"180\" srcset=\"https:\/\/www.artestar.eu\/wp-content\/uploads\/2023\/06\/ball-head-pins-silver-size.jpg 1000w, https:\/\/www.artestar.eu\/wp-content\/uploads\/2023\/06\/ball-head-pins-silver-size-300x54.jpg 300w, https:\/\/www.artestar.eu\/wp-content\/uploads\/2023\/06\/ball-head-pins-silver-size-768x138.jpg 768w, https:\/\/www.artestar.eu\/wp-content\/uploads\/2023\/06\/ball-head-pins-silver-size-600x108.jpg 600w, https:\/\/www.artestar.eu\/wp-content\/uploads\/2023\/06\/ball-head-pins-silver-size-90x16.jpg 90w\" sizes=\"(max-width: 1000px) 100vw, 1000px\" \/><\/p>\n<ul>\n<li>Material: Edelstahl<\/li>\n<li>Bitte beachten Sie das Produktbild f\u00fcr die detaillierte Gr\u00f6\u00dfe und Menge.<\/li>\n<li>Las alfileres de cabeza de bolas color dorado se pueden combinar con piedras preciosas, perlas y m\u00e1s para crear una variedad de hermosas joyas.<\/li>\n<\/ul>\n","protected":false},"featured_media":13694,"comment_status":"open","ping_status":"closed","template":"","meta":[],"product_cat":[1670,1669],"product_tag":[],"yoast_head":"<!-- This site is optimized with the Yoast SEO Premium plugin v20.5 (Yoast SEO v21.5) - https:\/\/yoast.com\/wordpress\/plugins\/seo\/ -->\n<title>Pendiente alfiler cabeza redonda de acero - Artestar<\/title>\n<meta name=\"description\" content=\"Las alfileres de cabeza de bolas de acero se pueden combinar con piedras preciosas, perlas y m\u00e1s para crear una variedad de hermosas joyas.\" \/>\n<meta name=\"robots\" content=\"index, follow, max-snippet:-1, max-image-preview:large, max-video-preview:-1\" \/>\n<link rel=\"canonical\" href=\"https:\/\/www.artestar.eu\/de\/gro\u00dfhandel\/pendiente-alfiler-cabeza-redonda-de-acero\/\" \/>\n<meta property=\"og:locale\" content=\"de_DE\" \/>\n<meta property=\"og:type\" content=\"article\" \/>\n<meta property=\"og:title\" content=\"Pendiente alfiler cabeza redonda de acero\" \/>\n<meta property=\"og:description\" content=\"Las alfileres de cabeza de bolas de acero se pueden combinar con piedras preciosas, perlas y m\u00e1s para crear una variedad de hermosas joyas.\" \/>\n<meta property=\"og:url\" content=\"https:\/\/www.artestar.eu\/de\/gro\u00dfhandel\/pendiente-alfiler-cabeza-redonda-de-acero\/\" \/>\n<meta property=\"og:site_name\" content=\"Artestar\" \/>\n<meta property=\"article:publisher\" content=\"https:\/\/www.facebook.com\/ARTESTAREU\" \/>\n<meta property=\"article:modified_time\" content=\"2023-10-20T05:06:18+00:00\" \/>\n<meta property=\"og:image\" content=\"https:\/\/www.artestar.eu\/wp-content\/uploads\/2023\/06\/stainless-steel-accessories-ball-head-pins-silver.jpg\" \/>\n\t<meta property=\"og:image:width\" content=\"600\" \/>\n\t<meta property=\"og:image:height\" content=\"600\" \/>\n\t<meta property=\"og:image:type\" content=\"image\/jpeg\" \/>\n<meta name=\"twitter:card\" content=\"summary_large_image\" \/>\n<meta name=\"twitter:label1\" content=\"Availability\" \/>\n\t<meta name=\"twitter:data1\" content=\"Auf Lager\" \/>\n<script type=\"application\/ld+json\" class=\"yoast-schema-graph\">{\"@context\":\"https:\/\/schema.org\",\"@graph\":[{\"@type\":\"WebPage\",\"@id\":\"https:\/\/www.artestar.eu\/de\/gro\u00dfhandel\/pendiente-alfiler-cabeza-redonda-de-acero\/\",\"url\":\"https:\/\/www.artestar.eu\/de\/gro\u00dfhandel\/pendiente-alfiler-cabeza-redonda-de-acero\/\",\"name\":\"Pendiente alfiler cabeza redonda de acero - Artestar\",\"isPartOf\":{\"@id\":\"https:\/\/www.artestar.eu\/de\/#website\"},\"datePublished\":\"2023-06-07T07:36:17+00:00\",\"dateModified\":\"2023-10-20T05:06:18+00:00\",\"description\":\"Las alfileres de cabeza de bolas de acero se pueden combinar con piedras preciosas, perlas y m\u00e1s para crear una variedad de hermosas joyas.\",\"breadcrumb\":{\"@id\":\"https:\/\/www.artestar.eu\/de\/gro\u00dfhandel\/pendiente-alfiler-cabeza-redonda-de-acero\/#breadcrumb\"},\"inLanguage\":\"de-DE\",\"potentialAction\":[{\"@type\":\"ReadAction\",\"target\":[\"https:\/\/www.artestar.eu\/de\/gro\u00dfhandel\/pendiente-alfiler-cabeza-redonda-de-acero\/\"]}]},{\"@type\":\"BreadcrumbList\",\"@id\":\"https:\/\/www.artestar.eu\/de\/gro\u00dfhandel\/pendiente-alfiler-cabeza-redonda-de-acero\/#breadcrumb\",\"itemListElement\":[{\"@type\":\"ListItem\",\"position\":1,\"name\":\"Artestar\",\"item\":\"https:\/\/www.artestar.eu\/de\/\"},{\"@type\":\"ListItem\",\"position\":2,\"name\":\"Gro\u00dfhandel\",\"item\":\"https:\/\/www.artestar.eu\/de\/grosshandel\/\"},{\"@type\":\"ListItem\",\"position\":3,\"name\":\"Pendiente alfiler cabeza redonda de acero\"}]},{\"@type\":\"WebSite\",\"@id\":\"https:\/\/www.artestar.eu\/de\/#website\",\"url\":\"https:\/\/www.artestar.eu\/de\/\",\"name\":\"Artestar\",\"description\":\"Mayorista en abalorios y joyer\u00eda\",\"publisher\":{\"@id\":\"https:\/\/www.artestar.eu\/de\/#organization\"},\"alternateName\":\"Artestar-EU\",\"potentialAction\":[{\"@type\":\"SearchAction\",\"target\":{\"@type\":\"EntryPoint\",\"urlTemplate\":\"https:\/\/www.artestar.eu\/de\/?s={search_term_string}\"},\"query-input\":\"required name=search_term_string\"}],\"inLanguage\":\"de-DE\"},{\"@type\":[\"Organization\",\"Place\"],\"@id\":\"https:\/\/www.artestar.eu\/de\/#organization\",\"name\":\"RUBY ABALORIO S.L.\",\"alternateName\":\"Artestar\",\"url\":\"https:\/\/www.artestar.eu\/de\/\",\"logo\":{\"@id\":\"https:\/\/www.artestar.eu\/de\/gro\u00dfhandel\/pendiente-alfiler-cabeza-redonda-de-acero\/#local-main-organization-logo\"},\"image\":{\"@id\":\"https:\/\/www.artestar.eu\/de\/gro\u00dfhandel\/pendiente-alfiler-cabeza-redonda-de-acero\/#local-main-organization-logo\"},\"sameAs\":[\"https:\/\/www.facebook.com\/ARTESTAREU\",\"https:\/\/www.instagram.com\/artestareu\/\",\"https:\/\/www.pinterest.es\/artestar_eu\/\",\"https:\/\/www.tiktok.com\/@artestar_wholesale\"],\"openingHoursSpecification\":[{\"@type\":\"OpeningHoursSpecification\",\"dayOfWeek\":[\"Monday\",\"Tuesday\",\"Wednesday\",\"Thursday\",\"Friday\",\"Saturday\",\"Sunday\"],\"opens\":\"09:00\",\"closes\":\"17:00\"}]},{\"@type\":\"ImageObject\",\"inLanguage\":\"de-DE\",\"@id\":\"https:\/\/www.artestar.eu\/de\/gro\u00dfhandel\/pendiente-alfiler-cabeza-redonda-de-acero\/#local-main-organization-logo\",\"url\":\"https:\/\/www.artestar.eu\/wp-content\/uploads\/2023\/05\/cropped-png.png\",\"contentUrl\":\"https:\/\/www.artestar.eu\/wp-content\/uploads\/2023\/05\/cropped-png.png\",\"width\":512,\"height\":512,\"caption\":\"RUBY ABALORIO S.L.\"}]}<\/script>\n<meta property=\"og:availability\" content=\"instock\" \/>\n<meta property=\"product:availability\" content=\"instock\" \/>\n<meta property=\"product:retailer_item_id\" content=\"BXG0091-0093\" \/>\n<meta property=\"product:condition\" content=\"new\" \/>\n<!-- \/ Yoast SEO Premium plugin. -->","yoast_head_json":{"title":"Pendiente alfiler cabeza redonda de acero - Artestar","description":"Las alfileres de cabeza de bolas de acero se pueden combinar con piedras preciosas, perlas y m\u00e1s para crear una variedad de hermosas joyas.","robots":{"index":"index","follow":"follow","max-snippet":"max-snippet:-1","max-image-preview":"max-image-preview:large","max-video-preview":"max-video-preview:-1"},"canonical":"https:\/\/www.artestar.eu\/de\/gro\u00dfhandel\/pendiente-alfiler-cabeza-redonda-de-acero\/","og_locale":"de_DE","og_type":"article","og_title":"Pendiente alfiler cabeza redonda de acero","og_description":"Las alfileres de cabeza de bolas de acero se pueden combinar con piedras preciosas, perlas y m\u00e1s para crear una variedad de hermosas joyas.","og_url":"https:\/\/www.artestar.eu\/de\/gro\u00dfhandel\/pendiente-alfiler-cabeza-redonda-de-acero\/","og_site_name":"Artestar","article_publisher":"https:\/\/www.facebook.com\/ARTESTAREU","article_modified_time":"2023-10-20T05:06:18+00:00","og_image":[{"width":600,"height":600,"url":"https:\/\/www.artestar.eu\/wp-content\/uploads\/2023\/06\/stainless-steel-accessories-ball-head-pins-silver.jpg","type":"image\/jpeg"}],"twitter_card":"summary_large_image","twitter_misc":{"Availability":"Auf Lager"},"schema":{"@context":"https:\/\/schema.org","@graph":[{"@type":"WebPage","@id":"https:\/\/www.artestar.eu\/de\/gro\u00dfhandel\/pendiente-alfiler-cabeza-redonda-de-acero\/","url":"https:\/\/www.artestar.eu\/de\/gro\u00dfhandel\/pendiente-alfiler-cabeza-redonda-de-acero\/","name":"Pendiente alfiler cabeza redonda de acero - Artestar","isPartOf":{"@id":"https:\/\/www.artestar.eu\/de\/#website"},"datePublished":"2023-06-07T07:36:17+00:00","dateModified":"2023-10-20T05:06:18+00:00","description":"Las alfileres de cabeza de bolas de acero se pueden combinar con piedras preciosas, perlas y m\u00e1s para crear una variedad de hermosas joyas.","breadcrumb":{"@id":"https:\/\/www.artestar.eu\/de\/gro\u00dfhandel\/pendiente-alfiler-cabeza-redonda-de-acero\/#breadcrumb"},"inLanguage":"de-DE","potentialAction":[{"@type":"ReadAction","target":["https:\/\/www.artestar.eu\/de\/gro\u00dfhandel\/pendiente-alfiler-cabeza-redonda-de-acero\/"]}]},{"@type":"BreadcrumbList","@id":"https:\/\/www.artestar.eu\/de\/gro\u00dfhandel\/pendiente-alfiler-cabeza-redonda-de-acero\/#breadcrumb","itemListElement":[{"@type":"ListItem","position":1,"name":"Artestar","item":"https:\/\/www.artestar.eu\/de\/"},{"@type":"ListItem","position":2,"name":"Gro\u00dfhandel","item":"https:\/\/www.artestar.eu\/de\/grosshandel\/"},{"@type":"ListItem","position":3,"name":"Pendiente alfiler cabeza redonda de acero"}]},{"@type":"WebSite","@id":"https:\/\/www.artestar.eu\/de\/#website","url":"https:\/\/www.artestar.eu\/de\/","name":"Artestar","description":"Mayorista en abalorios y joyer\u00eda","publisher":{"@id":"https:\/\/www.artestar.eu\/de\/#organization"},"alternateName":"Artestar-EU","potentialAction":[{"@type":"SearchAction","target":{"@type":"EntryPoint","urlTemplate":"https:\/\/www.artestar.eu\/de\/?s={search_term_string}"},"query-input":"required name=search_term_string"}],"inLanguage":"de-DE"},{"@type":["Organization","Place"],"@id":"https:\/\/www.artestar.eu\/de\/#organization","name":"RUBY ABALORIO S.L.","alternateName":"Artestar","url":"https:\/\/www.artestar.eu\/de\/","logo":{"@id":"https:\/\/www.artestar.eu\/de\/gro\u00dfhandel\/pendiente-alfiler-cabeza-redonda-de-acero\/#local-main-organization-logo"},"image":{"@id":"https:\/\/www.artestar.eu\/de\/gro\u00dfhandel\/pendiente-alfiler-cabeza-redonda-de-acero\/#local-main-organization-logo"},"sameAs":["https:\/\/www.facebook.com\/ARTESTAREU","https:\/\/www.instagram.com\/artestareu\/","https:\/\/www.pinterest.es\/artestar_eu\/","https:\/\/www.tiktok.com\/@artestar_wholesale"],"openingHoursSpecification":[{"@type":"OpeningHoursSpecification","dayOfWeek":["Monday","Tuesday","Wednesday","Thursday","Friday","Saturday","Sunday"],"opens":"09:00","closes":"17:00"}]},{"@type":"ImageObject","inLanguage":"de-DE","@id":"https:\/\/www.artestar.eu\/de\/gro\u00dfhandel\/pendiente-alfiler-cabeza-redonda-de-acero\/#local-main-organization-logo","url":"https:\/\/www.artestar.eu\/wp-content\/uploads\/2023\/05\/cropped-png.png","contentUrl":"https:\/\/www.artestar.eu\/wp-content\/uploads\/2023\/05\/cropped-png.png","width":512,"height":512,"caption":"RUBY ABALORIO S.L."}]},"og_availability":"instock","product_availability":"instock","product_retailer_item_id":"BXG0091-0093","product_condition":"new"},"tiered_pricing_type":"fixed","tiered_pricing_fixed_rules":[],"tiered_pricing_percentage_rules":[],"tiered_pricing_minimum":null,"_administrator_tiered_pricing_type":"fixed","_administrator_tiered_pricing_fixed_rules":[],"_editor_tiered_pricing_type":"fixed","_editor_tiered_pricing_fixed_rules":[],"_author_tiered_pricing_type":"fixed","_author_tiered_pricing_fixed_rules":[],"_contributor_tiered_pricing_type":"fixed","_contributor_tiered_pricing_fixed_rules":[],"_subscriber_tiered_pricing_type":"fixed","_subscriber_tiered_pricing_fixed_rules":[],"_wpseo_manager_tiered_pricing_type":"fixed","_wpseo_manager_tiered_pricing_fixed_rules":[],"_wpseo_editor_tiered_pricing_type":"fixed","_wpseo_editor_tiered_pricing_fixed_rules":[],"_customer_tiered_pricing_type":"fixed","_customer_tiered_pricing_fixed_rules":[],"_shop_manager_tiered_pricing_type":"fixed","_shop_manager_tiered_pricing_fixed_rules":[],"_product_manager_tiered_pricing_type":"fixed","_product_manager_tiered_pricing_fixed_rules":[],"_links":{"self":[{"href":"https:\/\/www.artestar.eu\/de\/wp-json\/wp\/v2\/product\/30884"}],"collection":[{"href":"https:\/\/www.artestar.eu\/de\/wp-json\/wp\/v2\/product"}],"about":[{"href":"https:\/\/www.artestar.eu\/de\/wp-json\/wp\/v2\/types\/product"}],"replies":[{"embeddable":true,"href":"https:\/\/www.artestar.eu\/de\/wp-json\/wp\/v2\/comments?post=30884"}],"version-history":[{"count":2,"href":"https:\/\/www.artestar.eu\/de\/wp-json\/wp\/v2\/product\/30884\/revisions"}],"predecessor-version":[{"id":37013,"href":"https:\/\/www.artestar.eu\/de\/wp-json\/wp\/v2\/product\/30884\/revisions\/37013"}],"wp:featuredmedia":[{"embeddable":true,"href":"https:\/\/www.artestar.eu\/de\/wp-json\/wp\/v2\/media\/13694"}],"wp:attachment":[{"href":"https:\/\/www.artestar.eu\/de\/wp-json\/wp\/v2\/media?parent=30884"}],"wp:term":[{"taxonomy":"product_cat","embeddable":true,"href":"https:\/\/www.artestar.eu\/de\/wp-json\/wp\/v2\/product_cat?post=30884"},{"taxonomy":"product_tag","embeddable":true,"href":"https:\/\/www.artestar.eu\/de\/wp-json\/wp\/v2\/product_tag?post=30884"}],"curies":[{"name":"wp","href":"https:\/\/api.w.org\/{rel}","templated":true}]}}