{"id":30892,"date":"2023-06-08T01:44:49","date_gmt":"2023-06-08T01:44:49","guid":{"rendered":"https:\/\/www.artestar.eu\/al-por-mayor\/pendiente-redondo-con-perno-color-dorado-150-unids\/"},"modified":"2023-10-20T05:04:49","modified_gmt":"2023-10-20T05:04:49","slug":"runder-ohrring-mit-anstecknadel-goldfarben","status":"publish","type":"product","link":"https:\/\/www.artestar.eu\/de\/gro\u00dfhandel\/runder-ohrring-mit-anstecknadel-goldfarben\/","title":{"rendered":"Runder Ohrring mit goldfarbenem Bolzen 150 Stk."},"content":{"rendered":"<p>Runder Ohrring mit goldfarbenem Bolzen: Kugelohrringpfosten sind in 3 Gr\u00f6\u00dfen erh\u00e4ltlich, 30 mm (16 St\u00fcck), 4o mm (16 St\u00fcck) und 50 mm (14 St\u00fcck).<\/p>\n<ul>\n<li>Denn eine gro\u00dfe Auswahl an Gr\u00f6\u00dfen zur Auswahl, mit gen\u00fcgend unterschiedlichen Gr\u00f6\u00dfen und Mengen, um den unterschiedlichen Bed\u00fcrfnissen Ihres t\u00e4glichen Lebens gerecht zu werden. Sie k\u00f6nnen die f\u00fcr Ihre Heimwerkerarbeiten am besten geeignete ausw\u00e4hlen.<\/li>\n<li>Die Kugelschr\u00e4gstangen sind aus hochwertigem Edelstahlmaterial gefertigt. Im Vergleich zu anderen Metalllegierungen bietet es eine gute Stabilit\u00e4t und Korrosionsbest\u00e4ndigkeit, Haltbarkeit und lange Lebensdauer. Und weil es mit geringen Wartungskosten ideal f\u00fcr viele Schmuckdesigns ist.<\/li>\n<li>Kugelpfostenohrringe haben einen einfachen und klassischen Look mit einem schlanken Design. Und sie sind gut verarbeitet, mit einer glatten Oberfl\u00e4che, die angenehm zu tragen ist. Sie sind sehr attraktiv zu tragen und heben Sie von der Masse ab.<\/li>\n<li>Denn jeder Ohrringkugelpfosten hat oben einen Ring. Es kann ge\u00f6ffnet werden, um Haken hinzuzuf\u00fcgen. Sie k\u00f6nnen sogar Ketten, Perlen, Quasten oder Anh\u00e4nger f\u00fcr ein Accessoire in einem anderen Stil hinzuf\u00fcgen.<\/li>\n<li>Geeignet f\u00fcr die meisten Anf\u00e4nger und viele kreative Hobbys, da es dazu beitr\u00e4gt, die Schmuckherstellung einfacher und unterhaltsamer zu machen.<\/li>\n<\/ul>\n<h5>Runder Ohrring mit goldenem Ohrstecker<\/h5>\n<ul>\n<li>Kugelstangenohrringe k\u00f6nnen mit einer Vielzahl von Edelsteinen, Perlen, Kristallen und anderen Schmuckst\u00fccken kombiniert werden. Das perfekte Geschenk f\u00fcr Ihre Tochter, Ihren Liebsten, Ihre Mutter oder sich selbst zum Valentinstag, Weihnachten, Muttertag, Jubil\u00e4en oder Geburtstagen.<\/li>\n<li>Erh\u00e4ltlich in 2 Farben (Gold und Stahl). Denn verschiedene Farben k\u00f6nnen zu verschiedenen Outfits und zu verschiedenen Anl\u00e4ssen getragen werden, was Ihren Ausfl\u00fcgen einen auff\u00e4lligen Akzent verleiht.<\/li>\n<\/ul>\n","protected":false},"excerpt":{"rendered":"<p><img decoding=\"async\" class=\"alignnone size-full wp-image-8898\" src=\"https:\/\/www.artestar.eu%E2%80%8B%E2%80%8B%E2%80%8B%E2%80%8B\/wp-content\/uploads\/2023\/06\/ball-post-stud-earring-gold-size.jpg\" alt=\"Runder Ohrring mit Bolzen\" width=\"1000\" height=\"180\" srcset=\"https:\/\/www.artestar.eu\/wp-content\/uploads\/2023\/06\/ball-post-stud-earring-gold-size.jpg 1000w, https:\/\/www.artestar.eu\/wp-content\/uploads\/2023\/06\/ball-post-stud-earring-gold-size-300x54.jpg 300w, https:\/\/www.artestar.eu\/wp-content\/uploads\/2023\/06\/ball-post-stud-earring-gold-size-768x138.jpg 768w, https:\/\/www.artestar.eu\/wp-content\/uploads\/2023\/06\/ball-post-stud-earring-gold-size-600x108.jpg 600w, https:\/\/www.artestar.eu\/wp-content\/uploads\/2023\/06\/ball-post-stud-earring-gold-size-90x16.jpg 90w\" sizes=\"(max-width: 1000px) 100vw, 1000px\" \/><\/p>\n<ul>\n<li>Material: Edelstahl<\/li>\n<li>Bitte beachten Sie das Produktbild f\u00fcr die detaillierte Gr\u00f6\u00dfe und Menge.<\/li>\n<li>Es wird zur Herstellung von Schmuck, Dekorationen, Kunsthandwerk usw. verwendet.<\/li>\n<\/ul>\n","protected":false},"featured_media":13724,"comment_status":"open","ping_status":"closed","template":"","meta":[],"product_cat":[1670,1669],"product_tag":[],"yoast_head":"<!-- This site is optimized with the Yoast SEO Premium plugin v20.5 (Yoast SEO v21.5) - https:\/\/yoast.com\/wordpress\/plugins\/seo\/ -->\n<title>Runder Ohrring mit goldenem Ohrstecker- Artestar<\/title>\n<meta name=\"description\" content=\"Goldfarbene Kugelohrringpfosten funktionieren mit allen verschiedenen Arten und Stilen von Ohrringen. Wie Ohrringe, Ohrb\u00fcgel usw.\" \/>\n<meta name=\"robots\" content=\"index, follow, max-snippet:-1, max-image-preview:large, max-video-preview:-1\" \/>\n<link rel=\"canonical\" href=\"https:\/\/www.artestar.eu\/de\/gro\u00dfhandel\/runder-ohrring-mit-anstecknadel-goldfarben\/\" \/>\n<meta property=\"og:locale\" content=\"de_DE\" \/>\n<meta property=\"og:type\" content=\"article\" \/>\n<meta property=\"og:title\" content=\"Runder Ohrring mit goldfarbenem Bolzen 150 Stk.\" \/>\n<meta property=\"og:description\" content=\"Goldfarbene Kugelohrringpfosten funktionieren mit allen verschiedenen Arten und Stilen von Ohrringen. Wie Ohrringe, Ohrb\u00fcgel usw.\" \/>\n<meta property=\"og:url\" content=\"https:\/\/www.artestar.eu\/de\/gro\u00dfhandel\/runder-ohrring-mit-anstecknadel-goldfarben\/\" \/>\n<meta property=\"og:site_name\" content=\"Artestar\" \/>\n<meta property=\"article:publisher\" content=\"https:\/\/www.facebook.com\/ARTESTAREU\" \/>\n<meta property=\"article:modified_time\" content=\"2023-10-20T05:04:49+00:00\" \/>\n<meta property=\"og:image\" content=\"https:\/\/www.artestar.eu\/wp-content\/uploads\/2023\/06\/stainless-steel-earring-accessories-ball-post-stud-earring-gold.jpg\" \/>\n\t<meta property=\"og:image:width\" content=\"600\" \/>\n\t<meta property=\"og:image:height\" content=\"600\" \/>\n\t<meta property=\"og:image:type\" content=\"image\/jpeg\" \/>\n<meta name=\"twitter:card\" content=\"summary_large_image\" \/>\n<meta name=\"twitter:label1\" content=\"Availability\" \/>\n\t<meta name=\"twitter:data1\" content=\"Auf Lager\" \/>\n<script type=\"application\/ld+json\" class=\"yoast-schema-graph\">{\"@context\":\"https:\/\/schema.org\",\"@graph\":[{\"@type\":\"WebPage\",\"@id\":\"https:\/\/www.artestar.eu\/de\/gro\u00dfhandel\/runder-ohrring-mit-anstecknadel-goldfarben\/\",\"url\":\"https:\/\/www.artestar.eu\/de\/gro\u00dfhandel\/runder-ohrring-mit-anstecknadel-goldfarben\/\",\"name\":\"Runder Ohrring mit goldenem Ohrstecker- Artestar\",\"isPartOf\":{\"@id\":\"https:\/\/www.artestar.eu\/de\/#website\"},\"datePublished\":\"2023-06-08T01:44:49+00:00\",\"dateModified\":\"2023-10-20T05:04:49+00:00\",\"description\":\"Goldfarbene Kugelohrringpfosten funktionieren mit allen verschiedenen Arten und Stilen von Ohrringen. Wie Ohrringe, Ohrb\u00fcgel usw.\",\"breadcrumb\":{\"@id\":\"https:\/\/www.artestar.eu\/de\/gro\u00dfhandel\/runder-ohrring-mit-anstecknadel-goldfarben\/#breadcrumb\"},\"inLanguage\":\"de-DE\",\"potentialAction\":[{\"@type\":\"ReadAction\",\"target\":[\"https:\/\/www.artestar.eu\/de\/gro\u00dfhandel\/runder-ohrring-mit-anstecknadel-goldfarben\/\"]}]},{\"@type\":\"BreadcrumbList\",\"@id\":\"https:\/\/www.artestar.eu\/de\/gro\u00dfhandel\/runder-ohrring-mit-anstecknadel-goldfarben\/#breadcrumb\",\"itemListElement\":[{\"@type\":\"ListItem\",\"position\":1,\"name\":\"Artestar\",\"item\":\"https:\/\/www.artestar.eu\/de\/\"},{\"@type\":\"ListItem\",\"position\":2,\"name\":\"Gro\u00dfhandel\",\"item\":\"https:\/\/www.artestar.eu\/de\/grosshandel\/\"},{\"@type\":\"ListItem\",\"position\":3,\"name\":\"Runder Ohrring mit goldfarbenem Bolzen 150 Stk.\"}]},{\"@type\":\"WebSite\",\"@id\":\"https:\/\/www.artestar.eu\/de\/#website\",\"url\":\"https:\/\/www.artestar.eu\/de\/\",\"name\":\"Artestar\",\"description\":\"Mayorista en abalorios y joyer\u00eda\",\"publisher\":{\"@id\":\"https:\/\/www.artestar.eu\/de\/#organization\"},\"alternateName\":\"Artestar-EU\",\"potentialAction\":[{\"@type\":\"SearchAction\",\"target\":{\"@type\":\"EntryPoint\",\"urlTemplate\":\"https:\/\/www.artestar.eu\/de\/?s={search_term_string}\"},\"query-input\":\"required name=search_term_string\"}],\"inLanguage\":\"de-DE\"},{\"@type\":[\"Organization\",\"Place\"],\"@id\":\"https:\/\/www.artestar.eu\/de\/#organization\",\"name\":\"RUBY ABALORIO S.L.\",\"alternateName\":\"Artestar\",\"url\":\"https:\/\/www.artestar.eu\/de\/\",\"logo\":{\"@id\":\"https:\/\/www.artestar.eu\/de\/gro\u00dfhandel\/runder-ohrring-mit-anstecknadel-goldfarben\/#local-main-organization-logo\"},\"image\":{\"@id\":\"https:\/\/www.artestar.eu\/de\/gro\u00dfhandel\/runder-ohrring-mit-anstecknadel-goldfarben\/#local-main-organization-logo\"},\"sameAs\":[\"https:\/\/www.facebook.com\/ARTESTAREU\",\"https:\/\/www.instagram.com\/artestareu\/\",\"https:\/\/www.pinterest.es\/artestar_eu\/\",\"https:\/\/www.tiktok.com\/@artestar_wholesale\"],\"openingHoursSpecification\":[{\"@type\":\"OpeningHoursSpecification\",\"dayOfWeek\":[\"Monday\",\"Tuesday\",\"Wednesday\",\"Thursday\",\"Friday\",\"Saturday\",\"Sunday\"],\"opens\":\"09:00\",\"closes\":\"17:00\"}]},{\"@type\":\"ImageObject\",\"inLanguage\":\"de-DE\",\"@id\":\"https:\/\/www.artestar.eu\/de\/gro\u00dfhandel\/runder-ohrring-mit-anstecknadel-goldfarben\/#local-main-organization-logo\",\"url\":\"https:\/\/www.artestar.eu\/wp-content\/uploads\/2023\/05\/cropped-png.png\",\"contentUrl\":\"https:\/\/www.artestar.eu\/wp-content\/uploads\/2023\/05\/cropped-png.png\",\"width\":512,\"height\":512,\"caption\":\"RUBY ABALORIO S.L.\"}]}<\/script>\n<meta property=\"og:availability\" content=\"instock\" \/>\n<meta property=\"product:availability\" content=\"instock\" \/>\n<meta property=\"product:retailer_item_id\" content=\"BXG0094-0096\" \/>\n<meta property=\"product:condition\" content=\"new\" \/>\n<!-- \/ Yoast SEO Premium plugin. -->","yoast_head_json":{"title":"Runder Ohrring mit goldenem Ohrstecker- Artestar","description":"Goldfarbene Kugelohrringpfosten funktionieren mit allen verschiedenen Arten und Stilen von Ohrringen. Wie Ohrringe, Ohrb\u00fcgel usw.","robots":{"index":"index","follow":"follow","max-snippet":"max-snippet:-1","max-image-preview":"max-image-preview:large","max-video-preview":"max-video-preview:-1"},"canonical":"https:\/\/www.artestar.eu\/de\/gro\u00dfhandel\/runder-ohrring-mit-anstecknadel-goldfarben\/","og_locale":"de_DE","og_type":"article","og_title":"Runder Ohrring mit goldfarbenem Bolzen 150 Stk.","og_description":"Goldfarbene Kugelohrringpfosten funktionieren mit allen verschiedenen Arten und Stilen von Ohrringen. Wie Ohrringe, Ohrb\u00fcgel usw.","og_url":"https:\/\/www.artestar.eu\/de\/gro\u00dfhandel\/runder-ohrring-mit-anstecknadel-goldfarben\/","og_site_name":"Artestar","article_publisher":"https:\/\/www.facebook.com\/ARTESTAREU","article_modified_time":"2023-10-20T05:04:49+00:00","og_image":[{"width":600,"height":600,"url":"https:\/\/www.artestar.eu\/wp-content\/uploads\/2023\/06\/stainless-steel-earring-accessories-ball-post-stud-earring-gold.jpg","type":"image\/jpeg"}],"twitter_card":"summary_large_image","twitter_misc":{"Availability":"Auf Lager"},"schema":{"@context":"https:\/\/schema.org","@graph":[{"@type":"WebPage","@id":"https:\/\/www.artestar.eu\/de\/gro\u00dfhandel\/runder-ohrring-mit-anstecknadel-goldfarben\/","url":"https:\/\/www.artestar.eu\/de\/gro\u00dfhandel\/runder-ohrring-mit-anstecknadel-goldfarben\/","name":"Runder Ohrring mit goldenem Ohrstecker- Artestar","isPartOf":{"@id":"https:\/\/www.artestar.eu\/de\/#website"},"datePublished":"2023-06-08T01:44:49+00:00","dateModified":"2023-10-20T05:04:49+00:00","description":"Goldfarbene Kugelohrringpfosten funktionieren mit allen verschiedenen Arten und Stilen von Ohrringen. Wie Ohrringe, Ohrb\u00fcgel usw.","breadcrumb":{"@id":"https:\/\/www.artestar.eu\/de\/gro\u00dfhandel\/runder-ohrring-mit-anstecknadel-goldfarben\/#breadcrumb"},"inLanguage":"de-DE","potentialAction":[{"@type":"ReadAction","target":["https:\/\/www.artestar.eu\/de\/gro\u00dfhandel\/runder-ohrring-mit-anstecknadel-goldfarben\/"]}]},{"@type":"BreadcrumbList","@id":"https:\/\/www.artestar.eu\/de\/gro\u00dfhandel\/runder-ohrring-mit-anstecknadel-goldfarben\/#breadcrumb","itemListElement":[{"@type":"ListItem","position":1,"name":"Artestar","item":"https:\/\/www.artestar.eu\/de\/"},{"@type":"ListItem","position":2,"name":"Gro\u00dfhandel","item":"https:\/\/www.artestar.eu\/de\/grosshandel\/"},{"@type":"ListItem","position":3,"name":"Runder Ohrring mit goldfarbenem Bolzen 150 Stk."}]},{"@type":"WebSite","@id":"https:\/\/www.artestar.eu\/de\/#website","url":"https:\/\/www.artestar.eu\/de\/","name":"Artestar","description":"Mayorista en abalorios y joyer\u00eda","publisher":{"@id":"https:\/\/www.artestar.eu\/de\/#organization"},"alternateName":"Artestar-EU","potentialAction":[{"@type":"SearchAction","target":{"@type":"EntryPoint","urlTemplate":"https:\/\/www.artestar.eu\/de\/?s={search_term_string}"},"query-input":"required name=search_term_string"}],"inLanguage":"de-DE"},{"@type":["Organization","Place"],"@id":"https:\/\/www.artestar.eu\/de\/#organization","name":"RUBY ABALORIO S.L.","alternateName":"Artestar","url":"https:\/\/www.artestar.eu\/de\/","logo":{"@id":"https:\/\/www.artestar.eu\/de\/gro\u00dfhandel\/runder-ohrring-mit-anstecknadel-goldfarben\/#local-main-organization-logo"},"image":{"@id":"https:\/\/www.artestar.eu\/de\/gro\u00dfhandel\/runder-ohrring-mit-anstecknadel-goldfarben\/#local-main-organization-logo"},"sameAs":["https:\/\/www.facebook.com\/ARTESTAREU","https:\/\/www.instagram.com\/artestareu\/","https:\/\/www.pinterest.es\/artestar_eu\/","https:\/\/www.tiktok.com\/@artestar_wholesale"],"openingHoursSpecification":[{"@type":"OpeningHoursSpecification","dayOfWeek":["Monday","Tuesday","Wednesday","Thursday","Friday","Saturday","Sunday"],"opens":"09:00","closes":"17:00"}]},{"@type":"ImageObject","inLanguage":"de-DE","@id":"https:\/\/www.artestar.eu\/de\/gro\u00dfhandel\/runder-ohrring-mit-anstecknadel-goldfarben\/#local-main-organization-logo","url":"https:\/\/www.artestar.eu\/wp-content\/uploads\/2023\/05\/cropped-png.png","contentUrl":"https:\/\/www.artestar.eu\/wp-content\/uploads\/2023\/05\/cropped-png.png","width":512,"height":512,"caption":"RUBY ABALORIO S.L."}]},"og_availability":"instock","product_availability":"instock","product_retailer_item_id":"BXG0094-0096","product_condition":"new"},"tiered_pricing_type":"fixed","tiered_pricing_fixed_rules":[],"tiered_pricing_percentage_rules":[],"tiered_pricing_minimum":null,"_administrator_tiered_pricing_type":"fixed","_administrator_tiered_pricing_fixed_rules":[],"_editor_tiered_pricing_type":"fixed","_editor_tiered_pricing_fixed_rules":[],"_author_tiered_pricing_type":"fixed","_author_tiered_pricing_fixed_rules":[],"_contributor_tiered_pricing_type":"fixed","_contributor_tiered_pricing_fixed_rules":[],"_subscriber_tiered_pricing_type":"fixed","_subscriber_tiered_pricing_fixed_rules":[],"_wpseo_manager_tiered_pricing_type":"fixed","_wpseo_manager_tiered_pricing_fixed_rules":[],"_wpseo_editor_tiered_pricing_type":"fixed","_wpseo_editor_tiered_pricing_fixed_rules":[],"_customer_tiered_pricing_type":"fixed","_customer_tiered_pricing_fixed_rules":[],"_shop_manager_tiered_pricing_type":"fixed","_shop_manager_tiered_pricing_fixed_rules":[],"_product_manager_tiered_pricing_type":"fixed","_product_manager_tiered_pricing_fixed_rules":[],"_links":{"self":[{"href":"https:\/\/www.artestar.eu\/de\/wp-json\/wp\/v2\/product\/30892"}],"collection":[{"href":"https:\/\/www.artestar.eu\/de\/wp-json\/wp\/v2\/product"}],"about":[{"href":"https:\/\/www.artestar.eu\/de\/wp-json\/wp\/v2\/types\/product"}],"replies":[{"embeddable":true,"href":"https:\/\/www.artestar.eu\/de\/wp-json\/wp\/v2\/comments?post=30892"}],"version-history":[{"count":2,"href":"https:\/\/www.artestar.eu\/de\/wp-json\/wp\/v2\/product\/30892\/revisions"}],"predecessor-version":[{"id":37009,"href":"https:\/\/www.artestar.eu\/de\/wp-json\/wp\/v2\/product\/30892\/revisions\/37009"}],"wp:featuredmedia":[{"embeddable":true,"href":"https:\/\/www.artestar.eu\/de\/wp-json\/wp\/v2\/media\/13724"}],"wp:attachment":[{"href":"https:\/\/www.artestar.eu\/de\/wp-json\/wp\/v2\/media?parent=30892"}],"wp:term":[{"taxonomy":"product_cat","embeddable":true,"href":"https:\/\/www.artestar.eu\/de\/wp-json\/wp\/v2\/product_cat?post=30892"},{"taxonomy":"product_tag","embeddable":true,"href":"https:\/\/www.artestar.eu\/de\/wp-json\/wp\/v2\/product_tag?post=30892"}],"curies":[{"name":"wp","href":"https:\/\/api.w.org\/{rel}","templated":true}]}}