{"id":30953,"date":"2023-06-27T05:18:42","date_gmt":"2023-06-27T05:18:42","guid":{"rendered":"https:\/\/www.artestar.eu\/al-por-mayor\/arenisca-azul-cuentas-piedra-de-facetada\/"},"modified":"2023-09-28T05:00:19","modified_gmt":"2023-09-28T05:00:19","slug":"sandstein-blaue-perlen-stein-facettiert","status":"publish","type":"product","link":"https:\/\/www.artestar.eu\/de\/gro\u00dfhandel\/sandstein-blaue-perlen-stein-facettiert\/","title":{"rendered":"Blaue Sandsteinperlen facettierter Stein"},"content":{"rendered":"<p>Blausandsteinperlen facettierter Stein: \u03a6 2 mm &#8211; \u03a6 3 mm &#8211; \u03a6 4 mm, Loch: \u03a6 1 mm.<\/p>\n<ul>\n<li>Da es eine Vielzahl von Gr\u00f6\u00dfen gibt, k\u00f6nnen Sie diejenige ausw\u00e4hlen, die am besten zu Ihrer DIY-Schmuckherstellung passt. Jede Steinperle besteht aus reinen Naturmaterialien und hat eine einzigartige Optik.<\/li>\n<li>Jede Edelsteinperle ist aus reinen Naturmaterialien gefertigt und sorgt f\u00fcr einen einzigartigen Look. Dar\u00fcber hinaus machen ihre einheitliche Gr\u00f6\u00dfe, Textur und Farbe Edelsteinperlen einzigartig.<\/li>\n<li>Nat\u00fcrliche Halbedelsteinperlen k\u00f6nnen Stress und Angst lindern. Geben Sie au\u00dferdem eine positive mentale Note, eine optimistische Sicht auf das Leben und sollen die Energie des Universums auf den K\u00f6rper \u00fcbertragen.<\/li>\n<li>Diese sch\u00f6nen losen Steinperlen eignen sich perfekt zum Einf\u00e4deln, verwenden Sie einfach Perlenfaden durch das Perlenloch und machen Sie Ihre eigenen Kreationen. Viel Spa\u00df beim Basteln von Schmuck!<\/li>\n<li>Diese perforierten Perlen k\u00f6nnen mit anderen Metallaccessoires, Kristallen, Perlen, Muscheln usw. kombiniert werden, um Kunsthandwerk, Halsketten, Armb\u00e4nder, Ohrringe, Wohndekorationen usw. herzustellen. Schenken Sie es Familie und Freunden, die gerne basteln. Es ist nicht nur ein perfektes Geschenk, sondern enth\u00e4lt auch die besten W\u00fcnsche.<\/li>\n<\/ul>\n<p><img decoding=\"async\" class=\"alignnone wp-image-7321\" src=\"https:\/\/www.artestar.eu%E2%80%8B%E2%80%8B%E2%80%8B%E2%80%8B\/wp-content\/uploads\/2023\/06\/size-faceted-round-stone-beads-1.jpg\" alt=\"Facettierter blauer Sandstein\" width=\"600\" height=\"600\" srcset=\"https:\/\/www.artestar.eu\/wp-content\/uploads\/2023\/06\/size-faceted-round-stone-beads-1.jpg 1024w, https:\/\/www.artestar.eu\/wp-content\/uploads\/2023\/06\/size-faceted-round-stone-beads-1-300x300.jpg 300w, https:\/\/www.artestar.eu\/wp-content\/uploads\/2023\/06\/size-faceted-round-stone-beads-1-150x150.jpg 150w, https:\/\/www.artestar.eu\/wp-content\/uploads\/2023\/06\/size-faceted-round-stone-beads-1-768x768.jpg 768w, https:\/\/www.artestar.eu\/wp-content\/uploads\/2023\/06\/size-faceted-round-stone-beads-1-450x450.jpg 450w, https:\/\/www.artestar.eu\/wp-content\/uploads\/2023\/06\/size-faceted-round-stone-beads-1-600x600.jpg 600w, https:\/\/www.artestar.eu\/wp-content\/uploads\/2023\/06\/size-faceted-round-stone-beads-1-54x54.jpg 54w\" sizes=\"(max-width: 600px) 100vw, 600px\" \/><\/p>\n<h5>Blaue Sandsteinperlen facettierter Stein<\/h5>\n<h6><strong>Vorsichtsma\u00dfnahmen:<\/strong><\/h6>\n<ul>\n<li>Aufgrund unterschiedlicher Monitore und Aufl\u00f6sungen kann die Farbe des Bildes geringf\u00fcgig von der tats\u00e4chlichen Farbe abweichen.<\/li>\n<li>In einer Kette von Konten gleicher L\u00e4nge. Die Anzahl der Perlen kann aufgrund von Unterschieden in der Handwerkskunst oder den Produktionschargen leicht variieren.<\/li>\n<li>Steinperlen sollten vor intensiver Sonneneinstrahlung gesch\u00fctzt werden, um die Textur und Farbe des Edelsteins nicht zu besch\u00e4digen.<\/li>\n<li>Warnung: Kinder unter drei Jahren vermeiden Kontakt, es besteht Erstickungsgefahr.<\/li>\n<\/ul>\n","protected":false},"excerpt":{"rendered":"<p><img decoding=\"async\" class=\"alignnone wp-image-7322 size-full\" src=\"https:\/\/www.artestar.eu%E2%80%8B%E2%80%8B%E2%80%8B%E2%80%8B\/wp-content\/uploads\/2023\/06\/size-faceted-round-gemstone-beads.jpg\" alt=\"Blauer Sandstein facettiert\" width=\"1000\" height=\"180\" srcset=\"https:\/\/www.artestar.eu\/wp-content\/uploads\/2023\/06\/size-faceted-round-gemstone-beads.jpg 1000w, https:\/\/www.artestar.eu\/wp-content\/uploads\/2023\/06\/size-faceted-round-gemstone-beads-300x54.jpg 300w, https:\/\/www.artestar.eu\/wp-content\/uploads\/2023\/06\/size-faceted-round-gemstone-beads-768x138.jpg 768w, https:\/\/www.artestar.eu\/wp-content\/uploads\/2023\/06\/size-faceted-round-gemstone-beads-600x108.jpg 600w, https:\/\/www.artestar.eu\/wp-content\/uploads\/2023\/06\/size-faceted-round-gemstone-beads-90x16.jpg 90w\" sizes=\"(max-width: 1000px) 100vw, 1000px\" \/>Ungef\u00e4hrer Betrag<\/p>\n<ul>\n<li>Perlen aus nat\u00fcrlichen Halbedelsteinen, kleine Unvollkommenheiten sind erlaubt.<\/li>\n<li>Aufgrund der unterschiedlichen Anzeigeger\u00e4te kommt es zu einer leichten Farbabweichung.<\/li>\n<\/ul>\n","protected":false},"featured_media":18604,"comment_status":"open","ping_status":"closed","template":"","meta":[],"product_cat":[1565,1492,1493],"product_tag":[],"yoast_head":"<!-- This site is optimized with the Yoast SEO Premium plugin v20.5 (Yoast SEO v21.5) - https:\/\/yoast.com\/wordpress\/plugins\/seo\/ -->\n<title>Blaue Sandsteinperlen facettierter Stein - Artestar<\/title>\n<meta name=\"description\" content=\"Sandstein weckt den Glauben an eine h\u00f6here Macht. Es zieht auch reiche Ernten an und bringt Gl\u00fcck in Bezug auf Geld und Reichtum.\" \/>\n<meta name=\"robots\" content=\"index, follow, max-snippet:-1, max-image-preview:large, max-video-preview:-1\" \/>\n<link rel=\"canonical\" href=\"https:\/\/www.artestar.eu\/de\/gro\u00dfhandel\/sandstein-blaue-perlen-stein-facettiert\/\" \/>\n<meta property=\"og:locale\" content=\"de_DE\" \/>\n<meta property=\"og:type\" content=\"article\" \/>\n<meta property=\"og:title\" content=\"Blaue Sandsteinperlen facettierter Stein\" \/>\n<meta property=\"og:description\" content=\"Sandstein weckt den Glauben an eine h\u00f6here Macht. Es zieht auch reiche Ernten an und bringt Gl\u00fcck in Bezug auf Geld und Reichtum.\" \/>\n<meta property=\"og:url\" content=\"https:\/\/www.artestar.eu\/de\/gro\u00dfhandel\/sandstein-blaue-perlen-stein-facettiert\/\" \/>\n<meta property=\"og:site_name\" content=\"Artestar\" \/>\n<meta property=\"article:publisher\" content=\"https:\/\/www.facebook.com\/ARTESTAREU\" \/>\n<meta property=\"article:modified_time\" content=\"2023-09-28T05:00:19+00:00\" \/>\n<meta property=\"og:image\" content=\"https:\/\/www.artestar.eu\/wp-content\/uploads\/2023\/06\/semi-precious-stones-gemstone-beads-faceted-blue-sandstone.jpg\" \/>\n\t<meta property=\"og:image:width\" content=\"600\" \/>\n\t<meta property=\"og:image:height\" content=\"600\" \/>\n\t<meta property=\"og:image:type\" content=\"image\/jpeg\" \/>\n<meta name=\"twitter:card\" content=\"summary_large_image\" \/>\n<meta name=\"twitter:label1\" content=\"Availability\" \/>\n\t<meta name=\"twitter:data1\" content=\"Auf Lager\" \/>\n<script type=\"application\/ld+json\" class=\"yoast-schema-graph\">{\"@context\":\"https:\/\/schema.org\",\"@graph\":[{\"@type\":\"WebPage\",\"@id\":\"https:\/\/www.artestar.eu\/de\/gro\u00dfhandel\/sandstein-blaue-perlen-stein-facettiert\/\",\"url\":\"https:\/\/www.artestar.eu\/de\/gro\u00dfhandel\/sandstein-blaue-perlen-stein-facettiert\/\",\"name\":\"Blaue Sandsteinperlen facettierter Stein - Artestar\",\"isPartOf\":{\"@id\":\"https:\/\/www.artestar.eu\/de\/#website\"},\"datePublished\":\"2023-06-27T05:18:42+00:00\",\"dateModified\":\"2023-09-28T05:00:19+00:00\",\"description\":\"Sandstein weckt den Glauben an eine h\u00f6here Macht. Es zieht auch reiche Ernten an und bringt Gl\u00fcck in Bezug auf Geld und Reichtum.\",\"breadcrumb\":{\"@id\":\"https:\/\/www.artestar.eu\/de\/gro\u00dfhandel\/sandstein-blaue-perlen-stein-facettiert\/#breadcrumb\"},\"inLanguage\":\"de-DE\",\"potentialAction\":[{\"@type\":\"ReadAction\",\"target\":[\"https:\/\/www.artestar.eu\/de\/gro\u00dfhandel\/sandstein-blaue-perlen-stein-facettiert\/\"]}]},{\"@type\":\"BreadcrumbList\",\"@id\":\"https:\/\/www.artestar.eu\/de\/gro\u00dfhandel\/sandstein-blaue-perlen-stein-facettiert\/#breadcrumb\",\"itemListElement\":[{\"@type\":\"ListItem\",\"position\":1,\"name\":\"Artestar\",\"item\":\"https:\/\/www.artestar.eu\/de\/\"},{\"@type\":\"ListItem\",\"position\":2,\"name\":\"Gro\u00dfhandel\",\"item\":\"https:\/\/www.artestar.eu\/de\/grosshandel\/\"},{\"@type\":\"ListItem\",\"position\":3,\"name\":\"Blaue Sandsteinperlen facettierter Stein\"}]},{\"@type\":\"WebSite\",\"@id\":\"https:\/\/www.artestar.eu\/de\/#website\",\"url\":\"https:\/\/www.artestar.eu\/de\/\",\"name\":\"Artestar\",\"description\":\"Mayorista en abalorios y joyer\u00eda\",\"publisher\":{\"@id\":\"https:\/\/www.artestar.eu\/de\/#organization\"},\"alternateName\":\"Artestar-EU\",\"potentialAction\":[{\"@type\":\"SearchAction\",\"target\":{\"@type\":\"EntryPoint\",\"urlTemplate\":\"https:\/\/www.artestar.eu\/de\/?s={search_term_string}\"},\"query-input\":\"required name=search_term_string\"}],\"inLanguage\":\"de-DE\"},{\"@type\":[\"Organization\",\"Place\"],\"@id\":\"https:\/\/www.artestar.eu\/de\/#organization\",\"name\":\"RUBY ABALORIO S.L.\",\"alternateName\":\"Artestar\",\"url\":\"https:\/\/www.artestar.eu\/de\/\",\"logo\":{\"@id\":\"https:\/\/www.artestar.eu\/de\/gro\u00dfhandel\/sandstein-blaue-perlen-stein-facettiert\/#local-main-organization-logo\"},\"image\":{\"@id\":\"https:\/\/www.artestar.eu\/de\/gro\u00dfhandel\/sandstein-blaue-perlen-stein-facettiert\/#local-main-organization-logo\"},\"sameAs\":[\"https:\/\/www.facebook.com\/ARTESTAREU\",\"https:\/\/www.instagram.com\/artestareu\/\",\"https:\/\/www.pinterest.es\/artestar_eu\/\",\"https:\/\/www.tiktok.com\/@artestar_wholesale\"],\"openingHoursSpecification\":[{\"@type\":\"OpeningHoursSpecification\",\"dayOfWeek\":[\"Monday\",\"Tuesday\",\"Wednesday\",\"Thursday\",\"Friday\",\"Saturday\",\"Sunday\"],\"opens\":\"09:00\",\"closes\":\"17:00\"}]},{\"@type\":\"ImageObject\",\"inLanguage\":\"de-DE\",\"@id\":\"https:\/\/www.artestar.eu\/de\/gro\u00dfhandel\/sandstein-blaue-perlen-stein-facettiert\/#local-main-organization-logo\",\"url\":\"https:\/\/www.artestar.eu\/wp-content\/uploads\/2023\/05\/cropped-png.png\",\"contentUrl\":\"https:\/\/www.artestar.eu\/wp-content\/uploads\/2023\/05\/cropped-png.png\",\"width\":512,\"height\":512,\"caption\":\"RUBY ABALORIO S.L.\"}]}<\/script>\n<meta property=\"og:availability\" content=\"instock\" \/>\n<meta property=\"product:availability\" content=\"instock\" \/>\n<meta property=\"product:retailer_item_id\" content=\"BS-YZ-QM-Y0052-Y0054\" \/>\n<meta property=\"product:condition\" content=\"new\" \/>\n<!-- \/ Yoast SEO Premium plugin. -->","yoast_head_json":{"title":"Blaue Sandsteinperlen facettierter Stein - Artestar","description":"Sandstein weckt den Glauben an eine h\u00f6here Macht. Es zieht auch reiche Ernten an und bringt Gl\u00fcck in Bezug auf Geld und Reichtum.","robots":{"index":"index","follow":"follow","max-snippet":"max-snippet:-1","max-image-preview":"max-image-preview:large","max-video-preview":"max-video-preview:-1"},"canonical":"https:\/\/www.artestar.eu\/de\/gro\u00dfhandel\/sandstein-blaue-perlen-stein-facettiert\/","og_locale":"de_DE","og_type":"article","og_title":"Blaue Sandsteinperlen facettierter Stein","og_description":"Sandstein weckt den Glauben an eine h\u00f6here Macht. Es zieht auch reiche Ernten an und bringt Gl\u00fcck in Bezug auf Geld und Reichtum.","og_url":"https:\/\/www.artestar.eu\/de\/gro\u00dfhandel\/sandstein-blaue-perlen-stein-facettiert\/","og_site_name":"Artestar","article_publisher":"https:\/\/www.facebook.com\/ARTESTAREU","article_modified_time":"2023-09-28T05:00:19+00:00","og_image":[{"width":600,"height":600,"url":"https:\/\/www.artestar.eu\/wp-content\/uploads\/2023\/06\/semi-precious-stones-gemstone-beads-faceted-blue-sandstone.jpg","type":"image\/jpeg"}],"twitter_card":"summary_large_image","twitter_misc":{"Availability":"Auf Lager"},"schema":{"@context":"https:\/\/schema.org","@graph":[{"@type":"WebPage","@id":"https:\/\/www.artestar.eu\/de\/gro\u00dfhandel\/sandstein-blaue-perlen-stein-facettiert\/","url":"https:\/\/www.artestar.eu\/de\/gro\u00dfhandel\/sandstein-blaue-perlen-stein-facettiert\/","name":"Blaue Sandsteinperlen facettierter Stein - Artestar","isPartOf":{"@id":"https:\/\/www.artestar.eu\/de\/#website"},"datePublished":"2023-06-27T05:18:42+00:00","dateModified":"2023-09-28T05:00:19+00:00","description":"Sandstein weckt den Glauben an eine h\u00f6here Macht. Es zieht auch reiche Ernten an und bringt Gl\u00fcck in Bezug auf Geld und Reichtum.","breadcrumb":{"@id":"https:\/\/www.artestar.eu\/de\/gro\u00dfhandel\/sandstein-blaue-perlen-stein-facettiert\/#breadcrumb"},"inLanguage":"de-DE","potentialAction":[{"@type":"ReadAction","target":["https:\/\/www.artestar.eu\/de\/gro\u00dfhandel\/sandstein-blaue-perlen-stein-facettiert\/"]}]},{"@type":"BreadcrumbList","@id":"https:\/\/www.artestar.eu\/de\/gro\u00dfhandel\/sandstein-blaue-perlen-stein-facettiert\/#breadcrumb","itemListElement":[{"@type":"ListItem","position":1,"name":"Artestar","item":"https:\/\/www.artestar.eu\/de\/"},{"@type":"ListItem","position":2,"name":"Gro\u00dfhandel","item":"https:\/\/www.artestar.eu\/de\/grosshandel\/"},{"@type":"ListItem","position":3,"name":"Blaue Sandsteinperlen facettierter Stein"}]},{"@type":"WebSite","@id":"https:\/\/www.artestar.eu\/de\/#website","url":"https:\/\/www.artestar.eu\/de\/","name":"Artestar","description":"Mayorista en abalorios y joyer\u00eda","publisher":{"@id":"https:\/\/www.artestar.eu\/de\/#organization"},"alternateName":"Artestar-EU","potentialAction":[{"@type":"SearchAction","target":{"@type":"EntryPoint","urlTemplate":"https:\/\/www.artestar.eu\/de\/?s={search_term_string}"},"query-input":"required name=search_term_string"}],"inLanguage":"de-DE"},{"@type":["Organization","Place"],"@id":"https:\/\/www.artestar.eu\/de\/#organization","name":"RUBY ABALORIO S.L.","alternateName":"Artestar","url":"https:\/\/www.artestar.eu\/de\/","logo":{"@id":"https:\/\/www.artestar.eu\/de\/gro\u00dfhandel\/sandstein-blaue-perlen-stein-facettiert\/#local-main-organization-logo"},"image":{"@id":"https:\/\/www.artestar.eu\/de\/gro\u00dfhandel\/sandstein-blaue-perlen-stein-facettiert\/#local-main-organization-logo"},"sameAs":["https:\/\/www.facebook.com\/ARTESTAREU","https:\/\/www.instagram.com\/artestareu\/","https:\/\/www.pinterest.es\/artestar_eu\/","https:\/\/www.tiktok.com\/@artestar_wholesale"],"openingHoursSpecification":[{"@type":"OpeningHoursSpecification","dayOfWeek":["Monday","Tuesday","Wednesday","Thursday","Friday","Saturday","Sunday"],"opens":"09:00","closes":"17:00"}]},{"@type":"ImageObject","inLanguage":"de-DE","@id":"https:\/\/www.artestar.eu\/de\/gro\u00dfhandel\/sandstein-blaue-perlen-stein-facettiert\/#local-main-organization-logo","url":"https:\/\/www.artestar.eu\/wp-content\/uploads\/2023\/05\/cropped-png.png","contentUrl":"https:\/\/www.artestar.eu\/wp-content\/uploads\/2023\/05\/cropped-png.png","width":512,"height":512,"caption":"RUBY ABALORIO S.L."}]},"og_availability":"instock","product_availability":"instock","product_retailer_item_id":"BS-YZ-QM-Y0052-Y0054","product_condition":"new"},"tiered_pricing_type":"fixed","tiered_pricing_fixed_rules":[],"tiered_pricing_percentage_rules":[],"tiered_pricing_minimum":null,"_administrator_tiered_pricing_type":"fixed","_administrator_tiered_pricing_fixed_rules":[],"_editor_tiered_pricing_type":"fixed","_editor_tiered_pricing_fixed_rules":[],"_author_tiered_pricing_type":"fixed","_author_tiered_pricing_fixed_rules":[],"_contributor_tiered_pricing_type":"fixed","_contributor_tiered_pricing_fixed_rules":[],"_subscriber_tiered_pricing_type":"fixed","_subscriber_tiered_pricing_fixed_rules":[],"_wpseo_manager_tiered_pricing_type":"fixed","_wpseo_manager_tiered_pricing_fixed_rules":[],"_wpseo_editor_tiered_pricing_type":"fixed","_wpseo_editor_tiered_pricing_fixed_rules":[],"_customer_tiered_pricing_type":"fixed","_customer_tiered_pricing_fixed_rules":[],"_shop_manager_tiered_pricing_type":"fixed","_shop_manager_tiered_pricing_fixed_rules":[],"_product_manager_tiered_pricing_type":"fixed","_product_manager_tiered_pricing_fixed_rules":[],"_links":{"self":[{"href":"https:\/\/www.artestar.eu\/de\/wp-json\/wp\/v2\/product\/30953"}],"collection":[{"href":"https:\/\/www.artestar.eu\/de\/wp-json\/wp\/v2\/product"}],"about":[{"href":"https:\/\/www.artestar.eu\/de\/wp-json\/wp\/v2\/types\/product"}],"replies":[{"embeddable":true,"href":"https:\/\/www.artestar.eu\/de\/wp-json\/wp\/v2\/comments?post=30953"}],"version-history":[{"count":1,"href":"https:\/\/www.artestar.eu\/de\/wp-json\/wp\/v2\/product\/30953\/revisions"}],"predecessor-version":[{"id":35862,"href":"https:\/\/www.artestar.eu\/de\/wp-json\/wp\/v2\/product\/30953\/revisions\/35862"}],"wp:featuredmedia":[{"embeddable":true,"href":"https:\/\/www.artestar.eu\/de\/wp-json\/wp\/v2\/media\/18604"}],"wp:attachment":[{"href":"https:\/\/www.artestar.eu\/de\/wp-json\/wp\/v2\/media?parent=30953"}],"wp:term":[{"taxonomy":"product_cat","embeddable":true,"href":"https:\/\/www.artestar.eu\/de\/wp-json\/wp\/v2\/product_cat?post=30953"},{"taxonomy":"product_tag","embeddable":true,"href":"https:\/\/www.artestar.eu\/de\/wp-json\/wp\/v2\/product_tag?post=30953"}],"curies":[{"name":"wp","href":"https:\/\/api.w.org\/{rel}","templated":true}]}}