{"id":31038,"date":"2023-06-07T05:05:24","date_gmt":"2023-06-07T05:05:24","guid":{"rendered":"https:\/\/www.artestar.eu\/al-por-mayor\/pendientes-alfiler-plano-abierto-de-acero\/"},"modified":"2023-10-20T05:18:06","modified_gmt":"2023-10-20T05:18:06","slug":"flach-offene-stahl-nadel-ohrringe","status":"publish","type":"product","link":"https:\/\/www.artestar.eu\/de\/gro\u00dfhandel\/flach-offene-stahl-nadel-ohrringe\/","title":{"rendered":"Flache, offene Ohrstecker aus Stahl"},"content":{"rendered":"<p>Offene Ohrringe aus Stahl: Stecknadeln sind in 3 Gr\u00f6\u00dfen erh\u00e4ltlich: 30 mm (480 St\u00fcck), 40 mm (400 St\u00fcck), 50 mm (330 St\u00fcck), Loch: 3 mm.<\/p>\n<ul>\n<li>Die Open-Eye-Pins sind aus hochwertigem Edelstahl gefertigt. Im Vergleich zu anderen Metalllegierungen hat es eine gute Stabilit\u00e4t und Korrosionsbest\u00e4ndigkeit, langlebig. Und mit geringen Wartungskosten sind sie ideal f\u00fcr viele Schmuckdesigns.<\/li>\n<li>Diese Pins haben ein minimalistisches Design. Es handelt sich um Drahtabschnitte mit einem einfachen, schlaufenartigen Loch an einem Ende und einer Schlaufe an der Oberseite zum einfachen Anbringen von Anh\u00e4ngern oder Ornamenten.<\/li>\n<li>Pins sind vielseitig einsetzbar und k\u00f6nnen f\u00fcr Kunsthandwerk und Modeschmuck wie Ohrringe, Armb\u00e4nder, Halsketten und Perlenbroschen verwendet werden.<\/li>\n<li>Verwenden Sie die Anstecknadeln in Ihrer Freizeit, um feine Bastelarbeiten f\u00fcr Ihre Familie und Ihre Lieben zum Valentinstag, Muttertag, Hochzeiten, Jubil\u00e4en, Thanksgiving oder Geburtstagen herzustellen. Sie werden \u00fcberrascht und geliebt werden.<\/li>\n<\/ul>\n<p><img decoding=\"async\" class=\"alignnone size-full wp-image-5528\" src=\"https:\/\/www.artestar.eu%E2%80%8B%E2%80%8B%E2%80%8B%E2%80%8B\/wp-content\/uploads\/2023\/06\/stainless-steel-open-eye-pins-gold-para-creaciones-de-joyeria-DIY-01.jpg\" alt=\"Stifte mit offenen Augen aus Stahl\" width=\"600\" height=\"600\" srcset=\"https:\/\/www.artestar.eu\/wp-content\/uploads\/2023\/06\/stainless-steel-open-eye-pins-gold-para-creaciones-de-joyeria-DIY-01.jpg 600w, https:\/\/www.artestar.eu\/wp-content\/uploads\/2023\/06\/stainless-steel-open-eye-pins-gold-para-creaciones-de-joyeria-DIY-01-300x300.jpg 300w, https:\/\/www.artestar.eu\/wp-content\/uploads\/2023\/06\/stainless-steel-open-eye-pins-gold-para-creaciones-de-joyeria-DIY-01-150x150.jpg 150w, https:\/\/www.artestar.eu\/wp-content\/uploads\/2023\/06\/stainless-steel-open-eye-pins-gold-para-creaciones-de-joyeria-DIY-01-450x450.jpg 450w, https:\/\/www.artestar.eu\/wp-content\/uploads\/2023\/06\/stainless-steel-open-eye-pins-gold-para-creaciones-de-joyeria-DIY-01-54x54.jpg 54w\" sizes=\"(max-width: 600px) 100vw, 600px\" \/><\/p>\n<h3>Flache, offene Ohrstecker aus Stahl<\/h3>\n<ul>\n<li>Denn unsere Open-Eye-Pins gibt es in zwei Farben, jeweils in verschiedenen Gr\u00f6\u00dfen. Mit gen\u00fcgend Menge und sogar Gr\u00f6\u00dfen, um Ihr Lieblings-Modeschmuck-Accessoire frei zu kreieren.<\/li>\n<li>Sobald der Stift mit der Schnur oder dem Anh\u00e4nger eingef\u00e4delt wurde. Ihr Auge kann verwendet werden, um es an anderen Schmuckbestandteilen zu befestigen und den \u00fcbersch\u00fcssigen Faden zu spreizen. Denn mit diesen Pins k\u00f6nnen Sie ganz einfach Ihre Modeschmuck-Designs erstellen.<\/li>\n<li>Schlichte Designs und elegante Farben eignen sich f\u00fcr die Kombination mit Edelsteinen. Perlen und andere Elemente, um eine gro\u00dfe Auswahl an sch\u00f6nem Schmuck zu schaffen.<\/li>\n<\/ul>\n","protected":false},"excerpt":{"rendered":"<p><img decoding=\"async\" class=\"alignnone size-full wp-image-8708\" src=\"https:\/\/www.artestar.eu%E2%80%8B%E2%80%8B%E2%80%8B%E2%80%8B\/wp-content\/uploads\/2023\/06\/stainless-steel-open-eye-pins-silver-size-1.jpg\" alt=\"edelstahl-offene-augenstifte-silber-gr\u00f6sse\" width=\"1000\" height=\"180\" srcset=\"https:\/\/www.artestar.eu\/wp-content\/uploads\/2023\/06\/stainless-steel-open-eye-pins-silver-size-1.jpg 1000w, https:\/\/www.artestar.eu\/wp-content\/uploads\/2023\/06\/stainless-steel-open-eye-pins-silver-size-1-300x54.jpg 300w, https:\/\/www.artestar.eu\/wp-content\/uploads\/2023\/06\/stainless-steel-open-eye-pins-silver-size-1-768x138.jpg 768w, https:\/\/www.artestar.eu\/wp-content\/uploads\/2023\/06\/stainless-steel-open-eye-pins-silver-size-1-600x108.jpg 600w, https:\/\/www.artestar.eu\/wp-content\/uploads\/2023\/06\/stainless-steel-open-eye-pins-silver-size-1-90x16.jpg 90w\" sizes=\"(max-width: 1000px) 100vw, 1000px\" \/><\/p>\n<ul>\n<li>Material: Edelstahl<\/li>\n<li>Bitte beachten Sie das Produktbild f\u00fcr die detaillierte Gr\u00f6\u00dfe und Menge.<\/li>\n<li>Im Allgemeinen k\u00f6nnen Sie Accessoires wie Ohrringe und Halsketten herstellen; Sie k\u00f6nnen auch mit Perlen und B\u00e4ndern getragen werden, um Schichten zu kreieren und Kreativit\u00e4t und Individualit\u00e4t zu zeigen.<\/li>\n<\/ul>\n","protected":false},"featured_media":13629,"comment_status":"open","ping_status":"closed","template":"","meta":[],"product_cat":[1670,1669],"product_tag":[],"yoast_head":"<!-- This site is optimized with the Yoast SEO Premium plugin v20.5 (Yoast SEO v21.5) - https:\/\/yoast.com\/wordpress\/plugins\/seo\/ -->\n<title>Flache offene Stahl-Nadelohrringe- Artestar<\/title>\n<meta name=\"description\" content=\"Anstecknadeln aus Stahl mit offenen Augen k\u00f6nnen mit Edelsteinen, Perlen und anderen Gegenst\u00e4nden kombiniert werden, um eine Vielzahl von exquisitem Schmuck zu kreieren.\" \/>\n<meta name=\"robots\" content=\"index, follow, max-snippet:-1, max-image-preview:large, max-video-preview:-1\" \/>\n<link rel=\"canonical\" href=\"https:\/\/www.artestar.eu\/de\/gro\u00dfhandel\/flach-offene-stahl-nadel-ohrringe\/\" \/>\n<meta property=\"og:locale\" content=\"de_DE\" \/>\n<meta property=\"og:type\" content=\"article\" \/>\n<meta property=\"og:title\" content=\"Flache, offene Ohrstecker aus Stahl\" \/>\n<meta property=\"og:description\" content=\"Anstecknadeln aus Stahl mit offenen Augen k\u00f6nnen mit Edelsteinen, Perlen und anderen Gegenst\u00e4nden kombiniert werden, um eine Vielzahl von exquisitem Schmuck zu kreieren.\" \/>\n<meta property=\"og:url\" content=\"https:\/\/www.artestar.eu\/de\/gro\u00dfhandel\/flach-offene-stahl-nadel-ohrringe\/\" \/>\n<meta property=\"og:site_name\" content=\"Artestar\" \/>\n<meta property=\"article:publisher\" content=\"https:\/\/www.facebook.com\/ARTESTAREU\" \/>\n<meta property=\"article:modified_time\" content=\"2023-10-20T05:18:06+00:00\" \/>\n<meta property=\"og:image\" content=\"https:\/\/www.artestar.eu\/wp-content\/uploads\/2023\/06\/stainless-steel-open-eye-pins-silver-para-creaciones-de-joyeria-DIY.jpg\" \/>\n\t<meta property=\"og:image:width\" content=\"600\" \/>\n\t<meta property=\"og:image:height\" content=\"600\" \/>\n\t<meta property=\"og:image:type\" content=\"image\/jpeg\" \/>\n<meta name=\"twitter:card\" content=\"summary_large_image\" \/>\n<meta name=\"twitter:label1\" content=\"Availability\" \/>\n\t<meta name=\"twitter:data1\" content=\"Auf Lager\" \/>\n<script type=\"application\/ld+json\" class=\"yoast-schema-graph\">{\"@context\":\"https:\/\/schema.org\",\"@graph\":[{\"@type\":\"WebPage\",\"@id\":\"https:\/\/www.artestar.eu\/de\/gro\u00dfhandel\/flach-offene-stahl-nadel-ohrringe\/\",\"url\":\"https:\/\/www.artestar.eu\/de\/gro\u00dfhandel\/flach-offene-stahl-nadel-ohrringe\/\",\"name\":\"Flache offene Stahl-Nadelohrringe- Artestar\",\"isPartOf\":{\"@id\":\"https:\/\/www.artestar.eu\/de\/#website\"},\"datePublished\":\"2023-06-07T05:05:24+00:00\",\"dateModified\":\"2023-10-20T05:18:06+00:00\",\"description\":\"Anstecknadeln aus Stahl mit offenen Augen k\u00f6nnen mit Edelsteinen, Perlen und anderen Gegenst\u00e4nden kombiniert werden, um eine Vielzahl von exquisitem Schmuck zu kreieren.\",\"breadcrumb\":{\"@id\":\"https:\/\/www.artestar.eu\/de\/gro\u00dfhandel\/flach-offene-stahl-nadel-ohrringe\/#breadcrumb\"},\"inLanguage\":\"de-DE\",\"potentialAction\":[{\"@type\":\"ReadAction\",\"target\":[\"https:\/\/www.artestar.eu\/de\/gro\u00dfhandel\/flach-offene-stahl-nadel-ohrringe\/\"]}]},{\"@type\":\"BreadcrumbList\",\"@id\":\"https:\/\/www.artestar.eu\/de\/gro\u00dfhandel\/flach-offene-stahl-nadel-ohrringe\/#breadcrumb\",\"itemListElement\":[{\"@type\":\"ListItem\",\"position\":1,\"name\":\"Artestar\",\"item\":\"https:\/\/www.artestar.eu\/de\/\"},{\"@type\":\"ListItem\",\"position\":2,\"name\":\"Gro\u00dfhandel\",\"item\":\"https:\/\/www.artestar.eu\/de\/grosshandel\/\"},{\"@type\":\"ListItem\",\"position\":3,\"name\":\"Flache, offene Ohrstecker aus Stahl\"}]},{\"@type\":\"WebSite\",\"@id\":\"https:\/\/www.artestar.eu\/de\/#website\",\"url\":\"https:\/\/www.artestar.eu\/de\/\",\"name\":\"Artestar\",\"description\":\"Mayorista en abalorios y joyer\u00eda\",\"publisher\":{\"@id\":\"https:\/\/www.artestar.eu\/de\/#organization\"},\"alternateName\":\"Artestar-EU\",\"potentialAction\":[{\"@type\":\"SearchAction\",\"target\":{\"@type\":\"EntryPoint\",\"urlTemplate\":\"https:\/\/www.artestar.eu\/de\/?s={search_term_string}\"},\"query-input\":\"required name=search_term_string\"}],\"inLanguage\":\"de-DE\"},{\"@type\":[\"Organization\",\"Place\"],\"@id\":\"https:\/\/www.artestar.eu\/de\/#organization\",\"name\":\"RUBY ABALORIO S.L.\",\"alternateName\":\"Artestar\",\"url\":\"https:\/\/www.artestar.eu\/de\/\",\"logo\":{\"@id\":\"https:\/\/www.artestar.eu\/de\/gro\u00dfhandel\/flach-offene-stahl-nadel-ohrringe\/#local-main-organization-logo\"},\"image\":{\"@id\":\"https:\/\/www.artestar.eu\/de\/gro\u00dfhandel\/flach-offene-stahl-nadel-ohrringe\/#local-main-organization-logo\"},\"sameAs\":[\"https:\/\/www.facebook.com\/ARTESTAREU\",\"https:\/\/www.instagram.com\/artestareu\/\",\"https:\/\/www.pinterest.es\/artestar_eu\/\",\"https:\/\/www.tiktok.com\/@artestar_wholesale\"],\"openingHoursSpecification\":[{\"@type\":\"OpeningHoursSpecification\",\"dayOfWeek\":[\"Monday\",\"Tuesday\",\"Wednesday\",\"Thursday\",\"Friday\",\"Saturday\",\"Sunday\"],\"opens\":\"09:00\",\"closes\":\"17:00\"}]},{\"@type\":\"ImageObject\",\"inLanguage\":\"de-DE\",\"@id\":\"https:\/\/www.artestar.eu\/de\/gro\u00dfhandel\/flach-offene-stahl-nadel-ohrringe\/#local-main-organization-logo\",\"url\":\"https:\/\/www.artestar.eu\/wp-content\/uploads\/2023\/05\/cropped-png.png\",\"contentUrl\":\"https:\/\/www.artestar.eu\/wp-content\/uploads\/2023\/05\/cropped-png.png\",\"width\":512,\"height\":512,\"caption\":\"RUBY ABALORIO S.L.\"}]}<\/script>\n<meta property=\"og:availability\" content=\"instock\" \/>\n<meta property=\"product:availability\" content=\"instock\" \/>\n<meta property=\"product:retailer_item_id\" content=\"BXG0085-0087\" \/>\n<meta property=\"product:condition\" content=\"new\" \/>\n<!-- \/ Yoast SEO Premium plugin. -->","yoast_head_json":{"title":"Flache offene Stahl-Nadelohrringe- Artestar","description":"Anstecknadeln aus Stahl mit offenen Augen k\u00f6nnen mit Edelsteinen, Perlen und anderen Gegenst\u00e4nden kombiniert werden, um eine Vielzahl von exquisitem Schmuck zu kreieren.","robots":{"index":"index","follow":"follow","max-snippet":"max-snippet:-1","max-image-preview":"max-image-preview:large","max-video-preview":"max-video-preview:-1"},"canonical":"https:\/\/www.artestar.eu\/de\/gro\u00dfhandel\/flach-offene-stahl-nadel-ohrringe\/","og_locale":"de_DE","og_type":"article","og_title":"Flache, offene Ohrstecker aus Stahl","og_description":"Anstecknadeln aus Stahl mit offenen Augen k\u00f6nnen mit Edelsteinen, Perlen und anderen Gegenst\u00e4nden kombiniert werden, um eine Vielzahl von exquisitem Schmuck zu kreieren.","og_url":"https:\/\/www.artestar.eu\/de\/gro\u00dfhandel\/flach-offene-stahl-nadel-ohrringe\/","og_site_name":"Artestar","article_publisher":"https:\/\/www.facebook.com\/ARTESTAREU","article_modified_time":"2023-10-20T05:18:06+00:00","og_image":[{"width":600,"height":600,"url":"https:\/\/www.artestar.eu\/wp-content\/uploads\/2023\/06\/stainless-steel-open-eye-pins-silver-para-creaciones-de-joyeria-DIY.jpg","type":"image\/jpeg"}],"twitter_card":"summary_large_image","twitter_misc":{"Availability":"Auf Lager"},"schema":{"@context":"https:\/\/schema.org","@graph":[{"@type":"WebPage","@id":"https:\/\/www.artestar.eu\/de\/gro\u00dfhandel\/flach-offene-stahl-nadel-ohrringe\/","url":"https:\/\/www.artestar.eu\/de\/gro\u00dfhandel\/flach-offene-stahl-nadel-ohrringe\/","name":"Flache offene Stahl-Nadelohrringe- Artestar","isPartOf":{"@id":"https:\/\/www.artestar.eu\/de\/#website"},"datePublished":"2023-06-07T05:05:24+00:00","dateModified":"2023-10-20T05:18:06+00:00","description":"Anstecknadeln aus Stahl mit offenen Augen k\u00f6nnen mit Edelsteinen, Perlen und anderen Gegenst\u00e4nden kombiniert werden, um eine Vielzahl von exquisitem Schmuck zu kreieren.","breadcrumb":{"@id":"https:\/\/www.artestar.eu\/de\/gro\u00dfhandel\/flach-offene-stahl-nadel-ohrringe\/#breadcrumb"},"inLanguage":"de-DE","potentialAction":[{"@type":"ReadAction","target":["https:\/\/www.artestar.eu\/de\/gro\u00dfhandel\/flach-offene-stahl-nadel-ohrringe\/"]}]},{"@type":"BreadcrumbList","@id":"https:\/\/www.artestar.eu\/de\/gro\u00dfhandel\/flach-offene-stahl-nadel-ohrringe\/#breadcrumb","itemListElement":[{"@type":"ListItem","position":1,"name":"Artestar","item":"https:\/\/www.artestar.eu\/de\/"},{"@type":"ListItem","position":2,"name":"Gro\u00dfhandel","item":"https:\/\/www.artestar.eu\/de\/grosshandel\/"},{"@type":"ListItem","position":3,"name":"Flache, offene Ohrstecker aus Stahl"}]},{"@type":"WebSite","@id":"https:\/\/www.artestar.eu\/de\/#website","url":"https:\/\/www.artestar.eu\/de\/","name":"Artestar","description":"Mayorista en abalorios y joyer\u00eda","publisher":{"@id":"https:\/\/www.artestar.eu\/de\/#organization"},"alternateName":"Artestar-EU","potentialAction":[{"@type":"SearchAction","target":{"@type":"EntryPoint","urlTemplate":"https:\/\/www.artestar.eu\/de\/?s={search_term_string}"},"query-input":"required name=search_term_string"}],"inLanguage":"de-DE"},{"@type":["Organization","Place"],"@id":"https:\/\/www.artestar.eu\/de\/#organization","name":"RUBY ABALORIO S.L.","alternateName":"Artestar","url":"https:\/\/www.artestar.eu\/de\/","logo":{"@id":"https:\/\/www.artestar.eu\/de\/gro\u00dfhandel\/flach-offene-stahl-nadel-ohrringe\/#local-main-organization-logo"},"image":{"@id":"https:\/\/www.artestar.eu\/de\/gro\u00dfhandel\/flach-offene-stahl-nadel-ohrringe\/#local-main-organization-logo"},"sameAs":["https:\/\/www.facebook.com\/ARTESTAREU","https:\/\/www.instagram.com\/artestareu\/","https:\/\/www.pinterest.es\/artestar_eu\/","https:\/\/www.tiktok.com\/@artestar_wholesale"],"openingHoursSpecification":[{"@type":"OpeningHoursSpecification","dayOfWeek":["Monday","Tuesday","Wednesday","Thursday","Friday","Saturday","Sunday"],"opens":"09:00","closes":"17:00"}]},{"@type":"ImageObject","inLanguage":"de-DE","@id":"https:\/\/www.artestar.eu\/de\/gro\u00dfhandel\/flach-offene-stahl-nadel-ohrringe\/#local-main-organization-logo","url":"https:\/\/www.artestar.eu\/wp-content\/uploads\/2023\/05\/cropped-png.png","contentUrl":"https:\/\/www.artestar.eu\/wp-content\/uploads\/2023\/05\/cropped-png.png","width":512,"height":512,"caption":"RUBY ABALORIO S.L."}]},"og_availability":"instock","product_availability":"instock","product_retailer_item_id":"BXG0085-0087","product_condition":"new"},"tiered_pricing_type":"fixed","tiered_pricing_fixed_rules":[],"tiered_pricing_percentage_rules":[],"tiered_pricing_minimum":null,"_administrator_tiered_pricing_type":"fixed","_administrator_tiered_pricing_fixed_rules":[],"_editor_tiered_pricing_type":"fixed","_editor_tiered_pricing_fixed_rules":[],"_author_tiered_pricing_type":"fixed","_author_tiered_pricing_fixed_rules":[],"_contributor_tiered_pricing_type":"fixed","_contributor_tiered_pricing_fixed_rules":[],"_subscriber_tiered_pricing_type":"fixed","_subscriber_tiered_pricing_fixed_rules":[],"_wpseo_manager_tiered_pricing_type":"fixed","_wpseo_manager_tiered_pricing_fixed_rules":[],"_wpseo_editor_tiered_pricing_type":"fixed","_wpseo_editor_tiered_pricing_fixed_rules":[],"_customer_tiered_pricing_type":"fixed","_customer_tiered_pricing_fixed_rules":[],"_shop_manager_tiered_pricing_type":"fixed","_shop_manager_tiered_pricing_fixed_rules":[],"_product_manager_tiered_pricing_type":"fixed","_product_manager_tiered_pricing_fixed_rules":[],"_links":{"self":[{"href":"https:\/\/www.artestar.eu\/de\/wp-json\/wp\/v2\/product\/31038"}],"collection":[{"href":"https:\/\/www.artestar.eu\/de\/wp-json\/wp\/v2\/product"}],"about":[{"href":"https:\/\/www.artestar.eu\/de\/wp-json\/wp\/v2\/types\/product"}],"replies":[{"embeddable":true,"href":"https:\/\/www.artestar.eu\/de\/wp-json\/wp\/v2\/comments?post=31038"}],"version-history":[{"count":2,"href":"https:\/\/www.artestar.eu\/de\/wp-json\/wp\/v2\/product\/31038\/revisions"}],"predecessor-version":[{"id":37026,"href":"https:\/\/www.artestar.eu\/de\/wp-json\/wp\/v2\/product\/31038\/revisions\/37026"}],"wp:featuredmedia":[{"embeddable":true,"href":"https:\/\/www.artestar.eu\/de\/wp-json\/wp\/v2\/media\/13629"}],"wp:attachment":[{"href":"https:\/\/www.artestar.eu\/de\/wp-json\/wp\/v2\/media?parent=31038"}],"wp:term":[{"taxonomy":"product_cat","embeddable":true,"href":"https:\/\/www.artestar.eu\/de\/wp-json\/wp\/v2\/product_cat?post=31038"},{"taxonomy":"product_tag","embeddable":true,"href":"https:\/\/www.artestar.eu\/de\/wp-json\/wp\/v2\/product_tag?post=31038"}],"curies":[{"name":"wp","href":"https:\/\/api.w.org\/{rel}","templated":true}]}}