{"id":31160,"date":"2023-06-07T02:28:30","date_gmt":"2023-06-07T02:28:30","guid":{"rendered":"https:\/\/www.artestar.eu\/al-por-mayor\/puntas-de-cuentas-color-dorado-65-unids\/"},"modified":"2023-10-20T05:49:04","modified_gmt":"2023-10-20T05:49:04","slug":"goldfarbene-perlenspitzen","status":"publish","type":"product","link":"https:\/\/www.artestar.eu\/de\/gro\u00dfhandel\/goldfarbene-perlenspitzen\/","title":{"rendered":"Goldfarbene Perlenspitzen 65 Stk."},"content":{"rendered":"<p>Goldfarbene Perlenspitzen: 65 St\u00fcck<\/p>\n<ul>\n<li>Die Perlenspitze besteht aus hochwertigem Edelstahl. Im Vergleich zu anderen Metalllegierungen bietet es eine gute Stabilit\u00e4t und Korrosionsbest\u00e4ndigkeit, Haltbarkeit und Langlebigkeit. Und aufgrund der geringen Wartungskosten eignet es sich ideal f\u00fcr viele Schmuckdesigns.<\/li>\n<li>Die goldene Farbe der goldenen Muschelknotenbez\u00fcge ist klassisch und l\u00e4sst sich leicht kombinieren. Es wird h\u00e4ufig in Verbindung mit Perlendraht verwendet, um den Anfang und das Ende des Strangs durch Crimpen der Perlen zu sichern. Se pueden llevar con la mayor\u00eda de atuendos y ocasiones diferentes para a\u00f1adir un llamativo toque de moda a sus proyectos.<\/li>\n<li>Die Faltperlenspitzen sind exquisit gefertigt und rosten oder tr\u00fcben nicht. Sie sind poliert, um ihre Farbe f\u00fcr lange Zeit zu behalten, und die Oberfl\u00e4che f\u00fchlt sich glatt an, was Ihnen ein angenehmes Nutzungserlebnis bietet.<\/li>\n<li>Einfach und leicht zu bedienen. Sie k\u00f6nnen eine Perle mit Knotenspitze nehmen und sie auf das Ende einer geknoteten Seidenschnur f\u00e4deln, um den Knoten am Ende zu verbergen und eine Schlaufe zum Sichern des Verschlusses bereitzustellen. Ein unverzichtbares Accessoire f\u00fcr die Schmuckherstellung.<\/li>\n<li>Diese Edelstahlaccessoires werden h\u00e4ufig am Ende einer Perlenschnur als Endst\u00fcck verwendet und sind eine gro\u00dfe Hilfe bei einigen Ihrer Bastelprojekte. Sie k\u00f6nnen Ihrer Kreativit\u00e4t mit allen Arten von Schmuck, wie Armb\u00e4ndern, Halsketten, Ohrringen und anderen Kunsthandwerken freien Lauf lassen. Es ist auch ideal zum Dekorieren von Taschen, H\u00e4usern, Partys usw.<\/li>\n<\/ul>\n<h3>Goldperlenspitzen<\/h3>\n<ul>\n<li><span data-slate-fragment=\"JTVCJTdCJTIydHlwZSUyMiUzQSUyMnBhcmFncmFwaCUyMiUyQyUyMmNoaWxkcmVuJTIyJTNBJTVCJTdCJTIydGV4dCUyMiUzQSUyMkxhcyUyMHB1bnRhJTIwZGUlMjBjdWVudGFzJTIwZGUlMjBhY2VybyUyMGlub3hpZGFibGUlMjBwdWVkZW4lMjBhZ3JlZ2FyJTIwYmVsbGV6YSUyMHklMjBjYXBhcyUyMGElMjBsYXMlMjBqb3lhcyUyMHklMjBhcG9ydGFyJTIwdW4lMjBlc3RpbG8lMjB5JTIwcGVyc29uYWxpZGFkJTIwJUMzJUJBbmljb3MlMjBhbCUyMGRpc2UlQzMlQjFvLiUyMFlhJTIwc2VhJTIwam95ZXIlQzMlQURhJTIwbyUyMGFydGVzYW4lQzMlQURhJTJDJTIwcHVlZGUlMjBhZ3JlZ2FybGUlMjB1biUyMGVuY2FudG8lMjAlQzMlQkFuaWNvJTIweSUyMGF0cmFlcmxvLiUyMiU3RCU1RCU3RCU1RA==\">Perlenspitzen aus Edelstahl k\u00f6nnen Schmuckst\u00fccken Sch\u00f6nheit und Schichtung verleihen und dem Design einen einzigartigen Stil und Pers\u00f6nlichkeit verleihen. Ob Schmuck oder Kunsthandwerk, es kann Ihnen einzigartigen Charme verleihen und Sie anziehen.<\/span><\/li>\n<\/ul>\n","protected":false},"excerpt":{"rendered":"<ul>\n<li>Edelstahlmaterial<\/li>\n<li>Siehe Produktbild f\u00fcr detaillierte Gr\u00f6\u00dfe und Menge.<\/li>\n<li>Wird f\u00fcr Schmuck, Armb\u00e4nder, Halsketten, Ohrringe und andere Accessoires verwendet, um pers\u00f6nlichen Stil und Geschmack zu zeigen.<\/li>\n<\/ul>\n","protected":false},"featured_media":13589,"comment_status":"open","ping_status":"closed","template":"","meta":[],"product_cat":[1669,2375],"product_tag":[],"yoast_head":"<!-- This site is optimized with the Yoast SEO Premium plugin v20.5 (Yoast SEO v21.5) - https:\/\/yoast.com\/wordpress\/plugins\/seo\/ -->\n<title>Goldfarbene Perlenspitzen - Artestar<\/title>\n<meta name=\"description\" content=\"Goldfarbene Perlenspitzen werden h\u00e4ufig bei der Herstellung von Schmuck, Kunsthandwerk, Dekorationen, Perlen, Ketten usw. verwendet.\" \/>\n<meta name=\"robots\" content=\"index, follow, max-snippet:-1, max-image-preview:large, max-video-preview:-1\" \/>\n<link rel=\"canonical\" href=\"https:\/\/www.artestar.eu\/de\/gro\u00dfhandel\/goldfarbene-perlenspitzen\/\" \/>\n<meta property=\"og:locale\" content=\"de_DE\" \/>\n<meta property=\"og:type\" content=\"article\" \/>\n<meta property=\"og:title\" content=\"Goldfarbene Perlenspitzen 65 Stk.\" \/>\n<meta property=\"og:description\" content=\"Goldfarbene Perlenspitzen werden h\u00e4ufig bei der Herstellung von Schmuck, Kunsthandwerk, Dekorationen, Perlen, Ketten usw. verwendet.\" \/>\n<meta property=\"og:url\" content=\"https:\/\/www.artestar.eu\/de\/gro\u00dfhandel\/goldfarbene-perlenspitzen\/\" \/>\n<meta property=\"og:site_name\" content=\"Artestar\" \/>\n<meta property=\"article:publisher\" content=\"https:\/\/www.facebook.com\/ARTESTAREU\" \/>\n<meta property=\"article:modified_time\" content=\"2023-10-20T05:49:04+00:00\" \/>\n<meta property=\"og:image\" content=\"https:\/\/www.artestar.eu\/wp-content\/uploads\/2023\/06\/stainless-steel-bead-tips-shell-knot-cover-DIY-jewelry-accessories-gold.jpg\" \/>\n\t<meta property=\"og:image:width\" content=\"600\" \/>\n\t<meta property=\"og:image:height\" content=\"600\" \/>\n\t<meta property=\"og:image:type\" content=\"image\/jpeg\" \/>\n<meta name=\"twitter:card\" content=\"summary_large_image\" \/>\n<meta name=\"twitter:label1\" content=\"Preis\" \/>\n\t<meta name=\"twitter:data1\" content=\"1,20&nbsp;&euro; (Ohne MwSt)\" \/>\n\t<meta name=\"twitter:label2\" content=\"Availability\" \/>\n\t<meta name=\"twitter:data2\" content=\"Auf Lager\" \/>\n<script type=\"application\/ld+json\" class=\"yoast-schema-graph\">{\"@context\":\"https:\/\/schema.org\",\"@graph\":[{\"@type\":\"WebPage\",\"@id\":\"https:\/\/www.artestar.eu\/de\/gro\u00dfhandel\/goldfarbene-perlenspitzen\/\",\"url\":\"https:\/\/www.artestar.eu\/de\/gro\u00dfhandel\/goldfarbene-perlenspitzen\/\",\"name\":\"Goldfarbene Perlenspitzen - Artestar\",\"isPartOf\":{\"@id\":\"https:\/\/www.artestar.eu\/de\/#website\"},\"datePublished\":\"2023-06-07T02:28:30+00:00\",\"dateModified\":\"2023-10-20T05:49:04+00:00\",\"description\":\"Goldfarbene Perlenspitzen werden h\u00e4ufig bei der Herstellung von Schmuck, Kunsthandwerk, Dekorationen, Perlen, Ketten usw. verwendet.\",\"breadcrumb\":{\"@id\":\"https:\/\/www.artestar.eu\/de\/gro\u00dfhandel\/goldfarbene-perlenspitzen\/#breadcrumb\"},\"inLanguage\":\"de-DE\",\"potentialAction\":[{\"@type\":\"ReadAction\",\"target\":[\"https:\/\/www.artestar.eu\/de\/gro\u00dfhandel\/goldfarbene-perlenspitzen\/\"]}]},{\"@type\":\"BreadcrumbList\",\"@id\":\"https:\/\/www.artestar.eu\/de\/gro\u00dfhandel\/goldfarbene-perlenspitzen\/#breadcrumb\",\"itemListElement\":[{\"@type\":\"ListItem\",\"position\":1,\"name\":\"Artestar\",\"item\":\"https:\/\/www.artestar.eu\/de\/\"},{\"@type\":\"ListItem\",\"position\":2,\"name\":\"Gro\u00dfhandel\",\"item\":\"https:\/\/www.artestar.eu\/de\/grosshandel\/\"},{\"@type\":\"ListItem\",\"position\":3,\"name\":\"Goldfarbene Perlenspitzen 65 Stk.\"}]},{\"@type\":\"WebSite\",\"@id\":\"https:\/\/www.artestar.eu\/de\/#website\",\"url\":\"https:\/\/www.artestar.eu\/de\/\",\"name\":\"Artestar\",\"description\":\"Mayorista en abalorios y joyer\u00eda\",\"publisher\":{\"@id\":\"https:\/\/www.artestar.eu\/de\/#organization\"},\"alternateName\":\"Artestar-EU\",\"potentialAction\":[{\"@type\":\"SearchAction\",\"target\":{\"@type\":\"EntryPoint\",\"urlTemplate\":\"https:\/\/www.artestar.eu\/de\/?s={search_term_string}\"},\"query-input\":\"required name=search_term_string\"}],\"inLanguage\":\"de-DE\"},{\"@type\":[\"Organization\",\"Place\"],\"@id\":\"https:\/\/www.artestar.eu\/de\/#organization\",\"name\":\"RUBY ABALORIO S.L.\",\"alternateName\":\"Artestar\",\"url\":\"https:\/\/www.artestar.eu\/de\/\",\"logo\":{\"@id\":\"https:\/\/www.artestar.eu\/de\/gro\u00dfhandel\/goldfarbene-perlenspitzen\/#local-main-organization-logo\"},\"image\":{\"@id\":\"https:\/\/www.artestar.eu\/de\/gro\u00dfhandel\/goldfarbene-perlenspitzen\/#local-main-organization-logo\"},\"sameAs\":[\"https:\/\/www.facebook.com\/ARTESTAREU\",\"https:\/\/www.instagram.com\/artestareu\/\",\"https:\/\/www.pinterest.es\/artestar_eu\/\",\"https:\/\/www.tiktok.com\/@artestar_wholesale\"],\"openingHoursSpecification\":[{\"@type\":\"OpeningHoursSpecification\",\"dayOfWeek\":[\"Monday\",\"Tuesday\",\"Wednesday\",\"Thursday\",\"Friday\",\"Saturday\",\"Sunday\"],\"opens\":\"09:00\",\"closes\":\"17:00\"}]},{\"@type\":\"ImageObject\",\"inLanguage\":\"de-DE\",\"@id\":\"https:\/\/www.artestar.eu\/de\/gro\u00dfhandel\/goldfarbene-perlenspitzen\/#local-main-organization-logo\",\"url\":\"https:\/\/www.artestar.eu\/wp-content\/uploads\/2023\/05\/cropped-png.png\",\"contentUrl\":\"https:\/\/www.artestar.eu\/wp-content\/uploads\/2023\/05\/cropped-png.png\",\"width\":512,\"height\":512,\"caption\":\"RUBY ABALORIO S.L.\"}]}<\/script>\n<meta property=\"product:price:amount\" content=\"1.20\" \/>\n<meta property=\"product:price:currency\" content=\"EUR\" \/>\n<meta property=\"og:availability\" content=\"instock\" \/>\n<meta property=\"product:availability\" content=\"instock\" \/>\n<meta property=\"product:retailer_item_id\" content=\"BXG-0075\" \/>\n<meta property=\"product:condition\" content=\"new\" \/>\n<!-- \/ Yoast SEO Premium plugin. -->","yoast_head_json":{"title":"Goldfarbene Perlenspitzen - Artestar","description":"Goldfarbene Perlenspitzen werden h\u00e4ufig bei der Herstellung von Schmuck, Kunsthandwerk, Dekorationen, Perlen, Ketten usw. verwendet.","robots":{"index":"index","follow":"follow","max-snippet":"max-snippet:-1","max-image-preview":"max-image-preview:large","max-video-preview":"max-video-preview:-1"},"canonical":"https:\/\/www.artestar.eu\/de\/gro\u00dfhandel\/goldfarbene-perlenspitzen\/","og_locale":"de_DE","og_type":"article","og_title":"Goldfarbene Perlenspitzen 65 Stk.","og_description":"Goldfarbene Perlenspitzen werden h\u00e4ufig bei der Herstellung von Schmuck, Kunsthandwerk, Dekorationen, Perlen, Ketten usw. verwendet.","og_url":"https:\/\/www.artestar.eu\/de\/gro\u00dfhandel\/goldfarbene-perlenspitzen\/","og_site_name":"Artestar","article_publisher":"https:\/\/www.facebook.com\/ARTESTAREU","article_modified_time":"2023-10-20T05:49:04+00:00","og_image":[{"width":600,"height":600,"url":"https:\/\/www.artestar.eu\/wp-content\/uploads\/2023\/06\/stainless-steel-bead-tips-shell-knot-cover-DIY-jewelry-accessories-gold.jpg","type":"image\/jpeg"}],"twitter_card":"summary_large_image","twitter_misc":{"Preis":"1,20&nbsp;&euro; (Ohne MwSt)","Availability":"Auf Lager"},"schema":{"@context":"https:\/\/schema.org","@graph":[{"@type":"WebPage","@id":"https:\/\/www.artestar.eu\/de\/gro\u00dfhandel\/goldfarbene-perlenspitzen\/","url":"https:\/\/www.artestar.eu\/de\/gro\u00dfhandel\/goldfarbene-perlenspitzen\/","name":"Goldfarbene Perlenspitzen - Artestar","isPartOf":{"@id":"https:\/\/www.artestar.eu\/de\/#website"},"datePublished":"2023-06-07T02:28:30+00:00","dateModified":"2023-10-20T05:49:04+00:00","description":"Goldfarbene Perlenspitzen werden h\u00e4ufig bei der Herstellung von Schmuck, Kunsthandwerk, Dekorationen, Perlen, Ketten usw. verwendet.","breadcrumb":{"@id":"https:\/\/www.artestar.eu\/de\/gro\u00dfhandel\/goldfarbene-perlenspitzen\/#breadcrumb"},"inLanguage":"de-DE","potentialAction":[{"@type":"ReadAction","target":["https:\/\/www.artestar.eu\/de\/gro\u00dfhandel\/goldfarbene-perlenspitzen\/"]}]},{"@type":"BreadcrumbList","@id":"https:\/\/www.artestar.eu\/de\/gro\u00dfhandel\/goldfarbene-perlenspitzen\/#breadcrumb","itemListElement":[{"@type":"ListItem","position":1,"name":"Artestar","item":"https:\/\/www.artestar.eu\/de\/"},{"@type":"ListItem","position":2,"name":"Gro\u00dfhandel","item":"https:\/\/www.artestar.eu\/de\/grosshandel\/"},{"@type":"ListItem","position":3,"name":"Goldfarbene Perlenspitzen 65 Stk."}]},{"@type":"WebSite","@id":"https:\/\/www.artestar.eu\/de\/#website","url":"https:\/\/www.artestar.eu\/de\/","name":"Artestar","description":"Mayorista en abalorios y joyer\u00eda","publisher":{"@id":"https:\/\/www.artestar.eu\/de\/#organization"},"alternateName":"Artestar-EU","potentialAction":[{"@type":"SearchAction","target":{"@type":"EntryPoint","urlTemplate":"https:\/\/www.artestar.eu\/de\/?s={search_term_string}"},"query-input":"required name=search_term_string"}],"inLanguage":"de-DE"},{"@type":["Organization","Place"],"@id":"https:\/\/www.artestar.eu\/de\/#organization","name":"RUBY ABALORIO S.L.","alternateName":"Artestar","url":"https:\/\/www.artestar.eu\/de\/","logo":{"@id":"https:\/\/www.artestar.eu\/de\/gro\u00dfhandel\/goldfarbene-perlenspitzen\/#local-main-organization-logo"},"image":{"@id":"https:\/\/www.artestar.eu\/de\/gro\u00dfhandel\/goldfarbene-perlenspitzen\/#local-main-organization-logo"},"sameAs":["https:\/\/www.facebook.com\/ARTESTAREU","https:\/\/www.instagram.com\/artestareu\/","https:\/\/www.pinterest.es\/artestar_eu\/","https:\/\/www.tiktok.com\/@artestar_wholesale"],"openingHoursSpecification":[{"@type":"OpeningHoursSpecification","dayOfWeek":["Monday","Tuesday","Wednesday","Thursday","Friday","Saturday","Sunday"],"opens":"09:00","closes":"17:00"}]},{"@type":"ImageObject","inLanguage":"de-DE","@id":"https:\/\/www.artestar.eu\/de\/gro\u00dfhandel\/goldfarbene-perlenspitzen\/#local-main-organization-logo","url":"https:\/\/www.artestar.eu\/wp-content\/uploads\/2023\/05\/cropped-png.png","contentUrl":"https:\/\/www.artestar.eu\/wp-content\/uploads\/2023\/05\/cropped-png.png","width":512,"height":512,"caption":"RUBY ABALORIO S.L."}]},"product_price_amount":"1.20","product_price_currency":"EUR","og_availability":"instock","product_availability":"instock","product_retailer_item_id":"BXG-0075","product_condition":"new"},"tiered_pricing_type":"percentage","tiered_pricing_fixed_rules":{"5":"10"},"tiered_pricing_percentage_rules":[],"tiered_pricing_minimum":null,"_administrator_tiered_pricing_type":"fixed","_administrator_tiered_pricing_fixed_rules":[],"_editor_tiered_pricing_type":"fixed","_editor_tiered_pricing_fixed_rules":[],"_author_tiered_pricing_type":"fixed","_author_tiered_pricing_fixed_rules":[],"_contributor_tiered_pricing_type":"fixed","_contributor_tiered_pricing_fixed_rules":[],"_subscriber_tiered_pricing_type":"fixed","_subscriber_tiered_pricing_fixed_rules":[],"_wpseo_manager_tiered_pricing_type":"fixed","_wpseo_manager_tiered_pricing_fixed_rules":[],"_wpseo_editor_tiered_pricing_type":"fixed","_wpseo_editor_tiered_pricing_fixed_rules":[],"_customer_tiered_pricing_type":"fixed","_customer_tiered_pricing_fixed_rules":[],"_shop_manager_tiered_pricing_type":"fixed","_shop_manager_tiered_pricing_fixed_rules":[],"_product_manager_tiered_pricing_type":"fixed","_product_manager_tiered_pricing_fixed_rules":[],"_links":{"self":[{"href":"https:\/\/www.artestar.eu\/de\/wp-json\/wp\/v2\/product\/31160"}],"collection":[{"href":"https:\/\/www.artestar.eu\/de\/wp-json\/wp\/v2\/product"}],"about":[{"href":"https:\/\/www.artestar.eu\/de\/wp-json\/wp\/v2\/types\/product"}],"replies":[{"embeddable":true,"href":"https:\/\/www.artestar.eu\/de\/wp-json\/wp\/v2\/comments?post=31160"}],"version-history":[{"count":2,"href":"https:\/\/www.artestar.eu\/de\/wp-json\/wp\/v2\/product\/31160\/revisions"}],"predecessor-version":[{"id":37033,"href":"https:\/\/www.artestar.eu\/de\/wp-json\/wp\/v2\/product\/31160\/revisions\/37033"}],"wp:featuredmedia":[{"embeddable":true,"href":"https:\/\/www.artestar.eu\/de\/wp-json\/wp\/v2\/media\/13589"}],"wp:attachment":[{"href":"https:\/\/www.artestar.eu\/de\/wp-json\/wp\/v2\/media?parent=31160"}],"wp:term":[{"taxonomy":"product_cat","embeddable":true,"href":"https:\/\/www.artestar.eu\/de\/wp-json\/wp\/v2\/product_cat?post=31160"},{"taxonomy":"product_tag","embeddable":true,"href":"https:\/\/www.artestar.eu\/de\/wp-json\/wp\/v2\/product_tag?post=31160"}],"curies":[{"name":"wp","href":"https:\/\/api.w.org\/{rel}","templated":true}]}}