{"id":31161,"date":"2023-06-06T09:11:30","date_gmt":"2023-06-06T09:11:30","guid":{"rendered":"https:\/\/www.artestar.eu\/al-por-mayor\/tope-de-mariposa-para-arete-de-acero-1000-unids\/"},"modified":"2023-10-21T02:22:12","modified_gmt":"2023-10-21T02:22:12","slug":"schmetterlingsverschluss-fur-stahlohrringe","status":"publish","type":"product","link":"https:\/\/www.artestar.eu\/de\/gro\u00dfhandel\/schmetterlingsverschluss-fur-stahlohrringe\/","title":{"rendered":"Schmetterlings-Ohrringverschl\u00fcsse aus Stahl 1000 St\u00fcck."},"content":{"rendered":"<p>Schmetterlings-Ohrringverschl\u00fcsse aus Stahl: 1000 St\u00fcck<\/p>\n<ul>\n<li>Die Schmetterlings-Ohrringverschl\u00fcsse bestehen aus medizinischem Edelstahl und sind hypoallergen. Robust und langlebig, nicht leicht zu rosten, auch nicht leicht zu verformen und zu verblassen.<\/li>\n<li>Die Ohrringverschl\u00fcsse haben eine Universalgr\u00f6\u00dfe und die L\u00f6cher sind flexibel und m\u00e4\u00dfig dehnbar, sodass sie f\u00fcr die meisten Ohrringe oder Ohrstecker passen.<\/li>\n<li>Die Edelstahl-Ohrstecker haben eine polierte und polierte Oberfl\u00e4che, f\u00fchlen sich glatt an und sind angenehm zu tragen.<\/li>\n<li>Die R\u00fcckseite der Ohrringe ist mit dem klassischen Schmetterlingsdesign versehen. Es ist auf beiden Seiten erh\u00f6ht und in der Mitte konkav, um ein Herunterfallen der Ohrringe zu verhindern.<\/li>\n<li>Die Ohrringmuttern sind klein und leicht und halten gut an Ihren Ohrringen oder Ohrsteckern. Dadurch wird die Sch\u00e4digung Ihrer Ohren reduziert und Sie k\u00f6nnen die Ohren bequemer tragen und an Ort und Stelle halten, ohne sie zu verlieren.<\/li>\n<li>Diese Ohrst\u00f6psel mit Schmetterlingsr\u00fccken sind eine tolle Erg\u00e4nzung Ihrer Sammlung, um neuen Schmuck herzustellen und alte oder verlorene Ohrringe zu ersetzen.<\/li>\n<li>Nehmen Sie Ihre kreativen Ideen auf und beteiligen Sie sich an der Gestaltung dieser Ohrringe, um bequemen Ohrring-Schmuck zu kreieren, der sich perfekt f\u00fcr Ihr t\u00e4gliches Tragen unterwegs eignet.<\/li>\n<\/ul>\n<h3>Schmetterlings-Ohrringverschl\u00fcsse aus Stahl<\/h3>\n<ul>\n<li>Sie k\u00f6nnen diese N\u00fcsse verwenden, um einige sch\u00f6ne und bedeutungsvolle Ohrringe f\u00fcr Ihre Familie und Freunde herzustellen, und sie werden mit Ihrem Geschenk sehr zufrieden sein.<\/li>\n<li>Hinweis: Bilder k\u00f6nnen f\u00fcr mehr Details vergr\u00f6\u00dfert werden und auf dem Bildschirm m\u00f6glicherweise gr\u00f6\u00dfer erscheinen. Aufgrund der unterschiedlichen Farbeinstellungen der einzelnen Monitore k\u00f6nnen die Farben leicht variieren.<\/li>\n<\/ul>\n","protected":false},"excerpt":{"rendered":"<ul>\n<li>Edelstahlmaterial<\/li>\n<li>Siehe Produktbild f\u00fcr detaillierte Gr\u00f6\u00dfe und Menge.<\/li>\n<li>Ohrringverschl\u00fcsse f\u00fcr alle Arten von Ohrringen, einschlie\u00dflich Ohrstecker, Kettenohrringe, Ohrh\u00e4nger usw.<\/li>\n<\/ul>\n","protected":false},"featured_media":13574,"comment_status":"open","ping_status":"closed","template":"","meta":[],"product_cat":[1670,1669],"product_tag":[],"yoast_head":"<!-- This site is optimized with the Yoast SEO Premium plugin v20.5 (Yoast SEO v21.5) - https:\/\/yoast.com\/wordpress\/plugins\/seo\/ -->\n<title>Schmetterlingsverschluss f\u00fcr Stahlohrringe - Artestar<\/title>\n<meta name=\"description\" content=\"Schmetterlingsr\u00fccken f\u00fcr Stahlohrringe. Universelle Gr\u00f6\u00dfen, f\u00fcr die Schmuckherstellung, Schmuckherstellung. Benutzerfreundlichkeit, Sicherheit und \u00c4sthetik\" \/>\n<meta name=\"robots\" content=\"index, follow, max-snippet:-1, max-image-preview:large, max-video-preview:-1\" \/>\n<link rel=\"canonical\" href=\"https:\/\/www.artestar.eu\/de\/gro\u00dfhandel\/schmetterlingsverschluss-fur-stahlohrringe\/\" \/>\n<meta property=\"og:locale\" content=\"de_DE\" \/>\n<meta property=\"og:type\" content=\"article\" \/>\n<meta property=\"og:title\" content=\"Schmetterlings-Ohrringverschl\u00fcsse aus Stahl 1000 St\u00fcck.\" \/>\n<meta property=\"og:description\" content=\"Schmetterlingsr\u00fccken f\u00fcr Stahlohrringe. Universelle Gr\u00f6\u00dfen, f\u00fcr die Schmuckherstellung, Schmuckherstellung. Benutzerfreundlichkeit, Sicherheit und \u00c4sthetik\" \/>\n<meta property=\"og:url\" content=\"https:\/\/www.artestar.eu\/de\/gro\u00dfhandel\/schmetterlingsverschluss-fur-stahlohrringe\/\" \/>\n<meta property=\"og:site_name\" content=\"Artestar\" \/>\n<meta property=\"article:publisher\" content=\"https:\/\/www.facebook.com\/ARTESTAREU\" \/>\n<meta property=\"article:modified_time\" content=\"2023-10-21T02:22:12+00:00\" \/>\n<meta property=\"og:image\" content=\"https:\/\/www.artestar.eu\/wp-content\/uploads\/2023\/06\/stainless-steel-earring-accessories-silver-butterfly-earring-back-butterfly-ear-plugs.jpg\" \/>\n\t<meta property=\"og:image:width\" content=\"600\" \/>\n\t<meta property=\"og:image:height\" content=\"600\" \/>\n\t<meta property=\"og:image:type\" content=\"image\/jpeg\" \/>\n<meta name=\"twitter:card\" content=\"summary_large_image\" \/>\n<meta name=\"twitter:label1\" content=\"Preis\" \/>\n\t<meta name=\"twitter:data1\" content=\"1,17&nbsp;&euro; (Ohne MwSt)\" \/>\n\t<meta name=\"twitter:label2\" content=\"Availability\" \/>\n\t<meta name=\"twitter:data2\" content=\"Auf Lager\" \/>\n<script type=\"application\/ld+json\" class=\"yoast-schema-graph\">{\"@context\":\"https:\/\/schema.org\",\"@graph\":[{\"@type\":\"WebPage\",\"@id\":\"https:\/\/www.artestar.eu\/de\/gro\u00dfhandel\/schmetterlingsverschluss-fur-stahlohrringe\/\",\"url\":\"https:\/\/www.artestar.eu\/de\/gro\u00dfhandel\/schmetterlingsverschluss-fur-stahlohrringe\/\",\"name\":\"Schmetterlingsverschluss f\u00fcr Stahlohrringe - Artestar\",\"isPartOf\":{\"@id\":\"https:\/\/www.artestar.eu\/de\/#website\"},\"datePublished\":\"2023-06-06T09:11:30+00:00\",\"dateModified\":\"2023-10-21T02:22:12+00:00\",\"description\":\"Schmetterlingsr\u00fccken f\u00fcr Stahlohrringe. Universelle Gr\u00f6\u00dfen, f\u00fcr die Schmuckherstellung, Schmuckherstellung. Benutzerfreundlichkeit, Sicherheit und \u00c4sthetik\",\"breadcrumb\":{\"@id\":\"https:\/\/www.artestar.eu\/de\/gro\u00dfhandel\/schmetterlingsverschluss-fur-stahlohrringe\/#breadcrumb\"},\"inLanguage\":\"de-DE\",\"potentialAction\":[{\"@type\":\"ReadAction\",\"target\":[\"https:\/\/www.artestar.eu\/de\/gro\u00dfhandel\/schmetterlingsverschluss-fur-stahlohrringe\/\"]}]},{\"@type\":\"BreadcrumbList\",\"@id\":\"https:\/\/www.artestar.eu\/de\/gro\u00dfhandel\/schmetterlingsverschluss-fur-stahlohrringe\/#breadcrumb\",\"itemListElement\":[{\"@type\":\"ListItem\",\"position\":1,\"name\":\"Artestar\",\"item\":\"https:\/\/www.artestar.eu\/de\/\"},{\"@type\":\"ListItem\",\"position\":2,\"name\":\"Gro\u00dfhandel\",\"item\":\"https:\/\/www.artestar.eu\/de\/grosshandel\/\"},{\"@type\":\"ListItem\",\"position\":3,\"name\":\"Schmetterlings-Ohrringverschl\u00fcsse aus Stahl 1000 St\u00fcck.\"}]},{\"@type\":\"WebSite\",\"@id\":\"https:\/\/www.artestar.eu\/de\/#website\",\"url\":\"https:\/\/www.artestar.eu\/de\/\",\"name\":\"Artestar\",\"description\":\"Mayorista en abalorios y joyer\u00eda\",\"publisher\":{\"@id\":\"https:\/\/www.artestar.eu\/de\/#organization\"},\"alternateName\":\"Artestar-EU\",\"potentialAction\":[{\"@type\":\"SearchAction\",\"target\":{\"@type\":\"EntryPoint\",\"urlTemplate\":\"https:\/\/www.artestar.eu\/de\/?s={search_term_string}\"},\"query-input\":\"required name=search_term_string\"}],\"inLanguage\":\"de-DE\"},{\"@type\":[\"Organization\",\"Place\"],\"@id\":\"https:\/\/www.artestar.eu\/de\/#organization\",\"name\":\"RUBY ABALORIO S.L.\",\"alternateName\":\"Artestar\",\"url\":\"https:\/\/www.artestar.eu\/de\/\",\"logo\":{\"@id\":\"https:\/\/www.artestar.eu\/de\/gro\u00dfhandel\/schmetterlingsverschluss-fur-stahlohrringe\/#local-main-organization-logo\"},\"image\":{\"@id\":\"https:\/\/www.artestar.eu\/de\/gro\u00dfhandel\/schmetterlingsverschluss-fur-stahlohrringe\/#local-main-organization-logo\"},\"sameAs\":[\"https:\/\/www.facebook.com\/ARTESTAREU\",\"https:\/\/www.instagram.com\/artestareu\/\",\"https:\/\/www.pinterest.es\/artestar_eu\/\",\"https:\/\/www.tiktok.com\/@artestar_wholesale\"],\"openingHoursSpecification\":[{\"@type\":\"OpeningHoursSpecification\",\"dayOfWeek\":[\"Monday\",\"Tuesday\",\"Wednesday\",\"Thursday\",\"Friday\",\"Saturday\",\"Sunday\"],\"opens\":\"09:00\",\"closes\":\"17:00\"}]},{\"@type\":\"ImageObject\",\"inLanguage\":\"de-DE\",\"@id\":\"https:\/\/www.artestar.eu\/de\/gro\u00dfhandel\/schmetterlingsverschluss-fur-stahlohrringe\/#local-main-organization-logo\",\"url\":\"https:\/\/www.artestar.eu\/wp-content\/uploads\/2023\/05\/cropped-png.png\",\"contentUrl\":\"https:\/\/www.artestar.eu\/wp-content\/uploads\/2023\/05\/cropped-png.png\",\"width\":512,\"height\":512,\"caption\":\"RUBY ABALORIO S.L.\"}]}<\/script>\n<meta property=\"product:price:amount\" content=\"1.17\" \/>\n<meta property=\"product:price:currency\" content=\"EUR\" \/>\n<meta property=\"og:availability\" content=\"instock\" \/>\n<meta property=\"product:availability\" content=\"instock\" \/>\n<meta property=\"product:retailer_item_id\" content=\"BXG-0074\" \/>\n<meta property=\"product:condition\" content=\"new\" \/>\n<!-- \/ Yoast SEO Premium plugin. -->","yoast_head_json":{"title":"Schmetterlingsverschluss f\u00fcr Stahlohrringe - Artestar","description":"Schmetterlingsr\u00fccken f\u00fcr Stahlohrringe. Universelle Gr\u00f6\u00dfen, f\u00fcr die Schmuckherstellung, Schmuckherstellung. Benutzerfreundlichkeit, Sicherheit und \u00c4sthetik","robots":{"index":"index","follow":"follow","max-snippet":"max-snippet:-1","max-image-preview":"max-image-preview:large","max-video-preview":"max-video-preview:-1"},"canonical":"https:\/\/www.artestar.eu\/de\/gro\u00dfhandel\/schmetterlingsverschluss-fur-stahlohrringe\/","og_locale":"de_DE","og_type":"article","og_title":"Schmetterlings-Ohrringverschl\u00fcsse aus Stahl 1000 St\u00fcck.","og_description":"Schmetterlingsr\u00fccken f\u00fcr Stahlohrringe. Universelle Gr\u00f6\u00dfen, f\u00fcr die Schmuckherstellung, Schmuckherstellung. Benutzerfreundlichkeit, Sicherheit und \u00c4sthetik","og_url":"https:\/\/www.artestar.eu\/de\/gro\u00dfhandel\/schmetterlingsverschluss-fur-stahlohrringe\/","og_site_name":"Artestar","article_publisher":"https:\/\/www.facebook.com\/ARTESTAREU","article_modified_time":"2023-10-21T02:22:12+00:00","og_image":[{"width":600,"height":600,"url":"https:\/\/www.artestar.eu\/wp-content\/uploads\/2023\/06\/stainless-steel-earring-accessories-silver-butterfly-earring-back-butterfly-ear-plugs.jpg","type":"image\/jpeg"}],"twitter_card":"summary_large_image","twitter_misc":{"Preis":"1,17&nbsp;&euro; (Ohne MwSt)","Availability":"Auf Lager"},"schema":{"@context":"https:\/\/schema.org","@graph":[{"@type":"WebPage","@id":"https:\/\/www.artestar.eu\/de\/gro\u00dfhandel\/schmetterlingsverschluss-fur-stahlohrringe\/","url":"https:\/\/www.artestar.eu\/de\/gro\u00dfhandel\/schmetterlingsverschluss-fur-stahlohrringe\/","name":"Schmetterlingsverschluss f\u00fcr Stahlohrringe - Artestar","isPartOf":{"@id":"https:\/\/www.artestar.eu\/de\/#website"},"datePublished":"2023-06-06T09:11:30+00:00","dateModified":"2023-10-21T02:22:12+00:00","description":"Schmetterlingsr\u00fccken f\u00fcr Stahlohrringe. Universelle Gr\u00f6\u00dfen, f\u00fcr die Schmuckherstellung, Schmuckherstellung. Benutzerfreundlichkeit, Sicherheit und \u00c4sthetik","breadcrumb":{"@id":"https:\/\/www.artestar.eu\/de\/gro\u00dfhandel\/schmetterlingsverschluss-fur-stahlohrringe\/#breadcrumb"},"inLanguage":"de-DE","potentialAction":[{"@type":"ReadAction","target":["https:\/\/www.artestar.eu\/de\/gro\u00dfhandel\/schmetterlingsverschluss-fur-stahlohrringe\/"]}]},{"@type":"BreadcrumbList","@id":"https:\/\/www.artestar.eu\/de\/gro\u00dfhandel\/schmetterlingsverschluss-fur-stahlohrringe\/#breadcrumb","itemListElement":[{"@type":"ListItem","position":1,"name":"Artestar","item":"https:\/\/www.artestar.eu\/de\/"},{"@type":"ListItem","position":2,"name":"Gro\u00dfhandel","item":"https:\/\/www.artestar.eu\/de\/grosshandel\/"},{"@type":"ListItem","position":3,"name":"Schmetterlings-Ohrringverschl\u00fcsse aus Stahl 1000 St\u00fcck."}]},{"@type":"WebSite","@id":"https:\/\/www.artestar.eu\/de\/#website","url":"https:\/\/www.artestar.eu\/de\/","name":"Artestar","description":"Mayorista en abalorios y joyer\u00eda","publisher":{"@id":"https:\/\/www.artestar.eu\/de\/#organization"},"alternateName":"Artestar-EU","potentialAction":[{"@type":"SearchAction","target":{"@type":"EntryPoint","urlTemplate":"https:\/\/www.artestar.eu\/de\/?s={search_term_string}"},"query-input":"required name=search_term_string"}],"inLanguage":"de-DE"},{"@type":["Organization","Place"],"@id":"https:\/\/www.artestar.eu\/de\/#organization","name":"RUBY ABALORIO S.L.","alternateName":"Artestar","url":"https:\/\/www.artestar.eu\/de\/","logo":{"@id":"https:\/\/www.artestar.eu\/de\/gro\u00dfhandel\/schmetterlingsverschluss-fur-stahlohrringe\/#local-main-organization-logo"},"image":{"@id":"https:\/\/www.artestar.eu\/de\/gro\u00dfhandel\/schmetterlingsverschluss-fur-stahlohrringe\/#local-main-organization-logo"},"sameAs":["https:\/\/www.facebook.com\/ARTESTAREU","https:\/\/www.instagram.com\/artestareu\/","https:\/\/www.pinterest.es\/artestar_eu\/","https:\/\/www.tiktok.com\/@artestar_wholesale"],"openingHoursSpecification":[{"@type":"OpeningHoursSpecification","dayOfWeek":["Monday","Tuesday","Wednesday","Thursday","Friday","Saturday","Sunday"],"opens":"09:00","closes":"17:00"}]},{"@type":"ImageObject","inLanguage":"de-DE","@id":"https:\/\/www.artestar.eu\/de\/gro\u00dfhandel\/schmetterlingsverschluss-fur-stahlohrringe\/#local-main-organization-logo","url":"https:\/\/www.artestar.eu\/wp-content\/uploads\/2023\/05\/cropped-png.png","contentUrl":"https:\/\/www.artestar.eu\/wp-content\/uploads\/2023\/05\/cropped-png.png","width":512,"height":512,"caption":"RUBY ABALORIO S.L."}]},"product_price_amount":"1.17","product_price_currency":"EUR","og_availability":"instock","product_availability":"instock","product_retailer_item_id":"BXG-0074","product_condition":"new"},"tiered_pricing_type":"percentage","tiered_pricing_fixed_rules":{"5":"10"},"tiered_pricing_percentage_rules":[],"tiered_pricing_minimum":null,"_administrator_tiered_pricing_type":"fixed","_administrator_tiered_pricing_fixed_rules":[],"_editor_tiered_pricing_type":"fixed","_editor_tiered_pricing_fixed_rules":[],"_author_tiered_pricing_type":"fixed","_author_tiered_pricing_fixed_rules":[],"_contributor_tiered_pricing_type":"fixed","_contributor_tiered_pricing_fixed_rules":[],"_subscriber_tiered_pricing_type":"fixed","_subscriber_tiered_pricing_fixed_rules":[],"_wpseo_manager_tiered_pricing_type":"fixed","_wpseo_manager_tiered_pricing_fixed_rules":[],"_wpseo_editor_tiered_pricing_type":"fixed","_wpseo_editor_tiered_pricing_fixed_rules":[],"_customer_tiered_pricing_type":"fixed","_customer_tiered_pricing_fixed_rules":[],"_shop_manager_tiered_pricing_type":"fixed","_shop_manager_tiered_pricing_fixed_rules":[],"_product_manager_tiered_pricing_type":"fixed","_product_manager_tiered_pricing_fixed_rules":[],"_links":{"self":[{"href":"https:\/\/www.artestar.eu\/de\/wp-json\/wp\/v2\/product\/31161"}],"collection":[{"href":"https:\/\/www.artestar.eu\/de\/wp-json\/wp\/v2\/product"}],"about":[{"href":"https:\/\/www.artestar.eu\/de\/wp-json\/wp\/v2\/types\/product"}],"replies":[{"embeddable":true,"href":"https:\/\/www.artestar.eu\/de\/wp-json\/wp\/v2\/comments?post=31161"}],"version-history":[{"count":2,"href":"https:\/\/www.artestar.eu\/de\/wp-json\/wp\/v2\/product\/31161\/revisions"}],"predecessor-version":[{"id":37044,"href":"https:\/\/www.artestar.eu\/de\/wp-json\/wp\/v2\/product\/31161\/revisions\/37044"}],"wp:featuredmedia":[{"embeddable":true,"href":"https:\/\/www.artestar.eu\/de\/wp-json\/wp\/v2\/media\/13574"}],"wp:attachment":[{"href":"https:\/\/www.artestar.eu\/de\/wp-json\/wp\/v2\/media?parent=31161"}],"wp:term":[{"taxonomy":"product_cat","embeddable":true,"href":"https:\/\/www.artestar.eu\/de\/wp-json\/wp\/v2\/product_cat?post=31161"},{"taxonomy":"product_tag","embeddable":true,"href":"https:\/\/www.artestar.eu\/de\/wp-json\/wp\/v2\/product_tag?post=31161"}],"curies":[{"name":"wp","href":"https:\/\/api.w.org\/{rel}","templated":true}]}}