{"id":31229,"date":"2023-06-06T07:38:35","date_gmt":"2023-06-06T07:38:35","guid":{"rendered":"https:\/\/www.artestar.eu\/al-por-mayor\/cierres-de-resorte-color-dorado-2-unids\/"},"modified":"2023-10-24T06:19:25","modified_gmt":"2023-10-24T06:19:25","slug":"goldfarbene-federverschluesse","status":"publish","type":"product","link":"https:\/\/www.artestar.eu\/de\/gro\u00dfhandel\/goldfarbene-federverschluesse\/","title":{"rendered":"Goldfederverschl\u00fcsse 2 Stk."},"content":{"rendered":"<p>Goldfederverschl\u00fcsse: 10 mm \u2013 12 mm \u2013 14 mm \u2013 16 mm.<\/p>\n<ul>\n<li>Dorado Resort Cierres, alle einzeln verpackt. Sie k\u00f6nnen die richtige Gr\u00f6\u00dfe w\u00e4hlen, die zu Ihrem Lieblingsschmuck passt.<\/li>\n<li>Die Federringverschl\u00fcsse sind aus hochwertigem Edelstahl gefertigt, der stark und langlebig ist. Die Oberfl\u00e4che ist glatt und abgerundet f\u00fcr einen bequemen Sitz.<\/li>\n<li>Die goldene Farbe ist gl\u00e4nzend und klassisch und elegant, sodass Sie sie selbstbewusst mit einer Vielzahl von Schmuckaccessoires tragen k\u00f6nnen.<\/li>\n<li>Der Schnappverschluss ist leicht zu greifen und l\u00e4sst sich einfach und bequem \u00f6ffnen und schlie\u00dfen. Es ist auch sicher und l\u00f6st sich nicht so leicht, so dass Sie es problemlos den ganzen Tag tragen k\u00f6nnen.<\/li>\n<li>Die beiden Schlaufen des Ringverbinderanh\u00e4ngers k\u00f6nnen die beiden Enden der Kette verbinden, um Armb\u00e4nder, Halsketten, Pulloverketten usw. zu verbinden.<\/li>\n<li>Sie k\u00f6nnen auch zus\u00e4tzliche Dockverschl\u00fcsse an Ihre Freunde und Familie verschenken, die sie sicher auch lieben werden.<\/li>\n<li>Edelstahlverschl\u00fcsse sind praktisch und werden in der Regel an Leder, Halsb\u00e4ndern und anderen Kettenbindungsmaterialien verwendet, um die Halskette oder das Armband einfach anzupassen.<\/li>\n<li>Mit Fr\u00fchlingsverschl\u00fcssen k\u00f6nnen Sie bereits vorhandenen Schmuck wiederherstellen oder selbstgemachten Schmuck herstellen.<\/li>\n<li>Es ist ein Vergn\u00fcgen, Ihre Freizeit zu nutzen, um Ihren zarten Schmuck herzustellen und zu perfektionieren. Dieser Schmuckverschlussverbinder mit glatter Oberfl\u00e4che ist einfach zu bedienen und h\u00e4lt oder h\u00e4ngt Ihre sch\u00f6nen Halsketten, Armb\u00e4nder, Bekleidungsaccessoires und andere kleine Gegenst\u00e4nde usw. leicht auf.<\/li>\n<\/ul>\n<h5>Cierres de resorte color dorado<\/h5>\n<ul>\n<li>Denn das Gesamtdesign von Fr\u00fchlingsverschlussschmuck ist einfach und exquisit. Ob als dekoratives oder praktisches Accessoire, es kann den pers\u00f6nlichen Geschmack und die Pers\u00f6nlichkeit zum Ausdruck bringen und f\u00fcr ein zuverl\u00e4ssiges Tragegef\u00fchl sorgen.<\/li>\n<li>Da jeder Stil eine Vielzahl von Gr\u00f6\u00dfen zur Auswahl hat, ist die Menge ausreichend und die Gr\u00f6\u00dfe ist einheitlich, so dass Sie Ihre Lieblingsschmuckaccessoires frei kreieren k\u00f6nnen.<\/li>\n<\/ul>\n","protected":false},"excerpt":{"rendered":"<p><img decoding=\"async\" class=\"alignnone wp-image-8893 size-full\" src=\"https:\/\/www.artestar.eu%E2%80%8B%E2%80%8B%E2%80%8B%E2%80%8B\/wp-content\/uploads\/2023\/06\/gold-spring-ring-size.jpg\" alt=\"Schnappschl\u00f6sser\" width=\"1000\" height=\"180\" srcset=\"https:\/\/www.artestar.eu\/wp-content\/uploads\/2023\/06\/gold-spring-ring-size.jpg 1000w, https:\/\/www.artestar.eu\/wp-content\/uploads\/2023\/06\/gold-spring-ring-size-300x54.jpg 300w, https:\/\/www.artestar.eu\/wp-content\/uploads\/2023\/06\/gold-spring-ring-size-768x138.jpg 768w, https:\/\/www.artestar.eu\/wp-content\/uploads\/2023\/06\/gold-spring-ring-size-600x108.jpg 600w, https:\/\/www.artestar.eu\/wp-content\/uploads\/2023\/06\/gold-spring-ring-size-90x16.jpg 90w\" sizes=\"(max-width: 1000px) 100vw, 1000px\" \/><\/p>\n<ul>\n<li>Material: Edelstahl<\/li>\n<li>Siehe Produktbild f\u00fcr detaillierte Gr\u00f6\u00dfe und Menge.<\/li>\n<li>Es wird zur Herstellung von Schmuck, Dekorationen, Kunsthandwerk usw. verwendet.<\/li>\n<\/ul>\n","protected":false},"featured_media":13434,"comment_status":"open","ping_status":"closed","template":"","meta":[],"product_cat":[2010,1669],"product_tag":[],"yoast_head":"<!-- This site is optimized with the Yoast SEO Premium plugin v20.5 (Yoast SEO v21.5) - https:\/\/yoast.com\/wordpress\/plugins\/seo\/ -->\n<title>Goldene Federverschl\u00fcsse - Artestar<\/title>\n<meta name=\"description\" content=\"Goldfederverschl\u00fcsse sind in verschiedenen Gr\u00f6\u00dfen erh\u00e4ltlich, um unterschiedlichen Modestilen und pers\u00f6nlichen Vorlieben gerecht zu werden.\" \/>\n<meta name=\"robots\" content=\"index, follow, max-snippet:-1, max-image-preview:large, max-video-preview:-1\" \/>\n<link rel=\"canonical\" href=\"https:\/\/www.artestar.eu\/de\/gro\u00dfhandel\/goldfarbene-federverschluesse\/\" \/>\n<meta property=\"og:locale\" content=\"de_DE\" \/>\n<meta property=\"og:type\" content=\"article\" \/>\n<meta property=\"og:title\" content=\"Goldfederverschl\u00fcsse 2 Stk.\" \/>\n<meta property=\"og:description\" content=\"Goldfederverschl\u00fcsse sind in verschiedenen Gr\u00f6\u00dfen erh\u00e4ltlich, um unterschiedlichen Modestilen und pers\u00f6nlichen Vorlieben gerecht zu werden.\" \/>\n<meta property=\"og:url\" content=\"https:\/\/www.artestar.eu\/de\/gro\u00dfhandel\/goldfarbene-federverschluesse\/\" \/>\n<meta property=\"og:site_name\" content=\"Artestar\" \/>\n<meta property=\"article:publisher\" content=\"https:\/\/www.facebook.com\/ARTESTAREU\" \/>\n<meta property=\"article:modified_time\" content=\"2023-10-24T06:19:25+00:00\" \/>\n<meta property=\"og:image\" content=\"https:\/\/www.artestar.eu\/wp-content\/uploads\/2023\/06\/stainless-steel-fittings-gold-spring-ring-clasps-closed-ring-clasps.jpg\" \/>\n\t<meta property=\"og:image:width\" content=\"600\" \/>\n\t<meta property=\"og:image:height\" content=\"600\" \/>\n\t<meta property=\"og:image:type\" content=\"image\/jpeg\" \/>\n<meta name=\"twitter:card\" content=\"summary_large_image\" \/>\n<meta name=\"twitter:label1\" content=\"Availability\" \/>\n\t<meta name=\"twitter:data1\" content=\"Auf Lager\" \/>\n<script type=\"application\/ld+json\" class=\"yoast-schema-graph\">{\"@context\":\"https:\/\/schema.org\",\"@graph\":[{\"@type\":\"WebPage\",\"@id\":\"https:\/\/www.artestar.eu\/de\/gro\u00dfhandel\/goldfarbene-federverschluesse\/\",\"url\":\"https:\/\/www.artestar.eu\/de\/gro\u00dfhandel\/goldfarbene-federverschluesse\/\",\"name\":\"Goldene Federverschl\u00fcsse - Artestar\",\"isPartOf\":{\"@id\":\"https:\/\/www.artestar.eu\/de\/#website\"},\"datePublished\":\"2023-06-06T07:38:35+00:00\",\"dateModified\":\"2023-10-24T06:19:25+00:00\",\"description\":\"Goldfederverschl\u00fcsse sind in verschiedenen Gr\u00f6\u00dfen erh\u00e4ltlich, um unterschiedlichen Modestilen und pers\u00f6nlichen Vorlieben gerecht zu werden.\",\"breadcrumb\":{\"@id\":\"https:\/\/www.artestar.eu\/de\/gro\u00dfhandel\/goldfarbene-federverschluesse\/#breadcrumb\"},\"inLanguage\":\"de-DE\",\"potentialAction\":[{\"@type\":\"ReadAction\",\"target\":[\"https:\/\/www.artestar.eu\/de\/gro\u00dfhandel\/goldfarbene-federverschluesse\/\"]}]},{\"@type\":\"BreadcrumbList\",\"@id\":\"https:\/\/www.artestar.eu\/de\/gro\u00dfhandel\/goldfarbene-federverschluesse\/#breadcrumb\",\"itemListElement\":[{\"@type\":\"ListItem\",\"position\":1,\"name\":\"Artestar\",\"item\":\"https:\/\/www.artestar.eu\/de\/\"},{\"@type\":\"ListItem\",\"position\":2,\"name\":\"Gro\u00dfhandel\",\"item\":\"https:\/\/www.artestar.eu\/de\/grosshandel\/\"},{\"@type\":\"ListItem\",\"position\":3,\"name\":\"Goldfederverschl\u00fcsse 2 Stk.\"}]},{\"@type\":\"WebSite\",\"@id\":\"https:\/\/www.artestar.eu\/de\/#website\",\"url\":\"https:\/\/www.artestar.eu\/de\/\",\"name\":\"Artestar\",\"description\":\"Mayorista en abalorios y joyer\u00eda\",\"publisher\":{\"@id\":\"https:\/\/www.artestar.eu\/de\/#organization\"},\"alternateName\":\"Artestar-EU\",\"potentialAction\":[{\"@type\":\"SearchAction\",\"target\":{\"@type\":\"EntryPoint\",\"urlTemplate\":\"https:\/\/www.artestar.eu\/de\/?s={search_term_string}\"},\"query-input\":\"required name=search_term_string\"}],\"inLanguage\":\"de-DE\"},{\"@type\":[\"Organization\",\"Place\"],\"@id\":\"https:\/\/www.artestar.eu\/de\/#organization\",\"name\":\"RUBY ABALORIO S.L.\",\"alternateName\":\"Artestar\",\"url\":\"https:\/\/www.artestar.eu\/de\/\",\"logo\":{\"@id\":\"https:\/\/www.artestar.eu\/de\/gro\u00dfhandel\/goldfarbene-federverschluesse\/#local-main-organization-logo\"},\"image\":{\"@id\":\"https:\/\/www.artestar.eu\/de\/gro\u00dfhandel\/goldfarbene-federverschluesse\/#local-main-organization-logo\"},\"sameAs\":[\"https:\/\/www.facebook.com\/ARTESTAREU\",\"https:\/\/www.instagram.com\/artestareu\/\",\"https:\/\/www.pinterest.es\/artestar_eu\/\",\"https:\/\/www.tiktok.com\/@artestar_wholesale\"],\"openingHoursSpecification\":[{\"@type\":\"OpeningHoursSpecification\",\"dayOfWeek\":[\"Monday\",\"Tuesday\",\"Wednesday\",\"Thursday\",\"Friday\",\"Saturday\",\"Sunday\"],\"opens\":\"09:00\",\"closes\":\"17:00\"}]},{\"@type\":\"ImageObject\",\"inLanguage\":\"de-DE\",\"@id\":\"https:\/\/www.artestar.eu\/de\/gro\u00dfhandel\/goldfarbene-federverschluesse\/#local-main-organization-logo\",\"url\":\"https:\/\/www.artestar.eu\/wp-content\/uploads\/2023\/05\/cropped-png.png\",\"contentUrl\":\"https:\/\/www.artestar.eu\/wp-content\/uploads\/2023\/05\/cropped-png.png\",\"width\":512,\"height\":512,\"caption\":\"RUBY ABALORIO S.L.\"}]}<\/script>\n<meta property=\"og:availability\" content=\"instock\" \/>\n<meta property=\"product:availability\" content=\"instock\" \/>\n<meta property=\"product:retailer_item_id\" content=\"BXG0065-0068\" \/>\n<meta property=\"product:condition\" content=\"new\" \/>\n<!-- \/ Yoast SEO Premium plugin. -->","yoast_head_json":{"title":"Goldene Federverschl\u00fcsse - Artestar","description":"Goldfederverschl\u00fcsse sind in verschiedenen Gr\u00f6\u00dfen erh\u00e4ltlich, um unterschiedlichen Modestilen und pers\u00f6nlichen Vorlieben gerecht zu werden.","robots":{"index":"index","follow":"follow","max-snippet":"max-snippet:-1","max-image-preview":"max-image-preview:large","max-video-preview":"max-video-preview:-1"},"canonical":"https:\/\/www.artestar.eu\/de\/gro\u00dfhandel\/goldfarbene-federverschluesse\/","og_locale":"de_DE","og_type":"article","og_title":"Goldfederverschl\u00fcsse 2 Stk.","og_description":"Goldfederverschl\u00fcsse sind in verschiedenen Gr\u00f6\u00dfen erh\u00e4ltlich, um unterschiedlichen Modestilen und pers\u00f6nlichen Vorlieben gerecht zu werden.","og_url":"https:\/\/www.artestar.eu\/de\/gro\u00dfhandel\/goldfarbene-federverschluesse\/","og_site_name":"Artestar","article_publisher":"https:\/\/www.facebook.com\/ARTESTAREU","article_modified_time":"2023-10-24T06:19:25+00:00","og_image":[{"width":600,"height":600,"url":"https:\/\/www.artestar.eu\/wp-content\/uploads\/2023\/06\/stainless-steel-fittings-gold-spring-ring-clasps-closed-ring-clasps.jpg","type":"image\/jpeg"}],"twitter_card":"summary_large_image","twitter_misc":{"Availability":"Auf Lager"},"schema":{"@context":"https:\/\/schema.org","@graph":[{"@type":"WebPage","@id":"https:\/\/www.artestar.eu\/de\/gro\u00dfhandel\/goldfarbene-federverschluesse\/","url":"https:\/\/www.artestar.eu\/de\/gro\u00dfhandel\/goldfarbene-federverschluesse\/","name":"Goldene Federverschl\u00fcsse - Artestar","isPartOf":{"@id":"https:\/\/www.artestar.eu\/de\/#website"},"datePublished":"2023-06-06T07:38:35+00:00","dateModified":"2023-10-24T06:19:25+00:00","description":"Goldfederverschl\u00fcsse sind in verschiedenen Gr\u00f6\u00dfen erh\u00e4ltlich, um unterschiedlichen Modestilen und pers\u00f6nlichen Vorlieben gerecht zu werden.","breadcrumb":{"@id":"https:\/\/www.artestar.eu\/de\/gro\u00dfhandel\/goldfarbene-federverschluesse\/#breadcrumb"},"inLanguage":"de-DE","potentialAction":[{"@type":"ReadAction","target":["https:\/\/www.artestar.eu\/de\/gro\u00dfhandel\/goldfarbene-federverschluesse\/"]}]},{"@type":"BreadcrumbList","@id":"https:\/\/www.artestar.eu\/de\/gro\u00dfhandel\/goldfarbene-federverschluesse\/#breadcrumb","itemListElement":[{"@type":"ListItem","position":1,"name":"Artestar","item":"https:\/\/www.artestar.eu\/de\/"},{"@type":"ListItem","position":2,"name":"Gro\u00dfhandel","item":"https:\/\/www.artestar.eu\/de\/grosshandel\/"},{"@type":"ListItem","position":3,"name":"Goldfederverschl\u00fcsse 2 Stk."}]},{"@type":"WebSite","@id":"https:\/\/www.artestar.eu\/de\/#website","url":"https:\/\/www.artestar.eu\/de\/","name":"Artestar","description":"Mayorista en abalorios y joyer\u00eda","publisher":{"@id":"https:\/\/www.artestar.eu\/de\/#organization"},"alternateName":"Artestar-EU","potentialAction":[{"@type":"SearchAction","target":{"@type":"EntryPoint","urlTemplate":"https:\/\/www.artestar.eu\/de\/?s={search_term_string}"},"query-input":"required name=search_term_string"}],"inLanguage":"de-DE"},{"@type":["Organization","Place"],"@id":"https:\/\/www.artestar.eu\/de\/#organization","name":"RUBY ABALORIO S.L.","alternateName":"Artestar","url":"https:\/\/www.artestar.eu\/de\/","logo":{"@id":"https:\/\/www.artestar.eu\/de\/gro\u00dfhandel\/goldfarbene-federverschluesse\/#local-main-organization-logo"},"image":{"@id":"https:\/\/www.artestar.eu\/de\/gro\u00dfhandel\/goldfarbene-federverschluesse\/#local-main-organization-logo"},"sameAs":["https:\/\/www.facebook.com\/ARTESTAREU","https:\/\/www.instagram.com\/artestareu\/","https:\/\/www.pinterest.es\/artestar_eu\/","https:\/\/www.tiktok.com\/@artestar_wholesale"],"openingHoursSpecification":[{"@type":"OpeningHoursSpecification","dayOfWeek":["Monday","Tuesday","Wednesday","Thursday","Friday","Saturday","Sunday"],"opens":"09:00","closes":"17:00"}]},{"@type":"ImageObject","inLanguage":"de-DE","@id":"https:\/\/www.artestar.eu\/de\/gro\u00dfhandel\/goldfarbene-federverschluesse\/#local-main-organization-logo","url":"https:\/\/www.artestar.eu\/wp-content\/uploads\/2023\/05\/cropped-png.png","contentUrl":"https:\/\/www.artestar.eu\/wp-content\/uploads\/2023\/05\/cropped-png.png","width":512,"height":512,"caption":"RUBY ABALORIO S.L."}]},"og_availability":"instock","product_availability":"instock","product_retailer_item_id":"BXG0065-0068","product_condition":"new"},"tiered_pricing_type":"fixed","tiered_pricing_fixed_rules":[],"tiered_pricing_percentage_rules":[],"tiered_pricing_minimum":null,"_administrator_tiered_pricing_type":"fixed","_administrator_tiered_pricing_fixed_rules":[],"_editor_tiered_pricing_type":"fixed","_editor_tiered_pricing_fixed_rules":[],"_author_tiered_pricing_type":"fixed","_author_tiered_pricing_fixed_rules":[],"_contributor_tiered_pricing_type":"fixed","_contributor_tiered_pricing_fixed_rules":[],"_subscriber_tiered_pricing_type":"fixed","_subscriber_tiered_pricing_fixed_rules":[],"_wpseo_manager_tiered_pricing_type":"fixed","_wpseo_manager_tiered_pricing_fixed_rules":[],"_wpseo_editor_tiered_pricing_type":"fixed","_wpseo_editor_tiered_pricing_fixed_rules":[],"_customer_tiered_pricing_type":"fixed","_customer_tiered_pricing_fixed_rules":[],"_shop_manager_tiered_pricing_type":"fixed","_shop_manager_tiered_pricing_fixed_rules":[],"_product_manager_tiered_pricing_type":"fixed","_product_manager_tiered_pricing_fixed_rules":[],"_links":{"self":[{"href":"https:\/\/www.artestar.eu\/de\/wp-json\/wp\/v2\/product\/31229"}],"collection":[{"href":"https:\/\/www.artestar.eu\/de\/wp-json\/wp\/v2\/product"}],"about":[{"href":"https:\/\/www.artestar.eu\/de\/wp-json\/wp\/v2\/types\/product"}],"replies":[{"embeddable":true,"href":"https:\/\/www.artestar.eu\/de\/wp-json\/wp\/v2\/comments?post=31229"}],"version-history":[{"count":3,"href":"https:\/\/www.artestar.eu\/de\/wp-json\/wp\/v2\/product\/31229\/revisions"}],"predecessor-version":[{"id":37100,"href":"https:\/\/www.artestar.eu\/de\/wp-json\/wp\/v2\/product\/31229\/revisions\/37100"}],"wp:featuredmedia":[{"embeddable":true,"href":"https:\/\/www.artestar.eu\/de\/wp-json\/wp\/v2\/media\/13434"}],"wp:attachment":[{"href":"https:\/\/www.artestar.eu\/de\/wp-json\/wp\/v2\/media?parent=31229"}],"wp:term":[{"taxonomy":"product_cat","embeddable":true,"href":"https:\/\/www.artestar.eu\/de\/wp-json\/wp\/v2\/product_cat?post=31229"},{"taxonomy":"product_tag","embeddable":true,"href":"https:\/\/www.artestar.eu\/de\/wp-json\/wp\/v2\/product_tag?post=31229"}],"curies":[{"name":"wp","href":"https:\/\/api.w.org\/{rel}","templated":true}]}}