{"id":31272,"date":"2023-06-06T06:37:33","date_gmt":"2023-06-06T06:37:33","guid":{"rendered":"https:\/\/www.artestar.eu\/al-por-mayor\/hebilla-ot-de-acero-12-unids\/"},"modified":"2023-10-24T06:25:48","modified_gmt":"2023-10-24T06:25:48","slug":"hebilla-ot-de-acero","status":"publish","type":"product","link":"https:\/\/www.artestar.eu\/de\/gro\u00dfhandel\/hebilla-ot-de-acero\/","title":{"rendered":"Hebilla OT de acero 12 unids."},"content":{"rendered":"<p>Hebilla OT de acero: 11mm &#8211; 13mm &#8211; 15mm.<\/p>\n<ul>\n<li>Matrosenverschl\u00fcsse aus Edelstahl, eine gro\u00dfe Auswahl an Gr\u00f6\u00dfen, einfache und freie Auswahl, um Ihren verschiedenen Bed\u00fcrfnissen gerecht zu werden. Verleihen Sie Ihrem Schmuck einen einzigartigen Charme.<\/li>\n<li>Eine Menge, die gro\u00df genug ist, um sie mit Ketten und anderen Lieblingshandwerken zu kombinieren, ergibt ein pr\u00e4chtiges Schmuckaccessoire.<\/li>\n<li>Aus hochwertigem Edelstahl gefertigt, haben OTs eine glatte Oberfl\u00e4che und sind angenehm zu tragen. Sie sind hell gef\u00e4rbt und beschlagen nicht so leicht, sie sind sehr hart und langlebig und halten lange.<\/li>\n<li>Diese Hebelverschl\u00fcsse sind einfach zu bedienen, legen Sie einfach die Querstange auf die Schnalle, damit die Stange horizontal liegt und sich beim Tragen nicht l\u00f6st. Sie st\u00f6ren das Gleichgewicht des Binoms nicht und eignen sich f\u00fcr eine Vielzahl von Zubeh\u00f6rteilen.<\/li>\n<li>Klassisch und elegant. Denn IQ Bar Verschluss und T-Bar Verschlussring sind einfach anzulegen und dienen zur Herstellung von Armb\u00e4ndern, Halsketten, Fu\u00dfkettchen und vielem mehr. Ein guter Stecker f\u00fcr den t\u00e4glichen Gebrauch.<\/li>\n<\/ul>\n<p><img decoding=\"async\" class=\"alignnone size-full wp-image-5400\" src=\"https:\/\/www.artestar.eu%E2%80%8B%E2%80%8B%E2%80%8B%E2%80%8B\/wp-content\/uploads\/2023\/06\/stainless-steel-fittings-OT-buckle-gold-toggle-clasps.jpg\" alt=\"Hebilla OT de acero\" width=\"600\" height=\"600\" srcset=\"https:\/\/www.artestar.eu\/wp-content\/uploads\/2023\/06\/stainless-steel-fittings-OT-buckle-gold-toggle-clasps.jpg 600w, https:\/\/www.artestar.eu\/wp-content\/uploads\/2023\/06\/stainless-steel-fittings-OT-buckle-gold-toggle-clasps-300x300.jpg 300w, https:\/\/www.artestar.eu\/wp-content\/uploads\/2023\/06\/stainless-steel-fittings-OT-buckle-gold-toggle-clasps-150x150.jpg 150w, https:\/\/www.artestar.eu\/wp-content\/uploads\/2023\/06\/stainless-steel-fittings-OT-buckle-gold-toggle-clasps-450x450.jpg 450w, https:\/\/www.artestar.eu\/wp-content\/uploads\/2023\/06\/stainless-steel-fittings-OT-buckle-gold-toggle-clasps-54x54.jpg 54w\" sizes=\"(max-width: 600px) 100vw, 600px\" \/><\/p>\n<h3>Hebilla OT de acero<\/h3>\n<ul>\n<li>Denn das Gesamtdesign von OT-Schnallenschmuck aus Edelstahl ist einfach und exquisit. Ob als dekoratives oder praktisches Accessoire, es kann den pers\u00f6nlichen Geschmack und die Pers\u00f6nlichkeit zum Ausdruck bringen und f\u00fcr ein zuverl\u00e4ssiges Tragegef\u00fchl sorgen.<\/li>\n<li>Da jeder Stil eine Vielzahl von Gr\u00f6\u00dfen zur Auswahl hat, ist die Menge ausreichend und die Gr\u00f6\u00dfe ist einheitlich, so dass Sie Ihre Lieblingsschmuckaccessoires frei kreieren k\u00f6nnen.<\/li>\n<\/ul>\n","protected":false},"excerpt":{"rendered":"<p><img decoding=\"async\" class=\"alignnone size-full wp-image-8702\" src=\"https:\/\/www.artestar.eu%E2%80%8B%E2%80%8B%E2%80%8B%E2%80%8B\/wp-content\/uploads\/2023\/06\/stainless-steel-fittings-OT-buckle-silver-size.jpg\" alt=\"OT-Schnalle\" width=\"1000\" height=\"180\" srcset=\"https:\/\/www.artestar.eu\/wp-content\/uploads\/2023\/06\/stainless-steel-fittings-OT-buckle-silver-size.jpg 1000w, https:\/\/www.artestar.eu\/wp-content\/uploads\/2023\/06\/stainless-steel-fittings-OT-buckle-silver-size-300x54.jpg 300w, https:\/\/www.artestar.eu\/wp-content\/uploads\/2023\/06\/stainless-steel-fittings-OT-buckle-silver-size-768x138.jpg 768w, https:\/\/www.artestar.eu\/wp-content\/uploads\/2023\/06\/stainless-steel-fittings-OT-buckle-silver-size-600x108.jpg 600w, https:\/\/www.artestar.eu\/wp-content\/uploads\/2023\/06\/stainless-steel-fittings-OT-buckle-silver-size-90x16.jpg 90w\" sizes=\"(max-width: 1000px) 100vw, 1000px\" \/><\/p>\n<ul>\n<li>Material: Edelstahl<\/li>\n<li>Siehe Produktbild f\u00fcr detaillierte Gr\u00f6\u00dfe und Menge.<\/li>\n<li>Es wird zur Herstellung von Schmuck, Dekorationen, Kunsthandwerk usw. verwendet.<\/li>\n<\/ul>\n","protected":false},"featured_media":13379,"comment_status":"open","ping_status":"closed","template":"","meta":[],"product_cat":[2010,1669],"product_tag":[],"yoast_head":"<!-- This site is optimized with the Yoast SEO Premium plugin v20.5 (Yoast SEO v21.5) - https:\/\/yoast.com\/wordpress\/plugins\/seo\/ -->\n<title>Hebilla OT de acero - Artestar<\/title>\n<meta name=\"description\" content=\"Las hebilla OT de acero est\u00e1n disponibles en diferentes tama\u00f1os para adaptarse a diferentes estilos de moda y preferencias personales.\" \/>\n<meta name=\"robots\" content=\"index, follow, max-snippet:-1, max-image-preview:large, max-video-preview:-1\" \/>\n<link rel=\"canonical\" href=\"https:\/\/www.artestar.eu\/de\/gro\u00dfhandel\/hebilla-ot-de-acero\/\" \/>\n<meta property=\"og:locale\" content=\"de_DE\" \/>\n<meta property=\"og:type\" content=\"article\" \/>\n<meta property=\"og:title\" content=\"Hebilla OT de acero 12 unids.\" \/>\n<meta property=\"og:description\" content=\"Las hebilla OT de acero est\u00e1n disponibles en diferentes tama\u00f1os para adaptarse a diferentes estilos de moda y preferencias personales.\" \/>\n<meta property=\"og:url\" content=\"https:\/\/www.artestar.eu\/de\/gro\u00dfhandel\/hebilla-ot-de-acero\/\" \/>\n<meta property=\"og:site_name\" content=\"Artestar\" \/>\n<meta property=\"article:publisher\" content=\"https:\/\/www.facebook.com\/ARTESTAREU\" \/>\n<meta property=\"article:modified_time\" content=\"2023-10-24T06:25:48+00:00\" \/>\n<meta property=\"og:image\" content=\"https:\/\/www.artestar.eu\/wp-content\/uploads\/2023\/06\/stainless-steel-fittings-OT-buckle-silver-toggle-clasps.jpg\" \/>\n\t<meta property=\"og:image:width\" content=\"600\" \/>\n\t<meta property=\"og:image:height\" content=\"600\" \/>\n\t<meta property=\"og:image:type\" content=\"image\/jpeg\" \/>\n<meta name=\"twitter:card\" content=\"summary_large_image\" \/>\n<meta name=\"twitter:label1\" content=\"Availability\" \/>\n\t<meta name=\"twitter:data1\" content=\"Auf Lager\" \/>\n<script type=\"application\/ld+json\" class=\"yoast-schema-graph\">{\"@context\":\"https:\/\/schema.org\",\"@graph\":[{\"@type\":\"WebPage\",\"@id\":\"https:\/\/www.artestar.eu\/de\/gro\u00dfhandel\/hebilla-ot-de-acero\/\",\"url\":\"https:\/\/www.artestar.eu\/de\/gro\u00dfhandel\/hebilla-ot-de-acero\/\",\"name\":\"Hebilla OT de acero - Artestar\",\"isPartOf\":{\"@id\":\"https:\/\/www.artestar.eu\/de\/#website\"},\"datePublished\":\"2023-06-06T06:37:33+00:00\",\"dateModified\":\"2023-10-24T06:25:48+00:00\",\"description\":\"Las hebilla OT de acero est\u00e1n disponibles en diferentes tama\u00f1os para adaptarse a diferentes estilos de moda y preferencias personales.\",\"breadcrumb\":{\"@id\":\"https:\/\/www.artestar.eu\/de\/gro\u00dfhandel\/hebilla-ot-de-acero\/#breadcrumb\"},\"inLanguage\":\"de-DE\",\"potentialAction\":[{\"@type\":\"ReadAction\",\"target\":[\"https:\/\/www.artestar.eu\/de\/gro\u00dfhandel\/hebilla-ot-de-acero\/\"]}]},{\"@type\":\"BreadcrumbList\",\"@id\":\"https:\/\/www.artestar.eu\/de\/gro\u00dfhandel\/hebilla-ot-de-acero\/#breadcrumb\",\"itemListElement\":[{\"@type\":\"ListItem\",\"position\":1,\"name\":\"Artestar\",\"item\":\"https:\/\/www.artestar.eu\/de\/\"},{\"@type\":\"ListItem\",\"position\":2,\"name\":\"Gro\u00dfhandel\",\"item\":\"https:\/\/www.artestar.eu\/de\/grosshandel\/\"},{\"@type\":\"ListItem\",\"position\":3,\"name\":\"Hebilla OT de acero 12 unids.\"}]},{\"@type\":\"WebSite\",\"@id\":\"https:\/\/www.artestar.eu\/de\/#website\",\"url\":\"https:\/\/www.artestar.eu\/de\/\",\"name\":\"Artestar\",\"description\":\"Mayorista en abalorios y joyer\u00eda\",\"publisher\":{\"@id\":\"https:\/\/www.artestar.eu\/de\/#organization\"},\"alternateName\":\"Artestar-EU\",\"potentialAction\":[{\"@type\":\"SearchAction\",\"target\":{\"@type\":\"EntryPoint\",\"urlTemplate\":\"https:\/\/www.artestar.eu\/de\/?s={search_term_string}\"},\"query-input\":\"required name=search_term_string\"}],\"inLanguage\":\"de-DE\"},{\"@type\":[\"Organization\",\"Place\"],\"@id\":\"https:\/\/www.artestar.eu\/de\/#organization\",\"name\":\"RUBY ABALORIO S.L.\",\"alternateName\":\"Artestar\",\"url\":\"https:\/\/www.artestar.eu\/de\/\",\"logo\":{\"@id\":\"https:\/\/www.artestar.eu\/de\/gro\u00dfhandel\/hebilla-ot-de-acero\/#local-main-organization-logo\"},\"image\":{\"@id\":\"https:\/\/www.artestar.eu\/de\/gro\u00dfhandel\/hebilla-ot-de-acero\/#local-main-organization-logo\"},\"sameAs\":[\"https:\/\/www.facebook.com\/ARTESTAREU\",\"https:\/\/www.instagram.com\/artestareu\/\",\"https:\/\/www.pinterest.es\/artestar_eu\/\",\"https:\/\/www.tiktok.com\/@artestar_wholesale\"],\"openingHoursSpecification\":[{\"@type\":\"OpeningHoursSpecification\",\"dayOfWeek\":[\"Monday\",\"Tuesday\",\"Wednesday\",\"Thursday\",\"Friday\",\"Saturday\",\"Sunday\"],\"opens\":\"09:00\",\"closes\":\"17:00\"}]},{\"@type\":\"ImageObject\",\"inLanguage\":\"de-DE\",\"@id\":\"https:\/\/www.artestar.eu\/de\/gro\u00dfhandel\/hebilla-ot-de-acero\/#local-main-organization-logo\",\"url\":\"https:\/\/www.artestar.eu\/wp-content\/uploads\/2023\/05\/cropped-png.png\",\"contentUrl\":\"https:\/\/www.artestar.eu\/wp-content\/uploads\/2023\/05\/cropped-png.png\",\"width\":512,\"height\":512,\"caption\":\"RUBY ABALORIO S.L.\"}]}<\/script>\n<meta property=\"og:availability\" content=\"instock\" \/>\n<meta property=\"product:availability\" content=\"instock\" \/>\n<meta property=\"product:retailer_item_id\" content=\"BXG0062-0064\" \/>\n<meta property=\"product:condition\" content=\"new\" \/>\n<!-- \/ Yoast SEO Premium plugin. -->","yoast_head_json":{"title":"Hebilla OT de acero - Artestar","description":"Las hebilla OT de acero est\u00e1n disponibles en diferentes tama\u00f1os para adaptarse a diferentes estilos de moda y preferencias personales.","robots":{"index":"index","follow":"follow","max-snippet":"max-snippet:-1","max-image-preview":"max-image-preview:large","max-video-preview":"max-video-preview:-1"},"canonical":"https:\/\/www.artestar.eu\/de\/gro\u00dfhandel\/hebilla-ot-de-acero\/","og_locale":"de_DE","og_type":"article","og_title":"Hebilla OT de acero 12 unids.","og_description":"Las hebilla OT de acero est\u00e1n disponibles en diferentes tama\u00f1os para adaptarse a diferentes estilos de moda y preferencias personales.","og_url":"https:\/\/www.artestar.eu\/de\/gro\u00dfhandel\/hebilla-ot-de-acero\/","og_site_name":"Artestar","article_publisher":"https:\/\/www.facebook.com\/ARTESTAREU","article_modified_time":"2023-10-24T06:25:48+00:00","og_image":[{"width":600,"height":600,"url":"https:\/\/www.artestar.eu\/wp-content\/uploads\/2023\/06\/stainless-steel-fittings-OT-buckle-silver-toggle-clasps.jpg","type":"image\/jpeg"}],"twitter_card":"summary_large_image","twitter_misc":{"Availability":"Auf Lager"},"schema":{"@context":"https:\/\/schema.org","@graph":[{"@type":"WebPage","@id":"https:\/\/www.artestar.eu\/de\/gro\u00dfhandel\/hebilla-ot-de-acero\/","url":"https:\/\/www.artestar.eu\/de\/gro\u00dfhandel\/hebilla-ot-de-acero\/","name":"Hebilla OT de acero - Artestar","isPartOf":{"@id":"https:\/\/www.artestar.eu\/de\/#website"},"datePublished":"2023-06-06T06:37:33+00:00","dateModified":"2023-10-24T06:25:48+00:00","description":"Las hebilla OT de acero est\u00e1n disponibles en diferentes tama\u00f1os para adaptarse a diferentes estilos de moda y preferencias personales.","breadcrumb":{"@id":"https:\/\/www.artestar.eu\/de\/gro\u00dfhandel\/hebilla-ot-de-acero\/#breadcrumb"},"inLanguage":"de-DE","potentialAction":[{"@type":"ReadAction","target":["https:\/\/www.artestar.eu\/de\/gro\u00dfhandel\/hebilla-ot-de-acero\/"]}]},{"@type":"BreadcrumbList","@id":"https:\/\/www.artestar.eu\/de\/gro\u00dfhandel\/hebilla-ot-de-acero\/#breadcrumb","itemListElement":[{"@type":"ListItem","position":1,"name":"Artestar","item":"https:\/\/www.artestar.eu\/de\/"},{"@type":"ListItem","position":2,"name":"Gro\u00dfhandel","item":"https:\/\/www.artestar.eu\/de\/grosshandel\/"},{"@type":"ListItem","position":3,"name":"Hebilla OT de acero 12 unids."}]},{"@type":"WebSite","@id":"https:\/\/www.artestar.eu\/de\/#website","url":"https:\/\/www.artestar.eu\/de\/","name":"Artestar","description":"Mayorista en abalorios y joyer\u00eda","publisher":{"@id":"https:\/\/www.artestar.eu\/de\/#organization"},"alternateName":"Artestar-EU","potentialAction":[{"@type":"SearchAction","target":{"@type":"EntryPoint","urlTemplate":"https:\/\/www.artestar.eu\/de\/?s={search_term_string}"},"query-input":"required name=search_term_string"}],"inLanguage":"de-DE"},{"@type":["Organization","Place"],"@id":"https:\/\/www.artestar.eu\/de\/#organization","name":"RUBY ABALORIO S.L.","alternateName":"Artestar","url":"https:\/\/www.artestar.eu\/de\/","logo":{"@id":"https:\/\/www.artestar.eu\/de\/gro\u00dfhandel\/hebilla-ot-de-acero\/#local-main-organization-logo"},"image":{"@id":"https:\/\/www.artestar.eu\/de\/gro\u00dfhandel\/hebilla-ot-de-acero\/#local-main-organization-logo"},"sameAs":["https:\/\/www.facebook.com\/ARTESTAREU","https:\/\/www.instagram.com\/artestareu\/","https:\/\/www.pinterest.es\/artestar_eu\/","https:\/\/www.tiktok.com\/@artestar_wholesale"],"openingHoursSpecification":[{"@type":"OpeningHoursSpecification","dayOfWeek":["Monday","Tuesday","Wednesday","Thursday","Friday","Saturday","Sunday"],"opens":"09:00","closes":"17:00"}]},{"@type":"ImageObject","inLanguage":"de-DE","@id":"https:\/\/www.artestar.eu\/de\/gro\u00dfhandel\/hebilla-ot-de-acero\/#local-main-organization-logo","url":"https:\/\/www.artestar.eu\/wp-content\/uploads\/2023\/05\/cropped-png.png","contentUrl":"https:\/\/www.artestar.eu\/wp-content\/uploads\/2023\/05\/cropped-png.png","width":512,"height":512,"caption":"RUBY ABALORIO S.L."}]},"og_availability":"instock","product_availability":"instock","product_retailer_item_id":"BXG0062-0064","product_condition":"new"},"tiered_pricing_type":"fixed","tiered_pricing_fixed_rules":[],"tiered_pricing_percentage_rules":[],"tiered_pricing_minimum":null,"_administrator_tiered_pricing_type":"fixed","_administrator_tiered_pricing_fixed_rules":[],"_editor_tiered_pricing_type":"fixed","_editor_tiered_pricing_fixed_rules":[],"_author_tiered_pricing_type":"fixed","_author_tiered_pricing_fixed_rules":[],"_contributor_tiered_pricing_type":"fixed","_contributor_tiered_pricing_fixed_rules":[],"_subscriber_tiered_pricing_type":"fixed","_subscriber_tiered_pricing_fixed_rules":[],"_wpseo_manager_tiered_pricing_type":"fixed","_wpseo_manager_tiered_pricing_fixed_rules":[],"_wpseo_editor_tiered_pricing_type":"fixed","_wpseo_editor_tiered_pricing_fixed_rules":[],"_customer_tiered_pricing_type":"fixed","_customer_tiered_pricing_fixed_rules":[],"_shop_manager_tiered_pricing_type":"fixed","_shop_manager_tiered_pricing_fixed_rules":[],"_product_manager_tiered_pricing_type":"fixed","_product_manager_tiered_pricing_fixed_rules":[],"_links":{"self":[{"href":"https:\/\/www.artestar.eu\/de\/wp-json\/wp\/v2\/product\/31272"}],"collection":[{"href":"https:\/\/www.artestar.eu\/de\/wp-json\/wp\/v2\/product"}],"about":[{"href":"https:\/\/www.artestar.eu\/de\/wp-json\/wp\/v2\/types\/product"}],"replies":[{"embeddable":true,"href":"https:\/\/www.artestar.eu\/de\/wp-json\/wp\/v2\/comments?post=31272"}],"version-history":[{"count":3,"href":"https:\/\/www.artestar.eu\/de\/wp-json\/wp\/v2\/product\/31272\/revisions"}],"predecessor-version":[{"id":37104,"href":"https:\/\/www.artestar.eu\/de\/wp-json\/wp\/v2\/product\/31272\/revisions\/37104"}],"wp:featuredmedia":[{"embeddable":true,"href":"https:\/\/www.artestar.eu\/de\/wp-json\/wp\/v2\/media\/13379"}],"wp:attachment":[{"href":"https:\/\/www.artestar.eu\/de\/wp-json\/wp\/v2\/media?parent=31272"}],"wp:term":[{"taxonomy":"product_cat","embeddable":true,"href":"https:\/\/www.artestar.eu\/de\/wp-json\/wp\/v2\/product_cat?post=31272"},{"taxonomy":"product_tag","embeddable":true,"href":"https:\/\/www.artestar.eu\/de\/wp-json\/wp\/v2\/product_tag?post=31272"}],"curies":[{"name":"wp","href":"https:\/\/api.w.org\/{rel}","templated":true}]}}