{"id":31304,"date":"2023-06-06T05:51:13","date_gmt":"2023-06-06T05:51:13","guid":{"rendered":"https:\/\/www.artestar.eu\/al-por-mayor\/dos-lados-pulidos-perlas-cultivadas\/"},"modified":"2023-10-24T06:39:13","modified_gmt":"2023-10-24T06:39:13","slug":"zweiseitig-polierte-perlen-gezuchtet","status":"publish","type":"product","link":"https:\/\/www.artestar.eu\/de\/gro\u00dfhandel\/zweiseitig-polierte-perlen-gezuchtet\/","title":{"rendered":"Zweiseitig polierte Zuchtperlen"},"content":{"rendered":"<p>Zweiseitig polierte Zuchtperlen: Jede doppelseitige Perle besteht aus nat\u00fcrlichen, sorgf\u00e4ltig ausgew\u00e4hlten Perlen, glatter Oberfl\u00e4che, hellen und leuchtenden Farben. Unterschiedliche Perlengr\u00f6\u00dfen verleihen Ihren Bastelprojekten eine andere Pracht.<\/p>\n<ul>\n<li>Diese 100% S\u00fc\u00dfwasserzucht-Austernperlen haben jeweils ein kleines Loch, das sich leicht mit H\u00e4kelnadeln, Ringen, Stecknadeln, Perlendraht usw. einf\u00e4deln und leicht an anderen St\u00fccken befestigen l\u00e4sst.<\/li>\n<li>Beidseitige Glanzperlen k\u00f6nnen in einer Vielzahl von Schmuckst\u00fccken wie Halsketten, Armb\u00e4ndern, Ohrringen und Ringen verwendet werden. Seine beidseitigen Glanzeigenschaften verleihen Schmuckst\u00fccken einen einzigartigen und attraktiven Glanz. Je nach Form und Helligkeit der Perle k\u00f6nnen Designer unterschiedliche visuelle Effekte kreieren und ihrer Kreativit\u00e4t freien Lauf lassen.<\/li>\n<li>Diese S\u00fc\u00dfwasserzuchtperlen sind ein gro\u00dfartiges Bastelzubeh\u00f6r. Sie eignen sich gleicherma\u00dfen f\u00fcr H\u00e4user, Partys, Hochzeiten, Dekorationen, Vasenf\u00fcllungen, Traumf\u00e4nger und andere Bastelarbeiten.<\/li>\n<li>Egal, ob es sich um einen Geburtstag, ein Jubil\u00e4um, eine Hochzeit oder einen anderen besonderen Anlass handelt. Die Schmuckst\u00fccke der Baroque Pearls-Kollektion sind ein wundersch\u00f6nes Geschenk voller Bedeutung. Dr\u00fccken Sie dem Empf\u00e4nger besondere Zuneigung und die besten W\u00fcnsche aus. Und es wird zu einem ewigen Schatz.<\/li>\n<li>Alle nat\u00fcrlichen Zuchtperlen sind Unikate. Aufgrund der Beleuchtung und der Computereinstellungen kann das erhaltene Produkt leicht variieren, bitte lesen Sie vor dem Kauf die Gr\u00f6\u00dfen der verschiedenen Perlen.<\/li>\n<\/ul>\n<p><img decoding=\"async\" class=\"size-full wp-image-5401\" src=\"https:\/\/www.artestar.eu%E2%80%8B%E2%80%8B%E2%80%8B%E2%80%8B\/wp-content\/uploads\/2023\/06\/freshwater-cultured-pearls-10.jpg\" alt=\"Zweiseitig polierte Zuchtperlen\" width=\"600\" height=\"600\" srcset=\"https:\/\/www.artestar.eu\/wp-content\/uploads\/2023\/06\/freshwater-cultured-pearls-10.jpg 600w, https:\/\/www.artestar.eu\/wp-content\/uploads\/2023\/06\/freshwater-cultured-pearls-10-300x300.jpg 300w, https:\/\/www.artestar.eu\/wp-content\/uploads\/2023\/06\/freshwater-cultured-pearls-10-150x150.jpg 150w, https:\/\/www.artestar.eu\/wp-content\/uploads\/2023\/06\/freshwater-cultured-pearls-10-450x450.jpg 450w, https:\/\/www.artestar.eu\/wp-content\/uploads\/2023\/06\/freshwater-cultured-pearls-10-54x54.jpg 54w\" sizes=\"(max-width: 600px) 100vw, 600px\" \/><\/p>\n<h5>Zweiseitig polierte Zuchtperlen<\/h5>\n<ul>\n<li>Nat\u00fcrliche S\u00fc\u00dfwasserzuchtperlen sollen nicht nur sch\u00f6n sein, sondern auch heilende Kr\u00e4fte haben. Sie k\u00f6nnen helfen, das Herz zu beruhigen; Befreien Sie sich von Depressionen, die durch soziale Phobie oder Panikattacken und einen niedrigen Serotoninspiegel verursacht werden.<\/li>\n<li>Verbessern Sie das Ged\u00e4chtnis, indem Sie die Produktion von Wachstumsfaktoren in Nervenzellen im Gehirn aktivieren. Und stimulieren die Produktion von Kollagen, das die Hautschicht unseres K\u00f6rpers schnell regeneriert und uns sch\u00f6n und lebendig f\u00fchlen l\u00e4sst.<\/li>\n<\/ul>\n","protected":false},"excerpt":{"rendered":"<p><img decoding=\"async\" class=\"alignnone wp-image-8534 size-full\" src=\"https:\/\/www.artestar.eu%E2%80%8B%E2%80%8B%E2%80%8B%E2%80%8B\/wp-content\/uploads\/2023\/06\/cultured-pearls-two-sides-polished-size-1.jpg\" alt=\"Gr\u00f6\u00dfe der nat\u00fcrlichen Zuchtperlen\" width=\"1000\" height=\"180\" srcset=\"https:\/\/www.artestar.eu\/wp-content\/uploads\/2023\/06\/cultured-pearls-two-sides-polished-size-1.jpg 1000w, https:\/\/www.artestar.eu\/wp-content\/uploads\/2023\/06\/cultured-pearls-two-sides-polished-size-1-300x54.jpg 300w, https:\/\/www.artestar.eu\/wp-content\/uploads\/2023\/06\/cultured-pearls-two-sides-polished-size-1-768x138.jpg 768w, https:\/\/www.artestar.eu\/wp-content\/uploads\/2023\/06\/cultured-pearls-two-sides-polished-size-1-600x108.jpg 600w, https:\/\/www.artestar.eu\/wp-content\/uploads\/2023\/06\/cultured-pearls-two-sides-polished-size-1-90x16.jpg 90w\" sizes=\"(max-width: 1000px) 100vw, 1000px\" \/>Ungef\u00e4hrer Betrag<\/p>\n<ul>\n<li>Material: Nat\u00fcrliche S\u00fc\u00dfwasserzuchtperlen<\/li>\n<li>Wird zur Herstellung von Halsketten, Armb\u00e4ndern und anderem Schmuck verwendet<\/li>\n<li>Alle nat\u00fcrlichen Zuchtperlen sind Unikate.<\/li>\n<\/ul>\n","protected":false},"featured_media":13309,"comment_status":"open","ping_status":"closed","template":"","meta":[],"product_cat":[1492,1514,1994],"product_tag":[],"yoast_head":"<!-- This site is optimized with the Yoast SEO Premium plugin v20.5 (Yoast SEO v21.5) - https:\/\/yoast.com\/wordpress\/plugins\/seo\/ -->\n<title>Zweiseitig polierte Zuchtperlen - Artestar<\/title>\n<meta name=\"description\" content=\"S\u00fc\u00dfwasserzuchtperlen sind tolle Accessoires zum Basteln. Alle nat\u00fcrlichen Zuchtperlen sind Unikate.\" \/>\n<meta name=\"robots\" content=\"index, follow, max-snippet:-1, max-image-preview:large, max-video-preview:-1\" \/>\n<link rel=\"canonical\" href=\"https:\/\/www.artestar.eu\/de\/gro\u00dfhandel\/zweiseitig-polierte-perlen-gezuchtet\/\" \/>\n<meta property=\"og:locale\" content=\"de_DE\" \/>\n<meta property=\"og:type\" content=\"article\" \/>\n<meta property=\"og:title\" content=\"Zweiseitig polierte Zuchtperlen\" \/>\n<meta property=\"og:description\" content=\"S\u00fc\u00dfwasserzuchtperlen sind tolle Accessoires zum Basteln. Alle nat\u00fcrlichen Zuchtperlen sind Unikate.\" \/>\n<meta property=\"og:url\" content=\"https:\/\/www.artestar.eu\/de\/gro\u00dfhandel\/zweiseitig-polierte-perlen-gezuchtet\/\" \/>\n<meta property=\"og:site_name\" content=\"Artestar\" \/>\n<meta property=\"article:publisher\" content=\"https:\/\/www.facebook.com\/ARTESTAREU\" \/>\n<meta property=\"article:modified_time\" content=\"2023-10-24T06:39:13+00:00\" \/>\n<meta property=\"og:image\" content=\"https:\/\/www.artestar.eu\/wp-content\/uploads\/2023\/06\/cultured-pearls-3.jpg\" \/>\n\t<meta property=\"og:image:width\" content=\"600\" \/>\n\t<meta property=\"og:image:height\" content=\"600\" \/>\n\t<meta property=\"og:image:type\" content=\"image\/jpeg\" \/>\n<meta name=\"twitter:card\" content=\"summary_large_image\" \/>\n<meta name=\"twitter:label1\" content=\"Availability\" \/>\n\t<meta name=\"twitter:data1\" content=\"Auf Lager\" \/>\n<script type=\"application\/ld+json\" class=\"yoast-schema-graph\">{\"@context\":\"https:\/\/schema.org\",\"@graph\":[{\"@type\":\"WebPage\",\"@id\":\"https:\/\/www.artestar.eu\/de\/gro\u00dfhandel\/zweiseitig-polierte-perlen-gezuchtet\/\",\"url\":\"https:\/\/www.artestar.eu\/de\/gro\u00dfhandel\/zweiseitig-polierte-perlen-gezuchtet\/\",\"name\":\"Zweiseitig polierte Zuchtperlen - Artestar\",\"isPartOf\":{\"@id\":\"https:\/\/www.artestar.eu\/de\/#website\"},\"datePublished\":\"2023-06-06T05:51:13+00:00\",\"dateModified\":\"2023-10-24T06:39:13+00:00\",\"description\":\"S\u00fc\u00dfwasserzuchtperlen sind tolle Accessoires zum Basteln. Alle nat\u00fcrlichen Zuchtperlen sind Unikate.\",\"breadcrumb\":{\"@id\":\"https:\/\/www.artestar.eu\/de\/gro\u00dfhandel\/zweiseitig-polierte-perlen-gezuchtet\/#breadcrumb\"},\"inLanguage\":\"de-DE\",\"potentialAction\":[{\"@type\":\"ReadAction\",\"target\":[\"https:\/\/www.artestar.eu\/de\/gro\u00dfhandel\/zweiseitig-polierte-perlen-gezuchtet\/\"]}]},{\"@type\":\"BreadcrumbList\",\"@id\":\"https:\/\/www.artestar.eu\/de\/gro\u00dfhandel\/zweiseitig-polierte-perlen-gezuchtet\/#breadcrumb\",\"itemListElement\":[{\"@type\":\"ListItem\",\"position\":1,\"name\":\"Artestar\",\"item\":\"https:\/\/www.artestar.eu\/de\/\"},{\"@type\":\"ListItem\",\"position\":2,\"name\":\"Gro\u00dfhandel\",\"item\":\"https:\/\/www.artestar.eu\/de\/grosshandel\/\"},{\"@type\":\"ListItem\",\"position\":3,\"name\":\"Zweiseitig polierte Zuchtperlen\"}]},{\"@type\":\"WebSite\",\"@id\":\"https:\/\/www.artestar.eu\/de\/#website\",\"url\":\"https:\/\/www.artestar.eu\/de\/\",\"name\":\"Artestar\",\"description\":\"Mayorista en abalorios y joyer\u00eda\",\"publisher\":{\"@id\":\"https:\/\/www.artestar.eu\/de\/#organization\"},\"alternateName\":\"Artestar-EU\",\"potentialAction\":[{\"@type\":\"SearchAction\",\"target\":{\"@type\":\"EntryPoint\",\"urlTemplate\":\"https:\/\/www.artestar.eu\/de\/?s={search_term_string}\"},\"query-input\":\"required name=search_term_string\"}],\"inLanguage\":\"de-DE\"},{\"@type\":[\"Organization\",\"Place\"],\"@id\":\"https:\/\/www.artestar.eu\/de\/#organization\",\"name\":\"RUBY ABALORIO S.L.\",\"alternateName\":\"Artestar\",\"url\":\"https:\/\/www.artestar.eu\/de\/\",\"logo\":{\"@id\":\"https:\/\/www.artestar.eu\/de\/gro\u00dfhandel\/zweiseitig-polierte-perlen-gezuchtet\/#local-main-organization-logo\"},\"image\":{\"@id\":\"https:\/\/www.artestar.eu\/de\/gro\u00dfhandel\/zweiseitig-polierte-perlen-gezuchtet\/#local-main-organization-logo\"},\"sameAs\":[\"https:\/\/www.facebook.com\/ARTESTAREU\",\"https:\/\/www.instagram.com\/artestareu\/\",\"https:\/\/www.pinterest.es\/artestar_eu\/\",\"https:\/\/www.tiktok.com\/@artestar_wholesale\"],\"openingHoursSpecification\":[{\"@type\":\"OpeningHoursSpecification\",\"dayOfWeek\":[\"Monday\",\"Tuesday\",\"Wednesday\",\"Thursday\",\"Friday\",\"Saturday\",\"Sunday\"],\"opens\":\"09:00\",\"closes\":\"17:00\"}]},{\"@type\":\"ImageObject\",\"inLanguage\":\"de-DE\",\"@id\":\"https:\/\/www.artestar.eu\/de\/gro\u00dfhandel\/zweiseitig-polierte-perlen-gezuchtet\/#local-main-organization-logo\",\"url\":\"https:\/\/www.artestar.eu\/wp-content\/uploads\/2023\/05\/cropped-png.png\",\"contentUrl\":\"https:\/\/www.artestar.eu\/wp-content\/uploads\/2023\/05\/cropped-png.png\",\"width\":512,\"height\":512,\"caption\":\"RUBY ABALORIO S.L.\"}]}<\/script>\n<meta property=\"og:availability\" content=\"instock\" \/>\n<meta property=\"product:availability\" content=\"instock\" \/>\n<meta property=\"product:retailer_item_id\" content=\"ZZ-LMG-0001-0002\" \/>\n<meta property=\"product:condition\" content=\"new\" \/>\n<!-- \/ Yoast SEO Premium plugin. -->","yoast_head_json":{"title":"Zweiseitig polierte Zuchtperlen - Artestar","description":"S\u00fc\u00dfwasserzuchtperlen sind tolle Accessoires zum Basteln. Alle nat\u00fcrlichen Zuchtperlen sind Unikate.","robots":{"index":"index","follow":"follow","max-snippet":"max-snippet:-1","max-image-preview":"max-image-preview:large","max-video-preview":"max-video-preview:-1"},"canonical":"https:\/\/www.artestar.eu\/de\/gro\u00dfhandel\/zweiseitig-polierte-perlen-gezuchtet\/","og_locale":"de_DE","og_type":"article","og_title":"Zweiseitig polierte Zuchtperlen","og_description":"S\u00fc\u00dfwasserzuchtperlen sind tolle Accessoires zum Basteln. Alle nat\u00fcrlichen Zuchtperlen sind Unikate.","og_url":"https:\/\/www.artestar.eu\/de\/gro\u00dfhandel\/zweiseitig-polierte-perlen-gezuchtet\/","og_site_name":"Artestar","article_publisher":"https:\/\/www.facebook.com\/ARTESTAREU","article_modified_time":"2023-10-24T06:39:13+00:00","og_image":[{"width":600,"height":600,"url":"https:\/\/www.artestar.eu\/wp-content\/uploads\/2023\/06\/cultured-pearls-3.jpg","type":"image\/jpeg"}],"twitter_card":"summary_large_image","twitter_misc":{"Availability":"Auf Lager"},"schema":{"@context":"https:\/\/schema.org","@graph":[{"@type":"WebPage","@id":"https:\/\/www.artestar.eu\/de\/gro\u00dfhandel\/zweiseitig-polierte-perlen-gezuchtet\/","url":"https:\/\/www.artestar.eu\/de\/gro\u00dfhandel\/zweiseitig-polierte-perlen-gezuchtet\/","name":"Zweiseitig polierte Zuchtperlen - Artestar","isPartOf":{"@id":"https:\/\/www.artestar.eu\/de\/#website"},"datePublished":"2023-06-06T05:51:13+00:00","dateModified":"2023-10-24T06:39:13+00:00","description":"S\u00fc\u00dfwasserzuchtperlen sind tolle Accessoires zum Basteln. Alle nat\u00fcrlichen Zuchtperlen sind Unikate.","breadcrumb":{"@id":"https:\/\/www.artestar.eu\/de\/gro\u00dfhandel\/zweiseitig-polierte-perlen-gezuchtet\/#breadcrumb"},"inLanguage":"de-DE","potentialAction":[{"@type":"ReadAction","target":["https:\/\/www.artestar.eu\/de\/gro\u00dfhandel\/zweiseitig-polierte-perlen-gezuchtet\/"]}]},{"@type":"BreadcrumbList","@id":"https:\/\/www.artestar.eu\/de\/gro\u00dfhandel\/zweiseitig-polierte-perlen-gezuchtet\/#breadcrumb","itemListElement":[{"@type":"ListItem","position":1,"name":"Artestar","item":"https:\/\/www.artestar.eu\/de\/"},{"@type":"ListItem","position":2,"name":"Gro\u00dfhandel","item":"https:\/\/www.artestar.eu\/de\/grosshandel\/"},{"@type":"ListItem","position":3,"name":"Zweiseitig polierte Zuchtperlen"}]},{"@type":"WebSite","@id":"https:\/\/www.artestar.eu\/de\/#website","url":"https:\/\/www.artestar.eu\/de\/","name":"Artestar","description":"Mayorista en abalorios y joyer\u00eda","publisher":{"@id":"https:\/\/www.artestar.eu\/de\/#organization"},"alternateName":"Artestar-EU","potentialAction":[{"@type":"SearchAction","target":{"@type":"EntryPoint","urlTemplate":"https:\/\/www.artestar.eu\/de\/?s={search_term_string}"},"query-input":"required name=search_term_string"}],"inLanguage":"de-DE"},{"@type":["Organization","Place"],"@id":"https:\/\/www.artestar.eu\/de\/#organization","name":"RUBY ABALORIO S.L.","alternateName":"Artestar","url":"https:\/\/www.artestar.eu\/de\/","logo":{"@id":"https:\/\/www.artestar.eu\/de\/gro\u00dfhandel\/zweiseitig-polierte-perlen-gezuchtet\/#local-main-organization-logo"},"image":{"@id":"https:\/\/www.artestar.eu\/de\/gro\u00dfhandel\/zweiseitig-polierte-perlen-gezuchtet\/#local-main-organization-logo"},"sameAs":["https:\/\/www.facebook.com\/ARTESTAREU","https:\/\/www.instagram.com\/artestareu\/","https:\/\/www.pinterest.es\/artestar_eu\/","https:\/\/www.tiktok.com\/@artestar_wholesale"],"openingHoursSpecification":[{"@type":"OpeningHoursSpecification","dayOfWeek":["Monday","Tuesday","Wednesday","Thursday","Friday","Saturday","Sunday"],"opens":"09:00","closes":"17:00"}]},{"@type":"ImageObject","inLanguage":"de-DE","@id":"https:\/\/www.artestar.eu\/de\/gro\u00dfhandel\/zweiseitig-polierte-perlen-gezuchtet\/#local-main-organization-logo","url":"https:\/\/www.artestar.eu\/wp-content\/uploads\/2023\/05\/cropped-png.png","contentUrl":"https:\/\/www.artestar.eu\/wp-content\/uploads\/2023\/05\/cropped-png.png","width":512,"height":512,"caption":"RUBY ABALORIO S.L."}]},"og_availability":"instock","product_availability":"instock","product_retailer_item_id":"ZZ-LMG-0001-0002","product_condition":"new"},"tiered_pricing_type":"fixed","tiered_pricing_fixed_rules":[],"tiered_pricing_percentage_rules":[],"tiered_pricing_minimum":null,"_administrator_tiered_pricing_type":"fixed","_administrator_tiered_pricing_fixed_rules":[],"_editor_tiered_pricing_type":"fixed","_editor_tiered_pricing_fixed_rules":[],"_author_tiered_pricing_type":"fixed","_author_tiered_pricing_fixed_rules":[],"_contributor_tiered_pricing_type":"fixed","_contributor_tiered_pricing_fixed_rules":[],"_subscriber_tiered_pricing_type":"fixed","_subscriber_tiered_pricing_fixed_rules":[],"_wpseo_manager_tiered_pricing_type":"fixed","_wpseo_manager_tiered_pricing_fixed_rules":[],"_wpseo_editor_tiered_pricing_type":"fixed","_wpseo_editor_tiered_pricing_fixed_rules":[],"_customer_tiered_pricing_type":"fixed","_customer_tiered_pricing_fixed_rules":[],"_shop_manager_tiered_pricing_type":"fixed","_shop_manager_tiered_pricing_fixed_rules":[],"_product_manager_tiered_pricing_type":"fixed","_product_manager_tiered_pricing_fixed_rules":[],"_links":{"self":[{"href":"https:\/\/www.artestar.eu\/de\/wp-json\/wp\/v2\/product\/31304"}],"collection":[{"href":"https:\/\/www.artestar.eu\/de\/wp-json\/wp\/v2\/product"}],"about":[{"href":"https:\/\/www.artestar.eu\/de\/wp-json\/wp\/v2\/types\/product"}],"replies":[{"embeddable":true,"href":"https:\/\/www.artestar.eu\/de\/wp-json\/wp\/v2\/comments?post=31304"}],"version-history":[{"count":3,"href":"https:\/\/www.artestar.eu\/de\/wp-json\/wp\/v2\/product\/31304\/revisions"}],"predecessor-version":[{"id":37121,"href":"https:\/\/www.artestar.eu\/de\/wp-json\/wp\/v2\/product\/31304\/revisions\/37121"}],"wp:featuredmedia":[{"embeddable":true,"href":"https:\/\/www.artestar.eu\/de\/wp-json\/wp\/v2\/media\/13309"}],"wp:attachment":[{"href":"https:\/\/www.artestar.eu\/de\/wp-json\/wp\/v2\/media?parent=31304"}],"wp:term":[{"taxonomy":"product_cat","embeddable":true,"href":"https:\/\/www.artestar.eu\/de\/wp-json\/wp\/v2\/product_cat?post=31304"},{"taxonomy":"product_tag","embeddable":true,"href":"https:\/\/www.artestar.eu\/de\/wp-json\/wp\/v2\/product_tag?post=31304"}],"curies":[{"name":"wp","href":"https:\/\/api.w.org\/{rel}","templated":true}]}}