{"id":31346,"date":"2023-06-05T05:26:57","date_gmt":"2023-06-05T05:26:57","guid":{"rendered":"https:\/\/www.artestar.eu\/al-por-mayor\/anillas-abiertas-de-acero\/"},"modified":"2023-10-25T02:51:54","modified_gmt":"2023-10-25T02:51:54","slug":"anillas-abiertas-de-acero","status":"publish","type":"product","link":"https:\/\/www.artestar.eu\/de\/gro\u00dfhandel\/anillas-abiertas-de-acero\/","title":{"rendered":"Anillas abiertas de acero"},"content":{"rendered":"<p>Anillas abiertas de acero: El anillo de salto abierto est\u00e1 fabricado en acero inoxidable de alta calidad. Im Vergleich zu anderen Metalllegierungen bietet es eine gute Stabilit\u00e4t und Korrosionsbest\u00e4ndigkeit, Haltbarkeit und lange Lebensdauer. Und mit geringen Wartungskosten ist es ideal f\u00fcr viele Schmuckdesigns.<\/p>\n<ul>\n<li>Hay una gran variedad de tama\u00f1os de anillas abiertos disponibles, as\u00ed que no dude en elegir el adecuado para sus ideas de bricolaje favoritas. Tambi\u00e9n hay suficientes para su uso diario y de repuesto.<\/li>\n<li>Las anillas de salto abiertas se utilizan a menudo como conectores en la fabricaci\u00f3n de joyas. Puede utilizar las anillas de salto con su abridor de herramientas y son f\u00e1ciles de abrir y cerrar. Se puede utilizar para reparar su collar u otras joyas y ser\u00e1 una gran elecci\u00f3n de accesorio para sus joyas.<\/li>\n<li>Nuestras anillo de salto abierto de salto abiertas se utilizan en una amplia gama de aplicaciones de joyer\u00eda. Por ejemplo, se pueden utilizar con varias cadenas para crear delicadas pulseras, collares, pendientes, colgantes, tobilleras y mucho m\u00e1s. Tambi\u00e9n se pueden utilizar como llaveros, llaveros con colgantes y otros proyectos creativos.<\/li>\n<\/ul>\n<p><img decoding=\"async\" class=\"alignnone size-full wp-image-5801\" src=\"https:\/\/www.artestar.eu%E2%80%8B%E2%80%8B%E2%80%8B%E2%80%8B\/wp-content\/uploads\/2023\/06\/Open-ring-jump-ring-01.jpg\" alt=\"Anillas abiertos de acero\" width=\"600\" height=\"600\" srcset=\"https:\/\/www.artestar.eu\/wp-content\/uploads\/2023\/06\/Open-ring-jump-ring-01.jpg 600w, https:\/\/www.artestar.eu\/wp-content\/uploads\/2023\/06\/Open-ring-jump-ring-01-300x300.jpg 300w, https:\/\/www.artestar.eu\/wp-content\/uploads\/2023\/06\/Open-ring-jump-ring-01-150x150.jpg 150w, https:\/\/www.artestar.eu\/wp-content\/uploads\/2023\/06\/Open-ring-jump-ring-01-450x450.jpg 450w, https:\/\/www.artestar.eu\/wp-content\/uploads\/2023\/06\/Open-ring-jump-ring-01-54x54.jpg 54w\" sizes=\"(max-width: 600px) 100vw, 600px\" \/><\/p>\n<p>&nbsp;<\/p>\n<h3>Anillas abiertas de acero inoxidable<\/h3>\n<ul>\n<li>Debido a que es tan f\u00e1cil trabajar con los anillos abiertos, pueden hacer que su proyecto de manualidades sea muy divertido. Puede usar su imaginaci\u00f3n con cuentas de piedras preciosas, cristales, perlas o conchas para crear cualquier variedad de joyas con encanto que desee. Estos elegantes accesorios de joyer\u00eda son regalos maravillosos para todas las ocasiones y son un regalo estupendo para su hija, amante, madre o para usted misma para el D\u00eda de San Valent\u00edn, Navidad, D\u00eda de la Madre, aniversarios o cumplea\u00f1os.<\/li>\n<li>Nuestros accesorios de acero inoxidable est\u00e1n disponibles en dos colores, dorado y acero. Jeder ist in einer Vielzahl von Gr\u00f6\u00dfen, in gro\u00dfen Mengen und in einheitlicher Gr\u00f6\u00dfe erh\u00e4ltlich, so dass Sie die Freiheit haben, Ihr Lieblings-Modeschmuck-Accessoire zu kreieren.<\/li>\n<\/ul>\n","protected":false},"excerpt":{"rendered":"<p><img decoding=\"async\" class=\"alignnone size-full wp-image-25311\" src=\"https:\/\/www.artestar.eu\/wp-content\/uploads\/2023\/06\/open-rings-size-silver-1.jpg\" alt=\"Anillas abiertas de acero\" width=\"1000\" height=\"240\" srcset=\"https:\/\/www.artestar.eu\/wp-content\/uploads\/2023\/06\/open-rings-size-silver-1.jpg 1000w, https:\/\/www.artestar.eu\/wp-content\/uploads\/2023\/06\/open-rings-size-silver-1-300x72.jpg 300w, https:\/\/www.artestar.eu\/wp-content\/uploads\/2023\/06\/open-rings-size-silver-1-768x184.jpg 768w, https:\/\/www.artestar.eu\/wp-content\/uploads\/2023\/06\/open-rings-size-silver-1-600x144.jpg 600w, https:\/\/www.artestar.eu\/wp-content\/uploads\/2023\/06\/open-rings-size-silver-1-90x22.jpg 90w\" sizes=\"(max-width: 1000px) 100vw, 1000px\" \/><\/p>\n<ul>\n<li>Siehe Produktbild f\u00fcr detaillierte Gr\u00f6\u00dfe und Menge.<\/li>\n<li>Es wird zur Herstellung von Schmuck, Dekorationen, Kunsthandwerk usw. verwendet.<\/li>\n<\/ul>\n","protected":false},"featured_media":14045,"comment_status":"open","ping_status":"closed","template":"","meta":[],"product_cat":[1669,2358],"product_tag":[],"yoast_head":"<!-- This site is optimized with the Yoast SEO Premium plugin v20.5 (Yoast SEO v21.5) - https:\/\/yoast.com\/wordpress\/plugins\/seo\/ -->\n<title>Anillas abiertas de acero - Artestar<\/title>\n<meta name=\"description\" content=\"El anillas abiertos de acero puede conectar perlas, cristales, conchas, etc. para hacer artesan\u00edas como pulseras, collares y aretes.\" \/>\n<meta name=\"robots\" content=\"index, follow, max-snippet:-1, max-image-preview:large, max-video-preview:-1\" \/>\n<link rel=\"canonical\" href=\"https:\/\/www.artestar.eu\/de\/gro\u00dfhandel\/anillas-abiertas-de-acero\/\" \/>\n<meta property=\"og:locale\" content=\"de_DE\" \/>\n<meta property=\"og:type\" content=\"article\" \/>\n<meta property=\"og:title\" content=\"Anillas abiertas de acero\" \/>\n<meta property=\"og:description\" content=\"El anillas abiertos de acero puede conectar perlas, cristales, conchas, etc. para hacer artesan\u00edas como pulseras, collares y aretes.\" \/>\n<meta property=\"og:url\" content=\"https:\/\/www.artestar.eu\/de\/gro\u00dfhandel\/anillas-abiertas-de-acero\/\" \/>\n<meta property=\"og:site_name\" content=\"Artestar\" \/>\n<meta property=\"article:publisher\" content=\"https:\/\/www.facebook.com\/ARTESTAREU\" \/>\n<meta property=\"article:modified_time\" content=\"2023-10-25T02:51:54+00:00\" \/>\n<meta property=\"og:image\" content=\"https:\/\/www.artestar.eu\/wp-content\/uploads\/2023\/06\/Open-ring-jump-ring-1.jpg\" \/>\n\t<meta property=\"og:image:width\" content=\"600\" \/>\n\t<meta property=\"og:image:height\" content=\"600\" \/>\n\t<meta property=\"og:image:type\" content=\"image\/jpeg\" \/>\n<meta name=\"twitter:card\" content=\"summary_large_image\" \/>\n<meta name=\"twitter:label1\" content=\"Availability\" \/>\n\t<meta name=\"twitter:data1\" content=\"Auf Lager\" \/>\n<script type=\"application\/ld+json\" class=\"yoast-schema-graph\">{\"@context\":\"https:\/\/schema.org\",\"@graph\":[{\"@type\":\"WebPage\",\"@id\":\"https:\/\/www.artestar.eu\/de\/gro\u00dfhandel\/anillas-abiertas-de-acero\/\",\"url\":\"https:\/\/www.artestar.eu\/de\/gro\u00dfhandel\/anillas-abiertas-de-acero\/\",\"name\":\"Anillas abiertas de acero - Artestar\",\"isPartOf\":{\"@id\":\"https:\/\/www.artestar.eu\/de\/#website\"},\"datePublished\":\"2023-06-05T05:26:57+00:00\",\"dateModified\":\"2023-10-25T02:51:54+00:00\",\"description\":\"El anillas abiertos de acero puede conectar perlas, cristales, conchas, etc. para hacer artesan\u00edas como pulseras, collares y aretes.\",\"breadcrumb\":{\"@id\":\"https:\/\/www.artestar.eu\/de\/gro\u00dfhandel\/anillas-abiertas-de-acero\/#breadcrumb\"},\"inLanguage\":\"de-DE\",\"potentialAction\":[{\"@type\":\"ReadAction\",\"target\":[\"https:\/\/www.artestar.eu\/de\/gro\u00dfhandel\/anillas-abiertas-de-acero\/\"]}]},{\"@type\":\"BreadcrumbList\",\"@id\":\"https:\/\/www.artestar.eu\/de\/gro\u00dfhandel\/anillas-abiertas-de-acero\/#breadcrumb\",\"itemListElement\":[{\"@type\":\"ListItem\",\"position\":1,\"name\":\"Artestar\",\"item\":\"https:\/\/www.artestar.eu\/de\/\"},{\"@type\":\"ListItem\",\"position\":2,\"name\":\"Gro\u00dfhandel\",\"item\":\"https:\/\/www.artestar.eu\/de\/grosshandel\/\"},{\"@type\":\"ListItem\",\"position\":3,\"name\":\"Anillas abiertas de acero\"}]},{\"@type\":\"WebSite\",\"@id\":\"https:\/\/www.artestar.eu\/de\/#website\",\"url\":\"https:\/\/www.artestar.eu\/de\/\",\"name\":\"Artestar\",\"description\":\"Mayorista en abalorios y joyer\u00eda\",\"publisher\":{\"@id\":\"https:\/\/www.artestar.eu\/de\/#organization\"},\"alternateName\":\"Artestar-EU\",\"potentialAction\":[{\"@type\":\"SearchAction\",\"target\":{\"@type\":\"EntryPoint\",\"urlTemplate\":\"https:\/\/www.artestar.eu\/de\/?s={search_term_string}\"},\"query-input\":\"required name=search_term_string\"}],\"inLanguage\":\"de-DE\"},{\"@type\":[\"Organization\",\"Place\"],\"@id\":\"https:\/\/www.artestar.eu\/de\/#organization\",\"name\":\"RUBY ABALORIO S.L.\",\"alternateName\":\"Artestar\",\"url\":\"https:\/\/www.artestar.eu\/de\/\",\"logo\":{\"@id\":\"https:\/\/www.artestar.eu\/de\/gro\u00dfhandel\/anillas-abiertas-de-acero\/#local-main-organization-logo\"},\"image\":{\"@id\":\"https:\/\/www.artestar.eu\/de\/gro\u00dfhandel\/anillas-abiertas-de-acero\/#local-main-organization-logo\"},\"sameAs\":[\"https:\/\/www.facebook.com\/ARTESTAREU\",\"https:\/\/www.instagram.com\/artestareu\/\",\"https:\/\/www.pinterest.es\/artestar_eu\/\",\"https:\/\/www.tiktok.com\/@artestar_wholesale\"],\"openingHoursSpecification\":[{\"@type\":\"OpeningHoursSpecification\",\"dayOfWeek\":[\"Monday\",\"Tuesday\",\"Wednesday\",\"Thursday\",\"Friday\",\"Saturday\",\"Sunday\"],\"opens\":\"09:00\",\"closes\":\"17:00\"}]},{\"@type\":\"ImageObject\",\"inLanguage\":\"de-DE\",\"@id\":\"https:\/\/www.artestar.eu\/de\/gro\u00dfhandel\/anillas-abiertas-de-acero\/#local-main-organization-logo\",\"url\":\"https:\/\/www.artestar.eu\/wp-content\/uploads\/2023\/05\/cropped-png.png\",\"contentUrl\":\"https:\/\/www.artestar.eu\/wp-content\/uploads\/2023\/05\/cropped-png.png\",\"width\":512,\"height\":512,\"caption\":\"RUBY ABALORIO S.L.\"}]}<\/script>\n<meta property=\"og:availability\" content=\"instock\" \/>\n<meta property=\"product:availability\" content=\"instock\" \/>\n<meta property=\"product:retailer_item_id\" content=\"BXG0048-0056\" \/>\n<meta property=\"product:condition\" content=\"new\" \/>\n<!-- \/ Yoast SEO Premium plugin. -->","yoast_head_json":{"title":"Anillas abiertas de acero - Artestar","description":"El anillas abiertos de acero puede conectar perlas, cristales, conchas, etc. para hacer artesan\u00edas como pulseras, collares y aretes.","robots":{"index":"index","follow":"follow","max-snippet":"max-snippet:-1","max-image-preview":"max-image-preview:large","max-video-preview":"max-video-preview:-1"},"canonical":"https:\/\/www.artestar.eu\/de\/gro\u00dfhandel\/anillas-abiertas-de-acero\/","og_locale":"de_DE","og_type":"article","og_title":"Anillas abiertas de acero","og_description":"El anillas abiertos de acero puede conectar perlas, cristales, conchas, etc. para hacer artesan\u00edas como pulseras, collares y aretes.","og_url":"https:\/\/www.artestar.eu\/de\/gro\u00dfhandel\/anillas-abiertas-de-acero\/","og_site_name":"Artestar","article_publisher":"https:\/\/www.facebook.com\/ARTESTAREU","article_modified_time":"2023-10-25T02:51:54+00:00","og_image":[{"width":600,"height":600,"url":"https:\/\/www.artestar.eu\/wp-content\/uploads\/2023\/06\/Open-ring-jump-ring-1.jpg","type":"image\/jpeg"}],"twitter_card":"summary_large_image","twitter_misc":{"Availability":"Auf Lager"},"schema":{"@context":"https:\/\/schema.org","@graph":[{"@type":"WebPage","@id":"https:\/\/www.artestar.eu\/de\/gro\u00dfhandel\/anillas-abiertas-de-acero\/","url":"https:\/\/www.artestar.eu\/de\/gro\u00dfhandel\/anillas-abiertas-de-acero\/","name":"Anillas abiertas de acero - Artestar","isPartOf":{"@id":"https:\/\/www.artestar.eu\/de\/#website"},"datePublished":"2023-06-05T05:26:57+00:00","dateModified":"2023-10-25T02:51:54+00:00","description":"El anillas abiertos de acero puede conectar perlas, cristales, conchas, etc. para hacer artesan\u00edas como pulseras, collares y aretes.","breadcrumb":{"@id":"https:\/\/www.artestar.eu\/de\/gro\u00dfhandel\/anillas-abiertas-de-acero\/#breadcrumb"},"inLanguage":"de-DE","potentialAction":[{"@type":"ReadAction","target":["https:\/\/www.artestar.eu\/de\/gro\u00dfhandel\/anillas-abiertas-de-acero\/"]}]},{"@type":"BreadcrumbList","@id":"https:\/\/www.artestar.eu\/de\/gro\u00dfhandel\/anillas-abiertas-de-acero\/#breadcrumb","itemListElement":[{"@type":"ListItem","position":1,"name":"Artestar","item":"https:\/\/www.artestar.eu\/de\/"},{"@type":"ListItem","position":2,"name":"Gro\u00dfhandel","item":"https:\/\/www.artestar.eu\/de\/grosshandel\/"},{"@type":"ListItem","position":3,"name":"Anillas abiertas de acero"}]},{"@type":"WebSite","@id":"https:\/\/www.artestar.eu\/de\/#website","url":"https:\/\/www.artestar.eu\/de\/","name":"Artestar","description":"Mayorista en abalorios y joyer\u00eda","publisher":{"@id":"https:\/\/www.artestar.eu\/de\/#organization"},"alternateName":"Artestar-EU","potentialAction":[{"@type":"SearchAction","target":{"@type":"EntryPoint","urlTemplate":"https:\/\/www.artestar.eu\/de\/?s={search_term_string}"},"query-input":"required name=search_term_string"}],"inLanguage":"de-DE"},{"@type":["Organization","Place"],"@id":"https:\/\/www.artestar.eu\/de\/#organization","name":"RUBY ABALORIO S.L.","alternateName":"Artestar","url":"https:\/\/www.artestar.eu\/de\/","logo":{"@id":"https:\/\/www.artestar.eu\/de\/gro\u00dfhandel\/anillas-abiertas-de-acero\/#local-main-organization-logo"},"image":{"@id":"https:\/\/www.artestar.eu\/de\/gro\u00dfhandel\/anillas-abiertas-de-acero\/#local-main-organization-logo"},"sameAs":["https:\/\/www.facebook.com\/ARTESTAREU","https:\/\/www.instagram.com\/artestareu\/","https:\/\/www.pinterest.es\/artestar_eu\/","https:\/\/www.tiktok.com\/@artestar_wholesale"],"openingHoursSpecification":[{"@type":"OpeningHoursSpecification","dayOfWeek":["Monday","Tuesday","Wednesday","Thursday","Friday","Saturday","Sunday"],"opens":"09:00","closes":"17:00"}]},{"@type":"ImageObject","inLanguage":"de-DE","@id":"https:\/\/www.artestar.eu\/de\/gro\u00dfhandel\/anillas-abiertas-de-acero\/#local-main-organization-logo","url":"https:\/\/www.artestar.eu\/wp-content\/uploads\/2023\/05\/cropped-png.png","contentUrl":"https:\/\/www.artestar.eu\/wp-content\/uploads\/2023\/05\/cropped-png.png","width":512,"height":512,"caption":"RUBY ABALORIO S.L."}]},"og_availability":"instock","product_availability":"instock","product_retailer_item_id":"BXG0048-0056","product_condition":"new"},"tiered_pricing_type":"fixed","tiered_pricing_fixed_rules":[],"tiered_pricing_percentage_rules":[],"tiered_pricing_minimum":null,"_administrator_tiered_pricing_type":"fixed","_administrator_tiered_pricing_fixed_rules":[],"_editor_tiered_pricing_type":"fixed","_editor_tiered_pricing_fixed_rules":[],"_author_tiered_pricing_type":"fixed","_author_tiered_pricing_fixed_rules":[],"_contributor_tiered_pricing_type":"fixed","_contributor_tiered_pricing_fixed_rules":[],"_subscriber_tiered_pricing_type":"fixed","_subscriber_tiered_pricing_fixed_rules":[],"_wpseo_manager_tiered_pricing_type":"fixed","_wpseo_manager_tiered_pricing_fixed_rules":[],"_wpseo_editor_tiered_pricing_type":"fixed","_wpseo_editor_tiered_pricing_fixed_rules":[],"_customer_tiered_pricing_type":"fixed","_customer_tiered_pricing_fixed_rules":[],"_shop_manager_tiered_pricing_type":"fixed","_shop_manager_tiered_pricing_fixed_rules":[],"_product_manager_tiered_pricing_type":"fixed","_product_manager_tiered_pricing_fixed_rules":[],"_links":{"self":[{"href":"https:\/\/www.artestar.eu\/de\/wp-json\/wp\/v2\/product\/31346"}],"collection":[{"href":"https:\/\/www.artestar.eu\/de\/wp-json\/wp\/v2\/product"}],"about":[{"href":"https:\/\/www.artestar.eu\/de\/wp-json\/wp\/v2\/types\/product"}],"replies":[{"embeddable":true,"href":"https:\/\/www.artestar.eu\/de\/wp-json\/wp\/v2\/comments?post=31346"}],"version-history":[{"count":2,"href":"https:\/\/www.artestar.eu\/de\/wp-json\/wp\/v2\/product\/31346\/revisions"}],"predecessor-version":[{"id":37123,"href":"https:\/\/www.artestar.eu\/de\/wp-json\/wp\/v2\/product\/31346\/revisions\/37123"}],"wp:featuredmedia":[{"embeddable":true,"href":"https:\/\/www.artestar.eu\/de\/wp-json\/wp\/v2\/media\/14045"}],"wp:attachment":[{"href":"https:\/\/www.artestar.eu\/de\/wp-json\/wp\/v2\/media?parent=31346"}],"wp:term":[{"taxonomy":"product_cat","embeddable":true,"href":"https:\/\/www.artestar.eu\/de\/wp-json\/wp\/v2\/product_cat?post=31346"},{"taxonomy":"product_tag","embeddable":true,"href":"https:\/\/www.artestar.eu\/de\/wp-json\/wp\/v2\/product_tag?post=31346"}],"curies":[{"name":"wp","href":"https:\/\/api.w.org\/{rel}","templated":true}]}}