{"id":35026,"date":"2023-09-06T09:15:24","date_gmt":"2023-09-06T09:15:24","guid":{"rendered":"https:\/\/www.artestar.eu\/al-por-mayor\/amethyst-steinanhaenger-mit-kupferdraht-umwickelt\/"},"modified":"2023-09-06T09:15:24","modified_gmt":"2023-09-06T09:15:24","slug":"amethyst-steinanhaenger-mit-kupferdraht-umwickelt","status":"publish","type":"product","link":"https:\/\/www.artestar.eu\/de\/gro\u00dfhandel\/amethyst-steinanhaenger-mit-kupferdraht-umwickelt\/","title":{"rendered":"Amethyst-Steinanh\u00e4nger mit Kupferdraht umwickelt"},"content":{"rendered":"<p>Amethyst Steinanh\u00e4nger umwickelter Kupferdraht: Denn jeder Steinperlenanh\u00e4nger ist aus reinen Naturmaterialien gefertigt und hat eine einzigartige Optik.<\/p>\n<ul>\n<li data-slate-node=\"element\">Mit einer polierten Oberfl\u00e4che haben diese Natursteinanh\u00e4nger eine glatte Oberfl\u00e4che und sind sehr angenehm zu tragen. Dar\u00fcber hinaus machen ihr Aussehen, zusammen mit ihrer nat\u00fcrlichen Textur und Farbe, Edelsteinperlen einzigartig.<\/li>\n<li data-slate-node=\"element\">Das Tragen unserer nat\u00fcrlichen Halbedelstein-Anh\u00e4nger lindert Stress und \u00c4ngste, denn sie vermitteln positive psychologische Botschaften und eine optimistische Lebenseinstellung und sollen kosmische Energie auf den K\u00f6rper \u00fcbertragen.<\/li>\n<li data-slate-node=\"element\">Die L\u00f6cher aus rostfreiem Stahl oben an den Steinanh\u00e4ngern haben die richtige Gr\u00f6\u00dfe f\u00fcr das Einf\u00e4deln. Oft reicht es aus, eine Kette oder Schnur einzuf\u00e4deln. Mit Zubeh\u00f6r wie einem Karabinerverschluss aus Edelstahl, um Ihr eigenes Bastelprojekt zu vervollst\u00e4ndigen \u2013 viel Spa\u00df beim Basteln mit Schmuck!<\/li>\n<li data-slate-node=\"element\">Diese filigranen Edelsteinanh\u00e4nger lassen sich mit anderem Metallzubeh\u00f6r, Kristallen, Perlen und Muscheln zu jedem beliebigen Modeschmuckst\u00fcck, Halsketten, Armb\u00e4ndern, Ohrringen, Wohnaccessoires und vielem mehr kombinieren. Schenken Sie es Ihren Freunden und Ihrer Familie, die Handwerk lieben. Es ist nicht nur ein perfektes Geschenk, sondern wird auch mit den besten W\u00fcnschen geliefert.<\/li>\n<\/ul>\n<h5 data-slate-node=\"element\"><img decoding=\"async\" class=\"alignnone size-full wp-image-31718\" src=\"https:\/\/www.artestar.eu\/wp-content\/uploads\/2023\/09\/natural-semi-precious-gemstone-pendants-gold-copper-wire-wrapped-amethysts-03.jpg\" alt=\"Amethyst-Steinanh\u00e4nger mit Kupferdraht umwickelt\" width=\"600\" height=\"600\" srcset=\"https:\/\/www.artestar.eu\/wp-content\/uploads\/2023\/09\/natural-semi-precious-gemstone-pendants-gold-copper-wire-wrapped-amethysts-03.jpg 600w, https:\/\/www.artestar.eu\/wp-content\/uploads\/2023\/09\/natural-semi-precious-gemstone-pendants-gold-copper-wire-wrapped-amethysts-03-300x300.jpg 300w, https:\/\/www.artestar.eu\/wp-content\/uploads\/2023\/09\/natural-semi-precious-gemstone-pendants-gold-copper-wire-wrapped-amethysts-03-150x150.jpg 150w, https:\/\/www.artestar.eu\/wp-content\/uploads\/2023\/09\/natural-semi-precious-gemstone-pendants-gold-copper-wire-wrapped-amethysts-03-450x450.jpg 450w, https:\/\/www.artestar.eu\/wp-content\/uploads\/2023\/09\/natural-semi-precious-gemstone-pendants-gold-copper-wire-wrapped-amethysts-03-54x54.jpg 54w\" sizes=\"(max-width: 600px) 100vw, 600px\" \/><\/h5>\n<h5 data-slate-node=\"element\">Amethyst-Steinanh\u00e4nger mit Kupferdraht umwickelt<\/h5>\n<ul>\n<li data-slate-node=\"element\">Achtung: Aufgrund von Unterschieden bei Monitoren und Aufl\u00f6sung k\u00f6nnen die Bildfarben geringf\u00fcgig von den tats\u00e4chlichen Farben abweichen.<\/li>\n<li data-slate-node=\"element\">Steinperlen sollten vor intensiver Sonneneinstrahlung gesch\u00fctzt werden, um die Textur und Farbe des Steins nicht zu besch\u00e4digen.<\/li>\n<li data-slate-node=\"element\">Warnung: Kinder unter drei Jahren sollten Kontakt vermeiden, Erstickungsgefahr.<\/li>\n<\/ul>\n","protected":false},"excerpt":{"rendered":"<ul>\n<li>Menge: 1 Stk.<\/li>\n<li>Gr\u00f6\u00dfe: ca. 21 ~ 32 x 18 ~ 27 x 16 ~ 23 mm, Loch: ca. \u2205 4 ~ 6 mm<\/li>\n<li>Da es sich um einen Naturstein handelt, k\u00f6nnen Formen und Gr\u00f6\u00dfen variieren. Die Bema\u00dfungen dienen nur als Referenz.<\/li>\n<\/ul>\n","protected":false},"featured_media":31703,"comment_status":"open","ping_status":"closed","template":"","meta":[],"product_cat":[1088,1100],"product_tag":[3000,2915,2560,2556,2563,2557,2559,2561,2564],"yoast_head":"<!-- This site is optimized with the Yoast SEO Premium plugin v20.5 (Yoast SEO v21.5) - https:\/\/yoast.com\/wordpress\/plugins\/seo\/ -->\n<title>Amethyst-Steinanh\u00e4nger mit Kupferdraht umwickelt - Artestar<\/title>\n<meta name=\"robots\" content=\"index, follow, max-snippet:-1, max-image-preview:large, max-video-preview:-1\" \/>\n<link rel=\"canonical\" href=\"https:\/\/www.artestar.eu\/de\/gro\u00dfhandel\/amethyst-steinanhaenger-mit-kupferdraht-umwickelt\/\" \/>\n<meta property=\"og:locale\" content=\"de_DE\" \/>\n<meta property=\"og:type\" content=\"article\" \/>\n<meta property=\"og:title\" content=\"Amethyst-Steinanh\u00e4nger mit Kupferdraht umwickelt\" \/>\n<meta property=\"og:description\" content=\"Menge: 1 Stk.  Gr\u00f6\u00dfe: ca. 21 ~ 32 x 18 ~ 27 x 16 ~ 23 mm, Loch: ca. \u2205 4 ~ 6 mm  Da es sich um einen Naturstein handelt, k\u00f6nnen Formen und Gr\u00f6\u00dfen variieren. Die Bema\u00dfungen dienen nur als Referenz.\" \/>\n<meta property=\"og:url\" content=\"https:\/\/www.artestar.eu\/de\/gro\u00dfhandel\/amethyst-steinanhaenger-mit-kupferdraht-umwickelt\/\" \/>\n<meta property=\"og:site_name\" content=\"Artestar\" \/>\n<meta property=\"article:publisher\" content=\"https:\/\/www.facebook.com\/ARTESTAREU\" \/>\n<meta property=\"og:image\" content=\"https:\/\/www.artestar.eu\/wp-content\/uploads\/2023\/09\/natural-semi-precious-gemstone-pendants-gold-copper-wire-wrapped-amethysts.jpg\" \/>\n\t<meta property=\"og:image:width\" content=\"600\" \/>\n\t<meta property=\"og:image:height\" content=\"600\" \/>\n\t<meta property=\"og:image:type\" content=\"image\/jpeg\" \/>\n<meta name=\"twitter:card\" content=\"summary_large_image\" \/>\n<meta name=\"twitter:label1\" content=\"Preis\" \/>\n\t<meta name=\"twitter:data1\" content=\"0,64&nbsp;&euro; (Ohne MwSt)\" \/>\n\t<meta name=\"twitter:label2\" content=\"Availability\" \/>\n\t<meta name=\"twitter:data2\" content=\"Auf Lager\" \/>\n<script type=\"application\/ld+json\" class=\"yoast-schema-graph\">{\"@context\":\"https:\/\/schema.org\",\"@graph\":[{\"@type\":\"WebPage\",\"@id\":\"https:\/\/www.artestar.eu\/de\/gro\u00dfhandel\/amethyst-steinanhaenger-mit-kupferdraht-umwickelt\/\",\"url\":\"https:\/\/www.artestar.eu\/de\/gro\u00dfhandel\/amethyst-steinanhaenger-mit-kupferdraht-umwickelt\/\",\"name\":\"Amethyst-Steinanh\u00e4nger mit Kupferdraht umwickelt - Artestar\",\"isPartOf\":{\"@id\":\"https:\/\/www.artestar.eu\/de\/#website\"},\"datePublished\":\"2023-09-06T09:15:24+00:00\",\"dateModified\":\"2023-09-06T09:15:24+00:00\",\"breadcrumb\":{\"@id\":\"https:\/\/www.artestar.eu\/de\/gro\u00dfhandel\/amethyst-steinanhaenger-mit-kupferdraht-umwickelt\/#breadcrumb\"},\"inLanguage\":\"de-DE\",\"potentialAction\":[{\"@type\":\"ReadAction\",\"target\":[\"https:\/\/www.artestar.eu\/de\/gro\u00dfhandel\/amethyst-steinanhaenger-mit-kupferdraht-umwickelt\/\"]}]},{\"@type\":\"BreadcrumbList\",\"@id\":\"https:\/\/www.artestar.eu\/de\/gro\u00dfhandel\/amethyst-steinanhaenger-mit-kupferdraht-umwickelt\/#breadcrumb\",\"itemListElement\":[{\"@type\":\"ListItem\",\"position\":1,\"name\":\"Artestar\",\"item\":\"https:\/\/www.artestar.eu\/de\/\"},{\"@type\":\"ListItem\",\"position\":2,\"name\":\"Gro\u00dfhandel\",\"item\":\"https:\/\/www.artestar.eu\/de\/grosshandel\/\"},{\"@type\":\"ListItem\",\"position\":3,\"name\":\"Amethyst-Steinanh\u00e4nger mit Kupferdraht umwickelt\"}]},{\"@type\":\"WebSite\",\"@id\":\"https:\/\/www.artestar.eu\/de\/#website\",\"url\":\"https:\/\/www.artestar.eu\/de\/\",\"name\":\"Artestar\",\"description\":\"Mayorista en abalorios y joyer\u00eda\",\"publisher\":{\"@id\":\"https:\/\/www.artestar.eu\/de\/#organization\"},\"alternateName\":\"Artestar-EU\",\"potentialAction\":[{\"@type\":\"SearchAction\",\"target\":{\"@type\":\"EntryPoint\",\"urlTemplate\":\"https:\/\/www.artestar.eu\/de\/?s={search_term_string}\"},\"query-input\":\"required name=search_term_string\"}],\"inLanguage\":\"de-DE\"},{\"@type\":[\"Organization\",\"Place\"],\"@id\":\"https:\/\/www.artestar.eu\/de\/#organization\",\"name\":\"RUBY ABALORIO S.L.\",\"alternateName\":\"Artestar\",\"url\":\"https:\/\/www.artestar.eu\/de\/\",\"logo\":{\"@id\":\"https:\/\/www.artestar.eu\/de\/gro\u00dfhandel\/amethyst-steinanhaenger-mit-kupferdraht-umwickelt\/#local-main-organization-logo\"},\"image\":{\"@id\":\"https:\/\/www.artestar.eu\/de\/gro\u00dfhandel\/amethyst-steinanhaenger-mit-kupferdraht-umwickelt\/#local-main-organization-logo\"},\"sameAs\":[\"https:\/\/www.facebook.com\/ARTESTAREU\",\"https:\/\/www.instagram.com\/artestareu\/\",\"https:\/\/www.pinterest.es\/artestar_eu\/\",\"https:\/\/www.tiktok.com\/@artestar_wholesale\"],\"openingHoursSpecification\":[{\"@type\":\"OpeningHoursSpecification\",\"dayOfWeek\":[\"Monday\",\"Tuesday\",\"Wednesday\",\"Thursday\",\"Friday\",\"Saturday\",\"Sunday\"],\"opens\":\"09:00\",\"closes\":\"17:00\"}]},{\"@type\":\"ImageObject\",\"inLanguage\":\"de-DE\",\"@id\":\"https:\/\/www.artestar.eu\/de\/gro\u00dfhandel\/amethyst-steinanhaenger-mit-kupferdraht-umwickelt\/#local-main-organization-logo\",\"url\":\"https:\/\/www.artestar.eu\/wp-content\/uploads\/2023\/05\/cropped-png.png\",\"contentUrl\":\"https:\/\/www.artestar.eu\/wp-content\/uploads\/2023\/05\/cropped-png.png\",\"width\":512,\"height\":512,\"caption\":\"RUBY ABALORIO S.L.\"}]}<\/script>\n<meta property=\"product:price:amount\" content=\"0.64\" \/>\n<meta property=\"product:price:currency\" content=\"EUR\" \/>\n<meta property=\"og:availability\" content=\"instock\" \/>\n<meta property=\"product:availability\" content=\"instock\" \/>\n<meta property=\"product:retailer_item_id\" content=\"BS-GZ-RX-0011\" \/>\n<meta property=\"product:condition\" content=\"new\" \/>\n<!-- \/ Yoast SEO Premium plugin. -->","yoast_head_json":{"title":"Amethyst-Steinanh\u00e4nger mit Kupferdraht umwickelt - Artestar","robots":{"index":"index","follow":"follow","max-snippet":"max-snippet:-1","max-image-preview":"max-image-preview:large","max-video-preview":"max-video-preview:-1"},"canonical":"https:\/\/www.artestar.eu\/de\/gro\u00dfhandel\/amethyst-steinanhaenger-mit-kupferdraht-umwickelt\/","og_locale":"de_DE","og_type":"article","og_title":"Amethyst-Steinanh\u00e4nger mit Kupferdraht umwickelt","og_description":"Menge: 1 Stk.  Gr\u00f6\u00dfe: ca. 21 ~ 32 x 18 ~ 27 x 16 ~ 23 mm, Loch: ca. \u2205 4 ~ 6 mm  Da es sich um einen Naturstein handelt, k\u00f6nnen Formen und Gr\u00f6\u00dfen variieren. Die Bema\u00dfungen dienen nur als Referenz.","og_url":"https:\/\/www.artestar.eu\/de\/gro\u00dfhandel\/amethyst-steinanhaenger-mit-kupferdraht-umwickelt\/","og_site_name":"Artestar","article_publisher":"https:\/\/www.facebook.com\/ARTESTAREU","og_image":[{"width":600,"height":600,"url":"https:\/\/www.artestar.eu\/wp-content\/uploads\/2023\/09\/natural-semi-precious-gemstone-pendants-gold-copper-wire-wrapped-amethysts.jpg","type":"image\/jpeg"}],"twitter_card":"summary_large_image","twitter_misc":{"Preis":"0,64&nbsp;&euro; (Ohne MwSt)","Availability":"Auf Lager"},"schema":{"@context":"https:\/\/schema.org","@graph":[{"@type":"WebPage","@id":"https:\/\/www.artestar.eu\/de\/gro\u00dfhandel\/amethyst-steinanhaenger-mit-kupferdraht-umwickelt\/","url":"https:\/\/www.artestar.eu\/de\/gro\u00dfhandel\/amethyst-steinanhaenger-mit-kupferdraht-umwickelt\/","name":"Amethyst-Steinanh\u00e4nger mit Kupferdraht umwickelt - Artestar","isPartOf":{"@id":"https:\/\/www.artestar.eu\/de\/#website"},"datePublished":"2023-09-06T09:15:24+00:00","dateModified":"2023-09-06T09:15:24+00:00","breadcrumb":{"@id":"https:\/\/www.artestar.eu\/de\/gro\u00dfhandel\/amethyst-steinanhaenger-mit-kupferdraht-umwickelt\/#breadcrumb"},"inLanguage":"de-DE","potentialAction":[{"@type":"ReadAction","target":["https:\/\/www.artestar.eu\/de\/gro\u00dfhandel\/amethyst-steinanhaenger-mit-kupferdraht-umwickelt\/"]}]},{"@type":"BreadcrumbList","@id":"https:\/\/www.artestar.eu\/de\/gro\u00dfhandel\/amethyst-steinanhaenger-mit-kupferdraht-umwickelt\/#breadcrumb","itemListElement":[{"@type":"ListItem","position":1,"name":"Artestar","item":"https:\/\/www.artestar.eu\/de\/"},{"@type":"ListItem","position":2,"name":"Gro\u00dfhandel","item":"https:\/\/www.artestar.eu\/de\/grosshandel\/"},{"@type":"ListItem","position":3,"name":"Amethyst-Steinanh\u00e4nger mit Kupferdraht umwickelt"}]},{"@type":"WebSite","@id":"https:\/\/www.artestar.eu\/de\/#website","url":"https:\/\/www.artestar.eu\/de\/","name":"Artestar","description":"Mayorista en abalorios y joyer\u00eda","publisher":{"@id":"https:\/\/www.artestar.eu\/de\/#organization"},"alternateName":"Artestar-EU","potentialAction":[{"@type":"SearchAction","target":{"@type":"EntryPoint","urlTemplate":"https:\/\/www.artestar.eu\/de\/?s={search_term_string}"},"query-input":"required name=search_term_string"}],"inLanguage":"de-DE"},{"@type":["Organization","Place"],"@id":"https:\/\/www.artestar.eu\/de\/#organization","name":"RUBY ABALORIO S.L.","alternateName":"Artestar","url":"https:\/\/www.artestar.eu\/de\/","logo":{"@id":"https:\/\/www.artestar.eu\/de\/gro\u00dfhandel\/amethyst-steinanhaenger-mit-kupferdraht-umwickelt\/#local-main-organization-logo"},"image":{"@id":"https:\/\/www.artestar.eu\/de\/gro\u00dfhandel\/amethyst-steinanhaenger-mit-kupferdraht-umwickelt\/#local-main-organization-logo"},"sameAs":["https:\/\/www.facebook.com\/ARTESTAREU","https:\/\/www.instagram.com\/artestareu\/","https:\/\/www.pinterest.es\/artestar_eu\/","https:\/\/www.tiktok.com\/@artestar_wholesale"],"openingHoursSpecification":[{"@type":"OpeningHoursSpecification","dayOfWeek":["Monday","Tuesday","Wednesday","Thursday","Friday","Saturday","Sunday"],"opens":"09:00","closes":"17:00"}]},{"@type":"ImageObject","inLanguage":"de-DE","@id":"https:\/\/www.artestar.eu\/de\/gro\u00dfhandel\/amethyst-steinanhaenger-mit-kupferdraht-umwickelt\/#local-main-organization-logo","url":"https:\/\/www.artestar.eu\/wp-content\/uploads\/2023\/05\/cropped-png.png","contentUrl":"https:\/\/www.artestar.eu\/wp-content\/uploads\/2023\/05\/cropped-png.png","width":512,"height":512,"caption":"RUBY ABALORIO S.L."}]},"product_price_amount":"0.64","product_price_currency":"EUR","og_availability":"instock","product_availability":"instock","product_retailer_item_id":"BS-GZ-RX-0011","product_condition":"new"},"tiered_pricing_type":"fixed","tiered_pricing_fixed_rules":[],"tiered_pricing_percentage_rules":[],"tiered_pricing_minimum":null,"_administrator_tiered_pricing_type":"fixed","_administrator_tiered_pricing_fixed_rules":[],"_editor_tiered_pricing_type":"fixed","_editor_tiered_pricing_fixed_rules":[],"_author_tiered_pricing_type":"fixed","_author_tiered_pricing_fixed_rules":[],"_contributor_tiered_pricing_type":"fixed","_contributor_tiered_pricing_fixed_rules":[],"_subscriber_tiered_pricing_type":"fixed","_subscriber_tiered_pricing_fixed_rules":[],"_wpseo_manager_tiered_pricing_type":"fixed","_wpseo_manager_tiered_pricing_fixed_rules":[],"_wpseo_editor_tiered_pricing_type":"fixed","_wpseo_editor_tiered_pricing_fixed_rules":[],"_customer_tiered_pricing_type":"fixed","_customer_tiered_pricing_fixed_rules":[],"_shop_manager_tiered_pricing_type":"fixed","_shop_manager_tiered_pricing_fixed_rules":[],"_product_manager_tiered_pricing_type":"fixed","_product_manager_tiered_pricing_fixed_rules":[],"_links":{"self":[{"href":"https:\/\/www.artestar.eu\/de\/wp-json\/wp\/v2\/product\/35026"}],"collection":[{"href":"https:\/\/www.artestar.eu\/de\/wp-json\/wp\/v2\/product"}],"about":[{"href":"https:\/\/www.artestar.eu\/de\/wp-json\/wp\/v2\/types\/product"}],"replies":[{"embeddable":true,"href":"https:\/\/www.artestar.eu\/de\/wp-json\/wp\/v2\/comments?post=35026"}],"version-history":[{"count":0,"href":"https:\/\/www.artestar.eu\/de\/wp-json\/wp\/v2\/product\/35026\/revisions"}],"wp:featuredmedia":[{"embeddable":true,"href":"https:\/\/www.artestar.eu\/de\/wp-json\/wp\/v2\/media\/31703"}],"wp:attachment":[{"href":"https:\/\/www.artestar.eu\/de\/wp-json\/wp\/v2\/media?parent=35026"}],"wp:term":[{"taxonomy":"product_cat","embeddable":true,"href":"https:\/\/www.artestar.eu\/de\/wp-json\/wp\/v2\/product_cat?post=35026"},{"taxonomy":"product_tag","embeddable":true,"href":"https:\/\/www.artestar.eu\/de\/wp-json\/wp\/v2\/product_tag?post=35026"}],"curies":[{"name":"wp","href":"https:\/\/api.w.org\/{rel}","templated":true}]}}