{"id":35111,"date":"2023-09-08T09:11:37","date_gmt":"2023-09-08T09:11:37","guid":{"rendered":"https:\/\/www.artestar.eu\/al-por-mayor\/farbig-geflochtenes-polyestergarn\/"},"modified":"2023-09-08T09:11:37","modified_gmt":"2023-09-08T09:11:37","slug":"farbiges-geflochtenes-polyestergarn","status":"publish","type":"product","link":"https:\/\/www.artestar.eu\/de\/gro\u00dfhandel\/farbiges-geflochtenes-polyestergarn\/","title":{"rendered":"Farbig geflochtenes Polyestergarn"},"content":{"rendered":"<p>Farbig geflochtenes Polyestergarn<\/p>\n<ul>\n<li>Langlebige Farbe: Polyestergarne werden aus Polyesterfasern hergestellt, mit einem hochwertigen F\u00e4rbeverfahren sind Polyestergarne voller Farbe und langlebig. Die Farben bleiben sowohl im Innen- als auch im Au\u00dfenbereich lebendig.<\/li>\n<li>Praktikabilit\u00e4t: Farbiges geflochtenes Polyestergarn ist sehr langlebig, mit ausgezeichneter Abriebfestigkeit und Haltbarkeit. Dar\u00fcber hinaus verheddert es sich nicht, verblasst nicht, ist einfach zu bedienen und zu lagern. Und es eignet sich f\u00fcr eine Vielzahl von Anwendungen, wie z. B. Bekleidung, Wohnkultur, Kunsthandwerk und mehr.<\/li>\n<li>Vielseitig einsetzbar: Geflochtenes Polyestergarn ist ideal f\u00fcr Ihre Bastelarbeiten. Geeignet f\u00fcr Modeschmuckperlen, DIY-Basteln, Spitzenstricken, einfaches Kn\u00fcpfen, Armb\u00e4nder, Halsketten usw.<\/li>\n<li>Pflegeleicht: Das gef\u00e4rbte Polyestergarn verblasst oder verblasst nicht leicht und h\u00e4lt mehrfachem Waschen und t\u00e4glichem Gebrauch stand.<\/li>\n<\/ul>\n<p><img decoding=\"async\" class=\"alignnone size-full wp-image-34342\" src=\"https:\/\/www.artestar.eu\/wp-content\/uploads\/2023\/09\/Colorful-braided-polyester-thread-for-braided-jewelry-lace-bracelets-02.jpg\" alt=\"Farbig geflochtenes Polyestergarn\" width=\"600\" height=\"600\" srcset=\"https:\/\/www.artestar.eu\/wp-content\/uploads\/2023\/09\/Colorful-braided-polyester-thread-for-braided-jewelry-lace-bracelets-02.jpg 600w, https:\/\/www.artestar.eu\/wp-content\/uploads\/2023\/09\/Colorful-braided-polyester-thread-for-braided-jewelry-lace-bracelets-02-300x300.jpg 300w, https:\/\/www.artestar.eu\/wp-content\/uploads\/2023\/09\/Colorful-braided-polyester-thread-for-braided-jewelry-lace-bracelets-02-150x150.jpg 150w, https:\/\/www.artestar.eu\/wp-content\/uploads\/2023\/09\/Colorful-braided-polyester-thread-for-braided-jewelry-lace-bracelets-02-450x450.jpg 450w, https:\/\/www.artestar.eu\/wp-content\/uploads\/2023\/09\/Colorful-braided-polyester-thread-for-braided-jewelry-lace-bracelets-02-54x54.jpg 54w\" sizes=\"(max-width: 600px) 100vw, 600px\" \/><\/p>\n<p>Geflochtenes Polyestergarn<\/p>\n<ul>\n<li>Denn jede Rolle geflochtenes Seil gibt es in ausreichender Menge und in einer Vielzahl von Farben. Wenn Sie sich entscheiden, diese Polyesterf\u00e4den zu verwenden, um sch\u00f6ne chinesische Knoten zu machen. Traumnetze weben, Flaschen, Geschenke verpacken etc. Wir glauben, dass Ihr Handwerk ein neues Niveau erreichen wird.<\/li>\n<li>W\u00e4hlen Sie farbiges geflochtenes Polyestergarn f\u00fcr grenzenlose Kreativit\u00e4t und einzigartigere und attraktivere Produkte.<\/li>\n<li>Hinweis: Bitte erlauben Sie leichte Fehler aufgrund der manuellen Messung.<\/li>\n<\/ul>\n","protected":false},"excerpt":{"rendered":"<ul>\n<li>Menge: 1 Stk.<\/li>\n<li>Gr\u00f6\u00dfe: ca. \u22051mm; Spule: 54&#215;58 mm; Ca.. 80 m\/Rolle.<\/li>\n<li>Geflochtene Kordel f\u00fcr DIY-Armb\u00e4nder, Halsketten, Zubeh\u00f6r f\u00fcr die Schmuckherstellung.<\/li>\n<\/ul>\n","protected":false},"featured_media":34357,"comment_status":"open","ping_status":"closed","template":"","meta":[],"product_cat":[2397,2380],"product_tag":[2896,2901,2867,2893,2871,2879,2888,2876],"yoast_head":"<!-- This site is optimized with the Yoast SEO Premium plugin v20.5 (Yoast SEO v21.5) - https:\/\/yoast.com\/wordpress\/plugins\/seo\/ -->\n<title>Farbiges geflochtenes Polyestergarn - Artestar<\/title>\n<meta name=\"description\" content=\"Der farbig geflochtene Polyesterfaden ist mit verschiedenen Perlen und Schmuckaccessoires kompatibel. Lasst uns gemeinsam kreativ sein.\" \/>\n<meta name=\"robots\" content=\"index, follow, max-snippet:-1, max-image-preview:large, max-video-preview:-1\" \/>\n<link rel=\"canonical\" href=\"https:\/\/www.artestar.eu\/de\/gro\u00dfhandel\/farbiges-geflochtenes-polyestergarn\/\" \/>\n<meta property=\"og:locale\" content=\"de_DE\" \/>\n<meta property=\"og:type\" content=\"article\" \/>\n<meta property=\"og:title\" content=\"Farbig geflochtenes Polyestergarn\" \/>\n<meta property=\"og:description\" content=\"Der farbig geflochtene Polyesterfaden ist mit verschiedenen Perlen und Schmuckaccessoires kompatibel. Lasst uns gemeinsam kreativ sein.\" \/>\n<meta property=\"og:url\" content=\"https:\/\/www.artestar.eu\/de\/gro\u00dfhandel\/farbiges-geflochtenes-polyestergarn\/\" \/>\n<meta property=\"og:site_name\" content=\"Artestar\" \/>\n<meta property=\"article:publisher\" content=\"https:\/\/www.facebook.com\/ARTESTAREU\" \/>\n<meta property=\"og:image\" content=\"https:\/\/www.artestar.eu\/wp-content\/uploads\/2023\/09\/Colorful-braided-polyester-thread-for-braided-jewelry-lace-bracelets.jpg\" \/>\n\t<meta property=\"og:image:width\" content=\"600\" \/>\n\t<meta property=\"og:image:height\" content=\"600\" \/>\n\t<meta property=\"og:image:type\" content=\"image\/jpeg\" \/>\n<meta name=\"twitter:card\" content=\"summary_large_image\" \/>\n<meta name=\"twitter:label1\" content=\"Availability\" \/>\n\t<meta name=\"twitter:data1\" content=\"Auf Lager\" \/>\n<script type=\"application\/ld+json\" class=\"yoast-schema-graph\">{\"@context\":\"https:\/\/schema.org\",\"@graph\":[{\"@type\":\"WebPage\",\"@id\":\"https:\/\/www.artestar.eu\/de\/gro\u00dfhandel\/farbiges-geflochtenes-polyestergarn\/\",\"url\":\"https:\/\/www.artestar.eu\/de\/gro\u00dfhandel\/farbiges-geflochtenes-polyestergarn\/\",\"name\":\"Farbiges geflochtenes Polyestergarn - Artestar\",\"isPartOf\":{\"@id\":\"https:\/\/www.artestar.eu\/de\/#website\"},\"datePublished\":\"2023-09-08T09:11:37+00:00\",\"dateModified\":\"2023-09-08T09:11:37+00:00\",\"description\":\"Der farbig geflochtene Polyesterfaden ist mit verschiedenen Perlen und Schmuckaccessoires kompatibel. Lasst uns gemeinsam kreativ sein.\",\"breadcrumb\":{\"@id\":\"https:\/\/www.artestar.eu\/de\/gro\u00dfhandel\/farbiges-geflochtenes-polyestergarn\/#breadcrumb\"},\"inLanguage\":\"de-DE\",\"potentialAction\":[{\"@type\":\"ReadAction\",\"target\":[\"https:\/\/www.artestar.eu\/de\/gro\u00dfhandel\/farbiges-geflochtenes-polyestergarn\/\"]}]},{\"@type\":\"BreadcrumbList\",\"@id\":\"https:\/\/www.artestar.eu\/de\/gro\u00dfhandel\/farbiges-geflochtenes-polyestergarn\/#breadcrumb\",\"itemListElement\":[{\"@type\":\"ListItem\",\"position\":1,\"name\":\"Artestar\",\"item\":\"https:\/\/www.artestar.eu\/de\/\"},{\"@type\":\"ListItem\",\"position\":2,\"name\":\"Gro\u00dfhandel\",\"item\":\"https:\/\/www.artestar.eu\/de\/grosshandel\/\"},{\"@type\":\"ListItem\",\"position\":3,\"name\":\"Farbig geflochtenes Polyestergarn\"}]},{\"@type\":\"WebSite\",\"@id\":\"https:\/\/www.artestar.eu\/de\/#website\",\"url\":\"https:\/\/www.artestar.eu\/de\/\",\"name\":\"Artestar\",\"description\":\"Mayorista en abalorios y joyer\u00eda\",\"publisher\":{\"@id\":\"https:\/\/www.artestar.eu\/de\/#organization\"},\"alternateName\":\"Artestar-EU\",\"potentialAction\":[{\"@type\":\"SearchAction\",\"target\":{\"@type\":\"EntryPoint\",\"urlTemplate\":\"https:\/\/www.artestar.eu\/de\/?s={search_term_string}\"},\"query-input\":\"required name=search_term_string\"}],\"inLanguage\":\"de-DE\"},{\"@type\":[\"Organization\",\"Place\"],\"@id\":\"https:\/\/www.artestar.eu\/de\/#organization\",\"name\":\"RUBY ABALORIO S.L.\",\"alternateName\":\"Artestar\",\"url\":\"https:\/\/www.artestar.eu\/de\/\",\"logo\":{\"@id\":\"https:\/\/www.artestar.eu\/de\/gro\u00dfhandel\/farbiges-geflochtenes-polyestergarn\/#local-main-organization-logo\"},\"image\":{\"@id\":\"https:\/\/www.artestar.eu\/de\/gro\u00dfhandel\/farbiges-geflochtenes-polyestergarn\/#local-main-organization-logo\"},\"sameAs\":[\"https:\/\/www.facebook.com\/ARTESTAREU\",\"https:\/\/www.instagram.com\/artestareu\/\",\"https:\/\/www.pinterest.es\/artestar_eu\/\",\"https:\/\/www.tiktok.com\/@artestar_wholesale\"],\"openingHoursSpecification\":[{\"@type\":\"OpeningHoursSpecification\",\"dayOfWeek\":[\"Monday\",\"Tuesday\",\"Wednesday\",\"Thursday\",\"Friday\",\"Saturday\",\"Sunday\"],\"opens\":\"09:00\",\"closes\":\"17:00\"}]},{\"@type\":\"ImageObject\",\"inLanguage\":\"de-DE\",\"@id\":\"https:\/\/www.artestar.eu\/de\/gro\u00dfhandel\/farbiges-geflochtenes-polyestergarn\/#local-main-organization-logo\",\"url\":\"https:\/\/www.artestar.eu\/wp-content\/uploads\/2023\/05\/cropped-png.png\",\"contentUrl\":\"https:\/\/www.artestar.eu\/wp-content\/uploads\/2023\/05\/cropped-png.png\",\"width\":512,\"height\":512,\"caption\":\"RUBY ABALORIO S.L.\"}]}<\/script>\n<meta property=\"og:availability\" content=\"instock\" \/>\n<meta property=\"product:availability\" content=\"instock\" \/>\n<meta property=\"product:retailer_item_id\" content=\"XS-DL0001-0025\" \/>\n<meta property=\"product:condition\" content=\"new\" \/>\n<!-- \/ Yoast SEO Premium plugin. -->","yoast_head_json":{"title":"Farbiges geflochtenes Polyestergarn - Artestar","description":"Der farbig geflochtene Polyesterfaden ist mit verschiedenen Perlen und Schmuckaccessoires kompatibel. Lasst uns gemeinsam kreativ sein.","robots":{"index":"index","follow":"follow","max-snippet":"max-snippet:-1","max-image-preview":"max-image-preview:large","max-video-preview":"max-video-preview:-1"},"canonical":"https:\/\/www.artestar.eu\/de\/gro\u00dfhandel\/farbiges-geflochtenes-polyestergarn\/","og_locale":"de_DE","og_type":"article","og_title":"Farbig geflochtenes Polyestergarn","og_description":"Der farbig geflochtene Polyesterfaden ist mit verschiedenen Perlen und Schmuckaccessoires kompatibel. Lasst uns gemeinsam kreativ sein.","og_url":"https:\/\/www.artestar.eu\/de\/gro\u00dfhandel\/farbiges-geflochtenes-polyestergarn\/","og_site_name":"Artestar","article_publisher":"https:\/\/www.facebook.com\/ARTESTAREU","og_image":[{"width":600,"height":600,"url":"https:\/\/www.artestar.eu\/wp-content\/uploads\/2023\/09\/Colorful-braided-polyester-thread-for-braided-jewelry-lace-bracelets.jpg","type":"image\/jpeg"}],"twitter_card":"summary_large_image","twitter_misc":{"Availability":"Auf Lager"},"schema":{"@context":"https:\/\/schema.org","@graph":[{"@type":"WebPage","@id":"https:\/\/www.artestar.eu\/de\/gro\u00dfhandel\/farbiges-geflochtenes-polyestergarn\/","url":"https:\/\/www.artestar.eu\/de\/gro\u00dfhandel\/farbiges-geflochtenes-polyestergarn\/","name":"Farbiges geflochtenes Polyestergarn - Artestar","isPartOf":{"@id":"https:\/\/www.artestar.eu\/de\/#website"},"datePublished":"2023-09-08T09:11:37+00:00","dateModified":"2023-09-08T09:11:37+00:00","description":"Der farbig geflochtene Polyesterfaden ist mit verschiedenen Perlen und Schmuckaccessoires kompatibel. Lasst uns gemeinsam kreativ sein.","breadcrumb":{"@id":"https:\/\/www.artestar.eu\/de\/gro\u00dfhandel\/farbiges-geflochtenes-polyestergarn\/#breadcrumb"},"inLanguage":"de-DE","potentialAction":[{"@type":"ReadAction","target":["https:\/\/www.artestar.eu\/de\/gro\u00dfhandel\/farbiges-geflochtenes-polyestergarn\/"]}]},{"@type":"BreadcrumbList","@id":"https:\/\/www.artestar.eu\/de\/gro\u00dfhandel\/farbiges-geflochtenes-polyestergarn\/#breadcrumb","itemListElement":[{"@type":"ListItem","position":1,"name":"Artestar","item":"https:\/\/www.artestar.eu\/de\/"},{"@type":"ListItem","position":2,"name":"Gro\u00dfhandel","item":"https:\/\/www.artestar.eu\/de\/grosshandel\/"},{"@type":"ListItem","position":3,"name":"Farbig geflochtenes Polyestergarn"}]},{"@type":"WebSite","@id":"https:\/\/www.artestar.eu\/de\/#website","url":"https:\/\/www.artestar.eu\/de\/","name":"Artestar","description":"Mayorista en abalorios y joyer\u00eda","publisher":{"@id":"https:\/\/www.artestar.eu\/de\/#organization"},"alternateName":"Artestar-EU","potentialAction":[{"@type":"SearchAction","target":{"@type":"EntryPoint","urlTemplate":"https:\/\/www.artestar.eu\/de\/?s={search_term_string}"},"query-input":"required name=search_term_string"}],"inLanguage":"de-DE"},{"@type":["Organization","Place"],"@id":"https:\/\/www.artestar.eu\/de\/#organization","name":"RUBY ABALORIO S.L.","alternateName":"Artestar","url":"https:\/\/www.artestar.eu\/de\/","logo":{"@id":"https:\/\/www.artestar.eu\/de\/gro\u00dfhandel\/farbiges-geflochtenes-polyestergarn\/#local-main-organization-logo"},"image":{"@id":"https:\/\/www.artestar.eu\/de\/gro\u00dfhandel\/farbiges-geflochtenes-polyestergarn\/#local-main-organization-logo"},"sameAs":["https:\/\/www.facebook.com\/ARTESTAREU","https:\/\/www.instagram.com\/artestareu\/","https:\/\/www.pinterest.es\/artestar_eu\/","https:\/\/www.tiktok.com\/@artestar_wholesale"],"openingHoursSpecification":[{"@type":"OpeningHoursSpecification","dayOfWeek":["Monday","Tuesday","Wednesday","Thursday","Friday","Saturday","Sunday"],"opens":"09:00","closes":"17:00"}]},{"@type":"ImageObject","inLanguage":"de-DE","@id":"https:\/\/www.artestar.eu\/de\/gro\u00dfhandel\/farbiges-geflochtenes-polyestergarn\/#local-main-organization-logo","url":"https:\/\/www.artestar.eu\/wp-content\/uploads\/2023\/05\/cropped-png.png","contentUrl":"https:\/\/www.artestar.eu\/wp-content\/uploads\/2023\/05\/cropped-png.png","width":512,"height":512,"caption":"RUBY ABALORIO S.L."}]},"og_availability":"instock","product_availability":"instock","product_retailer_item_id":"XS-DL0001-0025","product_condition":"new"},"tiered_pricing_type":"fixed","tiered_pricing_fixed_rules":[],"tiered_pricing_percentage_rules":[],"tiered_pricing_minimum":null,"_administrator_tiered_pricing_type":"fixed","_administrator_tiered_pricing_fixed_rules":[],"_editor_tiered_pricing_type":"fixed","_editor_tiered_pricing_fixed_rules":[],"_author_tiered_pricing_type":"fixed","_author_tiered_pricing_fixed_rules":[],"_contributor_tiered_pricing_type":"fixed","_contributor_tiered_pricing_fixed_rules":[],"_subscriber_tiered_pricing_type":"fixed","_subscriber_tiered_pricing_fixed_rules":[],"_wpseo_manager_tiered_pricing_type":"fixed","_wpseo_manager_tiered_pricing_fixed_rules":[],"_wpseo_editor_tiered_pricing_type":"fixed","_wpseo_editor_tiered_pricing_fixed_rules":[],"_customer_tiered_pricing_type":"fixed","_customer_tiered_pricing_fixed_rules":[],"_shop_manager_tiered_pricing_type":"fixed","_shop_manager_tiered_pricing_fixed_rules":[],"_product_manager_tiered_pricing_type":"fixed","_product_manager_tiered_pricing_fixed_rules":[],"_links":{"self":[{"href":"https:\/\/www.artestar.eu\/de\/wp-json\/wp\/v2\/product\/35111"}],"collection":[{"href":"https:\/\/www.artestar.eu\/de\/wp-json\/wp\/v2\/product"}],"about":[{"href":"https:\/\/www.artestar.eu\/de\/wp-json\/wp\/v2\/types\/product"}],"replies":[{"embeddable":true,"href":"https:\/\/www.artestar.eu\/de\/wp-json\/wp\/v2\/comments?post=35111"}],"version-history":[{"count":0,"href":"https:\/\/www.artestar.eu\/de\/wp-json\/wp\/v2\/product\/35111\/revisions"}],"wp:featuredmedia":[{"embeddable":true,"href":"https:\/\/www.artestar.eu\/de\/wp-json\/wp\/v2\/media\/34357"}],"wp:attachment":[{"href":"https:\/\/www.artestar.eu\/de\/wp-json\/wp\/v2\/media?parent=35111"}],"wp:term":[{"taxonomy":"product_cat","embeddable":true,"href":"https:\/\/www.artestar.eu\/de\/wp-json\/wp\/v2\/product_cat?post=35111"},{"taxonomy":"product_tag","embeddable":true,"href":"https:\/\/www.artestar.eu\/de\/wp-json\/wp\/v2\/product_tag?post=35111"}],"curies":[{"name":"wp","href":"https:\/\/api.w.org\/{rel}","templated":true}]}}