{"id":35215,"date":"2023-09-12T07:29:02","date_gmt":"2023-09-12T07:29:02","guid":{"rendered":"https:\/\/www.artestar.eu\/al-por-mayor\/verstellbarer-kordelzugschieber-am-handgelenk\/"},"modified":"2023-09-12T07:29:02","modified_gmt":"2023-09-12T07:29:02","slug":"verstellbarer-armband-kordel-schieber","status":"publish","type":"product","link":"https:\/\/www.artestar.eu\/de\/gro\u00dfhandel\/verstellbarer-armband-kordel-schieber\/","title":{"rendered":"Verstellbarer Kordelzugschieber am Handgelenk"},"content":{"rendered":"<h5>Verstellbarer Kordelzugschieber am Handgelenk<\/h5>\n<ul>\n<li>Design: Dieses verstellbare Armband ist schlicht und elegant. Es ist in einer Vielzahl von Farben erh\u00e4ltlich, sodass Sie Ihre eigene Wahl treffen k\u00f6nnen. Das Armband wird mit zwei anschlie\u00dfbaren Biegerings geliefert<span data-slate-node=\"text\"><br \/>\n  <span class=\"00\" data-slate-leaf=\"true\">. <\/span><br \/>\n<\/span><span data-slate-node=\"text\" data-slate-fragment=\"JTVCJTdCJTIydHlwZSUyMiUzQSUyMnBhcmFncmFwaCUyMiUyQyUyMmNoaWxkcmVuJTIyJTNBJTVCJTdCJTIydGV4dCUyMiUzQSUyMi4lMjAlMjIlMkMlMjJzZW50ZW5jZSUyMiUzQTAlMkMlMjJjaGlsZFNlbnRlbmNlJTIyJTNBMCU3RCUyQyU3QiUyMnRleHQlMjIlM0ElMjJQb3IlMjAlMjIlMkMlMjJzZW50ZW5jZSUyMiUzQTAlMkMlMjJjaGlsZFNlbnRlbmNlJTIyJTNBMSU3RCU1RCU3RCU1RA==\"><br \/>\n  <span class=\"01\" data-slate-leaf=\"true\">So <\/span><br \/>\n<\/span> k\u00f6nnen Sie verschiedene Dekorationen nach Ihren pers\u00f6nlichen Vorlieben und Ihrer Kreativit\u00e4t hinzuf\u00fcgen, um ein einzigartiges Armband zu kreieren!<\/li>\n<li>Material: Weil das Armband aus robuster Polyesterfaser besteht, die mehreren W\u00e4schen und dem t\u00e4glichen Gebrauch standh\u00e4lt, eine gewisse Zugfestigkeit und Elastizit\u00e4t aufweist und langlebig ist. Denn Polyesterfasern werden mit einem hochwertigen F\u00e4rbeverfahren gef\u00e4rbt und Polyestergarne sind voller Farbe. Das Armband hat Legierungsschieber, die Beschichtung ist langlebig und verblasst nicht so leicht.<\/li>\n<li>Verwendung: Dieses halbfertige Armband ist leicht zu tragen, da es ausreicht, den Anschlag entlang der Kette zu schieben, um ihn \u00fcber die gesamte L\u00e4nge der Kette an Ort und Stelle zu halten. Setzen Sie zwei beliebige Verbindungsringe ein, um das Armband zu vervollst\u00e4ndigen. Die L\u00e4nge des Armbandes passt sich allen Handgelenksgr\u00f6\u00dfen an und kann nach Ihren pers\u00f6nlichen Vorlieben und Bed\u00fcrfnissen angepasst werden.<\/li>\n<li>Anwendung: Sie k\u00f6nnen verschiedene Perlen, Halbedelsteinperlen, Kristallperlen, Perlen und andere Ornamente auf beiden Seiten des offenen Rings hinzuf\u00fcgen, um mit Ihrer Fantasie und Kreativit\u00e4t ein einzigartiges Armband zu schaffen. Es ist eine gute Geschenkwahl f\u00fcr Ihre Familie und Freunde zum Muttertag, Halloween, Valentinstag, Weihnachten und anderen Feiertagen.<\/li>\n<\/ul>\n<p><img decoding=\"async\" class=\"alignnone size-full wp-image-34753\" src=\"https:\/\/www.artestar.eu\/wp-content\/uploads\/2023\/09\/adjustable-nylon-cord-slider-05.jpg\" alt=\"Verstellbarer Kordelzugschieber am Handgelenk\" width=\"600\" height=\"600\" srcset=\"https:\/\/www.artestar.eu\/wp-content\/uploads\/2023\/09\/adjustable-nylon-cord-slider-05.jpg 600w, https:\/\/www.artestar.eu\/wp-content\/uploads\/2023\/09\/adjustable-nylon-cord-slider-05-300x300.jpg 300w, https:\/\/www.artestar.eu\/wp-content\/uploads\/2023\/09\/adjustable-nylon-cord-slider-05-150x150.jpg 150w, https:\/\/www.artestar.eu\/wp-content\/uploads\/2023\/09\/adjustable-nylon-cord-slider-05-450x450.jpg 450w, https:\/\/www.artestar.eu\/wp-content\/uploads\/2023\/09\/adjustable-nylon-cord-slider-05-54x54.jpg 54w\" sizes=\"(max-width: 600px) 100vw, 600px\" \/><\/p>\n<h5>Verstellbarer Kordelzugschieber am Handgelenk<\/h5>\n<ul>\n<li>Hinweis: Bitte erlauben Sie leichte Fehler aufgrund der manuellen Messung.<\/li>\n<\/ul>\n","protected":false},"excerpt":{"rendered":"<ul>\n<li>Menge: 1 Stk.<\/li>\n<li class=\"a-spacing-mini\"><span class=\"a-list-item\">Gr\u00f6\u00dfe ca.: <\/span><span class=\"a-list-item\">200 mm lang, 3 mm dick, Loch: 2 mm.<\/span><\/li>\n<li>Es kann mit Perlen, h\u00e4ngendem Zubeh\u00f6r usw. verwendet werden, um Armb\u00e4nder herzustellen.<\/li>\n<\/ul>\n","protected":false},"featured_media":34762,"comment_status":"open","ping_status":"closed","template":"","meta":[],"product_cat":[1669,2370],"product_tag":[3077,2896,2867,2893,2876],"yoast_head":"<!-- This site is optimized with the Yoast SEO Premium plugin v20.5 (Yoast SEO v21.5) - https:\/\/yoast.com\/wordpress\/plugins\/seo\/ -->\n<title>Verstellbarer Kordelzugschieber am Handgelenk - Artestar<\/title>\n<meta name=\"description\" content=\"Verstellbare Armbandschieber mit Kordelzug lassen sich mit verschiedenen Perlen und Accessoires kombinieren, um verschiedene Armbandstile zu kreieren.\" \/>\n<meta name=\"robots\" content=\"index, follow, max-snippet:-1, max-image-preview:large, max-video-preview:-1\" \/>\n<link rel=\"canonical\" href=\"https:\/\/www.artestar.eu\/de\/gro\u00dfhandel\/verstellbarer-armband-kordel-schieber\/\" \/>\n<meta property=\"og:locale\" content=\"de_DE\" \/>\n<meta property=\"og:type\" content=\"article\" \/>\n<meta property=\"og:title\" content=\"Verstellbarer Kordelzugschieber am Handgelenk\" \/>\n<meta property=\"og:description\" content=\"Verstellbare Armbandschieber mit Kordelzug lassen sich mit verschiedenen Perlen und Accessoires kombinieren, um verschiedene Armbandstile zu kreieren.\" \/>\n<meta property=\"og:url\" content=\"https:\/\/www.artestar.eu\/de\/gro\u00dfhandel\/verstellbarer-armband-kordel-schieber\/\" \/>\n<meta property=\"og:site_name\" content=\"Artestar\" \/>\n<meta property=\"article:publisher\" content=\"https:\/\/www.facebook.com\/ARTESTAREU\" \/>\n<meta property=\"og:image\" content=\"https:\/\/www.artestar.eu\/wp-content\/uploads\/2023\/09\/adjustable-nylon-cord-slider.jpg\" \/>\n\t<meta property=\"og:image:width\" content=\"600\" \/>\n\t<meta property=\"og:image:height\" content=\"600\" \/>\n\t<meta property=\"og:image:type\" content=\"image\/jpeg\" \/>\n<meta name=\"twitter:card\" content=\"summary_large_image\" \/>\n<meta name=\"twitter:label1\" content=\"Availability\" \/>\n\t<meta name=\"twitter:data1\" content=\"Auf Lager\" \/>\n<script type=\"application\/ld+json\" class=\"yoast-schema-graph\">{\"@context\":\"https:\/\/schema.org\",\"@graph\":[{\"@type\":\"WebPage\",\"@id\":\"https:\/\/www.artestar.eu\/de\/gro\u00dfhandel\/verstellbarer-armband-kordel-schieber\/\",\"url\":\"https:\/\/www.artestar.eu\/de\/gro\u00dfhandel\/verstellbarer-armband-kordel-schieber\/\",\"name\":\"Verstellbarer Kordelzugschieber am Handgelenk - Artestar\",\"isPartOf\":{\"@id\":\"https:\/\/www.artestar.eu\/de\/#website\"},\"datePublished\":\"2023-09-12T07:29:02+00:00\",\"dateModified\":\"2023-09-12T07:29:02+00:00\",\"description\":\"Verstellbare Armbandschieber mit Kordelzug lassen sich mit verschiedenen Perlen und Accessoires kombinieren, um verschiedene Armbandstile zu kreieren.\",\"breadcrumb\":{\"@id\":\"https:\/\/www.artestar.eu\/de\/gro\u00dfhandel\/verstellbarer-armband-kordel-schieber\/#breadcrumb\"},\"inLanguage\":\"de-DE\",\"potentialAction\":[{\"@type\":\"ReadAction\",\"target\":[\"https:\/\/www.artestar.eu\/de\/gro\u00dfhandel\/verstellbarer-armband-kordel-schieber\/\"]}]},{\"@type\":\"BreadcrumbList\",\"@id\":\"https:\/\/www.artestar.eu\/de\/gro\u00dfhandel\/verstellbarer-armband-kordel-schieber\/#breadcrumb\",\"itemListElement\":[{\"@type\":\"ListItem\",\"position\":1,\"name\":\"Artestar\",\"item\":\"https:\/\/www.artestar.eu\/de\/\"},{\"@type\":\"ListItem\",\"position\":2,\"name\":\"Gro\u00dfhandel\",\"item\":\"https:\/\/www.artestar.eu\/de\/grosshandel\/\"},{\"@type\":\"ListItem\",\"position\":3,\"name\":\"Verstellbarer Kordelzugschieber am Handgelenk\"}]},{\"@type\":\"WebSite\",\"@id\":\"https:\/\/www.artestar.eu\/de\/#website\",\"url\":\"https:\/\/www.artestar.eu\/de\/\",\"name\":\"Artestar\",\"description\":\"Mayorista en abalorios y joyer\u00eda\",\"publisher\":{\"@id\":\"https:\/\/www.artestar.eu\/de\/#organization\"},\"alternateName\":\"Artestar-EU\",\"potentialAction\":[{\"@type\":\"SearchAction\",\"target\":{\"@type\":\"EntryPoint\",\"urlTemplate\":\"https:\/\/www.artestar.eu\/de\/?s={search_term_string}\"},\"query-input\":\"required name=search_term_string\"}],\"inLanguage\":\"de-DE\"},{\"@type\":[\"Organization\",\"Place\"],\"@id\":\"https:\/\/www.artestar.eu\/de\/#organization\",\"name\":\"RUBY ABALORIO S.L.\",\"alternateName\":\"Artestar\",\"url\":\"https:\/\/www.artestar.eu\/de\/\",\"logo\":{\"@id\":\"https:\/\/www.artestar.eu\/de\/gro\u00dfhandel\/verstellbarer-armband-kordel-schieber\/#local-main-organization-logo\"},\"image\":{\"@id\":\"https:\/\/www.artestar.eu\/de\/gro\u00dfhandel\/verstellbarer-armband-kordel-schieber\/#local-main-organization-logo\"},\"sameAs\":[\"https:\/\/www.facebook.com\/ARTESTAREU\",\"https:\/\/www.instagram.com\/artestareu\/\",\"https:\/\/www.pinterest.es\/artestar_eu\/\",\"https:\/\/www.tiktok.com\/@artestar_wholesale\"],\"openingHoursSpecification\":[{\"@type\":\"OpeningHoursSpecification\",\"dayOfWeek\":[\"Monday\",\"Tuesday\",\"Wednesday\",\"Thursday\",\"Friday\",\"Saturday\",\"Sunday\"],\"opens\":\"09:00\",\"closes\":\"17:00\"}]},{\"@type\":\"ImageObject\",\"inLanguage\":\"de-DE\",\"@id\":\"https:\/\/www.artestar.eu\/de\/gro\u00dfhandel\/verstellbarer-armband-kordel-schieber\/#local-main-organization-logo\",\"url\":\"https:\/\/www.artestar.eu\/wp-content\/uploads\/2023\/05\/cropped-png.png\",\"contentUrl\":\"https:\/\/www.artestar.eu\/wp-content\/uploads\/2023\/05\/cropped-png.png\",\"width\":512,\"height\":512,\"caption\":\"RUBY ABALORIO S.L.\"}]}<\/script>\n<meta property=\"og:availability\" content=\"instock\" \/>\n<meta property=\"product:availability\" content=\"instock\" \/>\n<meta property=\"product:retailer_item_id\" content=\"BCPSL-CS0001-0012\" \/>\n<meta property=\"product:condition\" content=\"new\" \/>\n<!-- \/ Yoast SEO Premium plugin. -->","yoast_head_json":{"title":"Verstellbarer Kordelzugschieber am Handgelenk - Artestar","description":"Verstellbare Armbandschieber mit Kordelzug lassen sich mit verschiedenen Perlen und Accessoires kombinieren, um verschiedene Armbandstile zu kreieren.","robots":{"index":"index","follow":"follow","max-snippet":"max-snippet:-1","max-image-preview":"max-image-preview:large","max-video-preview":"max-video-preview:-1"},"canonical":"https:\/\/www.artestar.eu\/de\/gro\u00dfhandel\/verstellbarer-armband-kordel-schieber\/","og_locale":"de_DE","og_type":"article","og_title":"Verstellbarer Kordelzugschieber am Handgelenk","og_description":"Verstellbare Armbandschieber mit Kordelzug lassen sich mit verschiedenen Perlen und Accessoires kombinieren, um verschiedene Armbandstile zu kreieren.","og_url":"https:\/\/www.artestar.eu\/de\/gro\u00dfhandel\/verstellbarer-armband-kordel-schieber\/","og_site_name":"Artestar","article_publisher":"https:\/\/www.facebook.com\/ARTESTAREU","og_image":[{"width":600,"height":600,"url":"https:\/\/www.artestar.eu\/wp-content\/uploads\/2023\/09\/adjustable-nylon-cord-slider.jpg","type":"image\/jpeg"}],"twitter_card":"summary_large_image","twitter_misc":{"Availability":"Auf Lager"},"schema":{"@context":"https:\/\/schema.org","@graph":[{"@type":"WebPage","@id":"https:\/\/www.artestar.eu\/de\/gro\u00dfhandel\/verstellbarer-armband-kordel-schieber\/","url":"https:\/\/www.artestar.eu\/de\/gro\u00dfhandel\/verstellbarer-armband-kordel-schieber\/","name":"Verstellbarer Kordelzugschieber am Handgelenk - Artestar","isPartOf":{"@id":"https:\/\/www.artestar.eu\/de\/#website"},"datePublished":"2023-09-12T07:29:02+00:00","dateModified":"2023-09-12T07:29:02+00:00","description":"Verstellbare Armbandschieber mit Kordelzug lassen sich mit verschiedenen Perlen und Accessoires kombinieren, um verschiedene Armbandstile zu kreieren.","breadcrumb":{"@id":"https:\/\/www.artestar.eu\/de\/gro\u00dfhandel\/verstellbarer-armband-kordel-schieber\/#breadcrumb"},"inLanguage":"de-DE","potentialAction":[{"@type":"ReadAction","target":["https:\/\/www.artestar.eu\/de\/gro\u00dfhandel\/verstellbarer-armband-kordel-schieber\/"]}]},{"@type":"BreadcrumbList","@id":"https:\/\/www.artestar.eu\/de\/gro\u00dfhandel\/verstellbarer-armband-kordel-schieber\/#breadcrumb","itemListElement":[{"@type":"ListItem","position":1,"name":"Artestar","item":"https:\/\/www.artestar.eu\/de\/"},{"@type":"ListItem","position":2,"name":"Gro\u00dfhandel","item":"https:\/\/www.artestar.eu\/de\/grosshandel\/"},{"@type":"ListItem","position":3,"name":"Verstellbarer Kordelzugschieber am Handgelenk"}]},{"@type":"WebSite","@id":"https:\/\/www.artestar.eu\/de\/#website","url":"https:\/\/www.artestar.eu\/de\/","name":"Artestar","description":"Mayorista en abalorios y joyer\u00eda","publisher":{"@id":"https:\/\/www.artestar.eu\/de\/#organization"},"alternateName":"Artestar-EU","potentialAction":[{"@type":"SearchAction","target":{"@type":"EntryPoint","urlTemplate":"https:\/\/www.artestar.eu\/de\/?s={search_term_string}"},"query-input":"required name=search_term_string"}],"inLanguage":"de-DE"},{"@type":["Organization","Place"],"@id":"https:\/\/www.artestar.eu\/de\/#organization","name":"RUBY ABALORIO S.L.","alternateName":"Artestar","url":"https:\/\/www.artestar.eu\/de\/","logo":{"@id":"https:\/\/www.artestar.eu\/de\/gro\u00dfhandel\/verstellbarer-armband-kordel-schieber\/#local-main-organization-logo"},"image":{"@id":"https:\/\/www.artestar.eu\/de\/gro\u00dfhandel\/verstellbarer-armband-kordel-schieber\/#local-main-organization-logo"},"sameAs":["https:\/\/www.facebook.com\/ARTESTAREU","https:\/\/www.instagram.com\/artestareu\/","https:\/\/www.pinterest.es\/artestar_eu\/","https:\/\/www.tiktok.com\/@artestar_wholesale"],"openingHoursSpecification":[{"@type":"OpeningHoursSpecification","dayOfWeek":["Monday","Tuesday","Wednesday","Thursday","Friday","Saturday","Sunday"],"opens":"09:00","closes":"17:00"}]},{"@type":"ImageObject","inLanguage":"de-DE","@id":"https:\/\/www.artestar.eu\/de\/gro\u00dfhandel\/verstellbarer-armband-kordel-schieber\/#local-main-organization-logo","url":"https:\/\/www.artestar.eu\/wp-content\/uploads\/2023\/05\/cropped-png.png","contentUrl":"https:\/\/www.artestar.eu\/wp-content\/uploads\/2023\/05\/cropped-png.png","width":512,"height":512,"caption":"RUBY ABALORIO S.L."}]},"og_availability":"instock","product_availability":"instock","product_retailer_item_id":"BCPSL-CS0001-0012","product_condition":"new"},"tiered_pricing_type":"fixed","tiered_pricing_fixed_rules":[],"tiered_pricing_percentage_rules":[],"tiered_pricing_minimum":null,"_administrator_tiered_pricing_type":"fixed","_administrator_tiered_pricing_fixed_rules":[],"_editor_tiered_pricing_type":"fixed","_editor_tiered_pricing_fixed_rules":[],"_author_tiered_pricing_type":"fixed","_author_tiered_pricing_fixed_rules":[],"_contributor_tiered_pricing_type":"fixed","_contributor_tiered_pricing_fixed_rules":[],"_subscriber_tiered_pricing_type":"fixed","_subscriber_tiered_pricing_fixed_rules":[],"_wpseo_manager_tiered_pricing_type":"fixed","_wpseo_manager_tiered_pricing_fixed_rules":[],"_wpseo_editor_tiered_pricing_type":"fixed","_wpseo_editor_tiered_pricing_fixed_rules":[],"_customer_tiered_pricing_type":"fixed","_customer_tiered_pricing_fixed_rules":[],"_shop_manager_tiered_pricing_type":"fixed","_shop_manager_tiered_pricing_fixed_rules":[],"_product_manager_tiered_pricing_type":"fixed","_product_manager_tiered_pricing_fixed_rules":[],"_links":{"self":[{"href":"https:\/\/www.artestar.eu\/de\/wp-json\/wp\/v2\/product\/35215"}],"collection":[{"href":"https:\/\/www.artestar.eu\/de\/wp-json\/wp\/v2\/product"}],"about":[{"href":"https:\/\/www.artestar.eu\/de\/wp-json\/wp\/v2\/types\/product"}],"replies":[{"embeddable":true,"href":"https:\/\/www.artestar.eu\/de\/wp-json\/wp\/v2\/comments?post=35215"}],"version-history":[{"count":0,"href":"https:\/\/www.artestar.eu\/de\/wp-json\/wp\/v2\/product\/35215\/revisions"}],"wp:featuredmedia":[{"embeddable":true,"href":"https:\/\/www.artestar.eu\/de\/wp-json\/wp\/v2\/media\/34762"}],"wp:attachment":[{"href":"https:\/\/www.artestar.eu\/de\/wp-json\/wp\/v2\/media?parent=35215"}],"wp:term":[{"taxonomy":"product_cat","embeddable":true,"href":"https:\/\/www.artestar.eu\/de\/wp-json\/wp\/v2\/product_cat?post=35215"},{"taxonomy":"product_tag","embeddable":true,"href":"https:\/\/www.artestar.eu\/de\/wp-json\/wp\/v2\/product_tag?post=35215"}],"curies":[{"name":"wp","href":"https:\/\/api.w.org\/{rel}","templated":true}]}}