{"id":35256,"date":"2023-09-14T01:51:04","date_gmt":"2023-09-14T01:51:04","guid":{"rendered":"https:\/\/www.artestar.eu\/al-por-mayor\/messing-verschiebbares-verstellbares-schiebearmband\/"},"modified":"2023-09-14T01:51:04","modified_gmt":"2023-09-14T01:51:04","slug":"verschiebbares-messingarmband-verschiebbar-verstellbar","status":"publish","type":"product","link":"https:\/\/www.artestar.eu\/de\/gro\u00dfhandel\/verschiebbares-messingarmband-verschiebbar-verstellbar\/","title":{"rendered":"Messing verschiebbares verstellbares Schiebearmband"},"content":{"rendered":"<ul>\n<li>Design: Dieses Armband besteht aus einer Kupferkette. Die Stoppperle (mit Gummigriff im Inneren) gleitet entlang der Geh\u00e4usekette, um das Armband sicher auf der gew\u00fcnschten L\u00e4nge zu halten. Die runden Glasdetails des Endes sind verschwei\u00dft. Denn das Armband wird mit zwei Biegerings geliefert, die eingehakt werden k\u00f6nnen. So k\u00f6nnen Sie eine Vielzahl von Ornamenten hinzuf\u00fcgen, um ein einzigartiges Armband nach Ihren pers\u00f6nlichen Vorlieben und Ihrer Kreativit\u00e4t zu kreieren.<\/li>\n<li>Material: Da dieses Armband aus Messing besteht, ist Messing korrosions- und verschlei\u00dfbest\u00e4ndig, die Beschichtung ist langlebig und verblasst nicht leicht. Verschiebbare Kettenarmb\u00e4nder fangen das Licht ein und erzeugen ein lebendiges Leuchten, das den Luxus in Ihnen zum Vorschein bringt.<\/li>\n<li>Verwendung: Dieses halbfertige Armband ist leicht zu tragen. Denn schieben Sie einfach den einzelnen perlenf\u00f6rmigen Schieber entlang der Kette, um ihn \u00fcber die gesamte L\u00e4nge der Kette an Ort und Stelle zu halten. Setzen Sie zwei beliebige Verbindungsringe ein, um das Armband zu vervollst\u00e4ndigen. Denn die L\u00e4nge des Armbandes passt sich allen Handgelenksgr\u00f6\u00dfen an und l\u00e4sst sich ganz nach den pers\u00f6nlichen Vorlieben und Bed\u00fcrfnissen anpassen.<\/li>\n<li>Anwendung: Weil Sie auf beiden Seiten des offenen Rings eine Vielzahl von Anh\u00e4ngern, Halbedelsteinperlen, Kristallperlen, Perlen und anderen Ornamenten anbringen k\u00f6nnen. Lassen Sie Ihrer Fantasie und Kreativit\u00e4t freien Lauf, um einzigartige Armb\u00e4nder zu kreieren. Es ist eine gute Geschenkwahl f\u00fcr Ihre Familie und Freunde zum Muttertag, Halloween, Valentinstag, Weihnachten und anderen Feiertagen.<\/li>\n<\/ul>\n<p><img decoding=\"async\" class=\"alignnone size-full wp-image-34884\" src=\"https:\/\/www.artestar.eu\/wp-content\/uploads\/2023\/09\/brass-slider-adjustable-slider-bracelet-03.jpg\" alt=\"Messing verschiebbares verstellbares Schiebearmband\" width=\"600\" height=\"600\" srcset=\"https:\/\/www.artestar.eu\/wp-content\/uploads\/2023\/09\/brass-slider-adjustable-slider-bracelet-03.jpg 600w, https:\/\/www.artestar.eu\/wp-content\/uploads\/2023\/09\/brass-slider-adjustable-slider-bracelet-03-300x300.jpg 300w, https:\/\/www.artestar.eu\/wp-content\/uploads\/2023\/09\/brass-slider-adjustable-slider-bracelet-03-150x150.jpg 150w, https:\/\/www.artestar.eu\/wp-content\/uploads\/2023\/09\/brass-slider-adjustable-slider-bracelet-03-450x450.jpg 450w, https:\/\/www.artestar.eu\/wp-content\/uploads\/2023\/09\/brass-slider-adjustable-slider-bracelet-03-54x54.jpg 54w\" sizes=\"(max-width: 600px) 100vw, 600px\" \/><\/p>\n<ul>\n<li>Hinweis: Bitte erlauben Sie leichte Fehler aufgrund der manuellen Messung.<\/li>\n<\/ul>\n","protected":false},"excerpt":{"rendered":"<ul>\n<li>Menge: 1 Stk.<\/li>\n<li class=\"a-spacing-mini\"><span class=\"a-list-item\">Ungef\u00e4hre Gr\u00f6\u00dfe <\/span>: <span class=\"a-list-item\">220 mm lang, 1,2 mm dick, Loch: 2 mm.<\/span><\/li>\n<li>Es kann mit Perlen, h\u00e4ngendem Zubeh\u00f6r usw. verwendet werden, um Armb\u00e4nder herzustellen.<\/li>\n<\/ul>\n","protected":false},"featured_media":34894,"comment_status":"open","ping_status":"closed","template":"","meta":[],"product_cat":[1669,2370],"product_tag":[3077,3120,2896,3121,2867],"yoast_head":"<!-- This site is optimized with the Yoast SEO Premium plugin v20.5 (Yoast SEO v21.5) - https:\/\/yoast.com\/wordpress\/plugins\/seo\/ -->\n<title>Messing verschiebbares verstellbares Schiebearmband - Artestar<\/title>\n<meta name=\"description\" content=\"Der verstellbare Schiebearmbandschieber aus Messing l\u00e4sst sich mit verschiedenen Perlen und Accessoires kombinieren, um verschiedene Armbandarten zu schaffen.\" \/>\n<meta name=\"robots\" content=\"index, follow, max-snippet:-1, max-image-preview:large, max-video-preview:-1\" \/>\n<link rel=\"canonical\" href=\"https:\/\/www.artestar.eu\/de\/gro\u00dfhandel\/verschiebbares-messingarmband-verschiebbar-verstellbar\/\" \/>\n<meta property=\"og:locale\" content=\"de_DE\" \/>\n<meta property=\"og:type\" content=\"article\" \/>\n<meta property=\"og:title\" content=\"Messing verschiebbares verstellbares Schiebearmband\" \/>\n<meta property=\"og:description\" content=\"Der verstellbare Schiebearmbandschieber aus Messing l\u00e4sst sich mit verschiedenen Perlen und Accessoires kombinieren, um verschiedene Armbandarten zu schaffen.\" \/>\n<meta property=\"og:url\" content=\"https:\/\/www.artestar.eu\/de\/gro\u00dfhandel\/verschiebbares-messingarmband-verschiebbar-verstellbar\/\" \/>\n<meta property=\"og:site_name\" content=\"Artestar\" \/>\n<meta property=\"article:publisher\" content=\"https:\/\/www.facebook.com\/ARTESTAREU\" \/>\n<meta property=\"og:image\" content=\"https:\/\/www.artestar.eu\/wp-content\/uploads\/2023\/09\/brass-slider-adjustable-slider-bracelet.jpg\" \/>\n\t<meta property=\"og:image:width\" content=\"600\" \/>\n\t<meta property=\"og:image:height\" content=\"600\" \/>\n\t<meta property=\"og:image:type\" content=\"image\/jpeg\" \/>\n<meta name=\"twitter:card\" content=\"summary_large_image\" \/>\n<meta name=\"twitter:label1\" content=\"Preis\" \/>\n\t<meta name=\"twitter:data1\" content=\"0,46&nbsp;&euro; (Ohne MwSt)\" \/>\n\t<meta name=\"twitter:label2\" content=\"Availability\" \/>\n\t<meta name=\"twitter:data2\" content=\"Auf Lager\" \/>\n<script type=\"application\/ld+json\" class=\"yoast-schema-graph\">{\"@context\":\"https:\/\/schema.org\",\"@graph\":[{\"@type\":\"WebPage\",\"@id\":\"https:\/\/www.artestar.eu\/de\/gro\u00dfhandel\/verschiebbares-messingarmband-verschiebbar-verstellbar\/\",\"url\":\"https:\/\/www.artestar.eu\/de\/gro\u00dfhandel\/verschiebbares-messingarmband-verschiebbar-verstellbar\/\",\"name\":\"Messing verschiebbares verstellbares Schiebearmband - Artestar\",\"isPartOf\":{\"@id\":\"https:\/\/www.artestar.eu\/de\/#website\"},\"datePublished\":\"2023-09-14T01:51:04+00:00\",\"dateModified\":\"2023-09-14T01:51:04+00:00\",\"description\":\"Der verstellbare Schiebearmbandschieber aus Messing l\u00e4sst sich mit verschiedenen Perlen und Accessoires kombinieren, um verschiedene Armbandarten zu schaffen.\",\"breadcrumb\":{\"@id\":\"https:\/\/www.artestar.eu\/de\/gro\u00dfhandel\/verschiebbares-messingarmband-verschiebbar-verstellbar\/#breadcrumb\"},\"inLanguage\":\"de-DE\",\"potentialAction\":[{\"@type\":\"ReadAction\",\"target\":[\"https:\/\/www.artestar.eu\/de\/gro\u00dfhandel\/verschiebbares-messingarmband-verschiebbar-verstellbar\/\"]}]},{\"@type\":\"BreadcrumbList\",\"@id\":\"https:\/\/www.artestar.eu\/de\/gro\u00dfhandel\/verschiebbares-messingarmband-verschiebbar-verstellbar\/#breadcrumb\",\"itemListElement\":[{\"@type\":\"ListItem\",\"position\":1,\"name\":\"Artestar\",\"item\":\"https:\/\/www.artestar.eu\/de\/\"},{\"@type\":\"ListItem\",\"position\":2,\"name\":\"Gro\u00dfhandel\",\"item\":\"https:\/\/www.artestar.eu\/de\/grosshandel\/\"},{\"@type\":\"ListItem\",\"position\":3,\"name\":\"Messing verschiebbares verstellbares Schiebearmband\"}]},{\"@type\":\"WebSite\",\"@id\":\"https:\/\/www.artestar.eu\/de\/#website\",\"url\":\"https:\/\/www.artestar.eu\/de\/\",\"name\":\"Artestar\",\"description\":\"Mayorista en abalorios y joyer\u00eda\",\"publisher\":{\"@id\":\"https:\/\/www.artestar.eu\/de\/#organization\"},\"alternateName\":\"Artestar-EU\",\"potentialAction\":[{\"@type\":\"SearchAction\",\"target\":{\"@type\":\"EntryPoint\",\"urlTemplate\":\"https:\/\/www.artestar.eu\/de\/?s={search_term_string}\"},\"query-input\":\"required name=search_term_string\"}],\"inLanguage\":\"de-DE\"},{\"@type\":[\"Organization\",\"Place\"],\"@id\":\"https:\/\/www.artestar.eu\/de\/#organization\",\"name\":\"RUBY ABALORIO S.L.\",\"alternateName\":\"Artestar\",\"url\":\"https:\/\/www.artestar.eu\/de\/\",\"logo\":{\"@id\":\"https:\/\/www.artestar.eu\/de\/gro\u00dfhandel\/verschiebbares-messingarmband-verschiebbar-verstellbar\/#local-main-organization-logo\"},\"image\":{\"@id\":\"https:\/\/www.artestar.eu\/de\/gro\u00dfhandel\/verschiebbares-messingarmband-verschiebbar-verstellbar\/#local-main-organization-logo\"},\"sameAs\":[\"https:\/\/www.facebook.com\/ARTESTAREU\",\"https:\/\/www.instagram.com\/artestareu\/\",\"https:\/\/www.pinterest.es\/artestar_eu\/\",\"https:\/\/www.tiktok.com\/@artestar_wholesale\"],\"openingHoursSpecification\":[{\"@type\":\"OpeningHoursSpecification\",\"dayOfWeek\":[\"Monday\",\"Tuesday\",\"Wednesday\",\"Thursday\",\"Friday\",\"Saturday\",\"Sunday\"],\"opens\":\"09:00\",\"closes\":\"17:00\"}]},{\"@type\":\"ImageObject\",\"inLanguage\":\"de-DE\",\"@id\":\"https:\/\/www.artestar.eu\/de\/gro\u00dfhandel\/verschiebbares-messingarmband-verschiebbar-verstellbar\/#local-main-organization-logo\",\"url\":\"https:\/\/www.artestar.eu\/wp-content\/uploads\/2023\/05\/cropped-png.png\",\"contentUrl\":\"https:\/\/www.artestar.eu\/wp-content\/uploads\/2023\/05\/cropped-png.png\",\"width\":512,\"height\":512,\"caption\":\"RUBY ABALORIO S.L.\"}]}<\/script>\n<meta property=\"product:price:amount\" content=\"0.46\" \/>\n<meta property=\"product:price:currency\" content=\"EUR\" \/>\n<meta property=\"og:availability\" content=\"instock\" \/>\n<meta property=\"product:availability\" content=\"instock\" \/>\n<meta property=\"product:retailer_item_id\" content=\"BCPSL-T0001\" \/>\n<meta property=\"product:condition\" content=\"new\" \/>\n<!-- \/ Yoast SEO Premium plugin. -->","yoast_head_json":{"title":"Messing verschiebbares verstellbares Schiebearmband - Artestar","description":"Der verstellbare Schiebearmbandschieber aus Messing l\u00e4sst sich mit verschiedenen Perlen und Accessoires kombinieren, um verschiedene Armbandarten zu schaffen.","robots":{"index":"index","follow":"follow","max-snippet":"max-snippet:-1","max-image-preview":"max-image-preview:large","max-video-preview":"max-video-preview:-1"},"canonical":"https:\/\/www.artestar.eu\/de\/gro\u00dfhandel\/verschiebbares-messingarmband-verschiebbar-verstellbar\/","og_locale":"de_DE","og_type":"article","og_title":"Messing verschiebbares verstellbares Schiebearmband","og_description":"Der verstellbare Schiebearmbandschieber aus Messing l\u00e4sst sich mit verschiedenen Perlen und Accessoires kombinieren, um verschiedene Armbandarten zu schaffen.","og_url":"https:\/\/www.artestar.eu\/de\/gro\u00dfhandel\/verschiebbares-messingarmband-verschiebbar-verstellbar\/","og_site_name":"Artestar","article_publisher":"https:\/\/www.facebook.com\/ARTESTAREU","og_image":[{"width":600,"height":600,"url":"https:\/\/www.artestar.eu\/wp-content\/uploads\/2023\/09\/brass-slider-adjustable-slider-bracelet.jpg","type":"image\/jpeg"}],"twitter_card":"summary_large_image","twitter_misc":{"Preis":"0,46&nbsp;&euro; (Ohne MwSt)","Availability":"Auf Lager"},"schema":{"@context":"https:\/\/schema.org","@graph":[{"@type":"WebPage","@id":"https:\/\/www.artestar.eu\/de\/gro\u00dfhandel\/verschiebbares-messingarmband-verschiebbar-verstellbar\/","url":"https:\/\/www.artestar.eu\/de\/gro\u00dfhandel\/verschiebbares-messingarmband-verschiebbar-verstellbar\/","name":"Messing verschiebbares verstellbares Schiebearmband - Artestar","isPartOf":{"@id":"https:\/\/www.artestar.eu\/de\/#website"},"datePublished":"2023-09-14T01:51:04+00:00","dateModified":"2023-09-14T01:51:04+00:00","description":"Der verstellbare Schiebearmbandschieber aus Messing l\u00e4sst sich mit verschiedenen Perlen und Accessoires kombinieren, um verschiedene Armbandarten zu schaffen.","breadcrumb":{"@id":"https:\/\/www.artestar.eu\/de\/gro\u00dfhandel\/verschiebbares-messingarmband-verschiebbar-verstellbar\/#breadcrumb"},"inLanguage":"de-DE","potentialAction":[{"@type":"ReadAction","target":["https:\/\/www.artestar.eu\/de\/gro\u00dfhandel\/verschiebbares-messingarmband-verschiebbar-verstellbar\/"]}]},{"@type":"BreadcrumbList","@id":"https:\/\/www.artestar.eu\/de\/gro\u00dfhandel\/verschiebbares-messingarmband-verschiebbar-verstellbar\/#breadcrumb","itemListElement":[{"@type":"ListItem","position":1,"name":"Artestar","item":"https:\/\/www.artestar.eu\/de\/"},{"@type":"ListItem","position":2,"name":"Gro\u00dfhandel","item":"https:\/\/www.artestar.eu\/de\/grosshandel\/"},{"@type":"ListItem","position":3,"name":"Messing verschiebbares verstellbares Schiebearmband"}]},{"@type":"WebSite","@id":"https:\/\/www.artestar.eu\/de\/#website","url":"https:\/\/www.artestar.eu\/de\/","name":"Artestar","description":"Mayorista en abalorios y joyer\u00eda","publisher":{"@id":"https:\/\/www.artestar.eu\/de\/#organization"},"alternateName":"Artestar-EU","potentialAction":[{"@type":"SearchAction","target":{"@type":"EntryPoint","urlTemplate":"https:\/\/www.artestar.eu\/de\/?s={search_term_string}"},"query-input":"required name=search_term_string"}],"inLanguage":"de-DE"},{"@type":["Organization","Place"],"@id":"https:\/\/www.artestar.eu\/de\/#organization","name":"RUBY ABALORIO S.L.","alternateName":"Artestar","url":"https:\/\/www.artestar.eu\/de\/","logo":{"@id":"https:\/\/www.artestar.eu\/de\/gro\u00dfhandel\/verschiebbares-messingarmband-verschiebbar-verstellbar\/#local-main-organization-logo"},"image":{"@id":"https:\/\/www.artestar.eu\/de\/gro\u00dfhandel\/verschiebbares-messingarmband-verschiebbar-verstellbar\/#local-main-organization-logo"},"sameAs":["https:\/\/www.facebook.com\/ARTESTAREU","https:\/\/www.instagram.com\/artestareu\/","https:\/\/www.pinterest.es\/artestar_eu\/","https:\/\/www.tiktok.com\/@artestar_wholesale"],"openingHoursSpecification":[{"@type":"OpeningHoursSpecification","dayOfWeek":["Monday","Tuesday","Wednesday","Thursday","Friday","Saturday","Sunday"],"opens":"09:00","closes":"17:00"}]},{"@type":"ImageObject","inLanguage":"de-DE","@id":"https:\/\/www.artestar.eu\/de\/gro\u00dfhandel\/verschiebbares-messingarmband-verschiebbar-verstellbar\/#local-main-organization-logo","url":"https:\/\/www.artestar.eu\/wp-content\/uploads\/2023\/05\/cropped-png.png","contentUrl":"https:\/\/www.artestar.eu\/wp-content\/uploads\/2023\/05\/cropped-png.png","width":512,"height":512,"caption":"RUBY ABALORIO S.L."}]},"product_price_amount":"0.46","product_price_currency":"EUR","og_availability":"instock","product_availability":"instock","product_retailer_item_id":"BCPSL-T0001","product_condition":"new"},"tiered_pricing_type":"fixed","tiered_pricing_fixed_rules":[],"tiered_pricing_percentage_rules":[],"tiered_pricing_minimum":null,"_administrator_tiered_pricing_type":"fixed","_administrator_tiered_pricing_fixed_rules":[],"_editor_tiered_pricing_type":"fixed","_editor_tiered_pricing_fixed_rules":[],"_author_tiered_pricing_type":"fixed","_author_tiered_pricing_fixed_rules":[],"_contributor_tiered_pricing_type":"fixed","_contributor_tiered_pricing_fixed_rules":[],"_subscriber_tiered_pricing_type":"fixed","_subscriber_tiered_pricing_fixed_rules":[],"_wpseo_manager_tiered_pricing_type":"fixed","_wpseo_manager_tiered_pricing_fixed_rules":[],"_wpseo_editor_tiered_pricing_type":"fixed","_wpseo_editor_tiered_pricing_fixed_rules":[],"_customer_tiered_pricing_type":"fixed","_customer_tiered_pricing_fixed_rules":[],"_shop_manager_tiered_pricing_type":"fixed","_shop_manager_tiered_pricing_fixed_rules":[],"_product_manager_tiered_pricing_type":"fixed","_product_manager_tiered_pricing_fixed_rules":[],"_links":{"self":[{"href":"https:\/\/www.artestar.eu\/de\/wp-json\/wp\/v2\/product\/35256"}],"collection":[{"href":"https:\/\/www.artestar.eu\/de\/wp-json\/wp\/v2\/product"}],"about":[{"href":"https:\/\/www.artestar.eu\/de\/wp-json\/wp\/v2\/types\/product"}],"replies":[{"embeddable":true,"href":"https:\/\/www.artestar.eu\/de\/wp-json\/wp\/v2\/comments?post=35256"}],"version-history":[{"count":0,"href":"https:\/\/www.artestar.eu\/de\/wp-json\/wp\/v2\/product\/35256\/revisions"}],"wp:featuredmedia":[{"embeddable":true,"href":"https:\/\/www.artestar.eu\/de\/wp-json\/wp\/v2\/media\/34894"}],"wp:attachment":[{"href":"https:\/\/www.artestar.eu\/de\/wp-json\/wp\/v2\/media?parent=35256"}],"wp:term":[{"taxonomy":"product_cat","embeddable":true,"href":"https:\/\/www.artestar.eu\/de\/wp-json\/wp\/v2\/product_cat?post=35256"},{"taxonomy":"product_tag","embeddable":true,"href":"https:\/\/www.artestar.eu\/de\/wp-json\/wp\/v2\/product_tag?post=35256"}],"curies":[{"name":"wp","href":"https:\/\/api.w.org\/{rel}","templated":true}]}}