{"id":46391,"date":"2023-11-27T16:14:46","date_gmt":"2023-11-27T16:14:46","guid":{"rendered":"https:\/\/www.artestar.eu\/?post_type=product&#038;p=46391"},"modified":"2023-12-04T10:34:12","modified_gmt":"2023-12-04T10:34:12","slug":"silikon-wabenkugeln-15mm","status":"publish","type":"product","link":"https:\/\/www.artestar.eu\/de\/gro\u00dfhandel\/silikon-wabenkugeln-15mm\/","title":{"rendered":"50 Silikon-Wabenkugeln \u00d815mm"},"content":{"rendered":"<h3><strong>Silikon-Wabenkugeln<\/strong><\/h3>\n<p>Die wabenf\u00f6rmigen Silikonperlen sind f\u00fcr die sensorische Stimulation texturiert. Sie eignen sich f\u00fcr die Herstellung von Armb\u00e4ndern, Halsketten, Schnullerb\u00fcgeln, Spielzeug und anderen Bastelarbeiten. Sie k\u00f6nnen zur Linderung von Zahnungsbeschwerden und als perfekter Stillbei\u00dfring f\u00fcr Babys verwendet werden.<\/p>\n<p>Diese Materialien werden aus lebensmittelechtem, organischem, antibakteriellem Silikon hergestellt, das frei von BPA, PVC, Phthalaten, Cadmium und Blei ist. Keine Ger\u00fcche oder Giftstoffe<\/p>\n<ul>\n<li>MASSE: \u00d8 20mm.<\/li>\n<li>MENGE: Packung mit 50 Einheiten.<\/li>\n<li>Lassen Sie lose Teile nicht in Reichweite von Kindern, waschen, sterilisieren Sie die Teile vor dem Gebrauch, inspizieren Sie sie vor dem Gebrauch, k\u00f6nnen mit milder oder neutraler Seife gewaschen werden, verwenden Sie keine scheuernden Produkte.<\/li>\n<\/ul>\n<p>&nbsp;<\/p>\n<p><strong>WARNUNG<\/strong><\/p>\n<p>Lassen Sie lose Teile nicht in Reichweite von Kindern, lose Teile k\u00f6nnen zum Ersticken f\u00fchren.<\/p>\n<p>Es wird empfohlen, das Produkt vor der Geburt zu sterilisieren und das Produkt vor der Verwendung sauber zu halten.<\/p>\n<p>Leicht zu reinigen, mit Wasser und Seife, <strong>VERWENDEN SIE KEINE SCHEUERNDEN ODER GIFTIGEN PRODUKTE.<\/strong><\/p>\n<p><a href=\"https:\/\/www.rubydiy.com\/wp-content\/uploads\/2021\/06\/BS1550RS-1-1.jpg\"><img decoding=\"async\" class=\"alignnone wp-image-37565 size-fusion-800\" src=\"https:\/\/www.rubydiy.com\/wp-content\/uploads\/2021\/06\/BS1550RS-1-1-800x800.jpg\" alt=\"Bienenstockperlen aus Silikon\" width=\"800\" height=\"800\"><\/a><\/p>\n<h3><strong>Silikon-Bienenstockperlen f\u00fcr Bei\u00dfring<\/strong><\/h3>\n<p><strong>R\u00e4te<\/strong><\/p>\n<ul>\n<li>Reinigung: Muss vor jedem Gebrauch mit Wasser und neutraler Seife sterilisiert werden.<\/li>\n<li>Sie sollten es nach jedem Gebrauch reinigen und an der Luft trocknen lassen.<\/li>\n<li>Kontrollieren Sie den Zustand der B\u00e4lle oft. Nicht in die Mikrowelle stellen.<\/li>\n<li>Die Farbe kann aufgrund Ihrer Bildschirmeinstellungen leicht variieren.<\/li>\n<li>Anwendungsdauer: maximal 6 Monate f\u00fcr die Hygiene und Sicherheit von Kindern.<\/li>\n<li>Der K\u00e4ufer \u00fcbernimmt die volle Verantwortung f\u00fcr die Verwendung des Produkts.<\/li>\n<li>Wenn Sch\u00e4den oder Verluste durch Fahrl\u00e4ssigkeit des K\u00e4ufers verursacht werden, haftet der Verk\u00e4ufer nicht.<\/li>\n<\/ul>\n","protected":false},"excerpt":{"rendered":"<p><b>Spiralkugeln aus Silikon \u00d8 15mm f\u00fcr Bei\u00dfringe.<\/b><\/p>\n<p><strong>Messung:&nbsp;<\/strong>\u00d8 15mm.<\/p>\n<p><strong>Inneres Ma\u00df:&nbsp;<\/strong>\u00d8 2mm.<\/p>\n<p><strong>Menge:<\/strong> 5 Stk.<\/p>\n<p><strong>Material:<\/strong>&nbsp;Silikon.<\/p>\n<p><\/p>\n","protected":false},"featured_media":38638,"comment_status":"closed","ping_status":"closed","template":"","meta":[],"product_cat":[],"product_tag":[],"yoast_head":"<!-- This site is optimized with the Yoast SEO Premium plugin v20.5 (Yoast SEO v21.5) - https:\/\/yoast.com\/wordpress\/plugins\/seo\/ -->\n<title>Silikon-Wabenkugeln zum Basteln<\/title>\n<meta name=\"description\" content=\"50 Waben-Silikonkugelperlen \u00d815mm zur Montage von Schnullerketten und Spielzeug, Silikon-Babyteilen, Silikon-Schnullerkettenperlen\" \/>\n<meta name=\"robots\" content=\"index, follow, max-snippet:-1, max-image-preview:large, max-video-preview:-1\" \/>\n<link rel=\"canonical\" href=\"https:\/\/www.artestar.eu\/de\/gro\u00dfhandel\/silikon-wabenkugeln-15mm\/\" \/>\n<meta property=\"og:locale\" content=\"de_DE\" \/>\n<meta property=\"og:type\" content=\"article\" \/>\n<meta property=\"og:title\" content=\"50 Silikon-Wabenkugeln \u00d815mm\" \/>\n<meta property=\"og:description\" content=\"50 Waben-Silikonkugelperlen \u00d815mm zur Montage von Schnullerketten und Spielzeug, Silikon-Babyteilen, Silikon-Schnullerkettenperlen\" \/>\n<meta property=\"og:url\" content=\"https:\/\/www.artestar.eu\/de\/gro\u00dfhandel\/silikon-wabenkugeln-15mm\/\" \/>\n<meta property=\"og:site_name\" content=\"Artestar\" \/>\n<meta property=\"article:publisher\" content=\"https:\/\/www.facebook.com\/ARTESTAREU\" \/>\n<meta property=\"article:modified_time\" content=\"2023-12-04T10:34:12+00:00\" \/>\n<meta property=\"og:image\" content=\"https:\/\/www.artestar.eu\/wp-content\/uploads\/2023\/11\/BS1550RS-1-1.jpg\" \/>\n\t<meta property=\"og:image:width\" content=\"1500\" \/>\n\t<meta property=\"og:image:height\" content=\"1500\" \/>\n\t<meta property=\"og:image:type\" content=\"image\/jpeg\" \/>\n<meta name=\"twitter:card\" content=\"summary_large_image\" \/>\n<meta name=\"twitter:label1\" content=\"Availability\" \/>\n\t<meta name=\"twitter:data1\" content=\"Auf Lager\" \/>\n<script type=\"application\/ld+json\" class=\"yoast-schema-graph\">{\"@context\":\"https:\/\/schema.org\",\"@graph\":[{\"@type\":\"WebPage\",\"@id\":\"https:\/\/www.artestar.eu\/de\/gro\u00dfhandel\/silikon-wabenkugeln-15mm\/\",\"url\":\"https:\/\/www.artestar.eu\/de\/gro\u00dfhandel\/silikon-wabenkugeln-15mm\/\",\"name\":\"Silikon-Wabenkugeln zum Basteln\",\"isPartOf\":{\"@id\":\"https:\/\/www.artestar.eu\/de\/#website\"},\"datePublished\":\"2023-11-27T16:14:46+00:00\",\"dateModified\":\"2023-12-04T10:34:12+00:00\",\"description\":\"50 Waben-Silikonkugelperlen \u00d815mm zur Montage von Schnullerketten und Spielzeug, Silikon-Babyteilen, Silikon-Schnullerkettenperlen\",\"breadcrumb\":{\"@id\":\"https:\/\/www.artestar.eu\/de\/gro\u00dfhandel\/silikon-wabenkugeln-15mm\/#breadcrumb\"},\"inLanguage\":\"de-DE\",\"potentialAction\":[{\"@type\":\"ReadAction\",\"target\":[\"https:\/\/www.artestar.eu\/de\/gro\u00dfhandel\/silikon-wabenkugeln-15mm\/\"]}]},{\"@type\":\"BreadcrumbList\",\"@id\":\"https:\/\/www.artestar.eu\/de\/gro\u00dfhandel\/silikon-wabenkugeln-15mm\/#breadcrumb\",\"itemListElement\":[{\"@type\":\"ListItem\",\"position\":1,\"name\":\"Artestar\",\"item\":\"https:\/\/www.artestar.eu\/de\/\"},{\"@type\":\"ListItem\",\"position\":2,\"name\":\"Gro\u00dfhandel\",\"item\":\"https:\/\/www.artestar.eu\/de\/grosshandel\/\"},{\"@type\":\"ListItem\",\"position\":3,\"name\":\"50 Silikon-Wabenkugeln \u00d815mm\"}]},{\"@type\":\"WebSite\",\"@id\":\"https:\/\/www.artestar.eu\/de\/#website\",\"url\":\"https:\/\/www.artestar.eu\/de\/\",\"name\":\"Artestar\",\"description\":\"Mayorista en abalorios y joyer\u00eda\",\"publisher\":{\"@id\":\"https:\/\/www.artestar.eu\/de\/#organization\"},\"alternateName\":\"Artestar-EU\",\"potentialAction\":[{\"@type\":\"SearchAction\",\"target\":{\"@type\":\"EntryPoint\",\"urlTemplate\":\"https:\/\/www.artestar.eu\/de\/?s={search_term_string}\"},\"query-input\":\"required name=search_term_string\"}],\"inLanguage\":\"de-DE\"},{\"@type\":[\"Organization\",\"Place\"],\"@id\":\"https:\/\/www.artestar.eu\/de\/#organization\",\"name\":\"RUBY ABALORIO S.L.\",\"alternateName\":\"Artestar\",\"url\":\"https:\/\/www.artestar.eu\/de\/\",\"logo\":{\"@id\":\"https:\/\/www.artestar.eu\/de\/gro\u00dfhandel\/silikon-wabenkugeln-15mm\/#local-main-organization-logo\"},\"image\":{\"@id\":\"https:\/\/www.artestar.eu\/de\/gro\u00dfhandel\/silikon-wabenkugeln-15mm\/#local-main-organization-logo\"},\"sameAs\":[\"https:\/\/www.facebook.com\/ARTESTAREU\",\"https:\/\/www.instagram.com\/artestareu\/\",\"https:\/\/www.pinterest.es\/artestar_eu\/\",\"https:\/\/www.tiktok.com\/@artestar_wholesale\"],\"openingHoursSpecification\":[{\"@type\":\"OpeningHoursSpecification\",\"dayOfWeek\":[\"Monday\",\"Tuesday\",\"Wednesday\",\"Thursday\",\"Friday\",\"Saturday\",\"Sunday\"],\"opens\":\"09:00\",\"closes\":\"17:00\"}]},{\"@type\":\"ImageObject\",\"inLanguage\":\"de-DE\",\"@id\":\"https:\/\/www.artestar.eu\/de\/gro\u00dfhandel\/silikon-wabenkugeln-15mm\/#local-main-organization-logo\",\"url\":\"https:\/\/www.artestar.eu\/wp-content\/uploads\/2023\/05\/cropped-png.png\",\"contentUrl\":\"https:\/\/www.artestar.eu\/wp-content\/uploads\/2023\/05\/cropped-png.png\",\"width\":512,\"height\":512,\"caption\":\"RUBY ABALORIO S.L.\"}]}<\/script>\n<meta property=\"og:availability\" content=\"instock\" \/>\n<meta property=\"product:availability\" content=\"instock\" \/>\n<meta property=\"product:retailer_item_id\" content=\"BS1550\" \/>\n<meta property=\"product:condition\" content=\"new\" \/>\n<!-- \/ Yoast SEO Premium plugin. -->","yoast_head_json":{"title":"Silikon-Wabenkugeln zum Basteln","description":"50 Waben-Silikonkugelperlen \u00d815mm zur Montage von Schnullerketten und Spielzeug, Silikon-Babyteilen, Silikon-Schnullerkettenperlen","robots":{"index":"index","follow":"follow","max-snippet":"max-snippet:-1","max-image-preview":"max-image-preview:large","max-video-preview":"max-video-preview:-1"},"canonical":"https:\/\/www.artestar.eu\/de\/gro\u00dfhandel\/silikon-wabenkugeln-15mm\/","og_locale":"de_DE","og_type":"article","og_title":"50 Silikon-Wabenkugeln \u00d815mm","og_description":"50 Waben-Silikonkugelperlen \u00d815mm zur Montage von Schnullerketten und Spielzeug, Silikon-Babyteilen, Silikon-Schnullerkettenperlen","og_url":"https:\/\/www.artestar.eu\/de\/gro\u00dfhandel\/silikon-wabenkugeln-15mm\/","og_site_name":"Artestar","article_publisher":"https:\/\/www.facebook.com\/ARTESTAREU","article_modified_time":"2023-12-04T10:34:12+00:00","og_image":[{"width":1500,"height":1500,"url":"https:\/\/www.artestar.eu\/wp-content\/uploads\/2023\/11\/BS1550RS-1-1.jpg","type":"image\/jpeg"}],"twitter_card":"summary_large_image","twitter_misc":{"Availability":"Auf Lager"},"schema":{"@context":"https:\/\/schema.org","@graph":[{"@type":"WebPage","@id":"https:\/\/www.artestar.eu\/de\/gro\u00dfhandel\/silikon-wabenkugeln-15mm\/","url":"https:\/\/www.artestar.eu\/de\/gro\u00dfhandel\/silikon-wabenkugeln-15mm\/","name":"Silikon-Wabenkugeln zum Basteln","isPartOf":{"@id":"https:\/\/www.artestar.eu\/de\/#website"},"datePublished":"2023-11-27T16:14:46+00:00","dateModified":"2023-12-04T10:34:12+00:00","description":"50 Waben-Silikonkugelperlen \u00d815mm zur Montage von Schnullerketten und Spielzeug, Silikon-Babyteilen, Silikon-Schnullerkettenperlen","breadcrumb":{"@id":"https:\/\/www.artestar.eu\/de\/gro\u00dfhandel\/silikon-wabenkugeln-15mm\/#breadcrumb"},"inLanguage":"de-DE","potentialAction":[{"@type":"ReadAction","target":["https:\/\/www.artestar.eu\/de\/gro\u00dfhandel\/silikon-wabenkugeln-15mm\/"]}]},{"@type":"BreadcrumbList","@id":"https:\/\/www.artestar.eu\/de\/gro\u00dfhandel\/silikon-wabenkugeln-15mm\/#breadcrumb","itemListElement":[{"@type":"ListItem","position":1,"name":"Artestar","item":"https:\/\/www.artestar.eu\/de\/"},{"@type":"ListItem","position":2,"name":"Gro\u00dfhandel","item":"https:\/\/www.artestar.eu\/de\/grosshandel\/"},{"@type":"ListItem","position":3,"name":"50 Silikon-Wabenkugeln \u00d815mm"}]},{"@type":"WebSite","@id":"https:\/\/www.artestar.eu\/de\/#website","url":"https:\/\/www.artestar.eu\/de\/","name":"Artestar","description":"Mayorista en abalorios y joyer\u00eda","publisher":{"@id":"https:\/\/www.artestar.eu\/de\/#organization"},"alternateName":"Artestar-EU","potentialAction":[{"@type":"SearchAction","target":{"@type":"EntryPoint","urlTemplate":"https:\/\/www.artestar.eu\/de\/?s={search_term_string}"},"query-input":"required name=search_term_string"}],"inLanguage":"de-DE"},{"@type":["Organization","Place"],"@id":"https:\/\/www.artestar.eu\/de\/#organization","name":"RUBY ABALORIO S.L.","alternateName":"Artestar","url":"https:\/\/www.artestar.eu\/de\/","logo":{"@id":"https:\/\/www.artestar.eu\/de\/gro\u00dfhandel\/silikon-wabenkugeln-15mm\/#local-main-organization-logo"},"image":{"@id":"https:\/\/www.artestar.eu\/de\/gro\u00dfhandel\/silikon-wabenkugeln-15mm\/#local-main-organization-logo"},"sameAs":["https:\/\/www.facebook.com\/ARTESTAREU","https:\/\/www.instagram.com\/artestareu\/","https:\/\/www.pinterest.es\/artestar_eu\/","https:\/\/www.tiktok.com\/@artestar_wholesale"],"openingHoursSpecification":[{"@type":"OpeningHoursSpecification","dayOfWeek":["Monday","Tuesday","Wednesday","Thursday","Friday","Saturday","Sunday"],"opens":"09:00","closes":"17:00"}]},{"@type":"ImageObject","inLanguage":"de-DE","@id":"https:\/\/www.artestar.eu\/de\/gro\u00dfhandel\/silikon-wabenkugeln-15mm\/#local-main-organization-logo","url":"https:\/\/www.artestar.eu\/wp-content\/uploads\/2023\/05\/cropped-png.png","contentUrl":"https:\/\/www.artestar.eu\/wp-content\/uploads\/2023\/05\/cropped-png.png","width":512,"height":512,"caption":"RUBY ABALORIO S.L."}]},"og_availability":"instock","product_availability":"instock","product_retailer_item_id":"BS1550","product_condition":"new"},"tiered_pricing_type":"fixed","tiered_pricing_fixed_rules":[],"tiered_pricing_percentage_rules":[],"tiered_pricing_minimum":null,"_administrator_tiered_pricing_type":"fixed","_administrator_tiered_pricing_fixed_rules":[],"_editor_tiered_pricing_type":"fixed","_editor_tiered_pricing_fixed_rules":[],"_author_tiered_pricing_type":"fixed","_author_tiered_pricing_fixed_rules":[],"_contributor_tiered_pricing_type":"fixed","_contributor_tiered_pricing_fixed_rules":[],"_subscriber_tiered_pricing_type":"fixed","_subscriber_tiered_pricing_fixed_rules":[],"_wpseo_manager_tiered_pricing_type":"fixed","_wpseo_manager_tiered_pricing_fixed_rules":[],"_wpseo_editor_tiered_pricing_type":"fixed","_wpseo_editor_tiered_pricing_fixed_rules":[],"_customer_tiered_pricing_type":"fixed","_customer_tiered_pricing_fixed_rules":[],"_shop_manager_tiered_pricing_type":"fixed","_shop_manager_tiered_pricing_fixed_rules":[],"_product_manager_tiered_pricing_type":"fixed","_product_manager_tiered_pricing_fixed_rules":[],"_links":{"self":[{"href":"https:\/\/www.artestar.eu\/de\/wp-json\/wp\/v2\/product\/46391"}],"collection":[{"href":"https:\/\/www.artestar.eu\/de\/wp-json\/wp\/v2\/product"}],"about":[{"href":"https:\/\/www.artestar.eu\/de\/wp-json\/wp\/v2\/types\/product"}],"replies":[{"embeddable":true,"href":"https:\/\/www.artestar.eu\/de\/wp-json\/wp\/v2\/comments?post=46391"}],"version-history":[{"count":1,"href":"https:\/\/www.artestar.eu\/de\/wp-json\/wp\/v2\/product\/46391\/revisions"}],"predecessor-version":[{"id":47445,"href":"https:\/\/www.artestar.eu\/de\/wp-json\/wp\/v2\/product\/46391\/revisions\/47445"}],"wp:featuredmedia":[{"embeddable":true,"href":"https:\/\/www.artestar.eu\/de\/wp-json\/wp\/v2\/media\/38638"}],"wp:attachment":[{"href":"https:\/\/www.artestar.eu\/de\/wp-json\/wp\/v2\/media?parent=46391"}],"wp:term":[{"taxonomy":"product_cat","embeddable":true,"href":"https:\/\/www.artestar.eu\/de\/wp-json\/wp\/v2\/product_cat?post=46391"},{"taxonomy":"product_tag","embeddable":true,"href":"https:\/\/www.artestar.eu\/de\/wp-json\/wp\/v2\/product_tag?post=46391"}],"curies":[{"name":"wp","href":"https:\/\/api.w.org\/{rel}","templated":true}]}}