{"id":46445,"date":"2023-11-27T16:14:16","date_gmt":"2023-11-27T16:14:16","guid":{"rendered":"https:\/\/www.artestar.eu\/?post_type=product&#038;p=46445"},"modified":"2023-12-13T11:31:44","modified_gmt":"2023-12-13T11:31:44","slug":"holz-buche-kugeln-12mm","status":"publish","type":"product","link":"https:\/\/www.artestar.eu\/de\/gro\u00dfhandel\/holz-buche-kugeln-12mm\/","title":{"rendered":"1000 Buchenholzkugeln \u00d812mm"},"content":{"rendered":"<h3><strong>Buchenholzkugeln 12mm<\/strong><\/h3>\n<p>Gro\u00dfhandel Buchenholzkugeln f\u00fcr die handwerkliche Erstellung. Packung mit 1000 12mm Holzkugeln f\u00fcr Halsketten, Armb\u00e4nder, Schnullerkette, Rasseln, Hausdekorationen.  <span class=\"a-list-item\">Nicht f\u00fcr Kinder unter 3 Jahren geeignet; Kinder sollten es unter Aufsicht von Erwachsenen verwenden. Leicht zu lackieren. Leicht und langlebig f\u00fcr eine lange Nutzung.<\/span><\/p>\n<ul>\n<li>Menge: 1000pcs<\/li>\n<li>Gr\u00f6\u00dfe: 12mm runde Form<\/li>\n<li>Material: Unbehandelte hochwertige 100% nat\u00fcrliche Buchenholzperlen,<\/li>\n<li>Mit einem Loch innen \u00d8 3mm<\/li>\n<\/ul>\n<p><img decoding=\"async\" class=\"alignnone wp-image-34898\" src=\"https:\/\/www.rubydiy.com\/wp-content\/uploads\/2021\/06\/Bola-madera-haya-12mm-1-300x300.jpg\" alt=\"Buchenholzkugel 12mm\" width=\"360\" height=\"360\"> <img decoding=\"async\" class=\"alignnone wp-image-34904\" src=\"https:\/\/www.rubydiy.com\/wp-content\/uploads\/2021\/06\/Bola-madera-haya-12mm-2-300x300.jpg\" alt=\"Buchenholzkugel 12mm\" width=\"360\" height=\"360\"><\/p>\n<h3><strong>Buchenholzperlen 12mm zum Basteln<\/strong><\/h3>\n<p><strong>Spezifikation<\/strong><\/p>\n<ul>\n<li>Die Farbe kann aufgrund Ihrer Bildschirmeinstellungen leicht variieren.<\/li>\n<li>Der K\u00e4ufer \u00fcbernimmt die volle Verantwortung f\u00fcr die Verwendung des Produkts.<\/li>\n<li>Wenn Sch\u00e4den oder Verluste durch Fahrl\u00e4ssigkeit des K\u00e4ufers verursacht werden, haftet der Verk\u00e4ufer nicht.<\/li>\n<\/ul>\n<p><strong>R\u00e4te<\/strong><\/p>\n<ul>\n<li>Wenn Sie die Holzperlen reinigen m\u00f6chten, wischen Sie sie vorsichtig mit einem feuchten Handtuch ab.<\/li>\n<li>Waschen Sie sie nicht direkt in Wasser, da dies den urspr\u00fcnglichen Glanz des Holzes beeintr\u00e4chtigt.<\/li>\n<li>Tauchen Sie keine Holzgegenst\u00e4nde in Wasser und weichen Sie sie nicht in Wasser ein. Lege sie auch nicht in die Marineblau oder in die Sp\u00fclmaschine.<\/li>\n<li>Holzgegenst\u00e4nde werden aus nat\u00fcrlichem Holz hergestellt, daher k\u00f6nnen einige Abweichungen auftreten und sollten mit Vorsicht behandelt werden, um Besch\u00e4digungen zu vermeiden.<\/li>\n<\/ul>\n","protected":false},"excerpt":{"rendered":"<p><strong>Messung: <\/strong> \u00d8 12mm<\/p>\n<p><strong>Inneres Ma\u00df: <\/strong>\u00d8 3mm<\/p>\n<p><strong>Menge: <\/strong>1000 St\u00fcck<\/p>\n<p><strong>Material:<\/strong> Buchenholz<\/p>\n","protected":false},"featured_media":38580,"comment_status":"closed","ping_status":"closed","template":"","meta":[],"product_cat":[3149,3154],"product_tag":[],"yoast_head":"<!-- This site is optimized with the Yoast SEO Premium plugin v20.5 (Yoast SEO v21.5) - https:\/\/yoast.com\/wordpress\/plugins\/seo\/ -->\n<title>12mm Holzkugeln zum Basteln<\/title>\n<meta name=\"description\" content=\"1000 Perlen Buchenholzkugeln 12mm f\u00fcr Bastelarbeiten und Schnuller. Gro\u00dfhandel Billige Kleine Buchenholzkugeln\" \/>\n<meta name=\"robots\" content=\"index, follow, max-snippet:-1, max-image-preview:large, max-video-preview:-1\" \/>\n<link rel=\"canonical\" href=\"https:\/\/www.artestar.eu\/de\/gro\u00dfhandel\/holz-buche-kugeln-12mm\/\" \/>\n<meta property=\"og:locale\" content=\"de_DE\" \/>\n<meta property=\"og:type\" content=\"article\" \/>\n<meta property=\"og:title\" content=\"1000 Buchenholzkugeln \u00d812mm\" \/>\n<meta property=\"og:description\" content=\"1000 Perlen Buchenholzkugeln 12mm f\u00fcr Bastelarbeiten und Schnuller. Gro\u00dfhandel Billige Kleine Buchenholzkugeln\" \/>\n<meta property=\"og:url\" content=\"https:\/\/www.artestar.eu\/de\/gro\u00dfhandel\/holz-buche-kugeln-12mm\/\" \/>\n<meta property=\"og:site_name\" content=\"Artestar\" \/>\n<meta property=\"article:publisher\" content=\"https:\/\/www.facebook.com\/ARTESTAREU\" \/>\n<meta property=\"article:modified_time\" content=\"2023-12-13T11:31:44+00:00\" \/>\n<meta property=\"og:image\" content=\"https:\/\/www.artestar.eu\/wp-content\/uploads\/2023\/11\/Bola-madera-haya-12mm-3.jpg\" \/>\n\t<meta property=\"og:image:width\" content=\"1000\" \/>\n\t<meta property=\"og:image:height\" content=\"1000\" \/>\n\t<meta property=\"og:image:type\" content=\"image\/jpeg\" \/>\n<meta name=\"twitter:card\" content=\"summary_large_image\" \/>\n<meta name=\"twitter:label1\" content=\"Preis\" \/>\n\t<meta name=\"twitter:data1\" content=\"7,65&nbsp;&euro; (Ohne MwSt)\" \/>\n\t<meta name=\"twitter:label2\" content=\"Availability\" \/>\n\t<meta name=\"twitter:data2\" content=\"Auf Lager\" \/>\n<script type=\"application\/ld+json\" class=\"yoast-schema-graph\">{\"@context\":\"https:\/\/schema.org\",\"@graph\":[{\"@type\":\"WebPage\",\"@id\":\"https:\/\/www.artestar.eu\/de\/gro\u00dfhandel\/holz-buche-kugeln-12mm\/\",\"url\":\"https:\/\/www.artestar.eu\/de\/gro\u00dfhandel\/holz-buche-kugeln-12mm\/\",\"name\":\"12mm Holzkugeln zum Basteln\",\"isPartOf\":{\"@id\":\"https:\/\/www.artestar.eu\/de\/#website\"},\"datePublished\":\"2023-11-27T16:14:16+00:00\",\"dateModified\":\"2023-12-13T11:31:44+00:00\",\"description\":\"1000 Perlen Buchenholzkugeln 12mm f\u00fcr Bastelarbeiten und Schnuller. Gro\u00dfhandel Billige Kleine Buchenholzkugeln\",\"breadcrumb\":{\"@id\":\"https:\/\/www.artestar.eu\/de\/gro\u00dfhandel\/holz-buche-kugeln-12mm\/#breadcrumb\"},\"inLanguage\":\"de-DE\",\"potentialAction\":[{\"@type\":\"ReadAction\",\"target\":[\"https:\/\/www.artestar.eu\/de\/gro\u00dfhandel\/holz-buche-kugeln-12mm\/\"]}]},{\"@type\":\"BreadcrumbList\",\"@id\":\"https:\/\/www.artestar.eu\/de\/gro\u00dfhandel\/holz-buche-kugeln-12mm\/#breadcrumb\",\"itemListElement\":[{\"@type\":\"ListItem\",\"position\":1,\"name\":\"Artestar\",\"item\":\"https:\/\/www.artestar.eu\/de\/\"},{\"@type\":\"ListItem\",\"position\":2,\"name\":\"Gro\u00dfhandel\",\"item\":\"https:\/\/www.artestar.eu\/de\/grosshandel\/\"},{\"@type\":\"ListItem\",\"position\":3,\"name\":\"1000 Buchenholzkugeln \u00d812mm\"}]},{\"@type\":\"WebSite\",\"@id\":\"https:\/\/www.artestar.eu\/de\/#website\",\"url\":\"https:\/\/www.artestar.eu\/de\/\",\"name\":\"Artestar\",\"description\":\"Mayorista en abalorios y joyer\u00eda\",\"publisher\":{\"@id\":\"https:\/\/www.artestar.eu\/de\/#organization\"},\"alternateName\":\"Artestar-EU\",\"potentialAction\":[{\"@type\":\"SearchAction\",\"target\":{\"@type\":\"EntryPoint\",\"urlTemplate\":\"https:\/\/www.artestar.eu\/de\/?s={search_term_string}\"},\"query-input\":\"required name=search_term_string\"}],\"inLanguage\":\"de-DE\"},{\"@type\":[\"Organization\",\"Place\"],\"@id\":\"https:\/\/www.artestar.eu\/de\/#organization\",\"name\":\"RUBY ABALORIO S.L.\",\"alternateName\":\"Artestar\",\"url\":\"https:\/\/www.artestar.eu\/de\/\",\"logo\":{\"@id\":\"https:\/\/www.artestar.eu\/de\/gro\u00dfhandel\/holz-buche-kugeln-12mm\/#local-main-organization-logo\"},\"image\":{\"@id\":\"https:\/\/www.artestar.eu\/de\/gro\u00dfhandel\/holz-buche-kugeln-12mm\/#local-main-organization-logo\"},\"sameAs\":[\"https:\/\/www.facebook.com\/ARTESTAREU\",\"https:\/\/www.instagram.com\/artestareu\/\",\"https:\/\/www.pinterest.es\/artestar_eu\/\",\"https:\/\/www.tiktok.com\/@artestar_wholesale\"],\"openingHoursSpecification\":[{\"@type\":\"OpeningHoursSpecification\",\"dayOfWeek\":[\"Monday\",\"Tuesday\",\"Wednesday\",\"Thursday\",\"Friday\",\"Saturday\",\"Sunday\"],\"opens\":\"09:00\",\"closes\":\"17:00\"}]},{\"@type\":\"ImageObject\",\"inLanguage\":\"de-DE\",\"@id\":\"https:\/\/www.artestar.eu\/de\/gro\u00dfhandel\/holz-buche-kugeln-12mm\/#local-main-organization-logo\",\"url\":\"https:\/\/www.artestar.eu\/wp-content\/uploads\/2023\/05\/cropped-png.png\",\"contentUrl\":\"https:\/\/www.artestar.eu\/wp-content\/uploads\/2023\/05\/cropped-png.png\",\"width\":512,\"height\":512,\"caption\":\"RUBY ABALORIO S.L.\"}]}<\/script>\n<meta property=\"product:price:amount\" content=\"7.65\" \/>\n<meta property=\"product:price:currency\" content=\"EUR\" \/>\n<meta property=\"og:availability\" content=\"instock\" \/>\n<meta property=\"product:availability\" content=\"instock\" \/>\n<meta property=\"product:retailer_item_id\" content=\"34\" \/>\n<meta property=\"product:condition\" content=\"new\" \/>\n<!-- \/ Yoast SEO Premium plugin. -->","yoast_head_json":{"title":"12mm Holzkugeln zum Basteln","description":"1000 Perlen Buchenholzkugeln 12mm f\u00fcr Bastelarbeiten und Schnuller. Gro\u00dfhandel Billige Kleine Buchenholzkugeln","robots":{"index":"index","follow":"follow","max-snippet":"max-snippet:-1","max-image-preview":"max-image-preview:large","max-video-preview":"max-video-preview:-1"},"canonical":"https:\/\/www.artestar.eu\/de\/gro\u00dfhandel\/holz-buche-kugeln-12mm\/","og_locale":"de_DE","og_type":"article","og_title":"1000 Buchenholzkugeln \u00d812mm","og_description":"1000 Perlen Buchenholzkugeln 12mm f\u00fcr Bastelarbeiten und Schnuller. Gro\u00dfhandel Billige Kleine Buchenholzkugeln","og_url":"https:\/\/www.artestar.eu\/de\/gro\u00dfhandel\/holz-buche-kugeln-12mm\/","og_site_name":"Artestar","article_publisher":"https:\/\/www.facebook.com\/ARTESTAREU","article_modified_time":"2023-12-13T11:31:44+00:00","og_image":[{"width":1000,"height":1000,"url":"https:\/\/www.artestar.eu\/wp-content\/uploads\/2023\/11\/Bola-madera-haya-12mm-3.jpg","type":"image\/jpeg"}],"twitter_card":"summary_large_image","twitter_misc":{"Preis":"7,65&nbsp;&euro; (Ohne MwSt)","Availability":"Auf Lager"},"schema":{"@context":"https:\/\/schema.org","@graph":[{"@type":"WebPage","@id":"https:\/\/www.artestar.eu\/de\/gro\u00dfhandel\/holz-buche-kugeln-12mm\/","url":"https:\/\/www.artestar.eu\/de\/gro\u00dfhandel\/holz-buche-kugeln-12mm\/","name":"12mm Holzkugeln zum Basteln","isPartOf":{"@id":"https:\/\/www.artestar.eu\/de\/#website"},"datePublished":"2023-11-27T16:14:16+00:00","dateModified":"2023-12-13T11:31:44+00:00","description":"1000 Perlen Buchenholzkugeln 12mm f\u00fcr Bastelarbeiten und Schnuller. Gro\u00dfhandel Billige Kleine Buchenholzkugeln","breadcrumb":{"@id":"https:\/\/www.artestar.eu\/de\/gro\u00dfhandel\/holz-buche-kugeln-12mm\/#breadcrumb"},"inLanguage":"de-DE","potentialAction":[{"@type":"ReadAction","target":["https:\/\/www.artestar.eu\/de\/gro\u00dfhandel\/holz-buche-kugeln-12mm\/"]}]},{"@type":"BreadcrumbList","@id":"https:\/\/www.artestar.eu\/de\/gro\u00dfhandel\/holz-buche-kugeln-12mm\/#breadcrumb","itemListElement":[{"@type":"ListItem","position":1,"name":"Artestar","item":"https:\/\/www.artestar.eu\/de\/"},{"@type":"ListItem","position":2,"name":"Gro\u00dfhandel","item":"https:\/\/www.artestar.eu\/de\/grosshandel\/"},{"@type":"ListItem","position":3,"name":"1000 Buchenholzkugeln \u00d812mm"}]},{"@type":"WebSite","@id":"https:\/\/www.artestar.eu\/de\/#website","url":"https:\/\/www.artestar.eu\/de\/","name":"Artestar","description":"Mayorista en abalorios y joyer\u00eda","publisher":{"@id":"https:\/\/www.artestar.eu\/de\/#organization"},"alternateName":"Artestar-EU","potentialAction":[{"@type":"SearchAction","target":{"@type":"EntryPoint","urlTemplate":"https:\/\/www.artestar.eu\/de\/?s={search_term_string}"},"query-input":"required name=search_term_string"}],"inLanguage":"de-DE"},{"@type":["Organization","Place"],"@id":"https:\/\/www.artestar.eu\/de\/#organization","name":"RUBY ABALORIO S.L.","alternateName":"Artestar","url":"https:\/\/www.artestar.eu\/de\/","logo":{"@id":"https:\/\/www.artestar.eu\/de\/gro\u00dfhandel\/holz-buche-kugeln-12mm\/#local-main-organization-logo"},"image":{"@id":"https:\/\/www.artestar.eu\/de\/gro\u00dfhandel\/holz-buche-kugeln-12mm\/#local-main-organization-logo"},"sameAs":["https:\/\/www.facebook.com\/ARTESTAREU","https:\/\/www.instagram.com\/artestareu\/","https:\/\/www.pinterest.es\/artestar_eu\/","https:\/\/www.tiktok.com\/@artestar_wholesale"],"openingHoursSpecification":[{"@type":"OpeningHoursSpecification","dayOfWeek":["Monday","Tuesday","Wednesday","Thursday","Friday","Saturday","Sunday"],"opens":"09:00","closes":"17:00"}]},{"@type":"ImageObject","inLanguage":"de-DE","@id":"https:\/\/www.artestar.eu\/de\/gro\u00dfhandel\/holz-buche-kugeln-12mm\/#local-main-organization-logo","url":"https:\/\/www.artestar.eu\/wp-content\/uploads\/2023\/05\/cropped-png.png","contentUrl":"https:\/\/www.artestar.eu\/wp-content\/uploads\/2023\/05\/cropped-png.png","width":512,"height":512,"caption":"RUBY ABALORIO S.L."}]},"product_price_amount":"7.65","product_price_currency":"EUR","og_availability":"instock","product_availability":"instock","product_retailer_item_id":"34","product_condition":"new"},"tiered_pricing_type":"fixed","tiered_pricing_fixed_rules":[],"tiered_pricing_percentage_rules":[],"tiered_pricing_minimum":null,"_administrator_tiered_pricing_type":"fixed","_administrator_tiered_pricing_fixed_rules":[],"_editor_tiered_pricing_type":"fixed","_editor_tiered_pricing_fixed_rules":[],"_author_tiered_pricing_type":"fixed","_author_tiered_pricing_fixed_rules":[],"_contributor_tiered_pricing_type":"fixed","_contributor_tiered_pricing_fixed_rules":[],"_subscriber_tiered_pricing_type":"fixed","_subscriber_tiered_pricing_fixed_rules":[],"_wpseo_manager_tiered_pricing_type":"fixed","_wpseo_manager_tiered_pricing_fixed_rules":[],"_wpseo_editor_tiered_pricing_type":"fixed","_wpseo_editor_tiered_pricing_fixed_rules":[],"_customer_tiered_pricing_type":"fixed","_customer_tiered_pricing_fixed_rules":[],"_shop_manager_tiered_pricing_type":"fixed","_shop_manager_tiered_pricing_fixed_rules":[],"_product_manager_tiered_pricing_type":"fixed","_product_manager_tiered_pricing_fixed_rules":[],"_links":{"self":[{"href":"https:\/\/www.artestar.eu\/de\/wp-json\/wp\/v2\/product\/46445"}],"collection":[{"href":"https:\/\/www.artestar.eu\/de\/wp-json\/wp\/v2\/product"}],"about":[{"href":"https:\/\/www.artestar.eu\/de\/wp-json\/wp\/v2\/types\/product"}],"replies":[{"embeddable":true,"href":"https:\/\/www.artestar.eu\/de\/wp-json\/wp\/v2\/comments?post=46445"}],"version-history":[{"count":1,"href":"https:\/\/www.artestar.eu\/de\/wp-json\/wp\/v2\/product\/46445\/revisions"}],"predecessor-version":[{"id":57654,"href":"https:\/\/www.artestar.eu\/de\/wp-json\/wp\/v2\/product\/46445\/revisions\/57654"}],"wp:featuredmedia":[{"embeddable":true,"href":"https:\/\/www.artestar.eu\/de\/wp-json\/wp\/v2\/media\/38580"}],"wp:attachment":[{"href":"https:\/\/www.artestar.eu\/de\/wp-json\/wp\/v2\/media?parent=46445"}],"wp:term":[{"taxonomy":"product_cat","embeddable":true,"href":"https:\/\/www.artestar.eu\/de\/wp-json\/wp\/v2\/product_cat?post=46445"},{"taxonomy":"product_tag","embeddable":true,"href":"https:\/\/www.artestar.eu\/de\/wp-json\/wp\/v2\/product_tag?post=46445"}],"curies":[{"name":"wp","href":"https:\/\/api.w.org\/{rel}","templated":true}]}}