{"id":46446,"date":"2023-11-27T16:13:43","date_gmt":"2023-11-27T16:13:43","guid":{"rendered":"https:\/\/www.artestar.eu\/?post_type=product&#038;p=46446"},"modified":"2023-12-13T10:56:14","modified_gmt":"2023-12-13T10:56:14","slug":"silikonkugeln-15mm-palast-der-susigkeiten","status":"publish","type":"product","link":"https:\/\/www.artestar.eu\/de\/gro\u00dfhandel\/silikonkugeln-15mm-palast-der-susigkeiten\/","title":{"rendered":"Packung 600 Silikonkugeln \u00d815mm Palacio de los Dulces"},"content":{"rendered":"<h3><b>Palacio de los Dulces Pack Silikonkugeln \u00d815mm f\u00fcr Schnullerketten<\/b><\/h3>\n<p>600 Gro\u00dfhandel 15mm Silikonkugeln zum Erstellen von individuellen Schnullerketten oder Bei\u00dfspielzeug f\u00fcr Babys. Produkt von B\u00e4llen aus dem Palacio de los Dulces zu einem unschlagbaren Preis mit Versand in ganz Europa.<\/p>\n<p>Silikonkugeln bestehen aus lebensmittelechtem Silikon, frei von BPA, PVC, Phthalaten, Cadmium und Blei. 100% sicher f\u00fcr Kinder und Babys. Diese Materialien eignen sich f\u00fcr die Herstellung von Armb\u00e4ndern, Halsketten, Schnullerketten, Spielzeug oder Bei\u00dfringen.<\/p>\n<ul>\n<li>MASSE: \u00d8 15mm.<\/li>\n<li>MENGE: Packung mit 600 Einheiten.<\/li>\n<li>FARBE: Wei\u00df, Lila und Pink<\/li>\n<li>Lassen Sie lose Teile nicht in Reichweite von Kindern, waschen, sterilisieren Sie die Teile vor dem Gebrauch, inspizieren Sie sie vor dem Gebrauch, k\u00f6nnen mit milder oder neutraler Seife gewaschen werden, verwenden Sie keine scheuernden Produkte.<\/li>\n<\/ul>\n<p><img decoding=\"async\" class=\"alignnone wp-image-37969\" src=\"https:\/\/www.artestar.eu\/wp-content\/uploads\/2023\/11\/SELLOCTI1-1-300x296.jpg\" alt=\"\" width=\"111\" height=\"110\" srcset=\"https:\/\/www.artestar.eu\/wp-content\/uploads\/2023\/11\/SELLOCTI1-1-300x300.jpg 300w, https:\/\/www.artestar.eu\/wp-content\/uploads\/2023\/11\/SELLOCTI1-1-150x150.jpg 150w, https:\/\/www.artestar.eu\/wp-content\/uploads\/2023\/11\/SELLOCTI1-1-450x450.jpg 450w, https:\/\/www.artestar.eu\/wp-content\/uploads\/2023\/11\/SELLOCTI1-1-55x54.jpg 55w, https:\/\/www.artestar.eu\/wp-content\/uploads\/2023\/11\/SELLOCTI1-1.jpg 583w\" sizes=\"(max-width: 111px) 100vw, 111px\" \/><\/p>\n<p><strong>WARNUNG<\/strong><\/p>\n<p>Lassen Sie lose Teile nicht in Reichweite von Kindern, lose Teile k\u00f6nnen zum Ersticken f\u00fchren.<\/p>\n<p>Es wird empfohlen, das Produkt vor der Geburt zu sterilisieren und das Produkt vor der Verwendung sauber zu halten.<\/p>\n<p>Leicht zu reinigen, mit Wasser und Seife, <strong>VERWENDEN SIE KEINE SCHEUERNDEN ODER GIFTIGEN PRODUKTE.<\/strong><\/p>\n<p><img decoding=\"async\" class=\"alignnone wp-image-49093 size-fusion-800\" src=\"https:\/\/www.rubydiy.com\/wp-content\/uploads\/2020\/10\/Lote-Bolas-de-silicona-para-chupetero-rosa-15mm-1-800x800.jpg\" alt=\"Pinke Silikonkugeln f\u00fcr Schnullerketten\" width=\"800\" height=\"800\"><\/p>\n<h3><b>Silikonkugeln zum Basteln<\/b><\/h3>\n<p><strong>R\u00e4te<\/strong><\/p>\n<ul>\n<li>Reinigung: Muss vor jedem Gebrauch mit Wasser und neutraler Seife sterilisiert werden.<\/li>\n<li>Sie sollten es nach jedem Gebrauch reinigen und an der Luft trocknen lassen.<\/li>\n<li>Kontrollieren Sie den Zustand der B\u00e4lle oft. Nicht in die Mikrowelle stellen.<\/li>\n<li>Die Farbe kann aufgrund Ihrer Bildschirmeinstellungen leicht variieren.<\/li>\n<li>Anwendungsdauer: maximal 6 Monate f\u00fcr die Hygiene und Sicherheit von Kindern.<\/li>\n<li>Der K\u00e4ufer \u00fcbernimmt die volle Verantwortung f\u00fcr die Verwendung des Produkts.<\/li>\n<li>Wenn Sch\u00e4den oder Verluste durch Fahrl\u00e4ssigkeit des K\u00e4ufers verursacht werden, haftet der Verk\u00e4ufer nicht.<\/li>\n<\/ul>\n","protected":false},"excerpt":{"rendered":"<p><strong>Messung:<\/strong> \u00d8 15mm<\/p>\n<p><strong>Farben:<\/strong> Wei\u00df, Lila und Pink<\/p>\n<p><strong>Inneres Ma\u00df: <\/strong>\u00d8 2mm<\/p>\n<p><strong>Menge:<\/strong> 600<strong> <\/strong>Du.<\/p>\n<p><strong>Material:<\/strong> Silikon<\/p>\n","protected":false},"featured_media":38381,"comment_status":"closed","ping_status":"closed","template":"","meta":[],"product_cat":[3149,3154],"product_tag":[],"yoast_head":"<!-- This site is optimized with the Yoast SEO Premium plugin v20.5 (Yoast SEO v21.5) - https:\/\/yoast.com\/wordpress\/plugins\/seo\/ -->\n<title>Pinke Silikonkugeln f\u00fcr Schnuller und Spielzeug<\/title>\n<meta name=\"description\" content=\"Packung 600 Silikonkugeln Palast der S\u00fc\u00dfigkeiten f\u00fcr Schnuller, Gro\u00dfhandel rosa, lila und wei\u00dfe Silikonkugeln f\u00fcr Bastelarbeiten\" \/>\n<meta name=\"robots\" content=\"index, follow, max-snippet:-1, max-image-preview:large, max-video-preview:-1\" \/>\n<link rel=\"canonical\" href=\"https:\/\/www.artestar.eu\/de\/gro\u00dfhandel\/silikonkugeln-15mm-palast-der-susigkeiten\/\" \/>\n<meta property=\"og:locale\" content=\"de_DE\" \/>\n<meta property=\"og:type\" content=\"article\" \/>\n<meta property=\"og:title\" content=\"Packung 600 Silikonkugeln \u00d815mm Palacio de los Dulces\" \/>\n<meta property=\"og:description\" content=\"Packung 600 Silikonkugeln Palast der S\u00fc\u00dfigkeiten f\u00fcr Schnuller, Gro\u00dfhandel rosa, lila und wei\u00dfe Silikonkugeln f\u00fcr Bastelarbeiten\" \/>\n<meta property=\"og:url\" content=\"https:\/\/www.artestar.eu\/de\/gro\u00dfhandel\/silikonkugeln-15mm-palast-der-susigkeiten\/\" \/>\n<meta property=\"og:site_name\" content=\"Artestar\" \/>\n<meta property=\"article:publisher\" content=\"https:\/\/www.facebook.com\/ARTESTAREU\" \/>\n<meta property=\"article:modified_time\" content=\"2023-12-13T10:56:14+00:00\" \/>\n<meta property=\"og:image\" content=\"https:\/\/www.artestar.eu\/wp-content\/uploads\/2023\/11\/Lote-Bolas-de-silicona-para-chupetero-rosa-15mm-2.jpg\" \/>\n\t<meta property=\"og:image:width\" content=\"1000\" \/>\n\t<meta property=\"og:image:height\" content=\"1000\" \/>\n\t<meta property=\"og:image:type\" content=\"image\/jpeg\" \/>\n<meta name=\"twitter:card\" content=\"summary_large_image\" \/>\n<meta name=\"twitter:label1\" content=\"Preis\" \/>\n\t<meta name=\"twitter:data1\" content=\"7,65&nbsp;&euro; (Ohne MwSt)\" \/>\n\t<meta name=\"twitter:label2\" content=\"Availability\" \/>\n\t<meta name=\"twitter:data2\" content=\"Auf Lager\" \/>\n<script type=\"application\/ld+json\" class=\"yoast-schema-graph\">{\"@context\":\"https:\/\/schema.org\",\"@graph\":[{\"@type\":\"WebPage\",\"@id\":\"https:\/\/www.artestar.eu\/de\/gro\u00dfhandel\/silikonkugeln-15mm-palast-der-susigkeiten\/\",\"url\":\"https:\/\/www.artestar.eu\/de\/gro\u00dfhandel\/silikonkugeln-15mm-palast-der-susigkeiten\/\",\"name\":\"Pinke Silikonkugeln f\u00fcr Schnuller und Spielzeug\",\"isPartOf\":{\"@id\":\"https:\/\/www.artestar.eu\/de\/#website\"},\"datePublished\":\"2023-11-27T16:13:43+00:00\",\"dateModified\":\"2023-12-13T10:56:14+00:00\",\"description\":\"Packung 600 Silikonkugeln Palast der S\u00fc\u00dfigkeiten f\u00fcr Schnuller, Gro\u00dfhandel rosa, lila und wei\u00dfe Silikonkugeln f\u00fcr Bastelarbeiten\",\"breadcrumb\":{\"@id\":\"https:\/\/www.artestar.eu\/de\/gro\u00dfhandel\/silikonkugeln-15mm-palast-der-susigkeiten\/#breadcrumb\"},\"inLanguage\":\"de-DE\",\"potentialAction\":[{\"@type\":\"ReadAction\",\"target\":[\"https:\/\/www.artestar.eu\/de\/gro\u00dfhandel\/silikonkugeln-15mm-palast-der-susigkeiten\/\"]}]},{\"@type\":\"BreadcrumbList\",\"@id\":\"https:\/\/www.artestar.eu\/de\/gro\u00dfhandel\/silikonkugeln-15mm-palast-der-susigkeiten\/#breadcrumb\",\"itemListElement\":[{\"@type\":\"ListItem\",\"position\":1,\"name\":\"Artestar\",\"item\":\"https:\/\/www.artestar.eu\/de\/\"},{\"@type\":\"ListItem\",\"position\":2,\"name\":\"Gro\u00dfhandel\",\"item\":\"https:\/\/www.artestar.eu\/de\/grosshandel\/\"},{\"@type\":\"ListItem\",\"position\":3,\"name\":\"Packung 600 Silikonkugeln \u00d815mm Palacio de los Dulces\"}]},{\"@type\":\"WebSite\",\"@id\":\"https:\/\/www.artestar.eu\/de\/#website\",\"url\":\"https:\/\/www.artestar.eu\/de\/\",\"name\":\"Artestar\",\"description\":\"Mayorista en abalorios y joyer\u00eda\",\"publisher\":{\"@id\":\"https:\/\/www.artestar.eu\/de\/#organization\"},\"alternateName\":\"Artestar-EU\",\"potentialAction\":[{\"@type\":\"SearchAction\",\"target\":{\"@type\":\"EntryPoint\",\"urlTemplate\":\"https:\/\/www.artestar.eu\/de\/?s={search_term_string}\"},\"query-input\":\"required name=search_term_string\"}],\"inLanguage\":\"de-DE\"},{\"@type\":[\"Organization\",\"Place\"],\"@id\":\"https:\/\/www.artestar.eu\/de\/#organization\",\"name\":\"RUBY ABALORIO S.L.\",\"alternateName\":\"Artestar\",\"url\":\"https:\/\/www.artestar.eu\/de\/\",\"logo\":{\"@id\":\"https:\/\/www.artestar.eu\/de\/gro\u00dfhandel\/silikonkugeln-15mm-palast-der-susigkeiten\/#local-main-organization-logo\"},\"image\":{\"@id\":\"https:\/\/www.artestar.eu\/de\/gro\u00dfhandel\/silikonkugeln-15mm-palast-der-susigkeiten\/#local-main-organization-logo\"},\"sameAs\":[\"https:\/\/www.facebook.com\/ARTESTAREU\",\"https:\/\/www.instagram.com\/artestareu\/\",\"https:\/\/www.pinterest.es\/artestar_eu\/\",\"https:\/\/www.tiktok.com\/@artestar_wholesale\"],\"openingHoursSpecification\":[{\"@type\":\"OpeningHoursSpecification\",\"dayOfWeek\":[\"Monday\",\"Tuesday\",\"Wednesday\",\"Thursday\",\"Friday\",\"Saturday\",\"Sunday\"],\"opens\":\"09:00\",\"closes\":\"17:00\"}]},{\"@type\":\"ImageObject\",\"inLanguage\":\"de-DE\",\"@id\":\"https:\/\/www.artestar.eu\/de\/gro\u00dfhandel\/silikonkugeln-15mm-palast-der-susigkeiten\/#local-main-organization-logo\",\"url\":\"https:\/\/www.artestar.eu\/wp-content\/uploads\/2023\/05\/cropped-png.png\",\"contentUrl\":\"https:\/\/www.artestar.eu\/wp-content\/uploads\/2023\/05\/cropped-png.png\",\"width\":512,\"height\":512,\"caption\":\"RUBY ABALORIO S.L.\"}]}<\/script>\n<meta property=\"product:price:amount\" content=\"7.65\" \/>\n<meta property=\"product:price:currency\" content=\"EUR\" \/>\n<meta property=\"og:availability\" content=\"instock\" \/>\n<meta property=\"product:availability\" content=\"instock\" \/>\n<meta property=\"product:retailer_item_id\" content=\"CP0317\" \/>\n<meta property=\"product:condition\" content=\"new\" \/>\n<!-- \/ Yoast SEO Premium plugin. -->","yoast_head_json":{"title":"Pinke Silikonkugeln f\u00fcr Schnuller und Spielzeug","description":"Packung 600 Silikonkugeln Palast der S\u00fc\u00dfigkeiten f\u00fcr Schnuller, Gro\u00dfhandel rosa, lila und wei\u00dfe Silikonkugeln f\u00fcr Bastelarbeiten","robots":{"index":"index","follow":"follow","max-snippet":"max-snippet:-1","max-image-preview":"max-image-preview:large","max-video-preview":"max-video-preview:-1"},"canonical":"https:\/\/www.artestar.eu\/de\/gro\u00dfhandel\/silikonkugeln-15mm-palast-der-susigkeiten\/","og_locale":"de_DE","og_type":"article","og_title":"Packung 600 Silikonkugeln \u00d815mm Palacio de los Dulces","og_description":"Packung 600 Silikonkugeln Palast der S\u00fc\u00dfigkeiten f\u00fcr Schnuller, Gro\u00dfhandel rosa, lila und wei\u00dfe Silikonkugeln f\u00fcr Bastelarbeiten","og_url":"https:\/\/www.artestar.eu\/de\/gro\u00dfhandel\/silikonkugeln-15mm-palast-der-susigkeiten\/","og_site_name":"Artestar","article_publisher":"https:\/\/www.facebook.com\/ARTESTAREU","article_modified_time":"2023-12-13T10:56:14+00:00","og_image":[{"width":1000,"height":1000,"url":"https:\/\/www.artestar.eu\/wp-content\/uploads\/2023\/11\/Lote-Bolas-de-silicona-para-chupetero-rosa-15mm-2.jpg","type":"image\/jpeg"}],"twitter_card":"summary_large_image","twitter_misc":{"Preis":"7,65&nbsp;&euro; (Ohne MwSt)","Availability":"Auf Lager"},"schema":{"@context":"https:\/\/schema.org","@graph":[{"@type":"WebPage","@id":"https:\/\/www.artestar.eu\/de\/gro\u00dfhandel\/silikonkugeln-15mm-palast-der-susigkeiten\/","url":"https:\/\/www.artestar.eu\/de\/gro\u00dfhandel\/silikonkugeln-15mm-palast-der-susigkeiten\/","name":"Pinke Silikonkugeln f\u00fcr Schnuller und Spielzeug","isPartOf":{"@id":"https:\/\/www.artestar.eu\/de\/#website"},"datePublished":"2023-11-27T16:13:43+00:00","dateModified":"2023-12-13T10:56:14+00:00","description":"Packung 600 Silikonkugeln Palast der S\u00fc\u00dfigkeiten f\u00fcr Schnuller, Gro\u00dfhandel rosa, lila und wei\u00dfe Silikonkugeln f\u00fcr Bastelarbeiten","breadcrumb":{"@id":"https:\/\/www.artestar.eu\/de\/gro\u00dfhandel\/silikonkugeln-15mm-palast-der-susigkeiten\/#breadcrumb"},"inLanguage":"de-DE","potentialAction":[{"@type":"ReadAction","target":["https:\/\/www.artestar.eu\/de\/gro\u00dfhandel\/silikonkugeln-15mm-palast-der-susigkeiten\/"]}]},{"@type":"BreadcrumbList","@id":"https:\/\/www.artestar.eu\/de\/gro\u00dfhandel\/silikonkugeln-15mm-palast-der-susigkeiten\/#breadcrumb","itemListElement":[{"@type":"ListItem","position":1,"name":"Artestar","item":"https:\/\/www.artestar.eu\/de\/"},{"@type":"ListItem","position":2,"name":"Gro\u00dfhandel","item":"https:\/\/www.artestar.eu\/de\/grosshandel\/"},{"@type":"ListItem","position":3,"name":"Packung 600 Silikonkugeln \u00d815mm Palacio de los Dulces"}]},{"@type":"WebSite","@id":"https:\/\/www.artestar.eu\/de\/#website","url":"https:\/\/www.artestar.eu\/de\/","name":"Artestar","description":"Mayorista en abalorios y joyer\u00eda","publisher":{"@id":"https:\/\/www.artestar.eu\/de\/#organization"},"alternateName":"Artestar-EU","potentialAction":[{"@type":"SearchAction","target":{"@type":"EntryPoint","urlTemplate":"https:\/\/www.artestar.eu\/de\/?s={search_term_string}"},"query-input":"required name=search_term_string"}],"inLanguage":"de-DE"},{"@type":["Organization","Place"],"@id":"https:\/\/www.artestar.eu\/de\/#organization","name":"RUBY ABALORIO S.L.","alternateName":"Artestar","url":"https:\/\/www.artestar.eu\/de\/","logo":{"@id":"https:\/\/www.artestar.eu\/de\/gro\u00dfhandel\/silikonkugeln-15mm-palast-der-susigkeiten\/#local-main-organization-logo"},"image":{"@id":"https:\/\/www.artestar.eu\/de\/gro\u00dfhandel\/silikonkugeln-15mm-palast-der-susigkeiten\/#local-main-organization-logo"},"sameAs":["https:\/\/www.facebook.com\/ARTESTAREU","https:\/\/www.instagram.com\/artestareu\/","https:\/\/www.pinterest.es\/artestar_eu\/","https:\/\/www.tiktok.com\/@artestar_wholesale"],"openingHoursSpecification":[{"@type":"OpeningHoursSpecification","dayOfWeek":["Monday","Tuesday","Wednesday","Thursday","Friday","Saturday","Sunday"],"opens":"09:00","closes":"17:00"}]},{"@type":"ImageObject","inLanguage":"de-DE","@id":"https:\/\/www.artestar.eu\/de\/gro\u00dfhandel\/silikonkugeln-15mm-palast-der-susigkeiten\/#local-main-organization-logo","url":"https:\/\/www.artestar.eu\/wp-content\/uploads\/2023\/05\/cropped-png.png","contentUrl":"https:\/\/www.artestar.eu\/wp-content\/uploads\/2023\/05\/cropped-png.png","width":512,"height":512,"caption":"RUBY ABALORIO S.L."}]},"product_price_amount":"7.65","product_price_currency":"EUR","og_availability":"instock","product_availability":"instock","product_retailer_item_id":"CP0317","product_condition":"new"},"tiered_pricing_type":"fixed","tiered_pricing_fixed_rules":[],"tiered_pricing_percentage_rules":[],"tiered_pricing_minimum":null,"_administrator_tiered_pricing_type":"fixed","_administrator_tiered_pricing_fixed_rules":[],"_editor_tiered_pricing_type":"fixed","_editor_tiered_pricing_fixed_rules":[],"_author_tiered_pricing_type":"fixed","_author_tiered_pricing_fixed_rules":[],"_contributor_tiered_pricing_type":"fixed","_contributor_tiered_pricing_fixed_rules":[],"_subscriber_tiered_pricing_type":"fixed","_subscriber_tiered_pricing_fixed_rules":[],"_wpseo_manager_tiered_pricing_type":"fixed","_wpseo_manager_tiered_pricing_fixed_rules":[],"_wpseo_editor_tiered_pricing_type":"fixed","_wpseo_editor_tiered_pricing_fixed_rules":[],"_customer_tiered_pricing_type":"fixed","_customer_tiered_pricing_fixed_rules":[],"_shop_manager_tiered_pricing_type":"fixed","_shop_manager_tiered_pricing_fixed_rules":[],"_product_manager_tiered_pricing_type":"fixed","_product_manager_tiered_pricing_fixed_rules":[],"_links":{"self":[{"href":"https:\/\/www.artestar.eu\/de\/wp-json\/wp\/v2\/product\/46446"}],"collection":[{"href":"https:\/\/www.artestar.eu\/de\/wp-json\/wp\/v2\/product"}],"about":[{"href":"https:\/\/www.artestar.eu\/de\/wp-json\/wp\/v2\/types\/product"}],"replies":[{"embeddable":true,"href":"https:\/\/www.artestar.eu\/de\/wp-json\/wp\/v2\/comments?post=46446"}],"version-history":[{"count":1,"href":"https:\/\/www.artestar.eu\/de\/wp-json\/wp\/v2\/product\/46446\/revisions"}],"predecessor-version":[{"id":57616,"href":"https:\/\/www.artestar.eu\/de\/wp-json\/wp\/v2\/product\/46446\/revisions\/57616"}],"wp:featuredmedia":[{"embeddable":true,"href":"https:\/\/www.artestar.eu\/de\/wp-json\/wp\/v2\/media\/38381"}],"wp:attachment":[{"href":"https:\/\/www.artestar.eu\/de\/wp-json\/wp\/v2\/media?parent=46446"}],"wp:term":[{"taxonomy":"product_cat","embeddable":true,"href":"https:\/\/www.artestar.eu\/de\/wp-json\/wp\/v2\/product_cat?post=46446"},{"taxonomy":"product_tag","embeddable":true,"href":"https:\/\/www.artestar.eu\/de\/wp-json\/wp\/v2\/product_tag?post=46446"}],"curies":[{"name":"wp","href":"https:\/\/api.w.org\/{rel}","templated":true}]}}