{"id":46466,"date":"2023-11-27T16:04:17","date_gmt":"2023-11-27T16:04:17","guid":{"rendered":"https:\/\/www.artestar.eu\/?post_type=product&#038;p=46466"},"modified":"2023-12-13T11:13:37","modified_gmt":"2023-12-13T11:13:37","slug":"50-perlen-butternusse-gemacht-buche","status":"publish","type":"product","link":"https:\/\/www.artestar.eu\/de\/gro\u00dfhandel\/50-perlen-butternusse-gemacht-buche\/","title":{"rendered":"50 Buchenholz Schmetterlingsperlen"},"content":{"rendered":"<h2>Perlen Buche Schmetterling Holz<\/h2>\n<p>Die Schmetterlingsperlen bestehen aus 100% nat\u00fcrlichem Buchenholz, sind ungiftig, leicht und langlebig.<br \/>\nPassen Sie Ihre speziellen Holzperlen nach Bedarf an, es ist einfach, die St\u00fccke zu \u00fcbermalen.<br \/>\nMit einem 3-mm-Loch im Inneren, gro\u00df genug, um Schmuck, Rasseln, Halsketten, Armb\u00e4nder, Schnullerketten oder jede Art von Heimwerken herzustellen.<\/p>\n<h3>Holzperlen f\u00fcr Bei\u00dfring<\/h3>\n<p>Praktisch zur Linderung der Schmerzen beim Zahnen Ihres Babys, verbessert die taktile Entwicklung und hilft Kindern, die Welt wahrzunehmen.<\/p>\n<p>Menge: 50 St\u00fcck<br \/>\nGr\u00f6\u00dfe: 33 x 23 mm<\/p>\n<h2>Tipps zu Buchenholzperlen Schmetterlinge<\/h2>\n<ul>\n<li>Wenn Sie die Holzperlen reinigen m\u00f6chten, wischen Sie sie vorsichtig mit einem feuchten Handtuch ab.<\/li>\n<li>\u00dcberpr\u00fcfen Sie h\u00e4ufig den Status von Konten. Nicht in die Mikrowelle stellen.<\/li>\n<li>Waschen Sie sie nicht direkt in Wasser, da dies den urspr\u00fcnglichen Glanz des Holzes beeintr\u00e4chtigt.<\/li>\n<li>Tauchen Sie keine Holzgegenst\u00e4nde in Wasser und weichen Sie sie nicht in Wasser ein. Lege sie auch nicht in den K\u00fchlschrank oder die Sp\u00fclmaschine.<\/li>\n<li>Holzgegenst\u00e4nde werden aus nat\u00fcrlichem Holz hergestellt, daher k\u00f6nnen einige Abweichungen auftreten und sollten mit Vorsicht behandelt werden, um Besch\u00e4digungen zu vermeiden.<\/li>\n<\/ul>\n<h3>Warnungen<\/h3>\n<p>Die Farbe kann aufgrund Ihrer Bildschirmeinstellungen leicht variieren.<br \/>\nDer K\u00e4ufer \u00fcbernimmt die volle Verantwortung f\u00fcr die Verwendung des Produkts.<br \/>\nWenn Sch\u00e4den oder Verluste durch Fahrl\u00e4ssigkeit des K\u00e4ufers verursacht werden, haftet der Verk\u00e4ufer nicht.<\/p>\n","protected":false},"excerpt":{"rendered":"<p>Menge: 50 St\u00fcck<br \/>\nGr\u00f6\u00dfe: 33 x 23 mm<br \/>\nMaterial: 100% nat\u00fcrliches herzf\u00f6rmiges Buchenholz<br \/>\nInnenma\u00df: \u00d8 3mm<br \/>\nFarbe: Naturholz<\/p>\n","protected":false},"featured_media":38240,"comment_status":"open","ping_status":"closed","template":"","meta":[],"product_cat":[3375,3149],"product_tag":[],"yoast_head":"<!-- This site is optimized with the Yoast SEO Premium plugin v20.5 (Yoast SEO v21.5) - https:\/\/yoast.com\/wordpress\/plugins\/seo\/ -->\n<title>50 Buchenholz Schmetterlingsperlen - Artestar<\/title>\n<meta name=\"description\" content=\"Die Perlen bestehen aus 100% nat\u00fcrlichem Buchenholz in Form von Schmetterlingen, passen Sie Rasseln, Halsketten, Armb\u00e4nder, Schnullerketten oder jede Art von DIY an\" \/>\n<meta name=\"robots\" content=\"index, follow, max-snippet:-1, max-image-preview:large, max-video-preview:-1\" \/>\n<link rel=\"canonical\" href=\"https:\/\/www.artestar.eu\/de\/gro\u00dfhandel\/50-perlen-butternusse-gemacht-buche\/\" \/>\n<meta property=\"og:locale\" content=\"de_DE\" \/>\n<meta property=\"og:type\" content=\"article\" \/>\n<meta property=\"og:title\" content=\"50 Buchenholz Schmetterlingsperlen\" \/>\n<meta property=\"og:description\" content=\"Die Perlen bestehen aus 100% nat\u00fcrlichem Buchenholz in Form von Schmetterlingen, passen Sie Rasseln, Halsketten, Armb\u00e4nder, Schnullerketten oder jede Art von DIY an\" \/>\n<meta property=\"og:url\" content=\"https:\/\/www.artestar.eu\/de\/gro\u00dfhandel\/50-perlen-butternusse-gemacht-buche\/\" \/>\n<meta property=\"og:site_name\" content=\"Artestar\" \/>\n<meta property=\"article:publisher\" content=\"https:\/\/www.facebook.com\/ARTESTAREU\" \/>\n<meta property=\"article:modified_time\" content=\"2023-12-13T11:13:37+00:00\" \/>\n<meta property=\"og:image\" content=\"https:\/\/www.artestar.eu\/wp-content\/uploads\/2023\/11\/EMH1004.jpg\" \/>\n\t<meta property=\"og:image:width\" content=\"1000\" \/>\n\t<meta property=\"og:image:height\" content=\"1000\" \/>\n\t<meta property=\"og:image:type\" content=\"image\/jpeg\" \/>\n<meta name=\"twitter:card\" content=\"summary_large_image\" \/>\n<meta name=\"twitter:label1\" content=\"Preis\" \/>\n\t<meta name=\"twitter:data1\" content=\"22,00&nbsp;&euro; (Ohne MwSt)\" \/>\n\t<meta name=\"twitter:label2\" content=\"Availability\" \/>\n\t<meta name=\"twitter:data2\" content=\"Auf Lager\" \/>\n<script type=\"application\/ld+json\" class=\"yoast-schema-graph\">{\"@context\":\"https:\/\/schema.org\",\"@graph\":[{\"@type\":\"WebPage\",\"@id\":\"https:\/\/www.artestar.eu\/de\/gro\u00dfhandel\/50-perlen-butternusse-gemacht-buche\/\",\"url\":\"https:\/\/www.artestar.eu\/de\/gro\u00dfhandel\/50-perlen-butternusse-gemacht-buche\/\",\"name\":\"50 Buchenholz Schmetterlingsperlen - Artestar\",\"isPartOf\":{\"@id\":\"https:\/\/www.artestar.eu\/de\/#website\"},\"datePublished\":\"2023-11-27T16:04:17+00:00\",\"dateModified\":\"2023-12-13T11:13:37+00:00\",\"description\":\"Die Perlen bestehen aus 100% nat\u00fcrlichem Buchenholz in Form von Schmetterlingen, passen Sie Rasseln, Halsketten, Armb\u00e4nder, Schnullerketten oder jede Art von DIY an\",\"breadcrumb\":{\"@id\":\"https:\/\/www.artestar.eu\/de\/gro\u00dfhandel\/50-perlen-butternusse-gemacht-buche\/#breadcrumb\"},\"inLanguage\":\"de-DE\",\"potentialAction\":[{\"@type\":\"ReadAction\",\"target\":[\"https:\/\/www.artestar.eu\/de\/gro\u00dfhandel\/50-perlen-butternusse-gemacht-buche\/\"]}]},{\"@type\":\"BreadcrumbList\",\"@id\":\"https:\/\/www.artestar.eu\/de\/gro\u00dfhandel\/50-perlen-butternusse-gemacht-buche\/#breadcrumb\",\"itemListElement\":[{\"@type\":\"ListItem\",\"position\":1,\"name\":\"Artestar\",\"item\":\"https:\/\/www.artestar.eu\/de\/\"},{\"@type\":\"ListItem\",\"position\":2,\"name\":\"Gro\u00dfhandel\",\"item\":\"https:\/\/www.artestar.eu\/de\/grosshandel\/\"},{\"@type\":\"ListItem\",\"position\":3,\"name\":\"50 Buchenholz Schmetterlingsperlen\"}]},{\"@type\":\"WebSite\",\"@id\":\"https:\/\/www.artestar.eu\/de\/#website\",\"url\":\"https:\/\/www.artestar.eu\/de\/\",\"name\":\"Artestar\",\"description\":\"Mayorista en abalorios y joyer\u00eda\",\"publisher\":{\"@id\":\"https:\/\/www.artestar.eu\/de\/#organization\"},\"alternateName\":\"Artestar-EU\",\"potentialAction\":[{\"@type\":\"SearchAction\",\"target\":{\"@type\":\"EntryPoint\",\"urlTemplate\":\"https:\/\/www.artestar.eu\/de\/?s={search_term_string}\"},\"query-input\":\"required name=search_term_string\"}],\"inLanguage\":\"de-DE\"},{\"@type\":[\"Organization\",\"Place\"],\"@id\":\"https:\/\/www.artestar.eu\/de\/#organization\",\"name\":\"RUBY ABALORIO S.L.\",\"alternateName\":\"Artestar\",\"url\":\"https:\/\/www.artestar.eu\/de\/\",\"logo\":{\"@id\":\"https:\/\/www.artestar.eu\/de\/gro\u00dfhandel\/50-perlen-butternusse-gemacht-buche\/#local-main-organization-logo\"},\"image\":{\"@id\":\"https:\/\/www.artestar.eu\/de\/gro\u00dfhandel\/50-perlen-butternusse-gemacht-buche\/#local-main-organization-logo\"},\"sameAs\":[\"https:\/\/www.facebook.com\/ARTESTAREU\",\"https:\/\/www.instagram.com\/artestareu\/\",\"https:\/\/www.pinterest.es\/artestar_eu\/\",\"https:\/\/www.tiktok.com\/@artestar_wholesale\"],\"openingHoursSpecification\":[{\"@type\":\"OpeningHoursSpecification\",\"dayOfWeek\":[\"Monday\",\"Tuesday\",\"Wednesday\",\"Thursday\",\"Friday\",\"Saturday\",\"Sunday\"],\"opens\":\"09:00\",\"closes\":\"17:00\"}]},{\"@type\":\"ImageObject\",\"inLanguage\":\"de-DE\",\"@id\":\"https:\/\/www.artestar.eu\/de\/gro\u00dfhandel\/50-perlen-butternusse-gemacht-buche\/#local-main-organization-logo\",\"url\":\"https:\/\/www.artestar.eu\/wp-content\/uploads\/2023\/05\/cropped-png.png\",\"contentUrl\":\"https:\/\/www.artestar.eu\/wp-content\/uploads\/2023\/05\/cropped-png.png\",\"width\":512,\"height\":512,\"caption\":\"RUBY ABALORIO S.L.\"}]}<\/script>\n<meta property=\"product:price:amount\" content=\"22.00\" \/>\n<meta property=\"product:price:currency\" content=\"EUR\" \/>\n<meta property=\"og:availability\" content=\"instock\" \/>\n<meta property=\"product:availability\" content=\"instock\" \/>\n<meta property=\"product:retailer_item_id\" content=\"00024-1\" \/>\n<meta property=\"product:condition\" content=\"new\" \/>\n<!-- \/ Yoast SEO Premium plugin. -->","yoast_head_json":{"title":"50 Buchenholz Schmetterlingsperlen - Artestar","description":"Die Perlen bestehen aus 100% nat\u00fcrlichem Buchenholz in Form von Schmetterlingen, passen Sie Rasseln, Halsketten, Armb\u00e4nder, Schnullerketten oder jede Art von DIY an","robots":{"index":"index","follow":"follow","max-snippet":"max-snippet:-1","max-image-preview":"max-image-preview:large","max-video-preview":"max-video-preview:-1"},"canonical":"https:\/\/www.artestar.eu\/de\/gro\u00dfhandel\/50-perlen-butternusse-gemacht-buche\/","og_locale":"de_DE","og_type":"article","og_title":"50 Buchenholz Schmetterlingsperlen","og_description":"Die Perlen bestehen aus 100% nat\u00fcrlichem Buchenholz in Form von Schmetterlingen, passen Sie Rasseln, Halsketten, Armb\u00e4nder, Schnullerketten oder jede Art von DIY an","og_url":"https:\/\/www.artestar.eu\/de\/gro\u00dfhandel\/50-perlen-butternusse-gemacht-buche\/","og_site_name":"Artestar","article_publisher":"https:\/\/www.facebook.com\/ARTESTAREU","article_modified_time":"2023-12-13T11:13:37+00:00","og_image":[{"width":1000,"height":1000,"url":"https:\/\/www.artestar.eu\/wp-content\/uploads\/2023\/11\/EMH1004.jpg","type":"image\/jpeg"}],"twitter_card":"summary_large_image","twitter_misc":{"Preis":"22,00&nbsp;&euro; (Ohne MwSt)","Availability":"Auf Lager"},"schema":{"@context":"https:\/\/schema.org","@graph":[{"@type":"WebPage","@id":"https:\/\/www.artestar.eu\/de\/gro\u00dfhandel\/50-perlen-butternusse-gemacht-buche\/","url":"https:\/\/www.artestar.eu\/de\/gro\u00dfhandel\/50-perlen-butternusse-gemacht-buche\/","name":"50 Buchenholz Schmetterlingsperlen - Artestar","isPartOf":{"@id":"https:\/\/www.artestar.eu\/de\/#website"},"datePublished":"2023-11-27T16:04:17+00:00","dateModified":"2023-12-13T11:13:37+00:00","description":"Die Perlen bestehen aus 100% nat\u00fcrlichem Buchenholz in Form von Schmetterlingen, passen Sie Rasseln, Halsketten, Armb\u00e4nder, Schnullerketten oder jede Art von DIY an","breadcrumb":{"@id":"https:\/\/www.artestar.eu\/de\/gro\u00dfhandel\/50-perlen-butternusse-gemacht-buche\/#breadcrumb"},"inLanguage":"de-DE","potentialAction":[{"@type":"ReadAction","target":["https:\/\/www.artestar.eu\/de\/gro\u00dfhandel\/50-perlen-butternusse-gemacht-buche\/"]}]},{"@type":"BreadcrumbList","@id":"https:\/\/www.artestar.eu\/de\/gro\u00dfhandel\/50-perlen-butternusse-gemacht-buche\/#breadcrumb","itemListElement":[{"@type":"ListItem","position":1,"name":"Artestar","item":"https:\/\/www.artestar.eu\/de\/"},{"@type":"ListItem","position":2,"name":"Gro\u00dfhandel","item":"https:\/\/www.artestar.eu\/de\/grosshandel\/"},{"@type":"ListItem","position":3,"name":"50 Buchenholz Schmetterlingsperlen"}]},{"@type":"WebSite","@id":"https:\/\/www.artestar.eu\/de\/#website","url":"https:\/\/www.artestar.eu\/de\/","name":"Artestar","description":"Mayorista en abalorios y joyer\u00eda","publisher":{"@id":"https:\/\/www.artestar.eu\/de\/#organization"},"alternateName":"Artestar-EU","potentialAction":[{"@type":"SearchAction","target":{"@type":"EntryPoint","urlTemplate":"https:\/\/www.artestar.eu\/de\/?s={search_term_string}"},"query-input":"required name=search_term_string"}],"inLanguage":"de-DE"},{"@type":["Organization","Place"],"@id":"https:\/\/www.artestar.eu\/de\/#organization","name":"RUBY ABALORIO S.L.","alternateName":"Artestar","url":"https:\/\/www.artestar.eu\/de\/","logo":{"@id":"https:\/\/www.artestar.eu\/de\/gro\u00dfhandel\/50-perlen-butternusse-gemacht-buche\/#local-main-organization-logo"},"image":{"@id":"https:\/\/www.artestar.eu\/de\/gro\u00dfhandel\/50-perlen-butternusse-gemacht-buche\/#local-main-organization-logo"},"sameAs":["https:\/\/www.facebook.com\/ARTESTAREU","https:\/\/www.instagram.com\/artestareu\/","https:\/\/www.pinterest.es\/artestar_eu\/","https:\/\/www.tiktok.com\/@artestar_wholesale"],"openingHoursSpecification":[{"@type":"OpeningHoursSpecification","dayOfWeek":["Monday","Tuesday","Wednesday","Thursday","Friday","Saturday","Sunday"],"opens":"09:00","closes":"17:00"}]},{"@type":"ImageObject","inLanguage":"de-DE","@id":"https:\/\/www.artestar.eu\/de\/gro\u00dfhandel\/50-perlen-butternusse-gemacht-buche\/#local-main-organization-logo","url":"https:\/\/www.artestar.eu\/wp-content\/uploads\/2023\/05\/cropped-png.png","contentUrl":"https:\/\/www.artestar.eu\/wp-content\/uploads\/2023\/05\/cropped-png.png","width":512,"height":512,"caption":"RUBY ABALORIO S.L."}]},"product_price_amount":"22.00","product_price_currency":"EUR","og_availability":"instock","product_availability":"instock","product_retailer_item_id":"00024-1","product_condition":"new"},"tiered_pricing_type":"fixed","tiered_pricing_fixed_rules":[],"tiered_pricing_percentage_rules":[],"tiered_pricing_minimum":null,"_administrator_tiered_pricing_type":"fixed","_administrator_tiered_pricing_fixed_rules":[],"_editor_tiered_pricing_type":"fixed","_editor_tiered_pricing_fixed_rules":[],"_author_tiered_pricing_type":"fixed","_author_tiered_pricing_fixed_rules":[],"_contributor_tiered_pricing_type":"fixed","_contributor_tiered_pricing_fixed_rules":[],"_subscriber_tiered_pricing_type":"fixed","_subscriber_tiered_pricing_fixed_rules":[],"_wpseo_manager_tiered_pricing_type":"fixed","_wpseo_manager_tiered_pricing_fixed_rules":[],"_wpseo_editor_tiered_pricing_type":"fixed","_wpseo_editor_tiered_pricing_fixed_rules":[],"_customer_tiered_pricing_type":"fixed","_customer_tiered_pricing_fixed_rules":[],"_shop_manager_tiered_pricing_type":"fixed","_shop_manager_tiered_pricing_fixed_rules":[],"_product_manager_tiered_pricing_type":"fixed","_product_manager_tiered_pricing_fixed_rules":[],"_links":{"self":[{"href":"https:\/\/www.artestar.eu\/de\/wp-json\/wp\/v2\/product\/46466"}],"collection":[{"href":"https:\/\/www.artestar.eu\/de\/wp-json\/wp\/v2\/product"}],"about":[{"href":"https:\/\/www.artestar.eu\/de\/wp-json\/wp\/v2\/types\/product"}],"replies":[{"embeddable":true,"href":"https:\/\/www.artestar.eu\/de\/wp-json\/wp\/v2\/comments?post=46466"}],"version-history":[{"count":1,"href":"https:\/\/www.artestar.eu\/de\/wp-json\/wp\/v2\/product\/46466\/revisions"}],"predecessor-version":[{"id":57645,"href":"https:\/\/www.artestar.eu\/de\/wp-json\/wp\/v2\/product\/46466\/revisions\/57645"}],"wp:featuredmedia":[{"embeddable":true,"href":"https:\/\/www.artestar.eu\/de\/wp-json\/wp\/v2\/media\/38240"}],"wp:attachment":[{"href":"https:\/\/www.artestar.eu\/de\/wp-json\/wp\/v2\/media?parent=46466"}],"wp:term":[{"taxonomy":"product_cat","embeddable":true,"href":"https:\/\/www.artestar.eu\/de\/wp-json\/wp\/v2\/product_cat?post=46466"},{"taxonomy":"product_tag","embeddable":true,"href":"https:\/\/www.artestar.eu\/de\/wp-json\/wp\/v2\/product_tag?post=46466"}],"curies":[{"name":"wp","href":"https:\/\/api.w.org\/{rel}","templated":true}]}}