{"id":46656,"date":"2023-11-27T16:13:41","date_gmt":"2023-11-27T16:13:41","guid":{"rendered":"https:\/\/www.artestar.eu\/?post_type=product&#038;p=46656"},"modified":"2023-12-13T09:57:59","modified_gmt":"2023-12-13T09:57:59","slug":"hakelknauel-16mm","status":"publish","type":"product","link":"https:\/\/www.artestar.eu\/de\/gro\u00dfhandel\/hakelknauel-16mm\/","title":{"rendered":"50 H\u00e4kelkn\u00e4uel \u00d816mm"},"content":{"rendered":"<p><strong>Geh\u00e4kelte Babyb\u00e4lle<\/strong><\/p>\n<p>H\u00e4kelperlen eignen sich perfekt zum Basteln, Bei\u00dfen, Schnullerstifte, Dekorationen, Spielzeug und viele weitere kreative Bastelprojekte.<\/p>\n<p>Es handelt sich um hochwertige, BPA- und PVC-freie, bleifreie, leichte und langlebige 100% nat\u00fcrliche Baumwollgarne und Holzperlen f\u00fcr eine lange Nutzung.<\/p>\n<ul>\n<li>MENGE: 50 St\u00fcck<\/li>\n<li>GR\u00d6SSE: 16mm runde Form<\/li>\n<li>Mit einem 3-mm-Loch im Inneren, das gro\u00df genug ist, um jede Art von DIY-Schmuck herzustellen.<\/li>\n<li><span class=\"a-list-item\">Die Packung enth\u00e4lt kleine runde Holzperlen, die nicht f\u00fcr Kinder unter 3 Jahren geeignet sind. Kinder sollten es unter Aufsicht von Erwachsenen verwenden.<\/span><\/li>\n<\/ul>\n<p><a href=\"https:\/\/www.rubydiy.com\/wp-content\/uploads\/2020\/10\/LOTEBC1404AZ-5.jpg\"><img decoding=\"async\" class=\"alignnone wp-image-22125 size-fusion-800\" src=\"https:\/\/www.rubydiy.com\/wp-content\/uploads\/2020\/10\/LOTEBC1404AZ-5-800x800.jpg\" alt=\"Bei\u00dfen H\u00e4kelb\u00e4lle f\u00fcr Babys\" width=\"800\" height=\"800\"><\/a><\/p>\n<h3><strong>H\u00e4kelkugeln zum Basteln<\/strong><\/h3>\n<p><strong>Spezifikation<\/strong><\/p>\n<ul>\n<li>Die Farbe kann aufgrund Ihrer Bildschirmeinstellungen leicht variieren.<\/li>\n<li>F\u00fcr die Gesundheit des Babys werden alle unsere Materialien aus nat\u00fcrlichen, organischen Materialien hergestellt. Gilt f\u00fcr S\u00e4uglinge und Kinder.<\/li>\n<li>Der K\u00e4ufer \u00fcbernimmt die volle Verantwortung f\u00fcr die Verwendung des Produkts.<\/li>\n<li>Wenn Sch\u00e4den oder Verluste durch Fahrl\u00e4ssigkeit des K\u00e4ufers verursacht werden, haftet der Verk\u00e4ufer nicht.<\/li>\n<\/ul>\n<p><strong>R\u00e4te<\/strong><\/p>\n<ul>\n<li>Wenn Sie die Holzperlen reinigen m\u00f6chten, wischen Sie sie vorsichtig mit einem feuchten Handtuch ab.<\/li>\n<li>Waschen Sie sie nicht direkt in Wasser, da dies den urspr\u00fcnglichen Glanz des Holzes beeintr\u00e4chtigt.<\/li>\n<li>Tauchen Sie keine Holzgegenst\u00e4nde in Wasser und weichen Sie sie nicht in Wasser ein. Lege sie auch nicht in den K\u00fchlschrank oder die Sp\u00fclmaschine.<\/li>\n<li>Holzgegenst\u00e4nde werden aus nat\u00fcrlichem Holz hergestellt, daher k\u00f6nnen einige Abweichungen auftreten und sollten mit Vorsicht behandelt werden, um Besch\u00e4digungen zu vermeiden.<\/li>\n<\/ul>\n","protected":false},"excerpt":{"rendered":"<p><strong>Messung: <\/strong>\u00d8 16mm.<\/p>\n<p><strong>Inneres Ma\u00df: <\/strong>\u00d8 3mm.<\/p>\n<p><strong>Menge: <\/strong>50 Stk.<\/p>\n<p><strong>Material:<\/strong> Holzkugel mit Baumwolle.<\/p>\n","protected":false},"featured_media":38318,"comment_status":"closed","ping_status":"closed","template":"","meta":[],"product_cat":[3149,3154],"product_tag":[],"yoast_head":"<!-- This site is optimized with the Yoast SEO Premium plugin v20.5 (Yoast SEO v21.5) - https:\/\/yoast.com\/wordpress\/plugins\/seo\/ -->\n<title>Gro\u00dfhandel H\u00e4kelkugeln f\u00fcr Bastelarbeiten<\/title>\n<meta name=\"description\" content=\"50 Baby H\u00e4kelb\u00e4lle \u00d816mm Gro\u00dfhandel, geh\u00e4kelte Holzkugeln f\u00fcr Halskette und Babyspielzeug, bunte Babyb\u00e4lle.\" \/>\n<meta name=\"robots\" content=\"index, follow, max-snippet:-1, max-image-preview:large, max-video-preview:-1\" \/>\n<link rel=\"canonical\" href=\"https:\/\/www.artestar.eu\/de\/gro\u00dfhandel\/hakelknauel-16mm\/\" \/>\n<meta property=\"og:locale\" content=\"de_DE\" \/>\n<meta property=\"og:type\" content=\"article\" \/>\n<meta property=\"og:title\" content=\"50 H\u00e4kelkn\u00e4uel \u00d816mm\" \/>\n<meta property=\"og:description\" content=\"50 Baby H\u00e4kelb\u00e4lle \u00d816mm Gro\u00dfhandel, geh\u00e4kelte Holzkugeln f\u00fcr Halskette und Babyspielzeug, bunte Babyb\u00e4lle.\" \/>\n<meta property=\"og:url\" content=\"https:\/\/www.artestar.eu\/de\/gro\u00dfhandel\/hakelknauel-16mm\/\" \/>\n<meta property=\"og:site_name\" content=\"Artestar\" \/>\n<meta property=\"article:publisher\" content=\"https:\/\/www.facebook.com\/ARTESTAREU\" \/>\n<meta property=\"article:modified_time\" content=\"2023-12-13T09:57:59+00:00\" \/>\n<meta property=\"og:image\" content=\"https:\/\/www.artestar.eu\/wp-content\/uploads\/2023\/11\/BC1404.jpg\" \/>\n\t<meta property=\"og:image:width\" content=\"1000\" \/>\n\t<meta property=\"og:image:height\" content=\"1000\" \/>\n\t<meta property=\"og:image:type\" content=\"image\/jpeg\" \/>\n<meta name=\"twitter:card\" content=\"summary_large_image\" \/>\n<meta name=\"twitter:label1\" content=\"Availability\" \/>\n\t<meta name=\"twitter:data1\" content=\"Auf Lager\" \/>\n<script type=\"application\/ld+json\" class=\"yoast-schema-graph\">{\"@context\":\"https:\/\/schema.org\",\"@graph\":[{\"@type\":\"WebPage\",\"@id\":\"https:\/\/www.artestar.eu\/de\/gro\u00dfhandel\/hakelknauel-16mm\/\",\"url\":\"https:\/\/www.artestar.eu\/de\/gro\u00dfhandel\/hakelknauel-16mm\/\",\"name\":\"Gro\u00dfhandel H\u00e4kelkugeln f\u00fcr Bastelarbeiten\",\"isPartOf\":{\"@id\":\"https:\/\/www.artestar.eu\/de\/#website\"},\"datePublished\":\"2023-11-27T16:13:41+00:00\",\"dateModified\":\"2023-12-13T09:57:59+00:00\",\"description\":\"50 Baby H\u00e4kelb\u00e4lle \u00d816mm Gro\u00dfhandel, geh\u00e4kelte Holzkugeln f\u00fcr Halskette und Babyspielzeug, bunte Babyb\u00e4lle.\",\"breadcrumb\":{\"@id\":\"https:\/\/www.artestar.eu\/de\/gro\u00dfhandel\/hakelknauel-16mm\/#breadcrumb\"},\"inLanguage\":\"de-DE\",\"potentialAction\":[{\"@type\":\"ReadAction\",\"target\":[\"https:\/\/www.artestar.eu\/de\/gro\u00dfhandel\/hakelknauel-16mm\/\"]}]},{\"@type\":\"BreadcrumbList\",\"@id\":\"https:\/\/www.artestar.eu\/de\/gro\u00dfhandel\/hakelknauel-16mm\/#breadcrumb\",\"itemListElement\":[{\"@type\":\"ListItem\",\"position\":1,\"name\":\"Artestar\",\"item\":\"https:\/\/www.artestar.eu\/de\/\"},{\"@type\":\"ListItem\",\"position\":2,\"name\":\"Gro\u00dfhandel\",\"item\":\"https:\/\/www.artestar.eu\/de\/grosshandel\/\"},{\"@type\":\"ListItem\",\"position\":3,\"name\":\"50 H\u00e4kelkn\u00e4uel \u00d816mm\"}]},{\"@type\":\"WebSite\",\"@id\":\"https:\/\/www.artestar.eu\/de\/#website\",\"url\":\"https:\/\/www.artestar.eu\/de\/\",\"name\":\"Artestar\",\"description\":\"Mayorista en abalorios y joyer\u00eda\",\"publisher\":{\"@id\":\"https:\/\/www.artestar.eu\/de\/#organization\"},\"alternateName\":\"Artestar-EU\",\"potentialAction\":[{\"@type\":\"SearchAction\",\"target\":{\"@type\":\"EntryPoint\",\"urlTemplate\":\"https:\/\/www.artestar.eu\/de\/?s={search_term_string}\"},\"query-input\":\"required name=search_term_string\"}],\"inLanguage\":\"de-DE\"},{\"@type\":[\"Organization\",\"Place\"],\"@id\":\"https:\/\/www.artestar.eu\/de\/#organization\",\"name\":\"RUBY ABALORIO S.L.\",\"alternateName\":\"Artestar\",\"url\":\"https:\/\/www.artestar.eu\/de\/\",\"logo\":{\"@id\":\"https:\/\/www.artestar.eu\/de\/gro\u00dfhandel\/hakelknauel-16mm\/#local-main-organization-logo\"},\"image\":{\"@id\":\"https:\/\/www.artestar.eu\/de\/gro\u00dfhandel\/hakelknauel-16mm\/#local-main-organization-logo\"},\"sameAs\":[\"https:\/\/www.facebook.com\/ARTESTAREU\",\"https:\/\/www.instagram.com\/artestareu\/\",\"https:\/\/www.pinterest.es\/artestar_eu\/\",\"https:\/\/www.tiktok.com\/@artestar_wholesale\"],\"openingHoursSpecification\":[{\"@type\":\"OpeningHoursSpecification\",\"dayOfWeek\":[\"Monday\",\"Tuesday\",\"Wednesday\",\"Thursday\",\"Friday\",\"Saturday\",\"Sunday\"],\"opens\":\"09:00\",\"closes\":\"17:00\"}]},{\"@type\":\"ImageObject\",\"inLanguage\":\"de-DE\",\"@id\":\"https:\/\/www.artestar.eu\/de\/gro\u00dfhandel\/hakelknauel-16mm\/#local-main-organization-logo\",\"url\":\"https:\/\/www.artestar.eu\/wp-content\/uploads\/2023\/05\/cropped-png.png\",\"contentUrl\":\"https:\/\/www.artestar.eu\/wp-content\/uploads\/2023\/05\/cropped-png.png\",\"width\":512,\"height\":512,\"caption\":\"RUBY ABALORIO S.L.\"}]}<\/script>\n<meta property=\"og:availability\" content=\"instock\" \/>\n<meta property=\"product:availability\" content=\"instock\" \/>\n<meta property=\"product:retailer_item_id\" content=\"BC1403\" \/>\n<meta property=\"product:condition\" content=\"new\" \/>\n<!-- \/ Yoast SEO Premium plugin. -->","yoast_head_json":{"title":"Gro\u00dfhandel H\u00e4kelkugeln f\u00fcr Bastelarbeiten","description":"50 Baby H\u00e4kelb\u00e4lle \u00d816mm Gro\u00dfhandel, geh\u00e4kelte Holzkugeln f\u00fcr Halskette und Babyspielzeug, bunte Babyb\u00e4lle.","robots":{"index":"index","follow":"follow","max-snippet":"max-snippet:-1","max-image-preview":"max-image-preview:large","max-video-preview":"max-video-preview:-1"},"canonical":"https:\/\/www.artestar.eu\/de\/gro\u00dfhandel\/hakelknauel-16mm\/","og_locale":"de_DE","og_type":"article","og_title":"50 H\u00e4kelkn\u00e4uel \u00d816mm","og_description":"50 Baby H\u00e4kelb\u00e4lle \u00d816mm Gro\u00dfhandel, geh\u00e4kelte Holzkugeln f\u00fcr Halskette und Babyspielzeug, bunte Babyb\u00e4lle.","og_url":"https:\/\/www.artestar.eu\/de\/gro\u00dfhandel\/hakelknauel-16mm\/","og_site_name":"Artestar","article_publisher":"https:\/\/www.facebook.com\/ARTESTAREU","article_modified_time":"2023-12-13T09:57:59+00:00","og_image":[{"width":1000,"height":1000,"url":"https:\/\/www.artestar.eu\/wp-content\/uploads\/2023\/11\/BC1404.jpg","type":"image\/jpeg"}],"twitter_card":"summary_large_image","twitter_misc":{"Availability":"Auf Lager"},"schema":{"@context":"https:\/\/schema.org","@graph":[{"@type":"WebPage","@id":"https:\/\/www.artestar.eu\/de\/gro\u00dfhandel\/hakelknauel-16mm\/","url":"https:\/\/www.artestar.eu\/de\/gro\u00dfhandel\/hakelknauel-16mm\/","name":"Gro\u00dfhandel H\u00e4kelkugeln f\u00fcr Bastelarbeiten","isPartOf":{"@id":"https:\/\/www.artestar.eu\/de\/#website"},"datePublished":"2023-11-27T16:13:41+00:00","dateModified":"2023-12-13T09:57:59+00:00","description":"50 Baby H\u00e4kelb\u00e4lle \u00d816mm Gro\u00dfhandel, geh\u00e4kelte Holzkugeln f\u00fcr Halskette und Babyspielzeug, bunte Babyb\u00e4lle.","breadcrumb":{"@id":"https:\/\/www.artestar.eu\/de\/gro\u00dfhandel\/hakelknauel-16mm\/#breadcrumb"},"inLanguage":"de-DE","potentialAction":[{"@type":"ReadAction","target":["https:\/\/www.artestar.eu\/de\/gro\u00dfhandel\/hakelknauel-16mm\/"]}]},{"@type":"BreadcrumbList","@id":"https:\/\/www.artestar.eu\/de\/gro\u00dfhandel\/hakelknauel-16mm\/#breadcrumb","itemListElement":[{"@type":"ListItem","position":1,"name":"Artestar","item":"https:\/\/www.artestar.eu\/de\/"},{"@type":"ListItem","position":2,"name":"Gro\u00dfhandel","item":"https:\/\/www.artestar.eu\/de\/grosshandel\/"},{"@type":"ListItem","position":3,"name":"50 H\u00e4kelkn\u00e4uel \u00d816mm"}]},{"@type":"WebSite","@id":"https:\/\/www.artestar.eu\/de\/#website","url":"https:\/\/www.artestar.eu\/de\/","name":"Artestar","description":"Mayorista en abalorios y joyer\u00eda","publisher":{"@id":"https:\/\/www.artestar.eu\/de\/#organization"},"alternateName":"Artestar-EU","potentialAction":[{"@type":"SearchAction","target":{"@type":"EntryPoint","urlTemplate":"https:\/\/www.artestar.eu\/de\/?s={search_term_string}"},"query-input":"required name=search_term_string"}],"inLanguage":"de-DE"},{"@type":["Organization","Place"],"@id":"https:\/\/www.artestar.eu\/de\/#organization","name":"RUBY ABALORIO S.L.","alternateName":"Artestar","url":"https:\/\/www.artestar.eu\/de\/","logo":{"@id":"https:\/\/www.artestar.eu\/de\/gro\u00dfhandel\/hakelknauel-16mm\/#local-main-organization-logo"},"image":{"@id":"https:\/\/www.artestar.eu\/de\/gro\u00dfhandel\/hakelknauel-16mm\/#local-main-organization-logo"},"sameAs":["https:\/\/www.facebook.com\/ARTESTAREU","https:\/\/www.instagram.com\/artestareu\/","https:\/\/www.pinterest.es\/artestar_eu\/","https:\/\/www.tiktok.com\/@artestar_wholesale"],"openingHoursSpecification":[{"@type":"OpeningHoursSpecification","dayOfWeek":["Monday","Tuesday","Wednesday","Thursday","Friday","Saturday","Sunday"],"opens":"09:00","closes":"17:00"}]},{"@type":"ImageObject","inLanguage":"de-DE","@id":"https:\/\/www.artestar.eu\/de\/gro\u00dfhandel\/hakelknauel-16mm\/#local-main-organization-logo","url":"https:\/\/www.artestar.eu\/wp-content\/uploads\/2023\/05\/cropped-png.png","contentUrl":"https:\/\/www.artestar.eu\/wp-content\/uploads\/2023\/05\/cropped-png.png","width":512,"height":512,"caption":"RUBY ABALORIO S.L."}]},"og_availability":"instock","product_availability":"instock","product_retailer_item_id":"BC1403","product_condition":"new"},"tiered_pricing_type":"fixed","tiered_pricing_fixed_rules":[],"tiered_pricing_percentage_rules":[],"tiered_pricing_minimum":null,"_administrator_tiered_pricing_type":"fixed","_administrator_tiered_pricing_fixed_rules":[],"_editor_tiered_pricing_type":"fixed","_editor_tiered_pricing_fixed_rules":[],"_author_tiered_pricing_type":"fixed","_author_tiered_pricing_fixed_rules":[],"_contributor_tiered_pricing_type":"fixed","_contributor_tiered_pricing_fixed_rules":[],"_subscriber_tiered_pricing_type":"fixed","_subscriber_tiered_pricing_fixed_rules":[],"_wpseo_manager_tiered_pricing_type":"fixed","_wpseo_manager_tiered_pricing_fixed_rules":[],"_wpseo_editor_tiered_pricing_type":"fixed","_wpseo_editor_tiered_pricing_fixed_rules":[],"_customer_tiered_pricing_type":"fixed","_customer_tiered_pricing_fixed_rules":[],"_shop_manager_tiered_pricing_type":"fixed","_shop_manager_tiered_pricing_fixed_rules":[],"_product_manager_tiered_pricing_type":"fixed","_product_manager_tiered_pricing_fixed_rules":[],"_links":{"self":[{"href":"https:\/\/www.artestar.eu\/de\/wp-json\/wp\/v2\/product\/46656"}],"collection":[{"href":"https:\/\/www.artestar.eu\/de\/wp-json\/wp\/v2\/product"}],"about":[{"href":"https:\/\/www.artestar.eu\/de\/wp-json\/wp\/v2\/types\/product"}],"replies":[{"embeddable":true,"href":"https:\/\/www.artestar.eu\/de\/wp-json\/wp\/v2\/comments?post=46656"}],"version-history":[{"count":1,"href":"https:\/\/www.artestar.eu\/de\/wp-json\/wp\/v2\/product\/46656\/revisions"}],"predecessor-version":[{"id":57489,"href":"https:\/\/www.artestar.eu\/de\/wp-json\/wp\/v2\/product\/46656\/revisions\/57489"}],"wp:featuredmedia":[{"embeddable":true,"href":"https:\/\/www.artestar.eu\/de\/wp-json\/wp\/v2\/media\/38318"}],"wp:attachment":[{"href":"https:\/\/www.artestar.eu\/de\/wp-json\/wp\/v2\/media?parent=46656"}],"wp:term":[{"taxonomy":"product_cat","embeddable":true,"href":"https:\/\/www.artestar.eu\/de\/wp-json\/wp\/v2\/product_cat?post=46656"},{"taxonomy":"product_tag","embeddable":true,"href":"https:\/\/www.artestar.eu\/de\/wp-json\/wp\/v2\/product_tag?post=46656"}],"curies":[{"name":"wp","href":"https:\/\/api.w.org\/{rel}","templated":true}]}}