{"id":47055,"date":"2023-12-04T08:51:18","date_gmt":"2023-12-04T08:51:18","guid":{"rendered":"https:\/\/www.artestar.eu\/?post_type=product&#038;p=47055"},"modified":"2024-11-06T19:13:53","modified_gmt":"2024-11-06T19:13:53","slug":"kit-de-materiales-para-manualidades-con-cuentas-de-piedra","status":"publish","type":"product","link":"https:\/\/www.artestar.eu\/de\/al-por-mayor\/kit-de-materiales-para-manualidades-con-cuentas-de-piedra\/","title":{"rendered":"Kit de materiales para manualidades con cuentas de piedra"},"content":{"rendered":"<div style=\"width: 854px;\" class=\"wp-video\"><!--[if lt IE 9]><script>document.createElement('video');<\/script><![endif]-->\n<video class=\"wp-video-shortcode\" id=\"video-47055-1\" width=\"854\" height=\"480\" preload=\"metadata\" controls=\"controls\"><source type=\"video\/mp4\" src=\"https:\/\/www.artestar.eu\/wp-content\/uploads\/2023\/12\/default.jobtemplate.mp4.480.mp4?_=1\" \/><a href=\"https:\/\/www.artestar.eu\/wp-content\/uploads\/2023\/12\/default.jobtemplate.mp4.480.mp4\">https:\/\/www.artestar.eu\/wp-content\/uploads\/2023\/12\/default.jobtemplate.mp4.480.mp4<\/a><\/video><\/div>\n<h1><\/h1>\n<h1>\ud83d\ude0a\u00a1Crea tus propias joyas con este kit de manualidades!<\/h1>\n<ul>\n<li>Contiene 12 colores de cuentas de piedra natural, aprox. 22 cuentas de cada color, total aprox. 370+ cuentas.<\/li>\n<li>Cuentas redondas de 8 mm, di\u00e1metro: 0,315 pulgadas, apertura: 0,039 pulgadas.<\/li>\n<li>Incluye 26 accesorios de metal y 1 rollo de cord\u00f3n de cristal, el juego tiene un total de unas 101 piezas, suficiente para sus necesidades diarias.<\/li>\n<li>Perfecto para pulseras, collares, aretes, llaveros, decoraci\u00f3n del hogar y m\u00e1s.<\/li>\n<li>Ayuda a aliviar la ansiedad, el estr\u00e9s y mejorar la creatividad.<\/li>\n<li>Un regalo perfecto para cualquier ocasi\u00f3n.<\/li>\n<\/ul>\n<p>&nbsp;<\/p>\n<p>\u203cServicio de atenci\u00f3n al cliente atento\u203c<\/p>\n<p>Si tiene alguna pregunta o problema, no dude en contactarnos.<br \/>\nNos comprometemos a brindarle la mejor soluci\u00f3n.<\/p>\n<p><img decoding=\"async\" class=\"wp-image-47101 alignleft\" src=\"https:\/\/www.artestar.eu\/wp-content\/uploads\/2023\/12\/Kit-de-materiales-para-manualidades-con-cuentas-de-piedr-7-300x300.jpg\" alt=\"Kit de materiales para manualidades con cuentas de piedra\" width=\"583\" height=\"583\" srcset=\"https:\/\/www.artestar.eu\/wp-content\/uploads\/2023\/12\/Kit-de-materiales-para-manualidades-con-cuentas-de-piedr-7-300x300.jpg 300w, https:\/\/www.artestar.eu\/wp-content\/uploads\/2023\/12\/Kit-de-materiales-para-manualidades-con-cuentas-de-piedr-7-1024x1024.jpg 1024w, https:\/\/www.artestar.eu\/wp-content\/uploads\/2023\/12\/Kit-de-materiales-para-manualidades-con-cuentas-de-piedr-7-150x150.jpg 150w, https:\/\/www.artestar.eu\/wp-content\/uploads\/2023\/12\/Kit-de-materiales-para-manualidades-con-cuentas-de-piedr-7-768x768.jpg 768w, https:\/\/www.artestar.eu\/wp-content\/uploads\/2023\/12\/Kit-de-materiales-para-manualidades-con-cuentas-de-piedr-7-1536x1536.jpg 1536w, https:\/\/www.artestar.eu\/wp-content\/uploads\/2023\/12\/Kit-de-materiales-para-manualidades-con-cuentas-de-piedr-7-450x450.jpg 450w, https:\/\/www.artestar.eu\/wp-content\/uploads\/2023\/12\/Kit-de-materiales-para-manualidades-con-cuentas-de-piedr-7-600x600.jpg 600w, https:\/\/www.artestar.eu\/wp-content\/uploads\/2023\/12\/Kit-de-materiales-para-manualidades-con-cuentas-de-piedr-7-54x54.jpg 54w, https:\/\/www.artestar.eu\/wp-content\/uploads\/2023\/12\/Kit-de-materiales-para-manualidades-con-cuentas-de-piedr-7.jpg 1600w\" sizes=\"(max-width: 583px) 100vw, 583px\" \/><\/p>\n<p>&nbsp;<\/p>\n<p>&nbsp;<\/p>\n<p>&nbsp;<\/p>\n<p>&nbsp;<\/p>\n<p>&nbsp;<\/p>\n<p>&nbsp;<\/p>\n<p>&nbsp;<\/p>\n<p>&nbsp;<\/p>\n<p>&nbsp;<\/p>\n<p>&nbsp;<\/p>\n<p>&nbsp;<\/p>\n<p>&nbsp;<\/p>\n<p>&nbsp;<\/p>\n<p>&nbsp;<\/p>\n<p>&nbsp;<\/p>\n<p><img decoding=\"async\" class=\"wp-image-47095 alignleft\" src=\"https:\/\/www.artestar.eu\/wp-content\/uploads\/2023\/12\/Kit-de-materiales-para-manualidades-con-cuentas-de-piedr-6-300x300.jpg\" alt=\"Kit de materiales para manualidades con cuentas de piedra\" width=\"583\" height=\"583\" srcset=\"https:\/\/www.artestar.eu\/wp-content\/uploads\/2023\/12\/Kit-de-materiales-para-manualidades-con-cuentas-de-piedr-6-300x300.jpg 300w, https:\/\/www.artestar.eu\/wp-content\/uploads\/2023\/12\/Kit-de-materiales-para-manualidades-con-cuentas-de-piedr-6-1024x1024.jpg 1024w, https:\/\/www.artestar.eu\/wp-content\/uploads\/2023\/12\/Kit-de-materiales-para-manualidades-con-cuentas-de-piedr-6-150x150.jpg 150w, https:\/\/www.artestar.eu\/wp-content\/uploads\/2023\/12\/Kit-de-materiales-para-manualidades-con-cuentas-de-piedr-6-768x768.jpg 768w, https:\/\/www.artestar.eu\/wp-content\/uploads\/2023\/12\/Kit-de-materiales-para-manualidades-con-cuentas-de-piedr-6-1536x1536.jpg 1536w, https:\/\/www.artestar.eu\/wp-content\/uploads\/2023\/12\/Kit-de-materiales-para-manualidades-con-cuentas-de-piedr-6-450x450.jpg 450w, https:\/\/www.artestar.eu\/wp-content\/uploads\/2023\/12\/Kit-de-materiales-para-manualidades-con-cuentas-de-piedr-6-600x600.jpg 600w, https:\/\/www.artestar.eu\/wp-content\/uploads\/2023\/12\/Kit-de-materiales-para-manualidades-con-cuentas-de-piedr-6-54x54.jpg 54w, https:\/\/www.artestar.eu\/wp-content\/uploads\/2023\/12\/Kit-de-materiales-para-manualidades-con-cuentas-de-piedr-6.jpg 1600w\" sizes=\"(max-width: 583px) 100vw, 583px\" \/><\/p>\n<p>&nbsp;<\/p>\n<p>&nbsp;<\/p>\n<p>&nbsp;<\/p>\n<p>&nbsp;<\/p>\n<p>&nbsp;<\/p>\n<p>&nbsp;<\/p>\n<p>&nbsp;<\/p>\n<p>&nbsp;<\/p>\n<p>&nbsp;<\/p>\n<p>&nbsp;<\/p>\n<p>&nbsp;<\/p>\n<p>&nbsp;<\/p>\n<p>&nbsp;<\/p>\n<p>&nbsp;<\/p>\n<p>&nbsp;<\/p>\n<p><img decoding=\"async\" class=\"wp-image-47125 alignleft\" src=\"https:\/\/www.artestar.eu\/wp-content\/uploads\/2023\/12\/Kit-de-materiales-para-manualidades-con-cuentas-de-piedra-300x186.jpg\" alt=\"Kit de materiales para manualidades con cuentas de piedra\" width=\"584\" height=\"362\" srcset=\"https:\/\/www.artestar.eu\/wp-content\/uploads\/2023\/12\/Kit-de-materiales-para-manualidades-con-cuentas-de-piedra-300x186.jpg 300w, https:\/\/www.artestar.eu\/wp-content\/uploads\/2023\/12\/Kit-de-materiales-para-manualidades-con-cuentas-de-piedra-768x475.jpg 768w, https:\/\/www.artestar.eu\/wp-content\/uploads\/2023\/12\/Kit-de-materiales-para-manualidades-con-cuentas-de-piedra-600x371.jpg 600w, https:\/\/www.artestar.eu\/wp-content\/uploads\/2023\/12\/Kit-de-materiales-para-manualidades-con-cuentas-de-piedra-87x54.jpg 87w, https:\/\/www.artestar.eu\/wp-content\/uploads\/2023\/12\/Kit-de-materiales-para-manualidades-con-cuentas-de-piedra.jpg 970w\" sizes=\"(max-width: 584px) 100vw, 584px\" \/><\/p>\n<p>&nbsp;<\/p>\n<p>&nbsp;<\/p>\n<p>&nbsp;<\/p>\n<p>&nbsp;<\/p>\n<p>&nbsp;<\/p>\n<p>&nbsp;<\/p>\n<p>&nbsp;<\/p>\n<p>&nbsp;<\/p>\n<p>&nbsp;<\/p>\n<p>&nbsp;<\/p>\n<p><img decoding=\"async\" class=\"wp-image-47107 alignnone\" src=\"https:\/\/www.artestar.eu\/wp-content\/uploads\/2023\/12\/Kit-de-materiales-para-manualidades-con-cuentas-de-piedr-8-300x300.jpg\" alt=\"Kit de materiales para manualidades con cuentas de piedra\" width=\"581\" height=\"581\" srcset=\"https:\/\/www.artestar.eu\/wp-content\/uploads\/2023\/12\/Kit-de-materiales-para-manualidades-con-cuentas-de-piedr-8-300x300.jpg 300w, https:\/\/www.artestar.eu\/wp-content\/uploads\/2023\/12\/Kit-de-materiales-para-manualidades-con-cuentas-de-piedr-8-1024x1024.jpg 1024w, https:\/\/www.artestar.eu\/wp-content\/uploads\/2023\/12\/Kit-de-materiales-para-manualidades-con-cuentas-de-piedr-8-150x150.jpg 150w, https:\/\/www.artestar.eu\/wp-content\/uploads\/2023\/12\/Kit-de-materiales-para-manualidades-con-cuentas-de-piedr-8-768x768.jpg 768w, https:\/\/www.artestar.eu\/wp-content\/uploads\/2023\/12\/Kit-de-materiales-para-manualidades-con-cuentas-de-piedr-8-1536x1536.jpg 1536w, https:\/\/www.artestar.eu\/wp-content\/uploads\/2023\/12\/Kit-de-materiales-para-manualidades-con-cuentas-de-piedr-8-450x450.jpg 450w, https:\/\/www.artestar.eu\/wp-content\/uploads\/2023\/12\/Kit-de-materiales-para-manualidades-con-cuentas-de-piedr-8-600x600.jpg 600w, https:\/\/www.artestar.eu\/wp-content\/uploads\/2023\/12\/Kit-de-materiales-para-manualidades-con-cuentas-de-piedr-8-54x54.jpg 54w, https:\/\/www.artestar.eu\/wp-content\/uploads\/2023\/12\/Kit-de-materiales-para-manualidades-con-cuentas-de-piedr-8.jpg 1600w\" sizes=\"(max-width: 581px) 100vw, 581px\" \/><\/p>\n","protected":false},"excerpt":{"rendered":"<p>Edad (descripci\u00f3n) : Adultos y ni\u00f1os<br \/>\nColor: Caja peque\u00f1a<br \/>\nTemas: Navidad, Coches, Amor<br \/>\nMaterial: Pl\u00e1stico, Metal<br \/>\nTemporada: Todo el a\u00f1o<br \/>\nComponentes incluidos: Cinta, Color, Llavero<br \/>\nPiezas: 101<\/p>\n","protected":false},"featured_media":47113,"comment_status":"open","ping_status":"closed","template":"","meta":[],"product_cat":[3214,988],"product_tag":[2626,3601,3600,3599,3602],"yoast_head":"<!-- This site is optimized with the Yoast SEO Premium plugin v20.5 (Yoast SEO v21.5) - https:\/\/yoast.com\/wordpress\/plugins\/seo\/ -->\n<title>Kit de materiales para manualidades con cuentas de piedra - Artestar<\/title>\n<meta name=\"description\" content=\"Este kit de manualidades no s\u00f3lo te ayudar\u00e1 a mejorar tus habilidades pr\u00e1cticas, \u00a1sino que tambi\u00e9n te proporcionar\u00e1 la diversi\u00f3n de crear tus propias joyas!\" \/>\n<meta name=\"robots\" content=\"index, follow, max-snippet:-1, max-image-preview:large, max-video-preview:-1\" \/>\n<link rel=\"canonical\" href=\"https:\/\/www.artestar.eu\/de\/al-por-mayor\/kit-de-materiales-para-manualidades-con-cuentas-de-piedra\/\" \/>\n<meta property=\"og:locale\" content=\"de_DE\" \/>\n<meta property=\"og:type\" content=\"article\" \/>\n<meta property=\"og:title\" content=\"Kit de materiales para manualidades con cuentas de piedra\" \/>\n<meta property=\"og:description\" content=\"Este kit de manualidades no s\u00f3lo te ayudar\u00e1 a mejorar tus habilidades pr\u00e1cticas, \u00a1sino que tambi\u00e9n te proporcionar\u00e1 la diversi\u00f3n de crear tus propias joyas!\" \/>\n<meta property=\"og:url\" content=\"https:\/\/www.artestar.eu\/de\/al-por-mayor\/kit-de-materiales-para-manualidades-con-cuentas-de-piedra\/\" \/>\n<meta property=\"og:site_name\" content=\"Artestar\" \/>\n<meta property=\"article:publisher\" content=\"https:\/\/www.facebook.com\/ARTESTAREU\" \/>\n<meta property=\"article:modified_time\" content=\"2024-11-06T19:13:53+00:00\" \/>\n<meta property=\"og:image\" content=\"https:\/\/www.artestar.eu\/wp-content\/uploads\/2023\/12\/Kit-de-materiales-para-manualidades-con-cuentas-de-piedra-1.jpg\" \/>\n\t<meta property=\"og:image:width\" content=\"1600\" \/>\n\t<meta property=\"og:image:height\" content=\"1600\" \/>\n\t<meta property=\"og:image:type\" content=\"image\/jpeg\" \/>\n<meta name=\"twitter:card\" content=\"summary_large_image\" \/>\n<meta name=\"twitter:label1\" content=\"Availability\" \/>\n\t<meta name=\"twitter:data1\" content=\"Auf Lager\" \/>\n<script type=\"application\/ld+json\" class=\"yoast-schema-graph\">{\"@context\":\"https:\/\/schema.org\",\"@graph\":[{\"@type\":\"WebPage\",\"@id\":\"https:\/\/www.artestar.eu\/de\/al-por-mayor\/kit-de-materiales-para-manualidades-con-cuentas-de-piedra\/\",\"url\":\"https:\/\/www.artestar.eu\/de\/al-por-mayor\/kit-de-materiales-para-manualidades-con-cuentas-de-piedra\/\",\"name\":\"Kit de materiales para manualidades con cuentas de piedra - Artestar\",\"isPartOf\":{\"@id\":\"https:\/\/www.artestar.eu\/de\/#website\"},\"datePublished\":\"2023-12-04T08:51:18+00:00\",\"dateModified\":\"2024-11-06T19:13:53+00:00\",\"description\":\"Este kit de manualidades no s\u00f3lo te ayudar\u00e1 a mejorar tus habilidades pr\u00e1cticas, \u00a1sino que tambi\u00e9n te proporcionar\u00e1 la diversi\u00f3n de crear tus propias joyas!\",\"breadcrumb\":{\"@id\":\"https:\/\/www.artestar.eu\/de\/al-por-mayor\/kit-de-materiales-para-manualidades-con-cuentas-de-piedra\/#breadcrumb\"},\"inLanguage\":\"de-DE\",\"potentialAction\":[{\"@type\":\"ReadAction\",\"target\":[\"https:\/\/www.artestar.eu\/de\/al-por-mayor\/kit-de-materiales-para-manualidades-con-cuentas-de-piedra\/\"]}]},{\"@type\":\"BreadcrumbList\",\"@id\":\"https:\/\/www.artestar.eu\/de\/al-por-mayor\/kit-de-materiales-para-manualidades-con-cuentas-de-piedra\/#breadcrumb\",\"itemListElement\":[{\"@type\":\"ListItem\",\"position\":1,\"name\":\"Artestar\",\"item\":\"https:\/\/www.artestar.eu\/de\/\"},{\"@type\":\"ListItem\",\"position\":2,\"name\":\"Gro\u00dfhandel\",\"item\":\"https:\/\/www.artestar.eu\/de\/grosshandel\/\"},{\"@type\":\"ListItem\",\"position\":3,\"name\":\"Kit de materiales para manualidades con cuentas de piedra\"}]},{\"@type\":\"WebSite\",\"@id\":\"https:\/\/www.artestar.eu\/de\/#website\",\"url\":\"https:\/\/www.artestar.eu\/de\/\",\"name\":\"Artestar\",\"description\":\"Mayorista en abalorios y joyer\u00eda\",\"publisher\":{\"@id\":\"https:\/\/www.artestar.eu\/de\/#organization\"},\"alternateName\":\"Artestar-EU\",\"potentialAction\":[{\"@type\":\"SearchAction\",\"target\":{\"@type\":\"EntryPoint\",\"urlTemplate\":\"https:\/\/www.artestar.eu\/de\/?s={search_term_string}\"},\"query-input\":\"required name=search_term_string\"}],\"inLanguage\":\"de-DE\"},{\"@type\":[\"Organization\",\"Place\"],\"@id\":\"https:\/\/www.artestar.eu\/de\/#organization\",\"name\":\"RUBY ABALORIO S.L.\",\"alternateName\":\"Artestar\",\"url\":\"https:\/\/www.artestar.eu\/de\/\",\"logo\":{\"@id\":\"https:\/\/www.artestar.eu\/de\/al-por-mayor\/kit-de-materiales-para-manualidades-con-cuentas-de-piedra\/#local-main-organization-logo\"},\"image\":{\"@id\":\"https:\/\/www.artestar.eu\/de\/al-por-mayor\/kit-de-materiales-para-manualidades-con-cuentas-de-piedra\/#local-main-organization-logo\"},\"sameAs\":[\"https:\/\/www.facebook.com\/ARTESTAREU\",\"https:\/\/www.instagram.com\/artestareu\/\",\"https:\/\/www.pinterest.es\/artestar_eu\/\",\"https:\/\/www.tiktok.com\/@artestar_wholesale\"],\"openingHoursSpecification\":[{\"@type\":\"OpeningHoursSpecification\",\"dayOfWeek\":[\"Monday\",\"Tuesday\",\"Wednesday\",\"Thursday\",\"Friday\",\"Saturday\",\"Sunday\"],\"opens\":\"09:00\",\"closes\":\"17:00\"}]},{\"@type\":\"ImageObject\",\"inLanguage\":\"de-DE\",\"@id\":\"https:\/\/www.artestar.eu\/de\/al-por-mayor\/kit-de-materiales-para-manualidades-con-cuentas-de-piedra\/#local-main-organization-logo\",\"url\":\"https:\/\/www.artestar.eu\/wp-content\/uploads\/2023\/05\/cropped-png.png\",\"contentUrl\":\"https:\/\/www.artestar.eu\/wp-content\/uploads\/2023\/05\/cropped-png.png\",\"width\":512,\"height\":512,\"caption\":\"RUBY ABALORIO S.L.\"}]}<\/script>\n<meta property=\"og:availability\" content=\"instock\" \/>\n<meta property=\"product:availability\" content=\"instock\" \/>\n<meta property=\"product:retailer_item_id\" content=\"CLB-DLZ-01\" \/>\n<meta property=\"product:condition\" content=\"new\" \/>\n<!-- \/ Yoast SEO Premium plugin. -->","yoast_head_json":{"title":"Kit de materiales para manualidades con cuentas de piedra - Artestar","description":"Este kit de manualidades no s\u00f3lo te ayudar\u00e1 a mejorar tus habilidades pr\u00e1cticas, \u00a1sino que tambi\u00e9n te proporcionar\u00e1 la diversi\u00f3n de crear tus propias joyas!","robots":{"index":"index","follow":"follow","max-snippet":"max-snippet:-1","max-image-preview":"max-image-preview:large","max-video-preview":"max-video-preview:-1"},"canonical":"https:\/\/www.artestar.eu\/de\/al-por-mayor\/kit-de-materiales-para-manualidades-con-cuentas-de-piedra\/","og_locale":"de_DE","og_type":"article","og_title":"Kit de materiales para manualidades con cuentas de piedra","og_description":"Este kit de manualidades no s\u00f3lo te ayudar\u00e1 a mejorar tus habilidades pr\u00e1cticas, \u00a1sino que tambi\u00e9n te proporcionar\u00e1 la diversi\u00f3n de crear tus propias joyas!","og_url":"https:\/\/www.artestar.eu\/de\/al-por-mayor\/kit-de-materiales-para-manualidades-con-cuentas-de-piedra\/","og_site_name":"Artestar","article_publisher":"https:\/\/www.facebook.com\/ARTESTAREU","article_modified_time":"2024-11-06T19:13:53+00:00","og_image":[{"width":1600,"height":1600,"url":"https:\/\/www.artestar.eu\/wp-content\/uploads\/2023\/12\/Kit-de-materiales-para-manualidades-con-cuentas-de-piedra-1.jpg","type":"image\/jpeg"}],"twitter_card":"summary_large_image","twitter_misc":{"Availability":"Auf Lager"},"schema":{"@context":"https:\/\/schema.org","@graph":[{"@type":"WebPage","@id":"https:\/\/www.artestar.eu\/de\/al-por-mayor\/kit-de-materiales-para-manualidades-con-cuentas-de-piedra\/","url":"https:\/\/www.artestar.eu\/de\/al-por-mayor\/kit-de-materiales-para-manualidades-con-cuentas-de-piedra\/","name":"Kit de materiales para manualidades con cuentas de piedra - Artestar","isPartOf":{"@id":"https:\/\/www.artestar.eu\/de\/#website"},"datePublished":"2023-12-04T08:51:18+00:00","dateModified":"2024-11-06T19:13:53+00:00","description":"Este kit de manualidades no s\u00f3lo te ayudar\u00e1 a mejorar tus habilidades pr\u00e1cticas, \u00a1sino que tambi\u00e9n te proporcionar\u00e1 la diversi\u00f3n de crear tus propias joyas!","breadcrumb":{"@id":"https:\/\/www.artestar.eu\/de\/al-por-mayor\/kit-de-materiales-para-manualidades-con-cuentas-de-piedra\/#breadcrumb"},"inLanguage":"de-DE","potentialAction":[{"@type":"ReadAction","target":["https:\/\/www.artestar.eu\/de\/al-por-mayor\/kit-de-materiales-para-manualidades-con-cuentas-de-piedra\/"]}]},{"@type":"BreadcrumbList","@id":"https:\/\/www.artestar.eu\/de\/al-por-mayor\/kit-de-materiales-para-manualidades-con-cuentas-de-piedra\/#breadcrumb","itemListElement":[{"@type":"ListItem","position":1,"name":"Artestar","item":"https:\/\/www.artestar.eu\/de\/"},{"@type":"ListItem","position":2,"name":"Gro\u00dfhandel","item":"https:\/\/www.artestar.eu\/de\/grosshandel\/"},{"@type":"ListItem","position":3,"name":"Kit de materiales para manualidades con cuentas de piedra"}]},{"@type":"WebSite","@id":"https:\/\/www.artestar.eu\/de\/#website","url":"https:\/\/www.artestar.eu\/de\/","name":"Artestar","description":"Mayorista en abalorios y joyer\u00eda","publisher":{"@id":"https:\/\/www.artestar.eu\/de\/#organization"},"alternateName":"Artestar-EU","potentialAction":[{"@type":"SearchAction","target":{"@type":"EntryPoint","urlTemplate":"https:\/\/www.artestar.eu\/de\/?s={search_term_string}"},"query-input":"required name=search_term_string"}],"inLanguage":"de-DE"},{"@type":["Organization","Place"],"@id":"https:\/\/www.artestar.eu\/de\/#organization","name":"RUBY ABALORIO S.L.","alternateName":"Artestar","url":"https:\/\/www.artestar.eu\/de\/","logo":{"@id":"https:\/\/www.artestar.eu\/de\/al-por-mayor\/kit-de-materiales-para-manualidades-con-cuentas-de-piedra\/#local-main-organization-logo"},"image":{"@id":"https:\/\/www.artestar.eu\/de\/al-por-mayor\/kit-de-materiales-para-manualidades-con-cuentas-de-piedra\/#local-main-organization-logo"},"sameAs":["https:\/\/www.facebook.com\/ARTESTAREU","https:\/\/www.instagram.com\/artestareu\/","https:\/\/www.pinterest.es\/artestar_eu\/","https:\/\/www.tiktok.com\/@artestar_wholesale"],"openingHoursSpecification":[{"@type":"OpeningHoursSpecification","dayOfWeek":["Monday","Tuesday","Wednesday","Thursday","Friday","Saturday","Sunday"],"opens":"09:00","closes":"17:00"}]},{"@type":"ImageObject","inLanguage":"de-DE","@id":"https:\/\/www.artestar.eu\/de\/al-por-mayor\/kit-de-materiales-para-manualidades-con-cuentas-de-piedra\/#local-main-organization-logo","url":"https:\/\/www.artestar.eu\/wp-content\/uploads\/2023\/05\/cropped-png.png","contentUrl":"https:\/\/www.artestar.eu\/wp-content\/uploads\/2023\/05\/cropped-png.png","width":512,"height":512,"caption":"RUBY ABALORIO S.L."}]},"og_availability":"instock","product_availability":"instock","product_retailer_item_id":"CLB-DLZ-01","product_condition":"new"},"tiered_pricing_type":"fixed","tiered_pricing_fixed_rules":[],"tiered_pricing_percentage_rules":[],"tiered_pricing_minimum":null,"_administrator_tiered_pricing_type":"fixed","_administrator_tiered_pricing_fixed_rules":[],"_editor_tiered_pricing_type":"fixed","_editor_tiered_pricing_fixed_rules":[],"_author_tiered_pricing_type":"fixed","_author_tiered_pricing_fixed_rules":[],"_contributor_tiered_pricing_type":"fixed","_contributor_tiered_pricing_fixed_rules":[],"_subscriber_tiered_pricing_type":"fixed","_subscriber_tiered_pricing_fixed_rules":[],"_wpseo_manager_tiered_pricing_type":"fixed","_wpseo_manager_tiered_pricing_fixed_rules":[],"_wpseo_editor_tiered_pricing_type":"fixed","_wpseo_editor_tiered_pricing_fixed_rules":[],"_customer_tiered_pricing_type":"fixed","_customer_tiered_pricing_fixed_rules":[],"_shop_manager_tiered_pricing_type":"fixed","_shop_manager_tiered_pricing_fixed_rules":[],"_product_manager_tiered_pricing_type":"fixed","_product_manager_tiered_pricing_fixed_rules":[],"_links":{"self":[{"href":"https:\/\/www.artestar.eu\/de\/wp-json\/wp\/v2\/product\/47055"}],"collection":[{"href":"https:\/\/www.artestar.eu\/de\/wp-json\/wp\/v2\/product"}],"about":[{"href":"https:\/\/www.artestar.eu\/de\/wp-json\/wp\/v2\/types\/product"}],"replies":[{"embeddable":true,"href":"https:\/\/www.artestar.eu\/de\/wp-json\/wp\/v2\/comments?post=47055"}],"version-history":[{"count":8,"href":"https:\/\/www.artestar.eu\/de\/wp-json\/wp\/v2\/product\/47055\/revisions"}],"predecessor-version":[{"id":47137,"href":"https:\/\/www.artestar.eu\/de\/wp-json\/wp\/v2\/product\/47055\/revisions\/47137"}],"wp:featuredmedia":[{"embeddable":true,"href":"https:\/\/www.artestar.eu\/de\/wp-json\/wp\/v2\/media\/47113"}],"wp:attachment":[{"href":"https:\/\/www.artestar.eu\/de\/wp-json\/wp\/v2\/media?parent=47055"}],"wp:term":[{"taxonomy":"product_cat","embeddable":true,"href":"https:\/\/www.artestar.eu\/de\/wp-json\/wp\/v2\/product_cat?post=47055"},{"taxonomy":"product_tag","embeddable":true,"href":"https:\/\/www.artestar.eu\/de\/wp-json\/wp\/v2\/product_tag?post=47055"}],"curies":[{"name":"wp","href":"https:\/\/api.w.org\/{rel}","templated":true}]}}