{"id":51024,"date":"2023-12-04T14:51:40","date_gmt":"2023-12-04T14:51:40","guid":{"rendered":"https:\/\/www.artestar.eu\/?post_type=product&#038;p=51024"},"modified":"2023-12-13T14:50:58","modified_gmt":"2023-12-13T14:50:58","slug":"lote-60-bolas-de-silicona-o15mm-hoja-tropical","status":"publish","type":"product","link":"https:\/\/www.artestar.eu\/de\/al-por-mayor\/lote-60-bolas-de-silicona-o15mm-hoja-tropical\/","title":{"rendered":"Lote 60 Bolas de Silicona \u00d815mm Hoja Tropical"},"content":{"rendered":"<p><strong><b>Lote 60 Bolas de Silicona Hoja Tropical<\/b>\u00a0<\/strong><strong><b>para beb\u00e9<\/b><\/strong><\/p>\n<p>Material de silicona para crear chupeteros personalizados o juguetes de dentici\u00f3n para beb\u00e9s. Fabricado con silicona\u00a0 Org\u00e1nica Anti Bacterias de grado alimentario libre de BPA, PVC, Ftalatos, Cadmio y Plomo.., 100% seguros para tus seres queridos. Precio inmejorable en todo mercado europeo.<\/p>\n<ul>\n<li>MEDIDAS: \u00d8 15mm.<\/li>\n<li>CANTIDAD: paquete de 60 unidades.<\/li>\n<li>Alivia la incomodidad de la dentici\u00f3n, mordedor de lactancia perfecto para que el beb\u00e9 mastique, un regalo inolvidable.<\/li>\n<li>Puede dise\u00f1ar collares, pulseras, Chupeteros , entre otras piezas, son de color brillante hermoso atractivo. Los diferentes colores pueden estimular los sentidos visionarios y cognitivos en su desarrollo temprano. Tambi\u00e9n puedes hacer un Chupeteros usando las bolas de silicona. que tiene f\u00e1cil acceso y evitar que se pierda.<\/li>\n<li>Las bolas de silicona es suave y duradera, la superficie lisa de silicona evita que su beb\u00e9 se lastime cuando la mastica.<\/li>\n<li>Sin olores ni toxinas. Con los certificados de calidad.<\/li>\n<\/ul>\n<p><img decoding=\"async\" src=\"https:\/\/www.rubyabalorios.com\/img\/cms\/logo2%5B1%5D.png\" alt=\"logo centro test internacional\" width=\"321\" height=\"76\" \/>\u00a0\u00a0 \u00a0 \u00a0 \u00a0 \u00a0 \u00a0 \u00a0 \u00a0 \u00a0 \u00a0 \u00a0 \u00a0\u00a0\u00a0<img decoding=\"async\" src=\"https:\/\/www.rubyabalorios.com\/img\/cms\/SELLOCTI1.jpg\" alt=\"\" width=\"79\" height=\"78\" \/><\/p>\n<p>&nbsp;<\/p>\n<p><strong>ADVERTENCIA<\/strong><\/p>\n<p>Se recomienda esterilizar o limpiar con agua tibia y jab\u00f3n neutro antes de dar al beb\u00e9 y mantener limpio el producto antes de su uso.<\/p>\n<p>De f\u00e1cil limpieza, <strong>NO USAR PRODUCTOS ABRASIVOS NI T\u00d3XICOS.<\/strong><\/p>\n<p>&nbsp;<\/p>\n<p><img decoding=\"async\" class=\"alignnone wp-image-51239 size-medium\" src=\"https:\/\/www.artestar.eu\/wp-content\/uploads\/2023\/12\/Lote-60-Bolas-de-Silicona-O15mm-Hoja-tropical2-1-300x300.jpg\" alt=\"\" width=\"300\" height=\"300\" srcset=\"https:\/\/www.artestar.eu\/wp-content\/uploads\/2023\/12\/Lote-60-Bolas-de-Silicona-O15mm-Hoja-tropical2-1-300x300.jpg 300w, https:\/\/www.artestar.eu\/wp-content\/uploads\/2023\/12\/Lote-60-Bolas-de-Silicona-O15mm-Hoja-tropical2-1-150x150.jpg 150w, https:\/\/www.artestar.eu\/wp-content\/uploads\/2023\/12\/Lote-60-Bolas-de-Silicona-O15mm-Hoja-tropical2-1-450x450.jpg 450w, https:\/\/www.artestar.eu\/wp-content\/uploads\/2023\/12\/Lote-60-Bolas-de-Silicona-O15mm-Hoja-tropical2-1-54x54.jpg 54w, https:\/\/www.artestar.eu\/wp-content\/uploads\/2023\/12\/Lote-60-Bolas-de-Silicona-O15mm-Hoja-tropical2-1.jpg 600w\" sizes=\"(max-width: 300px) 100vw, 300px\" \/><\/p>\n<h3><strong><b>Cuentas de Silicona Hoja Tropical <\/b><\/strong><strong><b>para Chupeteros<\/b><\/strong><\/h3>\n<p><strong>Especificaci\u00f3n<\/strong><\/p>\n<ul>\n<li>Pr\u00e1ctico para aliviar el dolor de la dentici\u00f3n de su beb\u00e9 cuando le est\u00e1 saliendo los dientes.<\/li>\n<li>Debe limpiarlo despu\u00e9s de cada uso y dejarlo secar al aire libre.<\/li>\n<li>Comprueba el estado de las piezas a menudo. No meter en el microondas.<\/li>\n<li>Los colores de la imagen solo son orientativos, vienen aleatoriamente y no es posible elegir los colores. Tambi\u00e9n puede variar levemente debido a su la configuraci\u00f3n de la pantalla.<\/li>\n<li>El Comprador asume toda la responsabilidad respecto al uso del producto.<\/li>\n<li>Si alg\u00fan da\u00f1o o p\u00e9rdida es causado por la negligencia del comprador, el vendedor no ser\u00e1 responsable.<\/li>\n<\/ul>\n","protected":false},"excerpt":{"rendered":"<p><strong>Medidas:<\/strong> \u00d8 15mm<\/p>\n<p><strong>Medida Interior: <\/strong>\u00d8 2mm<\/p>\n<p><strong>Cantidad:<\/strong> 60<strong>\u00a0<\/strong>uds.<\/p>\n<p><strong>Material:<\/strong> Silicona<\/p>\n","protected":false},"featured_media":51233,"comment_status":"closed","ping_status":"closed","template":"","meta":[],"product_cat":[3146,3145],"product_tag":[],"yoast_head":"<!-- This site is optimized with the Yoast SEO Premium plugin v20.5 (Yoast SEO v21.5) - https:\/\/yoast.com\/wordpress\/plugins\/seo\/ -->\n<title>60 Bolas de Silicona Hoja Tropical para Chupeteros y Juguetes - Artestar<\/title>\n<meta name=\"description\" content=\"60 Bolas de Silicona Hoja Tropical para Chupeteros, Bola de Silicona para Mordedores, Cuentas de Silicona Dentici\u00f3n para Montar Chupeteros\" \/>\n<meta name=\"robots\" content=\"index, follow, max-snippet:-1, max-image-preview:large, max-video-preview:-1\" \/>\n<link rel=\"canonical\" href=\"https:\/\/www.artestar.eu\/de\/al-por-mayor\/lote-60-bolas-de-silicona-o15mm-hoja-tropical\/\" \/>\n<meta property=\"og:locale\" content=\"de_DE\" \/>\n<meta property=\"og:type\" content=\"article\" \/>\n<meta property=\"og:title\" content=\"Lote 60 Bolas de Silicona \u00d815mm Hoja Tropical\" \/>\n<meta property=\"og:description\" content=\"60 Bolas de Silicona Hoja Tropical para Chupeteros, Bola de Silicona para Mordedores, Cuentas de Silicona Dentici\u00f3n para Montar Chupeteros\" \/>\n<meta property=\"og:url\" content=\"https:\/\/www.artestar.eu\/de\/al-por-mayor\/lote-60-bolas-de-silicona-o15mm-hoja-tropical\/\" \/>\n<meta property=\"og:site_name\" content=\"Artestar\" \/>\n<meta property=\"article:publisher\" content=\"https:\/\/www.facebook.com\/ARTESTAREU\" \/>\n<meta property=\"article:modified_time\" content=\"2023-12-13T14:50:58+00:00\" \/>\n<meta property=\"og:image\" content=\"https:\/\/www.artestar.eu\/wp-content\/uploads\/2023\/12\/Lote-60-Bolas-de-Silicona-O15mm-Hoja-tropical.jpg\" \/>\n\t<meta property=\"og:image:width\" content=\"600\" \/>\n\t<meta property=\"og:image:height\" content=\"600\" \/>\n\t<meta property=\"og:image:type\" content=\"image\/jpeg\" \/>\n<meta name=\"twitter:card\" content=\"summary_large_image\" \/>\n<meta name=\"twitter:label1\" content=\"Preis\" \/>\n\t<meta name=\"twitter:data1\" content=\"7,65&nbsp;&euro; (Ohne MwSt)\" \/>\n\t<meta name=\"twitter:label2\" content=\"Availability\" \/>\n\t<meta name=\"twitter:data2\" content=\"Auf Lager\" \/>\n<script type=\"application\/ld+json\" class=\"yoast-schema-graph\">{\"@context\":\"https:\/\/schema.org\",\"@graph\":[{\"@type\":\"WebPage\",\"@id\":\"https:\/\/www.artestar.eu\/de\/al-por-mayor\/lote-60-bolas-de-silicona-o15mm-hoja-tropical\/\",\"url\":\"https:\/\/www.artestar.eu\/de\/al-por-mayor\/lote-60-bolas-de-silicona-o15mm-hoja-tropical\/\",\"name\":\"60 Bolas de Silicona Hoja Tropical para Chupeteros y Juguetes - Artestar\",\"isPartOf\":{\"@id\":\"https:\/\/www.artestar.eu\/de\/#website\"},\"datePublished\":\"2023-12-04T14:51:40+00:00\",\"dateModified\":\"2023-12-13T14:50:58+00:00\",\"description\":\"60 Bolas de Silicona Hoja Tropical para Chupeteros, Bola de Silicona para Mordedores, Cuentas de Silicona Dentici\u00f3n para Montar Chupeteros\",\"breadcrumb\":{\"@id\":\"https:\/\/www.artestar.eu\/de\/al-por-mayor\/lote-60-bolas-de-silicona-o15mm-hoja-tropical\/#breadcrumb\"},\"inLanguage\":\"de-DE\",\"potentialAction\":[{\"@type\":\"ReadAction\",\"target\":[\"https:\/\/www.artestar.eu\/de\/al-por-mayor\/lote-60-bolas-de-silicona-o15mm-hoja-tropical\/\"]}]},{\"@type\":\"BreadcrumbList\",\"@id\":\"https:\/\/www.artestar.eu\/de\/al-por-mayor\/lote-60-bolas-de-silicona-o15mm-hoja-tropical\/#breadcrumb\",\"itemListElement\":[{\"@type\":\"ListItem\",\"position\":1,\"name\":\"Artestar\",\"item\":\"https:\/\/www.artestar.eu\/de\/\"},{\"@type\":\"ListItem\",\"position\":2,\"name\":\"Gro\u00dfhandel\",\"item\":\"https:\/\/www.artestar.eu\/de\/grosshandel\/\"},{\"@type\":\"ListItem\",\"position\":3,\"name\":\"Lote 60 Bolas de Silicona \u00d815mm Hoja Tropical\"}]},{\"@type\":\"WebSite\",\"@id\":\"https:\/\/www.artestar.eu\/de\/#website\",\"url\":\"https:\/\/www.artestar.eu\/de\/\",\"name\":\"Artestar\",\"description\":\"Mayorista en abalorios y joyer\u00eda\",\"publisher\":{\"@id\":\"https:\/\/www.artestar.eu\/de\/#organization\"},\"alternateName\":\"Artestar-EU\",\"potentialAction\":[{\"@type\":\"SearchAction\",\"target\":{\"@type\":\"EntryPoint\",\"urlTemplate\":\"https:\/\/www.artestar.eu\/de\/?s={search_term_string}\"},\"query-input\":\"required name=search_term_string\"}],\"inLanguage\":\"de-DE\"},{\"@type\":[\"Organization\",\"Place\"],\"@id\":\"https:\/\/www.artestar.eu\/de\/#organization\",\"name\":\"RUBY ABALORIO S.L.\",\"alternateName\":\"Artestar\",\"url\":\"https:\/\/www.artestar.eu\/de\/\",\"logo\":{\"@id\":\"https:\/\/www.artestar.eu\/de\/al-por-mayor\/lote-60-bolas-de-silicona-o15mm-hoja-tropical\/#local-main-organization-logo\"},\"image\":{\"@id\":\"https:\/\/www.artestar.eu\/de\/al-por-mayor\/lote-60-bolas-de-silicona-o15mm-hoja-tropical\/#local-main-organization-logo\"},\"sameAs\":[\"https:\/\/www.facebook.com\/ARTESTAREU\",\"https:\/\/www.instagram.com\/artestareu\/\",\"https:\/\/www.pinterest.es\/artestar_eu\/\",\"https:\/\/www.tiktok.com\/@artestar_wholesale\"],\"openingHoursSpecification\":[{\"@type\":\"OpeningHoursSpecification\",\"dayOfWeek\":[\"Monday\",\"Tuesday\",\"Wednesday\",\"Thursday\",\"Friday\",\"Saturday\",\"Sunday\"],\"opens\":\"09:00\",\"closes\":\"17:00\"}]},{\"@type\":\"ImageObject\",\"inLanguage\":\"de-DE\",\"@id\":\"https:\/\/www.artestar.eu\/de\/al-por-mayor\/lote-60-bolas-de-silicona-o15mm-hoja-tropical\/#local-main-organization-logo\",\"url\":\"https:\/\/www.artestar.eu\/wp-content\/uploads\/2023\/05\/cropped-png.png\",\"contentUrl\":\"https:\/\/www.artestar.eu\/wp-content\/uploads\/2023\/05\/cropped-png.png\",\"width\":512,\"height\":512,\"caption\":\"RUBY ABALORIO S.L.\"}]}<\/script>\n<meta property=\"product:price:amount\" content=\"7.65\" \/>\n<meta property=\"product:price:currency\" content=\"EUR\" \/>\n<meta property=\"og:availability\" content=\"instock\" \/>\n<meta property=\"product:availability\" content=\"instock\" \/>\n<meta property=\"product:retailer_item_id\" content=\"CL028-02\" \/>\n<meta property=\"product:condition\" content=\"new\" \/>\n<!-- \/ Yoast SEO Premium plugin. -->","yoast_head_json":{"title":"60 Bolas de Silicona Hoja Tropical para Chupeteros y Juguetes - Artestar","description":"60 Bolas de Silicona Hoja Tropical para Chupeteros, Bola de Silicona para Mordedores, Cuentas de Silicona Dentici\u00f3n para Montar Chupeteros","robots":{"index":"index","follow":"follow","max-snippet":"max-snippet:-1","max-image-preview":"max-image-preview:large","max-video-preview":"max-video-preview:-1"},"canonical":"https:\/\/www.artestar.eu\/de\/al-por-mayor\/lote-60-bolas-de-silicona-o15mm-hoja-tropical\/","og_locale":"de_DE","og_type":"article","og_title":"Lote 60 Bolas de Silicona \u00d815mm Hoja Tropical","og_description":"60 Bolas de Silicona Hoja Tropical para Chupeteros, Bola de Silicona para Mordedores, Cuentas de Silicona Dentici\u00f3n para Montar Chupeteros","og_url":"https:\/\/www.artestar.eu\/de\/al-por-mayor\/lote-60-bolas-de-silicona-o15mm-hoja-tropical\/","og_site_name":"Artestar","article_publisher":"https:\/\/www.facebook.com\/ARTESTAREU","article_modified_time":"2023-12-13T14:50:58+00:00","og_image":[{"width":600,"height":600,"url":"https:\/\/www.artestar.eu\/wp-content\/uploads\/2023\/12\/Lote-60-Bolas-de-Silicona-O15mm-Hoja-tropical.jpg","type":"image\/jpeg"}],"twitter_card":"summary_large_image","twitter_misc":{"Preis":"7,65&nbsp;&euro; (Ohne MwSt)","Availability":"Auf Lager"},"schema":{"@context":"https:\/\/schema.org","@graph":[{"@type":"WebPage","@id":"https:\/\/www.artestar.eu\/de\/al-por-mayor\/lote-60-bolas-de-silicona-o15mm-hoja-tropical\/","url":"https:\/\/www.artestar.eu\/de\/al-por-mayor\/lote-60-bolas-de-silicona-o15mm-hoja-tropical\/","name":"60 Bolas de Silicona Hoja Tropical para Chupeteros y Juguetes - Artestar","isPartOf":{"@id":"https:\/\/www.artestar.eu\/de\/#website"},"datePublished":"2023-12-04T14:51:40+00:00","dateModified":"2023-12-13T14:50:58+00:00","description":"60 Bolas de Silicona Hoja Tropical para Chupeteros, Bola de Silicona para Mordedores, Cuentas de Silicona Dentici\u00f3n para Montar Chupeteros","breadcrumb":{"@id":"https:\/\/www.artestar.eu\/de\/al-por-mayor\/lote-60-bolas-de-silicona-o15mm-hoja-tropical\/#breadcrumb"},"inLanguage":"de-DE","potentialAction":[{"@type":"ReadAction","target":["https:\/\/www.artestar.eu\/de\/al-por-mayor\/lote-60-bolas-de-silicona-o15mm-hoja-tropical\/"]}]},{"@type":"BreadcrumbList","@id":"https:\/\/www.artestar.eu\/de\/al-por-mayor\/lote-60-bolas-de-silicona-o15mm-hoja-tropical\/#breadcrumb","itemListElement":[{"@type":"ListItem","position":1,"name":"Artestar","item":"https:\/\/www.artestar.eu\/de\/"},{"@type":"ListItem","position":2,"name":"Gro\u00dfhandel","item":"https:\/\/www.artestar.eu\/de\/grosshandel\/"},{"@type":"ListItem","position":3,"name":"Lote 60 Bolas de Silicona \u00d815mm Hoja Tropical"}]},{"@type":"WebSite","@id":"https:\/\/www.artestar.eu\/de\/#website","url":"https:\/\/www.artestar.eu\/de\/","name":"Artestar","description":"Mayorista en abalorios y joyer\u00eda","publisher":{"@id":"https:\/\/www.artestar.eu\/de\/#organization"},"alternateName":"Artestar-EU","potentialAction":[{"@type":"SearchAction","target":{"@type":"EntryPoint","urlTemplate":"https:\/\/www.artestar.eu\/de\/?s={search_term_string}"},"query-input":"required name=search_term_string"}],"inLanguage":"de-DE"},{"@type":["Organization","Place"],"@id":"https:\/\/www.artestar.eu\/de\/#organization","name":"RUBY ABALORIO S.L.","alternateName":"Artestar","url":"https:\/\/www.artestar.eu\/de\/","logo":{"@id":"https:\/\/www.artestar.eu\/de\/al-por-mayor\/lote-60-bolas-de-silicona-o15mm-hoja-tropical\/#local-main-organization-logo"},"image":{"@id":"https:\/\/www.artestar.eu\/de\/al-por-mayor\/lote-60-bolas-de-silicona-o15mm-hoja-tropical\/#local-main-organization-logo"},"sameAs":["https:\/\/www.facebook.com\/ARTESTAREU","https:\/\/www.instagram.com\/artestareu\/","https:\/\/www.pinterest.es\/artestar_eu\/","https:\/\/www.tiktok.com\/@artestar_wholesale"],"openingHoursSpecification":[{"@type":"OpeningHoursSpecification","dayOfWeek":["Monday","Tuesday","Wednesday","Thursday","Friday","Saturday","Sunday"],"opens":"09:00","closes":"17:00"}]},{"@type":"ImageObject","inLanguage":"de-DE","@id":"https:\/\/www.artestar.eu\/de\/al-por-mayor\/lote-60-bolas-de-silicona-o15mm-hoja-tropical\/#local-main-organization-logo","url":"https:\/\/www.artestar.eu\/wp-content\/uploads\/2023\/05\/cropped-png.png","contentUrl":"https:\/\/www.artestar.eu\/wp-content\/uploads\/2023\/05\/cropped-png.png","width":512,"height":512,"caption":"RUBY ABALORIO S.L."}]},"product_price_amount":"7.65","product_price_currency":"EUR","og_availability":"instock","product_availability":"instock","product_retailer_item_id":"CL028-02","product_condition":"new"},"tiered_pricing_type":"fixed","tiered_pricing_fixed_rules":[],"tiered_pricing_percentage_rules":[],"tiered_pricing_minimum":null,"_administrator_tiered_pricing_type":"fixed","_administrator_tiered_pricing_fixed_rules":[],"_editor_tiered_pricing_type":"fixed","_editor_tiered_pricing_fixed_rules":[],"_author_tiered_pricing_type":"fixed","_author_tiered_pricing_fixed_rules":[],"_contributor_tiered_pricing_type":"fixed","_contributor_tiered_pricing_fixed_rules":[],"_subscriber_tiered_pricing_type":"fixed","_subscriber_tiered_pricing_fixed_rules":[],"_wpseo_manager_tiered_pricing_type":"fixed","_wpseo_manager_tiered_pricing_fixed_rules":[],"_wpseo_editor_tiered_pricing_type":"fixed","_wpseo_editor_tiered_pricing_fixed_rules":[],"_customer_tiered_pricing_type":"fixed","_customer_tiered_pricing_fixed_rules":[],"_shop_manager_tiered_pricing_type":"fixed","_shop_manager_tiered_pricing_fixed_rules":[],"_product_manager_tiered_pricing_type":"fixed","_product_manager_tiered_pricing_fixed_rules":[],"_links":{"self":[{"href":"https:\/\/www.artestar.eu\/de\/wp-json\/wp\/v2\/product\/51024"}],"collection":[{"href":"https:\/\/www.artestar.eu\/de\/wp-json\/wp\/v2\/product"}],"about":[{"href":"https:\/\/www.artestar.eu\/de\/wp-json\/wp\/v2\/types\/product"}],"replies":[{"embeddable":true,"href":"https:\/\/www.artestar.eu\/de\/wp-json\/wp\/v2\/comments?post=51024"}],"version-history":[{"count":3,"href":"https:\/\/www.artestar.eu\/de\/wp-json\/wp\/v2\/product\/51024\/revisions"}],"predecessor-version":[{"id":57712,"href":"https:\/\/www.artestar.eu\/de\/wp-json\/wp\/v2\/product\/51024\/revisions\/57712"}],"wp:featuredmedia":[{"embeddable":true,"href":"https:\/\/www.artestar.eu\/de\/wp-json\/wp\/v2\/media\/51233"}],"wp:attachment":[{"href":"https:\/\/www.artestar.eu\/de\/wp-json\/wp\/v2\/media?parent=51024"}],"wp:term":[{"taxonomy":"product_cat","embeddable":true,"href":"https:\/\/www.artestar.eu\/de\/wp-json\/wp\/v2\/product_cat?post=51024"},{"taxonomy":"product_tag","embeddable":true,"href":"https:\/\/www.artestar.eu\/de\/wp-json\/wp\/v2\/product_tag?post=51024"}],"curies":[{"name":"wp","href":"https:\/\/api.w.org\/{rel}","templated":true}]}}