{"id":55225,"date":"2023-12-11T14:26:49","date_gmt":"2023-12-11T14:26:49","guid":{"rendered":"https:\/\/www.artestar.eu\/?post_type=product&#038;p=55225"},"modified":"2023-12-13T16:17:08","modified_gmt":"2023-12-13T16:17:08","slug":"10-aros-de-madera-de-haya-o40mm","status":"publish","type":"product","link":"https:\/\/www.artestar.eu\/de\/al-por-mayor\/10-aros-de-madera-de-haya-o40mm\/","title":{"rendered":"10 Aros de Madera de Haya \u00d840mm"},"content":{"rendered":"<h3><strong>Anillas madera de haya para beb\u00e9<\/strong><\/h3>\n<p>Figuras de madera de haya para mordedor de beb\u00e9 y para crear collares, pulseras, cadena de chupetes, sonajeros o decoraciones. Madera haya 100% natural , no t\u00f3xico, es f\u00e1cil de pintar o embellecer sobre el. Ligero y resistente para un largo uso.<\/p>\n<ul>\n<li>Cantidad: 10 uds<\/li>\n<li>Tama\u00f1o: \u00d8 40 x 10 mm de forma redonda, Estas anillas madera son excelentes para crear collares personalizados para usted o para regalar.<\/li>\n<li>Material: Aros de madera haya 100% natural redondo sin acabar, no t\u00f3xico, es f\u00e1cil de pintar o embellecer sobre el.<\/li>\n<li>Funci\u00f3n m\u00faltiples, ideal para decoraci\u00f3n de regalo para navidad o cualquier festivo, campana de viento, etc\u2026 Dise\u00f1a, crea y da rienda suelta a tu imaginaci\u00f3n.<\/li>\n<li>Elimina el malestar de los dientes de leche, mejora el desarrollo t\u00e1ctil, ayuda a los ni\u00f1os a percibir el mundo. F\u00e1cil de limpiar con agua tibia y jab\u00f3n solo.<\/li>\n<li><span class=\"a-list-item\">Durante el per\u00edodo de dentici\u00f3n del beb\u00e9, este juguete puede ayudar a los ni\u00f1os que deshaga del mal h\u00e1bito del beb\u00e9<\/span>.<\/li>\n<li>Anillos de madera son ideales para cualquier tipo de manualidades. Ligero y resistente para un largo uso.<\/li>\n<\/ul>\n<p><img decoding=\"async\" class=\"alignnone wp-image-35480\" src=\"https:\/\/www.rubydiy.com\/wp-content\/uploads\/2021\/06\/madera-haya-40mm-1-3-300x300.jpg\" alt=\"Anillas madera de haya para beb\u00e9\" width=\"360\" height=\"360\" \/> <img decoding=\"async\" class=\"alignnone wp-image-35486\" src=\"https:\/\/www.rubydiy.com\/wp-content\/uploads\/2021\/06\/madera-haya-40mm-2-2-300x300.jpg\" alt=\"Anillas madera de haya para beb\u00e9\" width=\"360\" height=\"360\" \/><\/p>\n<h3><strong>Anillas madera de haya para DIY<\/strong><\/h3>\n<p><strong>Especificaci\u00f3n<\/strong><\/p>\n<ul>\n<li>Dos medidas disponibles:, 40mm, 54mm<\/li>\n<li>Compruebe el estado de las anillas a menudo. No meter en el microondas.<\/li>\n<li>El color puede variar levemente debido a su la configuraci\u00f3n de la pantalla.<\/li>\n<li>Pr\u00e1ctico para aliviar el dolor de la dentici\u00f3n de su beb\u00e9 cuando le est\u00e1 saliendo los dientes.<\/li>\n<li>El Comprador asume toda la responsabilidad respecto al uso del producto.<\/li>\n<li>Si alg\u00fan da\u00f1o o p\u00e9rdida es causado por la negligencia del comprador, el vendedor no ser\u00e1 responsable.<\/li>\n<\/ul>\n<p><strong>Amplia aplicaci\u00f3n<\/strong><\/p>\n<ul>\n<li>Cuentas de madera natural dan un toque cl\u00e1sico a cualquiera de sus joyas hechas a mano.<\/li>\n<li>Puede utilizar estas cuentas sueltas de madera para hacer collares, pulseras, manualidades y otras manualidades de bricolaje.<\/li>\n<li>Tambi\u00e9n es bueno para la decoraci\u00f3n del hogar, decoraci\u00f3n de fiestas, etc.<\/li>\n<\/ul>\n<p><strong>Consejos<\/strong><\/p>\n<ul>\n<li>Si desea limpiar las cuentas de madera, l\u00edmpielas suavemente con una toalla h\u00fameda.<\/li>\n<li>\n<div class=\"okr-block-clipboard\" data-okr=\"%7B%22okrDelta%22%3A%5B%7B%22lineType%22%3A%22text%22%2C%22lineOptions%22%3A%7B%7D%2C%22lineContent%22%3A%5B%7B%22opType%22%3A%22text%22%2C%22options%22%3A%7B%22text%22%3A%22No%20sumerja%20ni%20remoje%20ning%C3%BAn%20art%C3%ADculos%20de%20madera%20en%20el%20agua.%20Tampoco%20los%20poner%20en%20la%20navera%20o%20la%20lavavajillas.%22%7D%7D%5D%7D%2C%7B%22lineType%22%3A%22text%22%2C%22lineOptions%22%3A%7B%7D%2C%22lineContent%22%3A%5B%7B%22opType%22%3A%22text%22%2C%22options%22%3A%7B%22text%22%3A%22Los%20art%C3%ADculos%20de%20madera%20est%C3%A1n%20hechos%20de%20madera%20natural%20y%2C%20por%20lo%20tanto%2C%20pueden%20ocurrir%20algunas%20variaciones%2C%20por%20lo%20que%20deben%20manipularse%20con%20cuidado%20para%20evitar%20da%C3%B1os.%22%7D%7D%5D%7D%5D%2C%22businessKey%22%3A%22lark-doc%22%7D\">No los lave directamente en el agua, lo que afectar\u00e1 el brillo original de la madera.<\/div>\n<\/li>\n<li>\n<div class=\"okr-block-clipboard\" data-okr=\"%7B%22okrDelta%22%3A%5B%7B%22lineType%22%3A%22text%22%2C%22lineOptions%22%3A%7B%7D%2C%22lineContent%22%3A%5B%7B%22opType%22%3A%22text%22%2C%22options%22%3A%7B%22text%22%3A%22Los%20art%C3%ADculos%20de%20madera%20est%C3%A1n%20hechos%20de%20madera%20natural%2C%20por%20lo%20que%20podr%C3%ADan%20ocurrir%20algunas%20variaciones%20y%20deben%20manipularse%20con%20cuidado%20para%20evitar%20da%C3%B1os.%22%7D%7D%5D%7D%5D%2C%22businessKey%22%3A%22lark-doc%22%7D\">No sumerja ni remoje ning\u00fan art\u00edculos de madera en el agua. Tampoco los poner en la nevera o la lavavajillas.<\/div>\n<\/li>\n<li>Los art\u00edculos de madera est\u00e1n hechos de madera natural, por lo que podr\u00edan ocurrir algunas variaciones y deben manipularse con cuidado para evitar da\u00f1os.<\/li>\n<\/ul>\n","protected":false},"excerpt":{"rendered":"<p><strong>Medidas: <\/strong>\u00d8 40 x 10 mm ancho<\/p>\n<p><strong>Material:<\/strong> Madera haya<\/p>\n<p><strong>Cantidad<\/strong>: 10 uds<\/p>\n<p>&nbsp;<\/p>\n<div id=\"gtx-trans\">\n<div class=\"gtx-trans-icon\"><\/div>\n<\/div>\n","protected":false},"featured_media":55383,"comment_status":"closed","ping_status":"closed","template":"","meta":[],"product_cat":[3712,3145],"product_tag":[],"yoast_head":"<!-- This site is optimized with the Yoast SEO Premium plugin v20.5 (Yoast SEO v21.5) - https:\/\/yoast.com\/wordpress\/plugins\/seo\/ -->\n<title>10 Aros de Madera de Haya \u00d840mm - Artestar<\/title>\n<meta name=\"description\" content=\"Aros de madera para manualidades, 10pcs. 10 Aros de Madera de Haya \u00d840mm. Cuentas de madera, anillas, aros de madera para hacer sonajeros y chupeteros.\" \/>\n<meta name=\"robots\" content=\"index, follow, max-snippet:-1, max-image-preview:large, max-video-preview:-1\" \/>\n<link rel=\"canonical\" href=\"https:\/\/www.artestar.eu\/de\/al-por-mayor\/10-aros-de-madera-de-haya-o40mm\/\" \/>\n<meta property=\"og:locale\" content=\"de_DE\" \/>\n<meta property=\"og:type\" content=\"article\" \/>\n<meta property=\"og:title\" content=\"10 Aros de Madera de Haya \u00d840mm\" \/>\n<meta property=\"og:description\" content=\"Aros de madera para manualidades, 10pcs. 10 Aros de Madera de Haya \u00d840mm. Cuentas de madera, anillas, aros de madera para hacer sonajeros y chupeteros.\" \/>\n<meta property=\"og:url\" content=\"https:\/\/www.artestar.eu\/de\/al-por-mayor\/10-aros-de-madera-de-haya-o40mm\/\" \/>\n<meta property=\"og:site_name\" content=\"Artestar\" \/>\n<meta property=\"article:publisher\" content=\"https:\/\/www.facebook.com\/ARTESTAREU\" \/>\n<meta property=\"article:modified_time\" content=\"2023-12-13T16:17:08+00:00\" \/>\n<meta property=\"og:image\" content=\"https:\/\/www.artestar.eu\/wp-content\/uploads\/2023\/12\/madera-haya-40mm-4.jpg\" \/>\n\t<meta property=\"og:image:width\" content=\"1000\" \/>\n\t<meta property=\"og:image:height\" content=\"1000\" \/>\n\t<meta property=\"og:image:type\" content=\"image\/jpeg\" \/>\n<meta name=\"twitter:card\" content=\"summary_large_image\" \/>\n<meta name=\"twitter:label1\" content=\"Preis\" \/>\n\t<meta name=\"twitter:data1\" content=\"7,65&nbsp;&euro; (Ohne MwSt)\" \/>\n\t<meta name=\"twitter:label2\" content=\"Availability\" \/>\n\t<meta name=\"twitter:data2\" content=\"Auf Lager\" \/>\n<script type=\"application\/ld+json\" class=\"yoast-schema-graph\">{\"@context\":\"https:\/\/schema.org\",\"@graph\":[{\"@type\":\"WebPage\",\"@id\":\"https:\/\/www.artestar.eu\/de\/al-por-mayor\/10-aros-de-madera-de-haya-o40mm\/\",\"url\":\"https:\/\/www.artestar.eu\/de\/al-por-mayor\/10-aros-de-madera-de-haya-o40mm\/\",\"name\":\"10 Aros de Madera de Haya \u00d840mm - Artestar\",\"isPartOf\":{\"@id\":\"https:\/\/www.artestar.eu\/de\/#website\"},\"datePublished\":\"2023-12-11T14:26:49+00:00\",\"dateModified\":\"2023-12-13T16:17:08+00:00\",\"description\":\"Aros de madera para manualidades, 10pcs. 10 Aros de Madera de Haya \u00d840mm. Cuentas de madera, anillas, aros de madera para hacer sonajeros y chupeteros.\",\"breadcrumb\":{\"@id\":\"https:\/\/www.artestar.eu\/de\/al-por-mayor\/10-aros-de-madera-de-haya-o40mm\/#breadcrumb\"},\"inLanguage\":\"de-DE\",\"potentialAction\":[{\"@type\":\"ReadAction\",\"target\":[\"https:\/\/www.artestar.eu\/de\/al-por-mayor\/10-aros-de-madera-de-haya-o40mm\/\"]}]},{\"@type\":\"BreadcrumbList\",\"@id\":\"https:\/\/www.artestar.eu\/de\/al-por-mayor\/10-aros-de-madera-de-haya-o40mm\/#breadcrumb\",\"itemListElement\":[{\"@type\":\"ListItem\",\"position\":1,\"name\":\"Artestar\",\"item\":\"https:\/\/www.artestar.eu\/de\/\"},{\"@type\":\"ListItem\",\"position\":2,\"name\":\"Gro\u00dfhandel\",\"item\":\"https:\/\/www.artestar.eu\/de\/grosshandel\/\"},{\"@type\":\"ListItem\",\"position\":3,\"name\":\"10 Aros de Madera de Haya \u00d840mm\"}]},{\"@type\":\"WebSite\",\"@id\":\"https:\/\/www.artestar.eu\/de\/#website\",\"url\":\"https:\/\/www.artestar.eu\/de\/\",\"name\":\"Artestar\",\"description\":\"Mayorista en abalorios y joyer\u00eda\",\"publisher\":{\"@id\":\"https:\/\/www.artestar.eu\/de\/#organization\"},\"alternateName\":\"Artestar-EU\",\"potentialAction\":[{\"@type\":\"SearchAction\",\"target\":{\"@type\":\"EntryPoint\",\"urlTemplate\":\"https:\/\/www.artestar.eu\/de\/?s={search_term_string}\"},\"query-input\":\"required name=search_term_string\"}],\"inLanguage\":\"de-DE\"},{\"@type\":[\"Organization\",\"Place\"],\"@id\":\"https:\/\/www.artestar.eu\/de\/#organization\",\"name\":\"RUBY ABALORIO S.L.\",\"alternateName\":\"Artestar\",\"url\":\"https:\/\/www.artestar.eu\/de\/\",\"logo\":{\"@id\":\"https:\/\/www.artestar.eu\/de\/al-por-mayor\/10-aros-de-madera-de-haya-o40mm\/#local-main-organization-logo\"},\"image\":{\"@id\":\"https:\/\/www.artestar.eu\/de\/al-por-mayor\/10-aros-de-madera-de-haya-o40mm\/#local-main-organization-logo\"},\"sameAs\":[\"https:\/\/www.facebook.com\/ARTESTAREU\",\"https:\/\/www.instagram.com\/artestareu\/\",\"https:\/\/www.pinterest.es\/artestar_eu\/\",\"https:\/\/www.tiktok.com\/@artestar_wholesale\"],\"openingHoursSpecification\":[{\"@type\":\"OpeningHoursSpecification\",\"dayOfWeek\":[\"Monday\",\"Tuesday\",\"Wednesday\",\"Thursday\",\"Friday\",\"Saturday\",\"Sunday\"],\"opens\":\"09:00\",\"closes\":\"17:00\"}]},{\"@type\":\"ImageObject\",\"inLanguage\":\"de-DE\",\"@id\":\"https:\/\/www.artestar.eu\/de\/al-por-mayor\/10-aros-de-madera-de-haya-o40mm\/#local-main-organization-logo\",\"url\":\"https:\/\/www.artestar.eu\/wp-content\/uploads\/2023\/05\/cropped-png.png\",\"contentUrl\":\"https:\/\/www.artestar.eu\/wp-content\/uploads\/2023\/05\/cropped-png.png\",\"width\":512,\"height\":512,\"caption\":\"RUBY ABALORIO S.L.\"}]}<\/script>\n<meta property=\"product:price:amount\" content=\"7.65\" \/>\n<meta property=\"product:price:currency\" content=\"EUR\" \/>\n<meta property=\"og:availability\" content=\"instock\" \/>\n<meta property=\"product:availability\" content=\"instock\" \/>\n<meta property=\"product:retailer_item_id\" content=\"CP0232\" \/>\n<meta property=\"product:condition\" content=\"new\" \/>\n<!-- \/ Yoast SEO Premium plugin. -->","yoast_head_json":{"title":"10 Aros de Madera de Haya \u00d840mm - Artestar","description":"Aros de madera para manualidades, 10pcs. 10 Aros de Madera de Haya \u00d840mm. Cuentas de madera, anillas, aros de madera para hacer sonajeros y chupeteros.","robots":{"index":"index","follow":"follow","max-snippet":"max-snippet:-1","max-image-preview":"max-image-preview:large","max-video-preview":"max-video-preview:-1"},"canonical":"https:\/\/www.artestar.eu\/de\/al-por-mayor\/10-aros-de-madera-de-haya-o40mm\/","og_locale":"de_DE","og_type":"article","og_title":"10 Aros de Madera de Haya \u00d840mm","og_description":"Aros de madera para manualidades, 10pcs. 10 Aros de Madera de Haya \u00d840mm. Cuentas de madera, anillas, aros de madera para hacer sonajeros y chupeteros.","og_url":"https:\/\/www.artestar.eu\/de\/al-por-mayor\/10-aros-de-madera-de-haya-o40mm\/","og_site_name":"Artestar","article_publisher":"https:\/\/www.facebook.com\/ARTESTAREU","article_modified_time":"2023-12-13T16:17:08+00:00","og_image":[{"width":1000,"height":1000,"url":"https:\/\/www.artestar.eu\/wp-content\/uploads\/2023\/12\/madera-haya-40mm-4.jpg","type":"image\/jpeg"}],"twitter_card":"summary_large_image","twitter_misc":{"Preis":"7,65&nbsp;&euro; (Ohne MwSt)","Availability":"Auf Lager"},"schema":{"@context":"https:\/\/schema.org","@graph":[{"@type":"WebPage","@id":"https:\/\/www.artestar.eu\/de\/al-por-mayor\/10-aros-de-madera-de-haya-o40mm\/","url":"https:\/\/www.artestar.eu\/de\/al-por-mayor\/10-aros-de-madera-de-haya-o40mm\/","name":"10 Aros de Madera de Haya \u00d840mm - Artestar","isPartOf":{"@id":"https:\/\/www.artestar.eu\/de\/#website"},"datePublished":"2023-12-11T14:26:49+00:00","dateModified":"2023-12-13T16:17:08+00:00","description":"Aros de madera para manualidades, 10pcs. 10 Aros de Madera de Haya \u00d840mm. Cuentas de madera, anillas, aros de madera para hacer sonajeros y chupeteros.","breadcrumb":{"@id":"https:\/\/www.artestar.eu\/de\/al-por-mayor\/10-aros-de-madera-de-haya-o40mm\/#breadcrumb"},"inLanguage":"de-DE","potentialAction":[{"@type":"ReadAction","target":["https:\/\/www.artestar.eu\/de\/al-por-mayor\/10-aros-de-madera-de-haya-o40mm\/"]}]},{"@type":"BreadcrumbList","@id":"https:\/\/www.artestar.eu\/de\/al-por-mayor\/10-aros-de-madera-de-haya-o40mm\/#breadcrumb","itemListElement":[{"@type":"ListItem","position":1,"name":"Artestar","item":"https:\/\/www.artestar.eu\/de\/"},{"@type":"ListItem","position":2,"name":"Gro\u00dfhandel","item":"https:\/\/www.artestar.eu\/de\/grosshandel\/"},{"@type":"ListItem","position":3,"name":"10 Aros de Madera de Haya \u00d840mm"}]},{"@type":"WebSite","@id":"https:\/\/www.artestar.eu\/de\/#website","url":"https:\/\/www.artestar.eu\/de\/","name":"Artestar","description":"Mayorista en abalorios y joyer\u00eda","publisher":{"@id":"https:\/\/www.artestar.eu\/de\/#organization"},"alternateName":"Artestar-EU","potentialAction":[{"@type":"SearchAction","target":{"@type":"EntryPoint","urlTemplate":"https:\/\/www.artestar.eu\/de\/?s={search_term_string}"},"query-input":"required name=search_term_string"}],"inLanguage":"de-DE"},{"@type":["Organization","Place"],"@id":"https:\/\/www.artestar.eu\/de\/#organization","name":"RUBY ABALORIO S.L.","alternateName":"Artestar","url":"https:\/\/www.artestar.eu\/de\/","logo":{"@id":"https:\/\/www.artestar.eu\/de\/al-por-mayor\/10-aros-de-madera-de-haya-o40mm\/#local-main-organization-logo"},"image":{"@id":"https:\/\/www.artestar.eu\/de\/al-por-mayor\/10-aros-de-madera-de-haya-o40mm\/#local-main-organization-logo"},"sameAs":["https:\/\/www.facebook.com\/ARTESTAREU","https:\/\/www.instagram.com\/artestareu\/","https:\/\/www.pinterest.es\/artestar_eu\/","https:\/\/www.tiktok.com\/@artestar_wholesale"],"openingHoursSpecification":[{"@type":"OpeningHoursSpecification","dayOfWeek":["Monday","Tuesday","Wednesday","Thursday","Friday","Saturday","Sunday"],"opens":"09:00","closes":"17:00"}]},{"@type":"ImageObject","inLanguage":"de-DE","@id":"https:\/\/www.artestar.eu\/de\/al-por-mayor\/10-aros-de-madera-de-haya-o40mm\/#local-main-organization-logo","url":"https:\/\/www.artestar.eu\/wp-content\/uploads\/2023\/05\/cropped-png.png","contentUrl":"https:\/\/www.artestar.eu\/wp-content\/uploads\/2023\/05\/cropped-png.png","width":512,"height":512,"caption":"RUBY ABALORIO S.L."}]},"product_price_amount":"7.65","product_price_currency":"EUR","og_availability":"instock","product_availability":"instock","product_retailer_item_id":"CP0232","product_condition":"new"},"tiered_pricing_type":"fixed","tiered_pricing_fixed_rules":[],"tiered_pricing_percentage_rules":[],"tiered_pricing_minimum":null,"_administrator_tiered_pricing_type":"fixed","_administrator_tiered_pricing_fixed_rules":[],"_editor_tiered_pricing_type":"fixed","_editor_tiered_pricing_fixed_rules":[],"_author_tiered_pricing_type":"fixed","_author_tiered_pricing_fixed_rules":[],"_contributor_tiered_pricing_type":"fixed","_contributor_tiered_pricing_fixed_rules":[],"_subscriber_tiered_pricing_type":"fixed","_subscriber_tiered_pricing_fixed_rules":[],"_wpseo_manager_tiered_pricing_type":"fixed","_wpseo_manager_tiered_pricing_fixed_rules":[],"_wpseo_editor_tiered_pricing_type":"fixed","_wpseo_editor_tiered_pricing_fixed_rules":[],"_customer_tiered_pricing_type":"fixed","_customer_tiered_pricing_fixed_rules":[],"_shop_manager_tiered_pricing_type":"fixed","_shop_manager_tiered_pricing_fixed_rules":[],"_product_manager_tiered_pricing_type":"fixed","_product_manager_tiered_pricing_fixed_rules":[],"_links":{"self":[{"href":"https:\/\/www.artestar.eu\/de\/wp-json\/wp\/v2\/product\/55225"}],"collection":[{"href":"https:\/\/www.artestar.eu\/de\/wp-json\/wp\/v2\/product"}],"about":[{"href":"https:\/\/www.artestar.eu\/de\/wp-json\/wp\/v2\/types\/product"}],"replies":[{"embeddable":true,"href":"https:\/\/www.artestar.eu\/de\/wp-json\/wp\/v2\/comments?post=55225"}],"version-history":[{"count":3,"href":"https:\/\/www.artestar.eu\/de\/wp-json\/wp\/v2\/product\/55225\/revisions"}],"predecessor-version":[{"id":57723,"href":"https:\/\/www.artestar.eu\/de\/wp-json\/wp\/v2\/product\/55225\/revisions\/57723"}],"wp:featuredmedia":[{"embeddable":true,"href":"https:\/\/www.artestar.eu\/de\/wp-json\/wp\/v2\/media\/55383"}],"wp:attachment":[{"href":"https:\/\/www.artestar.eu\/de\/wp-json\/wp\/v2\/media?parent=55225"}],"wp:term":[{"taxonomy":"product_cat","embeddable":true,"href":"https:\/\/www.artestar.eu\/de\/wp-json\/wp\/v2\/product_cat?post=55225"},{"taxonomy":"product_tag","embeddable":true,"href":"https:\/\/www.artestar.eu\/de\/wp-json\/wp\/v2\/product_tag?post=55225"}],"curies":[{"name":"wp","href":"https:\/\/api.w.org\/{rel}","templated":true}]}}