{"id":56053,"date":"2023-12-11T14:32:46","date_gmt":"2023-12-11T14:32:46","guid":{"rendered":"https:\/\/www.artestar.eu\/?post_type=product&#038;p=56053"},"modified":"2023-12-14T11:36:09","modified_gmt":"2023-12-14T11:36:09","slug":"10-manoplas-denticion-silicona","status":"publish","type":"product","link":"https:\/\/www.artestar.eu\/de\/al-por-mayor\/10-manoplas-denticion-silicona\/","title":{"rendered":"10 Manoplas Dentici\u00f3n Silicona"},"content":{"rendered":"<h3><strong>Manoplas Dentici\u00f3n Silicona, Guantes mordedor para beb\u00e9s<\/strong><\/h3>\n<p><span class=\"a-list-item\">Manoplas Dentici\u00f3n Silicona de encia son 100% Silicona Org\u00e1nica Anti Bacterias de grado alimentario libre de BPA, PVC, Ftalatos, Cadmio y Plomo, aprobada por la FDA. Tela 100% Algod\u00f3n transpirable muy agradable al tacto.<\/span><\/p>\n<ul class=\"a-unordered-list a-vertical a-spacing-none\">\n<li><span class=\"a-list-item\">Cantidad: 10 manopla mordedor<\/span><\/li>\n<li>Varios colores: se ofrecen 4 colores para su selecci\u00f3n, el guante calmador de encias es ideal para beb\u00e9, los diferentes colores pueden estimular los sentidos visionarios y cognitivos en su desarrollo temprano, elija su guante de dentici\u00f3n favorito para regalar a su beb\u00e9. Ser\u00e1 un gran regalo para su amada familia y amigos.<\/li>\n<li><span class=\"a-list-item\">Adem\u00e1s de aliviar las molestias de ocasionadas en la etapa de crecimiento de los dientes del bebe con punta de silicona, mordedor de rasca encias perfecto para que el beb\u00e9 mastique. <\/span><\/li>\n<li><span class=\"a-list-item\">Los guantes para la dentici\u00f3n pueden evitar que su beb\u00e9 se muerda los dedos, las babas ya no da\u00f1ar\u00e1n su piel suave y sus u\u00f1as. Use la herramienta correcta para aliviar el dolor del crecimiento de los dientes para ayudar a su beb\u00e9 a desarrollar buenos dientes, de lo contrario, otras herramientas no profesionales pueden da\u00f1ar las enc\u00edas y la cresta alveolar del beb\u00e9.<\/span><\/li>\n<li><span class=\"a-list-item\">Unas de las capas del interior de la manopla contiene una membrana de sonido, que al juguetear con el guante, emite un sonido llamando la atenci\u00f3n del bebe que estimula y ayuda al desarrollo temprano de sus sentidos.\u00a0<\/span><\/li>\n<li>El manoplas mordedor bebe es suave y duradera, la superficie lisa de silicona evita que su beb\u00e9 se lastime cuando la mastica<\/li>\n<\/ul>\n<p><img decoding=\"async\" class=\"alignleft wp-image-52131\" src=\"https:\/\/www.rubydiy.com\/wp-content\/uploads\/2022\/03\/4-300x300.jpg\" alt=\"Manoplas Dentici\u00f3n Silicona\" width=\"320\" height=\"320\" \/><img decoding=\"async\" class=\"alignnone wp-image-52125\" src=\"https:\/\/www.rubydiy.com\/wp-content\/uploads\/2022\/03\/2-300x300.jpg\" alt=\"Manoplas Dentici\u00f3n Silicona\" width=\"320\" height=\"320\" \/><\/p>\n<p>&nbsp;<\/p>\n<p><strong>ADVERTENCIA<\/strong><\/p>\n<p>Se recomienda esterilizar o limpiar con agua tibia y jab\u00f3n neutro antes de dar al beb\u00e9 y mantener limpio el producto antes de su uso.<\/p>\n<p>De f\u00e1cil limpieza, <strong>NO USAR PRODUCTOS ABRASIVOS NI T\u00d3XICOS.<\/strong><\/p>\n<p>&nbsp;<\/p>\n<h2><strong>Manoplas Dentici\u00f3n Silicona<\/strong><\/h2>\n<p><strong>Especificaci\u00f3n<\/strong><\/p>\n<ul>\n<li>Pr\u00e1ctico para aliviar el dolor de la dentici\u00f3n de su beb\u00e9 cuando le est\u00e1 saliendo los dientes.<\/li>\n<li>Debe limpiarlo despu\u00e9s de cada uso y dejarlo secar al aire libre.<\/li>\n<li>Comprueba el estado de las piezas a menudo. No meter en el microondas.<\/li>\n<li>Los colores de la imagen solo son orientativos, tambi\u00e9n puede variar levemente debido a su la configuraci\u00f3n de la pantalla.<\/li>\n<li>El Comprador asume toda la responsabilidad respecto al uso del producto.<\/li>\n<li>Si alg\u00fan da\u00f1o o p\u00e9rdida es causado por la negligencia del comprador, el vendedor no ser\u00e1 responsable.<\/li>\n<\/ul>\n","protected":false},"excerpt":{"rendered":"<p><strong>Manoplas Dentici\u00f3n Silicona<\/strong><\/p>\n<p><strong>Medidas:<\/strong> 10cm x 7cm x 2cm<\/p>\n<p>Cantidad: \u00a010 uds<\/p>\n<p><strong>Material:<\/strong> Silicona Alimenticia, Algod\u00f3n<\/p>\n","protected":false},"featured_media":56156,"comment_status":"closed","ping_status":"closed","template":"","meta":[],"product_cat":[3712,3145],"product_tag":[],"yoast_head":"<!-- This site is optimized with the Yoast SEO Premium plugin v20.5 (Yoast SEO v21.5) - https:\/\/yoast.com\/wordpress\/plugins\/seo\/ -->\n<title>10 Manoplas Dentici\u00f3n Silicona - Artestar<\/title>\n<meta name=\"description\" content=\"Manoplas dentici\u00f3n de silicona lactancia sin BPA ni aprobada por la FDA. Guantes de mordedor para bebe de silicona, Mordedor de dentici\u00f3n\" \/>\n<meta name=\"robots\" content=\"index, follow, max-snippet:-1, max-image-preview:large, max-video-preview:-1\" \/>\n<link rel=\"canonical\" href=\"https:\/\/www.artestar.eu\/de\/al-por-mayor\/10-manoplas-denticion-silicona\/\" \/>\n<meta property=\"og:locale\" content=\"de_DE\" \/>\n<meta property=\"og:type\" content=\"article\" \/>\n<meta property=\"og:title\" content=\"10 Manoplas Dentici\u00f3n Silicona\" \/>\n<meta property=\"og:description\" content=\"Manoplas dentici\u00f3n de silicona lactancia sin BPA ni aprobada por la FDA. Guantes de mordedor para bebe de silicona, Mordedor de dentici\u00f3n\" \/>\n<meta property=\"og:url\" content=\"https:\/\/www.artestar.eu\/de\/al-por-mayor\/10-manoplas-denticion-silicona\/\" \/>\n<meta property=\"og:site_name\" content=\"Artestar\" \/>\n<meta property=\"article:publisher\" content=\"https:\/\/www.facebook.com\/ARTESTAREU\" \/>\n<meta property=\"article:modified_time\" content=\"2023-12-14T11:36:09+00:00\" \/>\n<meta property=\"og:image\" content=\"https:\/\/www.artestar.eu\/wp-content\/uploads\/2023\/12\/Manoplas-denticion.jpg\" \/>\n\t<meta property=\"og:image:width\" content=\"600\" \/>\n\t<meta property=\"og:image:height\" content=\"600\" \/>\n\t<meta property=\"og:image:type\" content=\"image\/jpeg\" \/>\n<meta name=\"twitter:card\" content=\"summary_large_image\" \/>\n<meta name=\"twitter:label1\" content=\"Availability\" \/>\n\t<meta name=\"twitter:data1\" content=\"Auf Lager\" \/>\n<script type=\"application\/ld+json\" class=\"yoast-schema-graph\">{\"@context\":\"https:\/\/schema.org\",\"@graph\":[{\"@type\":\"WebPage\",\"@id\":\"https:\/\/www.artestar.eu\/de\/al-por-mayor\/10-manoplas-denticion-silicona\/\",\"url\":\"https:\/\/www.artestar.eu\/de\/al-por-mayor\/10-manoplas-denticion-silicona\/\",\"name\":\"10 Manoplas Dentici\u00f3n Silicona - Artestar\",\"isPartOf\":{\"@id\":\"https:\/\/www.artestar.eu\/de\/#website\"},\"datePublished\":\"2023-12-11T14:32:46+00:00\",\"dateModified\":\"2023-12-14T11:36:09+00:00\",\"description\":\"Manoplas dentici\u00f3n de silicona lactancia sin BPA ni aprobada por la FDA. Guantes de mordedor para bebe de silicona, Mordedor de dentici\u00f3n\",\"breadcrumb\":{\"@id\":\"https:\/\/www.artestar.eu\/de\/al-por-mayor\/10-manoplas-denticion-silicona\/#breadcrumb\"},\"inLanguage\":\"de-DE\",\"potentialAction\":[{\"@type\":\"ReadAction\",\"target\":[\"https:\/\/www.artestar.eu\/de\/al-por-mayor\/10-manoplas-denticion-silicona\/\"]}]},{\"@type\":\"BreadcrumbList\",\"@id\":\"https:\/\/www.artestar.eu\/de\/al-por-mayor\/10-manoplas-denticion-silicona\/#breadcrumb\",\"itemListElement\":[{\"@type\":\"ListItem\",\"position\":1,\"name\":\"Artestar\",\"item\":\"https:\/\/www.artestar.eu\/de\/\"},{\"@type\":\"ListItem\",\"position\":2,\"name\":\"Gro\u00dfhandel\",\"item\":\"https:\/\/www.artestar.eu\/de\/grosshandel\/\"},{\"@type\":\"ListItem\",\"position\":3,\"name\":\"10 Manoplas Dentici\u00f3n Silicona\"}]},{\"@type\":\"WebSite\",\"@id\":\"https:\/\/www.artestar.eu\/de\/#website\",\"url\":\"https:\/\/www.artestar.eu\/de\/\",\"name\":\"Artestar\",\"description\":\"Mayorista en abalorios y joyer\u00eda\",\"publisher\":{\"@id\":\"https:\/\/www.artestar.eu\/de\/#organization\"},\"alternateName\":\"Artestar-EU\",\"potentialAction\":[{\"@type\":\"SearchAction\",\"target\":{\"@type\":\"EntryPoint\",\"urlTemplate\":\"https:\/\/www.artestar.eu\/de\/?s={search_term_string}\"},\"query-input\":\"required name=search_term_string\"}],\"inLanguage\":\"de-DE\"},{\"@type\":[\"Organization\",\"Place\"],\"@id\":\"https:\/\/www.artestar.eu\/de\/#organization\",\"name\":\"RUBY ABALORIO S.L.\",\"alternateName\":\"Artestar\",\"url\":\"https:\/\/www.artestar.eu\/de\/\",\"logo\":{\"@id\":\"https:\/\/www.artestar.eu\/de\/al-por-mayor\/10-manoplas-denticion-silicona\/#local-main-organization-logo\"},\"image\":{\"@id\":\"https:\/\/www.artestar.eu\/de\/al-por-mayor\/10-manoplas-denticion-silicona\/#local-main-organization-logo\"},\"sameAs\":[\"https:\/\/www.facebook.com\/ARTESTAREU\",\"https:\/\/www.instagram.com\/artestareu\/\",\"https:\/\/www.pinterest.es\/artestar_eu\/\",\"https:\/\/www.tiktok.com\/@artestar_wholesale\"],\"openingHoursSpecification\":[{\"@type\":\"OpeningHoursSpecification\",\"dayOfWeek\":[\"Monday\",\"Tuesday\",\"Wednesday\",\"Thursday\",\"Friday\",\"Saturday\",\"Sunday\"],\"opens\":\"09:00\",\"closes\":\"17:00\"}]},{\"@type\":\"ImageObject\",\"inLanguage\":\"de-DE\",\"@id\":\"https:\/\/www.artestar.eu\/de\/al-por-mayor\/10-manoplas-denticion-silicona\/#local-main-organization-logo\",\"url\":\"https:\/\/www.artestar.eu\/wp-content\/uploads\/2023\/05\/cropped-png.png\",\"contentUrl\":\"https:\/\/www.artestar.eu\/wp-content\/uploads\/2023\/05\/cropped-png.png\",\"width\":512,\"height\":512,\"caption\":\"RUBY ABALORIO S.L.\"}]}<\/script>\n<meta property=\"og:availability\" content=\"instock\" \/>\n<meta property=\"product:availability\" content=\"instock\" \/>\n<meta property=\"product:retailer_item_id\" content=\"MANOPLA\" \/>\n<meta property=\"product:condition\" content=\"new\" \/>\n<!-- \/ Yoast SEO Premium plugin. -->","yoast_head_json":{"title":"10 Manoplas Dentici\u00f3n Silicona - Artestar","description":"Manoplas dentici\u00f3n de silicona lactancia sin BPA ni aprobada por la FDA. Guantes de mordedor para bebe de silicona, Mordedor de dentici\u00f3n","robots":{"index":"index","follow":"follow","max-snippet":"max-snippet:-1","max-image-preview":"max-image-preview:large","max-video-preview":"max-video-preview:-1"},"canonical":"https:\/\/www.artestar.eu\/de\/al-por-mayor\/10-manoplas-denticion-silicona\/","og_locale":"de_DE","og_type":"article","og_title":"10 Manoplas Dentici\u00f3n Silicona","og_description":"Manoplas dentici\u00f3n de silicona lactancia sin BPA ni aprobada por la FDA. Guantes de mordedor para bebe de silicona, Mordedor de dentici\u00f3n","og_url":"https:\/\/www.artestar.eu\/de\/al-por-mayor\/10-manoplas-denticion-silicona\/","og_site_name":"Artestar","article_publisher":"https:\/\/www.facebook.com\/ARTESTAREU","article_modified_time":"2023-12-14T11:36:09+00:00","og_image":[{"width":600,"height":600,"url":"https:\/\/www.artestar.eu\/wp-content\/uploads\/2023\/12\/Manoplas-denticion.jpg","type":"image\/jpeg"}],"twitter_card":"summary_large_image","twitter_misc":{"Availability":"Auf Lager"},"schema":{"@context":"https:\/\/schema.org","@graph":[{"@type":"WebPage","@id":"https:\/\/www.artestar.eu\/de\/al-por-mayor\/10-manoplas-denticion-silicona\/","url":"https:\/\/www.artestar.eu\/de\/al-por-mayor\/10-manoplas-denticion-silicona\/","name":"10 Manoplas Dentici\u00f3n Silicona - Artestar","isPartOf":{"@id":"https:\/\/www.artestar.eu\/de\/#website"},"datePublished":"2023-12-11T14:32:46+00:00","dateModified":"2023-12-14T11:36:09+00:00","description":"Manoplas dentici\u00f3n de silicona lactancia sin BPA ni aprobada por la FDA. Guantes de mordedor para bebe de silicona, Mordedor de dentici\u00f3n","breadcrumb":{"@id":"https:\/\/www.artestar.eu\/de\/al-por-mayor\/10-manoplas-denticion-silicona\/#breadcrumb"},"inLanguage":"de-DE","potentialAction":[{"@type":"ReadAction","target":["https:\/\/www.artestar.eu\/de\/al-por-mayor\/10-manoplas-denticion-silicona\/"]}]},{"@type":"BreadcrumbList","@id":"https:\/\/www.artestar.eu\/de\/al-por-mayor\/10-manoplas-denticion-silicona\/#breadcrumb","itemListElement":[{"@type":"ListItem","position":1,"name":"Artestar","item":"https:\/\/www.artestar.eu\/de\/"},{"@type":"ListItem","position":2,"name":"Gro\u00dfhandel","item":"https:\/\/www.artestar.eu\/de\/grosshandel\/"},{"@type":"ListItem","position":3,"name":"10 Manoplas Dentici\u00f3n Silicona"}]},{"@type":"WebSite","@id":"https:\/\/www.artestar.eu\/de\/#website","url":"https:\/\/www.artestar.eu\/de\/","name":"Artestar","description":"Mayorista en abalorios y joyer\u00eda","publisher":{"@id":"https:\/\/www.artestar.eu\/de\/#organization"},"alternateName":"Artestar-EU","potentialAction":[{"@type":"SearchAction","target":{"@type":"EntryPoint","urlTemplate":"https:\/\/www.artestar.eu\/de\/?s={search_term_string}"},"query-input":"required name=search_term_string"}],"inLanguage":"de-DE"},{"@type":["Organization","Place"],"@id":"https:\/\/www.artestar.eu\/de\/#organization","name":"RUBY ABALORIO S.L.","alternateName":"Artestar","url":"https:\/\/www.artestar.eu\/de\/","logo":{"@id":"https:\/\/www.artestar.eu\/de\/al-por-mayor\/10-manoplas-denticion-silicona\/#local-main-organization-logo"},"image":{"@id":"https:\/\/www.artestar.eu\/de\/al-por-mayor\/10-manoplas-denticion-silicona\/#local-main-organization-logo"},"sameAs":["https:\/\/www.facebook.com\/ARTESTAREU","https:\/\/www.instagram.com\/artestareu\/","https:\/\/www.pinterest.es\/artestar_eu\/","https:\/\/www.tiktok.com\/@artestar_wholesale"],"openingHoursSpecification":[{"@type":"OpeningHoursSpecification","dayOfWeek":["Monday","Tuesday","Wednesday","Thursday","Friday","Saturday","Sunday"],"opens":"09:00","closes":"17:00"}]},{"@type":"ImageObject","inLanguage":"de-DE","@id":"https:\/\/www.artestar.eu\/de\/al-por-mayor\/10-manoplas-denticion-silicona\/#local-main-organization-logo","url":"https:\/\/www.artestar.eu\/wp-content\/uploads\/2023\/05\/cropped-png.png","contentUrl":"https:\/\/www.artestar.eu\/wp-content\/uploads\/2023\/05\/cropped-png.png","width":512,"height":512,"caption":"RUBY ABALORIO S.L."}]},"og_availability":"instock","product_availability":"instock","product_retailer_item_id":"MANOPLA","product_condition":"new"},"tiered_pricing_type":"fixed","tiered_pricing_fixed_rules":[],"tiered_pricing_percentage_rules":[],"tiered_pricing_minimum":null,"_administrator_tiered_pricing_type":"fixed","_administrator_tiered_pricing_fixed_rules":[],"_editor_tiered_pricing_type":"fixed","_editor_tiered_pricing_fixed_rules":[],"_author_tiered_pricing_type":"fixed","_author_tiered_pricing_fixed_rules":[],"_contributor_tiered_pricing_type":"fixed","_contributor_tiered_pricing_fixed_rules":[],"_subscriber_tiered_pricing_type":"fixed","_subscriber_tiered_pricing_fixed_rules":[],"_wpseo_manager_tiered_pricing_type":"fixed","_wpseo_manager_tiered_pricing_fixed_rules":[],"_wpseo_editor_tiered_pricing_type":"fixed","_wpseo_editor_tiered_pricing_fixed_rules":[],"_customer_tiered_pricing_type":"fixed","_customer_tiered_pricing_fixed_rules":[],"_shop_manager_tiered_pricing_type":"fixed","_shop_manager_tiered_pricing_fixed_rules":[],"_product_manager_tiered_pricing_type":"fixed","_product_manager_tiered_pricing_fixed_rules":[],"_links":{"self":[{"href":"https:\/\/www.artestar.eu\/de\/wp-json\/wp\/v2\/product\/56053"}],"collection":[{"href":"https:\/\/www.artestar.eu\/de\/wp-json\/wp\/v2\/product"}],"about":[{"href":"https:\/\/www.artestar.eu\/de\/wp-json\/wp\/v2\/types\/product"}],"replies":[{"embeddable":true,"href":"https:\/\/www.artestar.eu\/de\/wp-json\/wp\/v2\/comments?post=56053"}],"version-history":[{"count":3,"href":"https:\/\/www.artestar.eu\/de\/wp-json\/wp\/v2\/product\/56053\/revisions"}],"predecessor-version":[{"id":57788,"href":"https:\/\/www.artestar.eu\/de\/wp-json\/wp\/v2\/product\/56053\/revisions\/57788"}],"wp:featuredmedia":[{"embeddable":true,"href":"https:\/\/www.artestar.eu\/de\/wp-json\/wp\/v2\/media\/56156"}],"wp:attachment":[{"href":"https:\/\/www.artestar.eu\/de\/wp-json\/wp\/v2\/media?parent=56053"}],"wp:term":[{"taxonomy":"product_cat","embeddable":true,"href":"https:\/\/www.artestar.eu\/de\/wp-json\/wp\/v2\/product_cat?post=56053"},{"taxonomy":"product_tag","embeddable":true,"href":"https:\/\/www.artestar.eu\/de\/wp-json\/wp\/v2\/product_tag?post=56053"}],"curies":[{"name":"wp","href":"https:\/\/api.w.org\/{rel}","templated":true}]}}