{"id":56121,"date":"2023-12-11T14:33:15","date_gmt":"2023-12-11T14:33:15","guid":{"rendered":"https:\/\/www.artestar.eu\/?post_type=product&#038;p=56121"},"modified":"2023-12-14T08:07:05","modified_gmt":"2023-12-14T08:07:05","slug":"mordedor-galleta","status":"publish","type":"product","link":"https:\/\/www.artestar.eu\/de\/al-por-mayor\/mordedor-galleta\/","title":{"rendered":"Mordedor Galleta"},"content":{"rendered":"<h3><strong>Mordedor Galleta<\/strong>\u00a0<strong>de Silicona para beb\u00e9s<\/strong><\/h3>\n<p>Figuras de silicona para mordedor de beb\u00e9 y para crear collares, pulseras, cadena de chupetes, sonajeros o decoraciones. Fabricado con silicona alimentaria, libre de BPA, PVC, Ftalatos, Cadmio y Plomo. 100% seguros para tus seres queridos.<\/p>\n<ul>\n<li><strong>Medidas:\u00a0 <\/strong>52mm x 12mm<\/li>\n<li><strong>Medida Interior:<\/strong> 5 mm<\/li>\n<li><strong>Cantidad:\u00a0<\/strong>10\u00a0 unid.<\/li>\n<li>La colgante lactancia alivia la incomodidad de la dentici\u00f3n, mordedor de lactancia perfecto para que el beb\u00e9 mastique, un regalo inolvidable.<\/li>\n<li>El mordedor Galleta es ideal para beb\u00e9, los diferentes colores pueden estimular los sentidos visionarios y cognitivos en su desarrollo temprano. El orificio interior ofrece espacio para hacer un collar, tambi\u00e9n puedes conectar este juguete dentici\u00f3n mordedor de bebe con Chupeteros, que es de f\u00e1cil acceso y evita que se pierda.<\/li>\n<li><span style=\"vertical-align: inherit;\">El mordedor de silicona es suave y duradero, lo que es ideal para aliviar el estr\u00e9s. El dise\u00f1o de textura especial tambi\u00e9n puede desarrollar el sentido del tacto y la percepci\u00f3n del beb\u00e9.<\/span><\/li>\n<li>Sin olores ni toxinas. Con los certificados de calidad.<\/li>\n<li>Los materiales del lactancia mordedor son 100% Silicona Org\u00e1nica Anti Bacterias de grado alimentario libre de BPA, PVC, Ftalatos, Cadmio y Plomo..<\/li>\n<\/ul>\n<p>&nbsp;<\/p>\n<p><img decoding=\"async\" src=\"https:\/\/www.rubyabalorios.com\/img\/cms\/logo2%5B1%5D.png\" alt=\"logo international test center\" width=\"321\" height=\"76\" \/>\u00a0\u00a0 \u00a0 \u00a0 \u00a0 \u00a0 \u00a0 \u00a0 \u00a0 \u00a0 \u00a0 \u00a0 \u00a0\u00a0\u00a0<img decoding=\"async\" src=\"https:\/\/www.rubyabalorios.com\/img\/cms\/SELLOCTI1.jpg\" alt=\"\" width=\"79\" height=\"78\" \/><\/p>\n<p>&nbsp;<\/p>\n<p>Adem\u00e1s, masticar la collar dentici\u00f3n ayuda a distraer la atenci\u00f3n del beb\u00e9 de la ansiedad del crecimiento de los dientes, suaviza sus emociones y proporciona una soluci\u00f3n para los ara\u00f1azos.<\/p>\n<p>Lactancia collar para dentici\u00f3n es perfecto para el crecimiento de los dientes de su beb\u00e9, practica la fuerza de los m\u00fasculos de la mand\u00edbula y ayuda a que los dientes crezcan prolijamente.<\/p>\n<p>El precio de nuestro collar de lactancia para bebe es inmejorable en el mercado europeo, al mismo tiempo nuestro collar mordedor bebe ofrece gran calidad para garantizar la seguridad.<\/p>\n<p>&nbsp;<\/p>\n<p><strong>ADVERTENCIA<\/strong><\/p>\n<p>Se recomienda esterilizar o limpiar con agua tibia y jab\u00f3n neutro antes de dar al beb\u00e9 y mantener limpio el producto antes de su uso.<\/p>\n<p>De f\u00e1cil limpieza, <strong>NO USAR PRODUCTOS ABRASIVOS NI T\u00d3XICOS.<\/strong><\/p>\n<p><img decoding=\"async\" class=\"alignnone wp-image-56649 size-medium\" src=\"https:\/\/www.artestar.eu\/wp-content\/uploads\/2023\/12\/Mordedor-Yoyo-de-Silicona-6-300x300.jpg\" alt=\"\" width=\"300\" height=\"300\" srcset=\"https:\/\/www.artestar.eu\/wp-content\/uploads\/2023\/12\/Mordedor-Yoyo-de-Silicona-6-300x300.jpg 300w, https:\/\/www.artestar.eu\/wp-content\/uploads\/2023\/12\/Mordedor-Yoyo-de-Silicona-6-150x150.jpg 150w, https:\/\/www.artestar.eu\/wp-content\/uploads\/2023\/12\/Mordedor-Yoyo-de-Silicona-6-450x450.jpg 450w, https:\/\/www.artestar.eu\/wp-content\/uploads\/2023\/12\/Mordedor-Yoyo-de-Silicona-6-54x54.jpg 54w, https:\/\/www.artestar.eu\/wp-content\/uploads\/2023\/12\/Mordedor-Yoyo-de-Silicona-6.jpg 600w\" sizes=\"(max-width: 300px) 100vw, 300px\" \/><img decoding=\"async\" class=\"alignnone wp-image-56213 size-medium\" src=\"https:\/\/www.artestar.eu\/wp-content\/uploads\/2023\/12\/Mordedor-Yoyo-de-Silicona-2-1-300x300.jpg\" alt=\"\" width=\"300\" height=\"300\" srcset=\"https:\/\/www.artestar.eu\/wp-content\/uploads\/2023\/12\/Mordedor-Yoyo-de-Silicona-2-1-300x300.jpg 300w, https:\/\/www.artestar.eu\/wp-content\/uploads\/2023\/12\/Mordedor-Yoyo-de-Silicona-2-1-150x150.jpg 150w, https:\/\/www.artestar.eu\/wp-content\/uploads\/2023\/12\/Mordedor-Yoyo-de-Silicona-2-1-54x54.jpg 54w, https:\/\/www.artestar.eu\/wp-content\/uploads\/2023\/12\/Mordedor-Yoyo-de-Silicona-2-1.jpg 320w\" sizes=\"(max-width: 300px) 100vw, 300px\" \/><\/p>\n<p>&nbsp;<\/p>\n<h3><\/h3>\n<h3><\/h3>\n<h3><strong>Mordedor Galleta<\/strong>\u00a0<strong>de Silicona<\/strong><\/h3>\n<p><strong>Especificaci\u00f3n<\/strong><\/p>\n<ul>\n<li>Pr\u00e1ctico para aliviar el dolor de la dentici\u00f3n de su beb\u00e9 cuando le est\u00e1 saliendo los dientes.<\/li>\n<li>Debe limpiarlo despu\u00e9s de cada uso y dejarlo secar al aire libre.<\/li>\n<li>Comprueba el estado de las piezas a menudo. No meter en el microondas.<\/li>\n<li>Los colores de la imagen solo son orientativos, vienen aleatoriamente y no es posible elegir los colores. Tambi\u00e9n puede variar levemente debido a su la configuraci\u00f3n de la pantalla.<\/li>\n<li>El Comprador asume toda la responsabilidad respecto al uso del producto.<\/li>\n<li>Si alg\u00fan da\u00f1o o p\u00e9rdida es causado por la negligencia del comprador, el vendedor no ser\u00e1 responsable.<\/li>\n<\/ul>\n","protected":false},"excerpt":{"rendered":"<p><strong>Medidas:\u00a0<\/strong>52mm x 12mm<\/p>\n<p><strong>Medida Interior: <\/strong>\u00a05mm.<\/p>\n<p><strong>Cantidad:\u00a0<\/strong>10 unid.<\/p>\n<p><strong>Material:<\/strong>\u00a0Silicona.<\/p>\n","protected":false},"featured_media":56207,"comment_status":"closed","ping_status":"closed","template":"","meta":[],"product_cat":[3712,3145],"product_tag":[],"yoast_head":"<!-- This site is optimized with the Yoast SEO Premium plugin v20.5 (Yoast SEO v21.5) - https:\/\/yoast.com\/wordpress\/plugins\/seo\/ -->\n<title>Mordedor Galleta de Silicona para Beb\u00e9 - Artestar<\/title>\n<meta name=\"description\" content=\"Mordedor galleta para beb\u00e9, Silicona de dentici\u00f3n, Mordedor silicona grado alimenticio , Collar lactancia para dentici\u00f3n,Mordedor Galleta\" \/>\n<meta name=\"robots\" content=\"index, follow, max-snippet:-1, max-image-preview:large, max-video-preview:-1\" \/>\n<link rel=\"canonical\" href=\"https:\/\/www.artestar.eu\/de\/al-por-mayor\/mordedor-galleta\/\" \/>\n<meta property=\"og:locale\" content=\"de_DE\" \/>\n<meta property=\"og:type\" content=\"article\" \/>\n<meta property=\"og:title\" content=\"Mordedor Galleta\" \/>\n<meta property=\"og:description\" content=\"Mordedor galleta para beb\u00e9, Silicona de dentici\u00f3n, Mordedor silicona grado alimenticio , Collar lactancia para dentici\u00f3n,Mordedor Galleta\" \/>\n<meta property=\"og:url\" content=\"https:\/\/www.artestar.eu\/de\/al-por-mayor\/mordedor-galleta\/\" \/>\n<meta property=\"og:site_name\" content=\"Artestar\" \/>\n<meta property=\"article:publisher\" content=\"https:\/\/www.facebook.com\/ARTESTAREU\" \/>\n<meta property=\"article:modified_time\" content=\"2023-12-14T08:07:05+00:00\" \/>\n<meta property=\"og:image\" content=\"https:\/\/www.artestar.eu\/wp-content\/uploads\/2023\/12\/Mordedor-Yoyo-de-Silicona-1.jpg\" \/>\n\t<meta property=\"og:image:width\" content=\"600\" \/>\n\t<meta property=\"og:image:height\" content=\"600\" \/>\n\t<meta property=\"og:image:type\" content=\"image\/jpeg\" \/>\n<meta name=\"twitter:card\" content=\"summary_large_image\" \/>\n<meta name=\"twitter:label1\" content=\"Availability\" \/>\n\t<meta name=\"twitter:data1\" content=\"Auf Lager\" \/>\n<script type=\"application\/ld+json\" class=\"yoast-schema-graph\">{\"@context\":\"https:\/\/schema.org\",\"@graph\":[{\"@type\":\"WebPage\",\"@id\":\"https:\/\/www.artestar.eu\/de\/al-por-mayor\/mordedor-galleta\/\",\"url\":\"https:\/\/www.artestar.eu\/de\/al-por-mayor\/mordedor-galleta\/\",\"name\":\"Mordedor Galleta de Silicona para Beb\u00e9 - Artestar\",\"isPartOf\":{\"@id\":\"https:\/\/www.artestar.eu\/de\/#website\"},\"datePublished\":\"2023-12-11T14:33:15+00:00\",\"dateModified\":\"2023-12-14T08:07:05+00:00\",\"description\":\"Mordedor galleta para beb\u00e9, Silicona de dentici\u00f3n, Mordedor silicona grado alimenticio , Collar lactancia para dentici\u00f3n,Mordedor Galleta\",\"breadcrumb\":{\"@id\":\"https:\/\/www.artestar.eu\/de\/al-por-mayor\/mordedor-galleta\/#breadcrumb\"},\"inLanguage\":\"de-DE\",\"potentialAction\":[{\"@type\":\"ReadAction\",\"target\":[\"https:\/\/www.artestar.eu\/de\/al-por-mayor\/mordedor-galleta\/\"]}]},{\"@type\":\"BreadcrumbList\",\"@id\":\"https:\/\/www.artestar.eu\/de\/al-por-mayor\/mordedor-galleta\/#breadcrumb\",\"itemListElement\":[{\"@type\":\"ListItem\",\"position\":1,\"name\":\"Artestar\",\"item\":\"https:\/\/www.artestar.eu\/de\/\"},{\"@type\":\"ListItem\",\"position\":2,\"name\":\"Gro\u00dfhandel\",\"item\":\"https:\/\/www.artestar.eu\/de\/grosshandel\/\"},{\"@type\":\"ListItem\",\"position\":3,\"name\":\"Mordedor Galleta\"}]},{\"@type\":\"WebSite\",\"@id\":\"https:\/\/www.artestar.eu\/de\/#website\",\"url\":\"https:\/\/www.artestar.eu\/de\/\",\"name\":\"Artestar\",\"description\":\"Mayorista en abalorios y joyer\u00eda\",\"publisher\":{\"@id\":\"https:\/\/www.artestar.eu\/de\/#organization\"},\"alternateName\":\"Artestar-EU\",\"potentialAction\":[{\"@type\":\"SearchAction\",\"target\":{\"@type\":\"EntryPoint\",\"urlTemplate\":\"https:\/\/www.artestar.eu\/de\/?s={search_term_string}\"},\"query-input\":\"required name=search_term_string\"}],\"inLanguage\":\"de-DE\"},{\"@type\":[\"Organization\",\"Place\"],\"@id\":\"https:\/\/www.artestar.eu\/de\/#organization\",\"name\":\"RUBY ABALORIO S.L.\",\"alternateName\":\"Artestar\",\"url\":\"https:\/\/www.artestar.eu\/de\/\",\"logo\":{\"@id\":\"https:\/\/www.artestar.eu\/de\/al-por-mayor\/mordedor-galleta\/#local-main-organization-logo\"},\"image\":{\"@id\":\"https:\/\/www.artestar.eu\/de\/al-por-mayor\/mordedor-galleta\/#local-main-organization-logo\"},\"sameAs\":[\"https:\/\/www.facebook.com\/ARTESTAREU\",\"https:\/\/www.instagram.com\/artestareu\/\",\"https:\/\/www.pinterest.es\/artestar_eu\/\",\"https:\/\/www.tiktok.com\/@artestar_wholesale\"],\"openingHoursSpecification\":[{\"@type\":\"OpeningHoursSpecification\",\"dayOfWeek\":[\"Monday\",\"Tuesday\",\"Wednesday\",\"Thursday\",\"Friday\",\"Saturday\",\"Sunday\"],\"opens\":\"09:00\",\"closes\":\"17:00\"}]},{\"@type\":\"ImageObject\",\"inLanguage\":\"de-DE\",\"@id\":\"https:\/\/www.artestar.eu\/de\/al-por-mayor\/mordedor-galleta\/#local-main-organization-logo\",\"url\":\"https:\/\/www.artestar.eu\/wp-content\/uploads\/2023\/05\/cropped-png.png\",\"contentUrl\":\"https:\/\/www.artestar.eu\/wp-content\/uploads\/2023\/05\/cropped-png.png\",\"width\":512,\"height\":512,\"caption\":\"RUBY ABALORIO S.L.\"}]}<\/script>\n<meta property=\"og:availability\" content=\"instock\" \/>\n<meta property=\"product:availability\" content=\"instock\" \/>\n<meta property=\"product:retailer_item_id\" content=\"MS1160\" \/>\n<meta property=\"product:condition\" content=\"new\" \/>\n<!-- \/ Yoast SEO Premium plugin. -->","yoast_head_json":{"title":"Mordedor Galleta de Silicona para Beb\u00e9 - Artestar","description":"Mordedor galleta para beb\u00e9, Silicona de dentici\u00f3n, Mordedor silicona grado alimenticio , Collar lactancia para dentici\u00f3n,Mordedor Galleta","robots":{"index":"index","follow":"follow","max-snippet":"max-snippet:-1","max-image-preview":"max-image-preview:large","max-video-preview":"max-video-preview:-1"},"canonical":"https:\/\/www.artestar.eu\/de\/al-por-mayor\/mordedor-galleta\/","og_locale":"de_DE","og_type":"article","og_title":"Mordedor Galleta","og_description":"Mordedor galleta para beb\u00e9, Silicona de dentici\u00f3n, Mordedor silicona grado alimenticio , Collar lactancia para dentici\u00f3n,Mordedor Galleta","og_url":"https:\/\/www.artestar.eu\/de\/al-por-mayor\/mordedor-galleta\/","og_site_name":"Artestar","article_publisher":"https:\/\/www.facebook.com\/ARTESTAREU","article_modified_time":"2023-12-14T08:07:05+00:00","og_image":[{"width":600,"height":600,"url":"https:\/\/www.artestar.eu\/wp-content\/uploads\/2023\/12\/Mordedor-Yoyo-de-Silicona-1.jpg","type":"image\/jpeg"}],"twitter_card":"summary_large_image","twitter_misc":{"Availability":"Auf Lager"},"schema":{"@context":"https:\/\/schema.org","@graph":[{"@type":"WebPage","@id":"https:\/\/www.artestar.eu\/de\/al-por-mayor\/mordedor-galleta\/","url":"https:\/\/www.artestar.eu\/de\/al-por-mayor\/mordedor-galleta\/","name":"Mordedor Galleta de Silicona para Beb\u00e9 - Artestar","isPartOf":{"@id":"https:\/\/www.artestar.eu\/de\/#website"},"datePublished":"2023-12-11T14:33:15+00:00","dateModified":"2023-12-14T08:07:05+00:00","description":"Mordedor galleta para beb\u00e9, Silicona de dentici\u00f3n, Mordedor silicona grado alimenticio , Collar lactancia para dentici\u00f3n,Mordedor Galleta","breadcrumb":{"@id":"https:\/\/www.artestar.eu\/de\/al-por-mayor\/mordedor-galleta\/#breadcrumb"},"inLanguage":"de-DE","potentialAction":[{"@type":"ReadAction","target":["https:\/\/www.artestar.eu\/de\/al-por-mayor\/mordedor-galleta\/"]}]},{"@type":"BreadcrumbList","@id":"https:\/\/www.artestar.eu\/de\/al-por-mayor\/mordedor-galleta\/#breadcrumb","itemListElement":[{"@type":"ListItem","position":1,"name":"Artestar","item":"https:\/\/www.artestar.eu\/de\/"},{"@type":"ListItem","position":2,"name":"Gro\u00dfhandel","item":"https:\/\/www.artestar.eu\/de\/grosshandel\/"},{"@type":"ListItem","position":3,"name":"Mordedor Galleta"}]},{"@type":"WebSite","@id":"https:\/\/www.artestar.eu\/de\/#website","url":"https:\/\/www.artestar.eu\/de\/","name":"Artestar","description":"Mayorista en abalorios y joyer\u00eda","publisher":{"@id":"https:\/\/www.artestar.eu\/de\/#organization"},"alternateName":"Artestar-EU","potentialAction":[{"@type":"SearchAction","target":{"@type":"EntryPoint","urlTemplate":"https:\/\/www.artestar.eu\/de\/?s={search_term_string}"},"query-input":"required name=search_term_string"}],"inLanguage":"de-DE"},{"@type":["Organization","Place"],"@id":"https:\/\/www.artestar.eu\/de\/#organization","name":"RUBY ABALORIO S.L.","alternateName":"Artestar","url":"https:\/\/www.artestar.eu\/de\/","logo":{"@id":"https:\/\/www.artestar.eu\/de\/al-por-mayor\/mordedor-galleta\/#local-main-organization-logo"},"image":{"@id":"https:\/\/www.artestar.eu\/de\/al-por-mayor\/mordedor-galleta\/#local-main-organization-logo"},"sameAs":["https:\/\/www.facebook.com\/ARTESTAREU","https:\/\/www.instagram.com\/artestareu\/","https:\/\/www.pinterest.es\/artestar_eu\/","https:\/\/www.tiktok.com\/@artestar_wholesale"],"openingHoursSpecification":[{"@type":"OpeningHoursSpecification","dayOfWeek":["Monday","Tuesday","Wednesday","Thursday","Friday","Saturday","Sunday"],"opens":"09:00","closes":"17:00"}]},{"@type":"ImageObject","inLanguage":"de-DE","@id":"https:\/\/www.artestar.eu\/de\/al-por-mayor\/mordedor-galleta\/#local-main-organization-logo","url":"https:\/\/www.artestar.eu\/wp-content\/uploads\/2023\/05\/cropped-png.png","contentUrl":"https:\/\/www.artestar.eu\/wp-content\/uploads\/2023\/05\/cropped-png.png","width":512,"height":512,"caption":"RUBY ABALORIO S.L."}]},"og_availability":"instock","product_availability":"instock","product_retailer_item_id":"MS1160","product_condition":"new"},"tiered_pricing_type":"fixed","tiered_pricing_fixed_rules":[],"tiered_pricing_percentage_rules":[],"tiered_pricing_minimum":null,"_administrator_tiered_pricing_type":"fixed","_administrator_tiered_pricing_fixed_rules":[],"_editor_tiered_pricing_type":"fixed","_editor_tiered_pricing_fixed_rules":[],"_author_tiered_pricing_type":"fixed","_author_tiered_pricing_fixed_rules":[],"_contributor_tiered_pricing_type":"fixed","_contributor_tiered_pricing_fixed_rules":[],"_subscriber_tiered_pricing_type":"fixed","_subscriber_tiered_pricing_fixed_rules":[],"_wpseo_manager_tiered_pricing_type":"fixed","_wpseo_manager_tiered_pricing_fixed_rules":[],"_wpseo_editor_tiered_pricing_type":"fixed","_wpseo_editor_tiered_pricing_fixed_rules":[],"_customer_tiered_pricing_type":"fixed","_customer_tiered_pricing_fixed_rules":[],"_shop_manager_tiered_pricing_type":"fixed","_shop_manager_tiered_pricing_fixed_rules":[],"_product_manager_tiered_pricing_type":"fixed","_product_manager_tiered_pricing_fixed_rules":[],"_links":{"self":[{"href":"https:\/\/www.artestar.eu\/de\/wp-json\/wp\/v2\/product\/56121"}],"collection":[{"href":"https:\/\/www.artestar.eu\/de\/wp-json\/wp\/v2\/product"}],"about":[{"href":"https:\/\/www.artestar.eu\/de\/wp-json\/wp\/v2\/types\/product"}],"replies":[{"embeddable":true,"href":"https:\/\/www.artestar.eu\/de\/wp-json\/wp\/v2\/comments?post=56121"}],"version-history":[{"count":2,"href":"https:\/\/www.artestar.eu\/de\/wp-json\/wp\/v2\/product\/56121\/revisions"}],"predecessor-version":[{"id":56824,"href":"https:\/\/www.artestar.eu\/de\/wp-json\/wp\/v2\/product\/56121\/revisions\/56824"}],"wp:featuredmedia":[{"embeddable":true,"href":"https:\/\/www.artestar.eu\/de\/wp-json\/wp\/v2\/media\/56207"}],"wp:attachment":[{"href":"https:\/\/www.artestar.eu\/de\/wp-json\/wp\/v2\/media?parent=56121"}],"wp:term":[{"taxonomy":"product_cat","embeddable":true,"href":"https:\/\/www.artestar.eu\/de\/wp-json\/wp\/v2\/product_cat?post=56121"},{"taxonomy":"product_tag","embeddable":true,"href":"https:\/\/www.artestar.eu\/de\/wp-json\/wp\/v2\/product_tag?post=56121"}],"curies":[{"name":"wp","href":"https:\/\/api.w.org\/{rel}","templated":true}]}}