{"id":56844,"date":"2023-12-12T09:38:53","date_gmt":"2023-12-12T09:38:53","guid":{"rendered":"https:\/\/www.artestar.eu\/?post_type=product&#038;p=56844"},"modified":"2023-12-14T07:50:01","modified_gmt":"2023-12-14T07:50:01","slug":"kit-313-cuentas-mordedor-para-montar","status":"publish","type":"product","link":"https:\/\/www.artestar.eu\/de\/al-por-mayor\/kit-313-cuentas-mordedor-para-montar\/","title":{"rendered":"Kit 313 Cuentas Mordedor para Montar"},"content":{"rendered":"<h3>Kit de cuentas de dentici\u00f3n de madera para montaje de portachupetes<\/h3>\n<p>Material de madera y crochet para hacer chupeteros, mordedores o juguetes para beb\u00e9s. Sin olores ni toxinas. 100% seguros para tus seres queridos<\/p>\n<ul>\n<li>Cantidad:kit de 313 unidades<\/li>\n<li>Crea tu propio portachupete o mordedor personalizado para tu beb\u00e9 utilizando nuestros preciosos productos de madera de haya y ganchillo a un precio imbatible en todo el mercado europeo.<\/li>\n<li>El mordedor perfecto para aliviar las molestias de la dentici\u00f3n, el mordedor de lactancia perfecto para que tu beb\u00e9 lo mastique, un regalo personalizado inolvidable, \u00a1deja volar tu imaginaci\u00f3n y crea dise\u00f1os \u00fanicos!<\/li>\n<li>Puedes hacer collares, pulseras, chupetes, sonajeros, etc. Son brillantes, bonitos y encantadores. Recomendamos hacer un nudo doble en el extremo del sujetachupetes para mayor seguridad.<\/li>\n<li>Sin olor ni toxinas. Con certificado de calidad de la UE. Hecho de madera de haya y ganchillo, es 100% seguro para sus seres queridos.<\/li>\n<li>Mantenga las piezas sueltas fuera del alcance de los ni\u00f1os, limpie y desinfecte las piezas antes de usarlas, compru\u00e9belas antes de usarlas, l\u00e1velas con jab\u00f3n suave o neutro y no utilice productos abrasivos.<\/li>\n<li>Estos materiales son adecuados para hacer pulseras, collares, colgadores de chupete y diferentes piezas para su beb\u00e9.<\/li>\n<\/ul>\n<p>&nbsp;<\/p>\n<p><strong>Advertencia<\/strong><\/p>\n<p>No coloque las piezas sueltas fuera del alcance de los ni\u00f1os; las piezas sueltas pueden provocar asfixia.<\/p>\n<p>Se recomienda esterilizar el producto antes de usarlo con el beb\u00e9 y mantenerlo limpio antes de usarlo.<\/p>\n<p>F\u00e1cil de limpiar, lavar con agua y jab\u00f3n. No utilizar productos abrasivos ni t\u00f3xicos.<\/p>\n<p><img decoding=\"async\" class=\"alignnone wp-image-67818 size-medium\" src=\"https:\/\/www.rubydiy.com\/wp-content\/uploads\/2021\/01\/bolas-300x300.jpg\" alt=\"\" width=\"300\" height=\"300\" \/> <img decoding=\"async\" class=\"alignnone wp-image-67831 size-medium\" src=\"https:\/\/www.rubydiy.com\/wp-content\/uploads\/2021\/01\/colores-300x286.jpg\" alt=\"\" width=\"300\" height=\"286\" \/><\/p>\n<h3>Kit de cuentas de madera para montar portachupetes y juguetes<\/h3>\n<p><strong>Especificaci\u00f3n<\/strong><\/p>\n<ul>\n<li>Pr\u00e1ctico para aliviar el dolor de la dentici\u00f3n de su beb\u00e9.<\/li>\n<li>Deben limpiarse y secarse al aire despu\u00e9s de cada uso.<\/li>\n<li>Compruebe con frecuencia el estado de las bolas. No meter en el microondas.<\/li>\n<li>Los colores pueden variar ligeramente debido a los ajustes de la pantalla.<\/li>\n<li>Duraci\u00f3n de uso: hasta 6 meses por higiene y seguridad del ni\u00f1o.<\/li>\n<li>El comprador asume toda la responsabilidad sobre el uso del producto.<\/li>\n<li>El vendedor no se hace responsable de los da\u00f1os o p\u00e9rdidas causados por negligencia del comprador.<\/li>\n<\/ul>\n<p><strong>Consejo<\/strong><\/p>\n<ul>\n<li>Si desea limpiar las cuentas de madera, l\u00edmpielas suavemente con una toalla h\u00fameda.<\/li>\n<li>No las limpie directamente con agua, ya que afectar\u00eda al brillo original de la madera.<\/li>\n<li>No sumerja los art\u00edculos de madera en agua. Tampoco los metas en el frigor\u00edfico ni en el lavavajillas.<\/li>\n<li>Los art\u00edculos de madera est\u00e1n hechos de madera natural y, como tal, pueden sufrir algunos cambios, por lo que deben manipularse con cuidado para evitar da\u00f1os.<\/li>\n<\/ul>\n","protected":false},"excerpt":{"rendered":"<p><strong>Kit 313 Cuentas de Madera para Montar Chupeteros y Juguetes<\/strong><\/p>\n<ul>\n<li>Cada kit es apto para la creaci\u00f3n de 2 Collares, 2 chupeteros y 3 juguetes<\/li>\n<li><span class=\"a-list-item\">Esterilizar antes del primer uso, inspeccionar antes de usar<\/span><\/li>\n<li><span class=\"a-list-item\">Incluye la caja de Regalo !!<\/span><\/li>\n<\/ul>\n","protected":false},"featured_media":56933,"comment_status":"closed","ping_status":"closed","template":"","meta":[],"product_cat":[3716,3145],"product_tag":[],"yoast_head":"<!-- This site is optimized with the Yoast SEO Premium plugin v20.5 (Yoast SEO v21.5) - https:\/\/yoast.com\/wordpress\/plugins\/seo\/ -->\n<title>Kit Cuentas Mordedor Madera Para Montar Chupeteros - Artestar<\/title>\n<meta name=\"description\" content=\"Kit Cuentas Mordedor Madera Para Montar Chupeteros, kit Cuentas Madera para hacer Sonajeros pare Beb\u00e9, Kit Abalorios madera para Beb\u00e9\" \/>\n<meta name=\"robots\" content=\"index, follow, max-snippet:-1, max-image-preview:large, max-video-preview:-1\" \/>\n<link rel=\"canonical\" href=\"https:\/\/www.artestar.eu\/de\/al-por-mayor\/kit-313-cuentas-mordedor-para-montar\/\" \/>\n<meta property=\"og:locale\" content=\"de_DE\" \/>\n<meta property=\"og:type\" content=\"article\" \/>\n<meta property=\"og:title\" content=\"Kit 313 Cuentas Mordedor para Montar\" \/>\n<meta property=\"og:description\" content=\"Kit Cuentas Mordedor Madera Para Montar Chupeteros, kit Cuentas Madera para hacer Sonajeros pare Beb\u00e9, Kit Abalorios madera para Beb\u00e9\" \/>\n<meta property=\"og:url\" content=\"https:\/\/www.artestar.eu\/de\/al-por-mayor\/kit-313-cuentas-mordedor-para-montar\/\" \/>\n<meta property=\"og:site_name\" content=\"Artestar\" \/>\n<meta property=\"article:publisher\" content=\"https:\/\/www.facebook.com\/ARTESTAREU\" \/>\n<meta property=\"article:modified_time\" content=\"2023-12-14T07:50:01+00:00\" \/>\n<meta property=\"og:image\" content=\"https:\/\/www.artestar.eu\/wp-content\/uploads\/2023\/12\/principal.jpg\" \/>\n\t<meta property=\"og:image:width\" content=\"1200\" \/>\n\t<meta property=\"og:image:height\" content=\"1200\" \/>\n\t<meta property=\"og:image:type\" content=\"image\/jpeg\" \/>\n<meta name=\"twitter:card\" content=\"summary_large_image\" \/>\n<meta name=\"twitter:label1\" content=\"Preis\" \/>\n\t<meta name=\"twitter:data1\" content=\"34,33&nbsp;&euro; (Ohne MwSt)\" \/>\n\t<meta name=\"twitter:label2\" content=\"Availability\" \/>\n\t<meta name=\"twitter:data2\" content=\"Auf Lager\" \/>\n<script type=\"application\/ld+json\" class=\"yoast-schema-graph\">{\"@context\":\"https:\/\/schema.org\",\"@graph\":[{\"@type\":\"WebPage\",\"@id\":\"https:\/\/www.artestar.eu\/de\/al-por-mayor\/kit-313-cuentas-mordedor-para-montar\/\",\"url\":\"https:\/\/www.artestar.eu\/de\/al-por-mayor\/kit-313-cuentas-mordedor-para-montar\/\",\"name\":\"Kit Cuentas Mordedor Madera Para Montar Chupeteros - Artestar\",\"isPartOf\":{\"@id\":\"https:\/\/www.artestar.eu\/de\/#website\"},\"datePublished\":\"2023-12-12T09:38:53+00:00\",\"dateModified\":\"2023-12-14T07:50:01+00:00\",\"description\":\"Kit Cuentas Mordedor Madera Para Montar Chupeteros, kit Cuentas Madera para hacer Sonajeros pare Beb\u00e9, Kit Abalorios madera para Beb\u00e9\",\"breadcrumb\":{\"@id\":\"https:\/\/www.artestar.eu\/de\/al-por-mayor\/kit-313-cuentas-mordedor-para-montar\/#breadcrumb\"},\"inLanguage\":\"de-DE\",\"potentialAction\":[{\"@type\":\"ReadAction\",\"target\":[\"https:\/\/www.artestar.eu\/de\/al-por-mayor\/kit-313-cuentas-mordedor-para-montar\/\"]}]},{\"@type\":\"BreadcrumbList\",\"@id\":\"https:\/\/www.artestar.eu\/de\/al-por-mayor\/kit-313-cuentas-mordedor-para-montar\/#breadcrumb\",\"itemListElement\":[{\"@type\":\"ListItem\",\"position\":1,\"name\":\"Artestar\",\"item\":\"https:\/\/www.artestar.eu\/de\/\"},{\"@type\":\"ListItem\",\"position\":2,\"name\":\"Gro\u00dfhandel\",\"item\":\"https:\/\/www.artestar.eu\/de\/grosshandel\/\"},{\"@type\":\"ListItem\",\"position\":3,\"name\":\"Kit 313 Cuentas Mordedor para Montar\"}]},{\"@type\":\"WebSite\",\"@id\":\"https:\/\/www.artestar.eu\/de\/#website\",\"url\":\"https:\/\/www.artestar.eu\/de\/\",\"name\":\"Artestar\",\"description\":\"Mayorista en abalorios y joyer\u00eda\",\"publisher\":{\"@id\":\"https:\/\/www.artestar.eu\/de\/#organization\"},\"alternateName\":\"Artestar-EU\",\"potentialAction\":[{\"@type\":\"SearchAction\",\"target\":{\"@type\":\"EntryPoint\",\"urlTemplate\":\"https:\/\/www.artestar.eu\/de\/?s={search_term_string}\"},\"query-input\":\"required name=search_term_string\"}],\"inLanguage\":\"de-DE\"},{\"@type\":[\"Organization\",\"Place\"],\"@id\":\"https:\/\/www.artestar.eu\/de\/#organization\",\"name\":\"RUBY ABALORIO S.L.\",\"alternateName\":\"Artestar\",\"url\":\"https:\/\/www.artestar.eu\/de\/\",\"logo\":{\"@id\":\"https:\/\/www.artestar.eu\/de\/al-por-mayor\/kit-313-cuentas-mordedor-para-montar\/#local-main-organization-logo\"},\"image\":{\"@id\":\"https:\/\/www.artestar.eu\/de\/al-por-mayor\/kit-313-cuentas-mordedor-para-montar\/#local-main-organization-logo\"},\"sameAs\":[\"https:\/\/www.facebook.com\/ARTESTAREU\",\"https:\/\/www.instagram.com\/artestareu\/\",\"https:\/\/www.pinterest.es\/artestar_eu\/\",\"https:\/\/www.tiktok.com\/@artestar_wholesale\"],\"openingHoursSpecification\":[{\"@type\":\"OpeningHoursSpecification\",\"dayOfWeek\":[\"Monday\",\"Tuesday\",\"Wednesday\",\"Thursday\",\"Friday\",\"Saturday\",\"Sunday\"],\"opens\":\"09:00\",\"closes\":\"17:00\"}]},{\"@type\":\"ImageObject\",\"inLanguage\":\"de-DE\",\"@id\":\"https:\/\/www.artestar.eu\/de\/al-por-mayor\/kit-313-cuentas-mordedor-para-montar\/#local-main-organization-logo\",\"url\":\"https:\/\/www.artestar.eu\/wp-content\/uploads\/2023\/05\/cropped-png.png\",\"contentUrl\":\"https:\/\/www.artestar.eu\/wp-content\/uploads\/2023\/05\/cropped-png.png\",\"width\":512,\"height\":512,\"caption\":\"RUBY ABALORIO S.L.\"}]}<\/script>\n<meta property=\"product:price:amount\" content=\"34.33\" \/>\n<meta property=\"product:price:currency\" content=\"EUR\" \/>\n<meta property=\"og:availability\" content=\"instock\" \/>\n<meta property=\"product:availability\" content=\"instock\" \/>\n<meta property=\"product:retailer_item_id\" content=\"CP0069\" \/>\n<meta property=\"product:condition\" content=\"new\" \/>\n<!-- \/ Yoast SEO Premium plugin. -->","yoast_head_json":{"title":"Kit Cuentas Mordedor Madera Para Montar Chupeteros - Artestar","description":"Kit Cuentas Mordedor Madera Para Montar Chupeteros, kit Cuentas Madera para hacer Sonajeros pare Beb\u00e9, Kit Abalorios madera para Beb\u00e9","robots":{"index":"index","follow":"follow","max-snippet":"max-snippet:-1","max-image-preview":"max-image-preview:large","max-video-preview":"max-video-preview:-1"},"canonical":"https:\/\/www.artestar.eu\/de\/al-por-mayor\/kit-313-cuentas-mordedor-para-montar\/","og_locale":"de_DE","og_type":"article","og_title":"Kit 313 Cuentas Mordedor para Montar","og_description":"Kit Cuentas Mordedor Madera Para Montar Chupeteros, kit Cuentas Madera para hacer Sonajeros pare Beb\u00e9, Kit Abalorios madera para Beb\u00e9","og_url":"https:\/\/www.artestar.eu\/de\/al-por-mayor\/kit-313-cuentas-mordedor-para-montar\/","og_site_name":"Artestar","article_publisher":"https:\/\/www.facebook.com\/ARTESTAREU","article_modified_time":"2023-12-14T07:50:01+00:00","og_image":[{"width":1200,"height":1200,"url":"https:\/\/www.artestar.eu\/wp-content\/uploads\/2023\/12\/principal.jpg","type":"image\/jpeg"}],"twitter_card":"summary_large_image","twitter_misc":{"Preis":"34,33&nbsp;&euro; (Ohne MwSt)","Availability":"Auf Lager"},"schema":{"@context":"https:\/\/schema.org","@graph":[{"@type":"WebPage","@id":"https:\/\/www.artestar.eu\/de\/al-por-mayor\/kit-313-cuentas-mordedor-para-montar\/","url":"https:\/\/www.artestar.eu\/de\/al-por-mayor\/kit-313-cuentas-mordedor-para-montar\/","name":"Kit Cuentas Mordedor Madera Para Montar Chupeteros - Artestar","isPartOf":{"@id":"https:\/\/www.artestar.eu\/de\/#website"},"datePublished":"2023-12-12T09:38:53+00:00","dateModified":"2023-12-14T07:50:01+00:00","description":"Kit Cuentas Mordedor Madera Para Montar Chupeteros, kit Cuentas Madera para hacer Sonajeros pare Beb\u00e9, Kit Abalorios madera para Beb\u00e9","breadcrumb":{"@id":"https:\/\/www.artestar.eu\/de\/al-por-mayor\/kit-313-cuentas-mordedor-para-montar\/#breadcrumb"},"inLanguage":"de-DE","potentialAction":[{"@type":"ReadAction","target":["https:\/\/www.artestar.eu\/de\/al-por-mayor\/kit-313-cuentas-mordedor-para-montar\/"]}]},{"@type":"BreadcrumbList","@id":"https:\/\/www.artestar.eu\/de\/al-por-mayor\/kit-313-cuentas-mordedor-para-montar\/#breadcrumb","itemListElement":[{"@type":"ListItem","position":1,"name":"Artestar","item":"https:\/\/www.artestar.eu\/de\/"},{"@type":"ListItem","position":2,"name":"Gro\u00dfhandel","item":"https:\/\/www.artestar.eu\/de\/grosshandel\/"},{"@type":"ListItem","position":3,"name":"Kit 313 Cuentas Mordedor para Montar"}]},{"@type":"WebSite","@id":"https:\/\/www.artestar.eu\/de\/#website","url":"https:\/\/www.artestar.eu\/de\/","name":"Artestar","description":"Mayorista en abalorios y joyer\u00eda","publisher":{"@id":"https:\/\/www.artestar.eu\/de\/#organization"},"alternateName":"Artestar-EU","potentialAction":[{"@type":"SearchAction","target":{"@type":"EntryPoint","urlTemplate":"https:\/\/www.artestar.eu\/de\/?s={search_term_string}"},"query-input":"required name=search_term_string"}],"inLanguage":"de-DE"},{"@type":["Organization","Place"],"@id":"https:\/\/www.artestar.eu\/de\/#organization","name":"RUBY ABALORIO S.L.","alternateName":"Artestar","url":"https:\/\/www.artestar.eu\/de\/","logo":{"@id":"https:\/\/www.artestar.eu\/de\/al-por-mayor\/kit-313-cuentas-mordedor-para-montar\/#local-main-organization-logo"},"image":{"@id":"https:\/\/www.artestar.eu\/de\/al-por-mayor\/kit-313-cuentas-mordedor-para-montar\/#local-main-organization-logo"},"sameAs":["https:\/\/www.facebook.com\/ARTESTAREU","https:\/\/www.instagram.com\/artestareu\/","https:\/\/www.pinterest.es\/artestar_eu\/","https:\/\/www.tiktok.com\/@artestar_wholesale"],"openingHoursSpecification":[{"@type":"OpeningHoursSpecification","dayOfWeek":["Monday","Tuesday","Wednesday","Thursday","Friday","Saturday","Sunday"],"opens":"09:00","closes":"17:00"}]},{"@type":"ImageObject","inLanguage":"de-DE","@id":"https:\/\/www.artestar.eu\/de\/al-por-mayor\/kit-313-cuentas-mordedor-para-montar\/#local-main-organization-logo","url":"https:\/\/www.artestar.eu\/wp-content\/uploads\/2023\/05\/cropped-png.png","contentUrl":"https:\/\/www.artestar.eu\/wp-content\/uploads\/2023\/05\/cropped-png.png","width":512,"height":512,"caption":"RUBY ABALORIO S.L."}]},"product_price_amount":"34.33","product_price_currency":"EUR","og_availability":"instock","product_availability":"instock","product_retailer_item_id":"CP0069","product_condition":"new"},"tiered_pricing_type":"fixed","tiered_pricing_fixed_rules":[],"tiered_pricing_percentage_rules":[],"tiered_pricing_minimum":null,"_administrator_tiered_pricing_type":"fixed","_administrator_tiered_pricing_fixed_rules":[],"_editor_tiered_pricing_type":"fixed","_editor_tiered_pricing_fixed_rules":[],"_author_tiered_pricing_type":"fixed","_author_tiered_pricing_fixed_rules":[],"_contributor_tiered_pricing_type":"fixed","_contributor_tiered_pricing_fixed_rules":[],"_subscriber_tiered_pricing_type":"fixed","_subscriber_tiered_pricing_fixed_rules":[],"_wpseo_manager_tiered_pricing_type":"fixed","_wpseo_manager_tiered_pricing_fixed_rules":[],"_wpseo_editor_tiered_pricing_type":"fixed","_wpseo_editor_tiered_pricing_fixed_rules":[],"_customer_tiered_pricing_type":"fixed","_customer_tiered_pricing_fixed_rules":[],"_shop_manager_tiered_pricing_type":"fixed","_shop_manager_tiered_pricing_fixed_rules":[],"_product_manager_tiered_pricing_type":"fixed","_product_manager_tiered_pricing_fixed_rules":[],"_links":{"self":[{"href":"https:\/\/www.artestar.eu\/de\/wp-json\/wp\/v2\/product\/56844"}],"collection":[{"href":"https:\/\/www.artestar.eu\/de\/wp-json\/wp\/v2\/product"}],"about":[{"href":"https:\/\/www.artestar.eu\/de\/wp-json\/wp\/v2\/types\/product"}],"replies":[{"embeddable":true,"href":"https:\/\/www.artestar.eu\/de\/wp-json\/wp\/v2\/comments?post=56844"}],"version-history":[{"count":3,"href":"https:\/\/www.artestar.eu\/de\/wp-json\/wp\/v2\/product\/56844\/revisions"}],"predecessor-version":[{"id":57741,"href":"https:\/\/www.artestar.eu\/de\/wp-json\/wp\/v2\/product\/56844\/revisions\/57741"}],"wp:featuredmedia":[{"embeddable":true,"href":"https:\/\/www.artestar.eu\/de\/wp-json\/wp\/v2\/media\/56933"}],"wp:attachment":[{"href":"https:\/\/www.artestar.eu\/de\/wp-json\/wp\/v2\/media?parent=56844"}],"wp:term":[{"taxonomy":"product_cat","embeddable":true,"href":"https:\/\/www.artestar.eu\/de\/wp-json\/wp\/v2\/product_cat?post=56844"},{"taxonomy":"product_tag","embeddable":true,"href":"https:\/\/www.artestar.eu\/de\/wp-json\/wp\/v2\/product_tag?post=56844"}],"curies":[{"name":"wp","href":"https:\/\/api.w.org\/{rel}","templated":true}]}}