{"id":57944,"date":"2023-12-13T16:24:22","date_gmt":"2023-12-13T16:24:22","guid":{"rendered":"https:\/\/www.artestar.eu\/al-por-mayor\/10-hirsche-haekeln\/"},"modified":"2023-12-13T16:24:22","modified_gmt":"2023-12-13T16:24:22","slug":"10-hirsch-hakeln","status":"publish","type":"product","link":"https:\/\/www.artestar.eu\/de\/gro\u00dfhandel\/10-hirsch-hakeln\/","title":{"rendered":"10 Hirsche h\u00e4keln"},"content":{"rendered":"<h3><strong>Geh\u00e4kelter Hirschkopf <\/strong><strong>f\u00fcr Baby<\/strong><\/h3>\n<p>Geh\u00e4keltes Kuscheltier in Form eines Elefanten f\u00fcr Schnullerkette oder Babyspielzeug. Das mittelgro\u00dfe Greifst\u00fcck ist f\u00fcr Babys zum Greifen geeignet, was das Wachstum und die Entwicklung von Kindern f\u00f6rdert.<\/p>\n<ul>\n<li>Menge: 10pc<\/li>\n<li>Gr\u00f6\u00dfe: 45 x 32mm Hirschkopfform<\/li>\n<li>Material: geh\u00e4kelt mit 100% nat\u00fcrlicher Baumwolle, ist sicher, umweltfreundlich und hypoallergen.<\/li>\n<li>Das mittelgro\u00dfe Greifst\u00fcck ist f\u00fcr Babys zum Greifen geeignet, was das Wachstum und die Entwicklung von Kindern f\u00f6rdert.<\/li>\n<li>Geeignet f\u00fcr Kinder jeden Alters. . Perfekt als Theaterst\u00fcck, Dekoration im Kinderzimmer oder als Fotorequisite.<\/li>\n<li>Das niedliche Hirschdesign wird die Liebe und Aufmerksamkeit Ihres Babys auf sich ziehen, die Form des Tieres soll dem Baby helfen, die kleinen Tiere zu treffen.<\/li>\n<\/ul>\n<p>&nbsp;<\/p>\n<h3><strong>Amigurimi Hirschkopf h\u00e4keln f\u00fcr DIY<\/strong><\/h3>\n<p><strong>Spezifikation<\/strong><\/p>\n<ul>\n<li>Nur H\u00e4keln Hirsch f\u00fcr Baby, zeigen Sie anderes Zubeh\u00f6r auf dem Bild ist nicht im Lieferumfang enthalten.<\/li>\n<li>Die Farbe kann aufgrund Ihrer Bildschirmeinstellungen leicht variieren.<\/li>\n<li>Der K\u00e4ufer \u00fcbernimmt die volle Verantwortung f\u00fcr die Verwendung des Produkts.<\/li>\n<li>Wenn Sch\u00e4den oder Verluste durch Fahrl\u00e4ssigkeit des K\u00e4ufers verursacht werden, haftet der Verk\u00e4ufer nicht.<\/li>\n<\/ul>\n<p><strong>R\u00e4te<\/strong><\/p>\n<ul>\n<li>Wenn Sie diese H\u00e4kelfiguren sterilisieren m\u00f6chten, reinigen Sie sie einfach mit warmem Wasser und neutraler Seife.<\/li>\n<\/ul>\n<p><strong>WICHTIG:<\/strong><\/p>\n<ul>\n<li><strong>Bei diesen losen Gegenst\u00e4nden handelt es sich um unfertige St\u00fccke. Bewahren Sie es au\u00dferhalb der Reichweite von kleinen Kindern auf, wenn es noch nicht fertig montiert ist.<\/strong><\/li>\n<\/ul>\n","protected":false},"excerpt":{"rendered":"<p><strong>Ungef\u00e4hre Ma\u00dfe :<\/strong> 45 x 32 mm (offene Ohren)<\/p>\n<p><strong>Menge :<\/strong> 10 Stk.<\/p>\n<p><strong>Material:<\/strong> Baumwolle<\/p>\n<p><strong>100% Handarbeit, die Ma\u00dfe k\u00f6nnen je nach St\u00fcck variieren.<\/strong><\/p>\n","protected":false},"featured_media":55938,"comment_status":"closed","ping_status":"closed","template":"","meta":[],"product_cat":[3840,3149],"product_tag":[],"yoast_head":"<!-- This site is optimized with the Yoast SEO Premium plugin v20.5 (Yoast SEO v21.5) - https:\/\/yoast.com\/wordpress\/plugins\/seo\/ -->\n<title>Hirschkopf H\u00e4keln f\u00fcr Baby - Artestar<\/title>\n<meta name=\"description\" content=\"Hirschkopfh\u00e4keln f\u00fcr Baby und Babyspielzeug, Hirschh\u00e4keln f\u00fcr Schnullerhalter, Tierh\u00e4keln f\u00fcr Schnullerhalter\" \/>\n<meta name=\"robots\" content=\"index, follow, max-snippet:-1, max-image-preview:large, max-video-preview:-1\" \/>\n<link rel=\"canonical\" href=\"https:\/\/www.artestar.eu\/de\/gro\u00dfhandel\/10-hirsch-hakeln\/\" \/>\n<meta property=\"og:locale\" content=\"de_DE\" \/>\n<meta property=\"og:type\" content=\"article\" \/>\n<meta property=\"og:title\" content=\"10 Hirsche h\u00e4keln\" \/>\n<meta property=\"og:description\" content=\"Hirschkopfh\u00e4keln f\u00fcr Baby und Babyspielzeug, Hirschh\u00e4keln f\u00fcr Schnullerhalter, Tierh\u00e4keln f\u00fcr Schnullerhalter\" \/>\n<meta property=\"og:url\" content=\"https:\/\/www.artestar.eu\/de\/gro\u00dfhandel\/10-hirsch-hakeln\/\" \/>\n<meta property=\"og:site_name\" content=\"Artestar\" \/>\n<meta property=\"article:publisher\" content=\"https:\/\/www.facebook.com\/ARTESTAREU\" \/>\n<meta property=\"og:image\" content=\"https:\/\/www.artestar.eu\/wp-content\/uploads\/2023\/12\/CIERVO.jpg\" \/>\n\t<meta property=\"og:image:width\" content=\"1500\" \/>\n\t<meta property=\"og:image:height\" content=\"1500\" \/>\n\t<meta property=\"og:image:type\" content=\"image\/jpeg\" \/>\n<meta name=\"twitter:card\" content=\"summary_large_image\" \/>\n<meta name=\"twitter:label1\" content=\"Preis\" \/>\n\t<meta name=\"twitter:data1\" content=\"24,00&nbsp;&euro; (Ohne MwSt)\" \/>\n\t<meta name=\"twitter:label2\" content=\"Availability\" \/>\n\t<meta name=\"twitter:data2\" content=\"Auf Lager\" \/>\n<script type=\"application\/ld+json\" class=\"yoast-schema-graph\">{\"@context\":\"https:\/\/schema.org\",\"@graph\":[{\"@type\":\"WebPage\",\"@id\":\"https:\/\/www.artestar.eu\/de\/gro\u00dfhandel\/10-hirsch-hakeln\/\",\"url\":\"https:\/\/www.artestar.eu\/de\/gro\u00dfhandel\/10-hirsch-hakeln\/\",\"name\":\"Hirschkopf H\u00e4keln f\u00fcr Baby - Artestar\",\"isPartOf\":{\"@id\":\"https:\/\/www.artestar.eu\/de\/#website\"},\"datePublished\":\"2023-12-13T16:24:22+00:00\",\"dateModified\":\"2023-12-13T16:24:22+00:00\",\"description\":\"Hirschkopfh\u00e4keln f\u00fcr Baby und Babyspielzeug, Hirschh\u00e4keln f\u00fcr Schnullerhalter, Tierh\u00e4keln f\u00fcr Schnullerhalter\",\"breadcrumb\":{\"@id\":\"https:\/\/www.artestar.eu\/de\/gro\u00dfhandel\/10-hirsch-hakeln\/#breadcrumb\"},\"inLanguage\":\"de-DE\",\"potentialAction\":[{\"@type\":\"ReadAction\",\"target\":[\"https:\/\/www.artestar.eu\/de\/gro\u00dfhandel\/10-hirsch-hakeln\/\"]}]},{\"@type\":\"BreadcrumbList\",\"@id\":\"https:\/\/www.artestar.eu\/de\/gro\u00dfhandel\/10-hirsch-hakeln\/#breadcrumb\",\"itemListElement\":[{\"@type\":\"ListItem\",\"position\":1,\"name\":\"Artestar\",\"item\":\"https:\/\/www.artestar.eu\/de\/\"},{\"@type\":\"ListItem\",\"position\":2,\"name\":\"Gro\u00dfhandel\",\"item\":\"https:\/\/www.artestar.eu\/de\/grosshandel\/\"},{\"@type\":\"ListItem\",\"position\":3,\"name\":\"10 Hirsche h\u00e4keln\"}]},{\"@type\":\"WebSite\",\"@id\":\"https:\/\/www.artestar.eu\/de\/#website\",\"url\":\"https:\/\/www.artestar.eu\/de\/\",\"name\":\"Artestar\",\"description\":\"Mayorista en abalorios y joyer\u00eda\",\"publisher\":{\"@id\":\"https:\/\/www.artestar.eu\/de\/#organization\"},\"alternateName\":\"Artestar-EU\",\"potentialAction\":[{\"@type\":\"SearchAction\",\"target\":{\"@type\":\"EntryPoint\",\"urlTemplate\":\"https:\/\/www.artestar.eu\/de\/?s={search_term_string}\"},\"query-input\":\"required name=search_term_string\"}],\"inLanguage\":\"de-DE\"},{\"@type\":[\"Organization\",\"Place\"],\"@id\":\"https:\/\/www.artestar.eu\/de\/#organization\",\"name\":\"RUBY ABALORIO S.L.\",\"alternateName\":\"Artestar\",\"url\":\"https:\/\/www.artestar.eu\/de\/\",\"logo\":{\"@id\":\"https:\/\/www.artestar.eu\/de\/gro\u00dfhandel\/10-hirsch-hakeln\/#local-main-organization-logo\"},\"image\":{\"@id\":\"https:\/\/www.artestar.eu\/de\/gro\u00dfhandel\/10-hirsch-hakeln\/#local-main-organization-logo\"},\"sameAs\":[\"https:\/\/www.facebook.com\/ARTESTAREU\",\"https:\/\/www.instagram.com\/artestareu\/\",\"https:\/\/www.pinterest.es\/artestar_eu\/\",\"https:\/\/www.tiktok.com\/@artestar_wholesale\"],\"openingHoursSpecification\":[{\"@type\":\"OpeningHoursSpecification\",\"dayOfWeek\":[\"Monday\",\"Tuesday\",\"Wednesday\",\"Thursday\",\"Friday\",\"Saturday\",\"Sunday\"],\"opens\":\"09:00\",\"closes\":\"17:00\"}]},{\"@type\":\"ImageObject\",\"inLanguage\":\"de-DE\",\"@id\":\"https:\/\/www.artestar.eu\/de\/gro\u00dfhandel\/10-hirsch-hakeln\/#local-main-organization-logo\",\"url\":\"https:\/\/www.artestar.eu\/wp-content\/uploads\/2023\/05\/cropped-png.png\",\"contentUrl\":\"https:\/\/www.artestar.eu\/wp-content\/uploads\/2023\/05\/cropped-png.png\",\"width\":512,\"height\":512,\"caption\":\"RUBY ABALORIO S.L.\"}]}<\/script>\n<meta property=\"product:price:amount\" content=\"24.00\" \/>\n<meta property=\"product:price:currency\" content=\"EUR\" \/>\n<meta property=\"og:availability\" content=\"instock\" \/>\n<meta property=\"product:availability\" content=\"instock\" \/>\n<meta property=\"product:retailer_item_id\" content=\"SP0530\" \/>\n<meta property=\"product:condition\" content=\"new\" \/>\n<!-- \/ Yoast SEO Premium plugin. -->","yoast_head_json":{"title":"Hirschkopf H\u00e4keln f\u00fcr Baby - Artestar","description":"Hirschkopfh\u00e4keln f\u00fcr Baby und Babyspielzeug, Hirschh\u00e4keln f\u00fcr Schnullerhalter, Tierh\u00e4keln f\u00fcr Schnullerhalter","robots":{"index":"index","follow":"follow","max-snippet":"max-snippet:-1","max-image-preview":"max-image-preview:large","max-video-preview":"max-video-preview:-1"},"canonical":"https:\/\/www.artestar.eu\/de\/gro\u00dfhandel\/10-hirsch-hakeln\/","og_locale":"de_DE","og_type":"article","og_title":"10 Hirsche h\u00e4keln","og_description":"Hirschkopfh\u00e4keln f\u00fcr Baby und Babyspielzeug, Hirschh\u00e4keln f\u00fcr Schnullerhalter, Tierh\u00e4keln f\u00fcr Schnullerhalter","og_url":"https:\/\/www.artestar.eu\/de\/gro\u00dfhandel\/10-hirsch-hakeln\/","og_site_name":"Artestar","article_publisher":"https:\/\/www.facebook.com\/ARTESTAREU","og_image":[{"width":1500,"height":1500,"url":"https:\/\/www.artestar.eu\/wp-content\/uploads\/2023\/12\/CIERVO.jpg","type":"image\/jpeg"}],"twitter_card":"summary_large_image","twitter_misc":{"Preis":"24,00&nbsp;&euro; (Ohne MwSt)","Availability":"Auf Lager"},"schema":{"@context":"https:\/\/schema.org","@graph":[{"@type":"WebPage","@id":"https:\/\/www.artestar.eu\/de\/gro\u00dfhandel\/10-hirsch-hakeln\/","url":"https:\/\/www.artestar.eu\/de\/gro\u00dfhandel\/10-hirsch-hakeln\/","name":"Hirschkopf H\u00e4keln f\u00fcr Baby - Artestar","isPartOf":{"@id":"https:\/\/www.artestar.eu\/de\/#website"},"datePublished":"2023-12-13T16:24:22+00:00","dateModified":"2023-12-13T16:24:22+00:00","description":"Hirschkopfh\u00e4keln f\u00fcr Baby und Babyspielzeug, Hirschh\u00e4keln f\u00fcr Schnullerhalter, Tierh\u00e4keln f\u00fcr Schnullerhalter","breadcrumb":{"@id":"https:\/\/www.artestar.eu\/de\/gro\u00dfhandel\/10-hirsch-hakeln\/#breadcrumb"},"inLanguage":"de-DE","potentialAction":[{"@type":"ReadAction","target":["https:\/\/www.artestar.eu\/de\/gro\u00dfhandel\/10-hirsch-hakeln\/"]}]},{"@type":"BreadcrumbList","@id":"https:\/\/www.artestar.eu\/de\/gro\u00dfhandel\/10-hirsch-hakeln\/#breadcrumb","itemListElement":[{"@type":"ListItem","position":1,"name":"Artestar","item":"https:\/\/www.artestar.eu\/de\/"},{"@type":"ListItem","position":2,"name":"Gro\u00dfhandel","item":"https:\/\/www.artestar.eu\/de\/grosshandel\/"},{"@type":"ListItem","position":3,"name":"10 Hirsche h\u00e4keln"}]},{"@type":"WebSite","@id":"https:\/\/www.artestar.eu\/de\/#website","url":"https:\/\/www.artestar.eu\/de\/","name":"Artestar","description":"Mayorista en abalorios y joyer\u00eda","publisher":{"@id":"https:\/\/www.artestar.eu\/de\/#organization"},"alternateName":"Artestar-EU","potentialAction":[{"@type":"SearchAction","target":{"@type":"EntryPoint","urlTemplate":"https:\/\/www.artestar.eu\/de\/?s={search_term_string}"},"query-input":"required name=search_term_string"}],"inLanguage":"de-DE"},{"@type":["Organization","Place"],"@id":"https:\/\/www.artestar.eu\/de\/#organization","name":"RUBY ABALORIO S.L.","alternateName":"Artestar","url":"https:\/\/www.artestar.eu\/de\/","logo":{"@id":"https:\/\/www.artestar.eu\/de\/gro\u00dfhandel\/10-hirsch-hakeln\/#local-main-organization-logo"},"image":{"@id":"https:\/\/www.artestar.eu\/de\/gro\u00dfhandel\/10-hirsch-hakeln\/#local-main-organization-logo"},"sameAs":["https:\/\/www.facebook.com\/ARTESTAREU","https:\/\/www.instagram.com\/artestareu\/","https:\/\/www.pinterest.es\/artestar_eu\/","https:\/\/www.tiktok.com\/@artestar_wholesale"],"openingHoursSpecification":[{"@type":"OpeningHoursSpecification","dayOfWeek":["Monday","Tuesday","Wednesday","Thursday","Friday","Saturday","Sunday"],"opens":"09:00","closes":"17:00"}]},{"@type":"ImageObject","inLanguage":"de-DE","@id":"https:\/\/www.artestar.eu\/de\/gro\u00dfhandel\/10-hirsch-hakeln\/#local-main-organization-logo","url":"https:\/\/www.artestar.eu\/wp-content\/uploads\/2023\/05\/cropped-png.png","contentUrl":"https:\/\/www.artestar.eu\/wp-content\/uploads\/2023\/05\/cropped-png.png","width":512,"height":512,"caption":"RUBY ABALORIO S.L."}]},"product_price_amount":"24.00","product_price_currency":"EUR","og_availability":"instock","product_availability":"instock","product_retailer_item_id":"SP0530","product_condition":"new"},"tiered_pricing_type":"fixed","tiered_pricing_fixed_rules":[],"tiered_pricing_percentage_rules":[],"tiered_pricing_minimum":null,"_administrator_tiered_pricing_type":"fixed","_administrator_tiered_pricing_fixed_rules":[],"_editor_tiered_pricing_type":"fixed","_editor_tiered_pricing_fixed_rules":[],"_author_tiered_pricing_type":"fixed","_author_tiered_pricing_fixed_rules":[],"_contributor_tiered_pricing_type":"fixed","_contributor_tiered_pricing_fixed_rules":[],"_subscriber_tiered_pricing_type":"fixed","_subscriber_tiered_pricing_fixed_rules":[],"_wpseo_manager_tiered_pricing_type":"fixed","_wpseo_manager_tiered_pricing_fixed_rules":[],"_wpseo_editor_tiered_pricing_type":"fixed","_wpseo_editor_tiered_pricing_fixed_rules":[],"_customer_tiered_pricing_type":"fixed","_customer_tiered_pricing_fixed_rules":[],"_shop_manager_tiered_pricing_type":"fixed","_shop_manager_tiered_pricing_fixed_rules":[],"_product_manager_tiered_pricing_type":"fixed","_product_manager_tiered_pricing_fixed_rules":[],"_links":{"self":[{"href":"https:\/\/www.artestar.eu\/de\/wp-json\/wp\/v2\/product\/57944"}],"collection":[{"href":"https:\/\/www.artestar.eu\/de\/wp-json\/wp\/v2\/product"}],"about":[{"href":"https:\/\/www.artestar.eu\/de\/wp-json\/wp\/v2\/types\/product"}],"replies":[{"embeddable":true,"href":"https:\/\/www.artestar.eu\/de\/wp-json\/wp\/v2\/comments?post=57944"}],"version-history":[{"count":0,"href":"https:\/\/www.artestar.eu\/de\/wp-json\/wp\/v2\/product\/57944\/revisions"}],"wp:featuredmedia":[{"embeddable":true,"href":"https:\/\/www.artestar.eu\/de\/wp-json\/wp\/v2\/media\/55938"}],"wp:attachment":[{"href":"https:\/\/www.artestar.eu\/de\/wp-json\/wp\/v2\/media?parent=57944"}],"wp:term":[{"taxonomy":"product_cat","embeddable":true,"href":"https:\/\/www.artestar.eu\/de\/wp-json\/wp\/v2\/product_cat?post=57944"},{"taxonomy":"product_tag","embeddable":true,"href":"https:\/\/www.artestar.eu\/de\/wp-json\/wp\/v2\/product_tag?post=57944"}],"curies":[{"name":"wp","href":"https:\/\/api.w.org\/{rel}","templated":true}]}}