{"id":25387,"date":"2023-05-26T02:51:16","date_gmt":"2023-05-26T02:51:16","guid":{"rendered":"https:\/\/www.artestar.eu\/al-por-mayor\/piedras-sueltas-grandes-500g\/"},"modified":"2023-10-26T06:20:16","modified_gmt":"2023-10-26T06:20:16","slug":"piedras-sueltas-semipreciosos","status":"publish","type":"product","link":"https:\/\/www.artestar.eu\/en\/wholesale\/piedras-sueltas-semipreciosos\/","title":{"rendered":"Piedras sueltas grandes 500g"},"content":{"rendered":"<h3>Piedras sueltas semipreciosos de mezcla aleatoria<\/h3>\n<ul>\n<li>Piedras sueltas Grandes: La mayor\u00eda tienen forma cuadrada y miden aprox. 25mm x 20mm x 20mm.<\/li>\n<li>Small loose stones: each one has a different shape and measures approx. half as much as large loose stones.<\/li>\n<\/ul>\n<h5>Characteristics:<\/h5>\n<p>Size comparison between large (left) and small (right)<\/p>\n<p><img decoding=\"async\" class=\"wp-image-4577\" src=\"https:\/\/www.artestar.eu%E2%80%8B%E2%80%8B%E2%80%8B%E2%80%8B\/wp-content\/uploads\/2023\/05\/semi-precious-stones-beads-healing-crystals-polishing-mixed.jpg\" alt=\"Cristales curativos de grava semipreciosa\" width=\"450\" height=\"450\" srcset=\"https:\/\/www.artestar.eu\/wp-content\/uploads\/2023\/05\/semi-precious-stones-beads-healing-crystals-polishing-mixed.jpg 600w, https:\/\/www.artestar.eu\/wp-content\/uploads\/2023\/05\/semi-precious-stones-beads-healing-crystals-polishing-mixed-300x300.jpg 300w, https:\/\/www.artestar.eu\/wp-content\/uploads\/2023\/05\/semi-precious-stones-beads-healing-crystals-polishing-mixed-150x150.jpg 150w, https:\/\/www.artestar.eu\/wp-content\/uploads\/2023\/05\/semi-precious-stones-beads-healing-crystals-polishing-mixed-450x450.jpg 450w, https:\/\/www.artestar.eu\/wp-content\/uploads\/2023\/05\/semi-precious-stones-beads-healing-crystals-polishing-mixed-54x54.jpg 54w\" sizes=\"(max-width: 450px) 100vw, 450px\" \/><\/p>\n<h4>El papel de los grava semipreciosa:<\/h4>\n<ul>\n<li>Natural loose semi-precious stones are healing crystals that have been used since ancient times to improve physical, emotional, and spiritual health. These stones are formed in nature and have been used around the world for their healing properties.<\/li>\n<li>Piedras sueltas semipreciosos tiene una energ\u00eda \u00fanica y se cree que puede afectar positivamente diferentes \u00e1reas de la vida. For example, amethyst is associated with relaxation and mental clarity, while rose quartz is associated with love and emotional healing.<\/li>\n<li>Algunas personas llevan grava semipreciosa consigo, los colocan en su hogar o los usan durante la meditaci\u00f3n para obtener los beneficios curativos y tambi\u00e9n se pueden utilizar en terapias de sanaci\u00f3n para ayudar a equilibrar los chakras y reducir el estr\u00e9s.<\/li>\n<li>Adem\u00e1s de sus propiedades curativas, los cristales semi-preciosos naturales tambi\u00e9n se valoran por su belleza. Muchas personas los usan como adornos o para crear joyas hermosas. These crystals can be found in a variety of colors and shapes, making them unique and attractive.<\/li>\n<li>Algunos de los cristales semi-preciosos naturales m\u00e1s populares incluyen el cuarzo rosa, la amatista, el ojo de tigre, la turmalina negra y la citrina. Cada uno tiene propiedades \u00fanicas y se puede utilizar para diferentes fines.<\/li>\n<li>En resumen, los cristales semi-preciosos naturales son piedras preciosas que se han utilizado durante siglos por sus propiedades curativas y su belleza. These crystals can be used to improve physical, emotional, and spiritual health, as well as create beautiful and unique jewelry.<\/li>\n<\/ul>\n<p>&nbsp;<\/p>\n","protected":false},"excerpt":{"rendered":"<ul>\n<li><strong><span class=\"\" data-slate-node=\"text\"><span class=\"11\" data-slate-leaf=\"true\">The weight of each piece is about 490~510g<\/span><\/span><\/strong><\/li>\n<li data-slate-node=\"element\"><strong><span class=\"\" data-slate-node=\"text\"><span class=\"21\" data-slate-leaf=\"true\">Number of small stones: about 68~72pcs<\/span><\/span><\/strong><\/li>\n<li data-slate-node=\"element\" data-slate-fragment=\"JTVCJTdCJTIydHlwZSUyMiUzQSUyMnBhcmFncmFwaCUyMiUyQyUyMmNoaWxkcmVuJTIyJTNBJTVCJTdCJTIydGV4dCUyMiUzQSUyMlBhcXVldGUlMjBkZSUyMG1lemNsYSUyMGFsZWF0b3JpYSUyMiUyQyUyMnNlbnRlbmNlJTIyJTNBMCUyQyUyMmNoaWxkU2VudGVuY2UlMjIlM0EwJTdEJTVEJTdEJTJDJTdCJTIydHlwZSUyMiUzQSUyMnBhcmFncmFwaCUyMiUyQyUyMmNoaWxkcmVuJTIyJTNBJTVCJTdCJTIydGV4dCUyMiUzQSUyMkVsJTIwcGVzbyUyMGRlJTIwY2FkYSUyMHBpZXphJTIwZXMlMjBkZSUyMHVub3MlMjA0OTB+NTEwZyUyMiUyQyUyMnNlbnRlbmNlJTIyJTNBMSUyQyUyMmNoaWxkU2VudGVuY2UlMjIlM0ExJTdEJTVEJTdEJTJDJTdCJTIydHlwZSUyMiUzQSUyMnBhcmFncmFwaCUyMiUyQyUyMmNoaWxkcmVuJTIyJTNBJTVCJTdCJTIydGV4dCUyMiUzQSUyMk4lQzMlQkFtZXJvJTIwZGUlMjBwaWVkcmFzJTIwcGVxdWUlQzMlQjFhcyUzQSUyMHVuYXMlMjA2OCUyMH4lMjA3MiUyMHVuaWRzJTIyJTJDJTIyc2VudGVuY2UlMjIlM0EyJTJDJTIyY2hpbGRTZW50ZW5jZSUyMiUzQTElN0QlNUQlN0QlMkMlN0IlMjJ0eXBlJTIyJTNBJTIycGFyYWdyYXBoJTIyJTJDJTIyY2hpbGRyZW4lMjIlM0ElNUIlN0IlMjJ0ZXh0JTIyJTNBJTIyTiVDMyVCQW1lcm8lMjBkZSUyMHBpZWRyYXMlMjBncmFuZGVzJTNBJTIwdW5hcyUyMDMwfjM1JTIwdW5pZHMlMjIlMkMlMjJzZW50ZW5jZSUyMiUzQTMlMkMlMjJjaGlsZFNlbnRlbmNlJTIyJTNBMSU3RCU1RCU3RCU1RA==\"><strong><span class=\"\" data-slate-node=\"text\"><span class=\"31\" data-slate-leaf=\"true\">Number of large stones: about 30~35pcs<\/span><\/span><\/strong><\/li>\n<\/ul>\n","protected":false},"featured_media":11891,"comment_status":"open","ping_status":"closed","template":"","meta":[],"product_cat":[1486,1488,1487],"product_tag":[],"yoast_head":"<!-- This site is optimized with the Yoast SEO Premium plugin v20.5 (Yoast SEO v21.5) - https:\/\/yoast.com\/wordpress\/plugins\/seo\/ -->\n<title>- Artestar Piedras sueltas semipreciosos<\/title>\n<meta name=\"description\" content=\"\ud83d\uded2Venta al por mayor piedras semipreciosas sueltas naturales, Cristales curativos de grava semipreciosa, Piedras sueltas, \ud83d\ude9aEntrega directa de f\u00e1brica\" \/>\n<meta name=\"robots\" content=\"index, follow, max-snippet:-1, max-image-preview:large, max-video-preview:-1\" \/>\n<link rel=\"canonical\" href=\"https:\/\/www.artestar.eu\/en\/wholesale\/piedras-sueltas-semipreciosos\/\" \/>\n<meta property=\"og:locale\" content=\"en_US\" \/>\n<meta property=\"og:type\" content=\"article\" \/>\n<meta property=\"og:title\" content=\"Piedras sueltas grandes 500g\" \/>\n<meta property=\"og:description\" content=\"\ud83d\uded2Venta al por mayor piedras semipreciosas sueltas naturales, Cristales curativos de grava semipreciosa, Piedras sueltas, \ud83d\ude9aEntrega directa de f\u00e1brica\" \/>\n<meta property=\"og:url\" content=\"https:\/\/www.artestar.eu\/en\/wholesale\/piedras-sueltas-semipreciosos\/\" \/>\n<meta property=\"og:site_name\" content=\"Artestar\" \/>\n<meta property=\"article:publisher\" content=\"https:\/\/www.facebook.com\/ARTESTAREU\" \/>\n<meta property=\"article:modified_time\" content=\"2023-10-26T06:20:16+00:00\" \/>\n<meta property=\"og:image\" content=\"https:\/\/www.artestar.eu\/wp-content\/uploads\/2023\/05\/semi-precious-stones-beads-healing-crystals-polishing-mixed-irregular-01.jpg\" \/>\n\t<meta property=\"og:image:width\" content=\"600\" \/>\n\t<meta property=\"og:image:height\" content=\"600\" \/>\n\t<meta property=\"og:image:type\" content=\"image\/jpeg\" \/>\n<meta name=\"twitter:card\" content=\"summary_large_image\" \/>\n<meta name=\"twitter:label1\" content=\"Price\" \/>\n\t<meta name=\"twitter:data1\" content=\"11,44&nbsp;&euro; (VAT NOT included)\" \/>\n\t<meta name=\"twitter:label2\" content=\"Availability\" \/>\n\t<meta name=\"twitter:data2\" content=\"In stock\" \/>\n<script type=\"application\/ld+json\" class=\"yoast-schema-graph\">{\"@context\":\"https:\/\/schema.org\",\"@graph\":[{\"@type\":\"WebPage\",\"@id\":\"https:\/\/www.artestar.eu\/en\/wholesale\/piedras-sueltas-semipreciosos\/\",\"url\":\"https:\/\/www.artestar.eu\/en\/wholesale\/piedras-sueltas-semipreciosos\/\",\"name\":\"- Artestar Piedras sueltas semipreciosos\",\"isPartOf\":{\"@id\":\"https:\/\/www.artestar.eu\/en\/#website\"},\"datePublished\":\"2023-05-26T02:51:16+00:00\",\"dateModified\":\"2023-10-26T06:20:16+00:00\",\"description\":\"\ud83d\uded2Venta al por mayor piedras semipreciosas sueltas naturales, Cristales curativos de grava semipreciosa, Piedras sueltas, \ud83d\ude9aEntrega directa de f\u00e1brica\",\"breadcrumb\":{\"@id\":\"https:\/\/www.artestar.eu\/en\/wholesale\/piedras-sueltas-semipreciosos\/#breadcrumb\"},\"inLanguage\":\"en-US\",\"potentialAction\":[{\"@type\":\"ReadAction\",\"target\":[\"https:\/\/www.artestar.eu\/en\/wholesale\/piedras-sueltas-semipreciosos\/\"]}]},{\"@type\":\"BreadcrumbList\",\"@id\":\"https:\/\/www.artestar.eu\/en\/wholesale\/piedras-sueltas-semipreciosos\/#breadcrumb\",\"itemListElement\":[{\"@type\":\"ListItem\",\"position\":1,\"name\":\"Artestar\",\"item\":\"https:\/\/www.artestar.eu\/en\/\"},{\"@type\":\"ListItem\",\"position\":2,\"name\":\"Al-wholesale\",\"item\":\"https:\/\/www.artestar.eu\/en\/wholesale\/\"},{\"@type\":\"ListItem\",\"position\":3,\"name\":\"Piedras sueltas grandes 500g\"}]},{\"@type\":\"WebSite\",\"@id\":\"https:\/\/www.artestar.eu\/en\/#website\",\"url\":\"https:\/\/www.artestar.eu\/en\/\",\"name\":\"Artestar\",\"description\":\"Mayorista en abalorios y joyer\u00eda\",\"publisher\":{\"@id\":\"https:\/\/www.artestar.eu\/en\/#organization\"},\"alternateName\":\"Artestar-EU\",\"potentialAction\":[{\"@type\":\"SearchAction\",\"target\":{\"@type\":\"EntryPoint\",\"urlTemplate\":\"https:\/\/www.artestar.eu\/en\/?s={search_term_string}\"},\"query-input\":\"required name=search_term_string\"}],\"inLanguage\":\"en-US\"},{\"@type\":[\"Organization\",\"Place\"],\"@id\":\"https:\/\/www.artestar.eu\/en\/#organization\",\"name\":\"RUBY ABALORIO S.L.\",\"alternateName\":\"Artestar\",\"url\":\"https:\/\/www.artestar.eu\/en\/\",\"logo\":{\"@id\":\"https:\/\/www.artestar.eu\/en\/wholesale\/piedras-sueltas-semipreciosos\/#local-main-organization-logo\"},\"image\":{\"@id\":\"https:\/\/www.artestar.eu\/en\/wholesale\/piedras-sueltas-semipreciosos\/#local-main-organization-logo\"},\"sameAs\":[\"https:\/\/www.facebook.com\/ARTESTAREU\",\"https:\/\/www.instagram.com\/artestareu\/\",\"https:\/\/www.pinterest.es\/artestar_eu\/\",\"https:\/\/www.tiktok.com\/@artestar_wholesale\"],\"openingHoursSpecification\":[{\"@type\":\"OpeningHoursSpecification\",\"dayOfWeek\":[\"Monday\",\"Tuesday\",\"Wednesday\",\"Thursday\",\"Friday\",\"Saturday\",\"Sunday\"],\"opens\":\"09:00\",\"closes\":\"17:00\"}]},{\"@type\":\"ImageObject\",\"inLanguage\":\"en-US\",\"@id\":\"https:\/\/www.artestar.eu\/en\/wholesale\/piedras-sueltas-semipreciosos\/#local-main-organization-logo\",\"url\":\"https:\/\/www.artestar.eu\/wp-content\/uploads\/2023\/05\/cropped-png.png\",\"contentUrl\":\"https:\/\/www.artestar.eu\/wp-content\/uploads\/2023\/05\/cropped-png.png\",\"width\":512,\"height\":512,\"caption\":\"RUBY ABALORIO S.L.\"}]}<\/script>\n<meta property=\"product:price:amount\" content=\"11.44\" \/>\n<meta property=\"product:price:currency\" content=\"EUR\" \/>\n<meta property=\"og:availability\" content=\"instock\" \/>\n<meta property=\"product:availability\" content=\"instock\" \/>\n<meta property=\"product:retailer_item_id\" content=\"BS-ZY-0001-0061\" \/>\n<meta property=\"product:condition\" content=\"new\" \/>\n<!-- \/ Yoast SEO Premium plugin. -->","yoast_head_json":{"title":"- Artestar Piedras sueltas semipreciosos","description":"\ud83d\uded2Venta al por mayor piedras semipreciosas sueltas naturales, Cristales curativos de grava semipreciosa, Piedras sueltas, \ud83d\ude9aEntrega directa de f\u00e1brica","robots":{"index":"index","follow":"follow","max-snippet":"max-snippet:-1","max-image-preview":"max-image-preview:large","max-video-preview":"max-video-preview:-1"},"canonical":"https:\/\/www.artestar.eu\/en\/wholesale\/piedras-sueltas-semipreciosos\/","og_locale":"en_US","og_type":"article","og_title":"Piedras sueltas grandes 500g","og_description":"\ud83d\uded2Venta al por mayor piedras semipreciosas sueltas naturales, Cristales curativos de grava semipreciosa, Piedras sueltas, \ud83d\ude9aEntrega directa de f\u00e1brica","og_url":"https:\/\/www.artestar.eu\/en\/wholesale\/piedras-sueltas-semipreciosos\/","og_site_name":"Artestar","article_publisher":"https:\/\/www.facebook.com\/ARTESTAREU","article_modified_time":"2023-10-26T06:20:16+00:00","og_image":[{"width":600,"height":600,"url":"https:\/\/www.artestar.eu\/wp-content\/uploads\/2023\/05\/semi-precious-stones-beads-healing-crystals-polishing-mixed-irregular-01.jpg","type":"image\/jpeg"}],"twitter_card":"summary_large_image","twitter_misc":{"Price":"11,44&nbsp;&euro; (VAT NOT included)","Availability":"In stock"},"schema":{"@context":"https:\/\/schema.org","@graph":[{"@type":"WebPage","@id":"https:\/\/www.artestar.eu\/en\/wholesale\/piedras-sueltas-semipreciosos\/","url":"https:\/\/www.artestar.eu\/en\/wholesale\/piedras-sueltas-semipreciosos\/","name":"- Artestar Piedras sueltas semipreciosos","isPartOf":{"@id":"https:\/\/www.artestar.eu\/en\/#website"},"datePublished":"2023-05-26T02:51:16+00:00","dateModified":"2023-10-26T06:20:16+00:00","description":"\ud83d\uded2Venta al por mayor piedras semipreciosas sueltas naturales, Cristales curativos de grava semipreciosa, Piedras sueltas, \ud83d\ude9aEntrega directa de f\u00e1brica","breadcrumb":{"@id":"https:\/\/www.artestar.eu\/en\/wholesale\/piedras-sueltas-semipreciosos\/#breadcrumb"},"inLanguage":"en-US","potentialAction":[{"@type":"ReadAction","target":["https:\/\/www.artestar.eu\/en\/wholesale\/piedras-sueltas-semipreciosos\/"]}]},{"@type":"BreadcrumbList","@id":"https:\/\/www.artestar.eu\/en\/wholesale\/piedras-sueltas-semipreciosos\/#breadcrumb","itemListElement":[{"@type":"ListItem","position":1,"name":"Artestar","item":"https:\/\/www.artestar.eu\/en\/"},{"@type":"ListItem","position":2,"name":"Al-wholesale","item":"https:\/\/www.artestar.eu\/en\/wholesale\/"},{"@type":"ListItem","position":3,"name":"Piedras sueltas grandes 500g"}]},{"@type":"WebSite","@id":"https:\/\/www.artestar.eu\/en\/#website","url":"https:\/\/www.artestar.eu\/en\/","name":"Artestar","description":"Mayorista en abalorios y joyer\u00eda","publisher":{"@id":"https:\/\/www.artestar.eu\/en\/#organization"},"alternateName":"Artestar-EU","potentialAction":[{"@type":"SearchAction","target":{"@type":"EntryPoint","urlTemplate":"https:\/\/www.artestar.eu\/en\/?s={search_term_string}"},"query-input":"required name=search_term_string"}],"inLanguage":"en-US"},{"@type":["Organization","Place"],"@id":"https:\/\/www.artestar.eu\/en\/#organization","name":"RUBY ABALORIO S.L.","alternateName":"Artestar","url":"https:\/\/www.artestar.eu\/en\/","logo":{"@id":"https:\/\/www.artestar.eu\/en\/wholesale\/piedras-sueltas-semipreciosos\/#local-main-organization-logo"},"image":{"@id":"https:\/\/www.artestar.eu\/en\/wholesale\/piedras-sueltas-semipreciosos\/#local-main-organization-logo"},"sameAs":["https:\/\/www.facebook.com\/ARTESTAREU","https:\/\/www.instagram.com\/artestareu\/","https:\/\/www.pinterest.es\/artestar_eu\/","https:\/\/www.tiktok.com\/@artestar_wholesale"],"openingHoursSpecification":[{"@type":"OpeningHoursSpecification","dayOfWeek":["Monday","Tuesday","Wednesday","Thursday","Friday","Saturday","Sunday"],"opens":"09:00","closes":"17:00"}]},{"@type":"ImageObject","inLanguage":"en-US","@id":"https:\/\/www.artestar.eu\/en\/wholesale\/piedras-sueltas-semipreciosos\/#local-main-organization-logo","url":"https:\/\/www.artestar.eu\/wp-content\/uploads\/2023\/05\/cropped-png.png","contentUrl":"https:\/\/www.artestar.eu\/wp-content\/uploads\/2023\/05\/cropped-png.png","width":512,"height":512,"caption":"RUBY ABALORIO S.L."}]},"product_price_amount":"11.44","product_price_currency":"EUR","og_availability":"instock","product_availability":"instock","product_retailer_item_id":"BS-ZY-0001-0061","product_condition":"new"},"tiered_pricing_type":"percentage","tiered_pricing_fixed_rules":[],"tiered_pricing_percentage_rules":[],"tiered_pricing_minimum":null,"_administrator_tiered_pricing_type":"fixed","_administrator_tiered_pricing_fixed_rules":[],"_editor_tiered_pricing_type":"fixed","_editor_tiered_pricing_fixed_rules":[],"_author_tiered_pricing_type":"fixed","_author_tiered_pricing_fixed_rules":[],"_contributor_tiered_pricing_type":"fixed","_contributor_tiered_pricing_fixed_rules":[],"_subscriber_tiered_pricing_type":"fixed","_subscriber_tiered_pricing_fixed_rules":[],"_wpseo_manager_tiered_pricing_type":"fixed","_wpseo_manager_tiered_pricing_fixed_rules":[],"_wpseo_editor_tiered_pricing_type":"fixed","_wpseo_editor_tiered_pricing_fixed_rules":[],"_customer_tiered_pricing_type":"fixed","_customer_tiered_pricing_fixed_rules":[],"_shop_manager_tiered_pricing_type":"fixed","_shop_manager_tiered_pricing_fixed_rules":[],"_product_manager_tiered_pricing_type":"fixed","_product_manager_tiered_pricing_fixed_rules":[],"_links":{"self":[{"href":"https:\/\/www.artestar.eu\/en\/wp-json\/wp\/v2\/product\/25387"}],"collection":[{"href":"https:\/\/www.artestar.eu\/en\/wp-json\/wp\/v2\/product"}],"about":[{"href":"https:\/\/www.artestar.eu\/en\/wp-json\/wp\/v2\/types\/product"}],"replies":[{"embeddable":true,"href":"https:\/\/www.artestar.eu\/en\/wp-json\/wp\/v2\/comments?post=25387"}],"version-history":[{"count":2,"href":"https:\/\/www.artestar.eu\/en\/wp-json\/wp\/v2\/product\/25387\/revisions"}],"predecessor-version":[{"id":37291,"href":"https:\/\/www.artestar.eu\/en\/wp-json\/wp\/v2\/product\/25387\/revisions\/37291"}],"wp:featuredmedia":[{"embeddable":true,"href":"https:\/\/www.artestar.eu\/en\/wp-json\/wp\/v2\/media\/11891"}],"wp:attachment":[{"href":"https:\/\/www.artestar.eu\/en\/wp-json\/wp\/v2\/media?parent=25387"}],"wp:term":[{"taxonomy":"product_cat","embeddable":true,"href":"https:\/\/www.artestar.eu\/en\/wp-json\/wp\/v2\/product_cat?post=25387"},{"taxonomy":"product_tag","embeddable":true,"href":"https:\/\/www.artestar.eu\/en\/wp-json\/wp\/v2\/product_tag?post=25387"}],"curies":[{"name":"wp","href":"https:\/\/api.w.org\/{rel}","templated":true}]}}